{"id":5281,"date":"2025-06-26T09:51:17","date_gmt":"2025-06-26T09:51:17","guid":{"rendered":"https:\/\/isopllc.com\/es\/?post_type=product&#038;p=5281"},"modified":"2025-07-03T08:41:41","modified_gmt":"2025-07-03T08:41:41","slug":"armario-de-aluminio-para-escalera-de-incendios-de-3-plantas","status":"publish","type":"product","link":"https:\/\/isopllc.com\/es\/product\/armario-de-aluminio-para-escalera-de-incendios-de-3-plantas\/","title":{"rendered":"Armario de Aluminio Para Escalera de Incendios de 3 Plantas"},"content":{"rendered":"<h3 data-start=\"69\" data-end=\"323\">Armario de Aluminio Para Escalera de Incendios | Caja de Acceso Universal Para Escaleras de Emergencia de 3 Plantas | Para Uso Interior y Exterior | Accesorios de Montaje Incluidos | Almacenamiento Mural Para Escaleras de Emergencia | 38 x 28 x 13 cm<\/h3>\n<p>Aseg\u00farese de que su hogar, apartamento, escuela o lugar de trabajo est\u00e9 preparado para una evacuaci\u00f3n de emergencia con este <strong data-start=\"190\" data-end=\"241\">armario de aluminio para escalera de evacuaci\u00f3n<\/strong> \u2014 una caja de acceso universal robusta, elegante y dise\u00f1ada espec\u00edficamente para entornos interiores y exteriores. Este armario de almacenamiento montado en la pared proporciona un acceso crucial a las escaleras de evacuaci\u00f3n en caso de incendios u otras situaciones de alto riesgo donde una evacuaci\u00f3n r\u00e1pida es esencial.<\/p>\n<p><img loading=\"lazy\" decoding=\"async\" class=\"alignnone wp-image-5288\" src=\"https:\/\/isopllc.com\/es\/wp-content\/uploads\/sites\/7\/2025\/06\/fire-rescue-cabinet-1.jpg\" alt=\"\" width=\"246\" height=\"246\" title=\"\" srcset=\"https:\/\/isopllc.com\/es\/wp-content\/uploads\/sites\/7\/2025\/06\/fire-rescue-cabinet-1.jpg 900w, https:\/\/isopllc.com\/es\/wp-content\/uploads\/sites\/7\/2025\/06\/fire-rescue-cabinet-1-150x150.jpg 150w, https:\/\/isopllc.com\/es\/wp-content\/uploads\/sites\/7\/2025\/06\/fire-rescue-cabinet-1-768x768.jpg 768w, https:\/\/isopllc.com\/es\/wp-content\/uploads\/sites\/7\/2025\/06\/fire-rescue-cabinet-1-416x416.jpg 416w, https:\/\/isopllc.com\/es\/wp-content\/uploads\/sites\/7\/2025\/06\/fire-rescue-cabinet-1-100x100.jpg 100w\" sizes=\"auto, (max-width: 246px) 100vw, 246px\" \/><\/p>\n<h3 data-start=\"65\" data-end=\"150\">Construcci\u00f3n en aluminio de alta calidad para una durabilidad interior y exterior<\/h3>\n<p>Fabricado en aluminio anodizado de alta resistencia, este armario est\u00e1 dise\u00f1ado para ofrecer durabilidad, resistencia a la corrosi\u00f3n y una larga vida \u00fatil. A diferencia de las alternativas de pl\u00e1stico o las cajas de acero de baja calidad, esta unidad es resistente a la intemperie y adecuada para su exposici\u00f3n en instalaciones exteriores \u2014 ideal para balcones, salidas de emergencia o terrazas. En interiores, se integra discretamente en paredes, cuartos de servicio o huecos de escalera, manteniendo la coherencia est\u00e9tica con los interiores modernos y garantizando la m\u00e1xima preparaci\u00f3n ante incendios.<\/p>\n<ul>\n<li data-start=\"152\" data-end=\"757\">Dise\u00f1o compacto<\/li>\n<li data-start=\"152\" data-end=\"757\">Construcci\u00f3n en hierro de alta resistencia<\/li>\n<li data-start=\"152\" data-end=\"757\">Cristal acr\u00edlico (m\u00e1s seguro que el vidrio est\u00e1ndar en situaciones de emergencia)<\/li>\n<li data-start=\"152\" data-end=\"757\">F\u00e1cil de montar en la pared<\/li>\n<li data-start=\"152\" data-end=\"757\">F\u00e1cil de localizar cuando se necesita<img loading=\"lazy\" decoding=\"async\" class=\"alignnone wp-image-5293\" src=\"https:\/\/isopllc.com\/es\/wp-content\/uploads\/sites\/7\/2025\/06\/fir-escape-box-1-scaled.jpg\" alt=\"\" width=\"283\" height=\"283\" title=\"\" srcset=\"https:\/\/isopllc.com\/es\/wp-content\/uploads\/sites\/7\/2025\/06\/fir-escape-box-1-scaled.jpg 2560w, https:\/\/isopllc.com\/es\/wp-content\/uploads\/sites\/7\/2025\/06\/fir-escape-box-1-150x150.jpg 150w, https:\/\/isopllc.com\/es\/wp-content\/uploads\/sites\/7\/2025\/06\/fir-escape-box-1-768x768.jpg 768w, https:\/\/isopllc.com\/es\/wp-content\/uploads\/sites\/7\/2025\/06\/fir-escape-box-1-1536x1536.jpg 1536w, https:\/\/isopllc.com\/es\/wp-content\/uploads\/sites\/7\/2025\/06\/fir-escape-box-1-2048x2048.jpg 2048w, https:\/\/isopllc.com\/es\/wp-content\/uploads\/sites\/7\/2025\/06\/fir-escape-box-1-1000x1000.jpg 1000w, https:\/\/isopllc.com\/es\/wp-content\/uploads\/sites\/7\/2025\/06\/fir-escape-box-1-416x416.jpg 416w, https:\/\/isopllc.com\/es\/wp-content\/uploads\/sites\/7\/2025\/06\/fir-escape-box-1-100x100.jpg 100w\" sizes=\"auto, (max-width: 283px) 100vw, 283px\" \/>El armario de hierro para extintor de incendios mantiene su extintor o su escalera de evacuaci\u00f3n f\u00e1cilmente accesible en caso de emergencia.Gracias a su tama\u00f1o compacto (38 x 28 x 13 cm, 1 mm de grosor) y a su construcci\u00f3n resistente, este armario es ideal para apartamentos, pisos y peque\u00f1os negocios, y ofrece un lugar seguro y protegido para el almacenamiento a largo plazo.<img loading=\"lazy\" decoding=\"async\" class=\"alignnone wp-image-5300\" src=\"https:\/\/isopllc.com\/es\/wp-content\/uploads\/sites\/7\/2025\/06\/Aluminium-storage-for-fire-rescue-stuff-1.jpg\" alt=\"\" width=\"232\" height=\"232\" title=\"\" srcset=\"https:\/\/isopllc.com\/es\/wp-content\/uploads\/sites\/7\/2025\/06\/Aluminium-storage-for-fire-rescue-stuff-1.jpg 900w, https:\/\/isopllc.com\/es\/wp-content\/uploads\/sites\/7\/2025\/06\/Aluminium-storage-for-fire-rescue-stuff-1-150x150.jpg 150w, https:\/\/isopllc.com\/es\/wp-content\/uploads\/sites\/7\/2025\/06\/Aluminium-storage-for-fire-rescue-stuff-1-768x768.jpg 768w, https:\/\/isopllc.com\/es\/wp-content\/uploads\/sites\/7\/2025\/06\/Aluminium-storage-for-fire-rescue-stuff-1-416x416.jpg 416w, https:\/\/isopllc.com\/es\/wp-content\/uploads\/sites\/7\/2025\/06\/Aluminium-storage-for-fire-rescue-stuff-1-100x100.jpg 100w\" sizes=\"auto, (max-width: 232px) 100vw, 232px\" \/>\u00f3n de Equipos Contra IncendioEn caso de un incendio repentino en el hogar o en el trabajo, proporciona un lugar designado para su extintor o escalera, manteni\u00e9ndolos cerca y listos para cuando m\u00e1s se necesiten.<br \/>\n<h5><img loading=\"lazy\" decoding=\"async\" class=\"alignnone wp-image-5309\" src=\"https:\/\/isopllc.com\/es\/wp-content\/uploads\/sites\/7\/2025\/06\/Fire-ladder-1.png\" alt=\"\" width=\"327\" height=\"220\" title=\"\" srcset=\"https:\/\/isopllc.com\/es\/wp-content\/uploads\/sites\/7\/2025\/06\/Fire-ladder-1.png 1462w, https:\/\/isopllc.com\/es\/wp-content\/uploads\/sites\/7\/2025\/06\/Fire-ladder-1-768x515.png 768w, https:\/\/isopllc.com\/es\/wp-content\/uploads\/sites\/7\/2025\/06\/Fire-ladder-1-1000x671.png 1000w, https:\/\/isopllc.com\/es\/wp-content\/uploads\/sites\/7\/2025\/06\/Fire-ladder-1-416x279.png 416w\" sizes=\"auto, (max-width: 327px) 100vw, 327px\" \/><\/h5>\n<\/li>\n<\/ul>\n<h3 data-start=\"74\" data-end=\"118\">Anclaje profesional para cuerda superior<\/h3>\n<p data-start=\"120\" data-end=\"337\">Juego de pernos de anclaje para escalada que incluye 2 placas de anclaje y 2 pernos de expansi\u00f3n, con sus respectivas tuercas y arandelas planas. Las placas de anclaje est\u00e1n dise\u00f1adas como punto de anclaje permanente.<\/p>\n<p data-start=\"339\" data-end=\"571\">El conjunto permite fijar la caja a una pared. No solo sujeta la caja de forma segura, sino que tambi\u00e9n incorpora ojales dise\u00f1ados para dos mosquetones, lo que permite enganchar una escalera de cuerda para descender por una ventana.<\/p>\n<h3 data-start=\"64\" data-end=\"100\">Vers\u00e1til para m\u00faltiples entornos<\/h3>\n<p data-start=\"102\" data-end=\"113\">Ideal para:<\/p>\n<ul data-start=\"115\" data-end=\"394\">\n<li data-start=\"115\" data-end=\"144\">\n<p data-start=\"117\" data-end=\"144\">Viviendas de varios pisos<\/p>\n<\/li>\n<li data-start=\"145\" data-end=\"188\">\n<p data-start=\"147\" data-end=\"188\">Apartamentos y edificios de gran altura<\/p>\n<\/li>\n<li data-start=\"189\" data-end=\"218\">\n<p data-start=\"191\" data-end=\"218\">Residencias estudiantiles<\/p>\n<\/li>\n<li data-start=\"219\" data-end=\"255\">\n<p data-start=\"221\" data-end=\"255\">Guarder\u00edas y escuelas infantiles<\/p>\n<\/li>\n<li data-start=\"256\" data-end=\"311\">\n<p data-start=\"258\" data-end=\"311\">Hospitales y centros de atenci\u00f3n a personas mayores<\/p>\n<\/li>\n<li data-start=\"312\" data-end=\"356\">\n<p data-start=\"314\" data-end=\"356\">Hoteles, albergues y alojamientos Airbnb<\/p>\n<\/li>\n<li data-start=\"357\" data-end=\"394\">\n<p data-start=\"359\" data-end=\"394\">Edificios de oficinas comerciales<\/p>\n<\/li>\n<li data-start=\"357\" data-end=\"394\">Almacenes con entreplantas<\/li>\n<\/ul>\n<article class=\"text-token-text-primary w-full\" dir=\"auto\" data-testid=\"conversation-turn-68\" data-scroll-anchor=\"true\">\n<div class=\"text-base my-auto mx-auto py-5 [--thread-content-margin:--spacing(4)] @[37rem]:[--thread-content-margin:--spacing(6)] @[72rem]:[--thread-content-margin:--spacing(16)] px-(--thread-content-margin)\">\n<div class=\"[--thread-content-max-width:32rem] @[34rem]:[--thread-content-max-width:40rem] @[64rem]:[--thread-content-max-width:48rem] mx-auto flex max-w-(--thread-content-max-width) flex-1 text-base gap-4 md:gap-5 lg:gap-6 group\/turn-messages focus-visible:outline-hidden\">\n<div class=\"group\/conversation-turn relative flex w-full min-w-0 flex-col agent-turn\">\n<div class=\"relative flex-col gap-1 md:gap-3\">\n<div class=\"flex max-w-full flex-col grow\">\n<div class=\"min-h-8 text-message relative flex w-full flex-col items-end gap-2 text-start break-words whitespace-normal [.text-message+&amp;]:mt-5\" dir=\"auto\" data-message-author-role=\"assistant\" data-message-id=\"a442ea03-612e-41dc-8310-6ff0d2674227\" data-message-model-slug=\"gpt-4o\">\n<div class=\"flex w-full flex-col gap-1 empty:hidden first:pt-[3px]\">\n<div class=\"markdown prose dark:prose-invert w-full break-words light\">\n<p data-start=\"69\" data-end=\"236\">Dondequiera que las personas duerman, trabajen o se re\u00fanan por encima del nivel del suelo, este armario ofrece una soluci\u00f3n de seguridad discreta pero de alto impacto.<\/p>\n<h3 data-start=\"238\" data-end=\"331\">\u00bfPor qu\u00e9 creemos que es mejor comprar una caja de acceso para una escalera de emergencia?<\/h3>\n<p data-start=\"333\" data-end=\"353\">\u00a1Por varias razones!<\/p>\n<ol data-start=\"355\" data-end=\"1387\">\n<li data-start=\"355\" data-end=\"667\">\n<p data-start=\"358\" data-end=\"667\">Al fijar la caja a la pared (debajo de la ventana o en el balc\u00f3n) con anclajes, se puede sujetar la escalera inmediatamente a los puntos de anclaje. En caso de emergencia, basta con lanzar la escalera por la ventana y comenzar a descender de inmediato, sin perder valiosos segundos buscando d\u00f3nde engancharla.<\/p>\n<\/li>\n<li data-start=\"669\" data-end=\"948\">\n<p data-start=\"672\" data-end=\"948\">La caja se puede instalar tanto en el interior como en el exterior de la vivienda. En el exterior, la ventaja es que no ocupa espacio dentro de casa y no afecta al dise\u00f1o de la habitaci\u00f3n, pero sigue siendo f\u00e1cilmente accesible si se coloca junto a una ventana o en un balc\u00f3n.<\/p>\n<\/li>\n<li data-start=\"950\" data-end=\"1140\">\n<p data-start=\"953\" data-end=\"1140\">Tambi\u00e9n es conveniente instalarla en el interior, ya que siempre est\u00e1 a mano y este equipo vital de salvamento permanece a la vista, evitando perder tiempo busc\u00e1ndolo en caso de incendio.<\/p>\n<\/li>\n<li data-start=\"1142\" data-end=\"1387\">\n<p data-start=\"1145\" data-end=\"1387\">En nuestra opini\u00f3n, es mucho m\u00e1s seguro fijar las escaleras a los anclajes de escalada dentro de la caja, ya que soportan hasta 25 kN, en lugar de fijarlas a cualquier elemento de la casa, como el marco de una ventana o las barras del balc\u00f3n.<\/p>\n<\/li>\n<\/ol>\n<p data-start=\"1389\" data-end=\"1452\">Disponible tambi\u00e9n en otro tama\u00f1o: Caja de <a href=\"https:\/\/isopllc.com\/es\/product\/caja-de-acceso-universal-para-escalera-de-seguridad\/\">acceso universal.<\/a><\/p>\n<\/div>\n<\/div>\n<\/div>\n<\/div>\n<\/div>\n<\/div>\n<\/div>\n<\/div>\n<\/article>\n","protected":false},"excerpt":{"rendered":"[embed]https:\/\/youtu.be\/G6bQ3nSFJFI?si=DFdlqGx-YFmJ8hrs[\/embed]\n<p style=\"text-align: center\" data-start=\"64\" data-end=\"319\">Armario de aluminio para escalera de incendios | Caja de acceso universal para escalera de incendios de 3 plantas | Uso interior \/ exterior | Accesorios de montaje incluidos | Caja mural de almacenamiento para escaleras de emergencia | 42 x 34 x 15 cm<\/p>\n<p style=\"text-align: center\" data-start=\"321\" data-end=\"355\">ENTREGA GRATUITA EN 3 A 7 D\u00cdAS<\/p>\n<p style=\"text-align: center\" data-start=\"357\" data-end=\"374\">\u00a1C\u00d3MPRALO EN!<\/p>\n<p data-start=\"357\" data-end=\"374\"><a href=\"https:\/\/www.amazon.es\/Aluminio-Escalera-Incendios-Universal-Accesorios\/dp\/B0DGQH5PZ2\/ref=sr_1_1?crid=1H5UD5XHWGA5O&amp;dib=eyJ2IjoiMSJ9.Ce7cFwH7uEI8-ATISVLlsQ.HcMe72o2t7ruKW4Altl2u-WuAH3Egf9bF-I1HCVx19I&amp;dib_tag=se&amp;keywords=Armario+de+Aluminio+para+Escalera+de+Incendios&amp;qid=1751448406&amp;sprefix=b0dgqh5pz2%2Caps%2C502&amp;sr=8-1&amp;ufe=app_do%3Aamzn1.fos.5e544547-1f8e-4072-8c08-ed563e39fc7d&amp;th=1\"><img loading=\"lazy\" decoding=\"async\" class=\"aligncenter wp-image-1040 size-full\" src=\"https:\/\/isopllc.com\/usa\/wp-content\/uploads\/sites\/4\/2020\/01\/amazon-button9.png\" alt=\"\" width=\"160\" height=\"59\" \/><\/a><\/p>\n","protected":false},"featured_media":5304,"comment_status":"open","ping_status":"closed","template":"","meta":[],"product_brand":[],"product_cat":[173,175],"product_tag":[],"class_list":{"0":"post-5281","1":"product","2":"type-product","3":"status-publish","4":"has-post-thumbnail","6":"product_cat-accesorios-para-escaleras-contra-incendios","7":"product_cat-caja-de-almacenamiento-para-escaleras-de-escape","9":"first","10":"instock","11":"shipping-taxable","12":"purchasable","13":"product-type-simple"},"_links":{"self":[{"href":"https:\/\/isopllc.com\/es\/wp-json\/wp\/v2\/product\/5281","targetHints":{"allow":["GET"]}}],"collection":[{"href":"https:\/\/isopllc.com\/es\/wp-json\/wp\/v2\/product"}],"about":[{"href":"https:\/\/isopllc.com\/es\/wp-json\/wp\/v2\/types\/product"}],"replies":[{"embeddable":true,"href":"https:\/\/isopllc.com\/es\/wp-json\/wp\/v2\/comments?post=5281"}],"wp:featuredmedia":[{"embeddable":true,"href":"https:\/\/isopllc.com\/es\/wp-json\/wp\/v2\/media\/5304"}],"wp:attachment":[{"href":"https:\/\/isopllc.com\/es\/wp-json\/wp\/v2\/media?parent=5281"}],"wp:term":[{"taxonomy":"product_brand","embeddable":true,"href":"https:\/\/isopllc.com\/es\/wp-json\/wp\/v2\/product_brand?post=5281"},{"taxonomy":"product_cat","embeddable":true,"href":"https:\/\/isopllc.com\/es\/wp-json\/wp\/v2\/product_cat?post=5281"},{"taxonomy":"product_tag","embeddable":true,"href":"https:\/\/isopllc.com\/es\/wp-json\/wp\/v2\/product_tag?post=5281"}],"curies":[{"name":"wp","href":"https:\/\/api.w.org\/{rel}","templated":true}]}}