{"id":1485,"date":"2020-02-06T03:02:39","date_gmt":"2020-02-06T03:02:39","guid":{"rendered":"https:\/\/rightfoodonly.com\/?post_type=product&#038;p=1485"},"modified":"2025-06-29T11:30:55","modified_gmt":"2025-06-29T11:30:55","slug":"echelle-de-corde-pour-cabane-dans-les-arbres","status":"publish","type":"product","link":"https:\/\/isopllc.com\/fr\/product\/echelle-de-corde-pour-cabane-dans-les-arbres\/","title":{"rendered":"Echelle de Corde pour Cabane dans les Arbres 5 m"},"content":{"rendered":"<h2 style=\"text-align: center;\">ISOP \u00c9chelle de Corde 5 m | \u00c9chelles int\u00e9rieures\/ext\u00e9rieures pour Maisons, cabanes dans Les Arbres, terrains de Jeux et Escalade | Accessoires de balan\u00e7oire avec Crochets pour Enfants et Adultes<\/h2>\n<h3><img loading=\"lazy\" decoding=\"async\" class=\"alignnone size-medium\" src=\"https:\/\/m.media-amazon.com\/images\/S\/aplus-media\/sc\/b8ed94ac-c904-409e-b504-aa88009b57f7.__CR0,0,970,300_PT0_SX970_V1___.jpg\" width=\"970\" height=\"300\" alt=\"\" title=\"\"><\/h3>\n<div class=\"celwidget aplus-module module-9\" style=\"text-align: center;\" data-csa-c-id=\"8qdekw-f2p4k0-r9icce-qoj6p0\" data-cel-widget=\"aplus-module-9\">\n<div class=\"a-expander-collapsed-height a-row a-expander-container a-expander-partial-collapse-container\" data-a-expander-name=\"aplus-module-expander\" data-a-expander-collapsed-height=\"700\">\n<div class=\"a-expander-content a-expander-partial-collapse-content\">\n<div class=\"aplus-module-wrapper\">\n<div class=\"apm-spacing apm-fixed-width\">\n<p>Une \u00e9chelle de corde est un moyen fantastique d&#8217;incorporer un nouvel \u00e9l\u00e9ment de plaisir dans l&#8217;espace de jeu de votre enfant. Une \u00e9chelle de corde pour cabane dans les arbres est l&#8217;un des moyens de le faire. Vous devez s\u00e9lectionner le meilleur pour l&#8217;espace ext\u00e9rieur ou la cabane dans les arbres et encourager votre enfant \u00e0 explorer son c\u00f4t\u00e9 aventureux pendant ses heures de jeu.<\/p>\n<p>Puisqu&#8217;ils sont exclusivement con\u00e7us pour garder \u00e0 l&#8217;esprit les pr\u00e9cautions de s\u00e9curit\u00e9 d&#8217;un enfant, il est s\u00fbr et fiable d&#8217;\u00eatre utilis\u00e9 \u00e0 tout moment. Pour une cabane dans les arbres, l&#8217;un des nombreux \u00e9l\u00e9ments importants est l&#8217;\u00e9chelle de corde. Ainsi, il est important de s&#8217;\u00e9quiper de plusieurs dispositifs de s\u00e9curit\u00e9. Chez ISOP, une \u00e9chelle de corde pour cabane dans les arbres est dot\u00e9e de caract\u00e9ristiques sp\u00e9ciales. Parlons-en :<\/p>\n<h3 class=\"a-spacing-small\">Pourquoi nous choisir?<\/h3>\n<div class=\"apm-sidemodule-imageleft\"><img decoding=\"async\" class=\"aligncenter\" src=\"https:\/\/m.media-amazon.com\/images\/S\/aplus-media-library-service-media\/3217fc67-3649-4fc5-8067-00f8bfd97d1b.__CR0,0,300,300_PT0_SX300_V1___.jpg\" alt=\"Pourquoi nous choisir?\" data-src=\"https:\/\/m.media-amazon.com\/images\/S\/aplus-media-library-service-media\/3217fc67-3649-4fc5-8067-00f8bfd97d1b.__CR0,0,300,300_PT0_SX300_V1___.jpg\" data- title=\"\"><\/div>\n<div class=\"apm-sidemodule-textright\">\n<h3>Cette \u00e9chelle d&#8217;\u00e9vacuation d&#8217;urgence est con\u00e7ue pour \u00eatre pratique et accessible.<\/h3>\n<p><span class=\"a-text-bold\">Technologie r\u00e9fl\u00e9chissante brevet\u00e9e.<\/span><\/p>\n<p>Une bande r\u00e9fl\u00e9chissante sp\u00e9ciale qui est tiss\u00e9e dans ces cordes en nylon les rend facilement visibles dans le faisceau lumineux de la lampe de poche afin que vous ne tr\u00e9buchiez pas dessus la nuit.<\/p>\n<\/div>\n<p><img decoding=\"async\" class=\"a-spacing-mini aligncenter\" style=\"font-weight: 600;\" src=\"https:\/\/m.media-amazon.com\/images\/S\/aplus-media\/sc\/1d1c9f11-8b81-43e1-b2d9-232d2a154745.__CR0,193,641,641_PT0_SX300_V1___.jpg\" alt=\"Sturdy\" data-src=\"https:\/\/m.media-amazon.com\/images\/S\/aplus-media\/sc\/1d1c9f11-8b81-43e1-b2d9-232d2a154745.__CR0,193,641,641_PT0_SX300_V1___.jpg\" data- title=\"\"><\/p>\n<h4 class=\"a-spacing-mini\">ULTRA puissant<\/h4>\n<p>il n&#8217;y a pas d&#8217;\u00e9chelles plus solides et plus fiables que les n\u00f4tres,\u00a0<span class=\"a-text-bold\">test\u00e9es (!)<\/span>\u00a0&#8211; portant 900 kg ou 10 personnes! M\u00eame les \u00e9chelles \u00e0 cha\u00eene ne peuvent pas se vanter de cette capacit\u00e9 de poids.<\/p>\n<p><img decoding=\"async\" class=\"a-spacing-mini aligncenter\" src=\"https:\/\/m.media-amazon.com\/images\/S\/aplus-media\/sc\/66906d66-df90-4038-8550-d72faf80c38f.__CR0,0,1200,1200_PT0_SX300_V1___.jpg\" alt=\"Multifunction\" data-src=\"https:\/\/m.media-amazon.com\/images\/S\/aplus-media\/sc\/66906d66-df90-4038-8550-d72faf80c38f.__CR0,0,1200,1200_PT0_SX300_V1___.jpg\" data- title=\"\"><\/p>\n<h4 class=\"a-spacing-mini\">Multifonction<\/h4>\n<p>peut \u00eatre utilis\u00e9 \u00e0 des fins diverses telles que terrain de jeux, balan\u00e7oires, cabane dans les arbres, grenier, jardin, toit, grenier, bunker, marine et m\u00eame \u00e0 des fins d\u00e9coratives, \u00e9galement comme \u00e9chelle de secours. Vari\u00e9t\u00e9 infinie d&#8217;options d&#8217;utilisation.<\/p>\n<h4 class=\"a-spacing-mini\"><img decoding=\"async\" class=\"a-spacing-mini aligncenter\" style=\"font-size: 16px;\" src=\"https:\/\/m.media-amazon.com\/images\/S\/aplus-media\/sc\/a53251f8-492d-40f3-a9db-2bdd1415646f.__CR1018,0,1260,1260_PT0_SX300_V1___.png\" alt=\"anti-slip\" data-src=\"https:\/\/m.media-amazon.com\/images\/S\/aplus-media\/sc\/a53251f8-492d-40f3-a9db-2bdd1415646f.__CR1018,0,1260,1260_PT0_SX300_V1___.png\" data- title=\"\"><\/h4>\n<h4 class=\"a-spacing-mini\">\u00c9chelons antid\u00e9rapants<\/h4>\n<p>les \u00e9chelons sont de forme octogonale, ils sont donc fiables et non glissants.<\/p>\n<h4 class=\"a-spacing-mini\"><img decoding=\"async\" class=\"aligncenter\" style=\"font-size: 16px;\" src=\"https:\/\/m.media-amazon.com\/images\/S\/aplus-media\/sc\/2b5aeb68-441e-435d-b89c-5d2faf4eb063.__CR0,0,1000,1000_PT0_SX220_V1___.jpg\" alt=\"Portable\" data-src=\"https:\/\/m.media-amazon.com\/images\/S\/aplus-media\/sc\/2b5aeb68-441e-435d-b89c-5d2faf4eb063.__CR0,0,1000,1000_PT0_SX220_V1___.jpg\" data- title=\"\"><\/h4>\n<\/div>\n<div>\n<h4 class=\"a-spacing-mini\">Portable<\/h4>\n<p>Comprend un coffret cadeau de couleur bois naturel et un joli sac noir con\u00e7u.<\/p>\n<p><img decoding=\"async\" class=\"aligncenter\" src=\"https:\/\/m.media-amazon.com\/images\/S\/aplus-media\/sc\/f2e8fc4d-adcb-4ad8-87e7-2d18df74811d.__CR0,13,974,974_PT0_SX220_V1___.jpg\" alt=\"Lightweight\" data-src=\"https:\/\/m.media-amazon.com\/images\/S\/aplus-media\/sc\/f2e8fc4d-adcb-4ad8-87e7-2d18df74811d.__CR0,13,974,974_PT0_SX220_V1___.jpg\" data- title=\"\"><\/p>\n<\/div>\n<\/div>\n<\/div>\n<div>\n<h4 class=\"a-spacing-mini\">Poids l\u00e9ger<\/h4>\n<p>par exemple, 2,5 m ne p\u00e8se que 1,8 kg<\/p>\n<p><img decoding=\"async\" class=\"aligncenter\" src=\"https:\/\/m.media-amazon.com\/images\/S\/aplus-media\/sc\/0552c400-f2fc-46a1-84a9-d5030a1ca8e2.__CR0,0,1000,1000_PT0_SX220_V1___.jpg\" alt=\"Weather resistant\" data-src=\"https:\/\/m.media-amazon.com\/images\/S\/aplus-media\/sc\/0552c400-f2fc-46a1-84a9-d5030a1ca8e2.__CR0,0,1000,1000_PT0_SX220_V1___.jpg\" data- title=\"\"><\/p>\n<h4 class=\"a-spacing-mini\">R\u00e9sistant aux intemp\u00e9ries<\/h4>\n<p>\u00e9chelles presque jamais vieillissantes pour tous les temps, ne peuvent pas \u00eatre endommag\u00e9es sous la pluie.<\/p>\n<p><img decoding=\"async\" class=\"aligncenter\" src=\"https:\/\/m.media-amazon.com\/images\/S\/aplus-media\/sc\/14916db8-10a6-4760-8535-f49470d709ad.__CR11,0,1189,1189_PT0_SX220_V1___.jpg\" alt=\"Heavy duty carabiners\" data-src=\"https:\/\/m.media-amazon.com\/images\/S\/aplus-media\/sc\/14916db8-10a6-4760-8535-f49470d709ad.__CR11,0,1189,1189_PT0_SX220_V1___.jpg\" data- title=\"\"><\/p>\n<h4 class=\"a-spacing-mini\">Mousquetons robustes<\/h4>\n<p class=\"a-size-small\">les \u00e9chelles comprennent des mousquetons chrom\u00e9s r\u00e9sistance \u00e0 la rupture 11KN<\/p>\n<\/div>\n<\/div>\n<\/div>\n<div class=\"celwidget aplus-module module-4\" style=\"text-align: center;\" data-csa-c-id=\"r0jyvc-byof08-6y9606-vmksqx\" data-cel-widget=\"aplus-module-4\">\n<div class=\"a-expander-collapsed-height a-row a-expander-container a-expander-partial-collapse-container\" data-a-expander-name=\"aplus-module-expander\" data-a-expander-collapsed-height=\"700\">\n<div class=\"a-expander-content a-expander-partial-collapse-content\">\n<p><img decoding=\"async\" class=\"a-spacing-mini aligncenter\" src=\"https:\/\/m.media-amazon.com\/images\/S\/aplus-media\/sc\/d843778e-92b5-40e7-a239-8e35fcbadff6.__CR0,0,2000,2000_PT0_SX300_V1___.jpg\" alt=\"Different length\" data-src=\"https:\/\/m.media-amazon.com\/images\/S\/aplus-media\/sc\/d843778e-92b5-40e7-a239-8e35fcbadff6.__CR0,0,2000,2000_PT0_SX300_V1___.jpg\" data- title=\"\"><\/p>\n<h4 class=\"a-spacing-mini\">Diff\u00e9rentes longueurs<\/h4>\n<p class=\"a-size-small\">disponible 2,5 \/ 4\/5 \/ 7,5 \/ 10 m pour les maisons de 1 \u00e0 4 \u00e9tages.<\/p>\n<p><img decoding=\"async\" class=\"a-spacing-mini aligncenter\" src=\"https:\/\/m.media-amazon.com\/images\/S\/aplus-media\/sc\/b32fbb7f-dd3b-4bce-a9d4-1f51dbe477df.__CR0,0,1000,1000_PT0_SX300_V1___.jpg\" alt=\"reusable\" data-src=\"https:\/\/m.media-amazon.com\/images\/S\/aplus-media\/sc\/b32fbb7f-dd3b-4bce-a9d4-1f51dbe477df.__CR0,0,1000,1000_PT0_SX300_V1___.jpg\" data- title=\"\"><\/p>\n<h4 class=\"a-spacing-mini\">R\u00e9utilisable<\/h4>\n<p class=\"a-size-small\">contrairement aux autres \u00e9chelles en aluminium, nos \u00e9chelles en corde sont r\u00e9utilisables.<\/p>\n<div class=\"apm-sidemodule-imageleft\">\n<div class=\"apm-sidemodule-imageleft\"><img decoding=\"async\" class=\"aligncenter\" src=\"https:\/\/m.media-amazon.com\/images\/S\/aplus-media\/sc\/7c7570fe-6600-49ef-9540-55b6a874c8a7.__CR0,0,1280,1280_PT0_SX300_V1___.jpg\" alt=\"THE BEST\" data-src=\"https:\/\/m.media-amazon.com\/images\/S\/aplus-media\/sc\/7c7570fe-6600-49ef-9540-55b6a874c8a7.__CR0,0,1280,1280_PT0_SX300_V1___.jpg\" data- title=\"\"><\/div>\n<div class=\"apm-sidemodule-textright\"><\/div>\n<\/div>\n<div class=\"apm-sidemodule-textright\">\n<h4 class=\"a-spacing-mini\">LE MEILLEUR<\/h4>\n<p class=\"a-size-small\">Il existe d&#8217;autres offres d&#8217;\u00e9chelles de corde similaires aux n\u00f4tres. MAIS (!) Ils ne tressent pas assez de fils dans les cordes et \u00e9conomisent sur cela, donc les cordes ne sont pas suffisamment serr\u00e9es ou solides et donc pas fiables.<\/p>\n<\/div>\n<h3 class=\"a-spacing-mini\">Pr\u00e9parez-vous pour l&#8217;aventure la plus rafra\u00eechissante!<\/h3>\n<h4 class=\"a-spacing-mini a-color-secondary a-text-italic\">Pr\u00e9sentation de l&#8217;\u00e9chelle de corde d&#8217;escalade ultime, cr\u00e9\u00e9e par ISOP<\/h4>\n<p class=\"a-spacing-base\">Notre \u00e9chelle de corde polyvalente est polyvalente et peut \u00eatre utilis\u00e9e dans un large \u00e9ventail d&#8217;activit\u00e9s amusantes notamment suspendre se balancer ou grimper dans une cabane dans les arbres.<\/p>\n<p class=\"a-spacing-base\">Fabriqu\u00e9 avec des mat\u00e9riaux de premi\u00e8re qualit\u00e9 il est solide et robuste et est disponible en 3 tailles diff\u00e9rentes pour r\u00e9pondre \u00e0 vos besoins sp\u00e9cifiques.<\/p>\n<p class=\"a-spacing-base\"><strong><span class=\"a-text-bold\">Peut \u00eatre utilis\u00e9 pour\/comme<\/span><\/strong><\/p>\n<p><span class=\"a-list-item\">Suspendu \u00e0 un arbre<\/span><\/p>\n<p><span class=\"a-list-item\">Grimper dans une cabane dans les arbres<\/span><\/p>\n<p><span class=\"a-list-item\">Une balan\u00e7oire ou m\u00eame un parcours d&#8217;obstacles<\/span><\/p>\n<p><span class=\"a-list-item\">Une corde ninja<\/span><\/p>\n<div class=\"amp-centerthirdcol-listbox\">\n<div class=\"a-box a-spacing-small a-color-alternate-background apm-listbox amp-centerthirdcol-listbox\">\n<div class=\"a-box-inner\">\n<p><span class=\"a-list-item\"><span class=\"a-size-base\">Mat\u00e9riaux: corde en nylon, renforc\u00e9e avec de la r\u00e9sine<\/span><\/span><\/p>\n<p><span class=\"a-list-item\"><span class=\"a-size-base\">Longueur: 5 m<\/span><\/span><\/p>\n<p><span class=\"a-list-item\"><span class=\"a-size-base\">Largeur: 30 cm<\/span><\/span><\/p>\n<p><span class=\"a-list-item\"><span class=\"a-size-base\">Capacit\u00e9 de charge maximale: 900 kg<\/span><\/span><\/p>\n<p><span class=\"a-list-item\"><span class=\"a-size-base\">Mousquetons: 11kN<\/span><\/span><\/p>\n<\/div>\n<\/div>\n<\/div>\n<div class=\"amp-centerthirdcol-listbox\">\n<div class=\"a-box a-spacing-small a-color-alternate-background apm-listbox amp-centerthirdcol-listbox\">\n<div class=\"a-box-inner\">\n<p class=\"a-color-secondary\"><strong>Caract\u00e9ristiques et avantages:<\/strong><\/p>\n<p><span class=\"a-list-item\">Un accessoire amusant permet de passer du temps de qualit\u00e9 avec les enfants<\/span><\/p>\n<p><span class=\"a-list-item\">Peut \u00eatre utilis\u00e9 \u00e0 l&#8217;int\u00e9rieur et \u00e0 l&#8217;ext\u00e9rieur<\/span><\/p>\n<p><span class=\"a-list-item\">Sangles en nylon de qualit\u00e9 sup\u00e9rieure &#8211; r\u00e9sistantes \u00e0 l&#8217;eau et antid\u00e9rapantes<\/span><\/p>\n<p><span class=\"a-list-item\">Les mousquetons robustes permettent une installation rapide et un ancrage facile<\/span><\/p>\n<p><span class=\"a-list-item\">Aide \u00e0 am\u00e9liorer la force physique, les capacit\u00e9s mentales et la motricit\u00e9 de l&#8217;enfant<\/span><\/p>\n<p><span class=\"a-list-item\">Les \u00e9chelons renforc\u00e9s offrent une durabilit\u00e9 accrue<\/span><\/p>\n<p><span class=\"a-list-item\">Facile \u00e0 utiliser &#8211; ne n\u00e9cessite aucun outil<\/span><\/p>\n<p><span class=\"a-list-item\">Poids l\u00e9ger et portable<\/span><\/p>\n<div class=\"a-box a-spacing-small a-color-alternate-background apm-listbox\">\n<div class=\"a-box-inner\">\n<p><span class=\"a-list-item\"><span class=\"a-size-base\">Compact pour un rangement facile<\/span><\/span><\/p>\n<p><span class=\"a-list-item\"><span class=\"a-size-base\">Livr\u00e9 dans un \u00e9l\u00e9gant sac noir et une bo\u00eete avec poign\u00e9e et les mousquetons n\u00e9cessaires<\/span><\/span><\/p>\n<\/div>\n<\/div>\n<\/div>\n<\/div>\n<\/div>\n<\/div>\n<\/div>\n<\/div>\n<p>&nbsp;<\/p>\n","protected":false},"excerpt":{"rendered":"[embed]https:\/\/youtu.be\/Ay4rV_L3NBE[\/embed]\n<p style=\"text-align: center;\">ISOP \u00c9chelle de Corde 5 m | \u00c9chelles int\u00e9rieures\/ext\u00e9rieures pour Maisons, cabanes dans Les Arbres, terrains de Jeux et Escalade | Accessoires de balan\u00e7oire avec Crochets pour Enfants et Adultes<\/p>\n<p style=\"text-align: center;\">LIVRAISON GRATUITE SOUS 3-7 JOURS<\/p>\n<h4 style=\"text-align: center;\">ACHETER SUR<\/h4>\n<p><a href=\"https:\/\/www.amazon.fr\/ISOP-%C3%89chelle-durgence-Portatives-Compactes\/dp\/B07N8MNG5J\/?maas=maas_adg_7A0A967487D9910CF9BCD332693EF52F_afap_abs&amp;ref_=aa_maas&amp;ref=sr_1_1&amp;dchild=1&amp;keywords=%C3%A9chelle+de+corde+pour+cabane+dans+les+arbres&amp;qid=1603254368&amp;sr=8-1\"><img loading=\"lazy\" decoding=\"async\" class=\"wp-image-1040 size-full aligncenter\" src=\"https:\/\/rightfoodonly.com\/wp-content\/uploads\/amazon-button9.png\" alt=\"\" width=\"160\" height=\"59\" \/><\/a><\/p>\n<p>&nbsp;<\/p>\n","protected":false},"featured_media":4889,"comment_status":"open","ping_status":"closed","template":"","meta":[],"product_brand":[],"product_cat":[263,267,266],"product_tag":[230,111,231,79,70,174,80],"class_list":{"0":"post-1485","1":"product","2":"type-product","3":"status-publish","4":"has-post-thumbnail","6":"product_cat-echelles-de-secours-en-corde","7":"product_cat-echelles-de-secours-pour-1-etage","8":"product_cat-echelles-de-secours-pour-2-etages","9":"product_tag-boulon-dancrage-grimpant","10":"product_tag-cintre-de-boulon-descalade","11":"product_tag-cintres-dancrage-grimpants","12":"product_tag-echelle-devacuation-incendie","13":"product_tag-echelle-de-secours","14":"product_tag-echelle-de-secours-2-etages","15":"product_tag-echelle-de-securite-incendie","17":"first","18":"instock","19":"shipping-taxable","20":"purchasable","21":"product-type-simple"},"_links":{"self":[{"href":"https:\/\/isopllc.com\/fr\/wp-json\/wp\/v2\/product\/1485","targetHints":{"allow":["GET"]}}],"collection":[{"href":"https:\/\/isopllc.com\/fr\/wp-json\/wp\/v2\/product"}],"about":[{"href":"https:\/\/isopllc.com\/fr\/wp-json\/wp\/v2\/types\/product"}],"replies":[{"embeddable":true,"href":"https:\/\/isopllc.com\/fr\/wp-json\/wp\/v2\/comments?post=1485"}],"wp:featuredmedia":[{"embeddable":true,"href":"https:\/\/isopllc.com\/fr\/wp-json\/wp\/v2\/media\/4889"}],"wp:attachment":[{"href":"https:\/\/isopllc.com\/fr\/wp-json\/wp\/v2\/media?parent=1485"}],"wp:term":[{"taxonomy":"product_brand","embeddable":true,"href":"https:\/\/isopllc.com\/fr\/wp-json\/wp\/v2\/product_brand?post=1485"},{"taxonomy":"product_cat","embeddable":true,"href":"https:\/\/isopllc.com\/fr\/wp-json\/wp\/v2\/product_cat?post=1485"},{"taxonomy":"product_tag","embeddable":true,"href":"https:\/\/isopllc.com\/fr\/wp-json\/wp\/v2\/product_tag?post=1485"}],"curies":[{"name":"wp","href":"https:\/\/api.w.org\/{rel}","templated":true}]}}