{"id":1503,"date":"2020-02-06T09:44:25","date_gmt":"2020-02-06T09:44:25","guid":{"rendered":"https:\/\/rightfoodonly.com\/?post_type=product&#038;p=1503"},"modified":"2025-06-29T11:29:56","modified_gmt":"2025-06-29T11:29:56","slug":"harnais-descalade","status":"publish","type":"product","link":"https:\/\/isopllc.com\/fr\/product\/harnais-descalade\/","title":{"rendered":"ISOP Harnais d&#8217;escalade"},"content":{"rendered":"<div class=\"celwidget aplus-module module-9\" data-cel-widget=\"aplus-module-9\">\n<div class=\"a-expander-collapsed-height a-row a-expander-container a-expander-partial-collapse-container\" data-a-expander-name=\"aplus-module-expander\" data-a-expander-collapsed-height=\"700\">\n<div class=\"a-expander-content a-expander-partial-collapse-content\">\n<div class=\"aplus-module-wrapper\">\n<div class=\"apm-spacing apm-fixed-width\">\n<h2 id=\"title\" class=\"a-size-large a-spacing-none\" style=\"text-align: center;\"><span id=\"productTitle\" class=\"a-size-large product-title-word-break\">Harnais d&#8217;escalade &#8211; Sac de taille pour harnais de s\u00e9curit\u00e9 &#8211; Escalade, activit\u00e9s de plein air, entra\u00eenement &#8211; Mat\u00e9riau durable de qualit\u00e9 sup\u00e9rieure<\/span><\/h2>\n<p><img decoding=\"async\" class=\"aligncenter\" src=\"https:\/\/m.media-amazon.com\/images\/S\/aplus-media\/sc\/b2ce0b46-0c95-4365-8c61-a5fd05505e58.__CR0,0,970,300_PT0_SX970_V1___.jpg\" alt=\"belt-harness\" data-src=\"https:\/\/m.media-amazon.com\/images\/S\/aplus-media\/sc\/b2ce0b46-0c95-4365-8c61-a5fd05505e58.__CR0,0,970,300_PT0_SX970_V1___.jpg\" data- title=\"\"><\/p>\n<\/div>\n<\/div>\n<\/div>\n<\/div>\n<\/div>\n<div class=\"celwidget aplus-module module-12\" data-cel-widget=\"aplus-module-12\">\n<div class=\"a-expander-collapsed-height a-row a-expander-container a-expander-partial-collapse-container\" data-a-expander-name=\"aplus-module-expander\" data-a-expander-collapsed-height=\"360\">\n<div class=\"a-expander-content a-expander-partial-collapse-content\">\n<div class=\"aplus-module-wrapper apm-spacing apm-floatnone\">\n<div class=\"apm-sidemodule aplus-module-content\">\n<p><img decoding=\"async\" class=\"a-spacing-mini aligncenter\" src=\"https:\/\/m.media-amazon.com\/images\/S\/aplus-media\/sc\/5cecf7a8-3de2-4f74-b1f6-6555a4dd07b0.__CR58,0,800,800_PT0_SX300_V1___.jpg\" alt=\"belt\" data-src=\"https:\/\/m.media-amazon.com\/images\/S\/aplus-media\/sc\/5cecf7a8-3de2-4f74-b1f6-6555a4dd07b0.__CR58,0,800,800_PT0_SX300_V1___.jpg\" data- title=\"\"><\/p>\n<h4 class=\"a-spacing-mini\" style=\"text-align: center;\">Un harnais d&#8217;escalade professionnel<\/h4>\n<p style=\"text-align: center;\">est d\u00e9finitivement un must dans le sac \u00e0 dos de tout aventurier qui se respecte, car c&#8217;est le seul moyen de le prot\u00e9ger des accidents non d\u00e9sir\u00e9s ou des trag\u00e9dies possibles.<\/p>\n<p style=\"text-align: center;\">Quand il s&#8217;agit d&#8217;accessoires d&#8217;escalade de qualit\u00e9 sup\u00e9rieure, ISOP a exactement ce que vous cherchez!<\/p>\n<p><img decoding=\"async\" class=\"a-spacing-mini aligncenter\" src=\"https:\/\/m.media-amazon.com\/images\/S\/aplus-media\/sc\/3386ce1c-29a5-4d6b-af25-4282239f51fa.__CR0,272,844,844_PT0_SX300_V1___.jpg\" alt=\"buckle\" data-src=\"https:\/\/m.media-amazon.com\/images\/S\/aplus-media\/sc\/3386ce1c-29a5-4d6b-af25-4282239f51fa.__CR0,272,844,844_PT0_SX300_V1___.jpg\" data- title=\"\"><\/p>\n<h4 class=\"a-spacing-mini\" style=\"text-align: center;\">Pourquoi ce produit est-il fait pour vous?<\/h4>\n<p style=\"text-align: center;\">Ce harnais de s\u00e9curit\u00e9 demi-corps de protection antichute a une conception extra-robuste et est con\u00e7u pour votre confort.<\/p>\n<p style=\"text-align: center;\">Les bretelles r\u00e9glables offrent un ajustement parfait de ce harnais de taille libre, tandis que la fibre durable vous assurera d&#8217;avoir le bon soutien dans toutes sortes de situations d&#8217;escalade!<\/p>\n<p><img decoding=\"async\" class=\"a-spacing-mini aligncenter\" src=\"https:\/\/m.media-amazon.com\/images\/S\/aplus-media\/sc\/5b476adf-5ab9-429d-b42c-b266152668d2.__CR0,0,1362,1362_PT0_SX300_V1___.jpg\" alt=\"belt\" data-src=\"https:\/\/m.media-amazon.com\/images\/S\/aplus-media\/sc\/5b476adf-5ab9-429d-b42c-b266152668d2.__CR0,0,1362,1362_PT0_SX300_V1___.jpg\" data- title=\"\"><\/p>\n<h4 class=\"a-spacing-mini\" style=\"text-align: center;\">Certaines des fonctionnalit\u00e9s \u00e9tonnantes de ce produit:<\/h4>\n<p style=\"text-align: center;\">Polyvalent, peut \u00eatre utilis\u00e9 pour l&#8217;escalade, l&#8217;escalade dans les arbres, le sauvetage en cas d&#8217;incendie, l&#8217;escalade en salle, etc.<\/p>\n<p style=\"text-align: center;\">Fibre de polyester de haute qualit\u00e9, extra-durable;<\/p>\n<p style=\"text-align: center;\">Bretelles r\u00e9glables avec anneau en D arri\u00e8re coulissant;<\/p>\n<p style=\"text-align: center;\">Les boucles fendues sur la taille et les cuissardes se fixent sans torsion;<\/p>\n<p style=\"text-align: center;\">Portant \u00e9lev\u00e9;<\/p>\n<p style=\"text-align: center;\">Id\u00e9al pour les grimpeurs d\u00e9butants et avanc\u00e9s.<\/p>\n<\/div>\n<\/div>\n<\/div>\n<\/div>\n<\/div>\n","protected":false},"excerpt":{"rendered":"<p id=\"title\" class=\"a-size-large a-spacing-none\" style=\"text-align: center;\"><span id=\"productTitle\" class=\"a-size-large product-title-word-break\">Harnais d&#8217;escalade &#8211; Sac de taille pour harnais de s\u00e9curit\u00e9 &#8211; Escalade, activit\u00e9s de plein air, entra\u00eenement &#8211; Mat\u00e9riau durable de qualit\u00e9 sup\u00e9rieure<\/span><\/p>\n<p style=\"text-align: center;\">LIVRAISON GRATUITE SOUS 3-7 JOURS<\/p>\n<h4 style=\"text-align: center;\">ACHETER SUR<\/h4>\n<p><a href=\"https:\/\/www.amazon.fr\/Harnais-descalade-activit%C3%A9s-entra%C3%AEnement-sup%C3%A9rieure\/dp\/B07LB638BR\/?maas=maas_adg_A87377FF324B663F7C3F97E9A0FD6418_afap_abs&amp;ref_=aa_maas&amp;ref=sr_1_1&amp;dchild=1&amp;keywords=Harnais+d%27escalade&amp;qid=1603197976&amp;sr=8-1\"><img loading=\"lazy\" decoding=\"async\" class=\"wp-image-1040 size-full aligncenter\" src=\"https:\/\/rightfoodonly.com\/wp-content\/uploads\/amazon-button9.png\" alt=\"\" width=\"160\" height=\"59\" \/><\/a><\/p>\n<p>&nbsp;<\/p>\n","protected":false},"featured_media":4292,"comment_status":"open","ping_status":"closed","template":"","meta":[],"product_brand":[],"product_cat":[257],"product_tag":[99,213,198,214,212],"class_list":{"0":"post-1503","1":"product","2":"type-product","3":"status-publish","4":"has-post-thumbnail","6":"product_cat-accessoires-pour-echelles-anti-incendie","7":"product_tag-harnais-descalade-de-securite","8":"product_tag-harnais-descalade","9":"product_tag-harnais-de-securite","10":"product_tag-longe-a-position-reglable","11":"product_tag-longe-de-harnais-de-securite","13":"first","14":"instock","15":"shipping-taxable","16":"purchasable","17":"product-type-simple"},"_links":{"self":[{"href":"https:\/\/isopllc.com\/fr\/wp-json\/wp\/v2\/product\/1503","targetHints":{"allow":["GET"]}}],"collection":[{"href":"https:\/\/isopllc.com\/fr\/wp-json\/wp\/v2\/product"}],"about":[{"href":"https:\/\/isopllc.com\/fr\/wp-json\/wp\/v2\/types\/product"}],"replies":[{"embeddable":true,"href":"https:\/\/isopllc.com\/fr\/wp-json\/wp\/v2\/comments?post=1503"}],"wp:featuredmedia":[{"embeddable":true,"href":"https:\/\/isopllc.com\/fr\/wp-json\/wp\/v2\/media\/4292"}],"wp:attachment":[{"href":"https:\/\/isopllc.com\/fr\/wp-json\/wp\/v2\/media?parent=1503"}],"wp:term":[{"taxonomy":"product_brand","embeddable":true,"href":"https:\/\/isopllc.com\/fr\/wp-json\/wp\/v2\/product_brand?post=1503"},{"taxonomy":"product_cat","embeddable":true,"href":"https:\/\/isopllc.com\/fr\/wp-json\/wp\/v2\/product_cat?post=1503"},{"taxonomy":"product_tag","embeddable":true,"href":"https:\/\/isopllc.com\/fr\/wp-json\/wp\/v2\/product_tag?post=1503"}],"curies":[{"name":"wp","href":"https:\/\/api.w.org\/{rel}","templated":true}]}}