{"id":4126,"date":"2020-07-22T12:10:12","date_gmt":"2020-07-22T12:10:12","guid":{"rendered":"https:\/\/isopllc.com\/uk\/?post_type=product&#038;p=4126"},"modified":"2025-07-07T00:24:54","modified_gmt":"2025-07-07T00:24:54","slug":"sac-devacuation-durgence-pour-enfants","status":"publish","type":"product","link":"https:\/\/isopllc.com\/fr\/product\/sac-devacuation-durgence-pour-enfants\/","title":{"rendered":"Sac D&#8217;\u00e9vacuation D&#8217;incendie Pour Enfants ou Animaux Domestiques Jusqu&#8217;\u00e0 68 kg"},"content":{"rendered":"<div class=\"celwidget aplus-module module-1\" data-cel-widget=\"aplus-module-1\">\n<div class=\"a-expander-collapsed-height a-row a-expander-container a-expander-partial-collapse-container\" data-a-expander-name=\"aplus-module-expander\" data-a-expander-collapsed-height=\"700\">\n<div class=\"a-expander-content a-expander-partial-collapse-content\">\n<div class=\"aplus-module-wrapper apm-fixed-width\">\n<div class=\"apm-spacing apm-wrap\">\n<div class=\"apm-floatleft apm-wrap\">\n<div class=\"apm-leftimage\">\n<div class=\"apm-leftimage\"><img decoding=\"async\" class=\"a-spacing-mini\" src=\"https:\/\/m.media-amazon.com\/images\/S\/aplus-media\/sc\/a56ab54f-4fd8-48cd-a8ca-f0d9d2017a99.__CR0,0,300,400_PT0_SX300_V1___.jpg\" alt=\"evacuation device\" data-src=\"https:\/\/m.media-amazon.com\/images\/S\/aplus-media\/sc\/a56ab54f-4fd8-48cd-a8ca-f0d9d2017a99.__CR0,0,300,400_PT0_SX300_V1___.jpg\" data- title=\"\"><\/div>\n<div>\n<h3 class=\"a-spacing-mini\">Assurez-vous que votre petit ange reste en s\u00e9curit\u00e9 en cas d&#8217;incendie!<\/h3>\n<h4 class=\"a-spacing-mini a-color-secondary a-text-italic\">Pr\u00e9sentation de l&#8217;ultime dispositif d&#8217;\u00e9vacuation d&#8217;urgence pour les enfants ou les animaux de compagnie, offert par ISOP!<\/h4>\n<p class=\"a-spacing-base\">Vivez-vous au 5\u00e8me \u00e9tage et vous inqui\u00e9tez-vous de la s\u00e9curit\u00e9 de vos enfants en cas d&#8217;incendie?<\/p>\n<p class=\"a-spacing-base\">Souhaitez-vous mieux dormir en sachant que votre enfant ou votre animal de compagnie pourrait s&#8217;\u00e9chapper rapidement en toute s\u00e9curit\u00e9 \u00e0 l&#8217;ext\u00e9rieur du b\u00e2timent?<\/p>\n<p class=\"a-spacing-base\">Ce sac d&#8217;\u00e9vacuation en forme de sac \u00e0 dos donc en cas d&#8217;urgence, il vous permet de placer un b\u00e9b\u00e9 ou un animal de compagnie \u00e0 l&#8217;int\u00e9rieur il suffit de le mettre et de le sortir ou de l&#8217;abaisser depuis une fen\u00eatre \u00e0 l&#8217;aide d&#8217;une corde robuste.<\/p>\n<div class=\"amp-centerthirdcol-listbox\">\n<div class=\"a-box a-spacing-small a-color-alternate-background apm-listbox amp-centerthirdcol-listbox\">\n<div class=\"a-box-inner\">\n<p><strong><span class=\"a-list-item\"><span class=\"a-size-base\">Emmenez votre enfant du danger \u00e0 la s\u00e9curit\u00e9 en 3 \u00e9tapes!<\/span><\/span><\/strong><\/p>\n<ul class=\"a-unordered-list a-vertical\">\n<li><span class=\"a-list-item\"><span class=\"a-size-base\">D\u00e9pliez le dispositif d&#8217;\u00e9vacuation d&#8217;urgence en cas d&#8217;incendie<\/span><\/span><\/li>\n<li><span class=\"a-list-item\"><span class=\"a-size-base\">Placez un oreiller \u00e0 l&#8217;int\u00e9rieur et votre enfant ou animal de compagnie dessus<\/span><\/span><\/li>\n<li><span class=\"a-list-item\"><span class=\"a-size-base\">Abaisser le sac avec son pr\u00e9cieux contenu de l&#8217;ext\u00e9rieur du b\u00e2timent, jusqu&#8217;au sol<\/span><\/span><\/li>\n<\/ul>\n<\/div>\n<\/div>\n<\/div>\n<\/div>\n<div class=\"apm-rightthirdcol\">\n<div class=\"apm-rightthirdcol-inner\">\n<p><img decoding=\"async\" class=\"a-spacing-mini\" src=\"https:\/\/m.media-amazon.com\/images\/S\/aplus-media\/sc\/5af7d162-4b01-455c-ad43-02f5466af8c4.__CR0,0,350,175_PT0_SX350_V1___.jpg\" alt=\"evacuation device\" data-src=\"https:\/\/m.media-amazon.com\/images\/S\/aplus-media\/sc\/5af7d162-4b01-455c-ad43-02f5466af8c4.__CR0,0,350,175_PT0_SX350_V1___.jpg\" data- title=\"\"><\/p>\n<h3 class=\"a-color-secondary\">Peu importe si vous habitez au 1er ou au 5e \u00e9tage, votre enfant arrivera en toute s\u00e9curit\u00e9 au sol, loin des incendies mortels et de la fum\u00e9e suffocante.<\/h3>\n<p class=\"a-spacing-small a-size-small a-color-secondary\">Vous n\u2019avez plus besoin de perdre le sommeil pour la s\u00e9curit\u00e9 de votre petit ange!<\/p>\n<p class=\"a-spacing-small a-size-small a-color-secondary\">Chez ISOP, nous vous proposons depuis longtemps le meilleur de l&#8217;\u00e9quipement d&#8217;\u00e9vacuation en cas d&#8217;incendie. Nos \u00e9chelles de secours, nos sacs \u00e0 incendie nous ont valu la confiance de nos pr\u00e9cieux clients.<\/p>\n<p class=\"a-spacing-small a-size-small a-color-secondary\">Pourquoi choisir le sac d&#8217;\u00e9vacuation d&#8217;urgence ISOP?<\/p>\n<div class=\"a-box a-spacing-small a-color-alternate-background apm-listbox\">\n<div class=\"a-box-inner\">\n<ul class=\"a-unordered-list a-vertical\">\n<li><span class=\"a-list-item\"><span class=\"a-size-base\">Livr\u00e9 avec la corde r\u00e9sistante GRATUITE de 15 m<\/span><\/span><\/li>\n<li>Id\u00e9al pour les maisons jusqu&#8217;au 5\u00e8me \u00e9tage<\/li>\n<li><span class=\"a-list-item\"><span class=\"a-size-base\">Grande fa\u00e7ade en mesh enduit de PVC pour une meilleure circulation de l&#8217;air<\/span><\/span><\/li>\n<li><span class=\"a-list-item\"><span class=\"a-size-base\">Facile \u00e0 ranger dans la pochette de rangement pratique<\/span><\/span><\/li>\n<li><span class=\"a-list-item\"><span class=\"a-size-base\">Compl\u00e9tez votre trousse d&#8217;outils d&#8217;urgence!<\/span><\/span><\/li>\n<li><span class=\"a-list-item\"><span class=\"a-size-base\">Recommand\u00e9 pour les enfants jusqu&#8217;\u00e0 68 kg.<\/span><\/span><\/li>\n<li><span class=\"a-list-item\"><span class=\"a-size-base\">\u00c0 utiliser \u00e0 vos risques et p\u00e9rils.<\/span><\/span><\/li>\n<\/ul>\n<\/div>\n<\/div>\n<\/div>\n<\/div>\n<\/div>\n<div class=\"apm-rightthirdcol\">\n<div class=\"apm-rightthirdcol-inner\">\n<div class=\"amp-centerthirdcol-listbox\">\n<div class=\"apm-listbox amp-centerthirdcol-listbox a-box a-color-alternate-background a-spacing-small\">\n<div class=\"a-box-inner\">\n<p>\u00c9galement disponible en <a href=\"https:\/\/isopllc.com\/fr\/product\/dispositif-devacuation-dincendie\/\"><strong>petite taille.<\/strong><\/a><\/p>\n<\/div>\n<\/div>\n<\/div>\n<\/div>\n<\/div>\n<\/div>\n<\/div>\n<\/div>\n<\/div>\n<\/div>\n<\/div>\n","protected":false},"excerpt":{"rendered":"<div id=\"title_feature_div\" class=\"celwidget\" data-feature-name=\"title\" data-csa-c-id=\"4adzbx-i38dgg-8woucj-jscjhu\" data-cel-widget=\"title_feature_div\">\n<div id=\"titleSection\" class=\"a-section a-spacing-none\">\n[embed]https:\/\/youtu.be\/O2AS1YwnotA[\/embed]\n<p class=\"a-size-large a-spacing-none\" style=\"text-align: center\"><span class=\"a-size-large product-title-word-break\">Sac D&#8217;\u00e9vacuation D&#8217;urgence \u00e0 Travers Les Fen\u00eatres ou la Corde du Balcon 15 m et Mousqueton Inclus | <\/span><span class=\"a-list-item\">Dimensions: 53 \/ 71 \/ 35 cm | <\/span><span class=\"a-size-large product-title-word-break\">Pour Enfants ou Animaux Domestiques Jusqu&#8217;\u00e0 68 kg<\/span><\/p>\n<\/div>\n<\/div>\n<p style=\"text-align: center\">LIVRAISON GRATUITE SOUS 3-7 JOURS<\/p>\n<h4 style=\"text-align: center\">ACHETER SUR<\/h4>\n<p><a href=\"https:\/\/www.amazon.fr\/Dispositif-D%C3%A9vacuation-Dincendie-Enfants-Domestiques\/dp\/B0846W7HMD\/?maas=maas_adg_332D68D350444ECD69EED6984EEE9A3C_afap_abs&amp;ref_=aa_maas&amp;ref=sr_1_1&amp;dchild=1&amp;keywords=Sac+D%27%C3%A9vacuation+D%27incendie&amp;qid=1603190744&amp;sr=8-1\"><img loading=\"lazy\" decoding=\"async\" class=\"wp-image-1040 size-full aligncenter\" src=\"https:\/\/rightfoodonly.com\/wp-content\/uploads\/amazon-button9.png\" alt=\"\" width=\"160\" height=\"59\" \/><\/a><\/p>\n<p>&nbsp;<\/p>\n","protected":false},"featured_media":4289,"comment_status":"open","ping_status":"closed","template":"","meta":[],"product_brand":[],"product_cat":[256],"product_tag":[205,202,203,204,206],"class_list":{"0":"post-4126","1":"product","2":"type-product","3":"status-publish","4":"has-post-thumbnail","6":"product_cat-echappees-pour-animaux-de-compagnie","7":"product_tag-pet-evac-pak","8":"product_tag-sac-devacuation-durgence-pour-animaux-de-compagnie","9":"product_tag-sac-devacuation-en-cas-dincendie","10":"product_tag-sac-devacuation-pour-animal-de-compagnie","11":"product_tag-sac-durgence-pour-animaux-de-compagnie","13":"first","14":"instock","15":"shipping-taxable","16":"purchasable","17":"product-type-variable"},"_links":{"self":[{"href":"https:\/\/isopllc.com\/fr\/wp-json\/wp\/v2\/product\/4126","targetHints":{"allow":["GET"]}}],"collection":[{"href":"https:\/\/isopllc.com\/fr\/wp-json\/wp\/v2\/product"}],"about":[{"href":"https:\/\/isopllc.com\/fr\/wp-json\/wp\/v2\/types\/product"}],"replies":[{"embeddable":true,"href":"https:\/\/isopllc.com\/fr\/wp-json\/wp\/v2\/comments?post=4126"}],"wp:featuredmedia":[{"embeddable":true,"href":"https:\/\/isopllc.com\/fr\/wp-json\/wp\/v2\/media\/4289"}],"wp:attachment":[{"href":"https:\/\/isopllc.com\/fr\/wp-json\/wp\/v2\/media?parent=4126"}],"wp:term":[{"taxonomy":"product_brand","embeddable":true,"href":"https:\/\/isopllc.com\/fr\/wp-json\/wp\/v2\/product_brand?post=4126"},{"taxonomy":"product_cat","embeddable":true,"href":"https:\/\/isopllc.com\/fr\/wp-json\/wp\/v2\/product_cat?post=4126"},{"taxonomy":"product_tag","embeddable":true,"href":"https:\/\/isopllc.com\/fr\/wp-json\/wp\/v2\/product_tag?post=4126"}],"curies":[{"name":"wp","href":"https:\/\/api.w.org\/{rel}","templated":true}]}}