{"id":4212,"date":"2020-01-20T08:15:52","date_gmt":"2020-01-20T08:15:52","guid":{"rendered":"https:\/\/rightfoodonly.com\/?post_type=product&#038;p=1057"},"modified":"2025-07-16T06:04:53","modified_gmt":"2025-07-16T06:04:53","slug":"echelle-de-corde-devacuation-durgence-10-m-avec-ceinture","status":"publish","type":"product","link":"https:\/\/isopllc.com\/fr\/product\/echelle-de-corde-devacuation-durgence-10-m-avec-ceinture\/","title":{"rendered":"\u00c9chelle de Secours 10m avec Ceinture de S\u00e9curit\u00e9 &#8211; \u00c9chelle de Corde"},"content":{"rendered":"<p><img loading=\"lazy\" decoding=\"async\" class=\"alignnone\" src=\"https:\/\/m.media-amazon.com\/images\/S\/aplus-media\/sc\/13268c8b-3101-42a2-abc3-379c553d9afb.__CR0,0,970,300_PT0_SX970_V1___.jpg\" alt=\"\u00c9chelle de Secours 10m\" width=\"970\" height=\"300\" title=\"\"><\/p>\n<div class=\"celwidget aplus-module module-9\" style=\"text-align: center\" data-csa-c-id=\"3d7463-l3bdk0-ygs321-8assbf\" data-cel-widget=\"aplus-module-9\">\n<div class=\"a-expander-collapsed-height a-row a-expander-container a-expander-partial-collapse-container\" data-a-expander-name=\"aplus-module-expander\" data-a-expander-collapsed-height=\"700\">\n<div class=\"a-expander-content a-expander-partial-collapse-content\">\n<div class=\"aplus-module-wrapper\">\n<div class=\"apm-spacing apm-fixed-width\">\n<h2>ISOP \u00c9chelle de secours 10m avec ceinture de s\u00e9curit\u00e9 &#8211; \u00c9chelle de Corde<\/h2>\n<div class=\"celwidget aplus-module module-9\" style=\"text-align: center\" data-csa-c-id=\"3d7463-l3bdk0-ygs321-8assbf\" data-cel-widget=\"aplus-module-9\">\n<div class=\"a-expander-collapsed-height a-row a-expander-container a-expander-partial-collapse-container\" data-a-expander-name=\"aplus-module-expander\" data-a-expander-collapsed-height=\"700\">\n<div class=\"a-expander-content a-expander-partial-collapse-content\">\n<div class=\"aplus-module-wrapper\">\n<div class=\"apm-spacing apm-fixed-width\">\n<h3 class=\"a-spacing-small\">Pourquoi nous choisir?<\/h3>\n<p><img loading=\"lazy\" decoding=\"async\" class=\"a-spacing-mini aligncenter\" src=\"https:\/\/m.media-amazon.com\/images\/S\/aplus-media\/sc\/1d1c9f11-8b81-43e1-b2d9-232d2a154745.__CR0,193,641,641_PT0_SX300_V1___.jpg\" alt=\"\u00c9chelle de Secours\" width=\"300\" height=\"300\" data-src=\"https:\/\/m.media-amazon.com\/images\/S\/aplus-media\/sc\/1d1c9f11-8b81-43e1-b2d9-232d2a154745.__CR0,193,641,641_PT0_SX300_V1___.jpg\" data- title=\"\"><\/p>\n<\/div>\n<div class=\"apm-spacing apm-fixed-width\">\n<h4 class=\"a-spacing-mini\">ULTRA puissant<\/h4>\n<p>il n&#8217;y a pas d&#8217;\u00e9chelles plus solides et plus fiables que les n\u00f4tres,\u00a0<span class=\"a-text-bold\">test\u00e9es (!)<\/span> &#8211; portant 900 kg ou 10 personnes! M\u00eame les \u00e9chelles \u00e0 cha\u00eene ne peuvent pas se vanter de cette capacit\u00e9 de poids.<\/p>\n<p><img loading=\"lazy\" decoding=\"async\" class=\"a-spacing-mini aligncenter\" src=\"https:\/\/m.media-amazon.com\/images\/S\/aplus-media\/sc\/66906d66-df90-4038-8550-d72faf80c38f.__CR0,0,1200,1200_PT0_SX300_V1___.jpg\" alt=\"\u00c9chelle de Corde\" width=\"300\" height=\"300\" data-src=\"https:\/\/m.media-amazon.com\/images\/S\/aplus-media\/sc\/66906d66-df90-4038-8550-d72faf80c38f.__CR0,0,1200,1200_PT0_SX300_V1___.jpg\" data- title=\"\"><\/p>\n<h4 class=\"a-spacing-mini\">Multifonction<\/h4>\n<p>peut \u00eatre utilis\u00e9 \u00e0 des fins diverses telles que terrain de jeux, balan\u00e7oires, cabane dans les arbres, grenier, jardin, toit, grenier, bunker, marine et m\u00eame \u00e0 des fins d\u00e9coratives. Vari\u00e9t\u00e9 infinie d&#8217;options d&#8217;utilisation.<\/p>\n<p><img loading=\"lazy\" decoding=\"async\" class=\"a-spacing-mini aligncenter\" src=\"https:\/\/m.media-amazon.com\/images\/S\/aplus-media\/sc\/a53251f8-492d-40f3-a9db-2bdd1415646f.__CR1018,0,1260,1260_PT0_SX300_V1___.png\" alt=\"\u00c9chelle de Corde 10m\" width=\"300\" height=\"300\" data-src=\"https:\/\/m.media-amazon.com\/images\/S\/aplus-media\/sc\/a53251f8-492d-40f3-a9db-2bdd1415646f.__CR1018,0,1260,1260_PT0_SX300_V1___.png\" data- title=\"\"><\/p>\n<h4 class=\"a-spacing-mini\">\u00c9chelons antid\u00e9rapants<\/h4>\n<p>les \u00e9chelons sont de forme octogonale, ils sont donc fiables et non glissants.<\/p>\n<p><img decoding=\"async\" class=\"aligncenter\" src=\"https:\/\/m.media-amazon.com\/images\/S\/aplus-media\/sc\/f2e8fc4d-adcb-4ad8-87e7-2d18df74811d.__CR0,13,974,974_PT0_SX220_V1___.jpg\" alt=\"Lightweight\" data-src=\"https:\/\/m.media-amazon.com\/images\/S\/aplus-media\/sc\/f2e8fc4d-adcb-4ad8-87e7-2d18df74811d.__CR0,13,974,974_PT0_SX220_V1___.jpg\" data- title=\"\"><\/p>\n<h4 class=\"a-spacing-mini\">Poids l\u00e9ger<\/h4>\n<p class=\"a-size-small\">par exemple, 2,5 m \u00c9chelle de Corde ne p\u00e8se que 1,8 kg<\/p>\n<p><img decoding=\"async\" class=\"aligncenter\" src=\"https:\/\/m.media-amazon.com\/images\/S\/aplus-media\/sc\/0552c400-f2fc-46a1-84a9-d5030a1ca8e2.__CR0,0,1000,1000_PT0_SX220_V1___.jpg\" alt=\"Weather resistant\" data-src=\"https:\/\/m.media-amazon.com\/images\/S\/aplus-media\/sc\/0552c400-f2fc-46a1-84a9-d5030a1ca8e2.__CR0,0,1000,1000_PT0_SX220_V1___.jpg\" data- title=\"\"><\/p>\n<\/div>\n<div>\n<h4 class=\"a-spacing-mini\">R\u00e9sistant aux intemp\u00e9ries<\/h4>\n<p class=\"a-size-small\">\u00e9chelles presque jamais vieillissantes pour tous les temps, ne peuvent pas \u00eatre endommag\u00e9es sous la pluie.<\/p>\n<\/div>\n<\/div>\n<div><img decoding=\"async\" class=\"aligncenter\" src=\"https:\/\/m.media-amazon.com\/images\/S\/aplus-media\/sc\/14916db8-10a6-4760-8535-f49470d709ad.__CR11,0,1189,1189_PT0_SX220_V1___.jpg\" alt=\"Heavy duty carabiners\" data-src=\"https:\/\/m.media-amazon.com\/images\/S\/aplus-media\/sc\/14916db8-10a6-4760-8535-f49470d709ad.__CR11,0,1189,1189_PT0_SX220_V1___.jpg\" data- title=\"\"><\/div>\n<\/div>\n<\/div>\n<\/div>\n<div class=\"celwidget aplus-module module-4\" style=\"text-align: center\" data-csa-c-id=\"5glng-jun4yd-v4jukx-uxl7pr\" data-cel-widget=\"aplus-module-4\">\n<div class=\"a-expander-collapsed-height a-row a-expander-container a-expander-partial-collapse-container\" data-a-expander-name=\"aplus-module-expander\" data-a-expander-collapsed-height=\"700\">\n<div class=\"a-expander-content a-expander-partial-collapse-content\">\n<div class=\"aplus-module-wrapper\">\n<div class=\"apm-spacing\">\n<div class=\"apm-floatleft apm-fixed-width\">\n<div class=\"apm-spacing\">\n<h4 class=\"a-spacing-mini\">Mousquetons robustes<\/h4>\n<p class=\"a-size-small\">les \u00e9chelles de corde comprennent des mousquetons chrom\u00e9s r\u00e9sistance \u00e0 la rupture 11KN<\/p>\n<\/div>\n<\/div>\n<\/div>\n<\/div>\n<p><img loading=\"lazy\" decoding=\"async\" class=\"a-spacing-mini aligncenter\" src=\"https:\/\/m.media-amazon.com\/images\/S\/aplus-media\/sc\/eebfdeb6-a881-47d1-a2d7-3677df2e925c.__CR521,0,1333,1333_PT0_SX300_V1___.jpg\" alt=\"ladder with carabiners\" width=\"183\" height=\"183\" data-src=\"https:\/\/m.media-amazon.com\/images\/S\/aplus-media\/sc\/eebfdeb6-a881-47d1-a2d7-3677df2e925c.__CR521,0,1333,1333_PT0_SX300_V1___.jpg\" data- title=\"\"><\/p>\n<h4 class=\"a-spacing-mini\">R\u00e9sistant aux flammes<\/h4>\n<p>La composition sp\u00e9ciale non combustible des fibres permet \u00e0 l&#8217;\u00e9chelle de r\u00e9sister au feu pendant un certain temps, mais nous ne recommandons toujours pas de l&#8217;utiliser en feu direct.<\/p>\n<div>\n<h4 class=\"a-spacing-mini\">Diff\u00e9rentes longueurs<\/h4>\n<p>disponible 2,5 \/ 4 \/ 5 \/ 7,5 \/ 10 m pour les maisons de 1 \u00e0 4 \u00e9tages.<\/p>\n<p><img decoding=\"async\" class=\"a-spacing-mini aligncenter\" src=\"https:\/\/m.media-amazon.com\/images\/S\/aplus-media\/sc\/b32fbb7f-dd3b-4bce-a9d4-1f51dbe477df.__CR0,0,1000,1000_PT0_SX300_V1___.jpg\" alt=\"reusable\" data-src=\"https:\/\/m.media-amazon.com\/images\/S\/aplus-media\/sc\/b32fbb7f-dd3b-4bce-a9d4-1f51dbe477df.__CR0,0,1000,1000_PT0_SX300_V1___.jpg\" data- title=\"\"><\/p>\n<\/div>\n<\/div>\n<\/div>\n<div>\n<h4 class=\"a-spacing-mini\">R\u00e9utilisable<\/h4>\n<p>contrairement aux autres \u00e9chelles en aluminium, nos \u00e9chelles en corde sont r\u00e9utilisables.<\/p>\n<div class=\"celwidget aplus-module module-2\" data-csa-c-id=\"y33yti-8va7n7-382xpg-is4lsg\">\n<div class=\"a-expander-collapsed-height a-row a-expander-container a-expander-partial-collapse-container\" data-a-expander-name=\"aplus-module-expander\" data-a-expander-collapsed-height=\"700\">\n<div class=\"a-expander-content a-expander-partial-collapse-content\">\n<div class=\"aplus-module-wrapper apm-floatnone\">\n<div class=\"apm-sidemodule apm-spacing\">\n<div class=\"apm-sidemodule-imageleft\"><img decoding=\"async\" class=\"aligncenter\" src=\"https:\/\/m.media-amazon.com\/images\/S\/aplus-media\/sc\/4184feb5-b6de-4c8f-8f06-9b647c9fe0f9.__CR0,0,500,500_PT0_SX300_V1___.jpg\" alt=\"32 ft ladder\" data-src=\"https:\/\/m.media-amazon.com\/images\/S\/aplus-media\/sc\/4184feb5-b6de-4c8f-8f06-9b647c9fe0f9.__CR0,0,500,500_PT0_SX300_V1___.jpg\" data- title=\"\"><\/div>\n<div class=\"apm-sidemodule-textright\">\n<h3 class=\"a-spacing-mini\">LE MEILLEUR<\/h3>\n<p>Contrairement \u00e0 d&#8217;autres, nous proposons un kit d&#8217;urgence, notre \u00e9chelle d&#8217;\u00e9vacuation incendie 10 m avec ceinture de s\u00e9curit\u00e9 est con\u00e7ue avec une protection antichute suppl\u00e9mentaire sous la forme d&#8217;un cordon de s\u00e9curit\u00e9 qui est accroch\u00e9 au c\u00f4t\u00e9 de l&#8217;\u00e9chelle qui vous emp\u00eache de tomber lorsque vous utilisez une ceinture de s\u00e9curit\u00e9 qui est \u00e9galement inclus pour assurer une descente en toute s\u00e9curit\u00e9.<\/p>\n<p>Un autre point cl\u00e9 est la taille de l&#8217;\u00e9chelon de 33 cm (alors que tous les concurrents n&#8217;offrent que 30 cm ou moins) qui \u00e0 premi\u00e8re vue ne semble pas grand-chose, mais cela ajoute une stabilit\u00e9 suppl\u00e9mentaire \u00e0 l&#8217;\u00e9chelle. De plus, ces \u00e9chelles ont une utilisation presque illimit\u00e9e et polyvalente \u00e0 un co\u00fbt tr\u00e8s abordable.<\/p>\n<p>Cette \u00e9chelle unique est notre propre invention et a \u00e9t\u00e9 brevet\u00e9e.<\/p>\n<\/div>\n<\/div>\n<\/div>\n<div><\/div>\n<\/div>\n<\/div>\n<\/div>\n<div class=\"celwidget aplus-module module-2\" data-csa-c-id=\"sesdnt-l4058d-17957p-ymijyw\">\n<div class=\"a-expander-collapsed-height a-row a-expander-container a-expander-partial-collapse-container\" data-a-expander-name=\"aplus-module-expander\" data-a-expander-collapsed-height=\"700\">\n<div class=\"a-expander-content a-expander-partial-collapse-content\">\n<div class=\"aplus-module-wrapper apm-floatnone\">\n<div class=\"apm-sidemodule apm-spacing\">\n<div class=\"apm-sidemodule-imageleft\"><img decoding=\"async\" class=\"aligncenter\" src=\"https:\/\/m.media-amazon.com\/images\/S\/aplus-media\/sc\/221fd1f4-70b4-420a-9cf7-c5a088657bcb.__CR766,0,1444,1444_PT0_SX300_V1___.jpg\" alt=\"ladder\" data-src=\"https:\/\/m.media-amazon.com\/images\/S\/aplus-media\/sc\/221fd1f4-70b4-420a-9cf7-c5a088657bcb.__CR766,0,1444,1444_PT0_SX300_V1___.jpg\" data- title=\"\"><\/div>\n<div class=\"apm-sidemodule-textright\">\n<h3 class=\"a-spacing-mini\">En mati\u00e8re de s\u00e9curit\u00e9, vous ne pouvez jamais \u00eatre trop pr\u00e9par\u00e9 \u00e0 faire face au feu. Cette \u00e9chelle de secours est con\u00e7ue pour \u00eatre pratique et accessible.<\/h3>\n<p>Nous vous proposons non seulement une \u00e9chelle, mais un sauvetage lors d&#8217;un incendie! Si vous \u00eates au 5\u00e8me \u00e9tage lors d&#8217;un incendie, une simple \u00e9chelle peut-elle vous sauver? Une personne non entra\u00een\u00e9e ne peut pas descendre d&#8217;une telle hauteur sans corde de s\u00e9curit\u00e9, donc en en ayant une, vous vous sentirez et agirez beaucoup plus confiant et m\u00eame en cas de faux pas, vous continuerez \u00e0 vous accrocher \u00e0 une corde de s\u00e9curit\u00e9 et \u00e0 continuer \u00e0 descendre. Les acrobates du cirque ne tombent pas, car une corde de s\u00e9curit\u00e9 leur donne plus de confiance.<\/p>\n<p>C&#8217;est pourquoi nous avons con\u00e7u notre \u00e9chelle de secours de 10 m pour vous offrir une sortie fiable par une fen\u00eatre ou un balcon. Gr\u00e2ce \u00e0 sa conception simple et \u00e0 ses fonctions de s\u00e9curit\u00e9 suppl\u00e9mentaires, tout le monde peut l&#8217;utiliser en \u00e9tant s\u00fbr de rester en toute s\u00e9curit\u00e9. Le cordon est accroch\u00e9 \u00e0 l&#8217;\u00e9chelle et vous emp\u00eache de tomber tandis que les mousquetons robustes offrent une fixation s\u00fbre \u00e0 une fen\u00eatre ou un balcon.<\/p>\n<\/div>\n<h3><strong>B\u00e9n\u00e9fices \u00c9chelle de Secours 10m<\/strong><\/h3>\n<ol>\n<li><strong>\u00c9vacuation rapide<\/strong> \u2013 Permet une sortie d\u2019urgence en cas d\u2019incendie ou de danger.<\/li>\n<li><strong>S\u00e9curit\u00e9 renforc\u00e9e<\/strong> \u2013 Offre une alternative fiable aux issues classiques.<\/li>\n<li><strong>Mat\u00e9riaux robustes<\/strong> \u2013 Con\u00e7u pour supporter des charges \u00e9lev\u00e9es et une utilisation r\u00e9p\u00e9t\u00e9e.<\/li>\n<li><strong>Installation facile<\/strong> \u2013 Pr\u00eat \u00e0 l\u2019emploi sans besoin d\u2019outils complexes.\n<ul>\n<li><strong><strong>Versions disponibles :<\/strong><\/strong>&nbsp;<\/li>\n<\/ul>\n<p><a href=\"https:\/\/isopllc.com\/fr\/product\/echelle-de-corde-fire-escape-10m\/\"><strong>Avec harnais complet<\/strong><\/a>\u00a0 |\u00a0 <a href=\"https:\/\/isopllc.com\/fr\/product\/echelle-de-corde-devacuation-dincendie\/\"><strong>Avec harnais de s\u00e9curit\u00e9<\/strong><\/a>\u00a0 |\u00a0 <a href=\"https:\/\/isopllc.com\/fr\/product\/echelle-de-secours-10-m-maisons-de-3-a-4-etages\/\"><strong>Avec corde de s\u00e9curit\u00e9<\/strong><\/a><\/li>\n<\/ol>\n<\/div>\n<\/div>\n<\/div>\n<\/div>\n<\/div>\n<\/div>\n<\/div>\n<\/div>\n<\/div>\n<\/div>\n<\/div>\n<\/div>\n","protected":false},"excerpt":{"rendered":"[embed]https:\/\/youtu.be\/gXMZllD74QI[\/embed]\n<p class=\"mceTemp\" style=\"text-align: center\">ISOP \u00c9chelle de secours 10 m avec ceinture de s\u00e9curit\u00e9<\/p>\n<p style=\"text-align: center\">LIVRAISON GRATUITE SOUS 3 &#8211; 7 JOURS<\/p>\n<h4 style=\"text-align: center\">ACHETER SUR<\/h4>\n<p style=\"text-align: center\"><a href=\"https:\/\/www.amazon.fr\/ISOP-D%C3%A9vacuation-durgence-%C3%89chelles-S%C3%A9curit%C3%A9\/dp\/B07CMNB71M\/?maas=maas_adg_D6424DE7583CF6CA26FCE9A4A3B17DDB_afap_abs&amp;ref_=aa_maas&amp;ref=sr_1_1&amp;dchild=1&amp;keywords=%C3%89chelle+de+secours&amp;qid=1603339155&amp;sr=8-1\"><img loading=\"lazy\" decoding=\"async\" class=\"wp-image-1040 size-full aligncenter\" src=\"https:\/\/rightfoodonly.com\/wp-content\/uploads\/amazon-button9.png\" alt=\"\" width=\"160\" height=\"59\" \/><\/a><\/p>\n<p>&nbsp;<\/p>\n","protected":false},"featured_media":5458,"comment_status":"open","ping_status":"closed","template":"","meta":[],"product_brand":[],"product_cat":[263,265,264],"product_tag":[235],"class_list":{"0":"post-4212","1":"product","2":"type-product","3":"status-publish","4":"has-post-thumbnail","6":"product_cat-echelles-de-secours-en-corde","7":"product_cat-echelles-de-secours-pour-3-etages","8":"product_cat-echelles-de-secours-pour-4-etages","9":"product_tag-echelle-de-secours-a-4-etages","11":"first","12":"instock","13":"shipping-taxable","14":"purchasable","15":"product-type-variable"},"_links":{"self":[{"href":"https:\/\/isopllc.com\/fr\/wp-json\/wp\/v2\/product\/4212","targetHints":{"allow":["GET"]}}],"collection":[{"href":"https:\/\/isopllc.com\/fr\/wp-json\/wp\/v2\/product"}],"about":[{"href":"https:\/\/isopllc.com\/fr\/wp-json\/wp\/v2\/types\/product"}],"replies":[{"embeddable":true,"href":"https:\/\/isopllc.com\/fr\/wp-json\/wp\/v2\/comments?post=4212"}],"wp:featuredmedia":[{"embeddable":true,"href":"https:\/\/isopllc.com\/fr\/wp-json\/wp\/v2\/media\/5458"}],"wp:attachment":[{"href":"https:\/\/isopllc.com\/fr\/wp-json\/wp\/v2\/media?parent=4212"}],"wp:term":[{"taxonomy":"product_brand","embeddable":true,"href":"https:\/\/isopllc.com\/fr\/wp-json\/wp\/v2\/product_brand?post=4212"},{"taxonomy":"product_cat","embeddable":true,"href":"https:\/\/isopllc.com\/fr\/wp-json\/wp\/v2\/product_cat?post=4212"},{"taxonomy":"product_tag","embeddable":true,"href":"https:\/\/isopllc.com\/fr\/wp-json\/wp\/v2\/product_tag?post=4212"}],"curies":[{"name":"wp","href":"https:\/\/api.w.org\/{rel}","templated":true}]}}