{"id":4216,"date":"2020-01-30T06:20:40","date_gmt":"2020-01-30T06:20:40","guid":{"rendered":"https:\/\/rightfoodonly.com\/?post_type=product&#038;p=1294"},"modified":"2025-06-29T11:31:32","modified_gmt":"2025-06-29T11:31:32","slug":"crochets-de-fenetre-pour-echelle-de-secours","status":"publish","type":"product","link":"https:\/\/isopllc.com\/fr\/product\/crochets-de-fenetre-pour-echelle-de-secours\/","title":{"rendered":"ISOP Crochets de fen\u00eatre pour \u00e9chelles de Secours, 2 Crochets"},"content":{"rendered":"<div class=\"celwidget aplus-module module-11\">\n<div class=\"a-expander-collapsed-height a-row a-expander-container a-expander-partial-collapse-container\" data-a-expander-name=\"aplus-module-expander\" data-a-expander-collapsed-height=\"360\">\n<div class=\"a-expander-content a-expander-partial-collapse-content\">\n<div class=\"aplus-module-wrapper apm-spacing apm-floatnone\">\n<div class=\"apm-sidemodule aplus-module-content\">\n<h2 class=\"apm-hero-image\" style=\"text-align: center;\">ISOP Crochets de fen\u00eatre pour \u00e9chelles de Secours, 2 Crochets | Crochets en Fer pour \u00e9chelle de Corde de Sauvetage, Ensemble de Crochets d&#8217;urgence s&#8217;adaptant \u00e0 la Plupart des fen\u00eatres<\/h2>\n<\/div>\n<\/div>\n<\/div>\n<\/div>\n<\/div>\n<div class=\"celwidget aplus-module module-9\">\n<div class=\"a-expander-collapsed-height a-row a-expander-container a-expander-partial-collapse-container\" data-a-expander-name=\"aplus-module-expander\" data-a-expander-collapsed-height=\"700\">\n<div class=\"a-expander-content a-expander-partial-collapse-content a-expander-content-expanded\">\n<div class=\"aplus-module-wrapper\">\n<div class=\"apm-spacing apm-fixed-width\">\n<p><img decoding=\"async\" class=\"a-spacing-mini aligncenter\" src=\"https:\/\/m.media-amazon.com\/images\/S\/aplus-media\/sc\/0ba0f91e-b5c4-417e-ada8-b03c299fc14b.__CR0,0,1200,1200_PT0_SX300_V1___.jpg\" alt=\"hooks\" data-src=\"https:\/\/m.media-amazon.com\/images\/S\/aplus-media\/sc\/0ba0f91e-b5c4-417e-ada8-b03c299fc14b.__CR0,0,1200,1200_PT0_SX300_V1___.jpg\" data- title=\"\"><\/p>\n<h4 class=\"a-spacing-mini\">Caract\u00e9ristiques<\/h4>\n<p>Notre ensemble de crochets polyvalent en 2 pi\u00e8ces est un outil de s\u00e9curit\u00e9 polyvalent et peut \u00eatre utilis\u00e9 dans un large \u00e9ventail d&#8217;industries, d&#8217;entreprises de construction et de services d&#8217;urgence &#8211; peut \u00eatre utilis\u00e9 avec diff\u00e9rents types d&#8217;\u00e9chelles de corde ou avec des \u00e9chelles de secours pour secourir les travailleurs de hauteurs importantes et un doit avoir en cas d&#8217;urgence.<\/p>\n<p>Taille: longueur totale 40 cm, crochet de fen\u00eatre 30 cm, espace de 3 cm \u00e0 utiliser avec un mousqueton<\/p>\n<p>Mat\u00e9riaux: acier robuste<\/p>\n<p><img loading=\"lazy\" decoding=\"async\" class=\" wp-image-4897 aligncenter\" src=\"https:\/\/isopllc.com\/fr\/wp-content\/uploads\/sites\/6\/2021\/06\/hooks-size-416x416-\u043a\u043e\u043f\u0438\u044f-2.jpg\" alt=\"\" width=\"315\" height=\"315\" title=\"\" srcset=\"https:\/\/isopllc.com\/fr\/wp-content\/uploads\/sites\/6\/2021\/06\/hooks-size-416x416-\u043a\u043e\u043f\u0438\u044f-2.jpg 416w, https:\/\/isopllc.com\/fr\/wp-content\/uploads\/sites\/6\/2021\/06\/hooks-size-416x416-\u043a\u043e\u043f\u0438\u044f-2-150x150.jpg 150w, https:\/\/isopllc.com\/fr\/wp-content\/uploads\/sites\/6\/2021\/06\/hooks-size-416x416-\u043a\u043e\u043f\u0438\u044f-2-100x100.jpg 100w\" sizes=\"auto, (max-width: 315px) 100vw, 315px\" \/><\/p>\n<h4 class=\"a-spacing-mini\">Caract\u00e9ristiques et avantages<\/h4>\n<ul>\n<li>Fabriqu\u00e9 avec des mat\u00e9riaux de haute qualit\u00e9 &#8211; solide, robuste, durable, fiable et s\u00fbr \u00e0 utiliser<\/li>\n<li>Taille id\u00e9ale &#8211; convient \u00e0 la plupart des fen\u00eatres<\/li>\n<li>La conception minimaliste mais pratique facilite la fixation<\/li>\n<li>Installation rapide et facile &#8211; ne n\u00e9cessite aucun outil<\/li>\n<li>Peut \u00eatre utilis\u00e9 avec peu ou pas de formation<\/li>\n<li>Fixez simplement la fen\u00eatre d&#8217;un c\u00f4t\u00e9 et l&#8217;\u00e9chelle de corde de l&#8217;autre et descendez en 10 secondes<\/li>\n<li>Poids l\u00e9ger et portable<\/li>\n<li>Compact pour un rangement facile<\/li>\n<\/ul>\n<\/div>\n<p><img decoding=\"async\" class=\"a-spacing-mini aligncenter\" src=\"https:\/\/m.media-amazon.com\/images\/S\/aplus-media\/sc\/97960495-f8fe-4173-8653-41fa79334c3e.__CR0,0,1200,1200_PT0_SX300_V1___.jpg\" alt=\"use\" data-src=\"https:\/\/m.media-amazon.com\/images\/S\/aplus-media\/sc\/97960495-f8fe-4173-8653-41fa79334c3e.__CR0,0,1200,1200_PT0_SX300_V1___.jpg\" data- title=\"\"><\/p>\n<h4 class=\"a-spacing-mini\">Peut \u00eatre utilis\u00e9 pour \/ comme \/ avec<\/h4>\n<ul>\n<li>Depuis une fen\u00eatre, un balcon ou un toit, en combinaison avec des \u00e9chelles de corde de sauvetage<\/li>\n<li>\u00c9chelles de secours, en cas d&#8217;urgence<\/li>\n<li>Mur d&#8217;escalade<\/li>\n<li>Industrie de construction<\/li>\n<li>Suspendu \u00e0 un arbre<\/li>\n<li>Grimper dans une cabane dans les arbres<\/li>\n<\/ul>\n<\/div>\n<\/div>\n<\/div>\n<\/div>\n","protected":false},"excerpt":{"rendered":"<p style=\"text-align: center;\">ISOP Crochets de fen\u00eatre pour \u00e9chelles de Secours, 2 Crochets | Crochets en Fer pour \u00e9chelle de Corde de Sauvetage, Ensemble de Crochets d&#8217;urgence s&#8217;adaptant \u00e0 la Plupart des fen\u00eatres<\/p>\n<p style=\"text-align: center;\">LIVRAISON GRATUITE SOUS 3-7 JOURS<\/p>\n<h4 style=\"text-align: center;\">ACHETER SUR<\/h4>\n<p><a href=\"https:\/\/www.amazon.fr\/ISOP-Crochets-Fen%C3%AAtre-%C3%89chelle-Corde\/dp\/B07RFDG2NP\/?maas=maas_adg_4937C1269EDF921D12AFE8D3800566BD_afap_abs&amp;ref_=aa_maas&amp;ref=sr_1_1&amp;__mk_fr_FR=%C3%85M%C3%85%C5%BD%C3%95%C3%91&amp;dchild=1&amp;keywords=Crochets%20de%20fen%C3%AAtre&amp;qid=1624631909&amp;s=hi&amp;sr=1-1\"><img loading=\"lazy\" decoding=\"async\" class=\"wp-image-1040 size-full aligncenter\" src=\"https:\/\/rightfoodonly.com\/wp-content\/uploads\/amazon-button9.png\" alt=\"\" width=\"160\" height=\"59\" \/><\/a><\/p>\n<p>&nbsp;<\/p>\n","protected":false},"featured_media":4301,"comment_status":"open","ping_status":"closed","template":"","meta":[],"product_brand":[],"product_cat":[257],"product_tag":[],"class_list":{"0":"post-4216","1":"product","2":"type-product","3":"status-publish","4":"has-post-thumbnail","6":"product_cat-accessoires-pour-echelles-anti-incendie","8":"first","9":"instock","10":"shipping-taxable","11":"purchasable","12":"product-type-simple"},"_links":{"self":[{"href":"https:\/\/isopllc.com\/fr\/wp-json\/wp\/v2\/product\/4216","targetHints":{"allow":["GET"]}}],"collection":[{"href":"https:\/\/isopllc.com\/fr\/wp-json\/wp\/v2\/product"}],"about":[{"href":"https:\/\/isopllc.com\/fr\/wp-json\/wp\/v2\/types\/product"}],"replies":[{"embeddable":true,"href":"https:\/\/isopllc.com\/fr\/wp-json\/wp\/v2\/comments?post=4216"}],"wp:featuredmedia":[{"embeddable":true,"href":"https:\/\/isopllc.com\/fr\/wp-json\/wp\/v2\/media\/4301"}],"wp:attachment":[{"href":"https:\/\/isopllc.com\/fr\/wp-json\/wp\/v2\/media?parent=4216"}],"wp:term":[{"taxonomy":"product_brand","embeddable":true,"href":"https:\/\/isopllc.com\/fr\/wp-json\/wp\/v2\/product_brand?post=4216"},{"taxonomy":"product_cat","embeddable":true,"href":"https:\/\/isopllc.com\/fr\/wp-json\/wp\/v2\/product_cat?post=4216"},{"taxonomy":"product_tag","embeddable":true,"href":"https:\/\/isopllc.com\/fr\/wp-json\/wp\/v2\/product_tag?post=4216"}],"curies":[{"name":"wp","href":"https:\/\/api.w.org\/{rel}","templated":true}]}}