{"id":4218,"date":"2020-02-15T06:34:02","date_gmt":"2020-02-15T06:34:02","guid":{"rendered":"https:\/\/rightfoodonly.com\/?post_type=product&#038;p=1798"},"modified":"2025-07-15T21:39:10","modified_gmt":"2025-07-15T21:39:10","slug":"echelle-devacuation-incendie-8m-pour-le-troisieme-etage","status":"publish","type":"product","link":"https:\/\/isopllc.com\/fr\/product\/echelle-devacuation-incendie-8m-pour-le-troisieme-etage\/","title":{"rendered":"\u00c9chelle de secours pour les fen\u00eatres du troisi\u00e8me \u00e9tage | 8 m"},"content":{"rendered":"<div class=\"celwidget aplus-module module-12\" data-csa-c-id=\"jivxzg-m1j32x-ba3zr2-aspe9u\" data-cel-widget=\"aplus-module-12\">\n<div class=\"a-expander-collapsed-height a-row a-expander-container a-expander-partial-collapse-container\" data-a-expander-name=\"aplus-module-expander\" data-a-expander-collapsed-height=\"360\">\n<div class=\"a-expander-content a-expander-partial-collapse-content\">\n<div class=\"aplus-module-wrapper apm-spacing apm-floatnone\">\n<div class=\"apm-sidemodule aplus-module-content\">\n<div class=\"apm-hero-image\"><img decoding=\"async\" class=\"aligncenter\" src=\"https:\/\/m.media-amazon.com\/images\/S\/aplus-media\/sc\/21a3f03b-829f-4554-b494-34215adbd6c9.__CR0,724,2000,619_PT0_SX970_V1___.jpg\" alt=\"back\" data-src=\"https:\/\/m.media-amazon.com\/images\/S\/aplus-media\/sc\/21a3f03b-829f-4554-b494-34215adbd6c9.__CR0,724,2000,619_PT0_SX970_V1___.jpg\" data- title=\"\"><\/div>\n<div class=\"textright apm-hero-text\">\n<h2 style=\"text-align: center\">ISOP \u00c9chelle de secours pour les fen\u00eatres du troisi\u00e8me \u00e9tage | 8 m<\/h2>\n<h2 style=\"text-align: center\">| \u00c9chelle d&#8217;\u00e9vacuation incendie 8 m pour le troisi\u00e8me \u00e9tage<\/h2>\n<h2 style=\"text-align: center\">| produit certifi\u00e9<\/h2>\n<h5 class=\"serp-title\"><\/h5>\n<\/div>\n<\/div>\n<div style=\"text-align: center\"><\/div>\n<\/div>\n<\/div>\n<\/div>\n<\/div>\n<div class=\"celwidget aplus-module module-4\" style=\"text-align: center\" data-csa-c-id=\"3439hg-iiea24-1ecz2x-p6icw6\" data-cel-widget=\"aplus-module-4\">\n<div class=\"a-expander-collapsed-height a-row a-expander-container a-expander-partial-collapse-container\" data-a-expander-name=\"aplus-module-expander\" data-a-expander-collapsed-height=\"700\">\n<div class=\"a-expander-content a-expander-partial-collapse-content\">\n<div class=\"aplus-module-wrapper\">\n<div class=\"apm-spacing\">\n<div class=\"apm-floatleft apm-fixed-width\">\n<h3 class=\"a-spacing-small\">Pourquoi nous choisir?<\/h3>\n<div class=\"apm-sidemodule-imageleft\"><img decoding=\"async\" class=\"aligncenter\" src=\"https:\/\/m.media-amazon.com\/images\/S\/aplus-media-library-service-media\/3217fc67-3649-4fc5-8067-00f8bfd97d1b.__CR0,0,300,300_PT0_SX300_V1___.jpg\" alt=\"Pourquoi nous choisir?\" data-src=\"https:\/\/m.media-amazon.com\/images\/S\/aplus-media-library-service-media\/3217fc67-3649-4fc5-8067-00f8bfd97d1b.__CR0,0,300,300_PT0_SX300_V1___.jpg\" data- title=\"\"><\/div>\n<div class=\"apm-sidemodule-textright\">\n<h3 class=\"a-spacing-mini\"><\/h3>\n<p>Cette \u00e9chelle d&#8217;\u00e9vacuation d&#8217;urgence est con\u00e7ue pour \u00eatre pratique et accessible.<\/p>\n<p><strong><span class=\"a-text-bold\">Technologie r\u00e9fl\u00e9chissante brevet\u00e9e.<\/span><\/strong><\/p>\n<p>Une bande r\u00e9fl\u00e9chissante sp\u00e9ciale qui est tiss\u00e9e dans ces cordes en nylon les rend facilement visibles dans le faisceau lumineux de la lampe de poche afin que vous ne tr\u00e9buchiez pas dessus la nuit.<\/p>\n<\/div>\n<p><img decoding=\"async\" class=\"aligncenter\" src=\"https:\/\/m.media-amazon.com\/images\/S\/aplus-media\/sc\/94cfe5fc-9301-4229-834b-f5ca7b14d8d0.__CR0,213,641,641_PT0_SX220_V1___.jpg\" alt=\"powerful\" data-src=\"https:\/\/m.media-amazon.com\/images\/S\/aplus-media\/sc\/94cfe5fc-9301-4229-834b-f5ca7b14d8d0.__CR0,213,641,641_PT0_SX220_V1___.jpg\" data- title=\"\"><\/p>\n<h4 class=\"a-spacing-mini\">ULTRA puissant<\/h4>\n<p class=\"a-size-small\">il n&#8217;y a pas d&#8217;\u00e9chelles plus solides et plus fiables que les n\u00f4tres,\u00a0<span class=\"a-text-bold\">test\u00e9es (!)<\/span>\u00a0&#8211; portant 900 kg ou 10 personnes! M\u00eame les \u00e9chelles \u00e0 cha\u00eene ne peuvent pas se vanter de cette capacit\u00e9 de poids.<\/p>\n<p><img decoding=\"async\" class=\"aligncenter\" src=\"https:\/\/m.media-amazon.com\/images\/S\/aplus-media\/sc\/d262a102-3931-4af1-bcd2-fa72efe818c1.__CR0,0,1200,1200_PT0_SX220_V1___.jpg\" alt=\"Multifunction\" data-src=\"https:\/\/m.media-amazon.com\/images\/S\/aplus-media\/sc\/d262a102-3931-4af1-bcd2-fa72efe818c1.__CR0,0,1200,1200_PT0_SX220_V1___.jpg\" data- title=\"\"><\/p>\n<h4 class=\"a-spacing-mini\">Multifonction<\/h4>\n<p class=\"a-size-small\">peut \u00eatre utilis\u00e9 \u00e0 des fins diverses telles que terrain de jeux, balan\u00e7oires, cabane dans les arbres, grenier, jardin, toit, grenier, bunker, marine et m\u00eame \u00e0 des fins d\u00e9coratives. Vari\u00e9t\u00e9 infinie d&#8217;options d&#8217;utilisation.<\/p>\n<p><img decoding=\"async\" class=\"aligncenter\" src=\"https:\/\/m.media-amazon.com\/images\/S\/aplus-media\/sc\/cf4cf25a-8d5e-46fe-bb5e-722c10b1d998.__CR0,0,2000,2000_PT0_SX220_V1___.jpg\" alt=\"Comes with carabiners &amp; hooks\" data-src=\"https:\/\/m.media-amazon.com\/images\/S\/aplus-media\/sc\/cf4cf25a-8d5e-46fe-bb5e-722c10b1d998.__CR0,0,2000,2000_PT0_SX220_V1___.jpg\" data- title=\"\"><\/p>\n<h4 class=\"a-spacing-mini\">Livr\u00e9 avec mousquetons et crochets<\/h4>\n<p class=\"a-size-small\">Les \u00e9chelles de 4 m et 8 m comprennent des crochets pour les appuis de fen\u00eatre et des mousquetons pour les barres de balcon. En cas d&#8217;incendie, ils peuvent \u00eatre utilis\u00e9s avec les fen\u00eatres et les balcons. Personne d&#8217;autre ne peut offrir les deux options.<\/p>\n<p><img decoding=\"async\" class=\"aligncenter\" src=\"https:\/\/m.media-amazon.com\/images\/S\/aplus-media\/sc\/210c8fc8-ca9e-4a20-9d02-a9c58b6c8429.__CR1018,0,1260,1260_PT0_SX220_V1___.png\" alt=\"Anti-slip rungs\" data-src=\"https:\/\/m.media-amazon.com\/images\/S\/aplus-media\/sc\/210c8fc8-ca9e-4a20-9d02-a9c58b6c8429.__CR1018,0,1260,1260_PT0_SX220_V1___.png\" data- title=\"\"><\/p>\n<h4 class=\"a-spacing-mini\">\u00c9chelons antid\u00e9rapants<\/h4>\n<p class=\"a-size-small\">les \u00e9chelons sont de forme octogonale, ils sont donc fiables et non glissants.<\/p>\n<div class=\"apm-spacing\"><img decoding=\"async\" class=\"aligncenter\" src=\"https:\/\/m.media-amazon.com\/images\/S\/aplus-media\/sc\/e5481a93-fdd7-4b02-812d-b17e7e802309.__CR0,0,1000,1000_PT0_SX220_V1___.jpg\" alt=\"Portable\" data-src=\"https:\/\/m.media-amazon.com\/images\/S\/aplus-media\/sc\/e5481a93-fdd7-4b02-812d-b17e7e802309.__CR0,0,1000,1000_PT0_SX220_V1___.jpg\" data- title=\"\"><\/div>\n<\/div>\n<\/div>\n<\/div>\n<div>\n<h4 class=\"a-spacing-mini\">Portable<\/h4>\n<p class=\"a-size-small\">est livr\u00e9 avec un joli sac noir con\u00e7u. L&#8217;\u00e9chelle est facile \u00e0 transporter n&#8217;importe o\u00f9 dans un sac. Comprend un coffret cadeau de couleur bois naturel.<\/p>\n<\/div>\n<\/div>\n<\/div>\n<\/div>\n<div class=\"celwidget aplus-module module-4\" style=\"text-align: center\" data-csa-c-id=\"afj8pd-nokhvj-691g6t-ynqohv\" data-cel-widget=\"aplus-module-4\">\n<div class=\"a-expander-collapsed-height a-row a-expander-container a-expander-partial-collapse-container\" data-a-expander-name=\"aplus-module-expander\" data-a-expander-collapsed-height=\"700\">\n<div class=\"a-expander-content a-expander-partial-collapse-content\">\n<div class=\"aplus-module-wrapper\">\n<div class=\"apm-spacing\">\n<div class=\"apm-floatleft apm-fixed-width\">\n<div class=\"apm-spacing\">\n<p><img decoding=\"async\" class=\"aligncenter\" src=\"https:\/\/m.media-amazon.com\/images\/S\/aplus-media\/sc\/efd2bcd0-2bff-4c6d-9fec-4d882d5be7cd.__CR0,13,974,974_PT0_SX220_V1___.jpg\" alt=\"Lightweight\" data-src=\"https:\/\/m.media-amazon.com\/images\/S\/aplus-media\/sc\/efd2bcd0-2bff-4c6d-9fec-4d882d5be7cd.__CR0,13,974,974_PT0_SX220_V1___.jpg\" data- title=\"\"><\/p>\n<h4 class=\"a-spacing-mini\">Poids l\u00e9ger<\/h4>\n<p class=\"a-size-small\">par exemple, 2,5 m ne p\u00e8se que 1,8 kg<\/p>\n<p><img decoding=\"async\" class=\"aligncenter\" src=\"https:\/\/m.media-amazon.com\/images\/S\/aplus-media\/sc\/d232e31d-6376-4b64-a48a-ddd2bbf72b81.__CR0,0,1000,1000_PT0_SX220_V1___.jpg\" alt=\"Weather resistant\" data-src=\"https:\/\/m.media-amazon.com\/images\/S\/aplus-media\/sc\/d232e31d-6376-4b64-a48a-ddd2bbf72b81.__CR0,0,1000,1000_PT0_SX220_V1___.jpg\" data- title=\"\"><\/p>\n<h4 class=\"a-spacing-mini\">R\u00e9sistant aux intemp\u00e9ries<\/h4>\n<p class=\"a-size-small\">\u00e9chelles presque jamais vieillissantes pour tous les temps, ne peuvent pas \u00eatre endommag\u00e9es sous la pluie.<\/p>\n<p><img decoding=\"async\" class=\"aligncenter\" style=\"font-weight: 600\" src=\"https:\/\/m.media-amazon.com\/images\/S\/aplus-media\/sc\/37c0fcd9-5325-4e38-b7c1-9af5cd3a988c.__CR5,0,1189,1189_PT0_SX220_V1___.jpg\" alt=\"Heavy duty carabiners\" data-src=\"https:\/\/m.media-amazon.com\/images\/S\/aplus-media\/sc\/37c0fcd9-5325-4e38-b7c1-9af5cd3a988c.__CR5,0,1189,1189_PT0_SX220_V1___.jpg\" data- title=\"\"><\/p>\n<h4 class=\"a-spacing-mini\">Mousquetons robustes<\/h4>\n<p class=\"a-size-small\">les \u00e9chelles comprennent des mousquetons chrom\u00e9s r\u00e9sistance \u00e0 la rupture 11KN<\/p>\n<p><img decoding=\"async\" class=\"a-spacing-mini aligncenter\" src=\"https:\/\/m.media-amazon.com\/images\/S\/aplus-media\/sc\/afa873ae-4f45-42c7-bef1-e1440984b452.__CR321,0,1333,1333_PT0_SX300_V1___.jpg\" alt=\"Flame resistant\" data-src=\"https:\/\/m.media-amazon.com\/images\/S\/aplus-media\/sc\/afa873ae-4f45-42c7-bef1-e1440984b452.__CR321,0,1333,1333_PT0_SX300_V1___.jpg\" data- title=\"\"><\/p>\n<\/div>\n<div><\/div>\n<\/div>\n<\/div>\n<\/div>\n<div>\n<h4 class=\"a-spacing-mini\">R\u00e9sistant aux flammes<\/h4>\n<p>La composition sp\u00e9ciale non combustible des fibres permet \u00e0 l&#8217;\u00e9chelle de r\u00e9sister au feu pendant un certain temps, mais nous ne recommandons toujours pas de l&#8217;utiliser en feu direct.<\/p>\n<p><img decoding=\"async\" class=\"a-spacing-mini aligncenter\" src=\"https:\/\/m.media-amazon.com\/images\/S\/aplus-media\/sc\/2dac260a-e8d0-441c-9ba5-ebcab13c9f40.__CR0,0,2000,2000_PT0_SX300_V1___.jpg\" alt=\"Different length\" data-src=\"https:\/\/m.media-amazon.com\/images\/S\/aplus-media\/sc\/2dac260a-e8d0-441c-9ba5-ebcab13c9f40.__CR0,0,2000,2000_PT0_SX300_V1___.jpg\" data- title=\"\"><\/p>\n<h4 class=\"a-spacing-mini\">Diff\u00e9rentes longueurs<\/h4>\n<p>disponible 2,5 \/ 4\/5 \/ 7,5 \/ 10 m pour les maisons de 1 \u00e0 4 \u00e9tages.<\/p>\n<p><img decoding=\"async\" class=\"a-spacing-mini aligncenter\" src=\"https:\/\/m.media-amazon.com\/images\/S\/aplus-media\/sc\/5728be22-391a-4b50-8edb-c02577e54e29.__CR0,0,1000,1000_PT0_SX300_V1___.jpg\" alt=\"Reusable\" data-src=\"https:\/\/m.media-amazon.com\/images\/S\/aplus-media\/sc\/5728be22-391a-4b50-8edb-c02577e54e29.__CR0,0,1000,1000_PT0_SX300_V1___.jpg\" data- title=\"\"><\/p>\n<h4 class=\"a-spacing-mini\">R\u00e9utilisable<\/h4>\n<p>contrairement aux autres \u00e9chelles en aluminium, nos \u00e9chelles en corde sont r\u00e9utilisables.<\/p>\n<h4 class=\"a-spacing-mini\"><img decoding=\"async\" class=\"aligncenter\" style=\"font-size: 16px\" src=\"https:\/\/m.media-amazon.com\/images\/S\/aplus-media\/sc\/6293865e-0e7e-4620-8370-146b6c3e1ce0.__CR0,0,816,816_PT0_SX300_V1___.jpg\" alt=\"multipurpose\" data-src=\"https:\/\/m.media-amazon.com\/images\/S\/aplus-media\/sc\/6293865e-0e7e-4620-8370-146b6c3e1ce0.__CR0,0,816,816_PT0_SX300_V1___.jpg\" data- title=\"\"><\/h4>\n<\/div>\n<\/div>\n<\/div>\n<\/div>\n<div class=\"celwidget aplus-module module-2\" data-csa-c-id=\"xa4z08-fqu7gq-7q8xue-5451sy\" data-cel-widget=\"aplus-module-2\">\n<div class=\"a-expander-collapsed-height a-row a-expander-container a-expander-partial-collapse-container\" data-a-expander-name=\"aplus-module-expander\" data-a-expander-collapsed-height=\"700\">\n<div class=\"a-expander-content a-expander-partial-collapse-content\">\n<div class=\"aplus-module-wrapper apm-floatnone\">\n<div class=\"apm-sidemodule apm-spacing\">\n<div class=\"apm-sidemodule-textright\">\n<h3 class=\"a-spacing-mini\" style=\"text-align: center\">Tout le monde a pens\u00e9 au moins une fois que se passerait-il s&#8217;il y avait un incendie dans sa maison ou son bureau? Surtout si vous avez des enfants!<\/h3>\n<p style=\"text-align: center\">Chez ISOP, nous croyons que CHAQUE famille DOIT avoir une \u00e9chelle de secours en cas d&#8217;urgence! Nous avons cr\u00e9\u00e9 toute une s\u00e9rie d&#8217;\u00e9chelles et de dispositifs de secours pour les diff\u00e9rents besoins que nous souhaitons vous pr\u00e9senter.<\/p>\n<p style=\"text-align: center\"><span class=\"a-text-bold\">\u00c9chelle de secours pour fen\u00eatres du troisi\u00e8me \u00e9tage 8 m<\/span><\/p>\n<p style=\"text-align: center\">Il s&#8217;agit d&#8217;une \u00e9chelle de 8 m avec des crochets pour s&#8217;\u00e9chapper d&#8217;une fen\u00eatre ou d&#8217;un balcon. Les crochets en fer s&#8217;adaptent parfaitement \u00e0 la plupart des cadres de fen\u00eatres dans le monde.<\/p>\n<p style=\"text-align: center\">Avec tous les avantages, cette \u00e9chelle est facile \u00e0 utiliser. M\u00eame les enfants peuvent l&#8217;escalader.<\/p>\n<p style=\"text-align: center\">De plus, certains de nos clients connectent les \u00e9chelles au mur \u00e0 l&#8217;avance \u00e0 l&#8217;aide des ancres d&#8217;escalade disponibles dans notre magasin. Nous consid\u00e9rons cette approche tr\u00e8s r\u00e9fl\u00e9chie et la recommandons.<\/p>\n<ul>\n<li data-start=\"82\" data-end=\"273\">\n<p data-start=\"85\" data-end=\"140\"><strong data-start=\"85\" data-end=\"138\">\u00c9vacuation d&#8217;urgence depuis les \u00e9tages sup\u00e9rieurs<\/strong><\/p>\n<ul data-start=\"144\" data-end=\"273\">\n<li data-start=\"144\" data-end=\"273\">\n<p data-start=\"146\" data-end=\"273\">Permet aux personnes de s\u2019\u00e9chapper rapidement par les fen\u00eatres ou balcons du 2\u1d49 ou 3\u1d49 \u00e9tage lorsque les escaliers sont bloqu\u00e9s.<\/p>\n<\/li>\n<\/ul>\n<\/li>\n<li data-start=\"275\" data-end=\"432\">\n<p data-start=\"278\" data-end=\"320\"><strong data-start=\"278\" data-end=\"318\">Voie de sortie alternative s\u00e9curis\u00e9e<\/strong><\/p>\n<ul data-start=\"324\" data-end=\"432\">\n<li data-start=\"324\" data-end=\"432\">\n<p data-start=\"326\" data-end=\"432\">Offre une issue de secours en cas d\u2019inaccessibilit\u00e9 de la sortie principale \u00e0 cause du feu ou de la fum\u00e9e.<\/p>\n<\/li>\n<\/ul>\n<\/li>\n<li data-start=\"434\" data-end=\"594\">\n<p data-start=\"437\" data-end=\"489\"><strong data-start=\"437\" data-end=\"487\">Pour maisons, appartements et petits b\u00e2timents<\/strong><\/p>\n<ul data-start=\"493\" data-end=\"594\">\n<li data-start=\"493\" data-end=\"594\">\n<p data-start=\"495\" data-end=\"594\">Id\u00e9ale pour les maisons priv\u00e9es, appartements, dortoirs ou bureaux sans sortie de secours int\u00e9gr\u00e9e.<\/p>\n<\/li>\n<\/ul>\n<\/li>\n<li data-start=\"596\" data-end=\"727\">\n<p data-start=\"599\" data-end=\"625\"><strong data-start=\"599\" data-end=\"623\">Compacte et portable<\/strong><\/p>\n<ul data-start=\"629\" data-end=\"727\">\n<li data-start=\"629\" data-end=\"727\">\n<p data-start=\"631\" data-end=\"727\">Facile \u00e0 ranger et \u00e0 d\u00e9ployer en cas d\u2019urgence, souvent plac\u00e9e pr\u00e8s des fen\u00eatres ou des balcons.<\/p>\n<\/li>\n<\/ul>\n<\/li>\n<li data-start=\"729\" data-end=\"928\">\n<p data-start=\"732\" data-end=\"824\"><strong data-start=\"732\" data-end=\"822\">Utilis\u00e9e lors des exercices d\u2019incendie et pour la pr\u00e9paration aux situations d\u2019urgence<\/strong><\/p>\n<ul data-start=\"828\" data-end=\"928\">\n<li data-start=\"828\" data-end=\"928\">\n<p data-start=\"830\" data-end=\"928\">Utile pour pratiquer les plans d\u2019\u00e9vacuation d\u2019urgence \u00e0 domicile ou dans de petits \u00e9tablissements.<\/p>\n<\/li>\n<\/ul>\n<\/li>\n<li data-start=\"930\" data-end=\"1078\">\n<p data-start=\"933\" data-end=\"977\"><strong data-start=\"933\" data-end=\"975\">Peut sauver des vies en cas d\u2019incendie<\/strong><\/p>\n<ul data-start=\"981\" data-end=\"1078\">\n<li data-start=\"981\" data-end=\"1078\">\n<p data-start=\"983\" data-end=\"1078\">Particuli\u00e8rement importante pour les familles avec enfants ou personnes \u00e2g\u00e9es vivant \u00e0 l\u2019\u00e9tage.<\/p>\n<\/li>\n<\/ul>\n<\/li>\n<\/ul>\n<\/div>\n<p>&nbsp;<\/p>\n<div class=\"apm-sidemodule-textright\">\n<p>\u00c9galement disponible en <a href=\"https:\/\/isopllc.com\/fr\/product\/echelle-de-secours-pour-le-deuxieme-etage\/\"><strong>4 m.<\/strong><\/a><\/p>\n<\/div>\n<\/div>\n<\/div>\n<\/div>\n<\/div>\n<\/div>\n<p style=\"text-align: left\">\n","protected":false},"excerpt":{"rendered":"[embed]https:\/\/youtu.be\/Ay4rV_L3NBE[\/embed]\n<p class=\"mceTemp\" style=\"text-align: center\">ISOP \u00c9chelle d&#8217;\u00e9vacuation de secours pour les fen\u00eatres du troisi\u00e8me \u00e9tage &#8211; \u00c9chelle de Corde de s\u00e9curit\u00e9 r\u00e9sistante aux Flammes avec Crochets &#8211; Capacit\u00e9 de Poids jusqu&#8217;\u00e0 900 kg &#8211; 8 m<\/p>\n<p style=\"text-align: center\">LIVRAISON GRATUITE SOUS 3-7 JOURS<\/p>\n<h4 style=\"text-align: center\">ACHETER SUR<\/h4>\n<p><a href=\"https:\/\/www.amazon.fr\/ISOP-d%C3%A9vacuation-dincendie-fen%C3%AAtres-troisi%C3%A8me\/dp\/B084Q2MFW6\/?maas=maas_adg_C5E56F157A98F276A0EE59A62B9B4276_afap_abs&amp;ref_=aa_maas&amp;ref=sr_1_1&amp;__mk_fr_FR=%C3%85M%C3%85%C5%BD%C3%95%C3%91&amp;dchild=1&amp;keywords=%C3%89chelle%20d%27%C3%A9vacuation%20pour%20fen%C3%AAtres%20du%20troisi%C3%A8me%20%C3%A9tage&amp;qid=1624633828&amp;s=hi&amp;sr=1-1\"><img loading=\"lazy\" decoding=\"async\" class=\"wp-image-1040 size-full aligncenter\" src=\"https:\/\/rightfoodonly.com\/wp-content\/uploads\/amazon-button9.png\" alt=\"\" width=\"160\" height=\"59\" \/><\/a><\/p>\n<p>&nbsp;<\/p>\n<p>&nbsp;<\/p>\n","protected":false},"featured_media":4290,"comment_status":"open","ping_status":"closed","template":"","meta":[],"product_brand":[],"product_cat":[262,263,266],"product_tag":[239,189,192,209,211,210,208,207],"class_list":{"0":"post-4218","1":"product","2":"type-product","3":"status-publish","4":"has-post-thumbnail","6":"product_cat-echelles-de-secours-avec-supports","7":"product_cat-echelles-de-secours-en-corde","8":"product_cat-echelles-de-secours-pour-2-etages","9":"product_tag-echelle-de-secours-avec-2-lourdes-crochets","10":"product_tag-echelle-de-secours-pour-balustrade-de-balcon","11":"product_tag-echelle-de-secours-pour-balustrade-de-balcon-a-vendre","12":"product_tag-echelle-de-secours-pour-fenetres-du-deuxieme-etage","13":"product_tag-echelle-de-secours-pour-fenetres-du-troisieme-etage","14":"product_tag-echelles-de-fenetre","15":"product_tag-fenetre-de-secours","16":"product_tag-meilleure-echelle-de-secours-pour-balcon","18":"first","19":"instock","20":"shipping-taxable","21":"purchasable","22":"product-type-variable"},"_links":{"self":[{"href":"https:\/\/isopllc.com\/fr\/wp-json\/wp\/v2\/product\/4218","targetHints":{"allow":["GET"]}}],"collection":[{"href":"https:\/\/isopllc.com\/fr\/wp-json\/wp\/v2\/product"}],"about":[{"href":"https:\/\/isopllc.com\/fr\/wp-json\/wp\/v2\/types\/product"}],"replies":[{"embeddable":true,"href":"https:\/\/isopllc.com\/fr\/wp-json\/wp\/v2\/comments?post=4218"}],"wp:featuredmedia":[{"embeddable":true,"href":"https:\/\/isopllc.com\/fr\/wp-json\/wp\/v2\/media\/4290"}],"wp:attachment":[{"href":"https:\/\/isopllc.com\/fr\/wp-json\/wp\/v2\/media?parent=4218"}],"wp:term":[{"taxonomy":"product_brand","embeddable":true,"href":"https:\/\/isopllc.com\/fr\/wp-json\/wp\/v2\/product_brand?post=4218"},{"taxonomy":"product_cat","embeddable":true,"href":"https:\/\/isopllc.com\/fr\/wp-json\/wp\/v2\/product_cat?post=4218"},{"taxonomy":"product_tag","embeddable":true,"href":"https:\/\/isopllc.com\/fr\/wp-json\/wp\/v2\/product_tag?post=4218"}],"curies":[{"name":"wp","href":"https:\/\/api.w.org\/{rel}","templated":true}]}}