{"id":4512,"date":"2021-10-17T10:43:27","date_gmt":"2021-10-17T10:43:27","guid":{"rendered":"https:\/\/isopllc.com\/fr\/?post_type=product&#038;p=4512"},"modified":"2025-06-29T11:24:57","modified_gmt":"2025-06-29T11:24:57","slug":"isop-lot-de-2-mousquetons","status":"publish","type":"product","link":"https:\/\/isopllc.com\/fr\/product\/isop-lot-de-2-mousquetons\/","title":{"rendered":"ISOP Lot de 2 mousquetons"},"content":{"rendered":"<div class=\"celwidget aplus-module module-4 aplus-standard\" data-csa-c-id=\"50qscj-nsntqj-fluarl-124tzy\" data-cel-widget=\"aplus-module-4\">\n<div class=\"a-expander-collapsed-height a-row a-expander-container a-expander-partial-collapse-container\" aria-live=\"polite\" data-a-expander-name=\"aplus-module-expander\" data-a-expander-collapsed-height=\"700\">\n<div class=\"a-expander-content a-expander-partial-collapse-content\" aria-expanded=\"false\">\n<div class=\"aplus-module-wrapper apm-fixed-width\">\n<div class=\"apm-spacing\">\n<div class=\"apm-floatleft apm-fixed-width\">\n<div id=\"title_feature_div\" class=\"celwidget\" data-feature-name=\"title\" data-csa-c-id=\"418dr-63tei0-ubem89-iz98xq\">\n<div id=\"titleSection\" class=\"a-section a-spacing-none\">\n<h2 id=\"title\" class=\"a-size-large a-spacing-none\"><span id=\"productTitle\" class=\"a-size-large product-title-word-break\">ISOP Lot de 2 mousquetons d&#8217;escalade r\u00e9sistants 11 KN pour gr\u00e9er, cordes, hamacs, camping<\/span><\/h2>\n<p><img decoding=\"async\" class=\"\" src=\"https:\/\/m.media-amazon.com\/images\/S\/aplus-media-library-service-media\/34734964-5819-4759-a00d-c5f2b6ddd3f4.__CR0,0,220,220_PT0_SX220_V1___.jpg\" alt=\"isop carabiners\" data-src=\"https:\/\/m.media-amazon.com\/images\/S\/aplus-media-library-service-media\/34734964-5819-4759-a00d-c5f2b6ddd3f4.__CR0,0,220,220_PT0_SX220_V1___.jpg\" data- title=\"\"><\/p>\n<h4 class=\"a-spacing-mini\">LES CLIPS DE MOUSQUETON PARFAITS<\/h4>\n<p class=\"a-size-small\">Nos mousquetons sont certifi\u00e9s CE et UIAA pour un usage intensif et devraient durer longtemps. Utilisez-les pour attacher des cordes, grimper, faire du rappel, ancrage, modernisation, travaux a\u00e9riens, technologie porteuse, randonn\u00e9e, accrochage, bloc, arbre et am\u00e9lioration de l&#8217;\u00e9quipement.<\/p>\n<p><img decoding=\"async\" class=\"\" src=\"https:\/\/m.media-amazon.com\/images\/S\/aplus-media-library-service-media\/a422051d-3216-43f8-aebf-3a5b3711627a.__CR0,0,220,220_PT0_SX220_V1___.jpg\" alt=\"isop carabiners\" data-src=\"https:\/\/m.media-amazon.com\/images\/S\/aplus-media-library-service-media\/a422051d-3216-43f8-aebf-3a5b3711627a.__CR0,0,220,220_PT0_SX220_V1___.jpg\" data- title=\"\"><\/p>\n<h4 class=\"a-spacing-mini\">HAUTE R\u00c9SISTANCE<\/h4>\n<p class=\"a-size-small\">Nos grands mousquetons sont fabriqu\u00e9s \u00e0 partir des meilleurs mat\u00e9riaux afin que vous puissiez les utiliser pour toutes vos activit\u00e9s outdoor, industrielles et sportives. Cela peut \u00eatre une partie essentielle de votre \u00e9quipement d&#8217;accrobranche, tenir votre laisse, attacher un \u00e9quipement important ou tout ce dont vous pourriez avoir besoin pour un mousqueton porteur.<\/p>\n<p><img decoding=\"async\" class=\"\" src=\"https:\/\/m.media-amazon.com\/images\/S\/aplus-media-library-service-media\/35135eb4-1040-4c66-8495-6dfc35f17d57.__CR0,0,220,220_PT0_SX220_V1___.jpg\" alt=\"isop carabiners\" data-src=\"https:\/\/m.media-amazon.com\/images\/S\/aplus-media-library-service-media\/35135eb4-1040-4c66-8495-6dfc35f17d57.__CR0,0,220,220_PT0_SX220_V1___.jpg\" data- title=\"\"><\/p>\n<h4 class=\"a-spacing-mini\">SYST\u00c8ME DE VERROUILLAGE INTELLIGENT \u00c0 UNE MAIN<\/h4>\n<p class=\"a-size-small\">Clapet \u00e0 ressort de verrouillage facile \u00e0 utiliser pour que vous puissiez s\u00e9curiser le mousqueton en toute s\u00e9curit\u00e9 sans craindre qu&#8217;il ne glisse ou ne perde sa prise. La forme sym\u00e9trique pour un chargement uniforme permet au mousqueton de porter et de r\u00e9partir le poids uniform\u00e9men<\/p>\n<p><img decoding=\"async\" class=\"\" src=\"https:\/\/m.media-amazon.com\/images\/S\/aplus-media-library-service-media\/348668ea-1b15-406f-8c46-9090de163207.__CR0,0,220,220_PT0_SX220_V1___.jpg\" alt=\"isop carabiners\" data-src=\"https:\/\/m.media-amazon.com\/images\/S\/aplus-media-library-service-media\/348668ea-1b15-406f-8c46-9090de163207.__CR0,0,220,220_PT0_SX220_V1___.jpg\" data- title=\"\"><\/p>\n<\/div>\n<div><\/div>\n<h4 class=\"a-spacing-mini\">Id\u00e9al pour toutes les activit\u00e9s<\/h4>\n<p class=\"a-size-small\">Nos mousquetons peuvent \u00e9galement \u00eatre utilis\u00e9s pour les besoins quotidiens, par ex. B. pour tenir des balan\u00e7oires, des sangles d&#8217;arbre, des hamacs, des s\u00e9ances d&#8217;entra\u00eenement TRX ou tout simplement pour un tas de cl\u00e9s robuste.<\/p>\n<\/div>\n<div id=\"qpeTitleTag_feature_div\" class=\"celwidget\" data-feature-name=\"qpeTitleTag\" data-csa-c-id=\"tzpz0q-4yuagj-673f89-t7p7vl\">\n<div class=\"celwidget aplus-module launchpad-brand-description-left aplus-standard\" data-csa-c-id=\"s65hxw-muyvg1-xmnyjh-gvex1s\" data-cel-widget=\"aplus-launchpad-brand-description-left\">\n<div class=\"a-section launchpad-module launchpad-module-brand-description-left\">\n<div class=\"a-section launchpad-text-left-justify\">\n<div class=\"celwidget aplus-module module-4 aplus-standard\" data-csa-c-id=\"kc1xro-n6leud-ygw3bj-ceg8p3\" data-cel-widget=\"aplus-module-4\">\n<div class=\"a-expander-collapsed-height a-row a-expander-container a-expander-partial-collapse-container\" aria-live=\"polite\" data-a-expander-name=\"aplus-module-expander\" data-a-expander-collapsed-height=\"700\">\n<div class=\"a-expander-content a-expander-partial-collapse-content\" aria-expanded=\"false\">\n<div><\/div>\n<\/div>\n<\/div>\n<\/div>\n<div class=\"celwidget aplus-module launchpad-brand-description-left aplus-standard\" data-csa-c-id=\"isv57s-kpqzbf-vb4cuk-z0n4wa\" data-cel-widget=\"aplus-launchpad-brand-description-left\">\n<div class=\"a-section launchpad-module launchpad-module-brand-description-left\">\n<div class=\"a-section launchpad-text-left-justify\">\n<p>ENGRENAGE CERTIFI\u00c9 CE \/ UIAA AVEC S\u00c9CURIT\u00c9 &#8211; Nos mousquetons sont certifi\u00e9s CE pour la s\u00e9curit\u00e9, vous pouvez donc \u00eatre assur\u00e9 que vous \u00eates en s\u00e9curit\u00e9 pour toute utilisation industrielle, sportive, \u00e9quipement d&#8217;accrobranche ou accessoire.<\/p>\n<p>1. Poss\u00e8de un verrou \u00e0 vis<\/p>\n<p>2. Durable et r\u00e9sistant \u00e0 l&#8217;usure<\/p>\n<p>3. antid\u00e9rapant et s\u00fbr<\/p>\n<p>4. O-shape: une forme parfaite pour tant d&#8217;utilisations diff\u00e9rentes<\/p>\n<p>5. Id\u00e9al pour les activit\u00e9s de plein air camping p\u00eache randonn\u00e9e voyage porte-cl\u00e9s etc.<\/p>\n<p>sp\u00e9cification<\/p>\n<p>Mat\u00e9riel: Syst\u00e8me de certification en acier galvanis\u00e9: CE (0321 c205)<\/p>\n<p>Tension maximale: 25KN (5600kg)<\/p>\n<p>Dimensions (L xl): 4,29 &#8220;x 2,3&#8221;<\/p>\n<\/div>\n<\/div>\n<\/div>\n<\/div>\n<\/div>\n<\/div>\n<\/div>\n<\/div>\n<\/div>\n<\/div>\n<\/div>\n<\/div>\n<\/div>\n","protected":false},"excerpt":{"rendered":"<div id=\"title_feature_div\" class=\"celwidget\" data-feature-name=\"title\" data-csa-c-id=\"418dr-63tei0-ubem89-iz98xq\" data-cel-widget=\"title_feature_div\">\n<div id=\"titleSection\" class=\"a-section a-spacing-none\">\n<div id=\"title_feature_div\" class=\"celwidget\" data-feature-name=\"title\" data-csa-c-id=\"wq6p8i-mj66zw-meq9ll-714x83\" data-cel-widget=\"title_feature_div\">\n<div id=\"titleSection\" class=\"a-section a-spacing-none\">\n<p id=\"title\" class=\"a-size-large a-spacing-none\" style=\"text-align: center;\"><span id=\"productTitle\" class=\"a-size-large product-title-word-break\">ISOP Lot de 2 mousquetons d&#8217;escalade r\u00e9sistants 11 KN pour gr\u00e9er, cordes, hamacs, camping<\/span><\/p>\n<\/div>\n<\/div>\n<\/div>\n<\/div>\n<p style=\"text-align: center;\"><span style=\"vertical-align: inherit;\">LIVRAISON GRATUITE SOUS 3-7 JOURS<\/span><\/p>\n<h4 style=\"text-align: center;\"><strong><span style=\"vertical-align: inherit;\">ACHETER SUR<\/span><\/strong><\/h4>\n<p style=\"text-align: center;\"><a href=\"https:\/\/www.amazon.fr\/ISOP-mousquetons-descalade-r%C3%A9sistants-camping\/dp\/B07P91TJHQ\/ref=sr_1_1?__mk_fr_FR=%C3%85M%C3%85%C5%BD%C3%95%C3%91&amp;dchild=1&amp;keywords=mousquetons&amp;qid=1634474108&amp;qsid=262-7688772-1270269&amp;s=hi&amp;sr=1-1&amp;sres=B07P91TJHQ\"><img loading=\"lazy\" decoding=\"async\" class=\"wp-image-1040 size-full aligncenter\" src=\"https:\/\/rightfoodonly.com\/wp-content\/uploads\/amazon-button9.png\" alt=\"\" width=\"160\" height=\"59\" \/><\/a><\/p>\n<p>&nbsp;<\/p>\n","protected":false},"featured_media":4513,"comment_status":"open","ping_status":"closed","template":"","meta":[],"product_brand":[],"product_cat":[257],"product_tag":[168,167,166,169],"class_list":{"0":"post-4512","1":"product","2":"type-product","3":"status-publish","4":"has-post-thumbnail","6":"product_cat-accessoires-pour-echelles-anti-incendie","7":"product_tag-accessoires-descalade","8":"product_tag-mousquetons-descalade-a-pince","9":"product_tag-mousquetons-robustes","10":"product_tag-mousquetons-robustes-pour-le-sauvetage-par-balancoire-en-rappel","12":"first","13":"instock","14":"shipping-taxable","15":"purchasable","16":"product-type-simple"},"_links":{"self":[{"href":"https:\/\/isopllc.com\/fr\/wp-json\/wp\/v2\/product\/4512","targetHints":{"allow":["GET"]}}],"collection":[{"href":"https:\/\/isopllc.com\/fr\/wp-json\/wp\/v2\/product"}],"about":[{"href":"https:\/\/isopllc.com\/fr\/wp-json\/wp\/v2\/types\/product"}],"replies":[{"embeddable":true,"href":"https:\/\/isopllc.com\/fr\/wp-json\/wp\/v2\/comments?post=4512"}],"wp:featuredmedia":[{"embeddable":true,"href":"https:\/\/isopllc.com\/fr\/wp-json\/wp\/v2\/media\/4513"}],"wp:attachment":[{"href":"https:\/\/isopllc.com\/fr\/wp-json\/wp\/v2\/media?parent=4512"}],"wp:term":[{"taxonomy":"product_brand","embeddable":true,"href":"https:\/\/isopllc.com\/fr\/wp-json\/wp\/v2\/product_brand?post=4512"},{"taxonomy":"product_cat","embeddable":true,"href":"https:\/\/isopllc.com\/fr\/wp-json\/wp\/v2\/product_cat?post=4512"},{"taxonomy":"product_tag","embeddable":true,"href":"https:\/\/isopllc.com\/fr\/wp-json\/wp\/v2\/product_tag?post=4512"}],"curies":[{"name":"wp","href":"https:\/\/api.w.org\/{rel}","templated":true}]}}