{"id":4644,"date":"2022-11-06T06:43:21","date_gmt":"2022-11-06T06:43:21","guid":{"rendered":"https:\/\/isopllc.com\/fr\/?post_type=product&#038;p=4644"},"modified":"2025-07-15T09:03:14","modified_gmt":"2025-07-15T09:03:14","slug":"echelle-de-corde-devacuation-de-feu-2-etages-5-m-avec-ancrages","status":"publish","type":"product","link":"https:\/\/isopllc.com\/fr\/product\/echelle-de-corde-devacuation-de-feu-2-etages-5-m-avec-ancrages\/","title":{"rendered":"\u00c9chelle de Corde D&#8217;\u00e9vacuation de feu 2 \u00c9tages 5 m avec ancrages"},"content":{"rendered":"<h2 style=\"text-align: center\"><img loading=\"lazy\" decoding=\"async\" class=\"aligncenter\" src=\"https:\/\/m.media-amazon.com\/images\/S\/aplus-media\/sc\/21a3f03b-829f-4554-b494-34215adbd6c9.__CR0,724,2000,619_PT0_SX970_V1___.jpg\" alt=\"\" width=\"970\" height=\"300\" title=\"\">ISOP \u00c9chelle d&#8217;\u00e9vacuation d&#8217;incendie 2 \u00e9tages 5 m \u00c9chelle de Corde de s\u00e9curit\u00e9 r\u00e9sistante aux Flammes avec ancrages &#8211; Rapide \u00e0 d\u00e9ployer et Facile \u00e0 Utiliser et \u00e0 Ranger<\/h2>\n<div class=\"celwidget aplus-module module-9\" style=\"text-align: center\" data-csa-c-id=\"8qdekw-f2p4k0-r9icce-qoj6p0\" data-cel-widget=\"aplus-module-9\">\n<div class=\"a-expander-collapsed-height a-row a-expander-container a-expander-partial-collapse-container\" data-a-expander-name=\"aplus-module-expander\" data-a-expander-collapsed-height=\"700\">\n<div class=\"a-expander-content a-expander-partial-collapse-content\">\n<div class=\"aplus-module-wrapper\">\n<div class=\"apm-spacing apm-fixed-width\">\n<div class=\"celwidget aplus-module module-9\" style=\"text-align: center\" data-csa-c-id=\"8qdekw-f2p4k0-r9icce-qoj6p0\" data-cel-widget=\"aplus-module-9\">\n<div class=\"a-expander-collapsed-height a-row a-expander-container a-expander-partial-collapse-container\" data-a-expander-name=\"aplus-module-expander\" data-a-expander-collapsed-height=\"700\">\n<div class=\"a-expander-content a-expander-partial-collapse-content\">\n<div class=\"aplus-module-wrapper\">\n<div class=\"apm-spacing apm-fixed-width\">\n<h3 class=\"a-spacing-small\">Pourquoi nous choisir?<\/h3>\n<div class=\"apm-sidemodule-imageleft\"><img decoding=\"async\" class=\"aligncenter\" src=\"https:\/\/m.media-amazon.com\/images\/S\/aplus-media-library-service-media\/3217fc67-3649-4fc5-8067-00f8bfd97d1b.__CR0,0,300,300_PT0_SX300_V1___.jpg\" alt=\"Pourquoi nous choisir?\" data-src=\"https:\/\/m.media-amazon.com\/images\/S\/aplus-media-library-service-media\/3217fc67-3649-4fc5-8067-00f8bfd97d1b.__CR0,0,300,300_PT0_SX300_V1___.jpg\" data- title=\"\"><\/div>\n<div class=\"apm-sidemodule-textright\">\n<h3>Cette \u00e9chelle d&#8217;\u00e9vacuation d&#8217;urgence est con\u00e7ue pour \u00eatre pratique et accessible.<\/h3>\n<p><span class=\"a-text-bold\">Technologie r\u00e9fl\u00e9chissante brevet\u00e9e.<\/span><\/p>\n<p>Une bande r\u00e9fl\u00e9chissante sp\u00e9ciale qui est tiss\u00e9e dans ces cordes en nylon les rend facilement visibles dans le faisceau lumineux de la lampe de poche afin que vous ne tr\u00e9buchiez pas dessus la nuit.<\/p>\n<\/div>\n<p><img decoding=\"async\" class=\"a-spacing-mini aligncenter\" src=\"https:\/\/m.media-amazon.com\/images\/S\/aplus-media\/sc\/1d1c9f11-8b81-43e1-b2d9-232d2a154745.__CR0,193,641,641_PT0_SX300_V1___.jpg\" alt=\"Sturdy\" data-src=\"https:\/\/m.media-amazon.com\/images\/S\/aplus-media\/sc\/1d1c9f11-8b81-43e1-b2d9-232d2a154745.__CR0,193,641,641_PT0_SX300_V1___.jpg\" data- title=\"\"><\/p>\n<h4 class=\"a-spacing-mini\">ULTRA puissant<\/h4>\n<p>il n&#8217;y a pas d&#8217;\u00e9chelles plus solides et plus fiables que les n\u00f4tres,\u00a0<span class=\"a-text-bold\">test\u00e9es (!)<\/span>\u00a0&#8211; portant 900 kg ou 10 personnes! M\u00eame les \u00e9chelles \u00e0 cha\u00eene ne peuvent pas se vanter de cette capacit\u00e9 de poids.<\/p>\n<p><img decoding=\"async\" class=\"a-spacing-mini aligncenter\" src=\"https:\/\/m.media-amazon.com\/images\/S\/aplus-media\/sc\/66906d66-df90-4038-8550-d72faf80c38f.__CR0,0,1200,1200_PT0_SX300_V1___.jpg\" alt=\"Multifunction\" data-src=\"https:\/\/m.media-amazon.com\/images\/S\/aplus-media\/sc\/66906d66-df90-4038-8550-d72faf80c38f.__CR0,0,1200,1200_PT0_SX300_V1___.jpg\" data- title=\"\"><\/p>\n<h4 class=\"a-spacing-mini\">Multifonction<\/h4>\n<p>peut \u00eatre utilis\u00e9 \u00e0 des fins diverses telles que terrain de jeux, balan\u00e7oires, cabane dans les arbres, grenier, jardin, toit, grenier, bunker, marine et m\u00eame \u00e0 des fins d\u00e9coratives. Vari\u00e9t\u00e9 infinie d&#8217;options d&#8217;utilisation.<\/p>\n<h4 class=\"a-spacing-mini\"><img decoding=\"async\" class=\"a-spacing-mini aligncenter\" style=\"font-size: 16px\" src=\"https:\/\/m.media-amazon.com\/images\/S\/aplus-media\/sc\/a53251f8-492d-40f3-a9db-2bdd1415646f.__CR1018,0,1260,1260_PT0_SX300_V1___.png\" alt=\"anti-slip\" data-src=\"https:\/\/m.media-amazon.com\/images\/S\/aplus-media\/sc\/a53251f8-492d-40f3-a9db-2bdd1415646f.__CR1018,0,1260,1260_PT0_SX300_V1___.png\" data- title=\"\"><\/h4>\n<h4 class=\"a-spacing-mini\">\u00c9chelons antid\u00e9rapants<\/h4>\n<p>les \u00e9chelons sont de forme octogonale, ils sont donc fiables et non glissants.<\/p>\n<p><img decoding=\"async\" class=\"aligncenter\" src=\"https:\/\/m.media-amazon.com\/images\/S\/aplus-media\/sc\/2b5aeb68-441e-435d-b89c-5d2faf4eb063.__CR0,0,1000,1000_PT0_SX220_V1___.jpg\" alt=\"Portable\" data-src=\"https:\/\/m.media-amazon.com\/images\/S\/aplus-media\/sc\/2b5aeb68-441e-435d-b89c-5d2faf4eb063.__CR0,0,1000,1000_PT0_SX220_V1___.jpg\" data- title=\"\"><\/p>\n<\/div>\n<div>\n<h4 class=\"a-spacing-mini\">Portable<\/h4>\n<p class=\"a-size-small\">est livr\u00e9 avec un joli sac noir con\u00e7u. L&#8217;\u00e9chelle est facile \u00e0 transporter n&#8217;importe o\u00f9 dans un sac. Comprend un coffret cadeau de couleur bois naturel.<\/p>\n<p><img decoding=\"async\" class=\"aligncenter\" src=\"https:\/\/m.media-amazon.com\/images\/S\/aplus-media\/sc\/f2e8fc4d-adcb-4ad8-87e7-2d18df74811d.__CR0,13,974,974_PT0_SX220_V1___.jpg\" alt=\"Lightweight\" data-src=\"https:\/\/m.media-amazon.com\/images\/S\/aplus-media\/sc\/f2e8fc4d-adcb-4ad8-87e7-2d18df74811d.__CR0,13,974,974_PT0_SX220_V1___.jpg\" data- title=\"\"><\/p>\n<\/div>\n<\/div>\n<\/div>\n<div>\n<h4 class=\"a-spacing-mini\">Poids l\u00e9ger<\/h4>\n<p class=\"a-size-small\">par exemple, 2,5 m ne p\u00e8se que 1,8 kg<\/p>\n<p><img decoding=\"async\" class=\"aligncenter\" src=\"https:\/\/m.media-amazon.com\/images\/S\/aplus-media\/sc\/0552c400-f2fc-46a1-84a9-d5030a1ca8e2.__CR0,0,1000,1000_PT0_SX220_V1___.jpg\" alt=\"Weather resistant\" data-src=\"https:\/\/m.media-amazon.com\/images\/S\/aplus-media\/sc\/0552c400-f2fc-46a1-84a9-d5030a1ca8e2.__CR0,0,1000,1000_PT0_SX220_V1___.jpg\" data- title=\"\"><\/p>\n<h4 class=\"a-spacing-mini\">R\u00e9sistant aux intemp\u00e9ries<\/h4>\n<p class=\"a-size-small\">\u00e9chelles presque jamais vieillissantes pour tous les temps, ne peuvent pas \u00eatre endommag\u00e9es sous la pluie.<\/p>\n<p><img decoding=\"async\" class=\"aligncenter\" src=\"https:\/\/m.media-amazon.com\/images\/S\/aplus-media\/sc\/14916db8-10a6-4760-8535-f49470d709ad.__CR11,0,1189,1189_PT0_SX220_V1___.jpg\" alt=\"Heavy duty carabiners\" data-src=\"https:\/\/m.media-amazon.com\/images\/S\/aplus-media\/sc\/14916db8-10a6-4760-8535-f49470d709ad.__CR11,0,1189,1189_PT0_SX220_V1___.jpg\" data- title=\"\"><\/p>\n<h4 class=\"a-spacing-mini\">Mousquetons robustes<\/h4>\n<p class=\"a-size-small\">les \u00e9chelles comprennent des mousquetons chrom\u00e9s r\u00e9sistance \u00e0 la rupture 11KN<\/p>\n<\/div>\n<\/div>\n<\/div>\n<div class=\"celwidget aplus-module module-4\" style=\"text-align: center\" data-csa-c-id=\"r0jyvc-byof08-6y9606-vmksqx\" data-cel-widget=\"aplus-module-4\">\n<div class=\"a-expander-collapsed-height a-row a-expander-container a-expander-partial-collapse-container\" data-a-expander-name=\"aplus-module-expander\" data-a-expander-collapsed-height=\"700\">\n<div class=\"a-expander-content a-expander-partial-collapse-content\">\n<div class=\"aplus-module-wrapper\">\n<div class=\"apm-spacing\">\n<div class=\"apm-floatleft apm-fixed-width\">\n<div class=\"apm-spacing\"><img decoding=\"async\" class=\"a-spacing-mini aligncenter\" src=\"https:\/\/m.media-amazon.com\/images\/S\/aplus-media\/sc\/eebfdeb6-a881-47d1-a2d7-3677df2e925c.__CR521,0,1333,1333_PT0_SX300_V1___.jpg\" alt=\"ladder with carabiners\" data-src=\"https:\/\/m.media-amazon.com\/images\/S\/aplus-media\/sc\/eebfdeb6-a881-47d1-a2d7-3677df2e925c.__CR521,0,1333,1333_PT0_SX300_V1___.jpg\" data- title=\"\"><\/div>\n<div><\/div>\n<\/div>\n<\/div>\n<\/div>\n<div>\n<h4 class=\"a-spacing-mini\">R\u00e9sistant aux flammes<\/h4>\n<p>La composition sp\u00e9ciale non combustible des fibres permet \u00e0 l&#8217;\u00e9chelle de r\u00e9sister au feu pendant un certain temps, mais nous ne recommandons toujours pas de l&#8217;utiliser en feu direct.<\/p>\n<p><img decoding=\"async\" class=\"a-spacing-mini aligncenter\" src=\"https:\/\/m.media-amazon.com\/images\/S\/aplus-media\/sc\/d843778e-92b5-40e7-a239-8e35fcbadff6.__CR0,0,2000,2000_PT0_SX300_V1___.jpg\" alt=\"Different length\" data-src=\"https:\/\/m.media-amazon.com\/images\/S\/aplus-media\/sc\/d843778e-92b5-40e7-a239-8e35fcbadff6.__CR0,0,2000,2000_PT0_SX300_V1___.jpg\" data- title=\"\"><\/p>\n<h4 class=\"a-spacing-mini\">Diff\u00e9rentes longueurs<\/h4>\n<p>disponible 2,5 \/ 4\/5 \/ 7,5 \/ 10 m pour les maisons de 1 \u00e0 4 \u00e9tages.<\/p>\n<p><img decoding=\"async\" class=\"a-spacing-mini aligncenter\" src=\"https:\/\/m.media-amazon.com\/images\/S\/aplus-media\/sc\/b32fbb7f-dd3b-4bce-a9d4-1f51dbe477df.__CR0,0,1000,1000_PT0_SX300_V1___.jpg\" alt=\"reusable\" data-src=\"https:\/\/m.media-amazon.com\/images\/S\/aplus-media\/sc\/b32fbb7f-dd3b-4bce-a9d4-1f51dbe477df.__CR0,0,1000,1000_PT0_SX300_V1___.jpg\" data- title=\"\"><\/p>\n<h4>Certifi\u00e9<\/h4>\n<p>Nos \u00e9chelles, contrairement \u00e0 toutes les autres similaires sur le march\u00e9, sont certifi\u00e9es selon la norme de qualit\u00e9 EN 131. Il vaut mieux confier sa vie \u00e0 un produit ayant pass\u00e9 tous les tests n\u00e9cessaires plut\u00f4t qu\u2019\u00e0 un article l\u00e9g\u00e8rement moins cher fabriqu\u00e9 on ne sait comment.<\/p>\n<p><img loading=\"lazy\" decoding=\"async\" class=\"wp-image-5628 aligncenter\" src=\"https:\/\/isopllc.com\/fr\/wp-content\/uploads\/sites\/6\/2022\/11\/EN131-CE-certified.jpg\" alt=\"Certifi\u00e9 \u00c9chelle de Corde\" width=\"320\" height=\"320\" title=\"\" srcset=\"https:\/\/isopllc.com\/fr\/wp-content\/uploads\/sites\/6\/2022\/11\/EN131-CE-certified.jpg 900w, https:\/\/isopllc.com\/fr\/wp-content\/uploads\/sites\/6\/2022\/11\/EN131-CE-certified-150x150.jpg 150w, https:\/\/isopllc.com\/fr\/wp-content\/uploads\/sites\/6\/2022\/11\/EN131-CE-certified-768x768.jpg 768w, https:\/\/isopllc.com\/fr\/wp-content\/uploads\/sites\/6\/2022\/11\/EN131-CE-certified-416x416.jpg 416w, https:\/\/isopllc.com\/fr\/wp-content\/uploads\/sites\/6\/2022\/11\/EN131-CE-certified-100x100.jpg 100w\" sizes=\"auto, (max-width: 320px) 100vw, 320px\" \/><\/p>\n<h4 class=\"a-spacing-mini\">R\u00e9utilisable<\/h4>\n<p>contrairement aux autres \u00e9chelles en aluminium, nos \u00e9chelles en corde sont r\u00e9utilisables.<\/p>\n<p><img decoding=\"async\" class=\"a-spacing-mini aligncenter\" style=\"font-weight: 600;text-align: left\" src=\"https:\/\/m.media-amazon.com\/images\/S\/aplus-media-library-service-media\/3e3631ef-bf95-4934-bd5d-2881c8d8d8c7.__CR0,0,300,300_PT0_SX300_V1___.jpg\" alt=\"anchors\" data-src=\"https:\/\/m.media-amazon.com\/images\/S\/aplus-media-library-service-media\/3e3631ef-bf95-4934-bd5d-2881c8d8d8c7.__CR0,0,300,300_PT0_SX300_V1___.jpg\" data- title=\"\"><\/p>\n<p>Ensemble de boulons d&#8217;ancrage d&#8217;escalade, comprend 2 plaques de suspension et 2 boulons d&#8217;expansion. Les \u00e9crous de boulon et les rondelles plates sont inclus.<\/p>\n<p><img decoding=\"async\" class=\"a-spacing-mini aligncenter\" style=\"font-weight: 600;text-align: left\" src=\"https:\/\/m.media-amazon.com\/images\/S\/aplus-media-library-service-media\/ac107527-31f7-4d80-b674-40b8002414d7.__CR0,0,300,300_PT0_SX300_V1___.jpg\" alt=\"anchors back\" data-src=\"https:\/\/m.media-amazon.com\/images\/S\/aplus-media-library-service-media\/ac107527-31f7-4d80-b674-40b8002414d7.__CR0,0,300,300_PT0_SX300_V1___.jpg\" data- title=\"\"><\/p>\n<p>Plaques de suspension pour point d&#8217;ancrage permanent. \u0152illet d&#8217;attache con\u00e7u pour deux mousquetons.<\/p>\n<p><img decoding=\"async\" class=\"a-spacing-mini aligncenter\" style=\"font-weight: 600;text-align: left\" src=\"https:\/\/m.media-amazon.com\/images\/S\/aplus-media-library-service-media\/3536bb7e-bf8c-4956-95aa-18f0bec05cc5.__CR0,0,300,300_PT0_SX300_V1___.jpg\" alt=\"anchors\" data-src=\"https:\/\/m.media-amazon.com\/images\/S\/aplus-media-library-service-media\/3536bb7e-bf8c-4956-95aa-18f0bec05cc5.__CR0,0,300,300_PT0_SX300_V1___.jpg\" data- title=\"\"><\/p>\n<p>Fabriqu\u00e9 en acier inoxydable de haute qualit\u00e9 et durable. L\u00e9ger, adapt\u00e9 \u00e0 l&#8217;alpinisme, \u00e0 l&#8217;escalade, \u00e0 la sp\u00e9l\u00e9ologie et \u00e0 d&#8217;autres activit\u00e9s de plein air.<\/p>\n<\/div>\n<\/div>\n<\/div>\n<\/div>\n<\/div>\n<\/div>\n<\/div>\n<\/div>\n<\/div>\n<div class=\"celwidget aplus-module module-2\" data-csa-c-id=\"natz8u-fpdgqh-3o4hqm-4hr1km\" data-cel-widget=\"aplus-module-2\">\n<div class=\"a-expander-collapsed-height a-row a-expander-container a-expander-partial-collapse-container\" data-a-expander-name=\"aplus-module-expander\" data-a-expander-collapsed-height=\"700\">\n<div class=\"a-expander-content a-expander-partial-collapse-content\">\n<div class=\"aplus-module-wrapper apm-floatnone\">\n<div class=\"apm-sidemodule apm-spacing\">\n<div class=\"apm-sidemodule-imageleft\" style=\"text-align: center\"><img decoding=\"async\" class=\"aligncenter\" src=\"https:\/\/m.media-amazon.com\/images\/S\/aplus-media\/sc\/fa263336-bda8-42e1-8872-40df9f912f96.__CR0,0,1000,1000_PT0_SX300_V1___.jpg\" alt=\"ladder\" data-src=\"https:\/\/m.media-amazon.com\/images\/S\/aplus-media\/sc\/fa263336-bda8-42e1-8872-40df9f912f96.__CR0,0,1000,1000_PT0_SX300_V1___.jpg\" data- title=\"\"><\/div>\n<div class=\"apm-sidemodule-textright\">\n<h3 class=\"a-spacing-mini\" style=\"text-align: center\">Cette \u00e9chelle d&#8217;\u00e9vacuation d&#8217;urgence en cas d&#8217;incendie est con\u00e7ue dans un souci de commodit\u00e9 et d&#8217;accessibilit\u00e9<\/h3>\n<p style=\"text-align: center\">Une catastrophe peut survenir \u00e0 tout moment, que vous soyez pr\u00eat ou non. C&#8217;est pourquoi nous avons con\u00e7u nos \u00e9chelles d&#8217;\u00e9vacuation pour les maisons jusqu&#8217;\u00e0 2 \u00e9tages afin de vous fournir un moyen pratique et fiable de sortir de n&#8217;importe quel b\u00e2timent par les fen\u00eatres. Si votre maison, \u00e9cole ou appartement n\u2019a pas d\u2019issue de secours ou s\u2019ils ne sont pas facilement accessibles, vous avez besoin d\u2019une \u00e9chelle de s\u00e9curit\u00e9 sur laquelle vous pouvez compter.<\/p>\n<p style=\"text-align: center\">Cette \u00e9chelle de secours \u00e0 2 \u00e9tages est soigneusement emball\u00e9e pour fournir une voie d&#8217;\u00e9vacuation pratique et sans enchev\u00eatrement \u00e0 travers votre fen\u00eatre, parfaite pour les enfants et les adultes. Gr\u00e2ce \u00e0 sa construction solide, elle peut supporter jusqu&#8217;\u00e0 900 kg tandis que les mousquetons robustes offrent une prise stable pour rendre votre d\u00e9cent aussi facile que possible, ce qui fait de cette \u00e9chelle d&#8217;urgence un incontournable pour quiconque veut qu&#8217;eux et leur famille ou employ\u00e9s restent en s\u00e9curit\u00e9 en cas d&#8217;urgence.<\/p>\n<\/div>\n<\/div>\n<\/div>\n<\/div>\n<\/div>\n<\/div>\n","protected":false},"excerpt":{"rendered":"[embed]https:\/\/youtu.be\/Ay4rV_L3NBE[\/embed]\n<p style=\"text-align: center\">ISOP \u00c9chelle d&#8217;\u00e9vacuation d&#8217;incendie 2 \u00e9tages 5 m \u00c9chelle de Corde de s\u00e9curit\u00e9 r\u00e9sistante aux Flammes avec ancrages &#8211; Rapide \u00e0 d\u00e9ployer et Facile \u00e0 Utiliser et \u00e0 Ranger<\/p>\n<p style=\"text-align: center\">LIVRAISON GRATUITE SOUS 3-7 JOURS<\/p>\n<h4 style=\"text-align: center\">ACHETER SUR<\/h4>\n<p><a href=\"https:\/\/www.amazon.fr\/ISOP-D%C3%A9vacuation-%C3%89chelles-S%C3%A9curit%C3%A9-Mousquetons\/dp\/B0BDF1W58Z\/?maas=maas_adg_7DF34E02CCA798F871700F0130C2094C_afap_abs&amp;ref_=aa_maas&amp;ref=sr_1_4&amp;__mk_fr_FR=%C3%85M%C3%85%C5%BD%C3%95%C3%91&amp;dchild=1&amp;keywords=%C3%89chelle%2BD%27%C3%A9vacuation%2B2%2B%C3%A9tages&amp;qid=1623666087&amp;s=hi&amp;sr=1-4&amp;th=1\"><img loading=\"lazy\" decoding=\"async\" class=\"alignnone wp-image-1040 size-full aligncenter\" src=\"https:\/\/rightfoodonly.com\/wp-content\/uploads\/amazon-button9.png\" alt=\"\" width=\"160\" height=\"59\" \/><\/a><\/p>\n<p>&nbsp;<\/p>\n","protected":false},"featured_media":4681,"comment_status":"open","ping_status":"closed","template":"","meta":[],"product_brand":[],"product_cat":[263,267,266],"product_tag":[109,111,110,79,176,70,174,87,175,80],"class_list":{"0":"post-4644","1":"product","2":"type-product","3":"status-publish","4":"has-post-thumbnail","6":"product_cat-echelles-de-secours-en-corde","7":"product_cat-echelles-de-secours-pour-1-etage","8":"product_cat-echelles-de-secours-pour-2-etages","9":"product_tag-boulon-dancrage-descalade","10":"product_tag-cintre-de-boulon-descalade","11":"product_tag-cintres-dancrage-descalade","12":"product_tag-echelle-devacuation-incendie","13":"product_tag-echelle-dincendie-pour-le-deuxieme-etage","14":"product_tag-echelle-de-secours","15":"product_tag-echelle-de-secours-2-etages","16":"product_tag-echelle-de-secours-au-deuxieme-etage","17":"product_tag-echelle-de-secours-au-deuxieme-etage-a-vendre","18":"product_tag-echelle-de-securite-incendie","20":"first","21":"instock","22":"shipping-taxable","23":"purchasable","24":"product-type-simple"},"_links":{"self":[{"href":"https:\/\/isopllc.com\/fr\/wp-json\/wp\/v2\/product\/4644","targetHints":{"allow":["GET"]}}],"collection":[{"href":"https:\/\/isopllc.com\/fr\/wp-json\/wp\/v2\/product"}],"about":[{"href":"https:\/\/isopllc.com\/fr\/wp-json\/wp\/v2\/types\/product"}],"replies":[{"embeddable":true,"href":"https:\/\/isopllc.com\/fr\/wp-json\/wp\/v2\/comments?post=4644"}],"wp:featuredmedia":[{"embeddable":true,"href":"https:\/\/isopllc.com\/fr\/wp-json\/wp\/v2\/media\/4681"}],"wp:attachment":[{"href":"https:\/\/isopllc.com\/fr\/wp-json\/wp\/v2\/media?parent=4644"}],"wp:term":[{"taxonomy":"product_brand","embeddable":true,"href":"https:\/\/isopllc.com\/fr\/wp-json\/wp\/v2\/product_brand?post=4644"},{"taxonomy":"product_cat","embeddable":true,"href":"https:\/\/isopllc.com\/fr\/wp-json\/wp\/v2\/product_cat?post=4644"},{"taxonomy":"product_tag","embeddable":true,"href":"https:\/\/isopllc.com\/fr\/wp-json\/wp\/v2\/product_tag?post=4644"}],"curies":[{"name":"wp","href":"https:\/\/api.w.org\/{rel}","templated":true}]}}