{"id":4859,"date":"2023-06-09T07:22:51","date_gmt":"2023-06-09T07:22:51","guid":{"rendered":"https:\/\/isopllc.com\/fr\/?post_type=product&#038;p=4859"},"modified":"2025-06-29T11:19:51","modified_gmt":"2025-06-29T11:19:51","slug":"boite-dacces-universelle-pour-echelle-de-securite","status":"publish","type":"product","link":"https:\/\/isopllc.com\/fr\/product\/boite-dacces-universelle-pour-echelle-de-securite\/","title":{"rendered":"Bo\u00eete d&#8217;acc\u00e8s universel pour \u00e9chelle de secours"},"content":{"rendered":"<div class=\"celwidget aplus-module module-4 aplus-standard\" data-csa-c-id=\"6mnb1z-9dwrl2-ic24uv-jd1phn\" data-cel-widget=\"aplus-module-4\">\n<div class=\"a-expander-collapsed-height a-row a-expander-container a-expander-partial-collapse-container\" aria-live=\"polite\" data-a-expander-name=\"aplus-module-expander\" data-a-expander-collapsed-height=\"700\">\n<div class=\"a-expander-content a-expander-partial-collapse-content\" aria-expanded=\"false\">\n<div class=\"aplus-module-wrapper apm-fixed-width\">\n<div class=\"apm-spacing\">\n<div class=\"apm-floatleft apm-fixed-width\">\n<div id=\"title_feature_div\" class=\"celwidget\" data-feature-name=\"title\" data-csa-c-id=\"m5t5xw-wzxd1-od319-pyb58o\" data-cel-widget=\"title_feature_div\">\n<div id=\"titleSection\" class=\"a-section a-spacing-none\">\n<div id=\"title_feature_div\" class=\"celwidget\" data-feature-name=\"title\" data-csa-c-id=\"m5t5xw-wzxd1-od319-pyb58o\" data-cel-widget=\"title_feature_div\">\n<div id=\"titleSection\" class=\"a-section a-spacing-none\">\n<h2 id=\"reconcile-item-title\" class=\"text-weight-bold\">Armoire en aluminium pour \u00e9chelle de secours \/ bo\u00eete d&#8217;acc\u00e8s universel pour extincteur<\/h2>\n<p><img decoding=\"async\" class=\"a-spacing-mini\" src=\"https:\/\/m.media-amazon.com\/images\/S\/aplus-media-library-service-media\/e15241a0-08f0-49b7-9104-3cbeb027e2cc.__CR0,0,1000,1000_PT0_SX300_V1___.jpg\" alt=\"aluminum box\" data-src=\"https:\/\/m.media-amazon.com\/images\/S\/aplus-media-library-service-media\/e15241a0-08f0-49b7-9104-3cbeb027e2cc.__CR0,0,1000,1000_PT0_SX300_V1___.jpg\" data- title=\"\"><\/p>\n<\/div>\n<\/div>\n<ul>\n<li>Design compact<\/li>\n<li>Construction en fer robuste<\/li>\n<li>Verre acrylique (qui est plus s\u00fbr que le verre standard en cas d&#8217;urgence)<\/li>\n<li>Se monte facilement sur un mur<\/li>\n<li>Facile \u00e0 trouver en cas de besoin<\/li>\n<\/ul>\n<\/div>\n<\/div>\n<\/div>\n<\/div>\n<\/div>\n<\/div>\n<\/div>\n<\/div>\n<div class=\"celwidget aplus-module module-9 aplus-standard\" data-csa-c-id=\"kgh8ns-6rdhac-l4uce3-redgno\" data-cel-widget=\"aplus-module-9\">\n<div class=\"a-expander-collapsed-height a-row a-expander-container a-expander-partial-collapse-container\" aria-live=\"polite\" data-a-expander-name=\"aplus-module-expander\" data-a-expander-collapsed-height=\"700\">\n<div class=\"a-expander-content a-expander-partial-collapse-content\" aria-expanded=\"false\">\n<div class=\"aplus-module-wrapper apm-fixed-width\">\n<div class=\"apm-spacing apm-fixed-width\">\n<div class=\"celwidget aplus-module module-9 aplus-standard\" data-csa-c-id=\"6rrkxj-o9oo3p-2dk8kw-v8mrts\" data-cel-widget=\"aplus-module-9\">\n<div class=\"a-expander-collapsed-height a-row a-expander-container a-expander-partial-collapse-container\" aria-live=\"polite\" data-a-expander-name=\"aplus-module-expander\" data-a-expander-collapsed-height=\"700\">\n<div class=\"a-expander-content a-expander-partial-collapse-content\" aria-expanded=\"false\">\n<div class=\"aplus-module-wrapper apm-fixed-width\">\n<div class=\"apm-spacing apm-fixed-width\">\n<p><img decoding=\"async\" class=\"a-spacing-mini\" src=\"https:\/\/m.media-amazon.com\/images\/S\/aplus-media-library-service-media\/eb357252-9807-4881-a43c-3cc4db2103d8.__CR0,0,1000,1000_PT0_SX300_V1___.jpg\" alt=\"alumnium box for fire extinguisher fire escape ladder\" data-src=\"https:\/\/m.media-amazon.com\/images\/S\/aplus-media-library-service-media\/eb357252-9807-4881-a43c-3cc4db2103d8.__CR0,0,1000,1000_PT0_SX300_V1___.jpg\" data- title=\"\"><\/p>\n<\/div>\n<p>L&#8217;armoire d&#8217;extincteur en fer garde votre extincteur ou votre \u00e9chelle de secours facilement accessible en cas d&#8217;urgence.<\/p>\n<p>En raison de sa taille compacte (36\u00a0x\u00a026\u00a0x\u00a013\u00a0cm, 1\u00a0mm d&#8217;\u00e9paisseur)\u00a0et de sa construction durable, cette armoire est id\u00e9ale pour les appartements, les condos et les petites entreprises, et elle offre un endroit s\u00fbr et s\u00e9curis\u00e9 pour le stockage \u00e0 long terme.<\/p>\n<p><img decoding=\"async\" class=\"a-spacing-mini\" src=\"https:\/\/m.media-amazon.com\/images\/S\/aplus-media-library-service-media\/3806abe5-8aab-4c85-9449-dfe77f5144ae.__CR0,0,1000,1000_PT0_SX300_V1___.jpg\" alt=\"aluminum box\" data-src=\"https:\/\/m.media-amazon.com\/images\/S\/aplus-media-library-service-media\/3806abe5-8aab-4c85-9449-dfe77f5144ae.__CR0,0,1000,1000_PT0_SX300_V1___.jpg\" data- title=\"\"><\/p>\n<p>En cas d&#8217;incendie soudain \u00e0 la maison ou au travail, fournissez un endroit d\u00e9sign\u00e9 pour votre extincteur ou votre \u00e9chelle en le gardant \u00e0 proximit\u00e9 et pr\u00eat quand il est le plus n\u00e9cessaire.<\/p>\n<p><strong data-start=\"118\" data-end=\"133\">Avantages :<\/strong><\/p>\n<ul data-start=\"136\" data-end=\"531\">\n<li data-start=\"136\" data-end=\"197\">\n<p data-start=\"138\" data-end=\"197\"><strong data-start=\"138\" data-end=\"166\">R\u00e9sistance et durabilit\u00e9<\/strong> gr\u00e2ce \u00e0 l\u2019aluminium robuste.<\/p>\n<\/li>\n<li data-start=\"198\" data-end=\"265\">\n<p data-start=\"200\" data-end=\"265\"><strong data-start=\"200\" data-end=\"223\">Protection optimale<\/strong> contre les intemp\u00e9ries et la corrosion.<\/p>\n<\/li>\n<li data-start=\"266\" data-end=\"339\">\n<p data-start=\"268\" data-end=\"339\"><strong data-start=\"268\" data-end=\"298\">Installation murale facile<\/strong> pour un acc\u00e8s rapide en cas d\u2019urgence.<\/p>\n<\/li>\n<li data-start=\"340\" data-end=\"417\">\n<p data-start=\"342\" data-end=\"417\"><strong data-start=\"342\" data-end=\"361\">S\u00e9curit\u00e9 accrue<\/strong> : l\u2019armoire prot\u00e8ge l\u2019\u00e9chelle des dommages ou du vol.<\/p>\n<\/li>\n<li data-start=\"418\" data-end=\"473\">\n<p data-start=\"420\" data-end=\"473\"><strong data-start=\"420\" data-end=\"438\">Design compact<\/strong> : ne prend pas de place inutile.<\/p>\n<\/li>\n<li data-start=\"474\" data-end=\"531\">\n<p data-start=\"476\" data-end=\"531\"><strong data-start=\"476\" data-end=\"497\">Entretien minimal<\/strong> gr\u00e2ce aux mat\u00e9riaux de qualit\u00e9.<\/p>\n<\/li>\n<\/ul>\n<hr data-start=\"533\" data-end=\"536\" \/>\n<h3 data-start=\"538\" data-end=\"565\"><strong data-start=\"545\" data-end=\"563\">Utilisations :<\/strong><\/h3>\n<ul data-start=\"566\" data-end=\"1046\">\n<li data-start=\"566\" data-end=\"664\">\n<p data-start=\"568\" data-end=\"664\"><strong data-start=\"568\" data-end=\"589\">Stockage s\u00e9curis\u00e9<\/strong> d\u2019une \u00e9chelle de secours dans les b\u00e2timents r\u00e9sidentiels ou commerciaux.<\/p>\n<\/li>\n<li data-start=\"665\" data-end=\"759\">\n<p data-start=\"667\" data-end=\"759\"><strong data-start=\"667\" data-end=\"714\">Installation \u00e0 l\u2019ext\u00e9rieur ou \u00e0 l\u2019int\u00e9rieur<\/strong> : sur un balcon, une fa\u00e7ade ou un couloir.<\/p>\n<\/li>\n<li data-start=\"760\" data-end=\"858\">\n<p data-start=\"762\" data-end=\"858\"><strong data-start=\"762\" data-end=\"799\">Protection d\u2019\u00e9quipement d\u2019urgence<\/strong> dans les \u00e9coles, h\u00f4pitaux, h\u00f4tels, bureaux ou entrep\u00f4ts.<\/p>\n<\/li>\n<li data-start=\"859\" data-end=\"955\">\n<p data-start=\"861\" data-end=\"955\"><strong data-start=\"861\" data-end=\"907\">Id\u00e9al pour les maisons de plusieurs \u00e9tages<\/strong> afin d\u2019assurer une \u00e9vacuation rapide et s\u00fbre.<\/p>\n<\/li>\n<li data-start=\"956\" data-end=\"1046\">\n<p data-start=\"958\" data-end=\"1046\"><strong data-start=\"958\" data-end=\"1046\">Convient aux immeubles d\u2019habitation, aux locaux professionnels et aux lieux publics.<\/strong><\/p>\n<\/li>\n<\/ul>\n<\/div>\n<\/div>\n<\/div>\n<\/div>\n<\/div>\n<\/div>\n<\/div>\n<\/div>\n<\/div>\n","protected":false},"excerpt":{"rendered":"[embed]https:\/\/youtu.be\/D0bwKWsrPbM[\/embed]\n<p id=\"reconcile-item-title\" class=\"text-weight-bold\" style=\"text-align: center;\">Armoire en aluminium pour \u00e9chelle de secours\/bo\u00eete d&#8217;acc\u00e8s universel pour extincteur<\/p>\n<p style=\"text-align: center;\">LIVRAISON GRATUITE SOUS 3-7 JOURS<\/p>\n<h4 style=\"text-align: center;\"><strong>ACHETEZ-LE SUR<\/strong><a href=\"https:\/\/www.amazon.fr\/dp\/B09BQ3H3NQ\/ref=sr_1_1?__mk_fr_FR=%C3%85M%C3%85%C5%BD%C3%95%C3%91&amp;crid=3T5GBN65HKU5L&amp;dib=eyJ2IjoiMSJ9.qN9MNFWCP8opd3OJfLm8gA.wp1jThShtTMACSO5igNFTaZt5b3r69dlizCrPdGhB3g&amp;dib_tag=se&amp;keywords=Bo%C3%AEte%2BD%27acc%C3%A8s%2BUniverselle%2Ben%2BAluminium%2Bpour%2BInt%C3%A9rieur%2Bet%2BExt%C3%A9rieur%2Bpour%2B%C3%A9chelle&amp;qid=1739716883&amp;refresh=1&amp;s=hi&amp;sprefix=b09bq3h3nq%2Cdiy%2C202&amp;sr=1-1&amp;th=1\"><img loading=\"lazy\" decoding=\"async\" class=\"aligncenter wp-image-1040 size-full\" src=\"https:\/\/isopllc.com\/fr\/wp-content\/uploads\/sites\/6\/2020\/01\/amazon-button9.png\" alt=\"\" width=\"160\" height=\"59\" \/><\/a><\/h4>\n","protected":false},"featured_media":4865,"comment_status":"open","ping_status":"closed","template":"","meta":[],"product_brand":[],"product_cat":[257,259],"product_tag":[41,35,37,38,36,46,44,45,42,43,39,40],"class_list":{"0":"post-4859","1":"product","2":"type-product","3":"status-publish","4":"has-post-thumbnail","6":"product_cat-accessoires-pour-echelles-anti-incendie","7":"product_cat-boite-de-rangement-pour-echelles-de-secours","8":"product_tag-armoire-dechelle-de-secours","9":"product_tag-boite-de-rangement-pour-echelle-de-secours","10":"product_tag-boite-exterieure-pour-echelle-de-secours","11":"product_tag-boite-murale-pour-echelle-de-secours","12":"product_tag-boite-pour-echelle-de-secours","13":"product_tag-echelle-dincendie-integree","14":"product_tag-echelle-dincendie-murale","15":"product_tag-echelle-de-secours-integree","16":"product_tag-echelle-de-secours-montee","17":"product_tag-escalier-de-secours-mural-echelle","18":"product_tag-stockage-mural-pour-echelle-de-secours","19":"product_tag-stockage-pour-echelle-de-secours","21":"first","22":"instock","23":"shipping-taxable","24":"purchasable","25":"product-type-simple"},"_links":{"self":[{"href":"https:\/\/isopllc.com\/fr\/wp-json\/wp\/v2\/product\/4859","targetHints":{"allow":["GET"]}}],"collection":[{"href":"https:\/\/isopllc.com\/fr\/wp-json\/wp\/v2\/product"}],"about":[{"href":"https:\/\/isopllc.com\/fr\/wp-json\/wp\/v2\/types\/product"}],"replies":[{"embeddable":true,"href":"https:\/\/isopllc.com\/fr\/wp-json\/wp\/v2\/comments?post=4859"}],"wp:featuredmedia":[{"embeddable":true,"href":"https:\/\/isopllc.com\/fr\/wp-json\/wp\/v2\/media\/4865"}],"wp:attachment":[{"href":"https:\/\/isopllc.com\/fr\/wp-json\/wp\/v2\/media?parent=4859"}],"wp:term":[{"taxonomy":"product_brand","embeddable":true,"href":"https:\/\/isopllc.com\/fr\/wp-json\/wp\/v2\/product_brand?post=4859"},{"taxonomy":"product_cat","embeddable":true,"href":"https:\/\/isopllc.com\/fr\/wp-json\/wp\/v2\/product_cat?post=4859"},{"taxonomy":"product_tag","embeddable":true,"href":"https:\/\/isopllc.com\/fr\/wp-json\/wp\/v2\/product_tag?post=4859"}],"curies":[{"name":"wp","href":"https:\/\/api.w.org\/{rel}","templated":true}]}}