{"id":4940,"date":"2023-08-14T08:04:42","date_gmt":"2023-08-14T08:04:42","guid":{"rendered":"https:\/\/isopllc.com\/fr\/?post_type=product&#038;p=4940"},"modified":"2025-07-11T07:59:49","modified_gmt":"2025-07-11T07:59:49","slug":"echelle-de-securite-en-corde-de-7-5-m-avec-stabilisateurs-a-distance","status":"publish","type":"product","link":"https:\/\/isopllc.com\/fr\/product\/echelle-de-securite-en-corde-de-7-5-m-avec-stabilisateurs-a-distance\/","title":{"rendered":"\u00c9chelle de s\u00e9curit\u00e9 en corde de 7.5\u00a0m avec stabilisateurs \u00e0 distance"},"content":{"rendered":"<div class=\"celwidget aplus-module module-9\" style=\"text-align: center\" data-csa-c-id=\"8qdekw-f2p4k0-r9icce-qoj6p0\" data-cel-widget=\"aplus-module-9\">\n<div class=\"a-expander-collapsed-height a-row a-expander-container a-expander-partial-collapse-container\" aria-live=\"polite\" data-a-expander-name=\"aplus-module-expander\" data-a-expander-collapsed-height=\"700\">\n<div class=\"a-expander-content a-expander-partial-collapse-content\" aria-expanded=\"false\">\n<div class=\"aplus-module-wrapper\">\n<div class=\"apm-spacing apm-fixed-width\">\n<h1 id=\"title\" class=\"a-size-large a-spacing-none\" style=\"text-align: left\">\u00c9chelle de secours en cas d&#8217;incendie 3 \u00e9tages | \u00c9chelle de s\u00e9curit\u00e9 en corde de 7.5 m avec stabilisateurs \u00e0 distance | Rapide \u00e0 d\u00e9ployer et facile \u00e0 utiliser | Compact et facile \u00e0 ranger | Capacit\u00e9 de poids jusqu&#8217;\u00e0 2000 livres<\/h1>\n<\/div>\n<\/div>\n<\/div>\n<\/div>\n<\/div>\n<div class=\"celwidget aplus-module module-4\" style=\"text-align: center\" data-csa-c-id=\"r0jyvc-byof08-6y9606-vmksqx\" data-cel-widget=\"aplus-module-4\">\n<div class=\"a-expander-collapsed-height a-row a-expander-container a-expander-partial-collapse-container\" aria-live=\"polite\" data-a-expander-name=\"aplus-module-expander\" data-a-expander-collapsed-height=\"700\">\n<div class=\"a-expander-content a-expander-partial-collapse-content\" aria-expanded=\"false\">\n<div class=\"amp-centerthirdcol-listbox\">\n<div class=\"a-box a-spacing-small a-color-alternate-background apm-listbox amp-centerthirdcol-listbox\">\n<div class=\"a-box-inner\">\n<div class=\"celwidget aplus-module module-12 aplus-standard\">\n<div class=\"a-expander-collapsed-height a-row a-expander-container a-expander-partial-collapse-container\" data-a-expander-name=\"aplus-module-expander\" data-a-expander-collapsed-height=\"360\">\n<div class=\"a-expander-content a-expander-partial-collapse-content\" aria-expanded=\"false\">\n<div class=\"aplus-module-wrapper apm-spacing apm-floatnone apm-fixed-width\">\n<div class=\"apm-sidemodule aplus-module-content\">\n<div class=\"textright apm-hero-text\"><\/div>\n<\/div>\n<\/div>\n<\/div>\n<\/div>\n<\/div>\n<div class=\"celwidget aplus-module module-9 aplus-standard\">\n<div class=\"a-expander-collapsed-height a-row a-expander-container a-expander-partial-collapse-container\" data-a-expander-name=\"aplus-module-expander\" data-a-expander-collapsed-height=\"700\">\n<div class=\"a-expander-content a-expander-partial-collapse-content\" aria-expanded=\"false\">\n<div class=\"aplus-module-wrapper apm-fixed-width\">\n<div class=\"apm-spacing apm-fixed-width\">\n<div class=\"celwidget aplus-module module-9 aplus-standard\">\n<div class=\"a-expander-collapsed-height a-row a-expander-container a-expander-partial-collapse-container\" data-a-expander-name=\"aplus-module-expander\" data-a-expander-collapsed-height=\"700\">\n<div class=\"a-expander-content a-expander-partial-collapse-content\" aria-expanded=\"false\">\n<h3 class=\"a-spacing-small\" style=\"text-align: left\">Pourquoi nous choisir?<\/h3>\n<h4 style=\"text-align: left\"><img loading=\"lazy\" decoding=\"async\" class=\"alignnone wp-image-4785\" src=\"https:\/\/isopllc.com\/usa\/wp-content\/uploads\/sites\/4\/2022\/12\/reflective-rope-ladders.jpg\" alt=\"reflective rope ladder\" width=\"307\" height=\"409\" title=\"\">Technologie r\u00e9fl\u00e9chissante brevet\u00e9e<\/h4>\n<p style=\"text-align: left\">Cette \u00e9chelle est con\u00e7ue dans un souci de commodit\u00e9 et d&#8217;accessibilit\u00e9.<\/p>\n<p style=\"text-align: left\">Une bande r\u00e9fl\u00e9chissante sp\u00e9ciale tiss\u00e9e dans ces cordes en nylon la rend tr\u00e8s visible dans le faisceau de la lampe de poche afin que vous ne tr\u00e9buchiez pas dessus la nuit.<\/p>\n<div class=\"celwidget aplus-module module-9 aplus-standard\">\n<div class=\"a-expander-collapsed-height a-row a-expander-container a-expander-partial-collapse-container\" data-a-expander-name=\"aplus-module-expander\" data-a-expander-collapsed-height=\"700\">\n<div class=\"a-expander-content a-expander-partial-collapse-content\" aria-expanded=\"false\">\n<p><img decoding=\"async\" class=\"a-spacing-mini\" src=\"https:\/\/m.media-amazon.com\/images\/S\/aplus-media-library-service-media\/811fc784-e602-432e-9106-11c40b5fca8f.__CR0,0,1000,1000_PT0_SX300_V1___.jpg\" alt=\"reinforced rung cap\" data-src=\"https:\/\/m.media-amazon.com\/images\/S\/aplus-media-library-service-media\/811fc784-e602-432e-9106-11c40b5fca8f.__CR0,0,1000,1000_PT0_SX300_V1___.jpg\" data- title=\"\"><\/p>\n<h4 class=\"a-spacing-mini\" style=\"text-align: left\">Capuchons d&#8217;\u00e9chelon renforc\u00e9s<\/h4>\n<p class=\"aplus-module-wrapper apm-fixed-width\" style=\"text-align: left\">Nos casquettes sont plus \u00e9paisses, plus grandes et plus robustes. Comme l&#8217;a montr\u00e9 la pratique, ces \u00e9chelons se cassent sous le poids pr\u00e9cis\u00e9ment \u00e0 ces endroits, c&#8217;est pourquoi les capuchons renforc\u00e9s sont indispensables pour une utilisation longue et s\u00fbre des \u00e9chelles.<\/p>\n<p><img decoding=\"async\" class=\"a-spacing-mini\" src=\"https:\/\/m.media-amazon.com\/images\/S\/aplus-media-library-service-media\/ee031fb3-8354-45bf-b886-4886ca25315d.__CR0,0,300,300_PT0_SX300_V1___.jpg\" alt=\"ULTRA POWEFUL\" data-src=\"https:\/\/m.media-amazon.com\/images\/S\/aplus-media-library-service-media\/ee031fb3-8354-45bf-b886-4886ca25315d.__CR0,0,300,300_PT0_SX300_V1___.jpg\" data- title=\"\"><\/p>\n<h4 class=\"a-spacing-mini\" style=\"text-align: left\">ULTRA puissant<\/h4>\n<p style=\"text-align: left\">Il n&#8217;y a pas d&#8217;\u00e9chelles plus solides et plus fiables que les n\u00f4tres (test\u00e9es!) &#8211; supportant 2500 lb ou 10 personnes! M\u00eame les \u00e9chelles \u00e0 cha\u00eene ne peuvent pas se vanter de cette capacit\u00e9 de poids.<\/p>\n<p style=\"text-align: left\"><img loading=\"lazy\" decoding=\"async\" class=\"alignnone wp-image-4734\" src=\"https:\/\/isopllc.com\/usa\/wp-content\/uploads\/sites\/4\/2022\/12\/Stabilizers-for-Fire-Escape-Ladder-3.jpg\" alt=\"Stabilizers for Fire Escape Ladder 3\" width=\"298\" height=\"417\" title=\"\"><\/p>\n<h3 class=\"a-spacing-small\" style=\"text-align: left\">Stabilisateurs \u00e0 distance | Lot de 10 paires arrivera dans un colis s\u00e9par\u00e9<\/h3>\n<p style=\"text-align: left\">Nos stabilisateurs innovants permettent aux \u00e9chelles de rester solides contre un mur et facilitent grandement la descente du deuxi\u00e8me et jusqu&#8217;au 5e \u00e9tage.<\/p>\n<p style=\"text-align: left\"><img loading=\"lazy\" decoding=\"async\" class=\"alignnone wp-image-5031\" src=\"https:\/\/isopllc.com\/usa\/wp-content\/uploads\/sites\/4\/2023\/06\/standoff-for-ladder.png\" alt=\"\" width=\"303\" height=\"246\" title=\"\"><\/p>\n<p>&nbsp;<\/p>\n<p style=\"text-align: left\">Les stabilisateurs solides et robustes sont l\u00e9gers et faciles \u00e0 fixer. S&#8217;adapte \u00e0 toutes les \u00e9chelles de corde ISOP. Un pack contient 20 stabilisateurs qui suffisent pour se fixer sur 10 \u00e9chelons.<\/p>\n<p><img loading=\"lazy\" decoding=\"async\" class=\"alignnone wp-image-5030\" src=\"https:\/\/isopllc.com\/usa\/wp-content\/uploads\/sites\/4\/2023\/06\/PNG-2.png\" alt=\"\" width=\"327\" height=\"266\" title=\"\"><\/p>\n<p style=\"text-align: left\">Pour une utilisation rapide, fixez au pr\u00e9alable les stabilisateurs \u00e0 une \u00e9chelle. Les stabilisateurs pour \u00e9chelle de secours offrent plus de s\u00e9curit\u00e9 lors de la descente ou de la mont\u00e9e. Les stabilisateurs d&#8217;\u00e9chelle de corde avec \u00e9chelons antid\u00e9rapants rendent la descente plus stable.<\/p>\n<p><img loading=\"lazy\" decoding=\"async\" class=\"alignnone wp-image-4740\" src=\"https:\/\/isopllc.com\/usa\/wp-content\/uploads\/sites\/4\/2022\/12\/Stabilizers-for-Fire-Escape-Ladder-5.jpg\" alt=\"Stabilizers for Fire Escape Ladder 5\" width=\"320\" height=\"222\" title=\"\"><\/p>\n<p style=\"text-align: left\">Pour une utilisation rapide, fixez au pr\u00e9alable les stabilisateurs \u00e0 une \u00e9chelle.<\/p>\n<p><img loading=\"lazy\" decoding=\"async\" class=\"alignnone wp-image-4733\" src=\"https:\/\/isopllc.com\/usa\/wp-content\/uploads\/sites\/4\/2022\/12\/Stabilizers-for-Fire-Escape-Ladder-2.jpg\" alt=\"Stabilizers for Fire Escape Ladder 2\" width=\"282\" height=\"435\" title=\"\"><\/p>\n<p style=\"text-align: left\">Les stabilisateurs pour \u00e9chelle de secours offrent plus de s\u00e9curit\u00e9 lors de la descente ou de la mont\u00e9e.<\/p>\n<p><img loading=\"lazy\" decoding=\"async\" class=\"alignnone wp-image-4739\" src=\"https:\/\/isopllc.com\/usa\/wp-content\/uploads\/sites\/4\/2022\/12\/Stabilizers-for-Fire-Escape-Ladder-6.jpg\" alt=\"Stabilizers for Fire Escape Ladder 6\" width=\"298\" height=\"242\" title=\"\"><\/p>\n<p style=\"text-align: left\">Les stabilisateurs d&#8217;\u00e9chelle de corde avec \u00e9chelons antid\u00e9rapants rendent la descente plus stable.<\/p>\n<p style=\"text-align: left\"><img decoding=\"async\" class=\"a-spacing-mini\" src=\"https:\/\/m.media-amazon.com\/images\/S\/aplus-media\/sc\/66906d66-df90-4038-8550-d72faf80c38f.__CR0,0,1200,1200_PT0_SX300_V1___.jpg\" alt=\"Multifunction\" data-src=\"https:\/\/m.media-amazon.com\/images\/S\/aplus-media\/sc\/66906d66-df90-4038-8550-d72faf80c38f.__CR0,0,1200,1200_PT0_SX300_V1___.jpg\" data- title=\"\"><\/p>\n<h4 class=\"a-spacing-mini\" style=\"text-align: left\">Multifonction<\/h4>\n<p style=\"text-align: left\">Peut \u00eatre utilis\u00e9 \u00e0 diverses fins telles que terrain de jeu, balan\u00e7oires, cabane dans les arbres, grenier, jardin, toit, grenier, bunker, marine et m\u00eame \u00e0 des fins d\u00e9coratives. Vari\u00e9t\u00e9 infinie d&#8217;options d&#8217;utilisation.<\/p>\n<p><img decoding=\"async\" class=\"a-spacing-mini\" src=\"https:\/\/m.media-amazon.com\/images\/S\/aplus-media\/sc\/a53251f8-492d-40f3-a9db-2bdd1415646f.__CR1018,0,1260,1260_PT0_SX300_V1___.png\" alt=\"anti-slip\" data-src=\"https:\/\/m.media-amazon.com\/images\/S\/aplus-media\/sc\/a53251f8-492d-40f3-a9db-2bdd1415646f.__CR1018,0,1260,1260_PT0_SX300_V1___.png\" data- title=\"\"><\/p>\n<h4 class=\"a-spacing-mini\" style=\"text-align: left\">\u00c9chelons antid\u00e9rapants<\/h4>\n<p style=\"text-align: left\">Les \u00e9chelons sont de forme octogonale, ils sont donc fiables et non glissants.<\/p>\n<p><img decoding=\"async\" class=\"a-spacing-mini\" src=\"https:\/\/m.media-amazon.com\/images\/S\/aplus-media-library-service-media\/1657651a-3b04-4f8f-8300-ddb668ab5476.__CR0,0,400,400_PT0_SX300_V1___.jpg\" alt=\"Lightweight\" data-src=\"https:\/\/m.media-amazon.com\/images\/S\/aplus-media-library-service-media\/1657651a-3b04-4f8f-8300-ddb668ab5476.__CR0,0,400,400_PT0_SX300_V1___.jpg\" data- title=\"\"><\/p>\n<div class=\"apm-spacing apm-fixed-width\">\n<h4 class=\"a-spacing-mini\" style=\"text-align: left\">Poids l\u00e9ger<\/h4>\n<p style=\"text-align: left\">Par exemple, 2,5 m ne p\u00e8se que 2 kg.<\/p>\n<p><img decoding=\"async\" class=\"a-spacing-mini\" src=\"https:\/\/m.media-amazon.com\/images\/S\/aplus-media-library-service-media\/4e4268ea-f325-4435-a292-29bd7abd9c01.__CR0,0,400,400_PT0_SX300_V1___.jpg\" alt=\"Weather resistant\" data-src=\"https:\/\/m.media-amazon.com\/images\/S\/aplus-media-library-service-media\/4e4268ea-f325-4435-a292-29bd7abd9c01.__CR0,0,400,400_PT0_SX300_V1___.jpg\" data- title=\"\"><\/p>\n<h4 class=\"a-spacing-mini\" style=\"text-align: left\">R\u00e9sistant aux intemp\u00e9ries<\/h4>\n<p style=\"text-align: left\">Les \u00e9chelles ne vieillissent presque jamais par tous les temps, ne peuvent pas \u00eatre endommag\u00e9es par la pluie.<\/p>\n<p><img decoding=\"async\" class=\"a-spacing-mini\" src=\"https:\/\/m.media-amazon.com\/images\/S\/aplus-media-library-service-media\/2b946128-4652-4d13-abea-6ac4f59b6e56.__CR0,0,300,300_PT0_SX300_V1___.jpg\" alt=\"Flame resistant\" data-src=\"https:\/\/m.media-amazon.com\/images\/S\/aplus-media-library-service-media\/2b946128-4652-4d13-abea-6ac4f59b6e56.__CR0,0,300,300_PT0_SX300_V1___.jpg\" data- title=\"\"><\/p>\n<h4 style=\"text-align: left\">Certifi\u00e9<\/h4>\n<p style=\"text-align: left\">Nos \u00e9chelles, contrairement \u00e0 toutes les autres similaires sur le march\u00e9, sont certifi\u00e9es selon la norme de qualit\u00e9 EN 131. Il vaut mieux confier sa vie \u00e0 un produit ayant pass\u00e9 tous les tests n\u00e9cessaires plut\u00f4t qu\u2019\u00e0 un article l\u00e9g\u00e8rement moins cher fabriqu\u00e9 on ne sait comment.<\/p>\n<p style=\"text-align: left\"><img loading=\"lazy\" decoding=\"async\" class=\"alignnone wp-image-5582\" src=\"https:\/\/isopllc.com\/fr\/wp-content\/uploads\/sites\/6\/2023\/08\/Cerified-131.jpg\" alt=\"\u00c9chelle de s\u00e9curit\u00e9\" width=\"294\" height=\"294\" title=\"\" srcset=\"https:\/\/isopllc.com\/fr\/wp-content\/uploads\/sites\/6\/2023\/08\/Cerified-131.jpg 900w, https:\/\/isopllc.com\/fr\/wp-content\/uploads\/sites\/6\/2023\/08\/Cerified-131-150x150.jpg 150w, https:\/\/isopllc.com\/fr\/wp-content\/uploads\/sites\/6\/2023\/08\/Cerified-131-768x768.jpg 768w, https:\/\/isopllc.com\/fr\/wp-content\/uploads\/sites\/6\/2023\/08\/Cerified-131-416x416.jpg 416w, https:\/\/isopllc.com\/fr\/wp-content\/uploads\/sites\/6\/2023\/08\/Cerified-131-100x100.jpg 100w\" sizes=\"auto, (max-width: 294px) 100vw, 294px\" \/><\/p>\n<h4 class=\"a-spacing-mini\" style=\"text-align: left\">R\u00e9sistant aux flammes<\/h4>\n<p style=\"text-align: left\">La composition sp\u00e9ciale de fibres incombustibles permet \u00e0 l&#8217;\u00e9chelle de r\u00e9sister au feu pendant un certain temps, mais nous ne recommandons toujours pas de l&#8217;utiliser en feu direct.<\/p>\n<p><img decoding=\"async\" class=\"a-spacing-mini\" src=\"https:\/\/m.media-amazon.com\/images\/S\/aplus-media-library-service-media\/7ea4637f-e804-413f-ac03-996786e67981.__CR0,0,300,300_PT0_SX300_V1___.jpg\" alt=\"Reusable\" data-src=\"https:\/\/m.media-amazon.com\/images\/S\/aplus-media-library-service-media\/7ea4637f-e804-413f-ac03-996786e67981.__CR0,0,300,300_PT0_SX300_V1___.jpg\" data- title=\"\"><\/p>\n<h4 class=\"a-spacing-mini\" style=\"text-align: left\">R\u00e9utilisable<\/h4>\n<p style=\"text-align: left\">Contrairement aux autres \u00e9chelles en aluminium, nos \u00e9chelles de corde sont r\u00e9utilisables.<\/p>\n<p><img decoding=\"async\" class=\"a-spacing-mini\" src=\"https:\/\/m.media-amazon.com\/images\/S\/aplus-media\/sc\/d843778e-92b5-40e7-a239-8e35fcbadff6.__CR0,0,2000,2000_PT0_SX300_V1___.jpg\" alt=\"Different length \" data-src=\"https:\/\/m.media-amazon.com\/images\/S\/aplus-media\/sc\/d843778e-92b5-40e7-a239-8e35fcbadff6.__CR0,0,2000,2000_PT0_SX300_V1___.jpg\" data- title=\"\"><\/p>\n<\/div>\n<\/div>\n<\/div>\n<\/div>\n<div class=\"celwidget aplus-module module-9 aplus-standard\">\n<div class=\"a-expander-collapsed-height a-row a-expander-container a-expander-partial-collapse-container\" data-a-expander-name=\"aplus-module-expander\" data-a-expander-collapsed-height=\"700\">\n<div class=\"a-expander-content a-expander-partial-collapse-content\" aria-expanded=\"false\">\n<h4 class=\"a-spacing-mini\" style=\"text-align: left\">Longueur diff\u00e9rente<\/h4>\n<p style=\"text-align: left\">Disponible 2,5 \/ 4 \/ 5 \/ 8 \/ 10 m pour les maisons de 1 \u00e0 4 \u00e9tages.<\/p>\n<\/div>\n<\/div>\n<\/div>\n<div class=\"celwidget aplus-module module-9 aplus-standard\">\n<div class=\"a-expander-collapsed-height a-row a-expander-container a-expander-partial-collapse-container\" data-a-expander-name=\"aplus-module-expander\" data-a-expander-collapsed-height=\"700\">\n<div class=\"a-expander-content a-expander-partial-collapse-content\" aria-expanded=\"false\">\n<div class=\"aplus-module-wrapper apm-fixed-width\">\n<div class=\"apm-spacing apm-fixed-width\"><img decoding=\"async\" class=\"a-spacing-mini\" src=\"https:\/\/m.media-amazon.com\/images\/S\/aplus-media-library-service-media\/7e929cf8-7d43-486b-bf09-23dd5b161d01.__CR0,0,300,300_PT0_SX300_V1___.jpg\" alt=\"THE BEST\" data-src=\"https:\/\/m.media-amazon.com\/images\/S\/aplus-media-library-service-media\/7e929cf8-7d43-486b-bf09-23dd5b161d01.__CR0,0,300,300_PT0_SX300_V1___.jpg\" data- title=\"\"><\/div>\n<div><\/div>\n<\/div>\n<div>\n<h4 class=\"a-spacing-mini\" style=\"text-align: left\">LE MEILLEUR<\/h4>\n<p style=\"text-align: left\">Il existe d&#8217;autres offres d&#8217;\u00e9chelles de corde qui ressemblent aux n\u00f4tres. MAIS (!) Ils ne tressent pas assez de fils dans les cordes et \u00e9conomisent sur cela, donc les cordes sont insuffisamment denses ou serr\u00e9es, elles ne sont donc pas fiables.<\/p>\n<p style=\"text-align: left\">\u00c9galement disponible en <a href=\"https:\/\/isopllc.com\/fr\/product\/echelle-de-securite-10-m-ignifuge-avec-stabilisateurs-a-distance\/\"><strong>10 m,<\/strong><\/a>\u00a0 <a href=\"https:\/\/isopllc.com\/fr\/product\/echelle-durgence-de-5-m-avec-stabilisateurs-a-distance\/\"><strong>5m<\/strong><\/a>, \u00a0<a href=\"https:\/\/isopllc.com\/fr\/product\/echelle-de-secours-a-deux-etages-4-m-avec-stabilisateurs-a-distance\/\"><strong>4m<\/strong><\/a> et\u00a0 <a href=\"https:\/\/isopllc.com\/fr\/product\/echelle-de-corde-escalier-de-secours-2-5-m-avec-stabilisateurs-a-distance\/\"><strong>2.5m<\/strong><\/a>.<\/p>\n<\/div>\n<\/div>\n<\/div>\n<\/div>\n<\/div>\n<\/div>\n<\/div>\n<\/div>\n<\/div>\n<\/div>\n<\/div>\n<\/div>\n<\/div>\n<\/div>\n<\/div>\n<\/div>\n<\/div>\n<\/div>\n","protected":false},"excerpt":{"rendered":"<p id=\"title\" class=\"a-size-large a-spacing-none\" style=\"text-align: center\">\u00c9chelle de secours en cas d&#8217;incendie 3 \u00e9tages | \u00c9chelle de s\u00e9curit\u00e9 en corde de 7.5 m avec stabilisateurs \u00e0 distance | Rapide \u00e0 d\u00e9ployer et facile \u00e0 utiliser | Compact et facile \u00e0 ranger | Capacit\u00e9 de poids jusqu&#8217;\u00e0 2000 livres<\/p>\n<p style=\"text-align: center\">LIVRAISON GRATUITE SOUS 3-7 JOURS<\/p>\n<h4 style=\"text-align: center\"><strong>ACHETEZ-LE SUR<\/strong><a href=\"https:\/\/www.amazon.fr\/dp\/B0BM9218T9\/ref=sr_1_1?__mk_fr_FR=%C3%85M%C3%85%C5%BD%C3%95%C3%91&amp;dib=eyJ2IjoiMSJ9.nqXtepkNiT6MQaX1DpJoZA.K7DoXSfkx3SZqo_6IhFueI88xjRlUo1yti-NCmTsXME&amp;dib_tag=se&amp;keywords=%C3%89chelle+de+Secours+en+Cas+d%27incendie+3+%C3%A9tages+%C3%89chelle+de+S%C3%A9curit%C3%A9+en+Corde+avec+stabilisateurs+%C3%A0+Distance&amp;qid=1739780406&amp;s=kitchen&amp;sr=1-1&amp;th=1\"><img loading=\"lazy\" decoding=\"async\" class=\"aligncenter wp-image-1040 size-full\" src=\"https:\/\/isopllc.com\/fr\/wp-content\/uploads\/sites\/6\/2020\/01\/amazon-button9.png\" alt=\"\" width=\"160\" height=\"59\" \/><\/a><\/h4>\n","protected":false},"featured_media":4919,"comment_status":"open","ping_status":"closed","template":"","meta":[],"product_brand":[],"product_cat":[262,263,265],"product_tag":[64,71,79,78,72,70,73,81,80,65,74,76,75,67,68,69,77,66],"class_list":{"0":"post-4940","1":"product","2":"type-product","3":"status-publish","4":"has-post-thumbnail","6":"product_cat-echelles-de-secours-avec-supports","7":"product_cat-echelles-de-secours-en-corde","8":"product_cat-echelles-de-secours-pour-3-etages","9":"product_tag-echelle-a-3-etages","10":"product_tag-echelle-devacuation-au-3eme-etage","11":"product_tag-echelle-devacuation-incendie","12":"product_tag-echelle-de-corde-devacuation","13":"product_tag-echelle-de-corde-suspendue","14":"product_tag-echelle-de-secours","15":"product_tag-echelle-de-secours-au-3eme-etage","16":"product_tag-echelle-de-secours-en-corde","17":"product_tag-echelle-de-securite-incendie","18":"product_tag-echelle-de-sortie","19":"product_tag-echelle-de-sortie-redi","20":"product_tag-echelles-dincendie","21":"product_tag-echelles-de-secours","22":"product_tag-escalier-de-secours","23":"product_tag-escalier-de-secours-au-3eme-etage","24":"product_tag-escalier-de-secours-pour-fenetre-du-3eme-etage","25":"product_tag-meilleure-echelle-de-secours","26":"product_tag-meilleure-issue-de-secours","28":"first","29":"instock","30":"shipping-taxable","31":"purchasable","32":"product-type-variable"},"_links":{"self":[{"href":"https:\/\/isopllc.com\/fr\/wp-json\/wp\/v2\/product\/4940","targetHints":{"allow":["GET"]}}],"collection":[{"href":"https:\/\/isopllc.com\/fr\/wp-json\/wp\/v2\/product"}],"about":[{"href":"https:\/\/isopllc.com\/fr\/wp-json\/wp\/v2\/types\/product"}],"replies":[{"embeddable":true,"href":"https:\/\/isopllc.com\/fr\/wp-json\/wp\/v2\/comments?post=4940"}],"wp:featuredmedia":[{"embeddable":true,"href":"https:\/\/isopllc.com\/fr\/wp-json\/wp\/v2\/media\/4919"}],"wp:attachment":[{"href":"https:\/\/isopllc.com\/fr\/wp-json\/wp\/v2\/media?parent=4940"}],"wp:term":[{"taxonomy":"product_brand","embeddable":true,"href":"https:\/\/isopllc.com\/fr\/wp-json\/wp\/v2\/product_brand?post=4940"},{"taxonomy":"product_cat","embeddable":true,"href":"https:\/\/isopllc.com\/fr\/wp-json\/wp\/v2\/product_cat?post=4940"},{"taxonomy":"product_tag","embeddable":true,"href":"https:\/\/isopllc.com\/fr\/wp-json\/wp\/v2\/product_tag?post=4940"}],"curies":[{"name":"wp","href":"https:\/\/api.w.org\/{rel}","templated":true}]}}