{"id":4961,"date":"2023-09-21T06:11:46","date_gmt":"2023-09-21T06:11:46","guid":{"rendered":"https:\/\/isopllc.com\/fr\/?post_type=product&#038;p=4961"},"modified":"2025-06-29T11:14:49","modified_gmt":"2025-06-29T11:14:49","slug":"armoire-pour-echelle-de-secours-incendie-grand","status":"publish","type":"product","link":"https:\/\/isopllc.com\/fr\/product\/armoire-pour-echelle-de-secours-incendie-grand\/","title":{"rendered":"Armoire pour \u00e9chelle de Secours Incendie Grand | D\u00e9fibrillateur DAE"},"content":{"rendered":"<h1 id=\"title\" class=\"a-size-large a-spacing-none\">Armoire pour \u00e9chelle de Secours Incendie Grand &#8211; Bo\u00eete Rouge pour mat\u00e9riel de Secours Incendie &#8211; avec Crochets pour Couverture Anti-feu et extincteurs &#8211; 36 * 29 * 17 cm<\/h1>\n<p><img loading=\"lazy\" decoding=\"async\" class=\"alignnone wp-image-5043\" src=\"https:\/\/isopllc.com\/usa\/wp-content\/uploads\/sites\/4\/2023\/06\/71dmxhPEm7L._AC_SL1500_.jpg\" alt=\"\" width=\"413\" height=\"397\" title=\"\"><\/p>\n<div class=\"a-section a-spacing-none premium-aplus-15-heading\">\n<h1 class=\"premium-aplus-15-heading-text a-text-bold\">Pourquoi pensons-nous qu&#8217;il est pr\u00e9f\u00e9rable d&#8217;acheter une bo\u00eete d&#8217;acc\u00e8s pour \u00e9chelle de secours\u00a0?<\/h1>\n<\/div>\n<div class=\"a-section a-spacing-none\">\n<p class=\"description\">Pour plusieurs raisons !<\/p>\n<p>1. En fixant le caisson au mur (sous la fen\u00eatre ou sur le balcon) avec des ancrages, vous pouvez imm\u00e9diatement attacher l&#8217;\u00e9chelle aux boucles d&#8217;ancrage puis en cas d&#8217;urgence vous jetterez simplement l&#8217;\u00e9chelle par la fen\u00eatre et commencerez imm\u00e9diatement \u00e0 descendre sans perdre de pr\u00e9cieuses secondes dans la confusion \u00e0 chercher o\u00f9 attacher l&#8217;\u00e9chelle.<\/p>\n<p>2. Vous pouvez fixer la bo\u00eete aussi bien \u00e0 l&#8217;int\u00e9rieur qu&#8217;\u00e0 l&#8217;ext\u00e9rieur de la maison. A l&#8217;ext\u00e9rieur, l&#8217;avantage est qu&#8217;il ne prend pas de place dans la maison et ne g\u00e2che pas le design de la pi\u00e8ce, mais en m\u00eame temps il est tout \u00e0 fait accessible s&#8217;il est fix\u00e9 \u00e0 c\u00f4t\u00e9 d&#8217;une fen\u00eatre ou sur un balcon.<\/p>\n<p>3. Il est \u00e9galement pratique depuis l&#8217;int\u00e9rieur de la maison, car il est toujours \u00e0 port\u00e9e de main et cet objet important qui sauve des vies est en vue afin de ne pas perdre de temps \u00e0 le chercher lors d&#8217;un incendie.<\/p>\n<p>4. \u00c0 notre avis, il est tr\u00e8s s\u00fbr d&#8217;attacher les \u00e9chelles aux ancrages d&#8217;escalade \u00e0 l&#8217;int\u00e9rieur de la bo\u00eete, car elles peuvent r\u00e9sister \u00e0 25 KN plus qu&#8217;\u00e0 n&#8217;importe quoi dans votre maison, y compris le cadre de fen\u00eatre ou les barres de balcon.<\/p>\n<p><img loading=\"lazy\" decoding=\"async\" class=\"alignnone wp-image-5044\" src=\"https:\/\/isopllc.com\/usa\/wp-content\/uploads\/sites\/4\/2023\/06\/e08f082b-1e10-499b-8698-78d3a32260a7.__CR00800600_PT0_SX800_V1___.jpg\" alt=\"\" width=\"405\" height=\"304\" title=\"\"><\/p>\n<h1 class=\"aplus-h1 aplus-module-1-heading a-text-bold\">La station d&#8217;urgence incendie \u00e0 guichet unique stocke toutes vos fournitures d&#8217;urgence en un seul endroit<\/h1>\n<ul class=\"a-unordered-list a-vertical\">\n<li>Bo\u00eete rouge en aluminium avec porte en verre magn\u00e9tique pour \u00e9chelle d&#8217;\u00e9vacuation incendie 36*29*17 cm<\/li>\n<li>Mat\u00e9riel d&#8217;installation (ancrages de montage 25KN)<\/li>\n<li>Crochets pour extincteur et couverture anti-feu (sur les c\u00f4t\u00e9s de la bo\u00eete)<\/li>\n<\/ul>\n<p><img loading=\"lazy\" decoding=\"async\" class=\"alignnone wp-image-5045\" src=\"https:\/\/isopllc.com\/usa\/wp-content\/uploads\/sites\/4\/2023\/06\/cb120de2-f0e0-46e6-9ca4-ca80dc32f1e5.__CR00800600_PT0_SX800_V1___.jpg\" alt=\"\" width=\"418\" height=\"313\" title=\"\"><\/p>\n<h1 class=\"aplus-h1 aplus-module-1-heading a-text-bold\">Bo\u00eete en aluminium int\u00e9rieure et ext\u00e9rieure pour \u00e9chelles de secours, extincteur ou couverture anti-feu<\/h1>\n<ul class=\"a-unordered-list a-vertical\">\n<li>Design compact<\/li>\n<li>Construction en fer robuste<\/li>\n<li>Verre acrylique (qui est plus s\u00fbr que le verre standard en cas d&#8217;urgence)<\/li>\n<li>Se monte facilement sur un mur<\/li>\n<li>Facile \u00e0 trouver en cas de besoin<\/li>\n<\/ul>\n<p><img loading=\"lazy\" decoding=\"async\" class=\"alignnone wp-image-5046\" src=\"https:\/\/isopllc.com\/usa\/wp-content\/uploads\/sites\/4\/2023\/06\/30d1215a-a397-4e25-a9a6-f4f6b8fc8a0a.__CR00800600_PT0_SX800_V1___.jpg\" alt=\"\" width=\"425\" height=\"319\" title=\"\"><\/p>\n<h1 class=\"aplus-h1 aplus-module-1-heading a-text-bold\">Armoire \u00e0 \u00e9chelle de secours en fer<\/h1>\n<p>Maintient votre extincteur ou votre \u00e9chelle de secours facilement accessible en cas d&#8217;urgence.<\/p>\n<p>En raison de sa taille compacte &#8211; 36x29x17 cm | De construction fine et durable de 0,04\u00a0pouce, cette armoire est id\u00e9ale pour les appartements, les copropri\u00e9t\u00e9s et les petites entreprises, et elle offre un endroit s\u00fbr et s\u00e9curis\u00e9 pour le stockage \u00e0 long terme.<\/p>\n<p><img loading=\"lazy\" decoding=\"async\" class=\"alignnone wp-image-5047\" src=\"https:\/\/isopllc.com\/usa\/wp-content\/uploads\/sites\/4\/2023\/06\/6d581a96-7d79-4318-ace2-7057cd2fcdb0.__CR00800600_PT0_SX800_V1___.jpg\" alt=\"\" width=\"443\" height=\"332\" title=\"\"><\/p>\n<h1 class=\"aplus-h1 aplus-module-1-heading a-text-bold\">Caserne de pompiers<\/h1>\n<p class=\"aplus-p2 aplus-module-1-description\">En cas d&#8217;incendie soudain dans votre maison ou votre entreprise, pr\u00e9voyez un endroit d\u00e9sign\u00e9 pour votre extincteur ou votre \u00e9chelle, en le gardant \u00e0 proximit\u00e9 et pr\u00eat lorsque vous en avez le plus besoin.<\/p>\n<p><img loading=\"lazy\" decoding=\"async\" class=\"alignnone wp-image-4545\" src=\"https:\/\/isopllc.com\/usa\/wp-content\/uploads\/sites\/4\/2021\/12\/Built-In-Fire-Escape-Ladder-2-Story-13ft-Retractable-Ladders-Fire-Ladder-for-Homes-Include-Aluminum-Box-Snap-Hooks-and-2-Anchors-Set6.jpg\" alt=\"\" width=\"427\" height=\"427\" title=\"\"><\/p>\n<h1 class=\"aplus-h1 aplus-module-1-heading a-text-bold\">Ancrage professionnel pour corde sup\u00e9rieure<\/h1>\n<p>Ensemble de boulons d&#8217;ancrage d&#8217;escalade, comprend 2 plaques de suspension et 2 boulons d&#8217;expansion, \u00e9crous de boulon et rondelles plates. Plaques de suspension pour point d&#8217;ancrage permanent.<\/p>\n<p>L&#8217;ensemble permet de fixer la bo\u00eete \u00e0 un mur. Non seulement ils maintiennent la caisse, mais aussi des \u0153illets de fixation pr\u00e9vus pour deux mousquetons permettent d&#8217;y accrocher une \u00e9chelle de corde afin de descendre d&#8217;une fen\u00eatre.<\/p>\n<p>Existe \u00e9galement en <a href=\"https:\/\/isopllc.com\/fr\/product\/armoire-pour-echelle-de-secours-incendie-moyen\/\">moyenne<\/a> taille.<\/p>\n<\/div>\n","protected":false},"excerpt":{"rendered":"[embed]https:\/\/youtu.be\/31B7xf3mLTw[\/embed]\n<p id=\"title\" class=\"a-size-large a-spacing-none\" style=\"text-align: center\">Armoire pour \u00e9chelle de Secours Incendie Grand &#8211; Bo\u00eete Rouge pour mat\u00e9riel de Secours Incendie &#8211; avec Crochets pour Couverture Anti-feu et extincteurs &#8211; 36 * 29 * 17 cm<\/p>\n<p style=\"text-align: center\">LIVRAISON GRATUITE SOUS 3-7 JOURS<\/p>\n<h4 style=\"text-align: center\"><strong>ACHETEZ-LE SUR<\/strong><a href=\"https:\/\/www.amazon.fr\/dp\/B0BZYJ6FX6\/ref=sr_1_1?__mk_fr_FR=%C3%85M%C3%85%C5%BD%C3%95%C3%91&amp;crid=361Y8PONQ91FR&amp;dib=eyJ2IjoiMSJ9.niIpVrBf0k5m8N5DLIzG2A.cqsOB4rvRlVyHRWhbj5A--n7XPamqlckV19hj-9Zp2c&amp;dib_tag=se&amp;keywords=Armoire+pour+%C3%A9chelle+de+Secours+Incendie+Bo%C3%AEte+Rouge+pour+mat%C3%A9riel+de+Secours+Incendie&amp;qid=1739779212&amp;s=kitchen&amp;sprefix=b0bzyj6fx6%2Ckitchen%2C368&amp;sr=1-1&amp;th=1\"><img loading=\"lazy\" decoding=\"async\" class=\"aligncenter wp-image-1040 size-full\" src=\"https:\/\/isopllc.com\/fr\/wp-content\/uploads\/sites\/6\/2020\/01\/amazon-button9.png\" alt=\"\" width=\"160\" height=\"59\" \/><\/a><\/h4>\n","protected":false},"featured_media":4962,"comment_status":"open","ping_status":"closed","template":"","meta":[],"product_brand":[],"product_cat":[257,259],"product_tag":[41,35,37,38,36,46,44,45,42,43,39,40],"class_list":{"0":"post-4961","1":"product","2":"type-product","3":"status-publish","4":"has-post-thumbnail","6":"product_cat-accessoires-pour-echelles-anti-incendie","7":"product_cat-boite-de-rangement-pour-echelles-de-secours","8":"product_tag-armoire-dechelle-de-secours","9":"product_tag-boite-de-rangement-pour-echelle-de-secours","10":"product_tag-boite-exterieure-pour-echelle-de-secours","11":"product_tag-boite-murale-pour-echelle-de-secours","12":"product_tag-boite-pour-echelle-de-secours","13":"product_tag-echelle-dincendie-integree","14":"product_tag-echelle-dincendie-murale","15":"product_tag-echelle-de-secours-integree","16":"product_tag-echelle-de-secours-montee","17":"product_tag-escalier-de-secours-mural-echelle","18":"product_tag-stockage-mural-pour-echelle-de-secours","19":"product_tag-stockage-pour-echelle-de-secours","21":"first","22":"instock","23":"shipping-taxable","24":"purchasable","25":"product-type-simple"},"_links":{"self":[{"href":"https:\/\/isopllc.com\/fr\/wp-json\/wp\/v2\/product\/4961","targetHints":{"allow":["GET"]}}],"collection":[{"href":"https:\/\/isopllc.com\/fr\/wp-json\/wp\/v2\/product"}],"about":[{"href":"https:\/\/isopllc.com\/fr\/wp-json\/wp\/v2\/types\/product"}],"replies":[{"embeddable":true,"href":"https:\/\/isopllc.com\/fr\/wp-json\/wp\/v2\/comments?post=4961"}],"wp:featuredmedia":[{"embeddable":true,"href":"https:\/\/isopllc.com\/fr\/wp-json\/wp\/v2\/media\/4962"}],"wp:attachment":[{"href":"https:\/\/isopllc.com\/fr\/wp-json\/wp\/v2\/media?parent=4961"}],"wp:term":[{"taxonomy":"product_brand","embeddable":true,"href":"https:\/\/isopllc.com\/fr\/wp-json\/wp\/v2\/product_brand?post=4961"},{"taxonomy":"product_cat","embeddable":true,"href":"https:\/\/isopllc.com\/fr\/wp-json\/wp\/v2\/product_cat?post=4961"},{"taxonomy":"product_tag","embeddable":true,"href":"https:\/\/isopllc.com\/fr\/wp-json\/wp\/v2\/product_tag?post=4961"}],"curies":[{"name":"wp","href":"https:\/\/api.w.org\/{rel}","templated":true}]}}