{"id":4978,"date":"2023-09-21T06:27:26","date_gmt":"2023-09-21T06:27:26","guid":{"rendered":"https:\/\/isopllc.com\/fr\/?post_type=product&#038;p=4978"},"modified":"2025-06-29T11:13:43","modified_gmt":"2025-06-29T11:13:43","slug":"echelle-de-secours-a-3-etages-8-m-avec-armoire","status":"publish","type":"product","link":"https:\/\/isopllc.com\/fr\/product\/echelle-de-secours-a-3-etages-8-m-avec-armoire\/","title":{"rendered":"\u00c9chelle de Secours \u00e0 3 \u00e9tages (8 m) avec Armoire"},"content":{"rendered":"<h1 id=\"title\" class=\"a-size-large a-spacing-none\">\u00c9chelle de Secours \u00e0 3 \u00e9tages (8 m) avec Armoire &#8211; \u00c9chelle de Secours Murale pour la Maison &#8211; \u00c9chelle \u00e0 Deux \u00e9tages et Couverture Anti-feu incluses<\/h1>\n<p><img loading=\"lazy\" decoding=\"async\" class=\"alignnone wp-image-5152\" src=\"https:\/\/isopllc.com\/fr\/wp-content\/uploads\/sites\/6\/2023\/09\/firefighters-recommended-rope-ladder.jpg\" alt=\"firefighters recommended rope ladder\" width=\"349\" height=\"349\" title=\"\" srcset=\"https:\/\/isopllc.com\/fr\/wp-content\/uploads\/sites\/6\/2023\/09\/firefighters-recommended-rope-ladder.jpg 540w, https:\/\/isopllc.com\/fr\/wp-content\/uploads\/sites\/6\/2023\/09\/firefighters-recommended-rope-ladder-150x150.jpg 150w, https:\/\/isopllc.com\/fr\/wp-content\/uploads\/sites\/6\/2023\/09\/firefighters-recommended-rope-ladder-416x416.jpg 416w, https:\/\/isopllc.com\/fr\/wp-content\/uploads\/sites\/6\/2023\/09\/firefighters-recommended-rope-ladder-100x100.jpg 100w\" sizes=\"auto, (max-width: 349px) 100vw, 349px\" \/><\/p>\n<p>La station d&#8217;\u00e9vacuation d&#8217;urgence \u00e0 guichet unique stocke toutes vos fournitures d&#8217;urgence en cas d&#8217;incendie en un seul endroit (extincteur non inclus)<\/p>\n<p>&nbsp;<\/p>\n<ul class=\"a-unordered-list a-vertical\">\n<li>Bo\u00eete rouge haute visibilit\u00e9 avec porte magn\u00e9tique<\/li>\n<li>\u00c9chelle de secours 8m<\/li>\n<li>Mat\u00e9riel inclus pour l&#8217;installation (ancrages de montage)<\/li>\n<li>Support pour extincteur<\/li>\n<\/ul>\n<p><img loading=\"lazy\" decoding=\"async\" class=\"alignnone wp-image-5052\" src=\"https:\/\/isopllc.com\/usa\/wp-content\/uploads\/sites\/4\/2023\/06\/51vVQaI3XKL._AC_.jpg\" alt=\"\" width=\"374\" height=\"232\" title=\"\"><\/p>\n<h3 class=\"a-spacing-mini\">Pourquoi pensons-nous qu&#8217;il est pr\u00e9f\u00e9rable d&#8217;acheter une \u00e9chelle de secours dans une bo\u00eete en aluminium ? Pour plusieurs raisons !<\/h3>\n<p>1. En fixant le caisson au mur (sous la fen\u00eatre ou sur le balcon) avec des ancrages, vous pouvez imm\u00e9diatement attacher l&#8217;\u00e9chelle aux boucles d&#8217;ancrage puis en cas d&#8217;urgence vous jetterez simplement l&#8217;\u00e9chelle par la fen\u00eatre et commencerez imm\u00e9diatement \u00e0 descendre sans perdre de pr\u00e9cieuses secondes dans la confusion \u00e0 chercher o\u00f9 attacher l&#8217;\u00e9chelle.<\/p>\n<p>2. Vous pouvez fixer la bo\u00eete aussi bien \u00e0 l&#8217;int\u00e9rieur qu&#8217;\u00e0 l&#8217;ext\u00e9rieur de la maison. A l&#8217;ext\u00e9rieur, l&#8217;avantage est qu&#8217;il ne prend pas de place dans la maison et ne g\u00e2che pas le design de la pi\u00e8ce, mais en m\u00eame temps il est tout \u00e0 fait accessible s&#8217;il est fix\u00e9 \u00e0 c\u00f4t\u00e9 d&#8217;une fen\u00eatre ou sur un balcon.<\/p>\n<p>3. Il est \u00e9galement pratique depuis l&#8217;int\u00e9rieur de la maison, car il est toujours \u00e0 port\u00e9e de main et cet objet important qui sauve des vies est en vue afin de ne pas perdre de temps \u00e0 le chercher lors d&#8217;un incendie.<\/p>\n<p>4. \u00c0 notre avis, il est tr\u00e8s s\u00fbr d&#8217;attacher les \u00e9chelles aux ancrages d&#8217;escalade \u00e0 l&#8217;int\u00e9rieur de la bo\u00eete, car elles peuvent r\u00e9sister \u00e0 25 KN plus qu&#8217;\u00e0 n&#8217;importe quoi dans votre maison, y compris le cadre de fen\u00eatre ou les barres de balcon.<\/p>\n<h4>Pourquoi choisir nos \u00e9chelles de secours<\/h4>\n<p><img loading=\"lazy\" decoding=\"async\" class=\"alignnone wp-image-4973\" src=\"https:\/\/isopllc.com\/fr\/wp-content\/uploads\/sites\/6\/2023\/09\/red-box-L-size.jpg\" alt=\"\" width=\"349\" height=\"280\" title=\"\" srcset=\"https:\/\/isopllc.com\/fr\/wp-content\/uploads\/sites\/6\/2023\/09\/red-box-L-size.jpg 886w, https:\/\/isopllc.com\/fr\/wp-content\/uploads\/sites\/6\/2023\/09\/red-box-L-size-768x615.jpg 768w, https:\/\/isopllc.com\/fr\/wp-content\/uploads\/sites\/6\/2023\/09\/red-box-L-size-416x333.jpg 416w\" sizes=\"auto, (max-width: 349px) 100vw, 349px\" \/><\/p>\n<p>L&#8217;armoire \u00e0 \u00e9chelle de secours universelle en aluminium maintient votre \u00e9chelle de secours facilement accessible en cas d&#8217;urgence.<\/p>\n<p>En raison de sa taille compacte et de sa construction durable, cette armoire est id\u00e9ale pour les appartements, les condos et les petites entreprises, et offre un endroit s\u00fbr et s\u00e9curis\u00e9 pour le stockage \u00e0 long terme.<\/p>\n<p><img decoding=\"async\" class=\"a-spacing-mini\" style=\"font-weight: 600\" src=\"https:\/\/m.media-amazon.com\/images\/S\/aplus-media-library-service-media\/94e0f1b0-d713-4663-a172-3e35c4090aaa.__CR0,0,1000,1000_PT0_SX300_V1___.jpg\" alt=\"Gentle to hands\" data-src=\"https:\/\/m.media-amazon.com\/images\/S\/aplus-media-library-service-media\/94e0f1b0-d713-4663-a172-3e35c4090aaa.__CR0,0,1000,1000_PT0_SX300_V1___.jpg\" data- title=\"\"><\/p>\n<div class=\"aplus-module-wrapper apm-fixed-width\">\n<div class=\"apm-spacing apm-fixed-width\">\n<div class=\"celwidget aplus-module module-9 aplus-standard\" data-csa-c-id=\"emkbnl-11vq23-1incdi-lfo9yf\" data-cel-widget=\"aplus-module-9\">\n<div class=\"aplus-module-wrapper apm-fixed-width\">\n<div class=\"apm-spacing apm-fixed-width\">\n<div id=\"aplus_feature_div\" class=\"celwidget\" data-feature-name=\"aplus\" data-csa-c-type=\"widget\" data-csa-c-content-id=\"aplus\" data-csa-c-slot-id=\"aplus_feature_div\" data-csa-c-asin=\"\" data-csa-c-is-in-initial-active-row=\"false\" data-csa-c-id=\"ebpnh7-v23cw7-lv803-rp18f9\" data-cel-widget=\"aplus_feature_div\">\n<div id=\"aplus\" class=\"a-section a-spacing-large bucket\">\n<div class=\"aplus-v2 desktop celwidget\" data-csa-c-id=\"322z1i-fsajov-ud7fia-k0knjv\" data-cel-widget=\"aplus\">\n<div class=\"celwidget aplus-module module-9 aplus-standard\" data-csa-c-id=\"e5nyxf-jpncv6-ubo24v-ozeiyw\" data-cel-widget=\"aplus-module-9\">\n<div class=\"aplus-module-wrapper apm-fixed-width\">\n<div class=\"apm-spacing apm-fixed-width\">\n<h3><span class=\"a-text-bold\">Doux pour les mains<\/span><\/h3>\n<p>Lors de la cr\u00e9ation de ces \u00c9chelle de Secours \u00e0 3 \u00e9tages , nous avons pris en compte les d\u00e9fauts de nos concurrents. Les autres se plaignent beaucoup du fait que lors de l\u2019utilisation de leurs \u00e9chelles, les barreaux coupent les mains des utilisateurs car les barreaux en aluminium sont coupants. Nous en avons tenu compte et nos \u00e9chelles n&#8217;ont pas d&#8217;angles vifs et peuvent \u00eatre utilis\u00e9es en toute s\u00e9curit\u00e9 par les adultes et les enfants.<\/p>\n<p><img decoding=\"async\" class=\"a-spacing-mini\" style=\"font-weight: 600\" src=\"https:\/\/m.media-amazon.com\/images\/S\/aplus-media\/sc\/27f9c708-c858-49c0-96f7-815dd0fa4f9a.__CR0,0,1000,1000_PT0_SX300_V1___.jpg\" alt=\"Wide application\" data-src=\"https:\/\/m.media-amazon.com\/images\/S\/aplus-media\/sc\/27f9c708-c858-49c0-96f7-815dd0fa4f9a.__CR0,0,1000,1000_PT0_SX300_V1___.jpg\" data- title=\"\"><\/p>\n<h3>Sangles int\u00e9grales<\/h3>\n<p>Encore une fois, en comparant nos \u00e9chelles \u00e0 celles de nos concurrents, il convient de noter que, contrairement \u00e0 d&#8217;autres, de haut en bas, nos \u00e9chelles de corde sont constitu\u00e9es d&#8217;une seule pi\u00e8ce de sangle qui peut supporter jusqu&#8217;\u00e0 1 200 livres (!) Gr\u00e2ce \u00e0 une technologie sp\u00e9ciale brevet\u00e9e. Alors que les \u00e9chelles en sangle des concurrents sont cousues en morceaux, ce qui, \u00e0 notre avis, n&#8217;est pas fiable.<\/p>\n<p><img decoding=\"async\" class=\"a-spacing-mini\" style=\"font-weight: 600\" src=\"https:\/\/m.media-amazon.com\/images\/S\/aplus-media-library-service-media\/3e3631ef-bf95-4934-bd5d-2881c8d8d8c7.__CR0,0,300,300_PT0_SX300_V1___.jpg\" alt=\"Climbing anchor bolts set\" data-src=\"https:\/\/m.media-amazon.com\/images\/S\/aplus-media-library-service-media\/3e3631ef-bf95-4934-bd5d-2881c8d8d8c7.__CR0,0,300,300_PT0_SX300_V1___.jpg\" data- title=\"\"><\/p>\n<\/div>\n<div>Livr\u00e9 avec un jeu de boulons d&#8217;ancrage d&#8217;escalade, 2 plaques de suspension et 2 boulons d&#8217;expansion. Les \u00e9crous de boulon et les rondelles plates sont inclus.<\/div>\n<div><\/div>\n<div><img decoding=\"async\" class=\"a-spacing-mini\" style=\"font-weight: 600\" src=\"https:\/\/m.media-amazon.com\/images\/S\/aplus-media\/sc\/42cab632-a2d0-40fd-a2dd-280d531bf010.__CR282,0,1000,1000_PT0_SX300_V1___.jpg\" alt=\"For window or balcony\" data-src=\"https:\/\/m.media-amazon.com\/images\/S\/aplus-media\/sc\/42cab632-a2d0-40fd-a2dd-280d531bf010.__CR282,0,1000,1000_PT0_SX300_V1___.jpg\" data- title=\"\"><\/div>\n<\/div>\n<\/div>\n<div><\/div>\n<div class=\"celwidget aplus-module module-9 aplus-standard\" data-csa-c-id=\"e5nyxf-jpncv6-ubo24v-ozeiyw\" data-cel-widget=\"aplus-module-9\">\n<h3>Stabilisateurs<\/h3>\n<p>Les barreaux de nos \u00e9chelles sont dot\u00e9s de stabilisateurs qui permettent aux \u00e9chelles de ne pas adh\u00e9rer \u00e9troitement au mur mais de rester solides contre celui-ci et facilitent donc grandement la descente du deuxi\u00e8me ou du troisi\u00e8me \u00e9tage.<\/p>\n<h4><img decoding=\"async\" class=\"a-spacing-mini\" style=\"font-weight: 600\" src=\"https:\/\/m.media-amazon.com\/images\/S\/aplus-media\/sc\/8b1ba6ce-d84f-4314-b98a-95d063fc3e5e.__CR500,0,1000,1000_PT0_SX300_V1___.jpg\" alt=\"For window or balcony\" data-src=\"https:\/\/m.media-amazon.com\/images\/S\/aplus-media\/sc\/8b1ba6ce-d84f-4314-b98a-95d063fc3e5e.__CR500,0,1000,1000_PT0_SX300_V1___.jpg\" data- title=\"\">Barreaux antid\u00e9rapants<\/h4>\n<p>Un motif sp\u00e9cial sur la surface des \u00e9chelons rend la descente de l&#8217;appartement antid\u00e9rapante par tous les temps.<\/p>\n<h4>R\u00e9utilisable<\/h4>\n<p>Nos \u00e9chelles sont r\u00e9utilisables et peuvent \u00eatre facilement r\u00e9par\u00e9es, contrairement \u00e0 d\u2019autres qui doivent \u00eatre jet\u00e9es. Avec un stockage appropri\u00e9, ils peuvent durer des ann\u00e9es !<\/p>\n<p><img loading=\"lazy\" decoding=\"async\" class=\"alignnone wp-image-4293\" src=\"https:\/\/isopllc.com\/usa\/wp-content\/uploads\/sites\/4\/2020\/12\/91R3KSmpDgL._AC_SL1500_.jpg\" alt=\"\" width=\"307\" height=\"230\" title=\"\"><\/p>\n<\/div>\n<h4>Mousquetons robustes<\/h4>\n<p>Les \u00e9chelles comprennent des mousquetons chrom\u00e9s avec une r\u00e9sistance \u00e0 la rupture de 11KN.<\/p>\n<p>&nbsp;<\/p>\n<\/div>\n<\/div>\n<div>\n<p><img decoding=\"async\" class=\"a-spacing-mini\" style=\"font-weight: 600\" src=\"https:\/\/m.media-amazon.com\/images\/S\/aplus-media-library-service-media\/c3b3fb51-597d-4234-91a3-95fb43b58226.__CR0,0,300,300_PT0_SX300_V1___.jpg\" alt=\"ladder\" data-src=\"https:\/\/m.media-amazon.com\/images\/S\/aplus-media-library-service-media\/c3b3fb51-597d-4234-91a3-95fb43b58226.__CR0,0,300,300_PT0_SX300_V1___.jpg\" data- title=\"\"><\/p>\n<\/div>\n<h3>Imperm\u00e9abiliser<\/h3>\n<p>La peinture sp\u00e9ciale enduite de poudre prot\u00e8ge les \u00e9chelons contre la rouille et la sangle en polyester est tr\u00e8s r\u00e9sistante \u00e0 l&#8217;eau ou \u00e0 la neige, c&#8217;est pourquoi nos \u00e9chelles de secours sont r\u00e9sistantes aux intemp\u00e9ries.<\/p>\n<p><img decoding=\"async\" src=\"https:\/\/m.media-amazon.com\/images\/S\/aplus-media-library-service-media\/0c3c254d-684e-4313-bc9f-ae4b4b7e7ee7.__CR0,0,300,300_PT0_SX300_V1___.jpg\" alt=\"professional ladder\" title=\"\"><\/p>\n<h3>Certifi\u00e9<\/h3>\n<p>Nos \u00e9chelles, contrairement \u00e0 toutes les autres similaires sur le march\u00e9, sont certifi\u00e9es selon la norme de qualit\u00e9 EN 131. Il vaut mieux confier sa vie \u00e0 un produit ayant pass\u00e9 tous les tests n\u00e9cessaires plut\u00f4t qu\u2019\u00e0 un article l\u00e9g\u00e8rement moins cher fabriqu\u00e9 on ne sait comment.<\/p>\n<p><img loading=\"lazy\" decoding=\"async\" class=\"alignnone  wp-image-5473\" src=\"https:\/\/isopllc.com\/fr\/wp-content\/uploads\/sites\/6\/2025\/04\/6.jpg\" alt=\"Certifi\u00e9 \u00c9chelle de Secours \u00e0 3 \u00e9tages\" width=\"300\" height=\"300\" title=\"\" srcset=\"https:\/\/isopllc.com\/fr\/wp-content\/uploads\/sites\/6\/2025\/04\/6.jpg 1080w, https:\/\/isopllc.com\/fr\/wp-content\/uploads\/sites\/6\/2025\/04\/6-150x150.jpg 150w, https:\/\/isopllc.com\/fr\/wp-content\/uploads\/sites\/6\/2025\/04\/6-768x768.jpg 768w, https:\/\/isopllc.com\/fr\/wp-content\/uploads\/sites\/6\/2025\/04\/6-1000x1000.jpg 1000w, https:\/\/isopllc.com\/fr\/wp-content\/uploads\/sites\/6\/2025\/04\/6-416x416.jpg 416w, https:\/\/isopllc.com\/fr\/wp-content\/uploads\/sites\/6\/2025\/04\/6-100x100.jpg 100w\" sizes=\"auto, (max-width: 300px) 100vw, 300px\" \/><\/p>\n<h3>Entreprise d&#8217;\u00e9chelles professionnelles<\/h3>\n<p>Nous vous recommandons d&#8217;acheter des \u00e9chelles aupr\u00e8s d&#8217;une entreprise sp\u00e9cialis\u00e9e dans les \u00e9chelles, car il s&#8217;agit d&#8217;un produit de s\u00e9curit\u00e9.<\/p>\n<p>Et ISOP est l\u2019une des rares entreprises \u00e0 proposer une large s\u00e9lection d\u2019\u00e9chelles diff\u00e9rentes provenant de sa propre usine de fabrication.<\/p>\n<p>\u00c9galement disponible \u00e0 <a href=\"https:\/\/isopllc.com\/fr\/product\/echelle-de-secours-a-2-etages-4-m-avec-armoire\/\">2 \u00e9tages.<\/a><\/p>\n<\/div>\n<\/div>\n<\/div>\n<\/div>\n<\/div>\n<\/div>\n","protected":false},"excerpt":{"rendered":"[embed]https:\/\/youtu.be\/OjFfYVbzTtU[\/embed]\n<p id=\"title\" class=\"a-size-large a-spacing-none\" style=\"text-align: center\">\u00c9chelle de Secours \u00e0 3 \u00e9tages (8 m) avec Armoire &#8211; \u00c9chelle de Secours Murale pour la Maison &#8211; \u00c9chelle \u00e0 Deux \u00e9tages et Couverture Anti-feu incluses<\/p>\n<p style=\"text-align: center\">LIVRAISON GRATUITE SOUS 3-7 JOURS<\/p>\n<h4 style=\"text-align: center\"><strong>ACHETEZ-LE SUR<\/strong><a href=\"https:\/\/www.amazon.fr\/dp\/B0BZYJKHK9?ref=myi_title_dp\"><img loading=\"lazy\" decoding=\"async\" class=\"aligncenter wp-image-1040 size-full\" src=\"https:\/\/isopllc.com\/fr\/wp-content\/uploads\/sites\/6\/2020\/01\/amazon-button9.png\" alt=\"\" width=\"160\" height=\"59\" \/><\/a><\/h4>\n","protected":false},"featured_media":5152,"comment_status":"open","ping_status":"closed","template":"","meta":[],"product_brand":[],"product_cat":[262,265,260],"product_tag":[44],"class_list":{"0":"post-4978","1":"product","2":"type-product","3":"status-publish","4":"has-post-thumbnail","6":"product_cat-echelles-de-secours-avec-supports","7":"product_cat-echelles-de-secours-pour-3-etages","8":"product_cat-echelles-murales","9":"product_tag-echelle-dincendie-murale","11":"first","12":"instock","13":"shipping-taxable","14":"purchasable","15":"product-type-simple"},"_links":{"self":[{"href":"https:\/\/isopllc.com\/fr\/wp-json\/wp\/v2\/product\/4978","targetHints":{"allow":["GET"]}}],"collection":[{"href":"https:\/\/isopllc.com\/fr\/wp-json\/wp\/v2\/product"}],"about":[{"href":"https:\/\/isopllc.com\/fr\/wp-json\/wp\/v2\/types\/product"}],"replies":[{"embeddable":true,"href":"https:\/\/isopllc.com\/fr\/wp-json\/wp\/v2\/comments?post=4978"}],"wp:featuredmedia":[{"embeddable":true,"href":"https:\/\/isopllc.com\/fr\/wp-json\/wp\/v2\/media\/5152"}],"wp:attachment":[{"href":"https:\/\/isopllc.com\/fr\/wp-json\/wp\/v2\/media?parent=4978"}],"wp:term":[{"taxonomy":"product_brand","embeddable":true,"href":"https:\/\/isopllc.com\/fr\/wp-json\/wp\/v2\/product_brand?post=4978"},{"taxonomy":"product_cat","embeddable":true,"href":"https:\/\/isopllc.com\/fr\/wp-json\/wp\/v2\/product_cat?post=4978"},{"taxonomy":"product_tag","embeddable":true,"href":"https:\/\/isopllc.com\/fr\/wp-json\/wp\/v2\/product_tag?post=4978"}],"curies":[{"name":"wp","href":"https:\/\/api.w.org\/{rel}","templated":true}]}}