{"id":5050,"date":"2023-12-30T15:27:30","date_gmt":"2023-12-30T15:27:30","guid":{"rendered":"https:\/\/isopllc.com\/fr\/?post_type=product&#038;p=5050"},"modified":"2025-06-29T11:12:22","modified_gmt":"2025-06-29T11:12:22","slug":"isop-aed-armoire-de-rangement-pour-defibrillateur","status":"publish","type":"product","link":"https:\/\/isopllc.com\/fr\/product\/isop-aed-armoire-de-rangement-pour-defibrillateur\/","title":{"rendered":"ISOP AED Armoire de Rangement pour D\u00e9fibrillateur"},"content":{"rendered":"<h1 id=\"title\" class=\"a-size-large a-spacing-none\"><span id=\"productTitle\" class=\"a-size-large product-title-word-break\">ISOP AED Armoire de Rangement pour D\u00e9fibrillateur | Bo\u00eete de Premiers Secours Murale<\/span><\/h1>\n<p><img loading=\"lazy\" decoding=\"async\" class=\"alignnone wp-image-5252\" src=\"https:\/\/isopllc.com\/usa\/wp-content\/uploads\/sites\/4\/2023\/12\/AED-7.jpg\" alt=\"AED\" width=\"634\" height=\"196\" title=\"\"><\/p>\n<div class=\"a-section a-spacing-none aplus-module-section aplus-text-section\">\n<p class=\"description\">\u00c9quip\u00e9 de verrous \u00e0 pression pour s&#8217;adapter \u00e0 tous les d\u00e9fibrillateurs AED, le cabinet AED offre un espace de stockage s\u00e9curis\u00e9 pour votre d\u00e9fibrillateur, pr\u00eat \u00e0 l&#8217;emploi. Le libell\u00e9 AED en rouge attirera l&#8217;attention de tous, situ\u00e9 sur le site de l&#8217;accident, poign\u00e9es encastr\u00e9es, le design sophistiqu\u00e9 avec verrou \u00e0 pression permet de sauver des vies rapidement. Notre armoire AED est intelligemment con\u00e7ue pour un acc\u00e8s rapide. Installez-la dans un endroit facilement accessible pour vous assurer que le d\u00e9fibrillateur peut \u00eatre r\u00e9cup\u00e9r\u00e9 rapidement lorsque chaque seconde compte.<\/p>\n<p class=\"description\"><strong><span class=\"a-text-bold\">Applicabilit\u00e9 universelle:<\/span>\u00a0<\/strong>Con\u00e7u pour une utilisation universelle, cette armoire AED est id\u00e9ale pour les h\u00f4pitaux, les cliniques, les v\u00e9hicules de secours, les institutions et divers environnements. Elle r\u00e9pond aux besoins de stockage des d\u00e9fibrillateurs accessibles uniquement aux professionnels form\u00e9s, renfor\u00e7ant la s\u00e9curit\u00e9 dans des environnements vari\u00e9s.<\/p>\n<p class=\"description\"><strong><span class=\"a-text-bold\">Poign\u00e9e pratique en cavit\u00e9:\u00a0<\/span><\/strong>Dot\u00e9e d&#8217;une poign\u00e9e en cavit\u00e9 conviviale, l&#8217;armoire AED garantit un acc\u00e8s facile et imm\u00e9diat au d\u00e9fibrillateur stock\u00e9. La conception d\u00e9verrouill\u00e9e \u00e9limine les retards pour atteindre le d\u00e9fibrillateur lors de moments critiques. Investissez dans l&#8217;armoire AED pour une combinaison harmonieuse d&#8217;accessibilit\u00e9, de s\u00e9curit\u00e9 et de transparence. Rehaussez vos niveaux de pr\u00e9paration avec notre solution de stockage AED fiable, assurant que l&#8217;\u00e9quipement de sauvetage est toujours \u00e0 port\u00e9e de main lorsque chaque instant compte.<\/p>\n<p class=\"description\">De plus, cette bo\u00eete en aluminium peut servir de rangement pour divers types d&#8217;\u00e9quipements tels qu&#8217;une \u00e9chelle de secours anti-incendie, une trousse de premiers soins et simplement pour stocker des marchandises.<\/p>\n<p class=\"description\"><em><span class=\"a-text-italic\">35,8 x 17,8 x 40 cm | 3.63 KG<\/span><\/em><\/p>\n<p class=\"description\"><em><span class=\"a-text-italic\">Fabriqu\u00e9 en fer de qualit\u00e9 industrielle<\/span><\/em><\/p>\n<p class=\"description\"><em><span class=\"a-text-italic\">Fen\u00eatre acrylique transparente et \u00e9l\u00e9ments rouges pour une identification facile<\/span><\/em><\/p>\n<p class=\"description\"><em><span class=\"a-text-italic\">Quatre trous d&#8217;installation \u00e0 l&#8217;arri\u00e8re de l&#8217;unit\u00e9<\/span><\/em><\/p>\n<p class=\"description\"><em><span class=\"a-text-italic\">Armoire murale universelle pour d\u00e9fibrillateur, adapt\u00e9e \u00e0 tous les AED.<\/span><\/em><\/p>\n<p><img loading=\"lazy\" decoding=\"async\" class=\"alignnone wp-image-5253\" src=\"https:\/\/isopllc.com\/usa\/wp-content\/uploads\/sites\/4\/2023\/12\/AED-8.jpg\" alt=\"AED\" width=\"631\" height=\"195\" title=\"\"><\/p>\n<\/div>\n","protected":false},"excerpt":{"rendered":"[embed]https:\/\/www.youtube.com\/shorts\/M65A5eMPJkk[\/embed]\n<p id=\"title\" class=\"a-size-large a-spacing-none\" style=\"text-align: center;\"><span id=\"productTitle\" class=\"a-size-large product-title-word-break\">ISOP AED Armoire de Rangement pour D\u00e9fibrillateur | Bo\u00eete de Premiers Secours Murale<\/span><\/p>\n<p style=\"text-align: center;\">LIVRAISON GRATUITE SOUS 3-7 JOURS<\/p>\n<h4 style=\"text-align: center;\"><strong>ACHETEZ-LE SUR<\/strong><a href=\"https:\/\/www.amazon.fr\/ISOP-Armoire-Rangement-D%C3%A9fibrillateur-Premiers\/dp\/B0CN18ZB44\/ref=sr_1_1?dib=eyJ2IjoiMSJ9.rs1VL2lBEtKE0mLzm_xBFw.Qh11kBNXlf8BDTnSoGetLmPEauWAt9PZMSc2zBPpV8s&amp;dib_tag=se&amp;keywords=AED+Armoire+de+Rangement+pour+D%C3%A9fibrillateur&amp;qid=1705807246&amp;refinements=p_78%3AB0CN18ZB44&amp;refresh=1&amp;sr=8-1\"><img loading=\"lazy\" decoding=\"async\" class=\"aligncenter wp-image-1040 size-full\" src=\"https:\/\/isopllc.com\/fr\/wp-content\/uploads\/sites\/6\/2020\/01\/amazon-button9.png\" alt=\"\" width=\"160\" height=\"59\" \/><\/a><\/h4>\n","protected":false},"featured_media":5109,"comment_status":"open","ping_status":"closed","template":"","meta":[],"product_brand":[],"product_cat":[257,259,253],"product_tag":[55,59,56,57,58],"class_list":{"0":"post-5050","1":"product","2":"type-product","3":"status-publish","4":"has-post-thumbnail","6":"product_cat-accessoires-pour-echelles-anti-incendie","7":"product_cat-boite-de-rangement-pour-echelles-de-secours","8":"product_cat-ensembles-de-sauvetage-et-de-survie","9":"product_tag-armoire-de-rangement-pour-defibrillateur-aed","10":"product_tag-boite-de-secours-murale","11":"product_tag-escalier-de-secours-monte","12":"product_tag-escalier-de-secours-mural","13":"product_tag-stockage-descalier-de-secours-mural","15":"first","16":"instock","17":"shipping-taxable","18":"purchasable","19":"product-type-simple"},"_links":{"self":[{"href":"https:\/\/isopllc.com\/fr\/wp-json\/wp\/v2\/product\/5050","targetHints":{"allow":["GET"]}}],"collection":[{"href":"https:\/\/isopllc.com\/fr\/wp-json\/wp\/v2\/product"}],"about":[{"href":"https:\/\/isopllc.com\/fr\/wp-json\/wp\/v2\/types\/product"}],"replies":[{"embeddable":true,"href":"https:\/\/isopllc.com\/fr\/wp-json\/wp\/v2\/comments?post=5050"}],"wp:featuredmedia":[{"embeddable":true,"href":"https:\/\/isopllc.com\/fr\/wp-json\/wp\/v2\/media\/5109"}],"wp:attachment":[{"href":"https:\/\/isopllc.com\/fr\/wp-json\/wp\/v2\/media?parent=5050"}],"wp:term":[{"taxonomy":"product_brand","embeddable":true,"href":"https:\/\/isopllc.com\/fr\/wp-json\/wp\/v2\/product_brand?post=5050"},{"taxonomy":"product_cat","embeddable":true,"href":"https:\/\/isopllc.com\/fr\/wp-json\/wp\/v2\/product_cat?post=5050"},{"taxonomy":"product_tag","embeddable":true,"href":"https:\/\/isopllc.com\/fr\/wp-json\/wp\/v2\/product_tag?post=5050"}],"curies":[{"name":"wp","href":"https:\/\/api.w.org\/{rel}","templated":true}]}}