{"id":5075,"date":"2024-01-28T04:22:13","date_gmt":"2024-01-28T04:22:13","guid":{"rendered":"https:\/\/isopllc.com\/fr\/?post_type=product&#038;p=5075"},"modified":"2025-06-29T11:10:41","modified_gmt":"2025-06-29T11:10:41","slug":"support-dextincteur-3-kg-paquet-de-10","status":"publish","type":"product","link":"https:\/\/isopllc.com\/fr\/product\/support-dextincteur-3-kg-paquet-de-10\/","title":{"rendered":"Support d&#8217;extincteur 3 kg Paquet de 10"},"content":{"rendered":"<h1 id=\"title\" class=\"a-size-large a-spacing-none\"><span id=\"productTitle\" class=\"a-size-large product-title-word-break\"><span class=\"\">Support d&#8217;extincteur 3<\/span><\/span>\u00a0kg Paquet de 10 | Support de montage d&#8217;extincteurs pour restaurant ou bureau \u00e0 domicile | Support d&#8217;extincteur robuste avec mat\u00e9riel de montage<\/h1>\n<p><img loading=\"lazy\" decoding=\"async\" class=\"alignnone wp-image-5282 entered lazyloaded\" title=\"Support d'extincteur 5Lb 10 Pack 10\" src=\"https:\/\/isopllc.com\/usa\/wp-content\/uploads\/sites\/4\/2024\/01\/51mPe55XfnL._AC_1.jpg\" sizes=\"auto, (max-width: 527px) 100vw, 527px\" srcset=\"https:\/\/isopllc.com\/usa\/wp-content\/uploads\/sites\/4\/2024\/01\/51mPe55XfnL._AC_1.jpg 650w, https:\/\/isopllc.com\/usa\/wp-content\/uploads\/sites\/4\/2024\/01\/51mPe55XfnL._AC_1-416x224.jpg 416w\" alt=\"Support de montage mural pour extincteur\" width=\"527\" height=\"284\" data-lazy-srcset=\"https:\/\/isopllc.com\/usa\/wp-content\/uploads\/sites\/4\/2024\/01\/51mPe55XfnL._AC_1.jpg 650w, https:\/\/isopllc.com\/usa\/wp-content\/uploads\/sites\/4\/2024\/01\/51mPe55XfnL._AC_1-416x224.jpg 416w\" data-lazy-sizes=\"(max-width: 527px) 100vw, 527px\" data-lazy-src=\"https:\/\/isopllc.com\/usa\/wp-content\/uploads\/sites\/4\/2024\/01\/51mPe55XfnL._AC_1.jpg\" data-ll-status=\"loaded\" \/><\/p>\n<h1 class=\"aplus-h3 a-text-bold\">Crochet mural universel pour extincteur<\/h1>\n<p>Nos supports universels pour extincteurs assurent la s\u00e9curit\u00e9 de votre maison et de votre cuisine en offrant une compatibilit\u00e9 avec une large gamme d&#8217;extincteurs\u00a0: petits, grands, extincteurs rechargeables \u00e0 eau, au CO2 ou de classe K, notre support mural est la solution parfaite pour votre maison, votre bureau. , ou cuisine.<\/p>\n<p><img loading=\"lazy\" decoding=\"async\" class=\"alignnone wp-image-5283 entered lazyloaded\" title=\"Support d'extincteur 5Lb 10 Pack 11\" src=\"https:\/\/isopllc.com\/usa\/wp-content\/uploads\/sites\/4\/2024\/01\/51mPe55XfnL._AC_2.jpg\" sizes=\"auto, (max-width: 537px) 100vw, 537px\" srcset=\"https:\/\/isopllc.com\/usa\/wp-content\/uploads\/sites\/4\/2024\/01\/51mPe55XfnL._AC_2.jpg 650w, https:\/\/isopllc.com\/usa\/wp-content\/uploads\/sites\/4\/2024\/01\/51mPe55XfnL._AC_2-416x224.jpg 416w\" alt=\"Supports d'extincteur\" width=\"537\" height=\"289\" data-lazy-srcset=\"https:\/\/isopllc.com\/usa\/wp-content\/uploads\/sites\/4\/2024\/01\/51mPe55XfnL._AC_2.jpg 650w, https:\/\/isopllc.com\/usa\/wp-content\/uploads\/sites\/4\/2024\/01\/51mPe55XfnL._AC_2-416x224.jpg 416w\" data-lazy-sizes=\"(max-width: 537px) 100vw, 537px\" data-lazy-src=\"https:\/\/isopllc.com\/usa\/wp-content\/uploads\/sites\/4\/2024\/01\/51mPe55XfnL._AC_2.jpg\" data-ll-status=\"loaded\" \/><\/p>\n<h1 class=\"aplus-h3 a-text-bold\">Compact et facile \u00e0 installer<\/h1>\n<p class=\"aplus-p3\">Le crochet mural universel pour extincteur en acier robuste |\u00a0Support de montage |\u00a0Le cintre est sp\u00e9cialement con\u00e7u pour maintenir en toute s\u00e9curit\u00e9 les extincteurs pesant jusqu&#8217;\u00e0 6 kg.<\/p>\n<p class=\"aplus-p3\">Il dispose d&#8217;un support d&#8217;extincteur haut avec une compatibilit\u00e9 universelle pour tous les extincteurs dot\u00e9s de fentes sur le corps de valve.<\/p>\n<p><img loading=\"lazy\" decoding=\"async\" class=\"alignnone wp-image-5284 entered lazyloaded\" title=\"Support d'extincteur 5Lb 10 Pack 12\" src=\"https:\/\/isopllc.com\/usa\/wp-content\/uploads\/sites\/4\/2024\/01\/51mPe55XfnL._AC_3.jpg\" sizes=\"auto, (max-width: 526px) 100vw, 526px\" srcset=\"https:\/\/isopllc.com\/usa\/wp-content\/uploads\/sites\/4\/2024\/01\/51mPe55XfnL._AC_3.jpg 650w, https:\/\/isopllc.com\/usa\/wp-content\/uploads\/sites\/4\/2024\/01\/51mPe55XfnL._AC_3-416x224.jpg 416w\" alt=\"Supports d'extincteur\" width=\"526\" height=\"283\" data-lazy-srcset=\"https:\/\/isopllc.com\/usa\/wp-content\/uploads\/sites\/4\/2024\/01\/51mPe55XfnL._AC_3.jpg 650w, https:\/\/isopllc.com\/usa\/wp-content\/uploads\/sites\/4\/2024\/01\/51mPe55XfnL._AC_3-416x224.jpg 416w\" data-lazy-sizes=\"(max-width: 526px) 100vw, 526px\" data-lazy-src=\"https:\/\/isopllc.com\/usa\/wp-content\/uploads\/sites\/4\/2024\/01\/51mPe55XfnL._AC_3.jpg\" data-ll-status=\"loaded\" \/><\/p>\n<h1 class=\"aplus-h3 a-text-bold\">Id\u00e9alement mont\u00e9<\/h1>\n<p class=\"aplus-p3\">Avec notre crochet mural, notre support, notre support et notre support universels pour extincteurs, vous pouvez facilement monter vos extincteurs exactement l\u00e0 o\u00f9 vous en avez besoin.<\/p>\n<p class=\"aplus-p3\">C\u2019est id\u00e9al pour les \u00e9coles, les immeubles de bureaux et les usines.<\/p>\n<p class=\"aplus-p3\">La construction en acier thermolaqu\u00e9 assure durabilit\u00e9 et long\u00e9vit\u00e9.<\/p>\n<p><img loading=\"lazy\" decoding=\"async\" class=\"alignnone wp-image-5285 entered lazyloaded\" title=\"Support d'extincteur 5Lb 10 Pack 13\" src=\"https:\/\/isopllc.com\/usa\/wp-content\/uploads\/sites\/4\/2024\/01\/51mPe55XfnL._AC_4.jpg\" sizes=\"auto, (max-width: 525px) 100vw, 525px\" srcset=\"https:\/\/isopllc.com\/usa\/wp-content\/uploads\/sites\/4\/2024\/01\/51mPe55XfnL._AC_4.jpg 650w, https:\/\/isopllc.com\/usa\/wp-content\/uploads\/sites\/4\/2024\/01\/51mPe55XfnL._AC_4-416x224.jpg 416w\" alt=\"Supports d'extincteur\" width=\"525\" height=\"283\" data-lazy-srcset=\"https:\/\/isopllc.com\/usa\/wp-content\/uploads\/sites\/4\/2024\/01\/51mPe55XfnL._AC_4.jpg 650w, https:\/\/isopllc.com\/usa\/wp-content\/uploads\/sites\/4\/2024\/01\/51mPe55XfnL._AC_4-416x224.jpg 416w\" data-lazy-sizes=\"(max-width: 525px) 100vw, 525px\" data-lazy-src=\"https:\/\/isopllc.com\/usa\/wp-content\/uploads\/sites\/4\/2024\/01\/51mPe55XfnL._AC_4.jpg\" data-ll-status=\"loaded\" \/><\/p>\n<h1 class=\"aplus-h3 a-text-bold\">Le pack comprend<\/h1>\n<div class=\"a-section a-spacing-none column-description\">\n<p class=\"aplus-p3\">10 supports d&#8217;extincteur<\/p>\n<p class=\"aplus-p3\">10 vis<\/p>\n<p class=\"aplus-p3\">10 rondelles en fer doux<\/p>\n<p class=\"aplus-p3\">1 manuel d&#8217;installation<\/p>\n<p class=\"aplus-p3\"><strong><span class=\"a-text-bold\">Veuillez noter que les extincteurs sont vendus s\u00e9par\u00e9ment.<\/span><\/strong><\/p>\n<p class=\"description\">En mati\u00e8re de s\u00e9curit\u00e9, chaque seconde compte.\u00a0C&#8217;est pourquoi nous sommes fiers de vous pr\u00e9senter nos 10 unit\u00e9s pour extincteur, con\u00e7ues pour garder votre maison ou votre cuisine pr\u00eate aux urgences.\u00a0Nos supports muraux universels pour extincteurs sont la solution parfaite pour les besoins en vrac, garantissant que vous disposez de l&#8217;\u00e9quipement n\u00e9cessaire pour maintenir la s\u00e9curit\u00e9 et la protection \u00e0 plusieurs endroits.<\/p>\n<p class=\"description\">Con\u00e7us dans un souci de durabilit\u00e9 et de facilit\u00e9 d&#8217;utilisation, nos supports pour extincteurs offrent une solution de montage s\u00fbre et fiable pour vos extincteurs.\u00a0La conception \u00e9l\u00e9gante et polyvalente permet une installation rapide et pratique, ce qui la rend id\u00e9ale pour les environnements r\u00e9sidentiels et commerciaux.\u00a0Avec ces supports, vous pouvez vous assurer que vos extincteurs sont facilement accessibles en cas d&#8217;urgence, offrant ainsi une tranquillit\u00e9 d&#8217;esprit pour vous et vos proches.<\/p>\n<p class=\"description\">Les crochets pour extincteurs ISOP sont fabriqu\u00e9s \u00e0 partir de mat\u00e9riaux de haute qualit\u00e9, offrant une solution robuste et durable pour s\u00e9curiser votre \u00e9quipement de s\u00e9curit\u00e9 incendie.\u00a0La conception universelle garantit la compatibilit\u00e9 avec diff\u00e9rents mod\u00e8les d&#8217;extincteurs, offrant une option de montage polyvalente pour vos besoins sp\u00e9cifiques.\u00a0Que vous cherchiez \u00e0 \u00e9quiper votre maison, votre cuisine, votre garage ou votre lieu de travail, nos supports pour extincteurs en vrac offrent une solution rentable et efficace pour maintenir la s\u00e9curit\u00e9 sur plusieurs sites.<\/p>\n<p class=\"description\">En investissant dans des supports pour extincteurs ISOP, vous prenez une mesure proactive vers la protection de votre propri\u00e9t\u00e9 et des personnes qui s&#8217;y trouvent.\u00a0<span class=\"\">N&#8217;attendez pas qu&#8217;une urgence survienne \u2013 s\u00e9curisez vos extincteurs d\u00e8s aujourd&#8217;hui avec nos supports muraux fiables et pratiques.\u00a0<\/span>Gr\u00e2ce \u00e0 nos options en vrac, vous pouvez \u00e9quiper efficacement plusieurs zones des mesures de s\u00e9curit\u00e9 essentielles dont elles ont besoin.<\/p>\n<p class=\"description\">Commandez maintenant et faites le premier pas vers la cr\u00e9ation d&#8217;un environnement plus s\u00fbr pour votre maison, votre cuisine ou votre lieu de travail.\u00a0Faites confiance \u00e0 notre lot de 10 supports pour extincteurs pour vous offrir la s\u00e9curit\u00e9 et l&#8217;accessibilit\u00e9 dont vous avez besoin lorsque cela compte le plus.<\/p>\n<\/div>\n","protected":false},"excerpt":{"rendered":"<p id=\"title\" class=\"a-size-large a-spacing-none\" style=\"text-align: center;\"><span id=\"productTitle\" class=\"a-size-large product-title-word-break\"><span class=\"\">Support d&#8217;extincteur 3<\/span><\/span>\u00a0kg Paquet de 10 | Support de montage d&#8217;extincteurs pour restaurant ou bureau \u00e0 domicile | Support d&#8217;extincteur robuste avec mat\u00e9riel de montage<\/p>\n<p style=\"text-align: center;\">LIVRAISON GRATUITE SOUS 3 \u00c0 7 JOURS<\/p>\n<h4 style=\"text-align: center;\"><strong>ACHETEZ-LE SUR<\/strong><a href=\"https:\/\/www.amazon.fr\/Support-dextincteur-extincteurs-Restaurant-mat%C3%A9riel\/dp\/B0CN18L66P\/ref=sr_1_1?__mk_fr_FR=%C3%85M%C3%85%C5%BD%C3%95%C3%91&amp;crid=1KX4YVWO7O0KE&amp;keywords=B0CN18L66P&amp;qid=1706415678&amp;s=hi&amp;sprefix=b0cn16t6m8%2Cdiy%2C524&amp;sr=1-1\"><img loading=\"lazy\" decoding=\"async\" class=\"aligncenter wp-image-1040 size-full\" src=\"https:\/\/isopllc.com\/fr\/wp-content\/uploads\/sites\/6\/2020\/01\/amazon-button9.png\" alt=\"\" width=\"160\" height=\"59\" \/><\/a><\/h4>\n<p>&nbsp;<\/p>\n","protected":false},"featured_media":5064,"comment_status":"open","ping_status":"closed","template":"","meta":[],"product_brand":[],"product_cat":[252],"product_tag":[47,51,50,49,48],"class_list":{"0":"post-5075","1":"product","2":"type-product","3":"status-publish","4":"has-post-thumbnail","6":"product_cat-supports-dextincteurs","7":"product_tag-support-dextincteur","8":"product_tag-support-de-montage","9":"product_tag-support-de-montage-mural","10":"product_tag-support-suspendu-solide","11":"product_tag-supports-dextincteur","13":"first","14":"instock","15":"shipping-taxable","16":"purchasable","17":"product-type-simple"},"_links":{"self":[{"href":"https:\/\/isopllc.com\/fr\/wp-json\/wp\/v2\/product\/5075","targetHints":{"allow":["GET"]}}],"collection":[{"href":"https:\/\/isopllc.com\/fr\/wp-json\/wp\/v2\/product"}],"about":[{"href":"https:\/\/isopllc.com\/fr\/wp-json\/wp\/v2\/types\/product"}],"replies":[{"embeddable":true,"href":"https:\/\/isopllc.com\/fr\/wp-json\/wp\/v2\/comments?post=5075"}],"wp:featuredmedia":[{"embeddable":true,"href":"https:\/\/isopllc.com\/fr\/wp-json\/wp\/v2\/media\/5064"}],"wp:attachment":[{"href":"https:\/\/isopllc.com\/fr\/wp-json\/wp\/v2\/media?parent=5075"}],"wp:term":[{"taxonomy":"product_brand","embeddable":true,"href":"https:\/\/isopllc.com\/fr\/wp-json\/wp\/v2\/product_brand?post=5075"},{"taxonomy":"product_cat","embeddable":true,"href":"https:\/\/isopllc.com\/fr\/wp-json\/wp\/v2\/product_cat?post=5075"},{"taxonomy":"product_tag","embeddable":true,"href":"https:\/\/isopllc.com\/fr\/wp-json\/wp\/v2\/product_tag?post=5075"}],"curies":[{"name":"wp","href":"https:\/\/api.w.org\/{rel}","templated":true}]}}