{"id":5110,"date":"2024-05-15T06:03:22","date_gmt":"2024-05-15T06:03:22","guid":{"rendered":"https:\/\/isopllc.com\/fr\/?post_type=product&#038;p=5110"},"modified":"2025-10-30T11:34:30","modified_gmt":"2025-10-30T11:34:30","slug":"echelle-de-corde-de-secours-isop-10-m-avec-ancrages-de-montage","status":"publish","type":"product","link":"https:\/\/isopllc.com\/fr\/product\/echelle-de-corde-de-secours-isop-10-m-avec-ancrages-de-montage\/","title":{"rendered":"\u00c9chelle de Corde de Secours ISOP 10 m avec Ancrages de Montage"},"content":{"rendered":"<div class=\"celwidget aplus-module module-4 aplus-standard\" data-csa-c-id=\"6mnb1z-9dwrl2-ic24uv-jd1phn\" data-cel-widget=\"aplus-module-4\">\n<div class=\"a-expander-collapsed-height a-row a-expander-container a-expander-partial-collapse-container\" aria-live=\"polite\" data-a-expander-name=\"aplus-module-expander\" data-a-expander-collapsed-height=\"700\">\n<div class=\"a-expander-content a-expander-partial-collapse-content\" aria-expanded=\"false\">\n<div class=\"aplus-module-wrapper apm-fixed-width\">\n<div class=\"apm-spacing\">\n<div class=\"apm-floatleft apm-fixed-width\">\n<div id=\"title_feature_div\" class=\"celwidget\" data-feature-name=\"title\" data-csa-c-id=\"m5t5xw-wzxd1-od319-pyb58o\" data-cel-widget=\"title_feature_div\">\n<div id=\"titleSection\" class=\"a-section a-spacing-none\">\n<div id=\"title_feature_div\" class=\"celwidget\" data-feature-name=\"title\" data-csa-c-id=\"m5t5xw-wzxd1-od319-pyb58o\" data-cel-widget=\"title_feature_div\">\n<div id=\"titleSection\" class=\"a-section a-spacing-none\">\n<div id=\"title_feature_div\" class=\"celwidget\" data-feature-name=\"title\" data-csa-c-type=\"widget\" data-csa-c-content-id=\"title\" data-csa-c-slot-id=\"title_feature_div\" data-csa-c-asin=\"B08LBSSYLB\" data-csa-c-is-in-initial-active-row=\"false\" data-csa-c-id=\"17ru46-17y14b-n67b8m-2oxpt\" data-cel-widget=\"title_feature_div\">\n<div id=\"titleSection\" class=\"a-section a-spacing-none\">\n<div id=\"title_feature_div\" class=\"celwidget\" data-feature-name=\"title\" data-csa-c-type=\"widget\" data-csa-c-content-id=\"title\" data-csa-c-slot-id=\"title_feature_div\" data-csa-c-asin=\"B08MC9LH29\" data-csa-c-is-in-initial-active-row=\"false\" data-csa-c-id=\"analhw-te1xyy-60lyno-20y2gm\" data-cel-widget=\"title_feature_div\">\n<div id=\"titleSection\" class=\"a-section a-spacing-none\">\n<div id=\"title_feature_div\" class=\"celwidget\" data-feature-name=\"title\" data-csa-c-type=\"widget\" data-csa-c-content-id=\"title\" data-csa-c-slot-id=\"title_feature_div\" data-csa-c-asin=\"B09TLDMQBR\" data-csa-c-is-in-initial-active-row=\"false\" data-csa-c-id=\"oha51v-3fel6l-hph8o8-sfkywd\" data-cel-widget=\"title_feature_div\">\n<div id=\"titleSection\" class=\"a-section a-spacing-none\">\n<h1 id=\"title\" class=\"a-size-large a-spacing-none\"><span id=\"productTitle\" class=\"a-size-large product-title-word-break\">\u00c9chelle de Corde de Secours ISOP 10 m avec Ancrages de Montage | \u00c9chelle de Secours pour Maison 4\u00e8me \u00e9tage | Portable, Pliable et Compact | Mur d&#8217;\u00e9chelle d&#8217;urgence Fixe<\/span><\/h1>\n<\/div>\n<\/div>\n<\/div>\n<\/div>\n<\/div>\n<\/div>\n<\/div>\n<\/div>\n<\/div>\n<\/div>\n<\/div>\n<\/div>\n<\/div>\n<\/div>\n<\/div>\n<\/div>\n<div class=\"celwidget aplus-module module-9 aplus-standard\" data-csa-c-id=\"kgh8ns-6rdhac-l4uce3-redgno\" data-cel-widget=\"aplus-module-9\">\n<div class=\"a-expander-collapsed-height a-row a-expander-container a-expander-partial-collapse-container\" aria-live=\"polite\" data-a-expander-name=\"aplus-module-expander\" data-a-expander-collapsed-height=\"700\">\n<div class=\"a-expander-content a-expander-partial-collapse-content\" aria-expanded=\"false\">\n<div class=\"aplus-module-wrapper apm-fixed-width\">\n<div class=\"apm-spacing apm-fixed-width\">\n<div class=\"celwidget aplus-module module-9 aplus-standard\" data-csa-c-id=\"6rrkxj-o9oo3p-2dk8kw-v8mrts\" data-cel-widget=\"aplus-module-9\">\n<div class=\"a-expander-collapsed-height a-row a-expander-container a-expander-partial-collapse-container\" aria-live=\"polite\" data-a-expander-name=\"aplus-module-expander\" data-a-expander-collapsed-height=\"700\">\n<div class=\"a-expander-content a-expander-partial-collapse-content\" aria-expanded=\"false\">\n<div class=\"aplus-module-wrapper apm-fixed-width\">\n<div class=\"apm-spacing apm-fixed-width\"><\/div>\n<\/div>\n<\/div>\n<\/div>\n<\/div>\n<div class=\"celwidget aplus-module module-2 aplus-standard\" data-csa-c-id=\"czdp8c-vpt42n-ub22e6-8qlfjz\" data-cel-widget=\"aplus-module-2\">\n<div class=\"a-expander-collapsed-height a-row a-expander-container a-expander-partial-collapse-container\" aria-live=\"polite\" data-a-expander-name=\"aplus-module-expander\" data-a-expander-collapsed-height=\"700\">\n<div class=\"a-expander-content a-expander-partial-collapse-content\" aria-expanded=\"false\">\n<div class=\"aplus-module-wrapper apm-floatnone apm-fixed-width\">\n<div class=\"apm-sidemodule apm-spacing\">\n<div class=\"apm-sidemodule-textright\">\n<div class=\"celwidget aplus-module module-9 aplus-standard\">\n<div class=\"a-expander-collapsed-height a-row a-expander-container a-expander-partial-collapse-container\" data-a-expander-name=\"aplus-module-expander\" data-a-expander-collapsed-height=\"700\">\n<div class=\"a-expander-content a-expander-partial-collapse-content\" aria-expanded=\"false\">\n<div class=\"aplus-module-wrapper apm-fixed-width\">\n<div class=\"apm-spacing apm-fixed-width\">\n<div class=\"celwidget aplus-module module-9 aplus-standard\" data-csa-c-id=\"emkbnl-11vq23-1incdi-lfo9yf\" data-cel-widget=\"aplus-module-9\">\n<div class=\"aplus-module-wrapper apm-fixed-width\">\n<div class=\"apm-spacing apm-fixed-width\">\n<div id=\"aplus_feature_div\" class=\"celwidget\" data-feature-name=\"aplus\" data-csa-c-type=\"widget\" data-csa-c-content-id=\"aplus\" data-csa-c-slot-id=\"aplus_feature_div\" data-csa-c-asin=\"\" data-csa-c-is-in-initial-active-row=\"false\" data-csa-c-id=\"ebpnh7-v23cw7-lv803-rp18f9\" data-cel-widget=\"aplus_feature_div\">\n<div id=\"aplus\" class=\"a-section a-spacing-large bucket\">\n<div class=\"aplus-v2 desktop celwidget\" data-csa-c-id=\"322z1i-fsajov-ud7fia-k0knjv\" data-cel-widget=\"aplus\">\n<div class=\"celwidget aplus-module module-9 aplus-standard\" data-csa-c-id=\"e5nyxf-jpncv6-ubo24v-ozeiyw\" data-cel-widget=\"aplus-module-9\">\n<div class=\"aplus-module-wrapper apm-fixed-width\">\n<div class=\"apm-spacing apm-fixed-width\">\n<h3 class=\"a-spacing-small\">Pourquoi choisir nos \u00e9chelles de secours<\/h3>\n<p><img decoding=\"async\" class=\"a-spacing-mini\" src=\"https:\/\/m.media-amazon.com\/images\/S\/aplus-media-library-service-media\/0c3c254d-684e-4313-bc9f-ae4b4b7e7ee7.__CR0,0,300,300_PT0_SX300_V1___.jpg\" alt=\"professional ladder\" data-src=\"https:\/\/m.media-amazon.com\/images\/S\/aplus-media-library-service-media\/0c3c254d-684e-4313-bc9f-ae4b4b7e7ee7.__CR0,0,300,300_PT0_SX300_V1___.jpg\" data- title=\"\"><\/p>\n<h3>Application large<\/h3>\n<p>Peut \u00eatre utilis\u00e9 comme \u00e9chelle d&#8217;\u00e9vacuation en cas d&#8217;incendie ou d&#8217;urgence\u00a0; peut \u00e9galement servir de bunker de grenier, d&#8217;\u00e9chelles de grenier, d&#8217;\u00e9chelle murale et m\u00eame d&#8217;\u00e9chelle permanente, etc.<\/p>\n<p><img decoding=\"async\" class=\"a-spacing-mini\" style=\"font-weight: 600\" src=\"https:\/\/m.media-amazon.com\/images\/S\/aplus-media-library-service-media\/94e0f1b0-d713-4663-a172-3e35c4090aaa.__CR0,0,1000,1000_PT0_SX300_V1___.jpg\" alt=\"Gentle to hands\" data-src=\"https:\/\/m.media-amazon.com\/images\/S\/aplus-media-library-service-media\/94e0f1b0-d713-4663-a172-3e35c4090aaa.__CR0,0,1000,1000_PT0_SX300_V1___.jpg\" data- title=\"\"><\/p>\n<h3>Doux pour les mains<\/h3>\n<p>Lors de la cr\u00e9ation de ces \u00e9chelles, nous avons pris en compte les d\u00e9fauts de nos concurrents. Les autres, comme first alert et kidde, se plaignent beaucoup du fait que lors de l&#8217;utilisation de leurs \u00e9chelles, les \u00e9chelons coupent les mains des utilisateurs car les \u00e9chelons en aluminium sont tranchants. Nous en avons tenu compte et nos \u00e9chelles n&#8217;ont pas de coins pointus et elles sont sans danger pour les adultes et les enfants.<\/p>\n<p><img decoding=\"async\" class=\"a-spacing-mini\" style=\"font-weight: 600\" src=\"https:\/\/m.media-amazon.com\/images\/S\/aplus-media\/sc\/27f9c708-c858-49c0-96f7-815dd0fa4f9a.__CR0,0,1000,1000_PT0_SX300_V1___.jpg\" alt=\"Wide application\" data-src=\"https:\/\/m.media-amazon.com\/images\/S\/aplus-media\/sc\/27f9c708-c858-49c0-96f7-815dd0fa4f9a.__CR0,0,1000,1000_PT0_SX300_V1___.jpg\" data- title=\"\"><\/p>\n<h3>Bretelles int\u00e9grales<\/h3>\n<p>Encore une fois, en comparant nos \u00e9chelles aux concurrents, il convient de noter que du haut vers le bas, nos \u00e9chelles sont constitu\u00e9es d&#8217;une seule pi\u00e8ce de sangle pouvant supporter jusqu&#8217;\u00e0 1200 livres (!) Gr\u00e2ce \u00e0 une technologie brevet\u00e9e sp\u00e9ciale. Alors que les \u00e9chelles en sangle des concurrents sont cousues en morceaux, ce qui, \u00e0 notre avis, n&#8217;est pas fiable.<\/p>\n<p><img decoding=\"async\" class=\"a-spacing-mini\" src=\"https:\/\/m.media-amazon.com\/images\/S\/aplus-media-library-service-media\/0816345a-5da9-4a58-b7e9-417c78f7767b.__CR0,0,300,300_PT0_SX300_V1___.jpg\" alt=\"For window or balcony\" data-src=\"https:\/\/m.media-amazon.com\/images\/S\/aplus-media-library-service-media\/0816345a-5da9-4a58-b7e9-417c78f7767b.__CR0,0,300,300_PT0_SX300_V1___.jpg\" data- title=\"\"><\/p>\n<\/div>\n<div>Livr\u00e9 avec un sac de rangement.<\/div>\n<div><\/div>\n<div><img decoding=\"async\" class=\"a-spacing-mini\" style=\"font-weight: 600\" src=\"https:\/\/m.media-amazon.com\/images\/S\/aplus-media\/sc\/42cab632-a2d0-40fd-a2dd-280d531bf010.__CR282,0,1000,1000_PT0_SX300_V1___.jpg\" alt=\"For window or balcony\" data-src=\"https:\/\/m.media-amazon.com\/images\/S\/aplus-media\/sc\/42cab632-a2d0-40fd-a2dd-280d531bf010.__CR282,0,1000,1000_PT0_SX300_V1___.jpg\" data- title=\"\"><\/div>\n<\/div>\n<\/div>\n<div><\/div>\n<div class=\"celwidget aplus-module module-9 aplus-standard\" data-csa-c-id=\"e5nyxf-jpncv6-ubo24v-ozeiyw\" data-cel-widget=\"aplus-module-9\">\n<h3>Stabilisateurs<\/h3>\n<p>Les \u00e9chelons de nos \u00e9chelles ont des stabilisateurs qui permettent aux \u00e9chelles de ne pas adh\u00e9rer fermement au mur mais de rester solide contre celui-ci et donc de faciliter grandement la descente du deuxi\u00e8me ou du troisi\u00e8me \u00e9tage.<\/p>\n<h3>\u00c9chelons antid\u00e9rapants<\/h3>\n<p>Un motif sp\u00e9cial sur la surface des \u00e9chelons rend la descente de l&#8217;appartement antid\u00e9rapante par tous les temps.<\/p>\n<p><img decoding=\"async\" class=\"a-spacing-mini\" style=\"font-weight: 600\" src=\"https:\/\/m.media-amazon.com\/images\/S\/aplus-media\/sc\/8b1ba6ce-d84f-4314-b98a-95d063fc3e5e.__CR500,0,1000,1000_PT0_SX300_V1___.jpg\" alt=\"For window or balcony\" data-src=\"https:\/\/m.media-amazon.com\/images\/S\/aplus-media\/sc\/8b1ba6ce-d84f-4314-b98a-95d063fc3e5e.__CR500,0,1000,1000_PT0_SX300_V1___.jpg\" data- title=\"\"><\/p>\n<\/div>\n<h3>Imperm\u00e9abiliser<\/h3>\n<p>La peinture sp\u00e9ciale enduite de poudre prot\u00e8ge les \u00e9chelons contre la rouille et la sangle en polyester est tr\u00e8s r\u00e9sistante \u00e0 l&#8217;eau ou \u00e0 la neige, c&#8217;est pourquoi nos \u00e9chelles de secours sont r\u00e9sistantes aux intemp\u00e9ries.<\/p>\n<h3>Certifi\u00e9<\/h3>\n<p>Nos \u00e9chelles, contrairement \u00e0 toutes les autres similaires sur le march\u00e9, sont certifi\u00e9es selon la norme de qualit\u00e9 EN 131. Il vaut mieux confier sa vie \u00e0 un produit ayant pass\u00e9 tous les tests n\u00e9cessaires plut\u00f4t qu\u2019\u00e0 un article l\u00e9g\u00e8rement moins cher fabriqu\u00e9 on ne sait comment.<\/p>\n<p><img loading=\"lazy\" decoding=\"async\" class=\"alignnone wp-image-5473\" src=\"https:\/\/isopllc.com\/fr\/wp-content\/uploads\/sites\/6\/2025\/04\/6.jpg\" alt=\"Certifi\u00e9 \u00c9chelle de Corde de Secours\" width=\"298\" height=\"298\" title=\"\" srcset=\"https:\/\/isopllc.com\/fr\/wp-content\/uploads\/sites\/6\/2025\/04\/6.jpg 1080w, https:\/\/isopllc.com\/fr\/wp-content\/uploads\/sites\/6\/2025\/04\/6-150x150.jpg 150w, https:\/\/isopllc.com\/fr\/wp-content\/uploads\/sites\/6\/2025\/04\/6-768x768.jpg 768w, https:\/\/isopllc.com\/fr\/wp-content\/uploads\/sites\/6\/2025\/04\/6-1000x1000.jpg 1000w, https:\/\/isopllc.com\/fr\/wp-content\/uploads\/sites\/6\/2025\/04\/6-416x416.jpg 416w, https:\/\/isopllc.com\/fr\/wp-content\/uploads\/sites\/6\/2025\/04\/6-100x100.jpg 100w\" sizes=\"auto, (max-width: 298px) 100vw, 298px\" \/><\/p>\n<h3>R\u00e9utilisable<\/h3>\n<p>Nos \u00e9chelles sont r\u00e9utilisables, de plus elles se fixent facilement. Avec un stockage appropri\u00e9, ils peuvent durer des ann\u00e9es !<\/p>\n<div class=\"celwidget aplus-module module-9 aplus-standard\" data-csa-c-id=\"ed8g21-z6tdjn-xdkwve-myvqs7\" data-cel-widget=\"aplus-module-9\">\n<div class=\"aplus-module-wrapper apm-fixed-width\">\n<div>\n<p>&nbsp;<\/p>\n<\/div>\n<\/div>\n<div><img decoding=\"async\" class=\"a-spacing-mini\" style=\"font-weight: 600\" src=\"https:\/\/m.media-amazon.com\/images\/S\/aplus-media-library-service-media\/69e20463-8535-4185-ad23-2d11f4e0e445.__CR188,0,1125,1125_PT0_SX300_V1___.jpg\" alt=\"carabiners\" data-src=\"https:\/\/m.media-amazon.com\/images\/S\/aplus-media-library-service-media\/69e20463-8535-4185-ad23-2d11f4e0e445.__CR188,0,1125,1125_PT0_SX300_V1___.jpg\" data- title=\"\"><\/div>\n<\/div>\n<\/div>\n<\/div>\n<div>\n<h3>Mousquetons robustes<\/h3>\n<p>Les \u00e9chelles comprennent des mousquetons chrom\u00e9s avec une r\u00e9sistance \u00e0 la rupture de 11KN.<\/p>\n<p><img decoding=\"async\" class=\"a-spacing-mini\" style=\"font-weight: 600\" src=\"https:\/\/m.media-amazon.com\/images\/S\/aplus-media-library-service-media\/c3b3fb51-597d-4234-91a3-95fb43b58226.__CR0,0,300,300_PT0_SX300_V1___.jpg\" alt=\"ladder\" data-src=\"https:\/\/m.media-amazon.com\/images\/S\/aplus-media-library-service-media\/c3b3fb51-597d-4234-91a3-95fb43b58226.__CR0,0,300,300_PT0_SX300_V1___.jpg\" data- title=\"\"><\/p>\n<\/div>\n<h3>Variation de 3 tailles<\/h3>\n<p>Nous proposons 3 tailles d&#8217;\u00e9chelles : \u00e9chelle de secours \u00e0 1-2 \u00e9tages et \u00e9chelle de secours \u00e0 3 \u00e9tages.<\/p>\n<div id=\"aplus\" class=\"a-section a-spacing-large bucket\">\n<div class=\"aplus-v2 desktop celwidget\" data-csa-c-id=\"322z1i-fsajov-ud7fia-k0knjv\" data-cel-widget=\"aplus\">\n<div class=\"celwidget aplus-module module-9 aplus-standard\" data-csa-c-id=\"i3wpnb-ql0ty0-e1ad7b-5zlqlt\" data-cel-widget=\"aplus-module-9\">\n<div class=\"aplus-module-wrapper apm-fixed-width\">\n<div class=\"apm-spacing apm-fixed-width\"><img decoding=\"async\" class=\"a-spacing-mini\" style=\"font-weight: 600\" src=\"https:\/\/m.media-amazon.com\/images\/S\/aplus-media-library-service-media\/3e3631ef-bf95-4934-bd5d-2881c8d8d8c7.__CR0,0,300,300_PT0_SX300_V1___.jpg\" alt=\"Climbing anchor bolts set\" data-src=\"https:\/\/m.media-amazon.com\/images\/S\/aplus-media-library-service-media\/3e3631ef-bf95-4934-bd5d-2881c8d8d8c7.__CR0,0,300,300_PT0_SX300_V1___.jpg\" data- title=\"\"><\/div>\n<\/div>\n<div><\/div>\n<div>Ensemble de boulons d&#8217;ancrage d&#8217;escalade, comprend 2 plaques de suspension et 2 boulons d&#8217;expansion. Les \u00e9crous de boulon et les rondelles plates sont inclus<\/div>\n<div><\/div>\n<\/div>\n<\/div>\n<div><img decoding=\"async\" class=\"a-spacing-mini\" src=\"https:\/\/m.media-amazon.com\/images\/S\/aplus-media-library-service-media\/ac107527-31f7-4d80-b674-40b8002414d7.__CR0,0,300,300_PT0_SX300_V1___.jpg\" alt=\"Climbing anchor bolts set\" data-src=\"https:\/\/m.media-amazon.com\/images\/S\/aplus-media-library-service-media\/ac107527-31f7-4d80-b674-40b8002414d7.__CR0,0,300,300_PT0_SX300_V1___.jpg\" data- title=\"\"><\/div>\n<\/div>\n<div><\/div>\n<\/div>\n<\/div>\n<\/div>\n<\/div>\n<\/div>\n<div>Plaques de suspension pour point d&#8217;ancrage permanent. \u0152illet d&#8217;attache con\u00e7u pour deux mousquetons.<\/div>\n<div><\/div>\n<\/div>\n<div><img decoding=\"async\" class=\"a-spacing-mini\" style=\"font-weight: 600\" src=\"https:\/\/m.media-amazon.com\/images\/S\/aplus-media-library-service-media\/3536bb7e-bf8c-4956-95aa-18f0bec05cc5.__CR0,0,300,300_PT0_SX300_V1___.jpg\" alt=\"Climbing anchor bolts set\" data-src=\"https:\/\/m.media-amazon.com\/images\/S\/aplus-media-library-service-media\/3536bb7e-bf8c-4956-95aa-18f0bec05cc5.__CR0,0,300,300_PT0_SX300_V1___.jpg\" data- title=\"\"><\/div>\n<div><\/div>\n<div>Fabriqu\u00e9 en acier inoxydable de haute qualit\u00e9 et durable. L\u00e9ger, adapt\u00e9 \u00e0 l&#8217;alpinisme, \u00e0 l&#8217;escalade, \u00e0 la sp\u00e9l\u00e9ologie et \u00e0 d&#8217;autres activit\u00e9s de plein air<\/div>\n<div><img loading=\"lazy\" decoding=\"async\" class=\"alignnone wp-image-5099\" src=\"https:\/\/isopllc.com\/fr\/wp-content\/uploads\/sites\/6\/2024\/04\/Echelle-durgence.png\" alt=\"E\u0301chelle d&#039;urgence\" width=\"308\" height=\"308\" title=\"\" srcset=\"https:\/\/isopllc.com\/fr\/wp-content\/uploads\/sites\/6\/2024\/04\/Echelle-durgence.png 1080w, https:\/\/isopllc.com\/fr\/wp-content\/uploads\/sites\/6\/2024\/04\/Echelle-durgence-150x150.png 150w, https:\/\/isopllc.com\/fr\/wp-content\/uploads\/sites\/6\/2024\/04\/Echelle-durgence-768x768.png 768w, https:\/\/isopllc.com\/fr\/wp-content\/uploads\/sites\/6\/2024\/04\/Echelle-durgence-1000x1000.png 1000w, https:\/\/isopllc.com\/fr\/wp-content\/uploads\/sites\/6\/2024\/04\/Echelle-durgence-416x416.png 416w, https:\/\/isopllc.com\/fr\/wp-content\/uploads\/sites\/6\/2024\/04\/Echelle-durgence-100x100.png 100w\" sizes=\"auto, (max-width: 308px) 100vw, 308px\" \/><\/div>\n<div>Nos \u00e9chelles figurent dans tous les classements r\u00e9put\u00e9s et sont class\u00e9es dans le top 5 selon ces \u00e9diteurs.<\/div>\n<div><\/div>\n<div>\u00c9galement disponible en <a href=\"https:\/\/isopllc.com\/fr\/product\/echelle-de-sauvetage-incendie-4-m-2-etages\/\"><strong>4 m<\/strong><\/a> |\u00a0<strong><a href=\"https:\/\/isopllc.com\/fr\/product\/echelle-de-secours-incendie-3-etages-8-m-avec-materiel-de-montage-ancres-descalade\/\">8 m<\/a><\/strong><\/div>\n<div><\/div>\n<\/div>\n<\/div>\n<\/div>\n<\/div>\n<\/div>\n<\/div>\n<\/div>\n<\/div>\n<\/div>\n<\/div>\n<\/div>\n<\/div>\n<\/div>\n<\/div>\n","protected":false},"excerpt":{"rendered":"[embed]https:\/\/youtu.be\/oMfZAYSbNX4[\/embed]\n<p id=\"title\" class=\"a-size-large a-spacing-none\" style=\"text-align: center\"><span id=\"productTitle\" class=\"a-size-large product-title-word-break\">\u00c9chelle de Corde de Secours ISOP 10 m avec Ancrages de Montage | \u00c9chelle de Secours pour Maison 4\u00e8me \u00e9tage | Portable, Pliable et Compact | Mur d&#8217;\u00e9chelle d&#8217;urgence Fixe<\/span><\/p>\n<p style=\"text-align: center\">LIVRAISON GRATUITE SOUS 3-7 JOURS<\/p>\n<h4 style=\"text-align: center\"><strong>ACHETEZ-LE SUR<\/strong><a href=\"https:\/\/www.amazon.fr\/dp\/B0CG4K9B71\/ref=sr_1_1?__mk_fr_FR=%C3%85M%C3%85%C5%BD%C3%95%C3%91&amp;crid=2J854BBZY7NLP&amp;dib=eyJ2IjoiMSJ9.EA6aYXO8avm2AlAtej_3jw.BnZwWAtOjfN19vo5ZgkDp0EVuZu7Mf97TRZ3JbUsMZw&amp;dib_tag=se&amp;keywords=ISOP-10-ancrages-Portable-d%C3%A9chelle&amp;qid=1715753708&amp;refresh=1&amp;s=kitchen&amp;sprefix=b0cg4k9b71%2Ckitchen%2C240&amp;sr=1-1&amp;th=1\"><img loading=\"lazy\" decoding=\"async\" class=\"aligncenter wp-image-1040 size-full\" src=\"https:\/\/isopllc.com\/fr\/wp-content\/uploads\/sites\/6\/2020\/01\/amazon-button9.png\" alt=\"\" width=\"160\" height=\"59\" \/><\/a><\/h4>\n","protected":false},"featured_media":5111,"comment_status":"open","ping_status":"closed","template":"","meta":[],"product_brand":[],"product_cat":[264,260],"product_tag":[93,97,72,70,96,65,74,67,94,95,66],"class_list":{"0":"post-5110","1":"product","2":"type-product","3":"status-publish","4":"has-post-thumbnail","6":"product_cat-echelles-de-secours-pour-4-etages","7":"product_cat-echelles-murales","8":"product_tag-echelle-a-4-etages","9":"product_tag-echelle-devacuation-durgence-au-4e-etage","10":"product_tag-echelle-de-corde-suspendue","11":"product_tag-echelle-de-secours","12":"product_tag-echelle-de-secours-au-4e-etage","13":"product_tag-echelle-de-sortie","14":"product_tag-echelle-de-sortie-redi","15":"product_tag-escalier-de-secours","16":"product_tag-escalier-de-secours-au-4e-etage","17":"product_tag-escalier-de-secours-pour-fenetre-du-4e-etage","18":"product_tag-meilleure-issue-de-secours","20":"first","21":"instock","22":"shipping-taxable","23":"purchasable","24":"product-type-variable"},"_links":{"self":[{"href":"https:\/\/isopllc.com\/fr\/wp-json\/wp\/v2\/product\/5110","targetHints":{"allow":["GET"]}}],"collection":[{"href":"https:\/\/isopllc.com\/fr\/wp-json\/wp\/v2\/product"}],"about":[{"href":"https:\/\/isopllc.com\/fr\/wp-json\/wp\/v2\/types\/product"}],"replies":[{"embeddable":true,"href":"https:\/\/isopllc.com\/fr\/wp-json\/wp\/v2\/comments?post=5110"}],"wp:featuredmedia":[{"embeddable":true,"href":"https:\/\/isopllc.com\/fr\/wp-json\/wp\/v2\/media\/5111"}],"wp:attachment":[{"href":"https:\/\/isopllc.com\/fr\/wp-json\/wp\/v2\/media?parent=5110"}],"wp:term":[{"taxonomy":"product_brand","embeddable":true,"href":"https:\/\/isopllc.com\/fr\/wp-json\/wp\/v2\/product_brand?post=5110"},{"taxonomy":"product_cat","embeddable":true,"href":"https:\/\/isopllc.com\/fr\/wp-json\/wp\/v2\/product_cat?post=5110"},{"taxonomy":"product_tag","embeddable":true,"href":"https:\/\/isopllc.com\/fr\/wp-json\/wp\/v2\/product_tag?post=5110"}],"curies":[{"name":"wp","href":"https:\/\/api.w.org\/{rel}","templated":true}]}}