{"id":5161,"date":"2024-08-06T15:19:21","date_gmt":"2024-08-06T15:19:21","guid":{"rendered":"https:\/\/isopllc.com\/fr\/?post_type=product&#038;p=5161"},"modified":"2025-11-16T15:55:21","modified_gmt":"2025-11-16T15:55:21","slug":"isop-armoire-a-extincteurs-en-plastique-petite","status":"publish","type":"product","link":"https:\/\/isopllc.com\/fr\/product\/isop-armoire-a-extincteurs-en-plastique-petite\/","title":{"rendered":"Coffre Extincteur en PVC \u2013 Petit Mod\u00e8le, \u00c9tanche, Fixation Murale"},"content":{"rendered":"<h1 id=\"title\" class=\"a-size-large a-spacing-none\">ISOP Armoire \u00e0 Extincteurs en Plastique Petite pour 2,5 kg ou 5 lb &#8211; Bo\u00eete \u00e0 Extincteur &#8211; Armoire \u00e0 Extincteur Ext\u00e9rieur Mont\u00e9e &#8211; Montage d&#8217;Extincteurs<\/h1>\n<div class=\"celwidget aplus-module premium-module-4-two-column-images aplus-premium\" data-csa-c-id=\"15yl7x-eio1n0-m9lh6n-socwzs\" data-cel-widget=\"aplus-premium-module-4-two-column-images\">\n<div class=\"a-section a-spacing-none premium-aplus premium-aplus-module-4 aplus-container-1\">\n<div class=\"a-section a-spacing-none premium-aplus-two-column\">\n<div class=\"a-section a-spacing-none premium-aplus-column\">\n<div class=\"a-section a-spacing-none column-description\">\n<div class=\"celwidget aplus-module module-9 aplus-standard\">\n<div class=\"aplus-module-wrapper\">\n<div class=\"\">\n<p class=\"a-text-center\"><img loading=\"lazy\" decoding=\"async\" class=\"alignnone size-full wp-image-5170\" src=\"https:\/\/isopllc.com\/fr\/wp-content\/uploads\/sites\/6\/2024\/08\/pvs-M-size-1.jpg\" alt=\"Armoire \u00e0 extincteurs en plastique\" width=\"300\" height=\"300\" title=\"\" srcset=\"https:\/\/isopllc.com\/fr\/wp-content\/uploads\/sites\/6\/2024\/08\/pvs-M-size-1.jpg 300w, https:\/\/isopllc.com\/fr\/wp-content\/uploads\/sites\/6\/2024\/08\/pvs-M-size-1-150x150.jpg 150w, https:\/\/isopllc.com\/fr\/wp-content\/uploads\/sites\/6\/2024\/08\/pvs-M-size-1-100x100.jpg 100w\" sizes=\"auto, (max-width: 300px) 100vw, 300px\" \/><\/p>\n<h4 class=\"a-spacing-mini\">Construction Durable<\/h4>\n<p class=\"a-spacing-base\">Fabriqu\u00e9 en plastique haut de gamme et r\u00e9sistant aux chocs, ce cabinet \u00e0 extincteur en PVC est con\u00e7u pour r\u00e9sister \u00e0 des conditions m\u00e9t\u00e9orologiques difficiles, y compris des temp\u00e9ratures extr\u00eames, de la pluie et une exposition aux UV. Sa construction robuste garantit une protection durable pour votre extincteur, pr\u00e9servant son int\u00e9grit\u00e9 au fil du temps.<\/p>\n<p>&nbsp;<\/p>\n<p class=\"a-text-center\"><img loading=\"lazy\" decoding=\"async\" class=\"alignnone size-full wp-image-5169\" src=\"https:\/\/isopllc.com\/fr\/wp-content\/uploads\/sites\/6\/2024\/08\/pvs-M-size-2.jpg\" alt=\"Armoire \u00e0 extincteurs en plastique\" width=\"300\" height=\"300\" title=\"\" srcset=\"https:\/\/isopllc.com\/fr\/wp-content\/uploads\/sites\/6\/2024\/08\/pvs-M-size-2.jpg 300w, https:\/\/isopllc.com\/fr\/wp-content\/uploads\/sites\/6\/2024\/08\/pvs-M-size-2-150x150.jpg 150w, https:\/\/isopllc.com\/fr\/wp-content\/uploads\/sites\/6\/2024\/08\/pvs-M-size-2-100x100.jpg 100w\" sizes=\"auto, (max-width: 300px) 100vw, 300px\" \/><\/p>\n<h4 class=\"a-spacing-mini\">Ajustement Universel<\/h4>\n<p class=\"a-spacing-base\">Le cabinet \u00e0 extincteur en PVC est con\u00e7u pour s&#8217;adapter \u00e0 des extincteurs de 2,5 kg ou 5 lb, ce qui le rend polyvalent et adapt\u00e9 \u00e0 divers mod\u00e8les et types d&#8217;extincteurs. Cette adaptabilit\u00e9 permet une large application dans diff\u00e9rents contextes et environnements.<\/p>\n<p>&nbsp;<\/p>\n<p class=\"a-text-center\"><img loading=\"lazy\" decoding=\"async\" class=\"alignnone size-full wp-image-5168\" src=\"https:\/\/isopllc.com\/fr\/wp-content\/uploads\/sites\/6\/2024\/08\/pvs-M-size-3.jpg\" alt=\"Armoire \u00e0 extincteurs en plastique\" width=\"300\" height=\"300\" title=\"\" srcset=\"https:\/\/isopllc.com\/fr\/wp-content\/uploads\/sites\/6\/2024\/08\/pvs-M-size-3.jpg 300w, https:\/\/isopllc.com\/fr\/wp-content\/uploads\/sites\/6\/2024\/08\/pvs-M-size-3-150x150.jpg 150w, https:\/\/isopllc.com\/fr\/wp-content\/uploads\/sites\/6\/2024\/08\/pvs-M-size-3-100x100.jpg 100w\" sizes=\"auto, (max-width: 300px) 100vw, 300px\" \/><\/p>\n<h4 class=\"a-spacing-mini\">Installation Facile<\/h4>\n<p class=\"a-spacing-base\">Dot\u00e9 de trous de montage pr\u00e9-perc\u00e9s, le cabinet \u00e0 extincteur en PVC ISOP peut \u00eatre mont\u00e9 sans effort sur n&#8217;importe quelle surface murale. Le processus d&#8217;installation simple garantit que votre extincteur est positionn\u00e9 en toute s\u00e9curit\u00e9 et facilement accessible, am\u00e9liorant consid\u00e9rablement la pr\u00e9paration aux urgences.<\/p>\n<p>&nbsp;<\/p>\n<\/div>\n<\/div>\n<\/div>\n<div class=\"celwidget aplus-module module-9 aplus-standard\">\n<div class=\"aplus-module-wrapper\">\n<div class=\"\">\n<p class=\"a-text-center\"><img loading=\"lazy\" decoding=\"async\" class=\"alignnone size-full wp-image-5167\" src=\"https:\/\/isopllc.com\/fr\/wp-content\/uploads\/sites\/6\/2024\/08\/pvs-M-size-4.jpg\" alt=\"Armoire \u00e0 extincteurs en plastique\" width=\"300\" height=\"300\" title=\"\" srcset=\"https:\/\/isopllc.com\/fr\/wp-content\/uploads\/sites\/6\/2024\/08\/pvs-M-size-4.jpg 300w, https:\/\/isopllc.com\/fr\/wp-content\/uploads\/sites\/6\/2024\/08\/pvs-M-size-4-150x150.jpg 150w, https:\/\/isopllc.com\/fr\/wp-content\/uploads\/sites\/6\/2024\/08\/pvs-M-size-4-100x100.jpg 100w\" sizes=\"auto, (max-width: 300px) 100vw, 300px\" \/><\/p>\n<h4 class=\"a-spacing-mini\">S\u00fbr et Accessible<\/h4>\n<p class=\"a-spacing-base\">Le cabinet \u00e0 extincteur en PVC est \u00e9quip\u00e9 d&#8217;un syst\u00e8me de verrouillage s\u00e9curis\u00e9 qui maintient l&#8217;extincteur fermement en place, emp\u00eachant tout d\u00e9placement accidentel tout en permettant un acc\u00e8s rapide et facile lorsque n\u00e9cessaire. En cas d&#8217;urgence, chaque seconde compte, et ce design garantit que vous pouvez agir rapidement.<\/p>\n<p>&nbsp;<\/p>\n<p class=\"a-text-center\"><img loading=\"lazy\" decoding=\"async\" class=\"alignnone size-full wp-image-5166\" src=\"https:\/\/isopllc.com\/fr\/wp-content\/uploads\/sites\/6\/2024\/08\/pvs-M-size-5.jpg\" alt=\"Armoire \u00e0 extincteurs en plastique\" width=\"300\" height=\"300\" title=\"\" srcset=\"https:\/\/isopllc.com\/fr\/wp-content\/uploads\/sites\/6\/2024\/08\/pvs-M-size-5.jpg 300w, https:\/\/isopllc.com\/fr\/wp-content\/uploads\/sites\/6\/2024\/08\/pvs-M-size-5-150x150.jpg 150w, https:\/\/isopllc.com\/fr\/wp-content\/uploads\/sites\/6\/2024\/08\/pvs-M-size-5-100x100.jpg 100w\" sizes=\"auto, (max-width: 300px) 100vw, 300px\" \/><\/p>\n<h4 class=\"a-spacing-mini\">Visibilit\u00e9<\/h4>\n<p class=\"a-spacing-base\">Une fen\u00eatre de visualisation claire et incassable permet des inspections visuelles rapides de l&#8217;\u00e9tat de l&#8217;extincteur sans ouvrir le cabinet. Cette fonctionnalit\u00e9 garantit que l&#8217;extincteur est toujours pr\u00eat \u00e0 \u00eatre utilis\u00e9 et simplifie les v\u00e9rifications de maintenance de routine.<\/p>\n<p>&nbsp;<\/p>\n<p class=\"a-text-center\"><img loading=\"lazy\" decoding=\"async\" class=\"alignnone size-full wp-image-5165\" src=\"https:\/\/isopllc.com\/fr\/wp-content\/uploads\/sites\/6\/2024\/08\/pvs-M-size-6.jpg\" alt=\"Armoire \u00e0 extincteurs en plastique\" width=\"300\" height=\"300\" title=\"\" srcset=\"https:\/\/isopllc.com\/fr\/wp-content\/uploads\/sites\/6\/2024\/08\/pvs-M-size-6.jpg 300w, https:\/\/isopllc.com\/fr\/wp-content\/uploads\/sites\/6\/2024\/08\/pvs-M-size-6-150x150.jpg 150w, https:\/\/isopllc.com\/fr\/wp-content\/uploads\/sites\/6\/2024\/08\/pvs-M-size-6-100x100.jpg 100w\" sizes=\"auto, (max-width: 300px) 100vw, 300px\" \/><\/p>\n<h4 class=\"a-spacing-mini\">R\u00e9sistant aux intemp\u00e9ries<\/h4>\n<p class=\"a-spacing-base\">Con\u00e7u sp\u00e9cifiquement pour les environnements ext\u00e9rieurs, ce cabinet \u00e0 extincteur en PVC offre une excellente protection contre la pluie, la poussi\u00e8re et les rayons UV. Ses propri\u00e9t\u00e9s r\u00e9sistantes aux intemp\u00e9ries garantissent que votre extincteur reste en conditions optimales, quels que soient les \u00e9l\u00e9ments ext\u00e9rieurs.<\/p>\n<h3 data-start=\"191\" data-end=\"257\">Usages et Applications \u2013 Armoire \u00e0 Extincteur en PVC Grande<\/h3>\n<p data-start=\"259\" data-end=\"611\">L\u2019<strong data-start=\"261\" data-end=\"306\">armoire \u00e0 extincteur en PVC grande taille<\/strong> est l\u2019un des \u00e9quipements de <strong data-start=\"335\" data-end=\"356\">s\u00e9curit\u00e9 incendie<\/strong> les plus <strong data-start=\"366\" data-end=\"381\">recommand\u00e9s<\/strong> pour prot\u00e9ger vos extincteurs contre les intemp\u00e9ries, les chocs et le vol. Elle est id\u00e9ale aussi bien pour une <strong data-start=\"493\" data-end=\"533\">utilisation int\u00e9rieure qu\u2019ext\u00e9rieure<\/strong>, que ce soit dans des entrep\u00f4ts, bureaux, usines, chantiers ou lieux publics.<\/p>\n<p data-start=\"613\" data-end=\"847\">Gr\u00e2ce \u00e0 sa conception en <strong data-start=\"638\" data-end=\"655\">PVC r\u00e9sistant<\/strong>, elle offre une excellente durabilit\u00e9 m\u00eame dans des environnements difficiles. \u00c9tanche, l\u00e9g\u00e8re, mais robuste, cette armoire est parfaite pour un usage professionnel, industriel ou domestique.<\/p>\n<p data-start=\"849\" data-end=\"1151\">C\u2019est la <strong data-start=\"858\" data-end=\"878\">meilleure option<\/strong> pour ceux qui recherchent une solution <strong data-start=\"918\" data-end=\"941\">fiable et pas ch\u00e8re<\/strong>, sans compromettre la qualit\u00e9. Facile \u00e0 installer sur un mur, elle permet un acc\u00e8s rapide \u00e0 l\u2019extincteur en cas d\u2019urgence. Son format large permet de loger un ou deux extincteurs selon les mod\u00e8les.<\/p>\n<p data-start=\"1153\" data-end=\"1444\">De plus en plus d\u2019entreprises et de particuliers ach\u00e8tent ce produit en <strong data-start=\"1225\" data-end=\"1245\">ligne sur Amazon<\/strong>, o\u00f9 les <strong data-start=\"1254\" data-end=\"1272\">avis <\/strong>\u00a0soulignent sa r\u00e9sistance, sa praticit\u00e9 et son bon rapport qualit\u00e9-prix. Vous pouvez \u00e9galement en trouver en <strong data-start=\"1381\" data-end=\"1410\">vente en gros<\/strong>\u00a0pour les installations multiples.<\/p>\n<p data-start=\"1446\" data-end=\"1753\">Si vous recherchez une <strong data-start=\"1469\" data-end=\"1522\">armoire extincteur PVC pr\u00e8s de chez moi (near me)<\/strong>, de nombreux distributeurs locaux et plateformes en ligne la proposent avec livraison rapide. Pour les professionnels de la s\u00e9curit\u00e9 ou les gestionnaires de b\u00e2timents, c\u2019est une <strong data-start=\"1701\" data-end=\"1725\">solution recommand\u00e9e<\/strong> par les experts du secteur.<\/p>\n<p data-start=\"1755\" data-end=\"1926\">Prot\u00e9gez efficacement vos \u00e9quipements de s\u00e9curit\u00e9 avec une armoire <strong data-start=\"1822\" data-end=\"1859\">robuste, visible et fonctionnelle<\/strong> \u2014 le choix intelligent pour votre <strong data-start=\"1894\" data-end=\"1925\">plan de pr\u00e9vention incendie<\/strong>.<\/p>\n<p>Aussi disponible en version <a href=\"https:\/\/isopllc.com\/fr\/product\/isop-armoire-a-extincteurs-en-plastique-grande\/\"><strong>grande<\/strong><\/a>. Coffre Extincteur en PVC \u2013 Grand Mod\u00e8le, \u00c9tanche, Fixation Murale, Usage Int\u00e9rieur\/Ext\u00e9rieur<\/p>\n<\/div>\n<\/div>\n<\/div>\n<\/div>\n<\/div>\n<\/div>\n<\/div>\n<\/div>\n","protected":false},"excerpt":{"rendered":"[embed]https:\/\/www.youtube.com\/shorts\/_Zq_WWXati8[\/embed]\n<p id=\"title\" class=\"a-size-large a-spacing-none\" style=\"text-align: center\">ISOP Armoire \u00e0 Extincteurs en Plastique Petite pour 2,5 kg ou 5 lb &#8211; Bo\u00eete \u00e0 Extincteur &#8211; Armoire \u00e0 Extincteur Ext\u00e9rieur Mont\u00e9e &#8211; Montage d&#8217;Extincteurs<\/p>\n<p style=\"text-align: center\">LIVRAISON GRATUITE SOUS 3 \u00c0 7 JOURS<\/p>\n<h4 style=\"text-align: center\"><strong>ACHETEZ-LE SUR<\/strong><a href=\"https:\/\/www.amazon.fr\/dp\/B0D7J7W9BS\/ref=sr_1_1?__mk_fr_FR=%C3%85M%C3%85%C5%BD%C3%95%C3%91&amp;crid=2S4QJ8VM47RMC&amp;dib=eyJ2IjoiMSJ9.eZh-QZG3jQwSKotOm72Y7g.IIbSPomo89MYu62imfhj0AIjG5z0AbDs6W1EJ2csMM8&amp;dib_tag=se&amp;keywords=ISOP%20Armoire%20%C3%A0%20Extincteurs%20en%20Plastique&amp;qid=1722957969&amp;s=hi&amp;sprefix=b0d7j7w9bs%2Cdiy%2C307&amp;sr=1-1&amp;th=1\"><img loading=\"lazy\" decoding=\"async\" class=\"aligncenter wp-image-1040 size-full\" src=\"https:\/\/isopllc.com\/fr\/wp-content\/uploads\/sites\/6\/2020\/01\/amazon-button9.png\" alt=\"\" width=\"160\" height=\"59\" \/><\/a><\/h4>\n<p>&nbsp;<\/p>\n<p>&nbsp;<\/p>\n","protected":false},"featured_media":5164,"comment_status":"open","ping_status":"closed","template":"","meta":[],"product_brand":[],"product_cat":[257,252],"product_tag":[53,54,52],"class_list":{"0":"post-5161","1":"product","2":"type-product","3":"status-publish","4":"has-post-thumbnail","6":"product_cat-accessoires-pour-echelles-anti-incendie","7":"product_cat-supports-dextincteurs","8":"product_tag-armoire-dextincteur","9":"product_tag-armoire-dextincteur-exterieure","10":"product_tag-boite-dextincteur","12":"first","13":"instock","14":"shipping-taxable","15":"purchasable","16":"product-type-simple"},"_links":{"self":[{"href":"https:\/\/isopllc.com\/fr\/wp-json\/wp\/v2\/product\/5161","targetHints":{"allow":["GET"]}}],"collection":[{"href":"https:\/\/isopllc.com\/fr\/wp-json\/wp\/v2\/product"}],"about":[{"href":"https:\/\/isopllc.com\/fr\/wp-json\/wp\/v2\/types\/product"}],"replies":[{"embeddable":true,"href":"https:\/\/isopllc.com\/fr\/wp-json\/wp\/v2\/comments?post=5161"}],"wp:featuredmedia":[{"embeddable":true,"href":"https:\/\/isopllc.com\/fr\/wp-json\/wp\/v2\/media\/5164"}],"wp:attachment":[{"href":"https:\/\/isopllc.com\/fr\/wp-json\/wp\/v2\/media?parent=5161"}],"wp:term":[{"taxonomy":"product_brand","embeddable":true,"href":"https:\/\/isopllc.com\/fr\/wp-json\/wp\/v2\/product_brand?post=5161"},{"taxonomy":"product_cat","embeddable":true,"href":"https:\/\/isopllc.com\/fr\/wp-json\/wp\/v2\/product_cat?post=5161"},{"taxonomy":"product_tag","embeddable":true,"href":"https:\/\/isopllc.com\/fr\/wp-json\/wp\/v2\/product_tag?post=5161"}],"curies":[{"name":"wp","href":"https:\/\/api.w.org\/{rel}","templated":true}]}}