{"id":5172,"date":"2024-08-06T15:37:59","date_gmt":"2024-08-06T15:37:59","guid":{"rendered":"https:\/\/isopllc.com\/fr\/?post_type=product&#038;p=5172"},"modified":"2025-06-29T11:07:39","modified_gmt":"2025-06-29T11:07:39","slug":"isop-escabeau-pliable-a-2-marches-en-aluminium","status":"publish","type":"product","link":"https:\/\/isopllc.com\/fr\/product\/isop-escabeau-pliable-a-2-marches-en-aluminium\/","title":{"rendered":"ISOP Escabeau Pliable \u00e0 2 Marches en Aluminium"},"content":{"rendered":"<h1 id=\"title\" class=\"a-size-large a-spacing-none\">ISOP Escabeau pliable \u00e0 2 marches en aluminium | Blanc | Marches antid\u00e9rapantes | Durable, l\u00e9ger et compact | Escabeau pour maison, garage ou bureau<\/h1>\n<div class=\"celwidget aplus-module premium-module-4-two-column-images aplus-premium\" data-csa-c-id=\"15yl7x-eio1n0-m9lh6n-socwzs\" data-cel-widget=\"aplus-premium-module-4-two-column-images\">\n<div class=\"a-section a-spacing-none premium-aplus premium-aplus-module-4 aplus-container-1\">\n<div class=\"a-section a-spacing-none premium-aplus-two-column\">\n<div class=\"a-section a-spacing-none premium-aplus-column\">\n<div class=\"a-section a-spacing-none column-description\">\n<div class=\"celwidget aplus-module module-9 aplus-standard\">\n<div class=\"aplus-module-wrapper\">\n<div class=\"\"><\/div>\n<\/div>\n<\/div>\n<div class=\"celwidget aplus-module module-9 aplus-standard\">\n<div class=\"aplus-module-wrapper\">\n<div class=\"\">\n<p class=\"a-text-center\"><img loading=\"lazy\" decoding=\"async\" class=\"alignnone size-full wp-image-5184\" src=\"https:\/\/isopllc.com\/fr\/wp-content\/uploads\/sites\/6\/2024\/08\/stepp-ladder-2-steps-1.jpg\" alt=\"Escabeau pliable\" width=\"300\" height=\"300\" title=\"\" srcset=\"https:\/\/isopllc.com\/fr\/wp-content\/uploads\/sites\/6\/2024\/08\/stepp-ladder-2-steps-1.jpg 300w, https:\/\/isopllc.com\/fr\/wp-content\/uploads\/sites\/6\/2024\/08\/stepp-ladder-2-steps-1-150x150.jpg 150w, https:\/\/isopllc.com\/fr\/wp-content\/uploads\/sites\/6\/2024\/08\/stepp-ladder-2-steps-1-100x100.jpg 100w\" sizes=\"auto, (max-width: 300px) 100vw, 300px\" \/><\/p>\n<p class=\"a-spacing-base\">La marchepied pliant ISOP 2 \u00e9tapes est le compl\u00e9ment parfait pour tout foyer, garage ou espace de bureau. Cette \u00e9chelle pliable blanche est fabriqu\u00e9e en aluminium de haute qualit\u00e9, ce qui la rend durable, l\u00e9g\u00e8re et compacte pour un rangement et un transport faciles. Avec des marches antid\u00e9rapantes, vous pouvez vous sentir en confiance et en s\u00e9curit\u00e9 en utilisant ce marchepied \u00e0 deux \u00e9tages.<\/p>\n<p>&nbsp;<\/p>\n<p class=\"a-text-center\"><img loading=\"lazy\" decoding=\"async\" class=\"alignnone size-full wp-image-5183\" src=\"https:\/\/isopllc.com\/fr\/wp-content\/uploads\/sites\/6\/2024\/08\/stepp-ladder-2-steps-2.jpg\" alt=\"Escabeau pliable\" width=\"300\" height=\"300\" title=\"\" srcset=\"https:\/\/isopllc.com\/fr\/wp-content\/uploads\/sites\/6\/2024\/08\/stepp-ladder-2-steps-2.jpg 300w, https:\/\/isopllc.com\/fr\/wp-content\/uploads\/sites\/6\/2024\/08\/stepp-ladder-2-steps-2-150x150.jpg 150w, https:\/\/isopllc.com\/fr\/wp-content\/uploads\/sites\/6\/2024\/08\/stepp-ladder-2-steps-2-100x100.jpg 100w\" sizes=\"auto, (max-width: 300px) 100vw, 300px\" \/><\/p>\n<p class=\"a-spacing-base\">La construction robuste assure stabilit\u00e9 et s\u00e9curit\u00e9 lorsqu&#8217;il s&#8217;agit d&#8217;atteindre des objets sur des \u00e9tag\u00e8res hautes, de changer des ampoules ou d&#8217;accomplir des t\u00e2ches m\u00e9nag\u00e8res. Ce marchepied est con\u00e7u pour la commodit\u00e9 et la facilit\u00e9 d&#8217;utilisation, avec un m\u00e9canisme de pliage simple qui permet un montage et un d\u00e9montage rapides et faciles. Sa taille compacte le rend id\u00e9al pour les petits espaces et permet un rangement facile lorsqu&#8217;il n&#8217;est pas utilis\u00e9.<\/p>\n<p>&nbsp;<\/p>\n<p class=\"a-text-center\"><img loading=\"lazy\" decoding=\"async\" class=\"alignnone size-full wp-image-5182\" src=\"https:\/\/isopllc.com\/fr\/wp-content\/uploads\/sites\/6\/2024\/08\/stepp-ladder-2-steps-3.jpeg\" alt=\"Escabeau pliable\" width=\"300\" height=\"300\" title=\"\" srcset=\"https:\/\/isopllc.com\/fr\/wp-content\/uploads\/sites\/6\/2024\/08\/stepp-ladder-2-steps-3.jpeg 300w, https:\/\/isopllc.com\/fr\/wp-content\/uploads\/sites\/6\/2024\/08\/stepp-ladder-2-steps-3-150x150.jpeg 150w, https:\/\/isopllc.com\/fr\/wp-content\/uploads\/sites\/6\/2024\/08\/stepp-ladder-2-steps-3-100x100.jpeg 100w\" sizes=\"auto, (max-width: 300px) 100vw, 300px\" \/><\/p>\n<p class=\"a-spacing-base\">Que vous ayez besoin d&#8217;une \u00e9chelle fiable pour les t\u00e2ches quotidiennes \u00e0 la maison ou d&#8217;une option portable pour des projets en d\u00e9placement, le marchepied pliant ISOP 2 \u00e9tapes est une solution polyvalente et pratique. Am\u00e9liorez votre maison ou votre espace de travail avec cette \u00e9chelle fonctionnelle et \u00e9l\u00e9gante d\u00e8s aujourd&#8217;hui.<\/p>\n<p>Aussi disponible en version \u00e0 <a href=\"https:\/\/isopllc.com\/fr\/product\/isop-escabeau-a-3-marches-blanc\/\">3 marches<\/a>.<\/p>\n<\/div>\n<\/div>\n<\/div>\n<\/div>\n<\/div>\n<\/div>\n<\/div>\n<\/div>\n","protected":false},"excerpt":{"rendered":"<p id=\"title\" class=\"a-size-large a-spacing-none\" style=\"text-align: center\">ISOP Escabeau pliable \u00e0 2 marches en aluminium | Blanc | Marches antid\u00e9rapantes | Durable, l\u00e9ger et compact | Escabeau pour maison, garage ou bureau<\/p>\n<p style=\"text-align: center\">LIVRAISON GRATUITE SOUS 3 \u00c0 7 JOURS<\/p>\n<h4 style=\"text-align: center\"><strong>ACHETEZ-LE SUR<\/strong><a href=\"https:\/\/www.amazon.fr\/dp\/B0D4HMFYKP\/ref=sr_1_1?__mk_fr_FR=%C3%85M%C3%85%C5%BD%C3%95%C3%91&amp;dib=eyJ2IjoiMSJ9.cxBCZWYlEki35yUaJz-1Pw.5025_5Os12C1uOnuzeCtVeOUv5RpVMhh2x-cEqQJtT0&amp;dib_tag=se&amp;keywords=ISOP+Escabeau+Pliable&amp;qid=1722959102&amp;s=kitchen&amp;sr=1-1&amp;th=1\"><img loading=\"lazy\" decoding=\"async\" class=\"aligncenter wp-image-1040 size-full\" src=\"https:\/\/isopllc.com\/fr\/wp-content\/uploads\/sites\/6\/2020\/01\/amazon-button9.png\" alt=\"\" width=\"160\" height=\"59\" \/><\/a><\/h4>\n<p>&nbsp;<\/p>\n<p>&nbsp;<\/p>\n","protected":false},"featured_media":5185,"comment_status":"open","ping_status":"closed","template":"","meta":[],"product_brand":[],"product_cat":[254],"product_tag":[],"class_list":{"0":"post-5172","1":"product","2":"type-product","3":"status-publish","4":"has-post-thumbnail","6":"product_cat-escabeaux","8":"first","9":"instock","10":"shipping-taxable","11":"purchasable","12":"product-type-simple"},"_links":{"self":[{"href":"https:\/\/isopllc.com\/fr\/wp-json\/wp\/v2\/product\/5172","targetHints":{"allow":["GET"]}}],"collection":[{"href":"https:\/\/isopllc.com\/fr\/wp-json\/wp\/v2\/product"}],"about":[{"href":"https:\/\/isopllc.com\/fr\/wp-json\/wp\/v2\/types\/product"}],"replies":[{"embeddable":true,"href":"https:\/\/isopllc.com\/fr\/wp-json\/wp\/v2\/comments?post=5172"}],"wp:featuredmedia":[{"embeddable":true,"href":"https:\/\/isopllc.com\/fr\/wp-json\/wp\/v2\/media\/5185"}],"wp:attachment":[{"href":"https:\/\/isopllc.com\/fr\/wp-json\/wp\/v2\/media?parent=5172"}],"wp:term":[{"taxonomy":"product_brand","embeddable":true,"href":"https:\/\/isopllc.com\/fr\/wp-json\/wp\/v2\/product_brand?post=5172"},{"taxonomy":"product_cat","embeddable":true,"href":"https:\/\/isopllc.com\/fr\/wp-json\/wp\/v2\/product_cat?post=5172"},{"taxonomy":"product_tag","embeddable":true,"href":"https:\/\/isopllc.com\/fr\/wp-json\/wp\/v2\/product_tag?post=5172"}],"curies":[{"name":"wp","href":"https:\/\/api.w.org\/{rel}","templated":true}]}}