{"id":5195,"date":"2024-08-06T15:47:11","date_gmt":"2024-08-06T15:47:11","guid":{"rendered":"https:\/\/isopllc.com\/fr\/?post_type=product&#038;p=5195"},"modified":"2025-06-29T11:07:24","modified_gmt":"2025-06-29T11:07:24","slug":"isop-escabeau-a-3-marches-blanc","status":"publish","type":"product","link":"https:\/\/isopllc.com\/fr\/product\/isop-escabeau-a-3-marches-blanc\/","title":{"rendered":"ISOP Escabeau \u00e0 3 Marches Blanc"},"content":{"rendered":"<h1 id=\"title\" class=\"a-size-large a-spacing-none\">ISOP Escabeau \u00e0 3 Marches Blanc | \u00c9chelle Pliante | Large P\u00e9dale Antid\u00e9rapante | \u00c9chelle Robuste de 226,8 kg | L\u00e9ger Portable Compact<\/h1>\n<div class=\"celwidget aplus-module premium-module-4-two-column-images aplus-premium\" data-csa-c-id=\"15yl7x-eio1n0-m9lh6n-socwzs\" data-cel-widget=\"aplus-premium-module-4-two-column-images\">\n<div class=\"a-section a-spacing-none premium-aplus premium-aplus-module-4 aplus-container-1\">\n<div class=\"a-section a-spacing-none premium-aplus-two-column\">\n<div class=\"a-section a-spacing-none premium-aplus-column\">\n<div class=\"a-section a-spacing-none column-description\">\n<div class=\"celwidget aplus-module module-9 aplus-standard\">\n<div class=\"aplus-module-wrapper\"><\/div>\n<\/div>\n<div class=\"celwidget aplus-module module-9 aplus-standard\">\n<div class=\"aplus-module-wrapper\">\n<div class=\"\">\n<p class=\"a-text-center\"><img loading=\"lazy\" decoding=\"async\" class=\"alignnone size-full wp-image-5175\" src=\"https:\/\/isopllc.com\/fr\/wp-content\/uploads\/sites\/6\/2024\/08\/stepp-ladder-3-steps-6.jpeg\" alt=\"Escabeau pliable\" width=\"300\" height=\"300\" title=\"\" srcset=\"https:\/\/isopllc.com\/fr\/wp-content\/uploads\/sites\/6\/2024\/08\/stepp-ladder-3-steps-6.jpeg 300w, https:\/\/isopllc.com\/fr\/wp-content\/uploads\/sites\/6\/2024\/08\/stepp-ladder-3-steps-6-150x150.jpeg 150w, https:\/\/isopllc.com\/fr\/wp-content\/uploads\/sites\/6\/2024\/08\/stepp-ladder-3-steps-6-100x100.jpeg 100w\" sizes=\"auto, (max-width: 300px) 100vw, 300px\" \/><\/p>\n<p class=\"a-spacing-base\">Pr\u00e9sentation de l&#8217;\u00e9chelle pliable ultime 3 marches blanche pour tous vos besoins quotidiens. Cette \u00e9chelle en aluminium fiable et polyvalente est con\u00e7ue pour faciliter votre vie. Avec une sensation solide et stable, vous pouvez grimper en toute confiance, sachant que vous \u00eates en s\u00e9curit\u00e9. La construction en aluminium l\u00e9ger facilite son transport, tandis que les larges marches assurent une prise stable, m\u00eame lors d&#8217;une utilisation prolong\u00e9e.<\/p>\n<p>&nbsp;<\/p>\n<p class=\"a-text-center\"><img loading=\"lazy\" decoding=\"async\" class=\"alignnone size-full wp-image-5174\" src=\"https:\/\/isopllc.com\/fr\/wp-content\/uploads\/sites\/6\/2024\/08\/stepp-ladder-3-steps-7.jpg\" alt=\"Escabeau pliable\" width=\"300\" height=\"300\" title=\"\" srcset=\"https:\/\/isopllc.com\/fr\/wp-content\/uploads\/sites\/6\/2024\/08\/stepp-ladder-3-steps-7.jpg 300w, https:\/\/isopllc.com\/fr\/wp-content\/uploads\/sites\/6\/2024\/08\/stepp-ladder-3-steps-7-150x150.jpg 150w, https:\/\/isopllc.com\/fr\/wp-content\/uploads\/sites\/6\/2024\/08\/stepp-ladder-3-steps-7-100x100.jpg 100w\" sizes=\"auto, (max-width: 300px) 100vw, 300px\" \/><\/p>\n<p class=\"a-spacing-base\">L&#8217;\u00e9chelle se d\u00e9ploie en douceur et se verrouille solidement en position ouverte, et lorsque vous avez termin\u00e9, elle se plie de mani\u00e8re compacte pour un rangement sans tracas. Parfaite pour atteindre des \u00e9tag\u00e8res \u00e9lev\u00e9es ou acc\u00e9der \u00e0 des espaces de rangement, cette \u00e9chelle est indispensable pour tout amateur de bricolage ou toute personne ayant besoin d&#8217;une \u00e9chelle fiable pour les t\u00e2ches m\u00e9nag\u00e8res.<\/p>\n<p>&nbsp;<\/p>\n<p class=\"a-text-center\"><img loading=\"lazy\" decoding=\"async\" class=\"alignnone size-full wp-image-5173\" src=\"https:\/\/isopllc.com\/fr\/wp-content\/uploads\/sites\/6\/2024\/08\/stepp-ladder-3-steps-8.jpg\" alt=\"Escabeau pliable\" width=\"300\" height=\"300\" title=\"\" srcset=\"https:\/\/isopllc.com\/fr\/wp-content\/uploads\/sites\/6\/2024\/08\/stepp-ladder-3-steps-8.jpg 300w, https:\/\/isopllc.com\/fr\/wp-content\/uploads\/sites\/6\/2024\/08\/stepp-ladder-3-steps-8-150x150.jpg 150w, https:\/\/isopllc.com\/fr\/wp-content\/uploads\/sites\/6\/2024\/08\/stepp-ladder-3-steps-8-100x100.jpg 100w\" sizes=\"auto, (max-width: 300px) 100vw, 300px\" \/><\/p>\n<p class=\"a-spacing-base\">Ne vous contentez pas de moins que le meilleur. Investissez dans cette \u00e9chelle de haute qualit\u00e9 et ressentez la diff\u00e9rence par vous-m\u00eame. Dites adieu aux \u00e9chelles instables et peu fiables et bonjour \u00e0 la commodit\u00e9 et \u00e0 la tranquillit\u00e9 d&#8217;esprit. Mettez la main sur cette \u00e9chelle en aluminium 3 marches d\u00e8s aujourd&#8217;hui et \u00e9levez vos projets d&#8217;am\u00e9lioration de l&#8217;habitat \u00e0 de nouveaux sommets.<\/p>\n<p>Aussi disponible en version \u00e0 <a href=\"https:\/\/isopllc.com\/fr\/product\/isop-escabeau-pliable-a-2-marches-en-aluminium\/\">2 marches<\/a>.<\/p>\n<\/div>\n<\/div>\n<\/div>\n<\/div>\n<\/div>\n<\/div>\n<\/div>\n<\/div>\n","protected":false},"excerpt":{"rendered":"<p id=\"title\" class=\"a-size-large a-spacing-none\" style=\"text-align: center\">ISOP Escabeau pliable \u00e0 2 marches en aluminium | Blanc | Marches antid\u00e9rapantes | Durable, l\u00e9ger et compact | Escabeau pour maison, garage ou bureau<\/p>\n<p style=\"text-align: center\">LIVRAISON GRATUITE SOUS 3 \u00c0 7 JOURS<\/p>\n<h4 style=\"text-align: center\"><strong>ACHETEZ-LE SUR<\/strong><a href=\"https:\/\/www.amazon.fr\/dp\/B0D4HL355J\/ref=sr_1_1?__mk_fr_FR=%C3%85M%C3%85%C5%BD%C3%95%C3%91&amp;crid=OXXSBCUJWTZP&amp;dib=eyJ2IjoiMSJ9.nLZSBaRI4DrAjV6Zi0RaJQ.4XL3d7oegneKFCp6pWEY0Ma4FnUxeGkOdHNeWb6MY_4&amp;dib_tag=se&amp;keywords=ISOP+Escabeau+%C3%A0+Marches&amp;qid=1722959461&amp;s=kitchen&amp;sprefix=b0d4hl355j%2Ckitchen%2C339&amp;sr=1-1&amp;th=1\"><img loading=\"lazy\" decoding=\"async\" class=\"aligncenter wp-image-1040 size-full\" src=\"https:\/\/isopllc.com\/fr\/wp-content\/uploads\/sites\/6\/2020\/01\/amazon-button9.png\" alt=\"\" width=\"160\" height=\"59\" \/><\/a><\/h4>\n<p>&nbsp;<\/p>\n<p>&nbsp;<\/p>\n","protected":false},"featured_media":5181,"comment_status":"open","ping_status":"closed","template":"","meta":[],"product_brand":[],"product_cat":[254],"product_tag":[],"class_list":{"0":"post-5195","1":"product","2":"type-product","3":"status-publish","4":"has-post-thumbnail","6":"product_cat-escabeaux","8":"first","9":"instock","10":"shipping-taxable","11":"purchasable","12":"product-type-simple"},"_links":{"self":[{"href":"https:\/\/isopllc.com\/fr\/wp-json\/wp\/v2\/product\/5195","targetHints":{"allow":["GET"]}}],"collection":[{"href":"https:\/\/isopllc.com\/fr\/wp-json\/wp\/v2\/product"}],"about":[{"href":"https:\/\/isopllc.com\/fr\/wp-json\/wp\/v2\/types\/product"}],"replies":[{"embeddable":true,"href":"https:\/\/isopllc.com\/fr\/wp-json\/wp\/v2\/comments?post=5195"}],"wp:featuredmedia":[{"embeddable":true,"href":"https:\/\/isopllc.com\/fr\/wp-json\/wp\/v2\/media\/5181"}],"wp:attachment":[{"href":"https:\/\/isopllc.com\/fr\/wp-json\/wp\/v2\/media?parent=5195"}],"wp:term":[{"taxonomy":"product_brand","embeddable":true,"href":"https:\/\/isopllc.com\/fr\/wp-json\/wp\/v2\/product_brand?post=5195"},{"taxonomy":"product_cat","embeddable":true,"href":"https:\/\/isopllc.com\/fr\/wp-json\/wp\/v2\/product_cat?post=5195"},{"taxonomy":"product_tag","embeddable":true,"href":"https:\/\/isopllc.com\/fr\/wp-json\/wp\/v2\/product_tag?post=5195"}],"curies":[{"name":"wp","href":"https:\/\/api.w.org\/{rel}","templated":true}]}}