{"id":5249,"date":"2024-12-23T16:27:57","date_gmt":"2024-12-23T16:27:57","guid":{"rendered":"https:\/\/isopllc.com\/fr\/?post_type=product&#038;p=5249"},"modified":"2025-06-29T11:07:13","modified_gmt":"2025-06-29T11:07:13","slug":"echelle-de-feu-6-etages-15-m","status":"publish","type":"product","link":"https:\/\/isopllc.com\/fr\/product\/echelle-de-feu-6-etages-15-m\/","title":{"rendered":"\u00c9chelle de Feu 6 \u00e9tages 15 m &#8211; \u00c9chelle de Sauvetage"},"content":{"rendered":"<div class=\"celwidget aplus-module module-4 aplus-standard\" data-csa-c-id=\"50qscj-nsntqj-fluarl-124tzy\" data-cel-widget=\"aplus-module-4\">\n<div class=\"a-expander-collapsed-height a-row a-expander-container a-expander-partial-collapse-container\" aria-live=\"polite\" data-a-expander-name=\"aplus-module-expander\" data-a-expander-collapsed-height=\"700\">\n<div class=\"a-expander-content a-expander-partial-collapse-content\" aria-expanded=\"false\">\n<div class=\"aplus-module-wrapper apm-fixed-width\">\n<div class=\"apm-spacing\">\n<div class=\"apm-floatleft apm-fixed-width\">\n<h2 id=\"title\" class=\"a-size-large a-spacing-none\"><span id=\"productTitle\" class=\"a-size-large product-title-word-break\">\u00c9chelle de feu 6 \u00e9tages 15 m | \u00c9chelle de Corde de s\u00e9curit\u00e9, multifonctionnelle et r\u00e9sistante aux intemp\u00e9ries | \u00c9chelle de Sangle avec Crochet \u00e0 Ressort | L\u00e9ger, Compact et Portable<\/span><\/h2>\n<p>En cas d&#8217;urgence, chaque seconde compte. Qu&#8217;il s&#8217;agisse d&#8217;un incendie, d&#8217;un d\u00e9gagement de fum\u00e9e, d&#8217;un tremblement de terre ou d&#8217;un autre incident impr\u00e9visible, l&#8217;issue de secours normale par la cage d&#8217;escalier peut rapidement \u00eatre bloqu\u00e9e. Dans de telles situations, une \u00e9chelle de secours peut faire toute la diff\u00e9rence. Notre \u00c9chelle de feu 6 \u00e9tages 15 m est sp\u00e9cialement con\u00e7ue pour \u00eatre utilis\u00e9e dans des b\u00e2timents comptant jusqu&#8217;\u00e0 quatre \u00e9tages et offre une possibilit\u00e9 de sauvetage rapide, s\u00fbre et fiable.<\/p>\n<h3 class=\"a-spacing-small\">12 raisons pour lesquelles nous choisir<\/h3>\n<p><img decoding=\"async\" class=\"\" src=\"https:\/\/m.media-amazon.com\/images\/S\/aplus-media\/sc\/0484a226-8be6-4965-8b8a-062de5498c97.__CR0,0,600,600_PT0_SX220_V1___.jpg\" alt=\"Poids l\u00e9ger\" data-src=\"https:\/\/m.media-amazon.com\/images\/S\/aplus-media\/sc\/0484a226-8be6-4965-8b8a-062de5498c97.__CR0,0,600,600_PT0_SX220_V1___.jpg\" data- title=\"\"><\/p>\n<h4 class=\"a-spacing-mini\">Poids l\u00e9ger<\/h4>\n<p class=\"a-size-small\">C&#8217;est l&#8217;\u00e9chelle la plus l\u00e9g\u00e8re disponible sur le march\u00e9. Le poids d&#8217;une \u00e9chelle de 3 m n&#8217;est que de 1 kg.<\/p>\n<p><img loading=\"lazy\" decoding=\"async\" class=\"\" src=\"https:\/\/m.media-amazon.com\/images\/S\/aplus-media\/sc\/74a6e3c1-c8e9-4370-82e8-2ece837c08f7.__CR0,0,1000,1000_PT0_SX220_V1___.jpg\" alt=\"Fort et stable\" width=\"220\" height=\"220\" data-src=\"https:\/\/m.media-amazon.com\/images\/S\/aplus-media\/sc\/74a6e3c1-c8e9-4370-82e8-2ece837c08f7.__CR0,0,1000,1000_PT0_SX220_V1___.jpg\" data- title=\"\"><\/p>\n<h4 class=\"a-spacing-mini\">Fort et stable<\/h4>\n<p class=\"a-size-small\">L&#8217;un des grands avantages de notre \u00e9chelle en sangle de sauvetage est que les principales sangles en nylon sont int\u00e9gr\u00e9es de bas en haut et ne sont pas constitu\u00e9es de pi\u00e8ces cousues comme par exemple les \u00e9chelles \u00ab\u00a0kidde\u00a0\u00bb ou \u00ab\u00a0premi\u00e8re alerte\u00a0\u00bb, par cons\u00e9quent, elle est exceptionnellement robuste.\u00a0De plus, les mat\u00e9riaux utilis\u00e9s pour les \u00e9chelons tels que la fibre de verre et la fibre de basalte rendent cette \u00e9chelle \u00e0 sangles beaucoup plus solide que les \u00e9chelles jetables en aluminium.<\/p>\n<p><img decoding=\"async\" class=\"\" src=\"https:\/\/m.media-amazon.com\/images\/S\/aplus-media\/sc\/a31e0885-9da9-4fe2-a571-e1558cab0393.__CR0,0,600,600_PT0_SX220_V1___.jpg\" alt=\"Sans enchev\u00eatrement\" data-src=\"https:\/\/m.media-amazon.com\/images\/S\/aplus-media\/sc\/a31e0885-9da9-4fe2-a571-e1558cab0393.__CR0,0,600,600_PT0_SX220_V1___.jpg\" data- title=\"\"><\/p>\n<h4 class=\"a-spacing-mini\">Sans enchev\u00eatrement<\/h4>\n<p class=\"a-size-small\">Nos \u00e9chelles en sangle sont faciles \u00e0 ranger dans le sac de rangement apr\u00e8s utilisation.<\/p>\n<p class=\"a-size-small\">Aucun enchev\u00eatrement lors de l&#8217;assemblage.<\/p>\n<div class=\"apm-spacing\"><img loading=\"lazy\" decoding=\"async\" class=\"alignnone wp-image-5237\" src=\"https:\/\/isopllc.com\/fr\/wp-content\/uploads\/sites\/6\/2021\/07\/Black-ladder-dimencions.jpg\" alt=\"\u00c9chelle de secours\" width=\"239\" height=\"239\" title=\"\" srcset=\"https:\/\/isopllc.com\/fr\/wp-content\/uploads\/sites\/6\/2021\/07\/Black-ladder-dimencions.jpg 800w, https:\/\/isopllc.com\/fr\/wp-content\/uploads\/sites\/6\/2021\/07\/Black-ladder-dimencions-150x150.jpg 150w, https:\/\/isopllc.com\/fr\/wp-content\/uploads\/sites\/6\/2021\/07\/Black-ladder-dimencions-768x768.jpg 768w, https:\/\/isopllc.com\/fr\/wp-content\/uploads\/sites\/6\/2021\/07\/Black-ladder-dimencions-416x416.jpg 416w, https:\/\/isopllc.com\/fr\/wp-content\/uploads\/sites\/6\/2021\/07\/Black-ladder-dimencions-100x100.jpg 100w\" sizes=\"auto, (max-width: 239px) 100vw, 239px\" \/><\/div>\n<div><\/div>\n<\/div>\n<\/div>\n<\/div>\n<div>\n<h4 class=\"a-spacing-mini\">Longueur<\/h4>\n<p class=\"a-size-small\">Nos \u00e9chelles en sangle de sauvetage peuvent \u00eatre assembl\u00e9es pour une longueur accrue.<\/p>\n<p><img decoding=\"async\" class=\"\" style=\"font-weight: 600;\" src=\"https:\/\/m.media-amazon.com\/images\/S\/aplus-media\/sc\/6625ab17-5247-415b-a353-7a0e3ca2bb1d.__CR0,0,1000,1000_PT0_SX220_V1___.jpg\" alt=\"R\u00e9sistant aux intemp\u00e9ries\" data-src=\"https:\/\/m.media-amazon.com\/images\/S\/aplus-media\/sc\/6625ab17-5247-415b-a353-7a0e3ca2bb1d.__CR0,0,1000,1000_PT0_SX220_V1___.jpg\" data- title=\"\"><\/p>\n<h4 class=\"a-spacing-mini\">R\u00e9sistant aux intemp\u00e9ries<\/h4>\n<p class=\"a-size-small\">L&#8217;\u00c9chelle de feu 6 \u00e9tages est compos\u00e9e d&#8217;une corde en nylon r\u00e9sistante combin\u00e9e \u00e0 des \u00e9chelons m\u00e9talliques solides qui conservent leur forme et leur fonction m\u00eame en cas d&#8217;utilisation fr\u00e9quente et de conditions m\u00e9t\u00e9orologiques diff\u00e9rentes. Le mat\u00e9riau utilis\u00e9 r\u00e9siste aux UV, \u00e0 l&#8217;eau et \u00e0 la rouille. Gr\u00e2ce \u00e0 son caract\u00e8re r\u00e9utilisable, cette \u00e9chelle convient aussi bien aux m\u00e9nages priv\u00e9s qu&#8217;aux entreprises, \u00e9coles ou h\u00f4tels.<\/p>\n<p><img decoding=\"async\" class=\"\" src=\"https:\/\/m.media-amazon.com\/images\/S\/aplus-media\/sc\/b1929708-9dad-44c2-a6ed-070474464c51.__CR0,0,1000,1000_PT0_SX220_V1___.jpg\" alt=\"Compact\" data-src=\"https:\/\/m.media-amazon.com\/images\/S\/aplus-media\/sc\/b1929708-9dad-44c2-a6ed-070474464c51.__CR0,0,1000,1000_PT0_SX220_V1___.jpg\" data- title=\"\"><\/p>\n<h4 class=\"a-spacing-mini\">Compact<\/h4>\n<p class=\"a-size-small\">Vous ne pouvez pas imaginer des \u00e9chelles plus compactes.\u00a0L&#8217;\u00e9chelle enti\u00e8re tient dans votre paume.\u00a0Ils ne prennent pas beaucoup de place, peuvent \u00eatre rang\u00e9s n&#8217;importe o\u00f9 comme sous le lit dans la chambre, sur le balcon et sur le toit.<\/p>\n<p><img decoding=\"async\" class=\"\" src=\"https:\/\/m.media-amazon.com\/images\/S\/aplus-media\/sc\/91d8e70e-82c2-457c-9c48-019a2fbff56a.__CR1282,342,714,714_PT0_SX220_V1___.png\" alt=\"Multifonctionnalit\u00e9\" data-src=\"https:\/\/m.media-amazon.com\/images\/S\/aplus-media\/sc\/91d8e70e-82c2-457c-9c48-019a2fbff56a.__CR1282,342,714,714_PT0_SX220_V1___.png\" data- title=\"\"><\/p>\n<h4 class=\"a-spacing-mini\">Barreaux antid\u00e9rapants<\/h4>\n<p class=\"a-size-small\">Le mat\u00e9riau de la sangle est connu pour \u00eatre beaucoup moins glissant que tout autre mat\u00e9riau dur tel que l&#8217;aluminium, le m\u00e9tal ou le plastique.<\/p>\n<\/div>\n<\/div>\n<\/div>\n<\/div>\n<div class=\"celwidget aplus-module module-4 aplus-standard\" data-csa-c-id=\"g1sz5y-85s18u-4a69wq-q2zaeh\" data-cel-widget=\"aplus-module-4\">\n<div class=\"a-expander-collapsed-height a-row a-expander-container a-expander-partial-collapse-container\" aria-live=\"polite\" data-a-expander-name=\"aplus-module-expander\" data-a-expander-collapsed-height=\"700\">\n<div class=\"a-expander-content a-expander-partial-collapse-content\" aria-expanded=\"false\">\n<div class=\"aplus-module-wrapper apm-fixed-width\">\n<div class=\"apm-spacing\">\n<div class=\"apm-floatleft apm-fixed-width\">\n<div class=\"apm-spacing\"><img decoding=\"async\" class=\"\" src=\"https:\/\/m.media-amazon.com\/images\/S\/aplus-media-library-service-media\/bc97ce2b-ad5a-488d-ae16-2dc4054da697.__CR0,0,1906,1906_PT0_SX220_V1___.jpeg\" alt=\"Multi-purpose\" data-src=\"https:\/\/m.media-amazon.com\/images\/S\/aplus-media-library-service-media\/bc97ce2b-ad5a-488d-ae16-2dc4054da697.__CR0,0,1906,1906_PT0_SX220_V1___.jpeg\" data- title=\"\"><\/div>\n<div><\/div>\n<div>\n<h4 class=\"a-spacing-mini\">Polyvalente<\/h4>\n<p>L&#8217;\u00e9chelle en sangle <a href=\"https:\/\/isopllc.com\/\">ISOP<\/a> peut \u00eatre utilis\u00e9e comme \u00e9chelle d&#8217;incendie, en cas d&#8217;urgence ainsi que pour les enfants sur le terrain de jeu ou pour une cabane dans les arbres, les \u00e9coles, les bureaux, les ateliers ou les maisons de vacances, elle offre un compl\u00e9ment utile \u00e0 l&#8217;\u00e9quipement de s\u00e9curit\u00e9 existant. C&#8217;est une \u00e9chelle id\u00e9ale pour les yachts, les navires et les bateaux. Super l\u00e9g\u00e8re, super solide ; sa r\u00e9sistance \u00e0 l&#8217;eau la rend irrempla\u00e7able sur tout voilier.<\/p>\n<p>Cette \u00e9chelle de sauvetage est \u00e9galement id\u00e9ale pour les puits ou les grottes.<\/p>\n<\/div>\n<\/div>\n<\/div>\n<\/div>\n<div><img decoding=\"async\" class=\"\" style=\"font-weight: 600;\" src=\"https:\/\/m.media-amazon.com\/images\/S\/aplus-media\/sc\/0ce14b90-f644-4e71-9958-a603ab85be7a.__CR0,0,800,800_PT0_SX220_V1___.jpg\" alt=\"Mousquetons\" data-src=\"https:\/\/m.media-amazon.com\/images\/S\/aplus-media\/sc\/0ce14b90-f644-4e71-9958-a603ab85be7a.__CR0,0,800,800_PT0_SX220_V1___.jpg\" data- title=\"\"><\/div>\n<div>\n<h4 class=\"a-spacing-mini\">Mousquetons<\/h4>\n<p class=\"a-size-small\">Mousquetons professionnels chrom\u00e9s 11kn inclus.<\/p>\n<\/div>\n<div><img decoding=\"async\" class=\"\" src=\"https:\/\/m.media-amazon.com\/images\/S\/aplus-media\/sc\/91fd5669-769f-4880-a4f6-2c1fa7823109.__CR130,0,720,720_PT0_SX220_V1___.png\" alt=\"Sac \u00e9tanche\" data-src=\"https:\/\/m.media-amazon.com\/images\/S\/aplus-media\/sc\/91fd5669-769f-4880-a4f6-2c1fa7823109.__CR130,0,720,720_PT0_SX220_V1___.png\" data- title=\"\"><\/div>\n<div>\n<h4 class=\"a-spacing-mini\">Sac \u00e9tanche<\/h4>\n<p class=\"a-size-small\">Un sac de plage design cool est inclus dans l&#8217;ensemble.<\/p>\n<\/div>\n<\/div>\n<\/div>\n<\/div>\n<div class=\"celwidget aplus-module module-4 aplus-standard\" data-csa-c-id=\"4avcfx-8eklsy-kt15jf-se1w13\" data-cel-widget=\"aplus-module-4\">\n<div class=\"a-expander-collapsed-height a-row a-expander-container a-expander-partial-collapse-container\" aria-live=\"polite\" data-a-expander-name=\"aplus-module-expander\" data-a-expander-collapsed-height=\"700\">\n<div class=\"a-expander-content a-expander-partial-collapse-content\" aria-expanded=\"false\">\n<div class=\"aplus-module-wrapper apm-fixed-width\">\n<div class=\"apm-spacing\">\n<div class=\"apm-floatleft apm-fixed-width\">\n<div class=\"apm-spacing\">\n<h4>Votre assurance s\u00e9curit\u00e9 en cas d&#8217;urgence<\/h4>\n<p>Cette \u00c9chelle de feu 6 \u00e9tages 15 m est un investissement rentable pour votre s\u00e9curit\u00e9 personnelle et celle de votre famille, de vos coll\u00e8gues ou de vos invit\u00e9s. Elle est fiable, stable, facile \u00e0 utiliser et r\u00e9utilisable. Dans les moments critiques, elle permet une \u00e9vacuation rapide et peut sauver des vies.<\/p>\n<p>Que ce soit dans une maison d&#8217;habitation, un immeuble de bureaux ou en voyage, avec cette \u00c9chelle de feu 6 \u00e9tages 15 m, vous \u00eates par\u00e9 pour les cas d&#8217;urgence.<\/p>\n<p>Contenu de la livraison :<\/p>\n<p>1x \u00e9chelle de secours, longueur 15 m<\/p>\n<p>2x mousquetons<\/p>\n<p>1x sac de rangement<\/p>\n<p>1x manuel d&#8217;utilisation (multilingue)<\/p>\n<p>Aussi disponible en version \u00e0 <strong><a href=\"https:\/\/isopllc.com\/fr\/product\/echelle-durgence-4-etages-10-m\/\">4 \u00e9tages<\/a><\/strong>.<\/p>\n<\/div>\n<\/div>\n<\/div>\n<\/div>\n<\/div>\n<\/div>\n<\/div>\n","protected":false},"excerpt":{"rendered":"[embed]https:\/\/youtu.be\/ds0NrYq7vck[\/embed]\n<p id=\"title\" class=\"a-size-large a-spacing-none\" style=\"text-align: center;\"><span id=\"productTitle\" class=\"a-size-large product-title-word-break\">\u00c9chelle de feu 6 \u00e9tages 15 m | \u00c9chelle de Corde de s\u00e9curit\u00e9, multifonctionnelle et r\u00e9sistante aux intemp\u00e9ries | \u00c9chelle de Sangle avec Crochet \u00e0 Ressort | L\u00e9ger, Compact et Portable<\/span><\/p>\n<p style=\"text-align: center;\"><span style=\"vertical-align: inherit;\">LIVRAISON GRATUITE SOUS 3-7 JOURS<\/span><\/p>\n<h4 style=\"text-align: center;\"><strong><span style=\"vertical-align: inherit;\">ACHETER SUR<\/span><\/strong><\/h4>\n<p style=\"text-align: center;\"><a href=\"https:\/\/www.amazon.fr\/dp\/B0D9VSW3Z3\/ref=sr_1_1?__mk_fr_FR=%C3%85M%C3%85%C5%BD%C3%95%C3%91&amp;crid=1DIQKE4FD754F&amp;dib=eyJ2IjoiMSJ9.veqsWJ_gH0fhZNEr0PazUw.kGjCPyUP9iSeAj8HgI36enwYf0FdkPHFOGhplg6-Vek&amp;dib_tag=se&amp;keywords=%C3%89chelle+de+Sangle+avec+Crochet+%C3%A0+Ressort&amp;qid=1734972894&amp;s=kitchen&amp;sprefix=b08nzm8v7z%2Ckitchen%2C190&amp;sr=1-1&amp;th=1\"><img loading=\"lazy\" decoding=\"async\" class=\"aligncenter wp-image-1040 size-full\" src=\"https:\/\/isopllc.com\/fr\/wp-content\/uploads\/sites\/6\/2020\/01\/amazon-button9.png\" alt=\"\" width=\"160\" height=\"59\" \/><\/a><\/p>\n<p>&nbsp;<\/p>\n","protected":false},"featured_media":5250,"comment_status":"open","ping_status":"closed","template":"","meta":[],"product_brand":[],"product_cat":[261,264],"product_tag":[79,72,70,177,178,179,80,75,180,77],"class_list":{"0":"post-5249","1":"product","2":"type-product","3":"status-publish","4":"has-post-thumbnail","6":"product_cat-echelles-de-sauvetage","7":"product_cat-echelles-de-secours-pour-4-etages","8":"product_tag-echelle-devacuation-incendie","9":"product_tag-echelle-de-corde-suspendue","10":"product_tag-echelle-de-secours","11":"product_tag-echelle-de-secours-a-3-etages","12":"product_tag-echelle-de-secours-pour-le-troisieme-etage","13":"product_tag-echelle-de-secours-pour-les-fenetres-du-troisieme-etage","14":"product_tag-echelle-de-securite-incendie","15":"product_tag-echelles-de-secours","16":"product_tag-evasion-echelle-de-corde","17":"product_tag-meilleure-echelle-de-secours","19":"first","20":"instock","21":"shipping-taxable","22":"purchasable","23":"product-type-simple"},"_links":{"self":[{"href":"https:\/\/isopllc.com\/fr\/wp-json\/wp\/v2\/product\/5249","targetHints":{"allow":["GET"]}}],"collection":[{"href":"https:\/\/isopllc.com\/fr\/wp-json\/wp\/v2\/product"}],"about":[{"href":"https:\/\/isopllc.com\/fr\/wp-json\/wp\/v2\/types\/product"}],"replies":[{"embeddable":true,"href":"https:\/\/isopllc.com\/fr\/wp-json\/wp\/v2\/comments?post=5249"}],"wp:featuredmedia":[{"embeddable":true,"href":"https:\/\/isopllc.com\/fr\/wp-json\/wp\/v2\/media\/5250"}],"wp:attachment":[{"href":"https:\/\/isopllc.com\/fr\/wp-json\/wp\/v2\/media?parent=5249"}],"wp:term":[{"taxonomy":"product_brand","embeddable":true,"href":"https:\/\/isopllc.com\/fr\/wp-json\/wp\/v2\/product_brand?post=5249"},{"taxonomy":"product_cat","embeddable":true,"href":"https:\/\/isopllc.com\/fr\/wp-json\/wp\/v2\/product_cat?post=5249"},{"taxonomy":"product_tag","embeddable":true,"href":"https:\/\/isopllc.com\/fr\/wp-json\/wp\/v2\/product_tag?post=5249"}],"curies":[{"name":"wp","href":"https:\/\/api.w.org\/{rel}","templated":true}]}}