{"id":5345,"date":"2025-04-29T04:55:47","date_gmt":"2025-04-29T04:55:47","guid":{"rendered":"https:\/\/isopllc.com\/fr\/?post_type=product&#038;p=5345"},"modified":"2025-11-16T15:51:09","modified_gmt":"2025-11-16T15:51:09","slug":"echelle-murale-a-5-echelons","status":"publish","type":"product","link":"https:\/\/isopllc.com\/fr\/product\/echelle-murale-a-5-echelons\/","title":{"rendered":"\u00c9chelle Murale \u00e0 5 \u00c9chelons &#8211; \u00c9chelle Fixe pour \u00c9vacuation, Acc\u00e8s Toiture"},"content":{"rendered":"<h2 id=\"title\" class=\"a-size-large a-spacing-none\">\u00c9chelle Murale \u00e0 5 \u00c9chelons &#8211; \u00c9chelle de Loft \u00e0 5 \u00c9tapes pour Lits de Dortoir &#8211; \u00c9chelle \u00e0 5 \u00c9tapes pour Grenier &#8211; \u00c9chelle d&#8217;\u00c9vacuation pour Fen\u00eatre &#8211; \u00c9chelle en M\u00e9tal Murale pour Lit Superpos\u00e9<\/h2>\n<p><img loading=\"lazy\" decoding=\"async\" class=\"alignnone wp-image-5354\" src=\"https:\/\/isopllc.com\/fr\/wp-content\/uploads\/sites\/6\/2025\/04\/permanent-step-5-rungs-1.jpg\" alt=\"\" width=\"465\" height=\"288\" title=\"\" srcset=\"https:\/\/isopllc.com\/fr\/wp-content\/uploads\/sites\/6\/2025\/04\/permanent-step-5-rungs-1.jpg 970w, https:\/\/isopllc.com\/fr\/wp-content\/uploads\/sites\/6\/2025\/04\/permanent-step-5-rungs-1-768x475.jpg 768w, https:\/\/isopllc.com\/fr\/wp-content\/uploads\/sites\/6\/2025\/04\/permanent-step-5-rungs-1-416x257.jpg 416w\" sizes=\"auto, (max-width: 465px) 100vw, 465px\" \/><\/p>\n<p data-start=\"133\" data-end=\"541\">Si vous recherchez une \u00e9chelle polyvalente, peu encombrante et durable qui offre un acc\u00e8s s\u00e9curis\u00e9 aux greniers, aux lits superpos\u00e9s et aux fen\u00eatres de sortie, cette <a href=\"https:\/\/isopllc.com\/\">\u00c9chelle Murale \u00e0 5 \u00c9chelons<\/a>\u00a0est la solution id\u00e9ale. Con\u00e7ue pour \u00eatre stable et pratique, cette \u00e9chelle murale permet de monter et de descendre facilement et en toute s\u00e9curit\u00e9, ce qui en fait un choix id\u00e9al pour les maisons, les lofts et les installations d\u00e9coratives.<\/p>\n<h4 data-start=\"2677\" data-end=\"2719\">Installation et Entretien Faciles<\/h4>\n<p data-start=\"2720\" data-end=\"3111\">Cette \u00c9chelle Murale \u00e0 5 \u00c9chelons pour toit, lit superpos\u00e9, sous-sol, bateau ou loft est livr\u00e9e avec tout le mat\u00e9riel n\u00e9cessaire pour une installation sans probl\u00e8me. Il suffit de suivre les instructions fournies pour l&#8217;installer en toute s\u00e9curit\u00e9 sur la surface murale souhait\u00e9e. La construction m\u00e9tallique durable garantit que l&#8217;\u00c9chelle Murale \u00e0 5 \u00c9chelons ne n\u00e9cessite qu&#8217;un minimum d&#8217;entretien, avec des propri\u00e9t\u00e9s antirouille et anticorrosion qui la rendent adapt\u00e9e \u00e0 une utilisation int\u00e9rieure et semi-ext\u00e9rieure.<\/p>\n<p><img loading=\"lazy\" decoding=\"async\" class=\"alignnone wp-image-5355\" src=\"https:\/\/isopllc.com\/fr\/wp-content\/uploads\/sites\/6\/2025\/04\/permanent-step-5-rungs-2.jpg\" alt=\"\" width=\"307\" height=\"307\" title=\"\" srcset=\"https:\/\/isopllc.com\/fr\/wp-content\/uploads\/sites\/6\/2025\/04\/permanent-step-5-rungs-2.jpg 1500w, https:\/\/isopllc.com\/fr\/wp-content\/uploads\/sites\/6\/2025\/04\/permanent-step-5-rungs-2-150x150.jpg 150w, https:\/\/isopllc.com\/fr\/wp-content\/uploads\/sites\/6\/2025\/04\/permanent-step-5-rungs-2-768x768.jpg 768w, https:\/\/isopllc.com\/fr\/wp-content\/uploads\/sites\/6\/2025\/04\/permanent-step-5-rungs-2-1000x1000.jpg 1000w, https:\/\/isopllc.com\/fr\/wp-content\/uploads\/sites\/6\/2025\/04\/permanent-step-5-rungs-2-416x416.jpg 416w, https:\/\/isopllc.com\/fr\/wp-content\/uploads\/sites\/6\/2025\/04\/permanent-step-5-rungs-2-100x100.jpg 100w\" sizes=\"auto, (max-width: 307px) 100vw, 307px\" \/><\/p>\n<p>Ces \u00e9chelles murales \u00e0 5 \u00e9tapes s&#8217;int\u00e8grent parfaitement dans n&#8217;importe quel environnement int\u00e9rieur ou ext\u00e9rieur.<\/p>\n<p><img loading=\"lazy\" decoding=\"async\" class=\"alignnone wp-image-5380\" src=\"https:\/\/isopllc.com\/fr\/wp-content\/uploads\/sites\/6\/2025\/04\/permanent-step-5-rungs-4.jpg\" alt=\"\u00c9chelle de Loft\" width=\"305\" height=\"305\" title=\"\" srcset=\"https:\/\/isopllc.com\/fr\/wp-content\/uploads\/sites\/6\/2025\/04\/permanent-step-5-rungs-4.jpg 1080w, https:\/\/isopllc.com\/fr\/wp-content\/uploads\/sites\/6\/2025\/04\/permanent-step-5-rungs-4-150x150.jpg 150w, https:\/\/isopllc.com\/fr\/wp-content\/uploads\/sites\/6\/2025\/04\/permanent-step-5-rungs-4-768x768.jpg 768w, https:\/\/isopllc.com\/fr\/wp-content\/uploads\/sites\/6\/2025\/04\/permanent-step-5-rungs-4-1000x1000.jpg 1000w, https:\/\/isopllc.com\/fr\/wp-content\/uploads\/sites\/6\/2025\/04\/permanent-step-5-rungs-4-416x416.jpg 416w, https:\/\/isopllc.com\/fr\/wp-content\/uploads\/sites\/6\/2025\/04\/permanent-step-5-rungs-4-100x100.jpg 100w\" sizes=\"auto, (max-width: 305px) 100vw, 305px\" \/><\/p>\n<h4 data-start=\"1034\" data-end=\"1086\">Utilisation polyvalente pour de multiples applications<\/h4>\n<p data-start=\"1087\" data-end=\"1170\">Cette \u00c9chelle Murale \u00e0 5 \u00c9chelons est con\u00e7ue pour r\u00e9pondre \u00e0 diverses utilisations, notamment:<\/p>\n<ul data-start=\"1171\" data-end=\"1670\">\n<li data-start=\"1171\" data-end=\"1256\"><strong data-start=\"1173\" data-end=\"1190\">Acc\u00e8s au grenier: <\/strong>Id\u00e9al pour atteindre les combles en toute s\u00e9curit\u00e9 sans occuper d&#8217;espace au sol.<\/li>\n<li data-start=\"1171\" data-end=\"1256\"><strong data-start=\"1173\" data-end=\"1190\">Fen\u00eatres d&#8217;\u00e9vacuation: <\/strong>Assure des voies d&#8217;\u00e9vacuation rapides et faciles dans les situations d&#8217;urgence.<\/li>\n<li data-start=\"1171\" data-end=\"1256\"><strong data-start=\"1173\" data-end=\"1190\">Lits superpos\u00e9s: <\/strong>permet un acc\u00e8s s\u00fbr et stable aux lits superpos\u00e9s pour les enfants et les adultes.<\/li>\n<li data-start=\"1171\" data-end=\"1256\"><strong data-start=\"1173\" data-end=\"1190\">D\u00e9coration et rangement: <\/strong>Parfait pour les d\u00e9cors minimalistes et de style industriel, ainsi que pour atteindre les \u00e9tag\u00e8res hautes dans les espaces de vie.<\/li>\n<li data-start=\"1171\" data-end=\"1256\"><strong data-start=\"1173\" data-end=\"1190\">Garage et atelier: <\/strong>Peut \u00eatre install\u00e9 dans les garages ou les ateliers pour acc\u00e9der aux zones sur\u00e9lev\u00e9es.<\/li>\n<\/ul>\n<p>De plus, elles sont adapt\u00e9es aux camping-cars, bateaux et navires.<\/p>\n<p><img loading=\"lazy\" decoding=\"async\" class=\"alignnone wp-image-5379\" src=\"https:\/\/isopllc.com\/fr\/wp-content\/uploads\/sites\/6\/2025\/04\/permanent-step-5-rungs-3.jpg\" alt=\"\u00c9chelle d&#039;\u00c9vacuation pour Fen\u00eatre\" width=\"295\" height=\"328\" title=\"\" srcset=\"https:\/\/isopllc.com\/fr\/wp-content\/uploads\/sites\/6\/2025\/04\/permanent-step-5-rungs-3.jpg 972w, https:\/\/isopllc.com\/fr\/wp-content\/uploads\/sites\/6\/2025\/04\/permanent-step-5-rungs-3-768x853.jpg 768w, https:\/\/isopllc.com\/fr\/wp-content\/uploads\/sites\/6\/2025\/04\/permanent-step-5-rungs-3-900x1000.jpg 900w, https:\/\/isopllc.com\/fr\/wp-content\/uploads\/sites\/6\/2025\/04\/permanent-step-5-rungs-3-416x462.jpg 416w\" sizes=\"auto, (max-width: 295px) 100vw, 295px\" \/><\/p>\n<div class=\"celwidget aplus-module premium-module-4-two-column-images aplus-premium\" data-csa-c-id=\"15yl7x-eio1n0-m9lh6n-socwzs\" data-cel-widget=\"aplus-premium-module-4-two-column-images\">\n<div class=\"a-section a-spacing-none premium-aplus premium-aplus-module-4 aplus-container-1\">\n<div class=\"a-section a-spacing-none premium-aplus-two-column\">\n<div class=\"a-section a-spacing-none premium-aplus-column\">\n<div class=\"a-section a-spacing-none column-description\">\n<p class=\"aplus-p3\">L&#8217;utilisation de mat\u00e9riaux r\u00e9sistants \u00e0 la corrosion assure une durabilit\u00e9 \u00e0 long terme.<\/p>\n<p><img loading=\"lazy\" decoding=\"async\" class=\"alignnone size-full wp-image-5356\" src=\"https:\/\/isopllc.com\/fr\/wp-content\/uploads\/sites\/6\/2025\/04\/permanent-step-5-rungs-10.jpeg\" alt=\"\" width=\"300\" height=\"300\" title=\"\" srcset=\"https:\/\/isopllc.com\/fr\/wp-content\/uploads\/sites\/6\/2025\/04\/permanent-step-5-rungs-10.jpeg 300w, https:\/\/isopllc.com\/fr\/wp-content\/uploads\/sites\/6\/2025\/04\/permanent-step-5-rungs-10-150x150.jpeg 150w, https:\/\/isopllc.com\/fr\/wp-content\/uploads\/sites\/6\/2025\/04\/permanent-step-5-rungs-10-100x100.jpeg 100w\" sizes=\"auto, (max-width: 300px) 100vw, 300px\" \/><\/p>\n<h4 data-start=\"543\" data-end=\"587\">Construction Durable et Robuste<\/h4>\n<p data-start=\"588\" data-end=\"1032\">Fabriqu\u00e9e en m\u00e9tal de haute qualit\u00e9, cette \u00e9chelle \u00e0 deux \u00e9chelons est con\u00e7ue pour r\u00e9sister \u00e0 un usage quotidien tout en conservant sa robustesse et sa fiabilit\u00e9. La conception de la fixation murale garantit une installation ferme et s\u00fbre, \u00e9liminant les risques de vacillement ou d&#8217;instabilit\u00e9. Que vous en ayez besoin pour acc\u00e9der r\u00e9guli\u00e8rement au grenier, pour assurer la s\u00e9curit\u00e9 des lits superpos\u00e9s ou pour les voies d&#8217;\u00e9vacuation des fen\u00eatres, cette \u00e9chelle est con\u00e7ue pour durer des ann\u00e9es avec un minimum d&#8217;entretien.<\/p>\n<p><span class=\"a-text-bold\">Construction robuste: <\/span>Fabriqu\u00e9es \u00e0 partir de mat\u00e9riaux solides tels que l&#8217;acier galvanis\u00e9 ou l&#8217;aluminium, ces \u00e9chelles murales \u00e0 5 \u00e9chelons sont con\u00e7ues pour durer et peuvent supporter un poids consid\u00e9rable.<\/p>\n<p><img loading=\"lazy\" decoding=\"async\" class=\"alignnone size-full wp-image-5357\" src=\"https:\/\/isopllc.com\/fr\/wp-content\/uploads\/sites\/6\/2025\/04\/permanent-step-5-rungs-11.jpeg\" alt=\"\" width=\"300\" height=\"300\" title=\"\" srcset=\"https:\/\/isopllc.com\/fr\/wp-content\/uploads\/sites\/6\/2025\/04\/permanent-step-5-rungs-11.jpeg 300w, https:\/\/isopllc.com\/fr\/wp-content\/uploads\/sites\/6\/2025\/04\/permanent-step-5-rungs-11-150x150.jpeg 150w, https:\/\/isopllc.com\/fr\/wp-content\/uploads\/sites\/6\/2025\/04\/permanent-step-5-rungs-11-100x100.jpeg 100w\" sizes=\"auto, (max-width: 300px) 100vw, 300px\" \/><\/p>\n<h4 data-start=\"1672\" data-end=\"1715\">Conception peu Encombrante et Fix\u00e9e au Mur<\/h4>\n<p data-start=\"1716\" data-end=\"2193\">Contrairement aux \u00e9chelles traditionnelles encombrantes, ce mod\u00e8le mural reste solidement fix\u00e9 au mur, ce qui en fait une solution efficace pour gagner de la place. Qu&#8217;il s&#8217;agisse d&#8217;un petit espace de vie, d&#8217;un loft ou d&#8217;un espace de stockage compact, cette \u00e9chelle permet d&#8217;optimiser l&#8217;espace au sol tout en offrant un acc\u00e8s pratique aux espaces sur\u00e9lev\u00e9s. Son design \u00e9pur\u00e9 et minimaliste se marie bien avec les int\u00e9rieurs modernes, ce qui en fait un excellent compl\u00e9ment d\u00e9coratif et fonctionnel pour toute maison.<\/p>\n<p data-start=\"1716\" data-end=\"2193\">Ultra Protect \u00c9chelle Murale \u00e0 5 \u00c9chelons pour toit, lit superpos\u00e9, sous-sol, bateau ou grenier : Reconnu pour sa construction robuste et ses caract\u00e9ristiques antid\u00e9rapantes, il constitue un choix fiable pour les soupiraux.<\/p>\n<p><img loading=\"lazy\" decoding=\"async\" class=\"alignnone wp-image-5383\" src=\"https:\/\/isopllc.com\/fr\/wp-content\/uploads\/sites\/6\/2025\/04\/permanent-step-5-rungs-7.jpg\" alt=\"\u00c9chelle en M\u00e9tal Murale\" width=\"320\" height=\"326\" title=\"\" srcset=\"https:\/\/isopllc.com\/fr\/wp-content\/uploads\/sites\/6\/2025\/04\/permanent-step-5-rungs-7.jpg 1056w, https:\/\/isopllc.com\/fr\/wp-content\/uploads\/sites\/6\/2025\/04\/permanent-step-5-rungs-7-768x781.jpg 768w, https:\/\/isopllc.com\/fr\/wp-content\/uploads\/sites\/6\/2025\/04\/permanent-step-5-rungs-7-983x1000.jpg 983w, https:\/\/isopllc.com\/fr\/wp-content\/uploads\/sites\/6\/2025\/04\/permanent-step-5-rungs-7-416x423.jpg 416w\" sizes=\"auto, (max-width: 320px) 100vw, 320px\" \/><\/p>\n<h4 data-start=\"2195\" data-end=\"2236\">Acc\u00e8s S\u00e9curis\u00e9 en Cinq \u00c9tapes<\/h4>\n<p data-start=\"2237\" data-end=\"2675\">Les cinq \u00e9chelons r\u00e9guli\u00e8rement espac\u00e9s assurent une mont\u00e9e confortable et s\u00fbre, permettant aux utilisateurs de tous \u00e2ges de monter et de descendre avec facilit\u00e9. Chaque \u00e9chelon est dot\u00e9 d&#8217;une surface antid\u00e9rapante, ce qui r\u00e9duit le risque de glissade et de chute. Le cadre m\u00e9tallique stable offre un meilleur support de poids, ce qui le rend adapt\u00e9 aux enfants et aux adultes. De plus, l&#8217;installation murale emp\u00eache tout mouvement, ce qui am\u00e9liore encore la s\u00e9curit\u00e9.<\/p>\n<p>Les utilisateurs ont lou\u00e9 ces \u00e9chelles pour leur durabilit\u00e9 et leur fonctionnalit\u00e9. Ils ont mentionn\u00e9 que l&#8217;\u00e9chelle \u00e0 5 \u00e9tapes est durable et peut supporter un poids d&#8217;au moins 90 kg, soulignant ainsi sa construction robuste.<\/p>\n<p><img loading=\"lazy\" decoding=\"async\" class=\"alignnone size-full wp-image-5378\" src=\"https:\/\/isopllc.com\/fr\/wp-content\/uploads\/sites\/6\/2025\/04\/permanent-step-5-rungs-13.jpeg\" alt=\"\u00c9chelle Murale\" width=\"300\" height=\"300\" title=\"\" srcset=\"https:\/\/isopllc.com\/fr\/wp-content\/uploads\/sites\/6\/2025\/04\/permanent-step-5-rungs-13.jpeg 300w, https:\/\/isopllc.com\/fr\/wp-content\/uploads\/sites\/6\/2025\/04\/permanent-step-5-rungs-13-150x150.jpeg 150w, https:\/\/isopllc.com\/fr\/wp-content\/uploads\/sites\/6\/2025\/04\/permanent-step-5-rungs-13-100x100.jpeg 100w\" sizes=\"auto, (max-width: 300px) 100vw, 300px\" \/><\/p>\n<h4 data-start=\"3113\" data-end=\"3158\">Design Industriel et Moderne<\/h4>\n<p data-start=\"3159\" data-end=\"3582\">Outre ses avantages fonctionnels, cette \u00e9chelle murale constitue \u00e9galement un \u00e9l\u00e9ment de d\u00e9coration \u00e9l\u00e9gant et moderne. La finition m\u00e9tallique \u00e9l\u00e9gante ajoute une esth\u00e9tique industrielle aux maisons, lofts et appartements, ce qui en fait un ajout attrayant et pratique \u00e0 votre espace de vie. Qu&#8217;elle soit utilis\u00e9e pour le rangement, la d\u00e9coration ou la s\u00e9curit\u00e9, cette \u00e9chelle am\u00e9liore l&#8217;aspect g\u00e9n\u00e9ral et la fonctionnalit\u00e9 de n&#8217;importe quelle pi\u00e8ce.<\/p>\n<p data-start=\"3159\" data-end=\"3582\"><img loading=\"lazy\" decoding=\"async\" class=\"alignnone size-full wp-image-5360\" src=\"https:\/\/isopllc.com\/fr\/wp-content\/uploads\/sites\/6\/2025\/04\/permanent-step-5-rungs-12.jpeg\" alt=\"\" width=\"300\" height=\"300\" title=\"\" srcset=\"https:\/\/isopllc.com\/fr\/wp-content\/uploads\/sites\/6\/2025\/04\/permanent-step-5-rungs-12.jpeg 300w, https:\/\/isopllc.com\/fr\/wp-content\/uploads\/sites\/6\/2025\/04\/permanent-step-5-rungs-12-150x150.jpeg 150w, https:\/\/isopllc.com\/fr\/wp-content\/uploads\/sites\/6\/2025\/04\/permanent-step-5-rungs-12-100x100.jpeg 100w\" sizes=\"auto, (max-width: 300px) 100vw, 300px\" \/><\/p>\n<p>Son design minimaliste s&#8217;int\u00e8gre parfaitement dans les int\u00e9rieurs contemporains, apportant \u00e0 la fois fonctionnalit\u00e9 et am\u00e9lioration esth\u00e9tique.<\/p>\n<p><img loading=\"lazy\" decoding=\"async\" class=\"alignnone wp-image-5385\" src=\"https:\/\/isopllc.com\/fr\/wp-content\/uploads\/sites\/6\/2025\/04\/permanent-step-5-rungs-9.jpg\" alt=\"\" width=\"290\" height=\"290\" title=\"\" srcset=\"https:\/\/isopllc.com\/fr\/wp-content\/uploads\/sites\/6\/2025\/04\/permanent-step-5-rungs-9.jpg 679w, https:\/\/isopllc.com\/fr\/wp-content\/uploads\/sites\/6\/2025\/04\/permanent-step-5-rungs-9-150x150.jpg 150w, https:\/\/isopllc.com\/fr\/wp-content\/uploads\/sites\/6\/2025\/04\/permanent-step-5-rungs-9-416x416.jpg 416w, https:\/\/isopllc.com\/fr\/wp-content\/uploads\/sites\/6\/2025\/04\/permanent-step-5-rungs-9-100x100.jpg 100w\" sizes=\"auto, (max-width: 290px) 100vw, 290px\" \/><\/p>\n<h4>Parfaite pour les Maisons, les Lofts et les Petits Espaces<\/h4>\n<p data-start=\"4193\" data-end=\"4478\">Que vous ayez besoin d&#8217;une solution d&#8217;acc\u00e8s pratique pour les espaces restreints ou d&#8217;un \u00e9l\u00e9ment d\u00e9coratif pour votre maison, cette \u00e9chelle m\u00e9tallique \u00e0 cinq marches est un ajout indispensable. Sa polyvalence, sa durabilit\u00e9 et sa s\u00e9curit\u00e9 en font un choix de premier ordre pour les propri\u00e9taires, les concepteurs et les constructeurs.<\/p>\n<h3 data-start=\"4480\" data-end=\"4513\">Pourquoi choisir cette \u00c9chelle Murale \u00e0 5 \u00c9chelons ?<\/h3>\n<ul data-start=\"4514\" data-end=\"4816\">\n<li data-start=\"4514\" data-end=\"4588\"><strong data-start=\"4516\" data-end=\"4531\">Permet d&#8217;\u00e9conomiser de l&#8217;espace tout en offrant un acc\u00e8s s\u00fbr et stable \u00e0 l&#8217;escalade.<\/strong><\/li>\n<li data-start=\"4514\" data-end=\"4588\"><strong data-start=\"4516\" data-end=\"4531\">Utilisation polyvalente pour les greniers, les lits superpos\u00e9s, les fen\u00eatres et la d\u00e9coration int\u00e9rieure moderne.<\/strong><\/li>\n<li data-start=\"4514\" data-end=\"4588\"><strong data-start=\"4516\" data-end=\"4531\">La construction en m\u00e9tal de haute qualit\u00e9 garantit la durabilit\u00e9 et les performances \u00e0 long terme.<\/strong><\/li>\n<li data-start=\"4514\" data-end=\"4588\"><strong data-start=\"4516\" data-end=\"4531\">Facile \u00e0 installer et d&#8217;apparence \u00e9l\u00e9gante et minimaliste.<\/strong><\/li>\n<\/ul>\n<p data-start=\"4818\" data-end=\"4927\" data-is-last-node=\"\" data-is-only-node=\"\">\ud83d\uded2 Am\u00e9liorez la fonctionnalit\u00e9 et la s\u00e9curit\u00e9 de votre maison &#8211; commandez votre \u00c9chelle Murale \u00e0 5 \u00c9chelons \u00a0d\u00e8s aujourd&#8217;hui sur Amazon !\ud83d\ude80<\/p>\n<p data-start=\"4818\" data-end=\"4927\" data-is-last-node=\"\" data-is-only-node=\"\">Aussi disponible en version \u00e0 <a href=\"https:\/\/isopllc.com\/fr\/product\/echelle-securisee-a-2-marches\/\">2 \u00e9chelons<\/a>, <a href=\"https:\/\/isopllc.com\/fr\/product\/echelle-integree-3-echelons\/\">3 \u00e9chelons<\/a> et <a href=\"https:\/\/isopllc.com\/fr\/product\/4-echelons-echelle-fixe-murale\/\">4 \u00e9chelons<\/a>.<\/p>\n<\/div>\n<\/div>\n<\/div>\n<\/div>\n<\/div>\n","protected":false},"excerpt":{"rendered":"[embed]https:\/\/www.youtube.com\/watch?v=6xCJWP-p9pw[\/embed]\n[embed]https:\/\/www.youtube.com\/shorts\/pLAZ0v-5fRs[\/embed]\n<p id=\"title\" class=\"a-size-large a-spacing-none\" style=\"text-align: center\">\u00c9chelle Murale \u00e0 5 \u00c9chelons &#8211; \u00c9chelle de Loft \u00e0 5 \u00c9tapes pour Lits de Dortoir &#8211; \u00c9chelle \u00e0 5 \u00c9tapes pour Grenier &#8211; \u00c9chelle d&#8217;\u00c9vacuation pour Fen\u00eatre &#8211; \u00c9chelle en M\u00e9tal Murale pour Lit Superpos\u00e9<\/p>\n<p style=\"text-align: center\">LIVRAISON GRATUITE SOUS 3-7 JOURS<\/p>\n<h4 style=\"text-align: center\"><strong>ACHETEZ-LE SUR<\/strong><a href=\"https:\/\/www.amazon.fr\/dp\/B0DV3J9742\/ref=sr_1_2?__mk_fr_FR=%C3%85M%C3%85%C5%BD%C3%95%C3%91&amp;dib=eyJ2IjoiMSJ9.9SFvfirQE6o2j6Td3z2KYw.f6UvOSjEd5J7a71uNSGtq3gPNw6cOUwkoLbt6pFzdJI&amp;dib_tag=se&amp;keywords=%C3%89chelle+Murale+%C3%89chelle+de+Loft+pour+Lits+de+Dortoir&amp;qid=1746029337&amp;s=kitchen&amp;sr=1-2&amp;th=1\"><img loading=\"lazy\" decoding=\"async\" class=\"aligncenter wp-image-1040 size-full\" src=\"https:\/\/isopllc.com\/fr\/wp-content\/uploads\/sites\/6\/2020\/01\/amazon-button9.png\" alt=\"\" width=\"160\" height=\"59\" \/><\/a><\/h4>\n","protected":false},"featured_media":5441,"comment_status":"open","ping_status":"closed","template":"","meta":[],"product_brand":[],"product_cat":[260,254],"product_tag":[],"class_list":{"0":"post-5345","1":"product","2":"type-product","3":"status-publish","4":"has-post-thumbnail","6":"product_cat-echelles-murales","7":"product_cat-escabeaux","9":"first","10":"instock","11":"shipping-taxable","12":"purchasable","13":"product-type-variable"},"_links":{"self":[{"href":"https:\/\/isopllc.com\/fr\/wp-json\/wp\/v2\/product\/5345","targetHints":{"allow":["GET"]}}],"collection":[{"href":"https:\/\/isopllc.com\/fr\/wp-json\/wp\/v2\/product"}],"about":[{"href":"https:\/\/isopllc.com\/fr\/wp-json\/wp\/v2\/types\/product"}],"replies":[{"embeddable":true,"href":"https:\/\/isopllc.com\/fr\/wp-json\/wp\/v2\/comments?post=5345"}],"wp:featuredmedia":[{"embeddable":true,"href":"https:\/\/isopllc.com\/fr\/wp-json\/wp\/v2\/media\/5441"}],"wp:attachment":[{"href":"https:\/\/isopllc.com\/fr\/wp-json\/wp\/v2\/media?parent=5345"}],"wp:term":[{"taxonomy":"product_brand","embeddable":true,"href":"https:\/\/isopllc.com\/fr\/wp-json\/wp\/v2\/product_brand?post=5345"},{"taxonomy":"product_cat","embeddable":true,"href":"https:\/\/isopllc.com\/fr\/wp-json\/wp\/v2\/product_cat?post=5345"},{"taxonomy":"product_tag","embeddable":true,"href":"https:\/\/isopllc.com\/fr\/wp-json\/wp\/v2\/product_tag?post=5345"}],"curies":[{"name":"wp","href":"https:\/\/api.w.org\/{rel}","templated":true}]}}