{"id":5487,"date":"2025-06-25T08:11:03","date_gmt":"2025-06-25T08:11:03","guid":{"rendered":"https:\/\/isopllc.com\/fr\/?post_type=product&#038;p=5487"},"modified":"2025-07-02T09:47:32","modified_gmt":"2025-07-02T09:47:32","slug":"armoire-en-aluminium-pour-echelle-devacuation-incendie-3-etages-grande-taille","status":"publish","type":"product","link":"https:\/\/isopllc.com\/fr\/product\/armoire-en-aluminium-pour-echelle-devacuation-incendie-3-etages-grande-taille\/","title":{"rendered":"Armoire en Aluminium pour \u00c9chelle D\u2019\u00e9vacuation Incendie 3 \u00e9tages \u2013 Grande Taille"},"content":{"rendered":"<h3>Armoire en Aluminium Pour \u00c9chelle de Secours Incendie | Bo\u00eete D&#8217;acc\u00e8s Universelle Pour \u00c9chelle Incendie 3 \u00c9tages | Utilisation Int\u00e9rieure et Ext\u00e9rieure | Quincaillerie de Montage Incluse | Bo\u00eete Murale de Rangement Pour \u00c9chelles de Secours | 42 x 34 x 15 cm<\/h3>\n<p data-start=\"169\" data-end=\"747\">Fabriqu\u00e9e en aluminium anodis\u00e9 \u00e0 haute r\u00e9sistance, cette armoire est con\u00e7ue pour offrir durabilit\u00e9, r\u00e9sistance \u00e0 la corrosion et long\u00e9vit\u00e9. Contrairement aux alternatives en plastique ou aux bo\u00eetes en acier de qualit\u00e9 inf\u00e9rieure, cette unit\u00e9 est \u00e9tanche et adapt\u00e9e \u00e0 une exposition aux \u00e9l\u00e9ments en ext\u00e9rieur \u2014 id\u00e9ale pour les balcons, issues de secours ou v\u00e9randas. \u00c0 l\u2019int\u00e9rieur, elle s\u2019int\u00e8gre discr\u00e8tement aux murs, buanderies ou cages d\u2019escaliers, assurant une harmonie esth\u00e9tique avec les int\u00e9rieurs modernes tout en garantissant une pr\u00e9paration maximale en cas d\u2019incendie.<\/p>\n<p data-start=\"169\" data-end=\"747\"><img loading=\"lazy\" decoding=\"async\" class=\"alignnone wp-image-5489\" src=\"https:\/\/isopllc.com\/fr\/wp-content\/uploads\/sites\/6\/2025\/06\/fir-escape-box-scaled.jpg\" alt=\"Armoire en aluminium Grande taille\" width=\"311\" height=\"311\" title=\"\" srcset=\"https:\/\/isopllc.com\/fr\/wp-content\/uploads\/sites\/6\/2025\/06\/fir-escape-box-scaled.jpg 2560w, https:\/\/isopllc.com\/fr\/wp-content\/uploads\/sites\/6\/2025\/06\/fir-escape-box-150x150.jpg 150w, https:\/\/isopllc.com\/fr\/wp-content\/uploads\/sites\/6\/2025\/06\/fir-escape-box-768x768.jpg 768w, https:\/\/isopllc.com\/fr\/wp-content\/uploads\/sites\/6\/2025\/06\/fir-escape-box-1536x1536.jpg 1536w, https:\/\/isopllc.com\/fr\/wp-content\/uploads\/sites\/6\/2025\/06\/fir-escape-box-2048x2048.jpg 2048w, https:\/\/isopllc.com\/fr\/wp-content\/uploads\/sites\/6\/2025\/06\/fir-escape-box-1000x1000.jpg 1000w, https:\/\/isopllc.com\/fr\/wp-content\/uploads\/sites\/6\/2025\/06\/fir-escape-box-416x416.jpg 416w, https:\/\/isopllc.com\/fr\/wp-content\/uploads\/sites\/6\/2025\/06\/fir-escape-box-100x100.jpg 100w\" sizes=\"auto, (max-width: 311px) 100vw, 311px\" \/><\/p>\n<h3 data-start=\"112\" data-end=\"184\">Premium-Grade Aluminium Construction for Indoor &amp; Outdoor Durability<\/h3>\n<p data-start=\"186\" data-end=\"640\">Made from high-strength anodized aluminium, this cabinet is built for durability, corrosion resistance, and long service life. Unlike plastic alternatives or low-grade steel boxes, this unit is weatherproof and suitable for outdoor exposure\u2014perfect for balconies, fire escapes, or verandas. Indoors, it fits discreetly into walls, utility rooms, or stairwells, maintaining aesthetic harmony with modern interiors while ensuring maximum fire preparedness.<\/p>\n<ul>\n<li><strong data-start=\"749\" data-end=\"772\">\u00a0<\/strong>Structure robuste en fer<\/li>\n<li data-start=\"777\" data-end=\"803\">Conception compacte<\/li>\n<li data-start=\"806\" data-end=\"873\">Verre acrylique (plus s\u00fbr que le verre standard en cas d&#8217;urgence)<\/li>\n<li data-start=\"876\" data-end=\"903\">Se fixe facilement au mur<\/li>\n<li data-start=\"906\" data-end=\"941\">Facile \u00e0 localiser en cas de besoin<\/li>\n<\/ul>\n<p><img loading=\"lazy\" decoding=\"async\" class=\"alignnone wp-image-5491\" src=\"https:\/\/isopllc.com\/fr\/wp-content\/uploads\/sites\/6\/2025\/06\/ladder-box-scaled.jpg\" alt=\"Armoire \u00e9tages\" width=\"338\" height=\"338\" title=\"\" srcset=\"https:\/\/isopllc.com\/fr\/wp-content\/uploads\/sites\/6\/2025\/06\/ladder-box-scaled.jpg 2560w, https:\/\/isopllc.com\/fr\/wp-content\/uploads\/sites\/6\/2025\/06\/ladder-box-150x150.jpg 150w, https:\/\/isopllc.com\/fr\/wp-content\/uploads\/sites\/6\/2025\/06\/ladder-box-768x768.jpg 768w, https:\/\/isopllc.com\/fr\/wp-content\/uploads\/sites\/6\/2025\/06\/ladder-box-1536x1536.jpg 1536w, https:\/\/isopllc.com\/fr\/wp-content\/uploads\/sites\/6\/2025\/06\/ladder-box-2048x2048.jpg 2048w, https:\/\/isopllc.com\/fr\/wp-content\/uploads\/sites\/6\/2025\/06\/ladder-box-1000x1000.jpg 1000w, https:\/\/isopllc.com\/fr\/wp-content\/uploads\/sites\/6\/2025\/06\/ladder-box-416x416.jpg 416w, https:\/\/isopllc.com\/fr\/wp-content\/uploads\/sites\/6\/2025\/06\/ladder-box-100x100.jpg 100w\" sizes=\"auto, (max-width: 338px) 100vw, 338px\" \/><\/p>\n<p data-start=\"987\" data-end=\"1082\">Permet de garder votre extincteur ou \u00e9chelle de secours facilement accessible en cas d\u2019urgence.<\/p>\n<p data-start=\"1084\" data-end=\"1339\">Gr\u00e2ce \u00e0 sa taille compacte \u2014 <span class=\"a-text-bold\">38x28x13 cm<\/span>\u00a0(\u00e9paisseur de 1 mm) \u2014 et \u00e0 sa structure durable, cette armoire est id\u00e9ale pour les appartements, les copropri\u00e9t\u00e9s et les petits commerces. Elle offre un espace s\u00fbr et s\u00e9curis\u00e9 pour un stockage \u00e0 long terme.<\/p>\n<p><img loading=\"lazy\" decoding=\"async\" class=\"alignnone wp-image-5494\" src=\"https:\/\/isopllc.com\/fr\/wp-content\/uploads\/sites\/6\/2025\/06\/Aluminium-storage-for-fire-rescue-stuff.jpg\" alt=\"Armoire en aluminium pour \u00e9chelle\" width=\"299\" height=\"299\" title=\"\" srcset=\"https:\/\/isopllc.com\/fr\/wp-content\/uploads\/sites\/6\/2025\/06\/Aluminium-storage-for-fire-rescue-stuff.jpg 900w, https:\/\/isopllc.com\/fr\/wp-content\/uploads\/sites\/6\/2025\/06\/Aluminium-storage-for-fire-rescue-stuff-150x150.jpg 150w, https:\/\/isopllc.com\/fr\/wp-content\/uploads\/sites\/6\/2025\/06\/Aluminium-storage-for-fire-rescue-stuff-768x768.jpg 768w, https:\/\/isopllc.com\/fr\/wp-content\/uploads\/sites\/6\/2025\/06\/Aluminium-storage-for-fire-rescue-stuff-416x416.jpg 416w, https:\/\/isopllc.com\/fr\/wp-content\/uploads\/sites\/6\/2025\/06\/Aluminium-storage-for-fire-rescue-stuff-100x100.jpg 100w\" sizes=\"auto, (max-width: 299px) 100vw, 299px\" \/><\/p>\n<h3 data-start=\"1346\" data-end=\"1378\">Station de s\u00e9curit\u00e9 incendie<\/h3>\n<p data-start=\"1380\" data-end=\"1567\">En cas d\u2019incendie soudain \u00e0 la maison ou en entreprise, cette station d\u00e9sign\u00e9e permet de garder votre extincteur ou votre \u00e9chelle \u00e0 port\u00e9e de main, pr\u00eat \u00e0 \u00eatre utilis\u00e9 au moment critique.<\/p>\n<p data-start=\"1380\" data-end=\"1567\"><img loading=\"lazy\" decoding=\"async\" class=\"alignnone wp-image-5498\" src=\"https:\/\/isopllc.com\/fr\/wp-content\/uploads\/sites\/6\/2025\/06\/61e86Sz6CL._AC_SL1500_.png\" alt=\"Armoire en aluminium\" width=\"413\" height=\"277\" title=\"\" srcset=\"https:\/\/isopllc.com\/fr\/wp-content\/uploads\/sites\/6\/2025\/06\/61e86Sz6CL._AC_SL1500_.png 1462w, https:\/\/isopllc.com\/fr\/wp-content\/uploads\/sites\/6\/2025\/06\/61e86Sz6CL._AC_SL1500_-768x515.png 768w, https:\/\/isopllc.com\/fr\/wp-content\/uploads\/sites\/6\/2025\/06\/61e86Sz6CL._AC_SL1500_-1000x671.png 1000w, https:\/\/isopllc.com\/fr\/wp-content\/uploads\/sites\/6\/2025\/06\/61e86Sz6CL._AC_SL1500_-416x279.png 416w\" sizes=\"auto, (max-width: 413px) 100vw, 413px\" \/><\/p>\n<h3 data-start=\"1574\" data-end=\"1621\">Ancrage professionnel pour corde sup\u00e9rieure<\/h3>\n<p data-start=\"1623\" data-end=\"1816\">Kit de fixation d\u2019ancrage pour escalade, comprenant 2 plaques d\u2019ancrage, 2 boulons d\u2019expansion, des \u00e9crous et des rondelles plates. Les plaques d\u2019ancrage offrent un point de fixation permanent.<\/p>\n<p data-start=\"1818\" data-end=\"2043\">Le kit permet de fixer la bo\u00eete au mur. Non seulement il maintient solidement l\u2019armoire, mais les \u0153illets d\u2019ancrage con\u00e7us pour deux mousquetons permettent d\u2019y accrocher une \u00e9chelle de corde afin de descendre par une fen\u00eatre.<\/p>\n<h3 data-start=\"1818\" data-end=\"2043\">Polyvalent pour divers environnements<\/h3>\n<p data-start=\"1818\" data-end=\"2043\">Id\u00e9al pour :<\/p>\n<ul data-start=\"135\" data-end=\"419\">\n<li data-start=\"135\" data-end=\"165\">Maisons \u00e0 plusieurs \u00e9tages<\/li>\n<li data-start=\"166\" data-end=\"213\">Appartements et immeubles de grande hauteur<\/li>\n<li data-start=\"214\" data-end=\"239\">R\u00e9sidences \u00e9tudiantes<\/li>\n<li data-start=\"240\" data-end=\"272\">Cr\u00e8ches et jardins d\u2019enfants<\/li>\n<li data-start=\"273\" data-end=\"324\">H\u00f4pitaux et \u00e9tablissements pour personnes \u00e2g\u00e9es<\/li>\n<li data-start=\"325\" data-end=\"365\">H\u00f4tels, auberges et logements Airbnb<\/li>\n<li data-start=\"366\" data-end=\"389\">Bureaux commerciaux<\/li>\n<li data-start=\"390\" data-end=\"419\">Entrep\u00f4ts avec mezzanines<\/li>\n<\/ul>\n<p class=\"markdown prose dark:prose-invert w-full break-words light\">Partout o\u00f9 des personnes dorment, travaillent ou se r\u00e9unissent au-dessus du niveau du sol, cette armoire repr\u00e9sente une solution de s\u00e9curit\u00e9 discr\u00e8te mais essentielle.<\/p>\n<div class=\"flex basis-auto flex-col -mb-(--composer-overlap-px) [--composer-overlap-px:24px] grow overflow-hidden\">\n<div class=\"relative h-full\">\n<div class=\"flex h-full flex-col overflow-y-auto [scrollbar-gutter:stable_both-edges] @[84rem]\/thread:pt-(--header-height)\">\n<div class=\"@thread-xl\/thread:pt-header-height mt-1.5 flex flex-col text-sm pb-25\">\n<article class=\"text-token-text-primary w-full\" dir=\"auto\" data-testid=\"conversation-turn-12\" data-scroll-anchor=\"true\">\n<div class=\"text-base my-auto mx-auto py-5 [--thread-content-margin:--spacing(4)] @[37rem]:[--thread-content-margin:--spacing(6)] @[72rem]:[--thread-content-margin:--spacing(16)] px-(--thread-content-margin)\">\n<div class=\"[--thread-content-max-width:32rem] @[34rem]:[--thread-content-max-width:40rem] @[64rem]:[--thread-content-max-width:48rem] mx-auto flex max-w-(--thread-content-max-width) flex-1 text-base gap-4 md:gap-5 lg:gap-6 group\/turn-messages focus-visible:outline-hidden\">\n<div class=\"group\/conversation-turn relative flex w-full min-w-0 flex-col agent-turn\">\n<div class=\"relative flex-col gap-1 md:gap-3\">\n<div class=\"flex max-w-full flex-col grow\">\n<div class=\"min-h-8 text-message relative flex w-full flex-col items-end gap-2 text-start break-words whitespace-normal [.text-message+&amp;]:mt-5\" dir=\"auto\" data-message-author-role=\"assistant\" data-message-id=\"cc8f9d2d-3f31-44c9-8471-a2e1d23794f1\" data-message-model-slug=\"gpt-4o\">\n<h3 class=\"flex w-full flex-col gap-1 empty:hidden first:pt-[3px]\">Pourquoi pensons-nous qu\u2019il est pr\u00e9f\u00e9rable d\u2019acheter une bo\u00eete d\u2019acc\u00e8s pour \u00e9chelle de secours ?<\/h3>\n<\/div>\n<\/div>\n<\/div>\n<\/div>\n<\/div>\n<\/div>\n<\/article>\n<\/div>\n<\/div>\n<\/div>\n<\/div>\n<div id=\"thread-bottom-container\" class=\"isolate z-10 w-full basis-auto has-data-has-thread-error:pt-2 has-data-has-thread-error:[box-shadow:var(--sharp-edge-bottom-shadow)] md:border-transparent md:pt-0 dark:border-white\/20 md:dark:border-transparent flex flex-col\">\n<div class=\"text-token-text-secondary relative mt-auto flex min-h-8 w-full items-center justify-center p-2 text-center text-xs md:px-[60px]\">\n<div>\n<h3 class=\"markdown prose dark:prose-invert w-full break-words light\">Pour plusieurs raisons !<\/h3>\n<ol>\n<li>En fixant la bo\u00eete au mur (sous la fen\u00eatre ou sur le balcon) avec des ancrages, vous pouvez imm\u00e9diatement attacher l\u2019\u00e9chelle aux boucles d\u2019ancrage, puis, en cas d\u2019urgence, vous n\u2019aurez qu\u2019\u00e0 jeter l\u2019\u00e9chelle par la fen\u00eatre et commencer imm\u00e9diatement la descente sans perdre de pr\u00e9cieuses secondes dans la confusion \u00e0 chercher o\u00f9 l\u2019attacher.<\/li>\n<li>Vous pouvez fixer la bo\u00eete \u00e0 la fois \u00e0 l\u2019int\u00e9rieur et \u00e0 l\u2019ext\u00e9rieur de la maison. \u00c0 l\u2019ext\u00e9rieur, l\u2019avantage est qu\u2019elle ne prend pas de place \u00e0 la maison et ne g\u00e2che pas le design de la pi\u00e8ce, tout en restant facilement accessible si elle est fix\u00e9e pr\u00e8s d\u2019une fen\u00eatre ou sur un balcon.<\/li>\n<li>C\u2019est aussi pratique depuis l\u2019int\u00e9rieur de la maison, car elle est toujours \u00e0 port\u00e9e de main et cet \u00e9quipement de survie essentiel reste visible pour ne pas perdre de temps \u00e0 le chercher pendant un incendie.<\/li>\n<li>Il est tr\u00e8s s\u00fbr selon nous de fixer les \u00e9chelles aux ancrages d\u2019escalade \u00e0 l\u2019int\u00e9rieur de la bo\u00eete, car ils peuvent supporter 25 kN, plut\u00f4t qu\u2019\u00e0 n\u2019importe quoi dans votre maison, y compris le cadre de la fen\u00eatre ou les barres du balcon.<\/li>\n<\/ol>\n<\/div>\n<div>Disponible en <a href=\"https:\/\/isopllc.com\/fr\/product\/boite-dacces-universelle-pour-echelle-de-securite\/\"><strong>petite<\/strong><\/a> taille.<\/div>\n<\/div>\n<\/div>\n","protected":false},"excerpt":{"rendered":"[embed]https:\/\/youtu.be\/D0bwKWsrPbM[\/embed]\n<p style=\"text-align: center\" data-start=\"38\" data-end=\"298\">Armoire en aluminium pour \u00e9chelle de secours incendie | Bo\u00eete d\u2019acc\u00e8s universelle pour \u00e9chelle incendie 3 \u00e9tages | Utilisation int\u00e9rieure \/ ext\u00e9rieure | Quincaillerie de montage incluse | Bo\u00eete murale de rangement pour \u00e9chelles de secours | 42 x 34 x 15 cm<\/p>\n<p style=\"text-align: center\" data-start=\"300\" data-end=\"337\">LIVRAISON GRATUITE EN 3 \u00c0 7 JOURS<\/p>\n<p style=\"text-align: center\" data-start=\"339\" data-end=\"357\"><strong>ACHETEZ-LE SUR!<\/strong><\/p>\n<p data-start=\"339\" data-end=\"357\"><a href=\"https:\/\/www.amazon.fr\/Armoire-Aluminium-pour-%C3%A9chelle-dincendie\/dp\/B0DGQH5PZ2\/ref=sr_1_3?__mk_fr_FR=%C3%85M%C3%85%C5%BD%C3%95%C3%91&amp;crid=1UV79IY3HW9GC&amp;dib=eyJ2IjoiMSJ9.Ce7cFwH7uEI8-ATISVLlsQ.zAhj2lAKOUY9qX8I3V4hp0pZTV1jcvb9F6lURdfjzeg&amp;dib_tag=se&amp;keywords=rmoire%2Ben%2BAluminium%2Bpour%2B%C3%A9chelle%2Bd%27incendie&amp;qid=1751449599&amp;sprefix=b0dgqh5pz2%2Caps%2C122&amp;sr=8-3&amp;th=1\"><img loading=\"lazy\" decoding=\"async\" class=\"aligncenter\" src=\"https:\/\/isopllc.com\/uk\/wp-content\/uploads\/sites\/2\/2020\/01\/amazon-button9.png\" alt=\"\" width=\"160\" height=\"59\" \/><\/a><\/p>\n","protected":false},"featured_media":5493,"comment_status":"open","ping_status":"closed","template":"","meta":[],"product_brand":[],"product_cat":[257,259],"product_tag":[],"class_list":{"0":"post-5487","1":"product","2":"type-product","3":"status-publish","4":"has-post-thumbnail","6":"product_cat-accessoires-pour-echelles-anti-incendie","7":"product_cat-boite-de-rangement-pour-echelles-de-secours","9":"first","10":"instock","11":"shipping-taxable","12":"purchasable","13":"product-type-simple"},"_links":{"self":[{"href":"https:\/\/isopllc.com\/fr\/wp-json\/wp\/v2\/product\/5487","targetHints":{"allow":["GET"]}}],"collection":[{"href":"https:\/\/isopllc.com\/fr\/wp-json\/wp\/v2\/product"}],"about":[{"href":"https:\/\/isopllc.com\/fr\/wp-json\/wp\/v2\/types\/product"}],"replies":[{"embeddable":true,"href":"https:\/\/isopllc.com\/fr\/wp-json\/wp\/v2\/comments?post=5487"}],"wp:featuredmedia":[{"embeddable":true,"href":"https:\/\/isopllc.com\/fr\/wp-json\/wp\/v2\/media\/5493"}],"wp:attachment":[{"href":"https:\/\/isopllc.com\/fr\/wp-json\/wp\/v2\/media?parent=5487"}],"wp:term":[{"taxonomy":"product_brand","embeddable":true,"href":"https:\/\/isopllc.com\/fr\/wp-json\/wp\/v2\/product_brand?post=5487"},{"taxonomy":"product_cat","embeddable":true,"href":"https:\/\/isopllc.com\/fr\/wp-json\/wp\/v2\/product_cat?post=5487"},{"taxonomy":"product_tag","embeddable":true,"href":"https:\/\/isopllc.com\/fr\/wp-json\/wp\/v2\/product_tag?post=5487"}],"curies":[{"name":"wp","href":"https:\/\/api.w.org\/{rel}","templated":true}]}}