{"id":5690,"date":"2025-07-30T06:48:08","date_gmt":"2025-07-30T06:48:08","guid":{"rendered":"https:\/\/isopllc.com\/fr\/product\/bidon-dhuile-style-europeen-5l-13-gallon-conteneur-de-carburant\/"},"modified":"2026-03-25T11:25:40","modified_gmt":"2026-03-25T11:25:40","slug":"bidon-dhuile-style-europeen-5l-13-gallon-conteneur-de-carburant","status":"publish","type":"product","link":"https:\/\/isopllc.com\/fr\/product\/bidon-dhuile-style-europeen-5l-13-gallon-conteneur-de-carburant\/","title":{"rendered":"Bidon d\u2019huile style europ\u00e9en 5L | Conteneur de carburant"},"content":{"rendered":"<h3>F\u00fbt D\u2019huile Style Europ\u00e9en 5L | Conteneur De Carburant | Stockage Efficace Et Transport De Divers Carburants Liquides, Y Compris Essence, Diesel Et K\u00e9ros\u00e8ne | Choix Id\u00e9al Pour Les Activit\u00e9s En Plein Air, La Pr\u00e9paration Aux Urgences Et Les Applications Industrielles.<\/h3>\n<p data-start=\"0\" data-end=\"392\">Ce Baril \u00e0 huile de style europ\u00e9en de haute qualit\u00e9 10L | jerrican est con\u00e7u pour un stockage et un transport efficaces de divers carburants liquides, y compris l\u2019essence, le diesel et le k\u00e9ros\u00e8ne. Sa construction robuste et son design ergonomique en font un choix id\u00e9al pour les activit\u00e9s de plein air, la pr\u00e9paration aux situations d\u2019urgence et les applications industrielles.<\/p>\n<ul>\n<li>Mat\u00e9riau durable : fabriqu\u00e9 en mat\u00e9riau lourd r\u00e9sistant \u00e0 la corrosion, garantissant une durabilit\u00e9 \u00e0 long terme.<\/li>\n<li>Design portable : \u00e9quip\u00e9 d\u2019une poign\u00e9e ergonomique permettant un transport et un d\u00e9placement faciles.<\/li>\n<li>Syst\u00e8me de fermeture s\u00e9curis\u00e9 : dot\u00e9 d\u2019un bouchon \u00e9tanche avec joint en caoutchouc, assurant une fermeture herm\u00e9tique pour \u00e9viter les fuites et l\u2019\u00e9vaporation.<\/li>\n<li>Versement facile : con\u00e7u avec un large bec pour un versement fluide et contr\u00f4l\u00e9, r\u00e9duisant le risque d\u2019\u00e9claboussures et de pertes.<\/li>\n<li>Capacit\u00e9 : disponible en plusieurs tailles : 5L, 10L, 20L.<\/li>\n<\/ul>\n<p><img loading=\"lazy\" decoding=\"async\" class=\"alignnone wp-image-4995\" src=\"https:\/\/isopllc.com\/wp-content\/uploads\/European-style-oil-drum-Jerry-Can-5L-.jpeg\" alt=\"European style oil drum | Jerry Can 5L\" width=\"321\" height=\"321\" title=\"\"><\/p>\n<h4>Dimensions:<\/h4>\n<p class=\"p1\">5L: 29.5cm x 13cm x 22.5cm\u200b<br \/>\n10L: 29.5cm x 13cm x 37cm\u200b\u200b\u200b<br \/>\n20L: 34.5cm x 16.5cm x 47cm\u200b\u200b<\/p>\n<h4>Poids:<\/h4>\n<p class=\"p1\">5L: 1.25kg\u200b<br \/>\n10L: 1.6kg\u200b<br \/>\n20L: 2.4kg<\/p>\n<p><img loading=\"lazy\" decoding=\"async\" class=\"alignnone wp-image-4997\" src=\"https:\/\/isopllc.com\/wp-content\/uploads\/European-style-oil-drum-Jerry-Can-5L-3.jpg\" alt=\"Fuel Container\" width=\"322\" height=\"322\" title=\"\"><\/p>\n<h4>Consignes de s\u00e9curit\u00e9 :<\/h4>\n<ul>\n<li>Lors de la premi\u00e8re utilisation, ne nettoyez pas le jerrican avec de l\u2019eau. Il peut \u00eatre utilis\u00e9 directement.<\/li>\n<li>Rangez le jerrican dans un endroit frais et sec, \u00e0 l\u2019abri de la lumi\u00e8re directe du soleil, des sources de chaleur et des mat\u00e9riaux inflammables. Assurez-vous que l\u2019endroit soit bien ventil\u00e9.<\/li>\n<li>Manutention : Manipulez toujours le f\u00fbt avec pr\u00e9caution pour \u00e9viter les chutes ou les chocs. \u00c9vitez de tra\u00eener le f\u00fbt sur des surfaces rugueuses, car cela pourrait endommager le rev\u00eatement protecteur et compromettre son int\u00e9grit\u00e9.<\/li>\n<li>Ravitaillement : Assurez-vous que toutes les sources d\u2019ignition soient \u00e9teintes et qu\u2019il n\u2019y ait ni \u00e9tincelles ni flammes nues \u00e0 proximit\u00e9 pendant le ravitaillement. Utilisez un dispositif de mise \u00e0 la terre appropri\u00e9 pour \u00e9liminer les risques d\u2019\u00e9lectricit\u00e9 statique.<\/li>\n<\/ul>\n<p><img loading=\"lazy\" decoding=\"async\" class=\"alignnone wp-image-4998\" src=\"https:\/\/isopllc.com\/wp-content\/uploads\/European-style-oil-drum-Jerry-Can-5L-4.jpeg\" alt=\"Jerry Can\" width=\"320\" height=\"320\" title=\"\"><\/p>\n<p>Le F\u00fbt D\u2019huile Style Europ\u00e9en 5L est un conteneur de carburant compact et performant, con\u00e7u pour offrir commodit\u00e9, s\u00e9curit\u00e9 et durabilit\u00e9. Que vous stockiez de l\u2019essence pour des outils, du diesel pour de petits moteurs, ou que vous cherchiez simplement un bidon s\u00fbr et facile \u00e0 manipuler, ce f\u00fbt de 5L est le choix id\u00e9al.<\/p>\n<p>Ce bidon de 5 litres\u00a0 est fabriqu\u00e9 avec un design compact et peu encombrant, parfait pour \u00eatre transport\u00e9 dans votre voiture, bateau ou bo\u00eete \u00e0 outils. Sa taille le rend particuli\u00e8rement utile pour les besoins quotidiens, les courts trajets et le stockage de carburant d\u2019urgence.<\/p>\n<p data-start=\"402\" data-end=\"693\"><img loading=\"lazy\" decoding=\"async\" class=\"alignnone wp-image-4996\" src=\"https:\/\/isopllc.com\/wp-content\/uploads\/European-style-oil-drum-Jerry-Can-5L-2.jpg\" alt=\"Fuel Tank\" width=\"335\" height=\"335\" title=\"\"><\/p>\n<p>Fabriqu\u00e9 \u00e0 partir de mat\u00e9riaux de haute qualit\u00e9, ce conteneur de carburant offre une r\u00e9sistance exceptionnelle \u00e0 l\u2019usure, \u00e0 la corrosion et aux chocs. Le bouchon \u00e9tanche garantit une utilisation sans fuite, prot\u00e9geant ainsi vos mains et votre environnement des \u00e9claboussures ou des vapeurs.<\/p>\n<p>Inspir\u00e9 des normes europ\u00e9ennes, ce bidon combine fonctionnalit\u00e9 et design \u00e9l\u00e9gant. Il est dot\u00e9 d\u2019une large ouverture pour un remplissage rapide et d\u2019une poign\u00e9e ergonomique pour un transport facile. Le bec verseur intelligent permet un \u00e9coulement contr\u00f4l\u00e9 sans \u00e9claboussures ni gaspillage.<\/p>\n<p>Que vous soyez conducteur, campeur ou m\u00e9canicien, ce f\u00fbt d\u2019huile s\u2019int\u00e8gre parfaitement \u00e0 votre quotidien. Utilisez-le pour alimenter des \u00e9quipements de jardinage, des motos, des petits v\u00e9hicules ou des groupes \u00e9lectrog\u00e8nes. Il est \u00e9galement id\u00e9al comme r\u00e9serve de secours lors de voyages, de camping ou de coupures de courant.<\/p>\n<p>Ce f\u00fbt de style europ\u00e9en est non seulement r\u00e9utilisable, mais aussi con\u00e7u pour r\u00e9duire la perte de vapeurs et les risques environnementaux. Il respecte les normes de s\u00e9curit\u00e9 de base pour le stockage personnel de carburant et constitue une alternative \u00e9cologique aux contenants jetables.<\/p>\n<p>Gr\u00e2ce \u00e0 sa taille portable, ce bidon de 5L est parfait pour la pr\u00e9paration aux urgences. Gardez-en un dans votre coffre ou votre garage en cas de p\u00e9nurie de carburant ou d\u2019urgence sur la route.<\/p>\n<p data-start=\"2367\" data-end=\"2570\">Also available in <strong data-start=\"2617\" data-end=\"2637\"><a href=\"https:\/\/isopllc.com\/fr\/product\/bidon-dhuile-style-europeen-10l-26-gallons-bidon-de-carburant\/\">10L(2.6 gallon)<\/a> \u00a0<\/strong>and\u00a0 <strong data-start=\"2617\" data-end=\"2637\"><a href=\"https:\/\/isopllc.com\/fr\/product\/bidon-dhuile-style-europeen-20l-53-gallons-bidon-de-carburant-portable\/\">20L(5.3 gallon).<\/a><\/strong><\/p>\n","protected":false},"excerpt":{"rendered":"<p>Bidon d\u2019huile style europ\u00e9en 5L\u00a0 | Conteneur de carburant \u2013 stockage et transport efficaces de divers carburants liquides, notamment essence, diesel et k\u00e9ros\u00e8ne. Choix id\u00e9al pour les activit\u00e9s en plein air, la pr\u00e9paration aux situations d\u2019urgence et les applications industrielles.<\/p>\n<ul>\n<li>Mat\u00e9riau durable : fabriqu\u00e9 en mat\u00e9riau robuste, r\u00e9sistant \u00e0 la corrosion, garantissant une longue durabilit\u00e9.<\/li>\n<li>Design portable : \u00e9quip\u00e9 d\u2019une poign\u00e9e ergonomique pour un transport et une manipulation faciles.<\/li>\n<li>Syst\u00e8me de fermeture s\u00e9curis\u00e9 : dot\u00e9 d\u2019un bouchon \u00e9tanche avec joint en caoutchouc, assurant une fermeture herm\u00e9tique pour pr\u00e9venir les fuites et l\u2019\u00e9vaporation.<\/li>\n<li>Versement facile : con\u00e7u avec un bec large pour un versement fluide et contr\u00f4l\u00e9, r\u00e9duisant les risques d\u2019\u00e9claboussures et de gaspillage.<\/li>\n<li>Certification : conforme aux normes de s\u00e9curit\u00e9 CE et ONU.<\/li>\n<li>Capacit\u00e9 : disponible en plusieurs tailles : 5L, 10L, 20L.<\/li>\n<\/ul>\n<p>&nbsp;<\/p>\n","protected":false},"featured_media":5689,"comment_status":"open","ping_status":"closed","template":"","meta":[],"product_brand":[],"product_cat":[269],"product_tag":[],"class_list":{"0":"post-5690","1":"product","2":"type-product","3":"status-publish","4":"has-post-thumbnail","6":"product_cat-jerrycan","8":"first","9":"instock","10":"shipping-taxable","11":"purchasable","12":"product-type-simple"},"_links":{"self":[{"href":"https:\/\/isopllc.com\/fr\/wp-json\/wp\/v2\/product\/5690","targetHints":{"allow":["GET"]}}],"collection":[{"href":"https:\/\/isopllc.com\/fr\/wp-json\/wp\/v2\/product"}],"about":[{"href":"https:\/\/isopllc.com\/fr\/wp-json\/wp\/v2\/types\/product"}],"replies":[{"embeddable":true,"href":"https:\/\/isopllc.com\/fr\/wp-json\/wp\/v2\/comments?post=5690"}],"wp:featuredmedia":[{"embeddable":true,"href":"https:\/\/isopllc.com\/fr\/wp-json\/wp\/v2\/media\/5689"}],"wp:attachment":[{"href":"https:\/\/isopllc.com\/fr\/wp-json\/wp\/v2\/media?parent=5690"}],"wp:term":[{"taxonomy":"product_brand","embeddable":true,"href":"https:\/\/isopllc.com\/fr\/wp-json\/wp\/v2\/product_brand?post=5690"},{"taxonomy":"product_cat","embeddable":true,"href":"https:\/\/isopllc.com\/fr\/wp-json\/wp\/v2\/product_cat?post=5690"},{"taxonomy":"product_tag","embeddable":true,"href":"https:\/\/isopllc.com\/fr\/wp-json\/wp\/v2\/product_tag?post=5690"}],"curies":[{"name":"wp","href":"https:\/\/api.w.org\/{rel}","templated":true}]}}