{"id":5695,"date":"2025-07-30T06:48:11","date_gmt":"2025-07-30T06:48:11","guid":{"rendered":"https:\/\/isopllc.com\/fr\/product\/bidon-dhuile-style-europeen-10l-26-gallons-bidon-de-carburant\/"},"modified":"2026-03-25T11:25:33","modified_gmt":"2026-03-25T11:25:33","slug":"bidon-dhuile-style-europeen-10l-26-gallons-bidon-de-carburant","status":"publish","type":"product","link":"https:\/\/isopllc.com\/fr\/product\/bidon-dhuile-style-europeen-10l-26-gallons-bidon-de-carburant\/","title":{"rendered":"Baril d\u2019Huile Style Europ\u00e9en 10L | Bidon de Carburant"},"content":{"rendered":"<h3>Baril d\u2019Huile Style Europ\u00e9en 10L | Bidon De Carburant | Stockage Et Transport Efficaces De Divers Carburants Liquides, Notamment Essence, Diesel Et K\u00e9ros\u00e8ne | Choix Id\u00e9al Pour Les Activit\u00e9s De Plein Air, La Pr\u00e9paration Aux Urgences Et Les Applications Industrielles.<\/h3>\n<p data-start=\"0\" data-end=\"392\">Ce Baril \u00e0 huile de style europ\u00e9en de haute qualit\u00e9 10L | jerrican est con\u00e7u pour un stockage et un transport efficaces de divers carburants liquides, y compris l\u2019essence, le diesel et le k\u00e9ros\u00e8ne. Sa construction robuste et son design ergonomique en font un choix id\u00e9al pour les activit\u00e9s de plein air, la pr\u00e9paration aux situations d\u2019urgence et les applications industrielles.<\/p>\n<ul>\n<li>Mat\u00e9riau durable : fabriqu\u00e9 en mat\u00e9riau lourd r\u00e9sistant \u00e0 la corrosion, garantissant une durabilit\u00e9 \u00e0 long terme.<\/li>\n<li>Design portable : \u00e9quip\u00e9 d\u2019une poign\u00e9e ergonomique permettant un transport et un d\u00e9placement faciles.<\/li>\n<li>Syst\u00e8me de fermeture s\u00e9curis\u00e9 : dot\u00e9 d\u2019un bouchon \u00e9tanche avec joint en caoutchouc, assurant une fermeture herm\u00e9tique pour \u00e9viter les fuites et l\u2019\u00e9vaporation.<\/li>\n<li>Versement facile : con\u00e7u avec un large bec pour un versement fluide et contr\u00f4l\u00e9, r\u00e9duisant le risque d\u2019\u00e9claboussures et de pertes.<\/li>\n<li>Capacit\u00e9 : disponible en plusieurs tailles : 5L, 10L, 20L.<\/li>\n<\/ul>\n<p><img loading=\"lazy\" decoding=\"async\" class=\"alignnone wp-image-5000\" src=\"https:\/\/isopllc.com\/wp-content\/uploads\/European-style-oil-drum-Jerry-Can-10L.jpeg\" alt=\"European style oil drum 10L\" width=\"316\" height=\"316\" title=\"\"><\/p>\n<h4>Dimensions:<\/h4>\n<p class=\"p1\">5L: 29.5cm x 13cm x 22.5cm\u200b<br \/>\n10L: 29.5cm x 13cm x 37cm\u200b\u200b\u200b<br \/>\n20L: 34.5cm x 16.5cm x 47cm\u200b\u200b<\/p>\n<h4>Poids:<\/h4>\n<p class=\"p1\">5L: 1.25kg\u200b<br \/>\n10L: 1.6kg\u200b<br \/>\n20L: 2.4kg<\/p>\n<p><img loading=\"lazy\" decoding=\"async\" class=\"alignnone wp-image-5001\" src=\"https:\/\/isopllc.com\/wp-content\/uploads\/European-style-oil-drum-Jerry-Can-10L-4.jpeg\" alt=\"Portable Fuel Canister \" width=\"342\" height=\"342\" title=\"\"><\/p>\n<h4>Consignes de s\u00e9curit\u00e9 :<\/h4>\n<ul>\n<li>Lors de la premi\u00e8re utilisation, ne nettoyez pas le jerrican avec de l\u2019eau. Il peut \u00eatre utilis\u00e9 directement.<\/li>\n<li>Rangez le jerrican dans un endroit frais et sec, \u00e0 l\u2019abri de la lumi\u00e8re directe du soleil, des sources de chaleur et des mat\u00e9riaux inflammables. Assurez-vous que l\u2019endroit soit bien ventil\u00e9.<\/li>\n<li>Manutention : Manipulez toujours le f\u00fbt avec pr\u00e9caution pour \u00e9viter les chutes ou les chocs. \u00c9vitez de tra\u00eener le f\u00fbt sur des surfaces rugueuses, car cela pourrait endommager le rev\u00eatement protecteur et compromettre son int\u00e9grit\u00e9.<\/li>\n<li>Ravitaillement : Assurez-vous que toutes les sources d\u2019ignition soient \u00e9teintes et qu\u2019il n\u2019y ait ni \u00e9tincelles ni flammes nues \u00e0 proximit\u00e9 pendant le ravitaillement. Utilisez un dispositif de mise \u00e0 la terre appropri\u00e9 pour \u00e9liminer les risques d\u2019\u00e9lectricit\u00e9 statique.<\/li>\n<\/ul>\n<p><img loading=\"lazy\" decoding=\"async\" class=\"alignnone wp-image-5003\" src=\"https:\/\/isopllc.com\/wp-content\/uploads\/European-style-oil-drum-Jerry-Can-10L-2.jpeg\" alt=\"Portable Fuel Can\" width=\"325\" height=\"325\" title=\"\"><\/p>\n<p>Le Baril D\u2019huile Style Europ\u00e9en 10L est un bidon de carburant compact, l\u00e9ger et efficace, con\u00e7u pour les utilisateurs qui ont besoin d\u2019une solution pratique pour stocker et transporter de petites quantit\u00e9s de carburant. Avec une capacit\u00e9 de 10 litres, ce r\u00e9cipient est parfait pour un usage quotidien comme pour les situations d\u2019urgence.<\/p>\n<p>Inspir\u00e9 par les normes europ\u00e9ennes d\u2019utilit\u00e9, ce baril d\u2019huile pr\u00e9sente une structure horizontale et peu encombrante qui s\u2019adapte facilement aux coffres de voiture, aux bo\u00eetes \u00e0 outils ou aux \u00e9tag\u00e8res de rangement. Son design ergonomique garantit une portabilit\u00e9 maximale tout en offrant une durabilit\u00e9 exceptionnelle ainsi qu\u2019une grande r\u00e9sistance aux chocs, \u00e0 la corrosion et au contact avec les carburants.<\/p>\n<p>Que vous stockiez de l\u2019essence, du diesel, du p\u00e9trole, du k\u00e9ros\u00e8ne ou de l\u2019huile moteur, ce bidon de carburant convient \u00e0 tous ces usages. Il est id\u00e9al pour les motos, bateaux, tondeuses \u00e0 gazon, g\u00e9n\u00e9rateurs ou comme r\u00e9serve d\u2019urgence lors de vos d\u00e9placements. Le bouchon \u00e0 vis s\u00e9curis\u00e9 et l\u2019\u00e9tanch\u00e9it\u00e9 garantissent que le carburant reste parfaitement contenu.<\/p>\n<p>Fabriqu\u00e9 \u00e0 partir de mat\u00e9riaux de haute qualit\u00e9, ce r\u00e9cipient portable est con\u00e7u pour durer. Il r\u00e9siste aux bosses, \u00e0 la rouille et aux agressions chimiques. Sa structure stable et renforc\u00e9e assure qu\u2019il reste en place pendant le transport.<\/p>\n<p>Le bidon est \u00e9quip\u00e9 d\u2019une poign\u00e9e ergonomique pour une meilleure prise en main et une manipulation s\u00e9curis\u00e9e. Le bec verseur permet un \u00e9coulement fluide et contr\u00f4l\u00e9 du carburant, minimisant ainsi les \u00e9claboussures et les pertes. Il est id\u00e9al pour les m\u00e9caniciens professionnels, les particuliers, les amateurs de plein air ou toute personne n\u00e9cessitant un transport fiable de carburant.<\/p>\n<p>Ce f\u00fbt de stockage de carburant respecte les normes de s\u00e9curit\u00e9 europ\u00e9ennes et est con\u00e7u avec un syst\u00e8me d\u2019\u00e9tanch\u00e9it\u00e9 et de ventilation s\u00e9curis\u00e9 pour \u00e9viter toute accumulation de pression. C\u2019est une excellente option pour un usage personnel, commercial ou dans le cadre d\u2019un kit de pr\u00e9paration aux urgences.<\/p>\n<p>Gr\u00e2ce \u00e0 sa taille maniable de 10L et \u00e0 sa forme horizontale, ce f\u00fbt d\u2019huile est extr\u00eamement pratique pour les voyages. Il est indispensable pour les road trips, les excursions tout-terrain, le camping et la navigation de plaisance. Compact mais efficace, il vous offre une tranquillit\u00e9 d\u2019esprit o\u00f9 que vous soyez.<\/p>\n<p>Also available in <strong data-start=\"2617\" data-end=\"2637\"><a href=\"https:\/\/isopllc.com\/fr\/product\/bidon-dhuile-style-europeen-5l-13-gallon-conteneur-de-carburant\/\">5L(1.3 gallon)<\/a> \u00a0<\/strong>and\u00a0 <strong data-start=\"2617\" data-end=\"2637\"><a href=\"https:\/\/isopllc.com\/fr\/product\/bidon-dhuile-style-europeen-20l-53-gallons-bidon-de-carburant-portable\/\">20L(5.3 gallon).<\/a><\/strong><\/p>\n","protected":false},"excerpt":{"rendered":"<p>Baril d\u2019huile style europ\u00e9en 10L | Bidon de carburant \u2013 stockage et transport efficaces de divers carburants liquides, notamment essence, diesel et k\u00e9ros\u00e8ne. Choix id\u00e9al pour les activit\u00e9s en plein air, la pr\u00e9paration aux situations d\u2019urgence et les applications industrielles.<\/p>\n<ul>\n<li>Mat\u00e9riau durable : fabriqu\u00e9 en mat\u00e9riau robuste, r\u00e9sistant \u00e0 la corrosion, garantissant une longue durabilit\u00e9.<\/li>\n<li>Design portable : \u00e9quip\u00e9 d\u2019une poign\u00e9e ergonomique pour un transport et une manipulation faciles.<\/li>\n<li>Syst\u00e8me de fermeture s\u00e9curis\u00e9 : dot\u00e9 d\u2019un bouchon \u00e9tanche avec joint en caoutchouc, assurant une fermeture herm\u00e9tique pour pr\u00e9venir les fuites et l\u2019\u00e9vaporation.<\/li>\n<li>Versement facile : con\u00e7u avec un bec large pour un versement fluide et contr\u00f4l\u00e9, r\u00e9duisant les risques d\u2019\u00e9claboussures et de gaspillage.<\/li>\n<li>Certification : conforme aux normes de s\u00e9curit\u00e9 CE et ONU.<\/li>\n<li>Capacit\u00e9 : disponible en plusieurs tailles : 5L, 10L, 20L.<\/li>\n<\/ul>\n<p>&nbsp;<\/p>\n","protected":false},"featured_media":5694,"comment_status":"open","ping_status":"closed","template":"","meta":[],"product_brand":[],"product_cat":[269],"product_tag":[],"class_list":{"0":"post-5695","1":"product","2":"type-product","3":"status-publish","4":"has-post-thumbnail","6":"product_cat-jerrycan","8":"first","9":"instock","10":"shipping-taxable","11":"purchasable","12":"product-type-simple"},"_links":{"self":[{"href":"https:\/\/isopllc.com\/fr\/wp-json\/wp\/v2\/product\/5695","targetHints":{"allow":["GET"]}}],"collection":[{"href":"https:\/\/isopllc.com\/fr\/wp-json\/wp\/v2\/product"}],"about":[{"href":"https:\/\/isopllc.com\/fr\/wp-json\/wp\/v2\/types\/product"}],"replies":[{"embeddable":true,"href":"https:\/\/isopllc.com\/fr\/wp-json\/wp\/v2\/comments?post=5695"}],"wp:featuredmedia":[{"embeddable":true,"href":"https:\/\/isopllc.com\/fr\/wp-json\/wp\/v2\/media\/5694"}],"wp:attachment":[{"href":"https:\/\/isopllc.com\/fr\/wp-json\/wp\/v2\/media?parent=5695"}],"wp:term":[{"taxonomy":"product_brand","embeddable":true,"href":"https:\/\/isopllc.com\/fr\/wp-json\/wp\/v2\/product_brand?post=5695"},{"taxonomy":"product_cat","embeddable":true,"href":"https:\/\/isopllc.com\/fr\/wp-json\/wp\/v2\/product_cat?post=5695"},{"taxonomy":"product_tag","embeddable":true,"href":"https:\/\/isopllc.com\/fr\/wp-json\/wp\/v2\/product_tag?post=5695"}],"curies":[{"name":"wp","href":"https:\/\/api.w.org\/{rel}","templated":true}]}}