{"id":5702,"date":"2025-07-30T06:48:20","date_gmt":"2025-07-30T06:48:20","guid":{"rendered":"https:\/\/isopllc.com\/fr\/product\/bidon-horizontal-5l-13-gallon-bidon-portable-jerrycan-de-carburant\/"},"modified":"2026-03-25T11:27:06","modified_gmt":"2026-03-25T11:27:06","slug":"bidon-horizontal-5l-13-gallon-bidon-portable-jerrycan-de-carburant","status":"publish","type":"product","link":"https:\/\/isopllc.com\/fr\/product\/bidon-horizontal-5l-13-gallon-bidon-portable-jerrycan-de-carburant\/","title":{"rendered":"Bidon Horizontal 5L | Bidon de Carburant Durable | Jerrycan"},"content":{"rendered":"<article class=\"text-token-text-primary w-full\" dir=\"auto\" data-testid=\"conversation-turn-28\" data-scroll-anchor=\"true\">\n<div class=\"text-base my-auto mx-auto pb-10 [--thread-content-margin:--spacing(4)] @[37rem]:[--thread-content-margin:--spacing(6)] @[72rem]:[--thread-content-margin:--spacing(16)] px-(--thread-content-margin)\">\n<div class=\"[--thread-content-max-width:32rem] @[34rem]:[--thread-content-max-width:40rem] @[64rem]:[--thread-content-max-width:48rem] mx-auto max-w-(--thread-content-max-width) flex-1 group\/turn-messages focus-visible:outline-hidden relative flex w-full min-w-0 flex-col agent-turn\" tabindex=\"-1\">\n<div class=\"flex max-w-full flex-col grow\">\n<div class=\"min-h-8 text-message relative flex w-full flex-col items-end gap-2 text-start break-words whitespace-normal [.text-message+&amp;]:mt-5\" dir=\"auto\" data-message-author-role=\"assistant\" data-message-id=\"e57bf3dc-823f-4247-bca2-b13a9bc1bfdc\" data-message-model-slug=\"gpt-4-1-mini\">\n<div class=\"flex w-full flex-col gap-1 empty:hidden first:pt-[3px]\">\n<div class=\"markdown prose dark:prose-invert w-full break-words light\">\n<h3 data-start=\"48\" data-end=\"189\">Bidon horizontal 5L\u00a0 | Bidon de Carburant Durable et Portable pour un Stockage s\u00fbr et un Transport Facile de l\u2019Essence, du Diesel et de l\u2019Huile<\/h3>\n<\/div>\n<\/div>\n<\/div>\n<\/div>\n<\/div>\n<\/div>\n<\/article>\n<p>Ce bidon horizontal de haute qualit\u00e9 de 5L est con\u00e7u pour un stockage et un transport efficaces de divers carburants liquides, notamment l\u2019essence, le diesel et le k\u00e9ros\u00e8ne. Sa construction robuste et son design ergonomique en font un choix id\u00e9al pour les activit\u00e9s de plein air, la pr\u00e9paration aux situations d\u2019urgence et les applications industrielles.<\/p>\n<ul>\n<li data-start=\"549\" data-end=\"1134\">Mat\u00e9riau durable : fabriqu\u00e9 en mat\u00e9riau robuste et r\u00e9sistant \u00e0 la corrosion, garantissant une durabilit\u00e9 \u00e0 long terme<\/li>\n<li>Design portable : \u00e9quip\u00e9 d\u2019une poign\u00e9e ergonomique permettant un transport et un d\u00e9placement faciles.<\/li>\n<li>Syst\u00e8me de fermeture s\u00e9curis\u00e9 : dot\u00e9 d\u2019un bouchon \u00e9tanche avec joint en caoutchouc, assurant une fermeture herm\u00e9tique pour \u00e9viter les fuites et l\u2019\u00e9vaporation.<\/li>\n<li data-start=\"549\" data-end=\"1134\">Versement facile : con\u00e7u avec un bec large pour un versement fluide et contr\u00f4l\u00e9, r\u00e9duisant les risques d\u2019\u00e9claboussures et de gaspillage.<\/li>\n<li data-start=\"549\" data-end=\"1134\">Capacit\u00e9 : disponible en plusieurs tailles : 5L, 10L, 20L.<img loading=\"lazy\" decoding=\"async\" class=\"alignnone wp-image-5012\" src=\"https:\/\/isopllc.com\/wp-content\/uploads\/Horizontal-Oil-Drum-5L-7.jpeg\" alt=\"fuel jug\" width=\"294\" height=\"294\" title=\"\"><\/li>\n<\/ul>\n<h4>Dimensions:<\/h4>\n<p class=\"p1\">5L: 41cm x 24cm x 16.5cm\u200b<br \/>\n10L: 41cm x 24cm x 21.5cm\u200b\u200b\u200b<br \/>\n20L: 41cm x 29cm x 26cm\u200b\u200b\u200b<\/p>\n<h4>Poids :<\/h4>\n<p class=\"p1\">5L: 1.8kg\u200b<br \/>\n10L: 2kg\u200b<br \/>\n20L: 2.5kg<\/p>\n<p><img loading=\"lazy\" decoding=\"async\" class=\"alignnone wp-image-5017\" src=\"https:\/\/isopllc.com\/wp-content\/uploads\/Horizontal-Oil-Drum-5L-9-1.jpeg\" alt=\"Horizontal Oil Drum 5L\" width=\"306\" height=\"306\" title=\"\"><\/p>\n<h4>Pr\u00e9cautions de s\u00e9curit\u00e9 :<\/h4>\n<ul>\n<li>Pour la premi\u00e8re utilisation, ne nettoyez pas le jerrican avec de l\u2019eau. Il peut \u00eatre utilis\u00e9 directement.<\/li>\n<li>Rangez le jerrican dans un endroit frais et sec, \u00e0 l\u2019abri de la lumi\u00e8re directe du soleil, des sources de chaleur et des mat\u00e9riaux inflammables. Assurez-vous que la zone est bien ventil\u00e9e.<\/li>\n<li>Manipulation : Manipulez toujours le bidon avec pr\u00e9caution afin d\u2019\u00e9viter les chutes ou les chocs. \u00c9vitez de le tra\u00eener sur des surfaces rugueuses, car cela pourrait endommager le rev\u00eatement protecteur et compromettre son int\u00e9grit\u00e9.<\/li>\n<li>Ravitaillement : Assurez-vous que toutes les sources d\u2019ignition sont \u00e9teintes et qu\u2019il n\u2019y a pas d\u2019\u00e9tincelles ou de flammes nues \u00e0 proximit\u00e9 pendant le ravitaillement. Utilisez un dispositif de mise \u00e0 la terre appropri\u00e9 pour \u00e9liminer les risques d\u2019\u00e9lectricit\u00e9 statique.<\/li>\n<\/ul>\n<p><img loading=\"lazy\" decoding=\"async\" class=\"alignnone wp-image-5008\" src=\"https:\/\/isopllc.com\/wp-content\/uploads\/Horizontal-Oil-Drum-5L-4.jpeg\" alt=\"Horizontal Oil Drum 5L\" width=\"328\" height=\"328\" title=\"\"><\/p>\n<h4>Compact et Portable<\/h4>\n<p data-start=\"21\" data-end=\"316\">Le bidon horizontal 5L (1,3 gallon) est con\u00e7u pour ceux qui recherchent une solution compacte et efficace pour le stockage et le transport de carburant. Ce bidon combine la durabilit\u00e9 traditionnelle d\u2019un f\u00fbt \u00e0 huile avec un design moderne et portable, parfaitement adapt\u00e9 aux espaces restreints.<\/p>\n<p data-start=\"318\" data-end=\"657\">Id\u00e9al pour transporter en toute s\u00e9curit\u00e9 de l\u2019essence, du diesel ou d\u2019autres carburants, ce r\u00e9cipient offre une manipulation facile gr\u00e2ce \u00e0 sa forme horizontale et sa poign\u00e9e ergonomique. Que vous partiez en activit\u00e9 ext\u00e9rieure ou ayez besoin d\u2019un stockage fiable pour votre \u00e9quipement, ce bidon allie parfaitement capacit\u00e9 et portabilit\u00e9.<\/p>\n<p data-start=\"659\" data-end=\"915\" data-is-last-node=\"\" data-is-only-node=\"\">Con\u00e7u pour r\u00e9sister aux conditions difficiles, ce f\u00fbt \u00e0 carburant est un incontournable pour toute r\u00e9serve d\u2019urgence ou usage quotidien. Son bouchon s\u00e9curis\u00e9 emp\u00eache les fuites, en faisant un choix fiable pour les professionnels comme pour les aventuriers<\/p>\n<p data-start=\"812\" data-end=\"1033\"><img loading=\"lazy\" decoding=\"async\" class=\"alignnone wp-image-5010\" src=\"https:\/\/isopllc.com\/wp-content\/uploads\/Horizontal-Oil-Drum-5L-5.jpeg\" alt=\"oil can\" width=\"304\" height=\"304\" title=\"\"><\/p>\n<p data-start=\"0\" data-end=\"278\">Le bidon horizontal 5L est un r\u00e9cipient \u00e0 carburant fiable et portable, con\u00e7u pour un stockage et un transport faciles de l\u2019essence, du diesel ou d\u2019autres carburants. Sa taille compacte en fait un contenant id\u00e9al, \u00e0 la fois pour un usage personnel et professionnel.<\/p>\n<p data-start=\"280\" data-end=\"745\">Fabriqu\u00e9 \u00e0 partir de mat\u00e9riaux durables, ce f\u00fbt \u00e0 essence et ce bidon \u00e0 diesel garantissent un stockage s\u00fbr du carburant sans fuites ni d\u00e9versements. Sa conception horizontale assure une stabilit\u00e9 optimale lors du transport tout en \u00e9conomisant de l\u2019espace dans votre v\u00e9hicule ou garage. Que vous ayez besoin d\u2019un bidon pratique pour ravitailler votre \u00e9quipement ou d\u2019un stockage s\u00e9curis\u00e9 pour les situations d\u2019urgence, ce r\u00e9cipient offre une solution fonctionnelle.<\/p>\n<p data-start=\"747\" data-end=\"1001\">L\u00e9ger mais robuste, ce contenant est parfait pour les aventures en plein air, les ateliers ou tout autre contexte n\u00e9cessitant un acc\u00e8s fiable au carburant. Son bouchon s\u00e9curis\u00e9 et sa poign\u00e9e ergonomique facilitent le versement du carburant sans d\u00e9sordre.<\/p>\n<p data-start=\"1003\" data-end=\"1120\" data-is-last-node=\"\" data-is-only-node=\"\">Choisissez le bidon horizontal 5L (1,3 gallon) pour un stockage s\u00fbr, efficace et portable du carburant \u00e0 tout moment.<\/p>\n<p data-start=\"1014\" data-end=\"1121\">Aussi disponible en tailles\u00a0\u00a0 <a href=\"https:\/\/isopllc.com\/fr\/product\/bidon-horizontal-10l-26-gallons-jerrycan-de-carburant-bidon-portable\/\"><strong>10L<\/strong><\/a>\u00a0 et\u00a0 <a href=\"https:\/\/isopllc.com\/fr\/product\/bidon-horizontal-20l-53-gallons-jerrycan-de-carburant-conteneur-portable\/\"><strong>20L<\/strong><\/a><\/p>\n","protected":false},"excerpt":{"rendered":"<p>Bidon horizontal 5L (1,3 gallon) | Jerrycan de carburant \u2013 stockage et transport efficaces de divers carburants liquides, notamment essence, diesel et k\u00e9ros\u00e8ne. Choix id\u00e9al pour les activit\u00e9s en plein air, la pr\u00e9paration aux situations d\u2019urgence et les applications industrielles.<\/p>\n<ul>\n<li>Mat\u00e9riau durable : fabriqu\u00e9 en mat\u00e9riau robuste, r\u00e9sistant \u00e0 la corrosion, garantissant une longue durabilit\u00e9.<\/li>\n<li>Design portable : \u00e9quip\u00e9 d\u2019une poign\u00e9e ergonomique pour un transport et une manipulation faciles.<\/li>\n<li>Syst\u00e8me de fermeture s\u00e9curis\u00e9 : dot\u00e9 d\u2019un bouchon \u00e9tanche avec joint en caoutchouc, assurant une fermeture herm\u00e9tique pour pr\u00e9venir les fuites et l\u2019\u00e9vaporation.<\/li>\n<li>Versement facile : con\u00e7u avec un bec large pour un versement fluide et contr\u00f4l\u00e9, r\u00e9duisant les risques d\u2019\u00e9claboussures et de gaspillage.<\/li>\n<li>Certification : conforme aux normes de s\u00e9curit\u00e9 CE et ONU.<\/li>\n<li>Capacit\u00e9 : disponible en plusieurs tailles : 5L, 10L, 20L.<\/li>\n<\/ul>\n<p>&nbsp;<\/p>\n","protected":false},"featured_media":5701,"comment_status":"open","ping_status":"closed","template":"","meta":[],"product_brand":[],"product_cat":[269],"product_tag":[],"class_list":{"0":"post-5702","1":"product","2":"type-product","3":"status-publish","4":"has-post-thumbnail","6":"product_cat-jerrycan","8":"first","9":"instock","10":"shipping-taxable","11":"purchasable","12":"product-type-variable"},"_links":{"self":[{"href":"https:\/\/isopllc.com\/fr\/wp-json\/wp\/v2\/product\/5702","targetHints":{"allow":["GET"]}}],"collection":[{"href":"https:\/\/isopllc.com\/fr\/wp-json\/wp\/v2\/product"}],"about":[{"href":"https:\/\/isopllc.com\/fr\/wp-json\/wp\/v2\/types\/product"}],"replies":[{"embeddable":true,"href":"https:\/\/isopllc.com\/fr\/wp-json\/wp\/v2\/comments?post=5702"}],"wp:featuredmedia":[{"embeddable":true,"href":"https:\/\/isopllc.com\/fr\/wp-json\/wp\/v2\/media\/5701"}],"wp:attachment":[{"href":"https:\/\/isopllc.com\/fr\/wp-json\/wp\/v2\/media?parent=5702"}],"wp:term":[{"taxonomy":"product_brand","embeddable":true,"href":"https:\/\/isopllc.com\/fr\/wp-json\/wp\/v2\/product_brand?post=5702"},{"taxonomy":"product_cat","embeddable":true,"href":"https:\/\/isopllc.com\/fr\/wp-json\/wp\/v2\/product_cat?post=5702"},{"taxonomy":"product_tag","embeddable":true,"href":"https:\/\/isopllc.com\/fr\/wp-json\/wp\/v2\/product_tag?post=5702"}],"curies":[{"name":"wp","href":"https:\/\/api.w.org\/{rel}","templated":true}]}}