{"id":1053,"date":"2020-01-20T08:08:26","date_gmt":"2020-01-20T08:08:26","guid":{"rendered":"https:\/\/rightfoodonly.com\/?post_type=product&#038;p=1053"},"modified":"2025-06-30T18:00:05","modified_gmt":"2025-06-30T18:00:05","slug":"scala-di-emergenza-antincendio-a-3-piani","status":"publish","type":"product","link":"https:\/\/isopllc.com\/it\/product\/scala-di-emergenza-antincendio-a-3-piani\/","title":{"rendered":"ISOP Scala antincendio di emergenza a 3 piani | 7,5 m"},"content":{"rendered":"<p><img loading=\"lazy\" decoding=\"async\" style=\"font-size: 16px;\" src=\"https:\/\/m.media-amazon.com\/images\/S\/aplus-media\/sc\/21a3f03b-829f-4554-b494-34215adbd6c9.__CR0,724,2000,619_PT0_SX970_V1___.jpg\" alt=\"\" width=\"970\" height=\"300\" title=\"\"><\/p>\n<h2 id=\"title\" class=\"a-size-large a-spacing-none\" style=\"text-align: center;\"><span id=\"productTitle\" class=\"a-size-large product-title-word-break\">ISOP Scala antincendio di emergenza a 3 piani | 7,5 m Scala di corda di sicurezza con moschettoni | Veloce da implementare e facile da usare | Compatto e facile da riporre &#8211; Capacit\u00e0 di peso fino a 900 kg<\/span><\/h2>\n<div class=\"celwidget aplus-module module-9\" style=\"text-align: center;\" data-csa-c-id=\"8qdekw-f2p4k0-r9icce-qoj6p0\" data-cel-widget=\"aplus-module-9\">\n<div class=\"a-expander-collapsed-height a-row a-expander-container a-expander-partial-collapse-container\" data-a-expander-name=\"aplus-module-expander\" data-a-expander-collapsed-height=\"700\">\n<div class=\"a-expander-content a-expander-partial-collapse-content\">\n<div class=\"aplus-module-wrapper\">\n<div class=\"apm-spacing apm-fixed-width\">\n<div class=\"celwidget aplus-module module-9\" style=\"text-align: center;\" data-csa-c-id=\"8qdekw-f2p4k0-r9icce-qoj6p0\" data-cel-widget=\"aplus-module-9\">\n<div class=\"a-expander-collapsed-height a-row a-expander-container a-expander-partial-collapse-container\" data-a-expander-name=\"aplus-module-expander\" data-a-expander-collapsed-height=\"700\">\n<div class=\"a-expander-content a-expander-partial-collapse-content\">\n<div class=\"aplus-module-wrapper\">\n<div class=\"apm-spacing apm-fixed-width\">\n<h3 class=\"a-spacing-small\">Perch\u00e9 scegliere noi?<\/h3>\n<div class=\"apm-sidemodule-imageleft\"><img decoding=\"async\" class=\"aligncenter\" src=\"https:\/\/m.media-amazon.com\/images\/S\/aplus-media-library-service-media\/3217fc67-3649-4fc5-8067-00f8bfd97d1b.__CR0,0,300,300_PT0_SX300_V1___.jpg\" alt=\"Perch\u00e9 scegliere noi?\" data-src=\"https:\/\/m.media-amazon.com\/images\/S\/aplus-media-library-service-media\/3217fc67-3649-4fc5-8067-00f8bfd97d1b.__CR0,0,300,300_PT0_SX300_V1___.jpg\" data- title=\"\"><\/div>\n<div><\/div>\n<div class=\"apm-sidemodule-textright\">\n<p>Questa scala di evacuazione di emergenza \u00e8 progettata per comodit\u00e0 e accessibilit\u00e0.<\/p>\n<p><strong><span class=\"a-text-bold\">Tecnologia riflettente brevettata.<\/span><\/strong><\/p>\n<p>Una speciale striscia riflettente intrecciata in queste corde di nylon le rende facilmente visibili nel fascio di luce della torcia in modo da non inciampare su di esse di notte.<\/p>\n<\/div>\n<p><img decoding=\"async\" class=\"a-spacing-mini aligncenter\" src=\"https:\/\/m.media-amazon.com\/images\/S\/aplus-media\/sc\/1d1c9f11-8b81-43e1-b2d9-232d2a154745.__CR0,193,641,641_PT0_SX300_V1___.jpg\" alt=\"Sturdy\" data-src=\"https:\/\/m.media-amazon.com\/images\/S\/aplus-media\/sc\/1d1c9f11-8b81-43e1-b2d9-232d2a154745.__CR0,193,641,641_PT0_SX300_V1___.jpg\" data- title=\"\"><\/p>\n<h4 class=\"a-spacing-mini\">ULTRA potente<\/h4>\n<p>non esistono scale pi\u00f9 resistenti e affidabili delle nostre,\u00a0<span class=\"a-text-bold\">collaudate (!)<\/span>\u00a0&#8211; portanti 900 kg o 10 persone! Anche le scale a catena non possono vantare questa capacit\u00e0 di carico.<\/p>\n<p><img decoding=\"async\" class=\"a-spacing-mini aligncenter\" src=\"https:\/\/m.media-amazon.com\/images\/S\/aplus-media\/sc\/66906d66-df90-4038-8550-d72faf80c38f.__CR0,0,1200,1200_PT0_SX300_V1___.jpg\" alt=\"Multifunction\" data-src=\"https:\/\/m.media-amazon.com\/images\/S\/aplus-media\/sc\/66906d66-df90-4038-8550-d72faf80c38f.__CR0,0,1200,1200_PT0_SX300_V1___.jpg\" data- title=\"\"><\/p>\n<h4 class=\"a-spacing-mini\">Multifunzione<\/h4>\n<p>pu\u00f2 essere utilizzato per vari scopi come parco giochi, altalene, casa sull&#8217;albero, soffitta, giardino, tetto, soppalco, bunker, marina e persino scopi decorativi. Infinita variet\u00e0 di opzioni di utilizzo<span style=\"font-size: 16px;\">.<\/span><\/p>\n<p><img decoding=\"async\" class=\"a-spacing-mini aligncenter\" src=\"https:\/\/m.media-amazon.com\/images\/S\/aplus-media\/sc\/a53251f8-492d-40f3-a9db-2bdd1415646f.__CR1018,0,1260,1260_PT0_SX300_V1___.png\" alt=\"anti-slip\" data-src=\"https:\/\/m.media-amazon.com\/images\/S\/aplus-media\/sc\/a53251f8-492d-40f3-a9db-2bdd1415646f.__CR1018,0,1260,1260_PT0_SX300_V1___.png\" data- title=\"\"><\/p>\n<h4 class=\"a-spacing-mini\">Pioli antiscivolo<\/h4>\n<p>i pioli hanno una forma ottagonale, quindi sono affidabili e non scivolosi<span style=\"font-size: 16px;\">.<\/span><\/p>\n<p><img decoding=\"async\" class=\"aligncenter\" src=\"https:\/\/m.media-amazon.com\/images\/S\/aplus-media\/sc\/2b5aeb68-441e-435d-b89c-5d2faf4eb063.__CR0,0,1000,1000_PT0_SX220_V1___.jpg\" alt=\"Portable\" data-src=\"https:\/\/m.media-amazon.com\/images\/S\/aplus-media\/sc\/2b5aeb68-441e-435d-b89c-5d2faf4eb063.__CR0,0,1000,1000_PT0_SX220_V1___.jpg\" data- title=\"\"><\/p>\n<\/div>\n<div>\n<h4 class=\"a-spacing-mini\">Portatile<\/h4>\n<p class=\"a-size-small\">viene fornito con una bella borsa nera progettata. La scala \u00e8 facile da trasportare ovunque in una borsa. Include una confezione regalo in colore legno naturale<span style=\"font-size: 16px;\">.<\/span><\/p>\n<p><img decoding=\"async\" class=\"aligncenter\" src=\"https:\/\/m.media-amazon.com\/images\/S\/aplus-media\/sc\/f2e8fc4d-adcb-4ad8-87e7-2d18df74811d.__CR0,13,974,974_PT0_SX220_V1___.jpg\" alt=\"Lightweight\" data-src=\"https:\/\/m.media-amazon.com\/images\/S\/aplus-media\/sc\/f2e8fc4d-adcb-4ad8-87e7-2d18df74811d.__CR0,13,974,974_PT0_SX220_V1___.jpg\" data- title=\"\"><\/p>\n<\/div>\n<\/div>\n<\/div>\n<div>\n<h4 class=\"a-spacing-mini\">Leggera<\/h4>\n<p class=\"a-size-small\">per esempio, 2,5 m pesa solo 1,8 kg<\/p>\n<p><img decoding=\"async\" class=\"aligncenter\" src=\"https:\/\/m.media-amazon.com\/images\/S\/aplus-media\/sc\/0552c400-f2fc-46a1-84a9-d5030a1ca8e2.__CR0,0,1000,1000_PT0_SX220_V1___.jpg\" alt=\"Weather resistant\" data-src=\"https:\/\/m.media-amazon.com\/images\/S\/aplus-media\/sc\/0552c400-f2fc-46a1-84a9-d5030a1ca8e2.__CR0,0,1000,1000_PT0_SX220_V1___.jpg\" data- title=\"\"><\/p>\n<h4 class=\"a-spacing-mini\">Resistente agli agenti atmosferici<\/h4>\n<p class=\"a-size-small\">scale quasi mai invecchiate per qualsiasi tempo, non possono essere danneggiate dalla pioggia<span style=\"font-size: 16px;\">.<\/span><\/p>\n<p><img decoding=\"async\" class=\"aligncenter\" src=\"https:\/\/m.media-amazon.com\/images\/S\/aplus-media\/sc\/14916db8-10a6-4760-8535-f49470d709ad.__CR11,0,1189,1189_PT0_SX220_V1___.jpg\" alt=\"Heavy duty carabiners\" data-src=\"https:\/\/m.media-amazon.com\/images\/S\/aplus-media\/sc\/14916db8-10a6-4760-8535-f49470d709ad.__CR11,0,1189,1189_PT0_SX220_V1___.jpg\" data- title=\"\"><\/p>\n<h4 class=\"a-spacing-mini\">Moschettoni resistenti<\/h4>\n<p class=\"a-size-small\">le scale includono moschettoni cromati con resistenza alla rottura 11KN<\/p>\n<\/div>\n<\/div>\n<\/div>\n<div class=\"celwidget aplus-module module-4\" style=\"text-align: center;\" data-csa-c-id=\"r0jyvc-byof08-6y9606-vmksqx\" data-cel-widget=\"aplus-module-4\">\n<div class=\"a-expander-collapsed-height a-row a-expander-container a-expander-partial-collapse-container\" data-a-expander-name=\"aplus-module-expander\" data-a-expander-collapsed-height=\"700\">\n<div class=\"a-expander-content a-expander-partial-collapse-content\">\n<div class=\"aplus-module-wrapper\">\n<div class=\"apm-spacing\">\n<div class=\"apm-floatleft apm-fixed-width\">\n<div class=\"apm-spacing\"><img decoding=\"async\" class=\"a-spacing-mini aligncenter\" src=\"https:\/\/m.media-amazon.com\/images\/S\/aplus-media\/sc\/eebfdeb6-a881-47d1-a2d7-3677df2e925c.__CR521,0,1333,1333_PT0_SX300_V1___.jpg\" alt=\"ladder with carabiners\" data-src=\"https:\/\/m.media-amazon.com\/images\/S\/aplus-media\/sc\/eebfdeb6-a881-47d1-a2d7-3677df2e925c.__CR521,0,1333,1333_PT0_SX300_V1___.jpg\" data- title=\"\"><\/div>\n<div><\/div>\n<\/div>\n<\/div>\n<\/div>\n<div>\n<h4 class=\"a-spacing-mini\">Ignifugo<\/h4>\n<p>special non-combustible composition of fibers allows the ladder withstand a fire for some time, but still we do not recommend using it in direct fire<span style=\"font-size: 16px;\">.<\/span><\/p>\n<p><img decoding=\"async\" class=\"a-spacing-mini aligncenter\" src=\"https:\/\/m.media-amazon.com\/images\/S\/aplus-media\/sc\/d843778e-92b5-40e7-a239-8e35fcbadff6.__CR0,0,2000,2000_PT0_SX300_V1___.jpg\" alt=\"Different length\" data-src=\"https:\/\/m.media-amazon.com\/images\/S\/aplus-media\/sc\/d843778e-92b5-40e7-a239-8e35fcbadff6.__CR0,0,2000,2000_PT0_SX300_V1___.jpg\" data- title=\"\"><\/p>\n<h4 class=\"a-spacing-mini\">Lunghezza diversa<\/h4>\n<p>disponibile 2,5 \/ 4\/5 \/ 7,5 \/ 10 m per case da 1 a 4 piani<span style=\"font-size: 16px;\">.<\/span><\/p>\n<p><img decoding=\"async\" class=\"a-spacing-mini aligncenter\" src=\"https:\/\/m.media-amazon.com\/images\/S\/aplus-media\/sc\/b32fbb7f-dd3b-4bce-a9d4-1f51dbe477df.__CR0,0,1000,1000_PT0_SX300_V1___.jpg\" alt=\"reusable\" data-src=\"https:\/\/m.media-amazon.com\/images\/S\/aplus-media\/sc\/b32fbb7f-dd3b-4bce-a9d4-1f51dbe477df.__CR0,0,1000,1000_PT0_SX300_V1___.jpg\" data- title=\"\"><\/p>\n<h4 class=\"a-spacing-mini\">Riutilizzabile<\/h4>\n<p>a differenza di altre scale in alluminio, le nostre scale in corda sono riutilizzabili<span style=\"font-size: 16px;\">.<\/span><\/p>\n<\/div>\n<\/div>\n<\/div>\n<\/div>\n<\/div>\n<\/div>\n<\/div>\n<\/div>\n<\/div>\n<div class=\"celwidget aplus-module module-2\" data-csa-c-id=\"natz8u-fpdgqh-3o4hqm-4hr1km\" data-cel-widget=\"aplus-module-2\">\n<div class=\"a-expander-collapsed-height a-row a-expander-container a-expander-partial-collapse-container\" data-a-expander-name=\"aplus-module-expander\" data-a-expander-collapsed-height=\"700\">\n<div class=\"a-expander-content a-expander-partial-collapse-content\">\n<div class=\"aplus-module-wrapper apm-floatnone\">\n<div class=\"apm-sidemodule apm-spacing\">\n<div class=\"apm-sidemodule-imageleft\" style=\"text-align: center;\"><img decoding=\"async\" class=\"aligncenter\" src=\"https:\/\/m.media-amazon.com\/images\/S\/aplus-media\/sc\/fa263336-bda8-42e1-8872-40df9f912f96.__CR0,0,1000,1000_PT0_SX300_V1___.jpg\" alt=\"ladder\" data-src=\"https:\/\/m.media-amazon.com\/images\/S\/aplus-media\/sc\/fa263336-bda8-42e1-8872-40df9f912f96.__CR0,0,1000,1000_PT0_SX300_V1___.jpg\" data- title=\"\"><\/div>\n<div class=\"apm-sidemodule-textright\">\n<h3 class=\"a-spacing-mini\" style=\"text-align: center;\">Questa scala di evacuazione antincendio di emergenza \u00e8 stata progettata pensando alla comodit\u00e0 e all&#8217;accessibilit\u00e0<\/h3>\n<p style=\"text-align: center;\">Il disastro pu\u00f2 colpire in qualsiasi momento, che tu sia pronto o meno. Questo \u00e8 il motivo per cui abbiamo progettato le nostre scale antincendio di emergenza per case fino a 3 piani per offrirti un modo comodo e affidabile per uscire da qualsiasi edificio attraverso le finestre. Se la tua casa, scuola o appartamento non ha una via di fuga o se non sono facilmente accessibili, allora hai bisogno di una scala antincendio di sicurezza su cui puoi contare.<\/p>\n<p style=\"text-align: center;\">Questa scala di emergenza antincendio a 3 piani \u00e8 accuratamente imballata per fornire una comoda via di fuga senza grovigli attraverso la tua finestra, perfetta sia per bambini che per adulti. Grazie alla sua costruzione solida pu\u00f2 supportare fino a 900 kg mentre i moschettoni per impieghi gravosi forniscono una presa stabile per rendere il tuo decente il pi\u00f9 semplice possibile rendendo questa scala di emergenza un must per chiunque voglia stare al sicuro in caso di emergenza<span style=\"font-size: 16px;\">.<\/span><\/p>\n<\/div>\n<\/div>\n<\/div>\n<\/div>\n<\/div>\n<\/div>\n","protected":false},"excerpt":{"rendered":"[embed]https:\/\/youtu.be\/S0RKMjg5png[\/embed]\n<p id=\"title\" class=\"a-size-large a-spacing-none\" style=\"text-align: center;\"><span id=\"productTitle\" class=\"a-size-large product-title-word-break\">Scala antincendio di emergenza a 3 piani | 7,5 m Scala di corda di sicurezza con moschettoni | Veloce da implementare e facile da usare | Compatto e facile da riporre &#8211; Capacit\u00e0 di peso fino a 900 kg<\/span><\/p>\n<p style=\"text-align: center;\">CONSEGNA GRATUITA ENTRO 3-7 GIORNI<\/p>\n<h4 style=\"text-align: center;\">ACQUISTA SU<\/h4>\n<p><a href=\"https:\/\/www.amazon.it\/ISOP-Scala-Antincendio-Demergenza-Ignifuga\/dp\/B07PLNSY5K\/?maas=maas_adg_30C40174E7352B6775B9F523604F121B_afap_abs&amp;ref_=aa_maas&amp;ref=sr_1_6&amp;__mk_it_IT=%C3%85M%C3%85%C5%BD%C3%95%C3%91&amp;dchild=1&amp;keywords=Scala+Antincendio&amp;qid=1623742265&amp;s=industrial&amp;sr=1-6\"><img loading=\"lazy\" decoding=\"async\" class=\"alignnone wp-image-1040 size-full aligncenter\" src=\"https:\/\/rightfoodonly.com\/wp-content\/uploads\/amazon-button9.png\" alt=\"\" width=\"160\" height=\"59\" \/><\/a><\/p>\n<p>&nbsp;<\/p>\n","protected":false},"featured_media":4282,"comment_status":"open","ping_status":"closed","template":"","meta":[],"product_brand":[],"product_cat":[180,182],"product_tag":[98,47,36,39,46],"class_list":{"0":"post-1053","1":"product","2":"type-product","3":"status-publish","4":"has-post-thumbnail","6":"product_cat-scale-di-corda-per-fuga","7":"product_cat-scale-di-fuga-per-3-piani","8":"product_tag-3-piani","9":"product_tag-emergenza","10":"product_tag-isop","11":"product_tag-scala-antincendio","12":"product_tag-sicurezza","14":"first","15":"instock","16":"shipping-taxable","17":"purchasable","18":"product-type-simple"},"_links":{"self":[{"href":"https:\/\/isopllc.com\/it\/wp-json\/wp\/v2\/product\/1053","targetHints":{"allow":["GET"]}}],"collection":[{"href":"https:\/\/isopllc.com\/it\/wp-json\/wp\/v2\/product"}],"about":[{"href":"https:\/\/isopllc.com\/it\/wp-json\/wp\/v2\/types\/product"}],"replies":[{"embeddable":true,"href":"https:\/\/isopllc.com\/it\/wp-json\/wp\/v2\/comments?post=1053"}],"wp:featuredmedia":[{"embeddable":true,"href":"https:\/\/isopllc.com\/it\/wp-json\/wp\/v2\/media\/4282"}],"wp:attachment":[{"href":"https:\/\/isopllc.com\/it\/wp-json\/wp\/v2\/media?parent=1053"}],"wp:term":[{"taxonomy":"product_brand","embeddable":true,"href":"https:\/\/isopllc.com\/it\/wp-json\/wp\/v2\/product_brand?post=1053"},{"taxonomy":"product_cat","embeddable":true,"href":"https:\/\/isopllc.com\/it\/wp-json\/wp\/v2\/product_cat?post=1053"},{"taxonomy":"product_tag","embeddable":true,"href":"https:\/\/isopllc.com\/it\/wp-json\/wp\/v2\/product_tag?post=1053"}],"curies":[{"name":"wp","href":"https:\/\/api.w.org\/{rel}","templated":true}]}}