{"id":1282,"date":"2020-01-30T04:46:37","date_gmt":"2020-01-30T04:46:37","guid":{"rendered":"https:\/\/rightfoodonly.com\/?post_type=product&#038;p=1282"},"modified":"2025-06-30T17:59:14","modified_gmt":"2025-06-30T17:59:14","slug":"scala-di-corda-evacuazione-fuoco-10m","status":"publish","type":"product","link":"https:\/\/isopllc.com\/it\/product\/scala-di-corda-evacuazione-fuoco-10m\/","title":{"rendered":"ISOP Scala antincendio di emergenza 4 piani 10 m con imbracatura di sicurezza"},"content":{"rendered":"<p><img loading=\"lazy\" decoding=\"async\" class=\"alignnone size-medium\" src=\"https:\/\/m.media-amazon.com\/images\/S\/aplus-media\/sc\/13268c8b-3101-42a2-abc3-379c553d9afb.__CR0,0,970,300_PT0_SX970_V1___.jpg\" width=\"970\" height=\"300\" alt=\"\" title=\"\"><\/p>\n<div class=\"celwidget aplus-module module-9\" style=\"text-align: center\" data-csa-c-id=\"3d7463-l3bdk0-ygs321-8assbf\" data-cel-widget=\"aplus-module-9\">\n<div class=\"a-expander-collapsed-height a-row a-expander-container a-expander-partial-collapse-container\" data-a-expander-name=\"aplus-module-expander\" data-a-expander-collapsed-height=\"700\">\n<div class=\"a-expander-content a-expander-partial-collapse-content\">\n<div class=\"aplus-module-wrapper\">\n<div class=\"apm-spacing apm-fixed-width\">\n<h2>Scala antincendio di emergenza 4 piani 10 m con imbracatura di sicurezza | Scala di corda di sicurezza ignifuga con ganci &#8211; Veloce da installare e facile da usare &#8211; Compatta e facile da riporre<\/h2>\n<div class=\"celwidget aplus-module module-9\" style=\"text-align: center\" data-csa-c-id=\"8qdekw-f2p4k0-r9icce-qoj6p0\" data-cel-widget=\"aplus-module-9\">\n<div class=\"a-expander-collapsed-height a-row a-expander-container a-expander-partial-collapse-container\" data-a-expander-name=\"aplus-module-expander\" data-a-expander-collapsed-height=\"700\">\n<div class=\"a-expander-content a-expander-partial-collapse-content\">\n<div class=\"aplus-module-wrapper\">\n<div class=\"apm-spacing apm-fixed-width\">\n<h3 class=\"a-spacing-small\">Perch\u00e9 scegliere noi?<\/h3>\n<p><img decoding=\"async\" class=\"a-spacing-mini aligncenter\" src=\"https:\/\/m.media-amazon.com\/images\/S\/aplus-media\/sc\/1d1c9f11-8b81-43e1-b2d9-232d2a154745.__CR0,193,641,641_PT0_SX300_V1___.jpg\" alt=\"Sturdy\" data-src=\"https:\/\/m.media-amazon.com\/images\/S\/aplus-media\/sc\/1d1c9f11-8b81-43e1-b2d9-232d2a154745.__CR0,193,641,641_PT0_SX300_V1___.jpg\" data- title=\"\"><\/p>\n<h4 class=\"a-spacing-mini\">ULTRA potente<\/h4>\n<p>non esistono scale pi\u00f9 resistenti e affidabili delle nostre,\u00a0<span class=\"a-text-bold\">collaudate (!)<\/span>\u00a0&#8211; portanti 900 kg o 10 persone! Anche le scale a catena non possono vantare questa capacit\u00e0 di carico.<\/p>\n<p><img decoding=\"async\" class=\"a-spacing-mini aligncenter\" src=\"https:\/\/m.media-amazon.com\/images\/S\/aplus-media\/sc\/66906d66-df90-4038-8550-d72faf80c38f.__CR0,0,1200,1200_PT0_SX300_V1___.jpg\" alt=\"Multifunction\" data-src=\"https:\/\/m.media-amazon.com\/images\/S\/aplus-media\/sc\/66906d66-df90-4038-8550-d72faf80c38f.__CR0,0,1200,1200_PT0_SX300_V1___.jpg\" data- title=\"\"><\/p>\n<h4 class=\"a-spacing-mini\">Multifunzione<\/h4>\n<p>pu\u00f2 essere utilizzato per vari scopi come parco giochi, altalene, casa sull&#8217;albero, soffitta, giardino, tetto, soppalco, bunker, marina e persino scopi decorativi. Infinita variet\u00e0 di opzioni di utilizzo<span style=\"font-size: 16px\">.<\/span><\/p>\n<p><img decoding=\"async\" class=\"a-spacing-mini aligncenter\" src=\"https:\/\/m.media-amazon.com\/images\/S\/aplus-media\/sc\/a53251f8-492d-40f3-a9db-2bdd1415646f.__CR1018,0,1260,1260_PT0_SX300_V1___.png\" alt=\"anti-slip\" data-src=\"https:\/\/m.media-amazon.com\/images\/S\/aplus-media\/sc\/a53251f8-492d-40f3-a9db-2bdd1415646f.__CR1018,0,1260,1260_PT0_SX300_V1___.png\" data- title=\"\"><\/p>\n<h4 class=\"a-spacing-mini\">Pioli antiscivolo<\/h4>\n<p>i pioli hanno una forma ottagonale, quindi sono affidabili e non scivolosi<span style=\"font-size: 16px\">.<\/span><\/p>\n<\/div>\n<div>\n<p><img decoding=\"async\" class=\"aligncenter\" src=\"https:\/\/m.media-amazon.com\/images\/S\/aplus-media\/sc\/f2e8fc4d-adcb-4ad8-87e7-2d18df74811d.__CR0,13,974,974_PT0_SX220_V1___.jpg\" alt=\"Lightweight\" data-src=\"https:\/\/m.media-amazon.com\/images\/S\/aplus-media\/sc\/f2e8fc4d-adcb-4ad8-87e7-2d18df74811d.__CR0,13,974,974_PT0_SX220_V1___.jpg\" data- title=\"\"><\/p>\n<\/div>\n<\/div>\n<\/div>\n<div>\n<h4 class=\"a-spacing-mini\">Leggera<\/h4>\n<p class=\"a-size-small\">per esempio, 2,5 m pesa solo 1,8 kg<\/p>\n<p><img decoding=\"async\" class=\"aligncenter\" src=\"https:\/\/m.media-amazon.com\/images\/S\/aplus-media\/sc\/0552c400-f2fc-46a1-84a9-d5030a1ca8e2.__CR0,0,1000,1000_PT0_SX220_V1___.jpg\" alt=\"Weather resistant\" data-src=\"https:\/\/m.media-amazon.com\/images\/S\/aplus-media\/sc\/0552c400-f2fc-46a1-84a9-d5030a1ca8e2.__CR0,0,1000,1000_PT0_SX220_V1___.jpg\" data- title=\"\"><\/p>\n<h4 class=\"a-spacing-mini\">Resistente agli agenti atmosferici<\/h4>\n<p class=\"a-size-small\">scale quasi mai invecchiate per qualsiasi tempo, non possono essere danneggiate dalla pioggia<span style=\"font-size: 16px\">.<\/span><\/p>\n<p><img decoding=\"async\" class=\"aligncenter\" src=\"https:\/\/m.media-amazon.com\/images\/S\/aplus-media\/sc\/14916db8-10a6-4760-8535-f49470d709ad.__CR11,0,1189,1189_PT0_SX220_V1___.jpg\" alt=\"Heavy duty carabiners\" data-src=\"https:\/\/m.media-amazon.com\/images\/S\/aplus-media\/sc\/14916db8-10a6-4760-8535-f49470d709ad.__CR11,0,1189,1189_PT0_SX220_V1___.jpg\" data- title=\"\"><\/p>\n<h4 class=\"a-spacing-mini\">Moschettoni resistenti<\/h4>\n<p class=\"a-size-small\">le scale includono moschettoni cromati con resistenza alla rottura 11KN<\/p>\n<\/div>\n<\/div>\n<\/div>\n<div class=\"celwidget aplus-module module-4\" style=\"text-align: center\" data-csa-c-id=\"r0jyvc-byof08-6y9606-vmksqx\" data-cel-widget=\"aplus-module-4\">\n<div class=\"a-expander-collapsed-height a-row a-expander-container a-expander-partial-collapse-container\" data-a-expander-name=\"aplus-module-expander\" data-a-expander-collapsed-height=\"700\">\n<div class=\"a-expander-content a-expander-partial-collapse-content\">\n<div class=\"aplus-module-wrapper\">\n<div class=\"apm-spacing\">\n<div class=\"apm-floatleft apm-fixed-width\">\n<div class=\"apm-spacing\"><img decoding=\"async\" class=\"a-spacing-mini aligncenter\" src=\"https:\/\/m.media-amazon.com\/images\/S\/aplus-media\/sc\/eebfdeb6-a881-47d1-a2d7-3677df2e925c.__CR521,0,1333,1333_PT0_SX300_V1___.jpg\" alt=\"ladder with carabiners\" data-src=\"https:\/\/m.media-amazon.com\/images\/S\/aplus-media\/sc\/eebfdeb6-a881-47d1-a2d7-3677df2e925c.__CR521,0,1333,1333_PT0_SX300_V1___.jpg\" data- title=\"\"><\/div>\n<div><\/div>\n<\/div>\n<\/div>\n<\/div>\n<div>\n<h4 class=\"a-spacing-mini\">Ignifugo<\/h4>\n<p>special non-combustible composition of fibers allows the ladder withstand a fire for some time, but still we do not recommend using it in direct fire<span style=\"font-size: 16px\">.<\/span><\/p>\n<h4 class=\"a-spacing-mini\">Lunghezza diversa<\/h4>\n<p>disponibile 2,5 \/ 4\/5 \/ 7,5 \/ 10 m per case da 1 a 4 piani<span style=\"font-size: 16px\">.<\/span><\/p>\n<p><img decoding=\"async\" class=\"a-spacing-mini aligncenter\" src=\"https:\/\/m.media-amazon.com\/images\/S\/aplus-media\/sc\/b32fbb7f-dd3b-4bce-a9d4-1f51dbe477df.__CR0,0,1000,1000_PT0_SX300_V1___.jpg\" alt=\"reusable\" data-src=\"https:\/\/m.media-amazon.com\/images\/S\/aplus-media\/sc\/b32fbb7f-dd3b-4bce-a9d4-1f51dbe477df.__CR0,0,1000,1000_PT0_SX300_V1___.jpg\" data- title=\"\"><\/p>\n<h4 class=\"a-spacing-mini\">Riutilizzabile<\/h4>\n<p>a differenza di altre scale in alluminio, le nostre scale in corda sono riutilizzabili<span style=\"font-size: 16px\">.<\/span><\/p>\n<\/div>\n<\/div>\n<\/div>\n<\/div>\n<\/div>\n<\/div>\n<\/div>\n<\/div>\n<\/div>\n<div class=\"celwidget aplus-module module-4\" style=\"text-align: center\" data-csa-c-id=\"5glng-jun4yd-v4jukx-uxl7pr\" data-cel-widget=\"aplus-module-4\">\n<div class=\"celwidget aplus-module module-2\" data-csa-c-id=\"w4koqi-tr1cdk-69jo66-ucaaxr\">\n<div class=\"a-expander-collapsed-height a-row a-expander-container a-expander-partial-collapse-container\" data-a-expander-name=\"aplus-module-expander\" data-a-expander-collapsed-height=\"700\">\n<div class=\"a-expander-content a-expander-partial-collapse-content\">\n<div class=\"aplus-module-wrapper apm-floatnone\">\n<div class=\"apm-sidemodule apm-spacing\">\n<div class=\"apm-sidemodule-imageleft\"><img decoding=\"async\" class=\"aligncenter\" src=\"https:\/\/m.media-amazon.com\/images\/S\/aplus-media\/sc\/4184feb5-b6de-4c8f-8f06-9b647c9fe0f9.__CR0,0,500,500_PT0_SX300_V1___.jpg\" alt=\"32 ft ladder\" data-src=\"https:\/\/m.media-amazon.com\/images\/S\/aplus-media\/sc\/4184feb5-b6de-4c8f-8f06-9b647c9fe0f9.__CR0,0,500,500_PT0_SX300_V1___.jpg\" data- title=\"\"><\/div>\n<div class=\"apm-sidemodule-textright\">\n<h3 class=\"a-spacing-mini\">IL MIGLIORE<\/h3>\n<p>A differenza di altri, offriamo un set di evacuazione, la nostra scala antincendio di emergenza a 4 piani \u00e8 progettata con una protezione anticaduta aggiuntiva sotto forma di un cavo di sicurezza che \u00e8 agganciato al lato della scala che impedisce di cadere quando si utilizza un&#8217;imbracatura di sicurezza che \u00e8 anche inclusa per garantire una discesa sicura.<\/p>\n<p>Un altro punto chiave \u00e8 la dimensione del piolo di 33 cm (quando tutti i concorrenti offrono solo 30 cm o meno) che a prima vista non sembra molto ma aggiunge ulteriore stabilit\u00e0 alla scala. Inoltre queste scale hanno un utilizzo pressoch\u00e9 illimitato e multiuso ad un costo molto contenuto.<\/p>\n<p>Questa scala unica \u00e8 una nostra invenzione ed \u00e8 stata brevettata<\/p>\n<p>.<\/p>\n<\/div>\n<\/div>\n<\/div>\n<div><\/div>\n<\/div>\n<\/div>\n<\/div>\n<div class=\"celwidget aplus-module module-2\" data-csa-c-id=\"hb60w2-bsnpez-yw4gk3-5fs67s\">\n<div class=\"a-expander-collapsed-height a-row a-expander-container a-expander-partial-collapse-container\" data-a-expander-name=\"aplus-module-expander\" data-a-expander-collapsed-height=\"700\">\n<div class=\"a-expander-content a-expander-partial-collapse-content\">\n<div class=\"aplus-module-wrapper apm-floatnone\">\n<div class=\"apm-sidemodule apm-spacing\">\n<div class=\"apm-sidemodule-imageleft\"><img decoding=\"async\" class=\"aligncenter\" src=\"https:\/\/m.media-amazon.com\/images\/S\/aplus-media\/sc\/221fd1f4-70b4-420a-9cf7-c5a088657bcb.__CR766,0,1444,1444_PT0_SX300_V1___.jpg\" alt=\"ladder\" data-src=\"https:\/\/m.media-amazon.com\/images\/S\/aplus-media\/sc\/221fd1f4-70b4-420a-9cf7-c5a088657bcb.__CR766,0,1444,1444_PT0_SX300_V1___.jpg\" data- title=\"\"><\/div>\n<div class=\"apm-sidemodule-textright\">\n<h3 class=\"a-spacing-mini\">Quando si tratta di sicurezza, non si pu\u00f2 mai essere troppo preparati ad affrontare il fuoco. Questa scala \u00e8 progettata con praticit\u00e0 e accessibilit\u00e0<\/h3>\n<p>Offriamo non solo una scala, ma un salvataggio durante un incendio! Se ti trovi al 5 \u00b0 piano durante un incendio, pu\u00f2 una semplice scala salvarti? Una persona inesperta non pu\u00f2 scendere da tale altezza senza una corda di sicurezza, quindi averne una, ti sentirai e agirai in modo molto pi\u00f9 sicuro e anche in caso di un passo falso continuerai ad appenderti a una fune di sicurezza e continuerai a scendere. Gli acrobati nel circo non cadono, perch\u00e9 una corda di sicurezza d\u00e0 loro pi\u00f9 sicurezza.<\/p>\n<p>Questo \u00e8 il motivo per cui abbiamo progettato la nostra scala di emergenza per offrirti un&#8217;uscita affidabile attraverso una finestra o un balcone. Grazie al suo design semplice e alle caratteristiche di sicurezza extra, chiunque pu\u00f2 usarlo assicurandosi che rimanga completamente al sicuro. Il cavo \u00e8 agganciato alla scala e ti impedisce di cadere mentre i moschettoni per carichi pesanti forniscono un fissaggio sicuro a una finestra o un balcone<span style=\"font-size: 16px\">.<\/span><\/p>\n<\/div>\n<\/div>\n<\/div>\n<\/div>\n<\/div>\n<\/div>\n<\/div>\n","protected":false},"excerpt":{"rendered":"[embed]https:\/\/youtu.be\/LdkFsb62Z7A[\/embed]\n<p style=\"text-align: center\">Scala antincendio di emergenza 4 piani 10 m con imbracatura di sicurezza | Scala di corda di sicurezza ignifuga con ganci &#8211; Veloce da installare e facile da usare &#8211; Compatta e facile da riporre<\/p>\n<p style=\"text-align: center\">CONSEGNA GRATUITA ENTRO 3-7 GIORNI<\/p>\n<h4 style=\"text-align: center\">ACQUISTA SU<\/h4>\n<p><a href=\"https:\/\/www.amazon.it\/ISOP-Antincendio-Emergenza-Moschettoni-Sicurezza\/dp\/B083ZDWQYF\/?maas=maas_adg_CAC0507D3F5C172B6F5A3B4A1C96A180_afap_abs&amp;ref_=aa_maas&amp;ref=sr_1_fkmr0_1&amp;dchild=1&amp;keywords=Scala+antincendio+di+emergenza&amp;qid=1603787644&amp;sr=8-1-fkmr0\"><img loading=\"lazy\" decoding=\"async\" class=\"wp-image-1040 size-full aligncenter\" src=\"https:\/\/rightfoodonly.com\/wp-content\/uploads\/amazon-button9.png\" alt=\"\" width=\"160\" height=\"59\" \/><\/a><\/p>\n<p>&nbsp;<\/p>\n","protected":false},"featured_media":4287,"comment_status":"open","ping_status":"closed","template":"","meta":[],"product_brand":[],"product_cat":[180,181],"product_tag":[47,90,36,39,46],"class_list":{"0":"post-1282","1":"product","2":"type-product","3":"status-publish","4":"has-post-thumbnail","6":"product_cat-scale-di-corda-per-fuga","7":"product_cat-scale-di-fuga-per-4-piani","8":"product_tag-emergenza","9":"product_tag-imbracatura-di-sicurezza","10":"product_tag-isop","11":"product_tag-scala-antincendio","12":"product_tag-sicurezza","14":"first","15":"instock","16":"shipping-taxable","17":"purchasable","18":"product-type-simple"},"_links":{"self":[{"href":"https:\/\/isopllc.com\/it\/wp-json\/wp\/v2\/product\/1282","targetHints":{"allow":["GET"]}}],"collection":[{"href":"https:\/\/isopllc.com\/it\/wp-json\/wp\/v2\/product"}],"about":[{"href":"https:\/\/isopllc.com\/it\/wp-json\/wp\/v2\/types\/product"}],"replies":[{"embeddable":true,"href":"https:\/\/isopllc.com\/it\/wp-json\/wp\/v2\/comments?post=1282"}],"wp:featuredmedia":[{"embeddable":true,"href":"https:\/\/isopllc.com\/it\/wp-json\/wp\/v2\/media\/4287"}],"wp:attachment":[{"href":"https:\/\/isopllc.com\/it\/wp-json\/wp\/v2\/media?parent=1282"}],"wp:term":[{"taxonomy":"product_brand","embeddable":true,"href":"https:\/\/isopllc.com\/it\/wp-json\/wp\/v2\/product_brand?post=1282"},{"taxonomy":"product_cat","embeddable":true,"href":"https:\/\/isopllc.com\/it\/wp-json\/wp\/v2\/product_cat?post=1282"},{"taxonomy":"product_tag","embeddable":true,"href":"https:\/\/isopllc.com\/it\/wp-json\/wp\/v2\/product_tag?post=1282"}],"curies":[{"name":"wp","href":"https:\/\/api.w.org\/{rel}","templated":true}]}}