{"id":1294,"date":"2020-01-30T06:20:40","date_gmt":"2020-01-30T06:20:40","guid":{"rendered":"https:\/\/rightfoodonly.com\/?post_type=product&#038;p=1294"},"modified":"2025-06-30T17:58:47","modified_gmt":"2025-06-30T17:58:47","slug":"set-2-ganci-finestra-isop-ferro","status":"publish","type":"product","link":"https:\/\/isopllc.com\/it\/product\/set-2-ganci-finestra-isop-ferro\/","title":{"rendered":"ISOP Ganci per finestre per scale antincendio | 2 ganci"},"content":{"rendered":"<div class=\"celwidget aplus-module module-11\">\n<div class=\"a-expander-collapsed-height a-row a-expander-container a-expander-partial-collapse-container\" data-a-expander-name=\"aplus-module-expander\" data-a-expander-collapsed-height=\"360\">\n<div class=\"a-expander-content a-expander-partial-collapse-content\">\n<div class=\"aplus-module-wrapper apm-spacing apm-floatnone\">\n<div class=\"apm-sidemodule aplus-module-content\">\n<div class=\"apm-hero-image\"><\/div>\n<\/div>\n<\/div>\n<\/div>\n<\/div>\n<\/div>\n<div class=\"celwidget aplus-module module-9\">\n<div class=\"a-expander-collapsed-height a-row a-expander-container a-expander-partial-collapse-container\" data-a-expander-name=\"aplus-module-expander\" data-a-expander-collapsed-height=\"700\">\n<div class=\"a-expander-content a-expander-partial-collapse-content a-expander-content-expanded\">\n<div class=\"aplus-module-wrapper\">\n<div class=\"apm-spacing apm-fixed-width\">\n<h2 class=\"a-spacing-small\" style=\"text-align: center;\">Ganci per finestre per scale antincendio, 2 ganci | Ganci in ferro per scala di corda di salvataggio, set di ganci di emergenza adatto alla maggior parte delle finestre<\/h2>\n<p><img decoding=\"async\" class=\"a-spacing-mini aligncenter\" src=\"https:\/\/m.media-amazon.com\/images\/S\/aplus-media\/sc\/0ba0f91e-b5c4-417e-ada8-b03c299fc14b.__CR0,0,1200,1200_PT0_SX300_V1___.jpg\" alt=\"hooks\" data-src=\"https:\/\/m.media-amazon.com\/images\/S\/aplus-media\/sc\/0ba0f91e-b5c4-417e-ada8-b03c299fc14b.__CR0,0,1200,1200_PT0_SX300_V1___.jpg\" data- title=\"\"><\/p>\n<h4 class=\"a-spacing-mini\">Specifiche<\/h4>\n<p>Il nostro set di ganci multiuso in 2 pezzi \u00e8 uno strumento di sicurezza versatile e pu\u00f2 essere utilizzato in una vasta gamma di industrie, imprese di costruzioni e servizi di emergenza &#8211; pu\u00f2 essere utilizzato con diversi tipi di scale di corda o con scale antincendio per salvare i lavoratori da altezze significative e a deve avere in caso di emergenza.<\/p>\n<p>Dimensioni: lunghezza totale di 40 cm, gancio per finestra da 30 cm, spazio di 3 cm da utilizzare con un moschettone<\/p>\n<p>Materiali: acciaio resistente<\/p>\n<p><img loading=\"lazy\" decoding=\"async\" class=\"wp-image-4800 aligncenter\" src=\"https:\/\/isopllc.com\/it\/wp-content\/uploads\/sites\/8\/2021\/06\/hooks-size-416x416-\u043a\u043e\u043f\u0438\u044f-2.jpg\" alt=\"\" width=\"290\" height=\"290\" title=\"\"><\/p>\n<h4 class=\"a-spacing-mini\">Caratteristiche e vantaggi<\/h4>\n<ul>\n<li>Realizzato con materiali di alta qualit\u00e0: forte, robusto, durevole, affidabile e sicuro da usare<\/li>\n<li>Dimensioni ideali: si adatta alla maggior parte delle finestre<\/li>\n<li>Il design minimalista ma pratico facilita il fissaggio<\/li>\n<li>Configurazione rapida e semplice: non richiede alcuno strumento<\/li>\n<li>Pu\u00f2 essere utilizzato con una formazione minima o nulla<\/li>\n<li>Basta agganciarlo alla finestra da un lato e alla scala di corda dall&#8217;altro e scendere in 10 secondi<\/li>\n<li>Leggero e portatile<\/li>\n<li>Compatto per una facile memorizzazione<\/li>\n<\/ul>\n<\/div>\n<p><img decoding=\"async\" class=\"a-spacing-mini aligncenter\" src=\"https:\/\/m.media-amazon.com\/images\/S\/aplus-media\/sc\/97960495-f8fe-4173-8653-41fa79334c3e.__CR0,0,1200,1200_PT0_SX300_V1___.jpg\" alt=\"use\" data-src=\"https:\/\/m.media-amazon.com\/images\/S\/aplus-media\/sc\/97960495-f8fe-4173-8653-41fa79334c3e.__CR0,0,1200,1200_PT0_SX300_V1___.jpg\" data- title=\"\"><\/p>\n<h4 class=\"a-spacing-mini\">Pu\u00f2 essere utilizzato per \/ come \/ con<\/h4>\n<ul>\n<li>Da una finestra, balcone o tetto, in combinazione con scale a fune di salvataggio<\/li>\n<li>Scale antincendio, in caso di emergenza<\/li>\n<li>Pareti da arrampicata<\/li>\n<li>Industria di costruzioni<\/li>\n<li>Appeso a un albero<\/li>\n<li>Arrampicata su una casa sull&#8217;albero<\/li>\n<\/ul>\n<\/div>\n<\/div>\n<\/div>\n<\/div>\n","protected":false},"excerpt":{"rendered":"<p class=\"a-spacing-small\" style=\"text-align: center;\">Ganci per finestre per scale antincendio, 2 ganci | Ganci in ferro per scala di corda di salvataggio, set di ganci di emergenza adatto alla maggior parte delle finestre<\/p>\n<p style=\"text-align: center;\">CONSEGNA GRATUITA ENTRO 3-7 GIORNI<\/p>\n<h4 style=\"text-align: center;\">ACQUISTA SU<\/h4>\n<p><a href=\"https:\/\/www.amazon.it\/ISOP-Scala-Antincendio-Demergenza-Ignifuga\/dp\/B07RFDG2NP\/?maas=maas_adg_DD5EAAC59ED2EB4B5D02CA48110DCC3B_afap_abs&amp;ref_=aa_maas&amp;ref=sr_1_6&amp;__mk_it_IT=%C3%85M%C3%85%C5%BD%C3%95%C3%91&amp;dchild=1&amp;keywords=Ganci%20per%20finestre&amp;qid=1623742265&amp;s=industrial&amp;sr=1-6&amp;th=1\"><img loading=\"lazy\" decoding=\"async\" class=\"wp-image-1040 size-full aligncenter\" src=\"https:\/\/rightfoodonly.com\/wp-content\/uploads\/amazon-button9.png\" alt=\"\" width=\"160\" height=\"59\" \/><\/a><\/p>\n<p>&nbsp;<\/p>\n","protected":false},"featured_media":4312,"comment_status":"open","ping_status":"closed","template":"","meta":[],"product_brand":[],"product_cat":[174],"product_tag":[89,87,36,88],"class_list":{"0":"post-1294","1":"product","2":"type-product","3":"status-publish","4":"has-post-thumbnail","6":"product_cat-accessori-per-scale-antincendio","7":"product_tag-accessori-di-sicurezza","8":"product_tag-ganci-per-finestre","9":"product_tag-isop","10":"product_tag-scale-antincendio","12":"first","13":"instock","14":"shipping-taxable","15":"purchasable","16":"product-type-simple"},"_links":{"self":[{"href":"https:\/\/isopllc.com\/it\/wp-json\/wp\/v2\/product\/1294","targetHints":{"allow":["GET"]}}],"collection":[{"href":"https:\/\/isopllc.com\/it\/wp-json\/wp\/v2\/product"}],"about":[{"href":"https:\/\/isopllc.com\/it\/wp-json\/wp\/v2\/types\/product"}],"replies":[{"embeddable":true,"href":"https:\/\/isopllc.com\/it\/wp-json\/wp\/v2\/comments?post=1294"}],"wp:featuredmedia":[{"embeddable":true,"href":"https:\/\/isopllc.com\/it\/wp-json\/wp\/v2\/media\/4312"}],"wp:attachment":[{"href":"https:\/\/isopllc.com\/it\/wp-json\/wp\/v2\/media?parent=1294"}],"wp:term":[{"taxonomy":"product_brand","embeddable":true,"href":"https:\/\/isopllc.com\/it\/wp-json\/wp\/v2\/product_brand?post=1294"},{"taxonomy":"product_cat","embeddable":true,"href":"https:\/\/isopllc.com\/it\/wp-json\/wp\/v2\/product_cat?post=1294"},{"taxonomy":"product_tag","embeddable":true,"href":"https:\/\/isopllc.com\/it\/wp-json\/wp\/v2\/product_tag?post=1294"}],"curies":[{"name":"wp","href":"https:\/\/api.w.org\/{rel}","templated":true}]}}