{"id":1485,"date":"2020-02-06T03:02:39","date_gmt":"2020-02-06T03:02:39","guid":{"rendered":"https:\/\/rightfoodonly.com\/?post_type=product&#038;p=1485"},"modified":"2025-06-30T17:58:05","modified_gmt":"2025-06-30T17:58:05","slug":"scala-corda-per-case-5-m","status":"publish","type":"product","link":"https:\/\/isopllc.com\/it\/product\/scala-corda-per-case-5-m\/","title":{"rendered":"ISOP Scala di Corda per Case di Emergenza Portatile Compatta 5 m"},"content":{"rendered":"<h3><\/h3>\n<h3><img loading=\"lazy\" decoding=\"async\" class=\"alignnone size-medium\" src=\"https:\/\/m.media-amazon.com\/images\/S\/aplus-media\/sc\/b8ed94ac-c904-409e-b504-aa88009b57f7.__CR0,0,970,300_PT0_SX970_V1___.jpg\" width=\"970\" height=\"300\" alt=\"\" title=\"\"><\/h3>\n<div class=\"celwidget aplus-module module-9\" style=\"text-align: center;\" data-csa-c-id=\"8qdekw-f2p4k0-r9icce-qoj6p0\" data-cel-widget=\"aplus-module-9\">\n<div class=\"a-expander-collapsed-height a-row a-expander-container a-expander-partial-collapse-container\" data-a-expander-name=\"aplus-module-expander\" data-a-expander-collapsed-height=\"700\">\n<div class=\"a-expander-content a-expander-partial-collapse-content\">\n<div class=\"aplus-module-wrapper\">\n<div class=\"apm-spacing apm-fixed-width\">\n<h2>Scala di Corda per Case di Emergenza Portatile Compatta 5 m &#8211; Corda da Appendere All&#8217;aperto e al Coperto con Ganci per Bambini e Adulti &#8211; Multifunzionale e Riutilizzabile<\/h2>\n<div class=\"celwidget aplus-module module-9\" style=\"text-align: center;\" data-csa-c-id=\"3d7463-l3bdk0-ygs321-8assbf\" data-cel-widget=\"aplus-module-9\">\n<div class=\"a-expander-collapsed-height a-row a-expander-container a-expander-partial-collapse-container\" data-a-expander-name=\"aplus-module-expander\" data-a-expander-collapsed-height=\"700\">\n<div class=\"a-expander-content a-expander-partial-collapse-content\">\n<div class=\"aplus-module-wrapper\">\n<div class=\"apm-spacing apm-fixed-width\">\n<div class=\"celwidget aplus-module module-9\" style=\"text-align: center;\" data-csa-c-id=\"8qdekw-f2p4k0-r9icce-qoj6p0\" data-cel-widget=\"aplus-module-9\">\n<div class=\"a-expander-collapsed-height a-row a-expander-container a-expander-partial-collapse-container\" data-a-expander-name=\"aplus-module-expander\" data-a-expander-collapsed-height=\"700\">\n<div class=\"a-expander-content a-expander-partial-collapse-content\">\n<div class=\"aplus-module-wrapper\">\n<div class=\"apm-spacing apm-fixed-width\">\n<p>Una scala di corda \u00e8 un modo fantastico per incorporare un nuovo elemento di divertimento nello spazio di gioco del tuo bambino. Una scala di corda per la casa sull&#8217;albero \u00e8 uno dei modi per farlo. Devi selezionare quello migliore per lo spazio esterno o la casa sull&#8217;albero e incoraggiare il tuo bambino a esplorare il suo lato avventuroso nelle ore di gioco.<\/p>\n<p>Poich\u00e9 sono pensati esclusivamente per tenere a mente le precauzioni di sicurezza di un bambino, \u00e8 sicuro e affidabile da utilizzare in qualsiasi momento. Per una casa sull&#8217;albero, uno dei tanti elementi importanti \u00e8 la scala di corda. Pertanto, \u00e8 importante essere dotati di diverse funzioni di sicurezza. In ISOP, una scala di corda per la casa sull&#8217;albero \u00e8 dotata di caratteristiche speciali. Parliamone:<\/p>\n<h3 class=\"a-spacing-small\">Perch\u00e9 scegliere noi?<\/h3>\n<p><img loading=\"lazy\" decoding=\"async\" class=\" wp-image-4598 aligncenter\" src=\"https:\/\/isopllc.com\/it\/wp-content\/uploads\/sites\/8\/2022\/11\/reflective-rope-ladders.jpg\" alt=\"\" width=\"297\" height=\"396\" title=\"\" srcset=\"https:\/\/isopllc.com\/it\/wp-content\/uploads\/sites\/8\/2022\/11\/reflective-rope-ladders.jpg 1080w, https:\/\/isopllc.com\/it\/wp-content\/uploads\/sites\/8\/2022\/11\/reflective-rope-ladders-768x1024.jpg 768w, https:\/\/isopllc.com\/it\/wp-content\/uploads\/sites\/8\/2022\/11\/reflective-rope-ladders-750x1000.jpg 750w, https:\/\/isopllc.com\/it\/wp-content\/uploads\/sites\/8\/2022\/11\/reflective-rope-ladders-416x555.jpg 416w\" sizes=\"auto, (max-width: 297px) 100vw, 297px\" \/><\/p>\n<h4>Tecnologia riflettente brevettata<\/h4>\n<p>Questa scala \u00e8 progettata pensando alla praticit\u00e0 e all&#8217;accessibilit\u00e0.<\/p>\n<p>Una speciale striscia riflettente intrecciata in queste corde di nylon lo rende altamente visibile nel raggio della torcia in modo da non inciampare durante la notte.<\/p>\n<p><img decoding=\"async\" class=\"a-spacing-mini aligncenter\" src=\"https:\/\/m.media-amazon.com\/images\/S\/aplus-media\/sc\/1d1c9f11-8b81-43e1-b2d9-232d2a154745.__CR0,193,641,641_PT0_SX300_V1___.jpg\" alt=\"Sturdy\" data-src=\"https:\/\/m.media-amazon.com\/images\/S\/aplus-media\/sc\/1d1c9f11-8b81-43e1-b2d9-232d2a154745.__CR0,193,641,641_PT0_SX300_V1___.jpg\" data- title=\"\"><\/p>\n<h4 class=\"a-spacing-mini\">ULTRA potente<\/h4>\n<p>non esistono scale pi\u00f9 resistenti e affidabili delle nostre,\u00a0<span class=\"a-text-bold\">collaudate (!)<\/span>\u00a0&#8211; portanti 900 kg o 10 persone! Anche le scale a catena non possono vantare questa capacit\u00e0 di carico.<\/p>\n<p><img decoding=\"async\" class=\"a-spacing-mini aligncenter\" src=\"https:\/\/m.media-amazon.com\/images\/S\/aplus-media\/sc\/66906d66-df90-4038-8550-d72faf80c38f.__CR0,0,1200,1200_PT0_SX300_V1___.jpg\" alt=\"Multifunction\" data-src=\"https:\/\/m.media-amazon.com\/images\/S\/aplus-media\/sc\/66906d66-df90-4038-8550-d72faf80c38f.__CR0,0,1200,1200_PT0_SX300_V1___.jpg\" data- title=\"\"><\/p>\n<h4 class=\"a-spacing-mini\">Multifunzione<\/h4>\n<p>Pu\u00f2 essere utilizzato per vari scopi come parco giochi, altalene, casa sull&#8217;albero, soffitta, giardino, tetto, soppalco, bunker, marina e anche scopi decorativi, anche come scala antincendio in caso di emergenza. Infinita variet\u00e0 di opzioni di utilizzo.<\/p>\n<p><img decoding=\"async\" class=\"a-spacing-mini aligncenter\" src=\"https:\/\/m.media-amazon.com\/images\/S\/aplus-media\/sc\/a53251f8-492d-40f3-a9db-2bdd1415646f.__CR1018,0,1260,1260_PT0_SX300_V1___.png\" alt=\"anti-slip\" data-src=\"https:\/\/m.media-amazon.com\/images\/S\/aplus-media\/sc\/a53251f8-492d-40f3-a9db-2bdd1415646f.__CR1018,0,1260,1260_PT0_SX300_V1___.png\" data- title=\"\"><\/p>\n<h4 class=\"a-spacing-mini\">Pioli antiscivolo<\/h4>\n<p>i pioli hanno una forma ottagonale, quindi sono affidabili e non scivolosi<span style=\"font-size: 16px;\">.<\/span><\/p>\n<p><img decoding=\"async\" class=\"aligncenter\" src=\"https:\/\/m.media-amazon.com\/images\/S\/aplus-media\/sc\/2b5aeb68-441e-435d-b89c-5d2faf4eb063.__CR0,0,1000,1000_PT0_SX220_V1___.jpg\" alt=\"Portable\" data-src=\"https:\/\/m.media-amazon.com\/images\/S\/aplus-media\/sc\/2b5aeb68-441e-435d-b89c-5d2faf4eb063.__CR0,0,1000,1000_PT0_SX220_V1___.jpg\" data- title=\"\"><\/p>\n<\/div>\n<div>\n<h4 class=\"a-spacing-mini\">Portatile<\/h4>\n<p class=\"a-size-small\">viene fornito con una bella borsa nera progettata. La scala \u00e8 facile da trasportare ovunque in una borsa. Include una confezione regalo in colore legno naturale<span style=\"font-size: 16px;\">.<\/span><\/p>\n<p><img decoding=\"async\" class=\"aligncenter\" src=\"https:\/\/m.media-amazon.com\/images\/S\/aplus-media\/sc\/f2e8fc4d-adcb-4ad8-87e7-2d18df74811d.__CR0,13,974,974_PT0_SX220_V1___.jpg\" alt=\"Lightweight\" data-src=\"https:\/\/m.media-amazon.com\/images\/S\/aplus-media\/sc\/f2e8fc4d-adcb-4ad8-87e7-2d18df74811d.__CR0,13,974,974_PT0_SX220_V1___.jpg\" data- title=\"\"><\/p>\n<\/div>\n<\/div>\n<\/div>\n<div>\n<h4 class=\"a-spacing-mini\">Leggera<\/h4>\n<p class=\"a-size-small\">per esempio, 2,5 m pesa solo 1,8 kg<\/p>\n<p><img decoding=\"async\" class=\"aligncenter\" src=\"https:\/\/m.media-amazon.com\/images\/S\/aplus-media\/sc\/0552c400-f2fc-46a1-84a9-d5030a1ca8e2.__CR0,0,1000,1000_PT0_SX220_V1___.jpg\" alt=\"Weather resistant\" data-src=\"https:\/\/m.media-amazon.com\/images\/S\/aplus-media\/sc\/0552c400-f2fc-46a1-84a9-d5030a1ca8e2.__CR0,0,1000,1000_PT0_SX220_V1___.jpg\" data- title=\"\"><\/p>\n<h4 class=\"a-spacing-mini\">Resistente agli agenti atmosferici<\/h4>\n<p class=\"a-size-small\">scale quasi mai invecchiate per qualsiasi tempo, non possono essere danneggiate dalla pioggia<span style=\"font-size: 16px;\">.<\/span><\/p>\n<p><img decoding=\"async\" class=\"aligncenter\" src=\"https:\/\/m.media-amazon.com\/images\/S\/aplus-media\/sc\/14916db8-10a6-4760-8535-f49470d709ad.__CR11,0,1189,1189_PT0_SX220_V1___.jpg\" alt=\"Heavy duty carabiners\" data-src=\"https:\/\/m.media-amazon.com\/images\/S\/aplus-media\/sc\/14916db8-10a6-4760-8535-f49470d709ad.__CR11,0,1189,1189_PT0_SX220_V1___.jpg\" data- title=\"\"><\/p>\n<h4 class=\"a-spacing-mini\">Moschettoni resistenti<\/h4>\n<p class=\"a-size-small\">le scale includono moschettoni cromati con resistenza alla rottura 11KN<\/p>\n<\/div>\n<\/div>\n<\/div>\n<div class=\"celwidget aplus-module module-4\" style=\"text-align: center;\" data-csa-c-id=\"r0jyvc-byof08-6y9606-vmksqx\" data-cel-widget=\"aplus-module-4\">\n<div class=\"a-expander-collapsed-height a-row a-expander-container a-expander-partial-collapse-container\" data-a-expander-name=\"aplus-module-expander\" data-a-expander-collapsed-height=\"700\">\n<div class=\"a-expander-content a-expander-partial-collapse-content\">\n<div class=\"aplus-module-wrapper\">\n<div class=\"apm-spacing\">\n<div class=\"apm-floatleft apm-fixed-width\">\n<div class=\"apm-spacing\"><img decoding=\"async\" class=\"a-spacing-mini aligncenter\" src=\"https:\/\/m.media-amazon.com\/images\/S\/aplus-media\/sc\/eebfdeb6-a881-47d1-a2d7-3677df2e925c.__CR521,0,1333,1333_PT0_SX300_V1___.jpg\" alt=\"ladder with carabiners\" data-src=\"https:\/\/m.media-amazon.com\/images\/S\/aplus-media\/sc\/eebfdeb6-a881-47d1-a2d7-3677df2e925c.__CR521,0,1333,1333_PT0_SX300_V1___.jpg\" data- title=\"\"><\/div>\n<div><\/div>\n<\/div>\n<\/div>\n<\/div>\n<div>\n<h4 class=\"a-spacing-mini\">Ignifugo<\/h4>\n<p>special non-combustible composition of fibers allows the ladder withstand a fire for some time, but still we do not recommend using it in direct fire<span style=\"font-size: 16px;\">.<\/span><\/p>\n<p><img decoding=\"async\" class=\"a-spacing-mini aligncenter\" src=\"https:\/\/m.media-amazon.com\/images\/S\/aplus-media\/sc\/d843778e-92b5-40e7-a239-8e35fcbadff6.__CR0,0,2000,2000_PT0_SX300_V1___.jpg\" alt=\"Different length\" data-src=\"https:\/\/m.media-amazon.com\/images\/S\/aplus-media\/sc\/d843778e-92b5-40e7-a239-8e35fcbadff6.__CR0,0,2000,2000_PT0_SX300_V1___.jpg\" data- title=\"\"><\/p>\n<h4 class=\"a-spacing-mini\">Lunghezza diversa<\/h4>\n<p>disponibile 2,5 \/ 4\/5 \/ 7,5 \/ 10 m per case da 1 a 4 piani<span style=\"font-size: 16px;\">.<\/span><\/p>\n<p><img decoding=\"async\" class=\"a-spacing-mini aligncenter\" src=\"https:\/\/m.media-amazon.com\/images\/S\/aplus-media\/sc\/b32fbb7f-dd3b-4bce-a9d4-1f51dbe477df.__CR0,0,1000,1000_PT0_SX300_V1___.jpg\" alt=\"reusable\" data-src=\"https:\/\/m.media-amazon.com\/images\/S\/aplus-media\/sc\/b32fbb7f-dd3b-4bce-a9d4-1f51dbe477df.__CR0,0,1000,1000_PT0_SX300_V1___.jpg\" data- title=\"\"><\/p>\n<h4 class=\"a-spacing-mini\">Riutilizzabile<\/h4>\n<p>a differenza di altre scale in alluminio, le nostre scale in corda sono riutilizzabili<span style=\"font-size: 16px;\">.<\/span><\/p>\n<\/div>\n<\/div>\n<\/div>\n<\/div>\n<\/div>\n<\/div>\n<\/div>\n<\/div>\n<\/div>\n<div class=\"celwidget aplus-module module-4\" style=\"text-align: center;\" data-csa-c-id=\"5glng-jun4yd-v4jukx-uxl7pr\" data-cel-widget=\"aplus-module-4\">\n<div class=\"celwidget aplus-module module-2\" data-csa-c-id=\"y33yti-8va7n7-382xpg-is4lsg\">\n<div class=\"a-expander-collapsed-height a-row a-expander-container a-expander-partial-collapse-container\" data-a-expander-name=\"aplus-module-expander\" data-a-expander-collapsed-height=\"700\">\n<div class=\"a-expander-content a-expander-partial-collapse-content\">\n<div class=\"aplus-module-wrapper apm-floatnone\">\n<div class=\"apm-sidemodule apm-spacing\">\n<div class=\"apm-sidemodule-imageleft\"><\/div>\n<\/div>\n<\/div>\n<\/div>\n<\/div>\n<\/div>\n<\/div>\n<\/div>\n<\/div>\n<\/div>\n<\/div>\n<\/div>\n<div class=\"celwidget aplus-module module-4\" style=\"text-align: center;\" data-csa-c-id=\"r0jyvc-byof08-6y9606-vmksqx\" data-cel-widget=\"aplus-module-4\">\n<div class=\"a-expander-collapsed-height a-row a-expander-container a-expander-partial-collapse-container\" data-a-expander-name=\"aplus-module-expander\" data-a-expander-collapsed-height=\"700\">\n<div class=\"a-expander-content a-expander-partial-collapse-content\">\n<div class=\"apm-sidemodule-imageleft\">\n<div class=\"apm-sidemodule-imageleft\"><img decoding=\"async\" class=\"aligncenter\" src=\"https:\/\/m.media-amazon.com\/images\/S\/aplus-media\/sc\/7c7570fe-6600-49ef-9540-55b6a874c8a7.__CR0,0,1280,1280_PT0_SX300_V1___.jpg\" alt=\"THE BEST\" data-src=\"https:\/\/m.media-amazon.com\/images\/S\/aplus-media\/sc\/7c7570fe-6600-49ef-9540-55b6a874c8a7.__CR0,0,1280,1280_PT0_SX300_V1___.jpg\" data- title=\"\"><\/div>\n<div class=\"apm-sidemodule-textright\"><\/div>\n<\/div>\n<div class=\"apm-sidemodule-textright\">\n<h4 class=\"a-spacing-mini\">IL MIGLIORE<\/h4>\n<p>Ci sono altre offerte di scale di corda simili alle nostre. MA (!) Non intrecciano abbastanza filo nelle corde e risparmiano su quello, quindi le corde non sono abbastanza tese o abbastanza forti e quindi inaffidabili<span style=\"font-size: 16px;\">.<\/span><\/p>\n<h3 class=\"a-spacing-mini\">Preparati per l&#8217;avventura pi\u00f9 rinfrescante!<\/h3>\n<h4 class=\"a-spacing-mini a-color-secondary a-text-italic\">Presentazione della scala di corda da arrampicata definitiva, creata da ISOP<\/h4>\n<p class=\"a-spacing-base\">La nostra scala di corda multiuso \u00e8 versatile e pu\u00f2 essere utilizzata in una vasta gamma di attivit\u00e0 divertenti, tra cui appendere, oscillare o arrampicarsi su una casa sull&#8217;albero.<\/p>\n<p class=\"a-spacing-base\">Realizzato con materiali di alta qualit\u00e0, \u00e8 resistente e robusto ed \u00e8 disponibile in 3 diverse dimensioni per soddisfare le tue esigenze specifiche.<\/p>\n<p class=\"a-spacing-base\" style=\"text-align: left;\"><strong><span class=\"a-text-bold\">Pu\u00f2 essere utilizzato per \/ come:<\/span><\/strong><\/p>\n<ul class=\"a-unordered-list a-vertical\">\n<li style=\"text-align: left;\"><span class=\"a-list-item\">Appeso a un albero<\/span><\/li>\n<li style=\"text-align: left;\"><span class=\"a-list-item\">Arrampicata su una casa sull&#8217;albero<\/span><\/li>\n<li style=\"text-align: left;\"><span class=\"a-list-item\">Un&#8217;altalena o anche come percorso a ostacoli<\/span><\/li>\n<li style=\"text-align: left;\"><span class=\"a-list-item\">Una corda ninja<\/span><\/li>\n<\/ul>\n<div class=\"amp-centerthirdcol-listbox\">\n<div class=\"a-box a-spacing-small a-color-alternate-background apm-listbox amp-centerthirdcol-listbox\">\n<div class=\"a-box-inner\">\n<ul class=\"a-unordered-list a-vertical\">\n<li style=\"text-align: left;\"><span class=\"a-list-item\"><span class=\"a-size-base\">Materiali: corda di nylon, rinforzata con resina<\/span><\/span><\/li>\n<li style=\"text-align: left;\"><span class=\"a-list-item\"><span class=\"a-size-base\">Lunghezza: 5 m<\/span><\/span><\/li>\n<li style=\"text-align: left;\"><span class=\"a-list-item\"><span class=\"a-size-base\">Larghezza: 30 cm<\/span><\/span><\/li>\n<li style=\"text-align: left;\"><span class=\"a-list-item\"><span class=\"a-size-base\">Capacit\u00e0 di carico massima: 900 kg<\/span><\/span><\/li>\n<li style=\"text-align: left;\"><span class=\"a-list-item\"><span class=\"a-size-base\">Moschettoni: 11kN<\/span><\/span><\/li>\n<\/ul>\n<\/div>\n<\/div>\n<\/div>\n<div class=\"apm-rightthirdcol\">\n<div class=\"apm-rightthirdcol-inner\">\n<h2 class=\"a-color-secondary\">Caratteristiche e vantaggi:<\/h2>\n<ul class=\"a-unordered-list a-vertical\">\n<li style=\"text-align: left;\"><span class=\"a-list-item\">L&#8217;elica divertente aiuta a trascorrere del tempo di qualit\u00e0 con i bambini<\/span><\/li>\n<li style=\"text-align: left;\"><span class=\"a-list-item\">Pu\u00f2 essere utilizzato all&#8217;interno e all&#8217;esterno<\/span><\/li>\n<li style=\"text-align: left;\"><span class=\"a-list-item\">Cinghie in nylon premium: resistenti all&#8217;acqua e antiscivolo<\/span><\/li>\n<li style=\"text-align: left;\"><span class=\"a-list-item\">I moschettoni Heavy Duty consentono un&#8217;installazione rapida e un facile ancoraggio<\/span><\/li>\n<li style=\"text-align: left;\"><span class=\"a-list-item\">Aiuta a migliorare la forza fisica, le capacit\u00e0 mentali e le capacit\u00e0 motorie del bambino<\/span><\/li>\n<li style=\"text-align: left;\"><span class=\"a-list-item\">I pioli rinforzati garantiscono una maggiore durata<\/span><\/li>\n<li style=\"text-align: left;\"><span class=\"a-list-item\">Facile da usare &#8211; non richiede strumenti<\/span><\/li>\n<li style=\"text-align: left;\"><span class=\"a-list-item\">Leggero e portatile<\/span><\/li>\n<li style=\"text-align: left;\"><span class=\"a-list-item\">Compatto per una facile memorizzazione<\/span><\/li>\n<li style=\"text-align: left;\"><span class=\"a-list-item\"><span class=\"a-size-base\">Viene fornito in un&#8217;elegante borsa e scatola nera con manico e moschettoni necessari<\/span><\/span><\/li>\n<\/ul>\n<div class=\"a-box a-spacing-small a-color-alternate-background apm-listbox\">\n<div class=\"a-box-inner\"><\/div>\n<\/div>\n<\/div>\n<\/div>\n<div class=\"apm-centerthirdcol apm-wrap\"><\/div>\n<\/div>\n<\/div>\n<\/div>\n<\/div>\n","protected":false},"excerpt":{"rendered":"[embed]https:\/\/youtu.be\/S0RKMjg5png[\/embed]\n<p style=\"text-align: center;\">Scala di Corda per Case di Emergenza Portatile Compatta 5 m &#8211; Corda da Appendere All&#8217;aperto e al Coperto con Ganci per Bambini e Adulti &#8211; Multifunzionale e Riutilizzabile<\/p>\n<p style=\"text-align: center;\">CONSEGNA GRATUITA ENTRO 3-7 GIORNI<\/p>\n<h4 style=\"text-align: center;\">ACQUISTA SU<\/h4>\n<p><a href=\"https:\/\/www.amazon.it\/dp\/B0BDF1W58Z\/ref=sr_1_1?__mk_it_IT=%C3%85M%C3%85%C5%BD%C3%95%C3%91&amp;crid=3P0V6JG3RLGCU&amp;dib=eyJ2IjoiMSJ9.aECE_inxT-Bhn2bn72rwLw.mI7ioQ3HS1-SABFxhvsyc9uoV9KoKD8gw_SyXBmb8T4&amp;dib_tag=se&amp;keywords=Scala%2Bantincendio%2Ba%2B2%2Bpiani%2Bscala%2Bdi%2Bsicurezza%2Bignifuga%2Bcon%2Bancore&amp;qid=1739954156&amp;s=industrial&amp;sprefix=b0bdf1w58z%2Cindustrial%2C293&amp;sr=1-1&amp;th=1\"><img loading=\"lazy\" decoding=\"async\" class=\"aligncenter wp-image-1040 size-full\" src=\"https:\/\/isopllc.com\/it\/wp-content\/uploads\/sites\/8\/2020\/01\/amazon-button9.png\" alt=\"\" width=\"160\" height=\"59\" \/><\/a><\/p>\n<p>&nbsp;<\/p>\n","protected":false},"featured_media":4791,"comment_status":"open","ping_status":"closed","template":"","meta":[],"product_brand":[],"product_cat":[177,183],"product_tag":[110,47,36,109,102,46],"class_list":{"0":"post-1485","1":"product","2":"type-product","3":"status-publish","4":"has-post-thumbnail","6":"product_cat-scale-a-muro","7":"product_cat-scale-di-fuga-per-2-piani","8":"product_tag-compatta","9":"product_tag-emergenza","10":"product_tag-isop","11":"product_tag-portatile","12":"product_tag-scala-di-corda","13":"product_tag-sicurezza","15":"first","16":"instock","17":"shipping-taxable","18":"purchasable","19":"product-type-simple"},"_links":{"self":[{"href":"https:\/\/isopllc.com\/it\/wp-json\/wp\/v2\/product\/1485","targetHints":{"allow":["GET"]}}],"collection":[{"href":"https:\/\/isopllc.com\/it\/wp-json\/wp\/v2\/product"}],"about":[{"href":"https:\/\/isopllc.com\/it\/wp-json\/wp\/v2\/types\/product"}],"replies":[{"embeddable":true,"href":"https:\/\/isopllc.com\/it\/wp-json\/wp\/v2\/comments?post=1485"}],"wp:featuredmedia":[{"embeddable":true,"href":"https:\/\/isopllc.com\/it\/wp-json\/wp\/v2\/media\/4791"}],"wp:attachment":[{"href":"https:\/\/isopllc.com\/it\/wp-json\/wp\/v2\/media?parent=1485"}],"wp:term":[{"taxonomy":"product_brand","embeddable":true,"href":"https:\/\/isopllc.com\/it\/wp-json\/wp\/v2\/product_brand?post=1485"},{"taxonomy":"product_cat","embeddable":true,"href":"https:\/\/isopllc.com\/it\/wp-json\/wp\/v2\/product_cat?post=1485"},{"taxonomy":"product_tag","embeddable":true,"href":"https:\/\/isopllc.com\/it\/wp-json\/wp\/v2\/product_tag?post=1485"}],"curies":[{"name":"wp","href":"https:\/\/api.w.org\/{rel}","templated":true}]}}