{"id":1496,"date":"2020-02-06T09:11:16","date_gmt":"2020-02-06T09:11:16","guid":{"rendered":"https:\/\/rightfoodonly.com\/?post_type=product&#038;p=1496"},"modified":"2025-06-30T17:57:37","modified_gmt":"2025-06-30T17:57:37","slug":"borsa-per-documenti-ignifuga","status":"publish","type":"product","link":"https:\/\/isopllc.com\/it\/product\/borsa-per-documenti-ignifuga\/","title":{"rendered":"ISOP Borsa per documenti a prova di fuoco ignifuga 38x28cm"},"content":{"rendered":"<div class=\"celwidget aplus-module module-11\">\n<div class=\"a-expander-collapsed-height a-row a-expander-container a-expander-partial-collapse-container\" data-a-expander-name=\"aplus-module-expander\" data-a-expander-collapsed-height=\"360\">\n<div class=\"a-expander-content a-expander-partial-collapse-content\">\n<div class=\"aplus-module-wrapper apm-spacing apm-floatnone\">\n<div class=\"apm-sidemodule aplus-module-content\">\n<div class=\"apm-hero-image\">\n<div id=\"title_feature_div\" class=\"celwidget\" data-feature-name=\"title\" data-csa-c-id=\"icu8mq-ah1gty-tlslpj-go7rx5\" data-cel-widget=\"title_feature_div\">\n<div id=\"titleSection\" class=\"a-section a-spacing-none\">\n<h2 id=\"title\" class=\"a-size-large a-spacing-none\" style=\"text-align: center;\"><span id=\"productTitle\" class=\"a-size-large product-title-word-break\">Borsa per documenti a prova di fuoco ignifuga 38x28cm Borsa in silicone impermeabile resistente al fuoco non pruriginosa Conservazione sicura per denaro, documenti, gioielli e passaporto<\/span><\/h2>\n<\/div>\n<\/div>\n<p>&nbsp;<\/p>\n<p><span class=\"a-text-bold\">Ti preoccupi di cosa potrebbe accadere a documenti, denaro, passaporto o altri oggetti di valore in caso di incendio?<\/span><\/p>\n<p>La nostra borsa per documenti ignifuga pu\u00f2 proteggere tutto dai danni del fuoco. \u00c8 realizzato con materiale in fibra di vetro di silicone di qualit\u00e0 superiore in grado di resistere fino a 1832 \u00b0 F. La protezione aggiuntiva della sacca per denaro resistente al fuoco assicura che i tuoi oggetti di valore siano completamente protetti, facendoti stare tranquillo.<\/p>\n<\/div>\n<\/div>\n<\/div>\n<\/div>\n<\/div>\n<p><img decoding=\"async\" class=\"aligncenter\" style=\"font-weight: bold; text-align: center;\" src=\"https:\/\/m.media-amazon.com\/images\/S\/aplus-media\/sc\/3e67dcec-29c9-4420-bc36-23edbba1d052.__CR0,0,500,500_PT0_SX220_V1___.jpg\" alt=\"isop fire case\" data-src=\"https:\/\/m.media-amazon.com\/images\/S\/aplus-media\/sc\/3e67dcec-29c9-4420-bc36-23edbba1d052.__CR0,0,500,500_PT0_SX220_V1___.jpg\" data- title=\"\"><\/p>\n<h4 class=\"a-spacing-mini\">ESTREMA PROTEZIONE ANTINCENDIO<\/h4>\n<p class=\"a-size-small\">Non lasciare che il fuoco ti prenda alla sprovvista &#8211; meglio prevenire che curare. La borsa ignifuga manterr\u00e0 i tuoi oggetti di valore sani e salvi, resistendo a temperature fino a 1000 \u00b0 F \/ 550 \u00b0 C! Con 28 x 38 cm, \u00e8 la dimensione ideale per riporre denaro, gioielli, carte di credito, documenti d&#8217;identit\u00e0, passaporto, documenti importanti e altro ancora.<\/p>\n<p><img decoding=\"async\" class=\"aligncenter\" src=\"https:\/\/m.media-amazon.com\/images\/S\/aplus-media\/sc\/ab3ce7c8-8b20-4836-be6b-c68c346f8fc5.__CR0,0,500,500_PT0_SX220_V1___.jpg\" alt=\"money pouch\" data-src=\"https:\/\/m.media-amazon.com\/images\/S\/aplus-media\/sc\/ab3ce7c8-8b20-4836-be6b-c68c346f8fc5.__CR0,0,500,500_PT0_SX220_V1___.jpg\" data- title=\"\"><\/p>\n<h4 class=\"a-spacing-mini\">Mantieni il tuo prezioso, sicuro e sicuro<\/h4>\n<p class=\"a-size-small\">La nostra borsa, che \u00e8 anche impermeabile, \u00e8 il modo perfetto per conservare oggetti di valore sicuri e privi di danni di ogni tipo. Puoi conservare qualsiasi cosa sia la nostra custodia per documenti da documenti importanti, denaro contante, gioielliere, batterie o qualsiasi cosa di alto valore e importanza.<\/p>\n<p><img decoding=\"async\" class=\"aligncenter\" src=\"https:\/\/m.media-amazon.com\/images\/S\/aplus-media\/sc\/61a07ae1-9b7a-448f-844e-b7fd1b6a421e.__CR0,0,500,500_PT0_SX220_V1___.jpg\" alt=\"fire safe\" data-src=\"https:\/\/m.media-amazon.com\/images\/S\/aplus-media\/sc\/61a07ae1-9b7a-448f-844e-b7fd1b6a421e.__CR0,0,500,500_PT0_SX220_V1___.jpg\" data- title=\"\"><\/p>\n<h4 class=\"a-spacing-mini\">PROTEZIONE STRATIFICATA E DOPPIA<\/h4>\n<p class=\"a-size-small\">Le nostre borse per documenti ignifughe sono dotate di fibra di vetro rivestita in alluminio (all&#8217;interno) e fibra di vetro con colla siliconica (all&#8217;esterno) per fornire una protezione a doppio strato, proprio come una cassaforte ignifuga.<\/p>\n<p><img decoding=\"async\" class=\"aligncenter\" style=\"font-weight: bold; text-align: center;\" src=\"https:\/\/m.media-amazon.com\/images\/S\/aplus-media\/sc\/baca919d-3e50-4f02-921f-615055d5b3e9.__CR0,0,500,500_PT0_SX220_V1___.jpg\" alt=\"fire\/water resistant case\" data-src=\"https:\/\/m.media-amazon.com\/images\/S\/aplus-media\/sc\/baca919d-3e50-4f02-921f-615055d5b3e9.__CR0,0,500,500_PT0_SX220_V1___.jpg\" data- title=\"\"><\/p>\n<h4 class=\"a-spacing-mini\">DEVE AVERE A CASA<\/h4>\n<p class=\"a-size-small\">Combinare insieme una borsa ignifuga e una SCATOLA SICURA \u00e8 la soluzione migliore per offrire ai vostri documenti e oggetti di valore una protezione completa in caso di incendio, oppure la carta pu\u00f2 ancora carbonizzarsi all&#8217;interno di qualsiasi materiale resistente al fuoco dopo un&#8217;ampia esposizione alle alte temperature.<\/p>\n<div class=\"a-expander-collapsed-height a-row a-expander-container a-expander-partial-collapse-container\" data-a-expander-name=\"aplus-module-expander\" data-a-expander-collapsed-height=\"360\">\n<div class=\"a-expander-content a-expander-partial-collapse-content\">\n<div class=\"aplus-module-wrapper apm-spacing apm-floatnone\">\n<div class=\"celwidget aplus-module module-4\" data-cel-widget=\"aplus-module-4\">\n<div class=\"a-expander-collapsed-height a-row a-expander-container a-expander-partial-collapse-container\" data-a-expander-name=\"aplus-module-expander\" data-a-expander-collapsed-height=\"700\">\n<div class=\"a-expander-content a-expander-partial-collapse-content\">\n<div class=\"aplus-module-wrapper\">\n<div class=\"apm-spacing\">\n<div class=\"apm-floatleft apm-fixed-width\">\n<div class=\"a-spacing-extra-large\">\n<div class=\"apm-spacing\"><\/div>\n<\/div>\n<\/div>\n<\/div>\n<\/div>\n<\/div>\n<\/div>\n<\/div>\n<\/div>\n<\/div>\n<\/div>\n<\/div>\n<div class=\"celwidget aplus-module module-9\">\n<div class=\"a-expander-collapsed-height a-row a-expander-container a-expander-partial-collapse-container\" data-a-expander-name=\"aplus-module-expander\" data-a-expander-collapsed-height=\"700\">\n<div class=\"a-expander-content a-expander-partial-collapse-content\">\n<div class=\"aplus-module-wrapper\">\n<div class=\"apm-spacing apm-fixed-width\"><\/div>\n<\/div>\n<\/div>\n<\/div>\n<\/div>\n<p style=\"text-align: left;\">\n","protected":false},"excerpt":{"rendered":"<p id=\"title\" class=\"a-size-large a-spacing-none\" style=\"text-align: center;\"><span id=\"productTitle\" class=\"a-size-large product-title-word-break\">Borsa per documenti a prova di fuoco ignifuga 38x28cm Borsa in silicone impermeabile resistente al fuoco non pruriginosa Conservazione sicura per denaro, documenti, gioielli e passaporto<\/span><\/p>\n<p style=\"text-align: center;\">CONSEGNA GRATUITA ENTRO 3-7 GIORNI<\/p>\n<h4 style=\"text-align: center;\">ACQUISTA SU<\/h4>\n<p><a href=\"https:\/\/www.amazon.it\/dp\/B07QDGFVYJ\/ref=sr_1_1?__mk_it_IT=%C3%85M%C3%85%C5%BD%C3%95%C3%91&amp;crid=1KWEY5NZ8XR7H&amp;dib=eyJ2IjoiMSJ9.5ykz3dzZStqKDhuUMty1Hg.-_4bvnpOLVxgDgZ61fS5n3vdF46HH9X9sqmcNa1u_DA&amp;dib_tag=se&amp;keywords=Sacchetto%20di%20Documenti%20Sicuro%20Ignifugo%20per%20Argento%20Casse%20di%20Moneta%20Non%20Prurito%20Rivestito%20in%20Silicone%20Borsa%20impermeabile%20resistente%20al%20fuoco%20Stoccaggio%20sicuro&amp;qid=1739953914&amp;sprefix=b07qdgfvyj%2Caps%2C373&amp;sr=8-1\"><img loading=\"lazy\" decoding=\"async\" class=\"aligncenter wp-image-1040 size-full\" src=\"https:\/\/isopllc.com\/it\/wp-content\/uploads\/sites\/8\/2020\/01\/amazon-button9.png\" alt=\"\" width=\"160\" height=\"59\" \/><\/a><\/p>\n<p>&nbsp;<\/p>\n","protected":false},"featured_media":4313,"comment_status":"open","ping_status":"closed","template":"","meta":[],"product_brand":[],"product_cat":[170],"product_tag":[66,64,65,36,46],"class_list":{"0":"post-1496","1":"product","2":"type-product","3":"status-publish","4":"has-post-thumbnail","6":"product_cat-set-di-salvataggio-e-sopravvivenza","7":"product_tag-a-prova-di-fuoco","8":"product_tag-borsa-per-documenti","9":"product_tag-ignifuga","10":"product_tag-isop","11":"product_tag-sicurezza","13":"first","14":"instock","15":"shipping-taxable","16":"purchasable","17":"product-type-simple"},"_links":{"self":[{"href":"https:\/\/isopllc.com\/it\/wp-json\/wp\/v2\/product\/1496","targetHints":{"allow":["GET"]}}],"collection":[{"href":"https:\/\/isopllc.com\/it\/wp-json\/wp\/v2\/product"}],"about":[{"href":"https:\/\/isopllc.com\/it\/wp-json\/wp\/v2\/types\/product"}],"replies":[{"embeddable":true,"href":"https:\/\/isopllc.com\/it\/wp-json\/wp\/v2\/comments?post=1496"}],"wp:featuredmedia":[{"embeddable":true,"href":"https:\/\/isopllc.com\/it\/wp-json\/wp\/v2\/media\/4313"}],"wp:attachment":[{"href":"https:\/\/isopllc.com\/it\/wp-json\/wp\/v2\/media?parent=1496"}],"wp:term":[{"taxonomy":"product_brand","embeddable":true,"href":"https:\/\/isopllc.com\/it\/wp-json\/wp\/v2\/product_brand?post=1496"},{"taxonomy":"product_cat","embeddable":true,"href":"https:\/\/isopllc.com\/it\/wp-json\/wp\/v2\/product_cat?post=1496"},{"taxonomy":"product_tag","embeddable":true,"href":"https:\/\/isopllc.com\/it\/wp-json\/wp\/v2\/product_tag?post=1496"}],"curies":[{"name":"wp","href":"https:\/\/api.w.org\/{rel}","templated":true}]}}