{"id":4163,"date":"2020-07-23T00:51:11","date_gmt":"2020-07-23T00:51:11","guid":{"rendered":"https:\/\/isopllc.com\/uk\/?post_type=product&#038;p=4163"},"modified":"2025-06-30T17:55:48","modified_gmt":"2025-06-30T17:55:48","slug":"scala-altalena-per-bambini-e-adulti-3-m","status":"publish","type":"product","link":"https:\/\/isopllc.com\/it\/product\/scala-altalena-per-bambini-e-adulti-3-m\/","title":{"rendered":"Scala Altalena per Bambini e Adulti 3 m"},"content":{"rendered":"<h2>Scala Altalena per Bambini 3 m e Adulti &#8211; Scala per capanna sugli Alberi per Bambini &#8211; Attrezzatura da Arrampicata per Esercizi &#8211; Adatto per Bunker o Loft<\/h2>\n<div class=\"celwidget aplus-module 3p-module-b\" data-csa-c-id=\"nowmhf-2y3beb-44u65e-yyx98q\" data-cel-widget=\"aplus-3p-module-b\">\n<div class=\"aplus-3p-fixed-width\">\n<div class=\"celwidget aplus-module module-12\" data-csa-c-id=\"s1iknk-g24ke8-rjbj41-bsp0wy\" data-cel-widget=\"aplus-module-12\">\n<div class=\"a-expander-collapsed-height a-row a-expander-container a-expander-partial-collapse-container\" data-a-expander-name=\"aplus-module-expander\" data-a-expander-collapsed-height=\"360\">\n<div class=\"a-expander-content a-expander-partial-collapse-content\">\n<div class=\"aplus-module-wrapper apm-spacing apm-floatnone\">\n<div class=\"apm-sidemodule aplus-module-content\">\n<div class=\"apm-hero-image\"><img loading=\"lazy\" decoding=\"async\" class=\"alignnone\" src=\"https:\/\/m.media-amazon.com\/images\/S\/aplus-media\/sc\/a9713dd0-c5a7-490e-a2d7-7ebe73f6a04f.__CR0,0,970,300_PT0_SX970_V1___.jpg\" alt=\"Scala per capanna sugli Alberi\" width=\"970\" height=\"300\" data-src=\"https:\/\/m.media-amazon.com\/images\/S\/aplus-media\/sc\/a9713dd0-c5a7-490e-a2d7-7ebe73f6a04f.__CR0,0,970,300_PT0_SX970_V1___.jpg\" data- title=\"\"><\/div>\n<div class=\"textright apm-hero-text\">\n<p>&nbsp;<\/p>\n<\/div>\n<\/div>\n<\/div>\n<\/div>\n<\/div>\n<\/div>\n<div class=\"celwidget aplus-module module-1\" data-csa-c-id=\"kaxovw-pugup4-9dajxp-ispncw\" data-cel-widget=\"aplus-module-1\">\n<div class=\"a-expander-collapsed-height a-row a-expander-container a-expander-partial-collapse-container\" data-a-expander-name=\"aplus-module-expander\" data-a-expander-collapsed-height=\"700\">\n<div class=\"a-expander-content a-expander-partial-collapse-content\">\n<div class=\"aplus-module-wrapper apm-fixed-width\">\n<div class=\"apm-spacing apm-wrap\">\n<div class=\"apm-floatleft apm-wrap\">\n<div class=\"apm-centerthirdcol apm-wrap\">\n<div class=\"amp-centerthirdcol-listbox\">\n<div class=\"a-box a-spacing-small a-color-alternate-background apm-listbox amp-centerthirdcol-listbox\">\n<div class=\"a-box-inner\">\n<div class=\"celwidget aplus-module module-9 aplus-standard\">\n<div class=\"a-expander-collapsed-height a-row a-expander-container a-expander-partial-collapse-container\" data-a-expander-name=\"aplus-module-expander\" data-a-expander-collapsed-height=\"700\">\n<div class=\"a-expander-content a-expander-partial-collapse-content\" aria-expanded=\"false\">\n<div class=\"aplus-module-wrapper apm-fixed-width\">\n<div class=\"apm-spacing apm-fixed-width\">\n<h3 class=\"a-spacing-small\">PERCH\u00c9 SCEGLIERCI<\/h3>\n<p><img loading=\"lazy\" decoding=\"async\" class=\"alignnone wp-image-4154\" src=\"https:\/\/isopllc.com\/it\/wp-content\/uploads\/sites\/8\/2020\/07\/51VBbZTbUrL._AC_.jpg\" alt=\"Scaletta per Arrampicata\" width=\"328\" height=\"351\" title=\"\" srcset=\"https:\/\/isopllc.com\/it\/wp-content\/uploads\/sites\/8\/2020\/07\/51VBbZTbUrL._AC_.jpg 467w, https:\/\/isopllc.com\/it\/wp-content\/uploads\/sites\/8\/2020\/07\/51VBbZTbUrL._AC_-416x445.jpg 416w\" sizes=\"auto, (max-width: 328px) 100vw, 328px\" \/><\/p>\n<h4 class=\"a-spacing-mini\">ESTREMAMENTE RESISTENTE<\/h4>\n<p>Pali di legno con un diametro di 1 pollice e corde di nylon sono utilizzati per le nostre scale che sopportano anche un elefante, non solo i bambini.<\/p>\n<p><img loading=\"lazy\" decoding=\"async\" class=\"alignnone wp-image-4155\" src=\"https:\/\/isopllc.com\/it\/wp-content\/uploads\/sites\/8\/2020\/07\/61ykjOMXz5L._AC_SL1001_.jpg\" alt=\"Scaletta per Arrampicata per Bambini\" width=\"333\" height=\"305\" title=\"\" srcset=\"https:\/\/isopllc.com\/it\/wp-content\/uploads\/sites\/8\/2020\/07\/61ykjOMXz5L._AC_SL1001_.jpg 942w, https:\/\/isopllc.com\/it\/wp-content\/uploads\/sites\/8\/2020\/07\/61ykjOMXz5L._AC_SL1001_-768x702.jpg 768w, https:\/\/isopllc.com\/it\/wp-content\/uploads\/sites\/8\/2020\/07\/61ykjOMXz5L._AC_SL1001_-416x380.jpg 416w\" sizes=\"auto, (max-width: 333px) 100vw, 333px\" \/><\/p>\n<h4 class=\"a-spacing-mini\">RESISTENTE AGLI AGENTI ATMOSFERICI<\/h4>\n<p>I materiali utilizzati per la Scala Altalena per bambini da 3 m permettono di resistere a qualsiasi condizione atmosferica.<\/p>\n<p><img loading=\"lazy\" decoding=\"async\" class=\"alignnone wp-image-5109\" src=\"https:\/\/isopllc.com\/it\/wp-content\/uploads\/sites\/8\/2020\/09\/Wooden-ladder-3.jpg\" alt=\"Attrezzatura da Gioco\" width=\"357\" height=\"266\" title=\"\" srcset=\"https:\/\/isopllc.com\/it\/wp-content\/uploads\/sites\/8\/2020\/09\/Wooden-ladder-3.jpg 732w, https:\/\/isopllc.com\/it\/wp-content\/uploads\/sites\/8\/2020\/09\/Wooden-ladder-3-416x310.jpg 416w\" sizes=\"auto, (max-width: 357px) 100vw, 357px\" \/><\/p>\n<h4 class=\"a-spacing-mini\">MULTIUSO<\/h4>\n<p>Questi accessori per altalene da esterno\/interno sono resistenti, leggeri e portatili, quindi possono essere utilizzati non solo per i bambini e non solo come parte di un parco giochi, ma anche come scala per soppalco, scala per soffitta, scala per arrampicata, scala di sicurezza, scala antincendio, scala per barca, scala per sgattaiolare dalla camera da letto del secondo piano e cos\u00ec via.<\/p>\n<p><img loading=\"lazy\" decoding=\"async\" class=\"alignnone wp-image-5110 size-full\" src=\"https:\/\/isopllc.com\/it\/wp-content\/uploads\/sites\/8\/2020\/09\/wooden2m.jpg\" alt=\"Scaletta in Legno\" width=\"300\" height=\"300\" title=\"\" srcset=\"https:\/\/isopllc.com\/it\/wp-content\/uploads\/sites\/8\/2020\/09\/wooden2m.jpg 300w, https:\/\/isopllc.com\/it\/wp-content\/uploads\/sites\/8\/2020\/09\/wooden2m-150x150.jpg 150w, https:\/\/isopllc.com\/it\/wp-content\/uploads\/sites\/8\/2020\/09\/wooden2m-100x100.jpg 100w\" sizes=\"auto, (max-width: 300px) 100vw, 300px\" \/><\/p>\n<\/div>\n<div><\/div>\n<\/div>\n<div>\n<h4 class=\"a-spacing-mini\">LEGGERO<\/h4>\n<p>Rispetto alle scale analoghe in corda, le nostre scale in legno sono molto pi\u00f9 leggere, ad esempio la scala da 5 m pesa solo 5,6 libbre.<\/p>\n<p><img loading=\"lazy\" decoding=\"async\" class=\"alignnone wp-image-4156\" src=\"https:\/\/isopllc.com\/it\/wp-content\/uploads\/sites\/8\/2020\/07\/71SZVvGG7pL._AC_SL1500_.jpg\" alt=\"Scala da arrampicata sugli Alberi\" width=\"291\" height=\"291\" title=\"\" srcset=\"https:\/\/isopllc.com\/it\/wp-content\/uploads\/sites\/8\/2020\/07\/71SZVvGG7pL._AC_SL1500_.jpg 1500w, https:\/\/isopllc.com\/it\/wp-content\/uploads\/sites\/8\/2020\/07\/71SZVvGG7pL._AC_SL1500_-150x150.jpg 150w, https:\/\/isopllc.com\/it\/wp-content\/uploads\/sites\/8\/2020\/07\/71SZVvGG7pL._AC_SL1500_-768x768.jpg 768w, https:\/\/isopllc.com\/it\/wp-content\/uploads\/sites\/8\/2020\/07\/71SZVvGG7pL._AC_SL1500_-324x324.jpg 324w, https:\/\/isopllc.com\/it\/wp-content\/uploads\/sites\/8\/2020\/07\/71SZVvGG7pL._AC_SL1500_-416x416.jpg 416w, https:\/\/isopllc.com\/it\/wp-content\/uploads\/sites\/8\/2020\/07\/71SZVvGG7pL._AC_SL1500_-100x100.jpg 100w\" sizes=\"auto, (max-width: 291px) 100vw, 291px\" \/><\/p>\n<h4 class=\"a-spacing-mini\">PER INTERNI E PER ESTERNI<\/h4>\n<p>Le nostre scale in legno possono essere utilizzate sia all&#8217;esterno, in giardino, sia all&#8217;interno di una stanza, semplicemente utilizzando dei moschettoni per agganciarle alla vendita. A proposito, solo le nostre scale sono dotate di clip e moschettoni!<\/p>\n<p><img loading=\"lazy\" decoding=\"async\" class=\"alignnone wp-image-5111 size-full\" src=\"https:\/\/isopllc.com\/it\/wp-content\/uploads\/sites\/8\/2020\/09\/wooden2-2.jpg\" alt=\"Scala per Corda oscillante\" width=\"300\" height=\"300\" title=\"\" srcset=\"https:\/\/isopllc.com\/it\/wp-content\/uploads\/sites\/8\/2020\/09\/wooden2-2.jpg 300w, https:\/\/isopllc.com\/it\/wp-content\/uploads\/sites\/8\/2020\/09\/wooden2-2-150x150.jpg 150w, https:\/\/isopllc.com\/it\/wp-content\/uploads\/sites\/8\/2020\/09\/wooden2-2-100x100.jpg 100w\" sizes=\"auto, (max-width: 300px) 100vw, 300px\" \/><\/p>\n<h4 class=\"a-spacing-mini\">COMPATTA E PORTATILE<\/h4>\n<p>Occupa pochissimo spazio. Pu\u00f2 essere riposta sotto il letto, nell&#8217;armadio o anche su uno scaffale.<\/p>\n<\/div>\n<\/div>\n<\/div>\n<\/div>\n<div class=\"celwidget aplus-module module-9 aplus-standard\">\n<div class=\"a-expander-collapsed-height a-row a-expander-container a-expander-partial-collapse-container\" data-a-expander-name=\"aplus-module-expander\" data-a-expander-collapsed-height=\"700\">\n<div class=\"a-expander-content a-expander-partial-collapse-content\" aria-expanded=\"false\">\n<div class=\"aplus-module-wrapper apm-fixed-width\">\n<div class=\"apm-spacing apm-fixed-width\"><img loading=\"lazy\" decoding=\"async\" class=\"alignnone  wp-image-4151\" src=\"https:\/\/isopllc.com\/it\/wp-content\/uploads\/sites\/8\/2020\/07\/41CqYJtO0pL._AC_.jpg\" alt=\"Scala Altalena\" width=\"307\" height=\"365\" title=\"\" srcset=\"https:\/\/isopllc.com\/it\/wp-content\/uploads\/sites\/8\/2020\/07\/41CqYJtO0pL._AC_.jpg 419w, https:\/\/isopllc.com\/it\/wp-content\/uploads\/sites\/8\/2020\/07\/41CqYJtO0pL._AC_-416x494.jpg 416w\" sizes=\"auto, (max-width: 307px) 100vw, 307px\" \/><\/div>\n<div><\/div>\n<\/div>\n<div>\n<h4 class=\"a-spacing-mini\">3 DIMENSIONI<\/h4>\n<p>Disponibili da 2 m, 3 m e 5 m.<\/p>\n<p><img loading=\"lazy\" decoding=\"async\" class=\"alignnone size-full wp-image-5112\" src=\"https:\/\/isopllc.com\/it\/wp-content\/uploads\/sites\/8\/2020\/09\/wooden2-3.jpg\" alt=\"\" width=\"300\" height=\"300\" title=\"\" srcset=\"https:\/\/isopllc.com\/it\/wp-content\/uploads\/sites\/8\/2020\/09\/wooden2-3.jpg 300w, https:\/\/isopllc.com\/it\/wp-content\/uploads\/sites\/8\/2020\/09\/wooden2-3-150x150.jpg 150w, https:\/\/isopllc.com\/it\/wp-content\/uploads\/sites\/8\/2020\/09\/wooden2-3-100x100.jpg 100w\" sizes=\"auto, (max-width: 300px) 100vw, 300px\" \/><\/p>\n<h4 class=\"a-spacing-mini\">MIGLIORE QUALIT\u00c0<\/h4>\n<p>Siamo orgogliosi di poter affermare che per tutto il tempo delle vendite non c&#8217;\u00e8 stato un solo reclamo per la scarsa qualit\u00e0 di queste scale e nessun reso a causa della scarsa qualit\u00e0!<\/p>\n<p>Raccomandiamo di acquistare le scale da un&#8217;azienda specializzata nella loro produzione, poich\u00e9 si tratta di un prodotto di sicurezza, e ISOP \u00e8 una delle poche aziende che offre un&#8217;ampia scelta di scale dal proprio stabilimento di produzione.<\/p>\n<p>La Scala Altalena per bambini \u00e8 un accessorio di gioco molto apprezzato che unisce il divertimento allo sviluppo fisico. Le caratteristiche principali includono:<\/p>\n<ul>\n<li><strong>Materiali:<\/strong> Costruito con pioli in legno duro liscio e senza schegge e corde resistenti, per garantire sicurezza e durata.<\/li>\n<li><strong>Design:<\/strong> Tipicamente caratterizzato da pioli in legno uniformemente distanziati e collegati da corde robuste, che garantiscono una presa sicura per i bambini.<\/li>\n<li><strong>Capacit\u00e0 di peso:<\/strong> Progettato per sostenere pesi consistenti, spesso fino a 250 libbre, per accogliere bambini di varie et\u00e0.<\/li>\n<li><strong>Installazione:<\/strong> Dotato di moschettoni per un facile fissaggio a set di altalene, case sugli alberi o aree di gioco interne.<\/li>\n<li><strong>Portabilit\u00e0:<\/strong> Leggero e facile da spostare, consente un uso versatile sia all&#8217;interno che all&#8217;esterno.<\/li>\n<li><strong>Caratteristiche di sicurezza:<\/strong> Include pioli antiscivolo e nodi sicuri per evitare di scivolare, garantendo un&#8217;esperienza di arrampicata sicura per i bambini.<\/li>\n<\/ul>\n<p>Queste Scala Altalena sono eccellenti per sviluppare la coordinazione, l&#8217;equilibrio e la forza nei bambini, offrendo al contempo una divertente esperienza di arrampicata.<\/p>\n<\/div>\n<\/div>\n<\/div>\n<\/div>\n<\/div>\n<\/div>\n<\/div>\n<\/div>\n<\/div>\n<\/div>\n<\/div>\n<\/div>\n<\/div>\n<\/div>\n<\/div>\n<\/div>\n","protected":false},"excerpt":{"rendered":"[embed]https:\/\/youtu.be\/nn0aB3S8o_g?si=C7WvrfE8utdI3IwO[\/embed]\n<p style=\"text-align: center;\">Scala Altalena per Bambini e Adulti 3 m &#8211; Scala per capanna sugli Alberi per Bambini &#8211; Attrezzatura da Arrampicata per Esercizi<\/p>\n<p style=\"text-align: center;\">CONSEGNA GRATUITA ENTRO 3-7 GIORNI<\/p>\n<h4 style=\"text-align: center;\">ACQUISTA SU<\/h4>\n<p><a href=\"https:\/\/www.amazon.it\/ISOP-Scala-Altalena-Bambini-Adulti\/dp\/B083J9YCKG\/?maas=maas_adg_8E03E38FB453909EF6EAAAB76F76D9CB_afap_abs&amp;ref_=aa_maas&amp;ref=sr_1_1&amp;dchild=1&amp;keywords=Scala+Altalena+per+Bambini&amp;qid=1603823393&amp;sr=8-1\"><img loading=\"lazy\" decoding=\"async\" class=\"wp-image-1040 size-full aligncenter\" src=\"https:\/\/rightfoodonly.com\/wp-content\/uploads\/amazon-button9.png\" alt=\"\" width=\"160\" height=\"59\" \/><\/a><\/p>\n<p>&nbsp;<\/p>\n","protected":false},"featured_media":4321,"comment_status":"open","ping_status":"closed","template":"","meta":[],"product_brand":[],"product_cat":[175],"product_tag":[94,95,53,36,93],"class_list":{"0":"post-4163","1":"product","2":"type-product","3":"status-publish","4":"has-post-thumbnail","6":"product_cat-scale-di-corda-per-bambini","7":"product_tag-adulti","8":"product_tag-attrezzatura-per-parchi-giochi","9":"product_tag-bambini","10":"product_tag-isop","11":"product_tag-scala-altalena","13":"first","14":"instock","15":"shipping-taxable","16":"purchasable","17":"product-type-simple"},"_links":{"self":[{"href":"https:\/\/isopllc.com\/it\/wp-json\/wp\/v2\/product\/4163","targetHints":{"allow":["GET"]}}],"collection":[{"href":"https:\/\/isopllc.com\/it\/wp-json\/wp\/v2\/product"}],"about":[{"href":"https:\/\/isopllc.com\/it\/wp-json\/wp\/v2\/types\/product"}],"replies":[{"embeddable":true,"href":"https:\/\/isopllc.com\/it\/wp-json\/wp\/v2\/comments?post=4163"}],"wp:featuredmedia":[{"embeddable":true,"href":"https:\/\/isopllc.com\/it\/wp-json\/wp\/v2\/media\/4321"}],"wp:attachment":[{"href":"https:\/\/isopllc.com\/it\/wp-json\/wp\/v2\/media?parent=4163"}],"wp:term":[{"taxonomy":"product_brand","embeddable":true,"href":"https:\/\/isopllc.com\/it\/wp-json\/wp\/v2\/product_brand?post=4163"},{"taxonomy":"product_cat","embeddable":true,"href":"https:\/\/isopllc.com\/it\/wp-json\/wp\/v2\/product_cat?post=4163"},{"taxonomy":"product_tag","embeddable":true,"href":"https:\/\/isopllc.com\/it\/wp-json\/wp\/v2\/product_tag?post=4163"}],"curies":[{"name":"wp","href":"https:\/\/api.w.org\/{rel}","templated":true}]}}