{"id":4434,"date":"2021-06-01T04:12:11","date_gmt":"2021-06-01T04:12:11","guid":{"rendered":"https:\/\/isopllc.com\/it\/?post_type=product&#038;p=4434"},"modified":"2025-07-02T07:11:12","modified_gmt":"2025-07-02T07:11:12","slug":"scale-antincendio-isop-4-m","status":"publish","type":"product","link":"https:\/\/isopllc.com\/it\/product\/scale-antincendio-isop-4-m\/","title":{"rendered":"Scale Antincendio ISOP 4 m &#8211; Scala di Evacuazione d\u2019emergenza"},"content":{"rendered":"<div class=\"celwidget aplus-module module-4 aplus-standard\" data-csa-c-id=\"6mnb1z-9dwrl2-ic24uv-jd1phn\" data-cel-widget=\"aplus-module-4\">\n<div class=\"a-expander-collapsed-height a-row a-expander-container a-expander-partial-collapse-container\" aria-live=\"polite\" data-a-expander-name=\"aplus-module-expander\" data-a-expander-collapsed-height=\"700\">\n<div class=\"a-expander-content a-expander-partial-collapse-content\" aria-expanded=\"false\">\n<div class=\"aplus-module-wrapper apm-fixed-width\">\n<div class=\"apm-spacing\">\n<div class=\"apm-floatleft apm-fixed-width\">\n<div id=\"title_feature_div\" class=\"celwidget\" data-feature-name=\"title\" data-csa-c-id=\"m5t5xw-wzxd1-od319-pyb58o\" data-cel-widget=\"title_feature_div\">\n<div id=\"titleSection\" class=\"a-section a-spacing-none\">\n<div id=\"title_feature_div\" class=\"celwidget\" data-feature-name=\"title\" data-csa-c-id=\"m5t5xw-wzxd1-od319-pyb58o\" data-cel-widget=\"title_feature_div\">\n<div id=\"titleSection\" class=\"a-section a-spacing-none\">\n<h2 id=\"title\" class=\"a-size-large a-spacing-none\" style=\"text-align: left\">Scale antincendio ISOP 4 m | Scale retrattili per case a 2 piani | Compatto e portatile | Scala di corda adatta per balconi e finestre<\/h2>\n<\/div>\n<\/div>\n<\/div>\n<\/div>\n<\/div>\n<\/div>\n<\/div>\n<\/div>\n<\/div>\n<\/div>\n<div class=\"celwidget aplus-module module-9 aplus-standard\" data-csa-c-id=\"kgh8ns-6rdhac-l4uce3-redgno\" data-cel-widget=\"aplus-module-9\">\n<div class=\"a-expander-collapsed-height a-row a-expander-container a-expander-partial-collapse-container\" aria-live=\"polite\" data-a-expander-name=\"aplus-module-expander\" data-a-expander-collapsed-height=\"700\">\n<div class=\"a-expander-content a-expander-partial-collapse-content\" aria-expanded=\"false\">\n<div class=\"aplus-module-wrapper apm-fixed-width\">\n<div class=\"apm-spacing apm-fixed-width\">\n<div class=\"celwidget aplus-module module-9 aplus-standard\" style=\"text-align: left\" data-csa-c-id=\"6rrkxj-o9oo3p-2dk8kw-v8mrts\" data-cel-widget=\"aplus-module-9\">\n<div class=\"a-expander-collapsed-height a-row a-expander-container a-expander-partial-collapse-container\" aria-live=\"polite\" data-a-expander-name=\"aplus-module-expander\" data-a-expander-collapsed-height=\"700\">\n<div class=\"a-expander-content a-expander-partial-collapse-content\" aria-expanded=\"false\">\n<div class=\"aplus-module-wrapper apm-fixed-width\">\n<div class=\"apm-spacing apm-fixed-width\">\n<h3 class=\"a-spacing-small\"><span style=\"vertical-align: inherit\">10 motivi per scegliere le nostre scale antincendio<\/span><\/h3>\n<p><img loading=\"lazy\" decoding=\"async\" class=\"alignnone wp-image-1068\" src=\"https:\/\/isopllc.com\/it\/wp-content\/uploads\/sites\/8\/2020\/01\/hooks-size.jpg\" alt=\"\" width=\"305\" height=\"305\" title=\"\" srcset=\"https:\/\/isopllc.com\/it\/wp-content\/uploads\/sites\/8\/2020\/01\/hooks-size.jpg 1200w, https:\/\/isopllc.com\/it\/wp-content\/uploads\/sites\/8\/2020\/01\/hooks-size-150x150.jpg 150w, https:\/\/isopllc.com\/it\/wp-content\/uploads\/sites\/8\/2020\/01\/hooks-size-768x768.jpg 768w, https:\/\/isopllc.com\/it\/wp-content\/uploads\/sites\/8\/2020\/01\/hooks-size-324x324.jpg 324w, https:\/\/isopllc.com\/it\/wp-content\/uploads\/sites\/8\/2020\/01\/hooks-size-416x416.jpg 416w, https:\/\/isopllc.com\/it\/wp-content\/uploads\/sites\/8\/2020\/01\/hooks-size-100x100.jpg 100w\" sizes=\"auto, (max-width: 305px) 100vw, 305px\" \/><\/p>\n<h3><span class=\"a-text-bold\"><span style=\"vertical-align: inherit\">Per finestra o balcone<\/span><\/span><\/h3>\n<p><span style=\"vertical-align: inherit\">Includiamo nel kit scale di salvataggio un set di ganci per scala antincendio da finestre, che vengono fissati al telaio della finestra e moschettoni professionali da 11 kn per il fissaggio della scala alle barre del balcone. Viene fornita anche una sacca impermeabile da 15 litri per il kayak in modo da poter riporre la scala sul balcone o nel magazzino.<\/span><\/p>\n<h3><span class=\"a-text-bold\"><span style=\"vertical-align: inherit\">Ampia applicazione<\/span><\/span><\/h3>\n<p><span style=\"vertical-align: inherit\">Pu\u00f2 essere utilizzato come scala antincendio o emergenza; pu\u00f2 anche servire come bunker loft, scale per soffitta, scala a muro e persino come scala permanente ecc.<\/span><\/p>\n<p><img loading=\"lazy\" decoding=\"async\" class=\"a-spacing-mini alignnone\" src=\"https:\/\/m.media-amazon.com\/images\/S\/aplus-media\/sc\/d4cc9639-a61a-4b3c-b1c6-a62967c917dd.__CR145,0,1000,1000_PT0_SX300_V1___.jpg\" alt=\"Pioli antiscivolo\" width=\"300\" height=\"300\" data-src=\"https:\/\/m.media-amazon.com\/images\/S\/aplus-media\/sc\/d4cc9639-a61a-4b3c-b1c6-a62967c917dd.__CR145,0,1000,1000_PT0_SX300_V1___.jpg\" data- title=\"\"><\/p>\n<h3><span class=\"a-text-bold\"><span style=\"vertical-align: inherit\">Delicato sulle mani<\/span><\/span><\/h3>\n<p><span style=\"vertical-align: inherit\">Durante la creazione di queste scale, abbiamo considerato i difetti dei nostri concorrenti. I bestseller come first alert e kidde si lamentano molto del fatto che quando si usano i pioli delle loro scale si tagliano le mani degli utenti perch\u00e9 i pioli in alluminio sono affilati. Abbiamo tenuto conto di questo e le nostre scale non hanno angoli acuti e sono sicure per l&#8217;uso da parte di adulti e bambini.<\/span><\/p>\n<p><img decoding=\"async\" class=\"a-spacing-mini\" src=\"https:\/\/m.media-amazon.com\/images\/S\/aplus-media\/sc\/27f9c708-c858-49c0-96f7-815dd0fa4f9a.__CR0,0,1000,1000_PT0_SX300_V1___.jpg\" alt=\"Ampia applicazione\" data-src=\"https:\/\/m.media-amazon.com\/images\/S\/aplus-media\/sc\/27f9c708-c858-49c0-96f7-815dd0fa4f9a.__CR0,0,1000,1000_PT0_SX300_V1___.jpg\" data- title=\"\"><\/p>\n<h3><span class=\"a-text-bold\"><span style=\"vertical-align: inherit\">Cinghie integrali<\/span><\/span><\/h3>\n<p><span style=\"vertical-align: inherit\">Anche in questo caso, confrontando le nostre scale con quelle della concorrenza, va notato che, a differenza di altre, dall&#8217;estremit\u00e0 superiore a quella inferiore le nostre scale sono costituite da un unico pezzo di cinghia in tessuto che pu\u00f2 resistere a pi\u00f9 di una 1200 libbre(!) Grazie a una speciale tecnologia brevettata. Mentre le scale a nastro dei concorrenti sono cucite a pezzi, il che a nostro avviso \u00e8 inaffidabile.<\/span><\/p>\n<\/div>\n<\/div>\n<div>\n<p><img decoding=\"async\" class=\"a-spacing-mini\" src=\"https:\/\/m.media-amazon.com\/images\/S\/aplus-media\/sc\/42cab632-a2d0-40fd-a2dd-280d531bf010.__CR282,0,1000,1000_PT0_SX300_V1___.jpg\" alt=\"Per finestra o balcone\" data-src=\"https:\/\/m.media-amazon.com\/images\/S\/aplus-media\/sc\/42cab632-a2d0-40fd-a2dd-280d531bf010.__CR282,0,1000,1000_PT0_SX300_V1___.jpg\" data- title=\"\"><\/p>\n<h3><span class=\"a-text-bold\"><span style=\"vertical-align: inherit\">Stabilizzatori<\/span><\/span><\/h3>\n<p><span style=\"vertical-align: inherit\">I pioli delle nostre scale sono dotati di stabilizzatori che permettono alle scale di non aderire saldamente al muro ma restano ben salde contro di esso e quindi facilitano notevolmente la discesa dal secondo o terzo piano.<\/span><\/p>\n<h3><span class=\"a-text-bold\"><span style=\"vertical-align: inherit\">Pioli antiscivolo<\/span><\/span><\/h3>\n<p><span style=\"vertical-align: inherit\">Uno speciale disegno sulla superficie dei pioli rende la discesa dall&#8217;appartamento antiscivolo con qualsiasi tempo.<\/span><\/p>\n<p><img loading=\"lazy\" decoding=\"async\" class=\"a-spacing-mini alignnone\" src=\"https:\/\/m.media-amazon.com\/images\/S\/aplus-media\/sc\/8b1ba6ce-d84f-4314-b98a-95d063fc3e5e.__CR500,0,1000,1000_PT0_SX300_V1___.jpg\" alt=\"Per finestra o balcone\" width=\"300\" height=\"300\" data-src=\"https:\/\/m.media-amazon.com\/images\/S\/aplus-media\/sc\/8b1ba6ce-d84f-4314-b98a-95d063fc3e5e.__CR500,0,1000,1000_PT0_SX300_V1___.jpg\" data- title=\"\"><\/p>\n<h3><span class=\"a-text-bold\"><span style=\"vertical-align: inherit\">Resistente alle intemperie<\/span><\/span><\/h3>\n<p><span style=\"vertical-align: inherit\">La speciale verniciatura a polvere protegge i pioli dalla ruggine e il nastro in poliestere \u00e8 altamente resistente all&#8217;acqua o alla neve, quindi le nostre scale antincendio sono resistenti agli agenti atmosferici.<\/span><\/p>\n<h3>Certificato<\/h3>\n<p>Le nostre scale, a differenza di tutte le altre simili sul mercato, sono certificate secondo lo standard di qualit\u00e0 EN 131. \u00c8 meglio affidare la propria vita a un prodotto che ha superato tutti i test necessari, piuttosto che a un articolo leggermente pi\u00f9 economico, fatto chiss\u00e0 con quali materiali.<\/p>\n<p><img loading=\"lazy\" decoding=\"async\" class=\"alignnone  wp-image-5206\" src=\"https:\/\/isopllc.com\/it\/wp-content\/uploads\/sites\/8\/2025\/04\/Italy.jpg\" alt=\"Certificato Scale Antincendio\" width=\"266\" height=\"266\" title=\"\" srcset=\"https:\/\/isopllc.com\/it\/wp-content\/uploads\/sites\/8\/2025\/04\/Italy.jpg 1080w, https:\/\/isopllc.com\/it\/wp-content\/uploads\/sites\/8\/2025\/04\/Italy-150x150.jpg 150w, https:\/\/isopllc.com\/it\/wp-content\/uploads\/sites\/8\/2025\/04\/Italy-768x768.jpg 768w, https:\/\/isopllc.com\/it\/wp-content\/uploads\/sites\/8\/2025\/04\/Italy-1000x1000.jpg 1000w, https:\/\/isopllc.com\/it\/wp-content\/uploads\/sites\/8\/2025\/04\/Italy-416x416.jpg 416w, https:\/\/isopllc.com\/it\/wp-content\/uploads\/sites\/8\/2025\/04\/Italy-100x100.jpg 100w\" sizes=\"auto, (max-width: 266px) 100vw, 266px\" \/><\/p>\n<h3><span class=\"a-text-bold\"><span style=\"vertical-align: inherit\">Riutilizzabile<\/span><\/span><\/h3>\n<p><span style=\"vertical-align: inherit\">Le nostre scale sono riutilizzabili, a differenza dei concorrenti. Con una corretta conservazione, possono durare per anni!<\/span><\/p>\n<\/div>\n<\/div>\n<\/div>\n<\/div>\n<div class=\"celwidget aplus-module module-9 aplus-standard\" style=\"text-align: left\" data-csa-c-id=\"hn4tie-rexf97-49vntp-dywif3\" data-cel-widget=\"aplus-module-9\">\n<div class=\"a-expander-collapsed-height a-row a-expander-container a-expander-partial-collapse-container\" aria-live=\"polite\" data-a-expander-name=\"aplus-module-expander\" data-a-expander-collapsed-height=\"700\">\n<div class=\"a-expander-content a-expander-partial-collapse-content\" aria-expanded=\"false\">\n<div><\/div>\n<\/div>\n<\/div>\n<\/div>\n<div class=\"celwidget aplus-module module-2 aplus-standard\" data-csa-c-id=\"czdp8c-vpt42n-ub22e6-8qlfjz\" data-cel-widget=\"aplus-module-2\">\n<div class=\"a-expander-collapsed-height a-row a-expander-container a-expander-partial-collapse-container\" aria-live=\"polite\" data-a-expander-name=\"aplus-module-expander\" data-a-expander-collapsed-height=\"700\">\n<div class=\"a-expander-content a-expander-partial-collapse-content\" aria-expanded=\"false\">\n<div class=\"aplus-module-wrapper apm-floatnone apm-fixed-width\">\n<div class=\"apm-sidemodule apm-spacing\">\n<div class=\"apm-sidemodule-imageleft\" style=\"text-align: left\"><img loading=\"lazy\" decoding=\"async\" class=\"alignnone\" src=\"https:\/\/m.media-amazon.com\/images\/S\/aplus-media\/sc\/55dfe070-7172-4b34-b379-6ab49b743dd1.__CR226,0,1000,1000_PT0_SX300_V1___.jpg\" alt=\"scala di antincendio \" width=\"300\" height=\"300\" data-src=\"https:\/\/m.media-amazon.com\/images\/S\/aplus-media\/sc\/55dfe070-7172-4b34-b379-6ab49b743dd1.__CR226,0,1000,1000_PT0_SX300_V1___.jpg\" data- title=\"\"><\/div>\n<div class=\"apm-sidemodule-textright\">\n<h3 style=\"text-align: left\"><span class=\"a-text-bold\"><span style=\"vertical-align: inherit\">Variante di 2 taglie<\/span><\/span><\/h3>\n<p style=\"text-align: left\"><span style=\"vertical-align: inherit\">Offriamo 2 dimensioni delle nostre scale: scala antincendio a 2 piani e scala antincendio a 3 piani.<\/span><\/p>\n<h3 style=\"text-align: left\"><span class=\"a-text-bold\"><span style=\"vertical-align: inherit\">Azienda professionale di scale<\/span><\/span><\/h3>\n<p style=\"text-align: left\"><span style=\"vertical-align: inherit\">Consigliamo di acquistare le scale da un&#8217;azienda specializzata in scale, poich\u00e9 si tratta di un prodotto di sicurezza.<\/span><\/p>\n<p style=\"text-align: left\"><span style=\"vertical-align: inherit\">E ISOP \u00e8 una delle poche aziende che offre un&#8217;ampia selezione di scale diverse dal proprio impianto di produzione.<\/span><\/p>\n<\/div>\n<\/div>\n<\/div>\n<\/div>\n<\/div>\n<\/div>\n<\/div>\n<\/div>\n<\/div>\n<\/div>\n<\/div>\n","protected":false},"excerpt":{"rendered":"[embed]https:\/\/youtu.be\/fjr6R8VfUvE[\/embed]\n<p id=\"title\" class=\"a-size-large a-spacing-none\" style=\"text-align: left\">Scale antincendio ISOP 4 m | Scale retrattili per case a 2 piani | Compatto e portatile | Scala di corda adatta per balconi e finestre<\/p>\n<p style=\"text-align: center\"><span style=\"vertical-align: inherit\">CONSEGNA GRATUITA ENTRO 3-7 GIORNI<\/span><\/p>\n<h4 style=\"text-align: center\"><strong><span style=\"vertical-align: inherit\">ACQUISTA SU<\/span><\/strong><\/h4>\n<p style=\"text-align: center\"><a href=\"https:\/\/www.amazon.it\/dp\/B08LBSSYLB\/ref=sr_1_1?__mk_it_IT=%C3%85M%C3%85%C5%BD%C3%95%C3%91&amp;crid=2WS2H8OAG71R6&amp;dib=eyJ2IjoiMSJ9.dEuSOCm6EY3zU5ee2ZUB8A.cRg0H0ftpWiRo6TbNPKVgtGFOS7hZA90YczFKDEyags&amp;dib_tag=se&amp;keywords=Scale%2BAntincendio%2BScale%2BRetrattili%2Bper%2B2%2BCase%2Bdi%2BPavimento&amp;qid=1739951405&amp;s=kitchen&amp;sprefix=b08lbssylb%2Ckitchen%2C544&amp;sr=1-1&amp;th=1\"><img loading=\"lazy\" decoding=\"async\" class=\"aligncenter wp-image-1040 size-full\" src=\"https:\/\/isopllc.com\/it\/wp-content\/uploads\/sites\/8\/2020\/01\/amazon-button9.png\" alt=\"\" width=\"160\" height=\"59\" \/><\/a><\/p>\n<p>&nbsp;<\/p>\n","protected":false},"featured_media":4874,"comment_status":"open","ping_status":"closed","template":"","meta":[],"product_brand":[],"product_cat":[179,184],"product_tag":[88],"class_list":{"0":"post-4434","1":"product","2":"type-product","3":"status-publish","4":"has-post-thumbnail","6":"product_cat-scale-di-fuga-con-supporti","7":"product_cat-scale-di-fuga-per-1-piano","8":"product_tag-scale-antincendio","10":"first","11":"instock","12":"shipping-taxable","13":"purchasable","14":"product-type-simple"},"_links":{"self":[{"href":"https:\/\/isopllc.com\/it\/wp-json\/wp\/v2\/product\/4434","targetHints":{"allow":["GET"]}}],"collection":[{"href":"https:\/\/isopllc.com\/it\/wp-json\/wp\/v2\/product"}],"about":[{"href":"https:\/\/isopllc.com\/it\/wp-json\/wp\/v2\/types\/product"}],"replies":[{"embeddable":true,"href":"https:\/\/isopllc.com\/it\/wp-json\/wp\/v2\/comments?post=4434"}],"wp:featuredmedia":[{"embeddable":true,"href":"https:\/\/isopllc.com\/it\/wp-json\/wp\/v2\/media\/4874"}],"wp:attachment":[{"href":"https:\/\/isopllc.com\/it\/wp-json\/wp\/v2\/media?parent=4434"}],"wp:term":[{"taxonomy":"product_brand","embeddable":true,"href":"https:\/\/isopllc.com\/it\/wp-json\/wp\/v2\/product_brand?post=4434"},{"taxonomy":"product_cat","embeddable":true,"href":"https:\/\/isopllc.com\/it\/wp-json\/wp\/v2\/product_cat?post=4434"},{"taxonomy":"product_tag","embeddable":true,"href":"https:\/\/isopllc.com\/it\/wp-json\/wp\/v2\/product_tag?post=4434"}],"curies":[{"name":"wp","href":"https:\/\/api.w.org\/{rel}","templated":true}]}}