{"id":4454,"date":"2021-07-27T10:12:19","date_gmt":"2021-07-27T10:12:19","guid":{"rendered":"https:\/\/isopllc.com\/it\/?post_type=product&#038;p=4454"},"modified":"2025-06-30T17:52:50","modified_gmt":"2025-06-30T17:52:50","slug":"scala-di-emergenza-5-m","status":"publish","type":"product","link":"https:\/\/isopllc.com\/it\/product\/scala-di-emergenza-5-m\/","title":{"rendered":"Scala di Emergenza 5 m"},"content":{"rendered":"<div class=\"celwidget aplus-module module-4 aplus-standard\" data-csa-c-id=\"6mnb1z-9dwrl2-ic24uv-jd1phn\" data-cel-widget=\"aplus-module-4\">\n<div class=\"a-expander-collapsed-height a-row a-expander-container a-expander-partial-collapse-container\" aria-live=\"polite\" data-a-expander-name=\"aplus-module-expander\" data-a-expander-collapsed-height=\"700\">\n<div class=\"a-expander-content a-expander-partial-collapse-content\" aria-expanded=\"false\">\n<div class=\"aplus-module-wrapper apm-fixed-width\">\n<div class=\"apm-spacing\">\n<div class=\"apm-floatleft apm-fixed-width\">\n<div id=\"title_feature_div\" class=\"celwidget\" data-feature-name=\"title\" data-csa-c-id=\"m5t5xw-wzxd1-od319-pyb58o\" data-cel-widget=\"title_feature_div\">\n<div id=\"titleSection\" class=\"a-section a-spacing-none\">\n<div id=\"title_feature_div\" class=\"celwidget\" data-feature-name=\"title\" data-csa-c-id=\"m5t5xw-wzxd1-od319-pyb58o\" data-cel-widget=\"title_feature_div\">\n<div id=\"titleSection\" class=\"a-section a-spacing-none\">\n<h2 id=\"title\" class=\"a-size-large a-spacing-none\"><span id=\"productTitle\" class=\"a-size-large product-title-word-break\">Scala di Emergenza 5 m | Scala di Salvataggio in Nylon Fabbricato negli UE | Moschettoni Inclusi: Leggeri e Resistenti Fino a 209 kg | Attrezzatura per la Risposta Alle Emergenze<\/span><\/h2>\n<\/div>\n<\/div>\n<\/div>\n<\/div>\n<\/div>\n<\/div>\n<\/div>\n<\/div>\n<\/div>\n<\/div>\n<div class=\"celwidget aplus-module module-9 aplus-standard\" data-csa-c-id=\"kgh8ns-6rdhac-l4uce3-redgno\" data-cel-widget=\"aplus-module-9\">\n<div class=\"a-expander-collapsed-height a-row a-expander-container a-expander-partial-collapse-container\" aria-live=\"polite\" data-a-expander-name=\"aplus-module-expander\" data-a-expander-collapsed-height=\"700\">\n<div class=\"a-expander-content a-expander-partial-collapse-content\" aria-expanded=\"false\">\n<div class=\"aplus-module-wrapper apm-fixed-width\">\n<div class=\"apm-spacing apm-fixed-width\">\n<div class=\"celwidget aplus-module module-9 aplus-standard\" style=\"text-align: left;\" data-csa-c-id=\"6rrkxj-o9oo3p-2dk8kw-v8mrts\" data-cel-widget=\"aplus-module-9\">\n<div class=\"a-expander-collapsed-height a-row a-expander-container a-expander-partial-collapse-container\" aria-live=\"polite\" data-a-expander-name=\"aplus-module-expander\" data-a-expander-collapsed-height=\"700\">\n<div class=\"a-expander-content a-expander-partial-collapse-content\" aria-expanded=\"false\">\n<div class=\"aplus-module-wrapper apm-fixed-width\">\n<div class=\"apm-spacing apm-fixed-width\"><\/div>\n<\/div>\n<\/div>\n<\/div>\n<\/div>\n<div class=\"celwidget aplus-module module-2 aplus-standard\" data-csa-c-id=\"czdp8c-vpt42n-ub22e6-8qlfjz\" data-cel-widget=\"aplus-module-2\">\n<div class=\"a-expander-collapsed-height a-row a-expander-container a-expander-partial-collapse-container\" aria-live=\"polite\" data-a-expander-name=\"aplus-module-expander\" data-a-expander-collapsed-height=\"700\">\n<div class=\"a-expander-content a-expander-partial-collapse-content\" aria-expanded=\"false\">\n<div class=\"aplus-module-wrapper apm-floatnone apm-fixed-width\">\n<div class=\"apm-sidemodule apm-spacing\">\n<div class=\"apm-sidemodule-textright\">\n<div class=\"celwidget aplus-module module-4 aplus-standard\" data-csa-c-id=\"gg9cbu-vw36sy-6l6pq3-83tomo\" data-cel-widget=\"aplus-module-4\">\n<div class=\"a-expander-collapsed-height a-row a-expander-container a-expander-partial-collapse-container\" aria-live=\"polite\" data-a-expander-name=\"aplus-module-expander\" data-a-expander-collapsed-height=\"700\">\n<div class=\"a-expander-content a-expander-partial-collapse-content\" aria-expanded=\"false\">\n<div class=\"aplus-module-wrapper apm-fixed-width\">\n<div class=\"apm-spacing\">\n<div class=\"apm-floatleft apm-fixed-width\">\n<h3 class=\"a-spacing-small\">12 Motivi per Cui Dovresti Sceglierci<\/h3>\n<p><img decoding=\"async\" class=\"\" src=\"https:\/\/m.media-amazon.com\/images\/S\/aplus-media\/sc\/0484a226-8be6-4965-8b8a-062de5498c97.__CR0,0,600,600_PT0_SX220_V1___.jpg\" alt=\"Light Weight\" data-src=\"https:\/\/m.media-amazon.com\/images\/S\/aplus-media\/sc\/0484a226-8be6-4965-8b8a-062de5498c97.__CR0,0,600,600_PT0_SX220_V1___.jpg\" data- title=\"\"><\/p>\n<h4 class=\"a-spacing-mini\">Leggero<\/h4>\n<p class=\"a-size-small\">Questa \u00e8 la scala pi\u00f9 leggera sul mercato. Il peso di una scala da 3 m \u00e8 di solo 1 kg.<\/p>\n<p><img decoding=\"async\" class=\"\" style=\"font-weight: 600;\" src=\"https:\/\/m.media-amazon.com\/images\/S\/aplus-media\/sc\/74a6e3c1-c8e9-4370-82e8-2ece837c08f7.__CR0,0,1000,1000_PT0_SX220_V1___.jpg\" alt=\"Strong and Stable\" data-src=\"https:\/\/m.media-amazon.com\/images\/S\/aplus-media\/sc\/74a6e3c1-c8e9-4370-82e8-2ece837c08f7.__CR0,0,1000,1000_PT0_SX220_V1___.jpg\" data- title=\"\"><\/p>\n<h4 class=\"a-spacing-mini\">Forte e Stabile<\/h4>\n<p class=\"a-size-small\">Uno dei grandi vantaggi della nostra scala in tessuto \u00e8 che le cinghie principali in nylon sono in un unico pezzo dal basso verso l&#8217;alto e non sono costituite da parti cucite, quindi \u00e8 eccezionalmente robusto. E i materiali utilizzati per i pioli, come la fibra di vetro e la fibra di basalto, rendono questa scala da cintura molto pi\u00f9 stabile di qualsiasi altra.<\/p>\n<p><img decoding=\"async\" class=\"\" src=\"https:\/\/m.media-amazon.com\/images\/S\/aplus-media\/sc\/a31e0885-9da9-4fe2-a571-e1558cab0393.__CR0,0,600,600_PT0_SX220_V1___.jpg\" alt=\"Tangle free\" data-src=\"https:\/\/m.media-amazon.com\/images\/S\/aplus-media\/sc\/a31e0885-9da9-4fe2-a571-e1558cab0393.__CR0,0,600,600_PT0_SX220_V1___.jpg\" data- title=\"\"><\/p>\n<h4 class=\"a-spacing-mini\">Senza Grovigli<\/h4>\n<p class=\"a-size-small\">Le nostre scale in tessuto possono essere semplicemente riposte nella custodia dopo l&#8217;uso.<\/p>\n<p class=\"a-size-small\">Nessun groviglio durante il montaggio.<\/p>\n<p><img decoding=\"async\" class=\"\" src=\"https:\/\/m.media-amazon.com\/images\/S\/aplus-media-library-service-media\/5b17870d-d7c5-4579-b5b8-0a44a4965b8d.__CR0,0,300,300_PT0_SX220_V1___.jpg\" alt=\"Poland\" data-src=\"https:\/\/m.media-amazon.com\/images\/S\/aplus-media-library-service-media\/5b17870d-d7c5-4579-b5b8-0a44a4965b8d.__CR0,0,300,300_PT0_SX220_V1___.jpg\" data- title=\"\"><\/p>\n<h4 class=\"a-spacing-mini\">Prodotto in Polonia<\/h4>\n<p class=\"a-size-small\">Puoi contare sulla qualit\u00e0!<\/p>\n<div class=\"apm-spacing\"><img decoding=\"async\" class=\"\" style=\"font-weight: 600;\" src=\"https:\/\/m.media-amazon.com\/images\/S\/aplus-media\/sc\/393ac846-c55d-4d1f-b20c-d83de7de6999.__CR0,0,1000,1000_PT0_SX220_V1___.jpg\" alt=\"Length\" data-src=\"https:\/\/m.media-amazon.com\/images\/S\/aplus-media\/sc\/393ac846-c55d-4d1f-b20c-d83de7de6999.__CR0,0,1000,1000_PT0_SX220_V1___.jpg\" data- title=\"\"><\/div>\n<\/div>\n<div><\/div>\n<\/div>\n<\/div>\n<div>\n<h4 class=\"a-spacing-mini\">Lunghezza<\/h4>\n<p class=\"a-size-small\">Le nostre scale in tessuto possono essere collegate tra loro per una lunghezza maggiore.<\/p>\n<p><img decoding=\"async\" class=\"\" style=\"font-weight: 600;\" src=\"https:\/\/m.media-amazon.com\/images\/S\/aplus-media\/sc\/6625ab17-5247-415b-a353-7a0e3ca2bb1d.__CR0,0,1000,1000_PT0_SX220_V1___.jpg\" alt=\"Weather Resistant\" data-src=\"https:\/\/m.media-amazon.com\/images\/S\/aplus-media\/sc\/6625ab17-5247-415b-a353-7a0e3ca2bb1d.__CR0,0,1000,1000_PT0_SX220_V1___.jpg\" data- title=\"\"><\/p>\n<h4 class=\"a-spacing-mini\">Resistente Agli Agenti Atmosferici<\/h4>\n<p class=\"a-size-small\">Il materiale stesso \u00e8 una fettuccia in poliestere e fili di nylon professionali che offrono resistenza a tutte le condizioni atmosferiche anche in acqua. Pertanto, possono essere utilizzati come scala per barche o scala per barche. Basso assorbimento di umidit\u00e0, resistente all&#8217;abrasione, resistente all&#8217;olio e a molti prodotti chimici, morbido, ad asciugatura rapida.<\/p>\n<\/div>\n<p><img decoding=\"async\" class=\"\" src=\"https:\/\/m.media-amazon.com\/images\/S\/aplus-media\/sc\/b1929708-9dad-44c2-a6ed-070474464c51.__CR0,0,1000,1000_PT0_SX220_V1___.jpg\" alt=\"Compact\" data-src=\"https:\/\/m.media-amazon.com\/images\/S\/aplus-media\/sc\/b1929708-9dad-44c2-a6ed-070474464c51.__CR0,0,1000,1000_PT0_SX220_V1___.jpg\" data- title=\"\"><\/p>\n<h4 class=\"a-spacing-mini\">Compatto<\/h4>\n<p class=\"a-size-small\">Non puoi immaginare scale pi\u00f9 compatte. L&#8217;intera scala sta nel palmo della tua mano. Non occupano molto spazio, possono essere riposti ovunque, ad es. B. sotto il letto in camera da letto, sul balcone e sul tetto.<\/p>\n<p><img decoding=\"async\" class=\"\" src=\"https:\/\/m.media-amazon.com\/images\/S\/aplus-media\/sc\/91d8e70e-82c2-457c-9c48-019a2fbff56a.__CR1282,342,714,714_PT0_SX220_V1___.png\" alt=\"Multifunctionality\" data-src=\"https:\/\/m.media-amazon.com\/images\/S\/aplus-media\/sc\/91d8e70e-82c2-457c-9c48-019a2fbff56a.__CR1282,342,714,714_PT0_SX220_V1___.png\" data- title=\"\"><\/p>\n<h4 class=\"a-spacing-mini\">Pioli Antiscivolo<\/h4>\n<p class=\"a-size-small\">\u00c8 noto che il materiale della cintura \u00e8 molto meno scivoloso di qualsiasi altro materiale duro come alluminio, metallo o plastica.<\/p>\n<\/div>\n<\/div>\n<\/div>\n<div class=\"celwidget aplus-module module-4 aplus-standard\" data-csa-c-id=\"fb0323-27v7tp-yosk85-aqy2ey\" data-cel-widget=\"aplus-module-4\">\n<div class=\"a-expander-collapsed-height a-row a-expander-container a-expander-partial-collapse-container\" aria-live=\"polite\" data-a-expander-name=\"aplus-module-expander\" data-a-expander-collapsed-height=\"700\">\n<div class=\"a-expander-content a-expander-partial-collapse-content\" aria-expanded=\"false\">\n<div class=\"aplus-module-wrapper apm-fixed-width\">\n<div class=\"apm-spacing\">\n<div class=\"apm-floatleft apm-fixed-width\">\n<div class=\"apm-spacing\"><img decoding=\"async\" class=\"\" src=\"https:\/\/m.media-amazon.com\/images\/S\/aplus-media\/sc\/88500a1b-9a49-4721-a955-87e6a78287e3.__CR0,0,1000,1000_PT0_SX220_V1___.jpg\" alt=\"Multifunctionality\" data-src=\"https:\/\/m.media-amazon.com\/images\/S\/aplus-media\/sc\/88500a1b-9a49-4721-a955-87e6a78287e3.__CR0,0,1000,1000_PT0_SX220_V1___.jpg\" data- title=\"\"><\/div>\n<\/div>\n<div><\/div>\n<\/div>\n<\/div>\n<div>\n<h4 class=\"a-spacing-mini\">Multifunzionalit\u00e0<\/h4>\n<p class=\"a-size-small\">Le scale ISOP possono essere utilizzate per una scala antincendio e per le emergenze, nonch\u00e9 per i bambini nel parco giochi o per una casa sull&#8217;albero.<\/p>\n<p><img decoding=\"async\" class=\"\" src=\"https:\/\/m.media-amazon.com\/images\/S\/aplus-media\/sc\/0ce14b90-f644-4e71-9958-a603ab85be7a.__CR0,0,800,800_PT0_SX220_V1___.jpg\" alt=\"Carabiners\" data-src=\"https:\/\/m.media-amazon.com\/images\/S\/aplus-media\/sc\/0ce14b90-f644-4e71-9958-a603ab85be7a.__CR0,0,800,800_PT0_SX220_V1___.jpg\" data- title=\"\"><\/p>\n<h4 class=\"a-spacing-mini\">Moschettone<\/h4>\n<p class=\"a-size-small\">Inclusi moschettoni professionali 11k cromati.<\/p>\n<p><img decoding=\"async\" class=\"\" src=\"https:\/\/m.media-amazon.com\/images\/S\/aplus-media\/sc\/91fd5669-769f-4880-a4f6-2c1fa7823109.__CR130,0,720,720_PT0_SX220_V1___.png\" alt=\"Waterproof Bag\" data-src=\"https:\/\/m.media-amazon.com\/images\/S\/aplus-media\/sc\/91fd5669-769f-4880-a4f6-2c1fa7823109.__CR130,0,720,720_PT0_SX220_V1___.png\" data- title=\"\"><\/p>\n<h4 class=\"a-spacing-mini\">Borsa Impermeabile<\/h4>\n<p class=\"a-size-small\">La borsa da spiaggia fresca \u00e8 inclusa nel set.<\/p>\n<p><img decoding=\"async\" class=\"\" src=\"https:\/\/m.media-amazon.com\/images\/S\/aplus-media\/sc\/664e5e7c-23b5-4ddb-9d57-cd43c1d86ba2.__CR0,0,1000,1000_PT0_SX220_V1___.jpg\" alt=\"Extremely Affordable\" data-src=\"https:\/\/m.media-amazon.com\/images\/S\/aplus-media\/sc\/664e5e7c-23b5-4ddb-9d57-cd43c1d86ba2.__CR0,0,1000,1000_PT0_SX220_V1___.jpg\" data- title=\"\"><\/p>\n<h4 class=\"a-spacing-mini\">Estremamente Conveniente<\/h4>\n<p class=\"a-size-small\">Questi sono pi\u00f9 economici dei loro omologhi.<\/p>\n<\/div>\n<\/div>\n<\/div>\n<\/div>\n<\/div>\n<\/div>\n<\/div>\n<\/div>\n<\/div>\n<\/div>\n<\/div>\n<\/div>\n<\/div>\n<\/div>\n<\/div>\n","protected":false},"excerpt":{"rendered":"[embed]https:\/\/youtu.be\/M3s4I9tKHbs[\/embed]\n<p id=\"title\" class=\"a-size-large a-spacing-none\" style=\"text-align: center;\"><span id=\"productTitle\" class=\"a-size-large product-title-word-break\">Scala di Emergenza 5 m | Scala di Salvataggio in Nylon Fabbricato negli UE | Moschettoni Inclusi: Leggeri e Resistenti Fino a 209 kg | Attrezzatura per la Risposta Alle Emergenze<\/span><\/p>\n<p style=\"text-align: center;\"><span style=\"vertical-align: inherit;\">CONSEGNA GRATUITA ENTRO 3-7 GIORNI<\/span><\/p>\n<h4 style=\"text-align: center;\"><strong><span style=\"vertical-align: inherit;\">ACQUISTA SU<\/span><\/strong><\/h4>\n<p style=\"text-align: center;\"><a href=\"https:\/\/www.amazon.it\/Antincendio-Moschettoni-Multifunzionale-Resistente-Atmosferici\/dp\/B08F4BKBD1\/?maas=maas_adg_2180AF360009C399A008A469D132E79A_afap_abs&amp;ref_=aa_maas&amp;ref=sr_1_1&amp;__mk_it_IT=%C3%85M%C3%85%C5%BD%C3%95%C3%91&amp;dchild=1&amp;keywords=Scala%20di%20Emergenza&amp;qid=1628573761&amp;s=kitchen&amp;sr=1-1&amp;th=1\"><img loading=\"lazy\" decoding=\"async\" class=\"wp-image-1040 size-full aligncenter\" src=\"https:\/\/rightfoodonly.com\/wp-content\/uploads\/amazon-button9.png\" alt=\"\" width=\"160\" height=\"59\" \/><\/a><\/p>\n<p>&nbsp;<\/p>\n","protected":false},"featured_media":4522,"comment_status":"open","ping_status":"closed","template":"","meta":[],"product_brand":[],"product_cat":[183,178],"product_tag":[139,36,103,46],"class_list":{"0":"post-4454","1":"product","2":"type-product","3":"status-publish","4":"has-post-thumbnail","6":"product_cat-scale-di-fuga-per-2-piani","7":"product_cat-scale-di-soccorso-antincendio","8":"product_tag-evacuazione","9":"product_tag-isop","10":"product_tag-scala-di-emergenza","11":"product_tag-sicurezza","13":"first","14":"instock","15":"shipping-taxable","16":"purchasable","17":"product-type-simple"},"_links":{"self":[{"href":"https:\/\/isopllc.com\/it\/wp-json\/wp\/v2\/product\/4454","targetHints":{"allow":["GET"]}}],"collection":[{"href":"https:\/\/isopllc.com\/it\/wp-json\/wp\/v2\/product"}],"about":[{"href":"https:\/\/isopllc.com\/it\/wp-json\/wp\/v2\/types\/product"}],"replies":[{"embeddable":true,"href":"https:\/\/isopllc.com\/it\/wp-json\/wp\/v2\/comments?post=4454"}],"wp:featuredmedia":[{"embeddable":true,"href":"https:\/\/isopllc.com\/it\/wp-json\/wp\/v2\/media\/4522"}],"wp:attachment":[{"href":"https:\/\/isopllc.com\/it\/wp-json\/wp\/v2\/media?parent=4454"}],"wp:term":[{"taxonomy":"product_brand","embeddable":true,"href":"https:\/\/isopllc.com\/it\/wp-json\/wp\/v2\/product_brand?post=4454"},{"taxonomy":"product_cat","embeddable":true,"href":"https:\/\/isopllc.com\/it\/wp-json\/wp\/v2\/product_cat?post=4454"},{"taxonomy":"product_tag","embeddable":true,"href":"https:\/\/isopllc.com\/it\/wp-json\/wp\/v2\/product_tag?post=4454"}],"curies":[{"name":"wp","href":"https:\/\/api.w.org\/{rel}","templated":true}]}}