{"id":4526,"date":"2022-05-26T01:53:06","date_gmt":"2022-05-26T01:53:06","guid":{"rendered":"https:\/\/isopllc.com\/it\/?post_type=product&#038;p=4526"},"modified":"2025-06-30T17:54:14","modified_gmt":"2025-06-30T17:54:14","slug":"scale-antincendio-isop-4-m-scale-a-scomparsa-per-case-a-2-piani-compatto-e-portatile-scala-di-corda-per-calconi-e-finestre-di-fuga-in-custodia-di-alluminio","status":"publish","type":"product","link":"https:\/\/isopllc.com\/it\/product\/scale-antincendio-isop-4-m-scale-a-scomparsa-per-case-a-2-piani-compatto-e-portatile-scala-di-corda-per-calconi-e-finestre-di-fuga-in-custodia-di-alluminio\/","title":{"rendered":"Scala di Corda per Calconi e Finestre di Fuga in Custodia di Alluminio"},"content":{"rendered":"<h1 id=\"title\" class=\"a-size-large a-spacing-none\"><span id=\"productTitle\" class=\"a-size-large product-title-word-break\">Scale Antincendio ISOP 4 m | Scale a Scomparsa per Case a 2 Piani | Compatto e Portatile | Scala di Corda per Calconi e Finestre di Fuga in Custodia di Alluminio<\/span><\/h1>\n<h3 class=\"a-spacing-small\">Perch\u00e9 scegliere le nostre scale antincendio?<\/h3>\n<p><img decoding=\"async\" src=\"https:\/\/m.media-amazon.com\/images\/S\/aplus-media-library-service-media\/eb357252-9807-4881-a43c-3cc4db2103d8.__CR0,0,1000,1000_PT0_SX300_V1___.jpg\" alt=\"alumnium box for fire extinguisher fire escape ladder\" title=\"\"><\/p>\n<p>L&#8217;armadio per scale antincendio in ferro mantiene la scala di fuga facilmente accessibile in caso di emergenza.<\/p>\n<p>Grazie alle sue dimensioni compatte &#8211;\u00a0(36x26x13 cm, 1 mm di spessore)\u00a0e alla struttura resistente, questo armadio \u00e8 ideale per appartamenti, condomini e piccole imprese e offre un luogo sicuro e protetto per l&#8217;archiviazione a lungo termine.<\/p>\n<p><img decoding=\"async\" class=\"a-spacing-mini\" src=\"https:\/\/m.media-amazon.com\/images\/S\/aplus-media\/sc\/d4cc9639-a61a-4b3c-b1c6-a62967c917dd.__CR145,0,1000,1000_PT0_SX300_V1___.jpg\" alt=\"Anti Slip Rungs\" data-src=\"https:\/\/m.media-amazon.com\/images\/S\/aplus-media\/sc\/d4cc9639-a61a-4b3c-b1c6-a62967c917dd.__CR145,0,1000,1000_PT0_SX300_V1___.jpg\" data- title=\"\"><\/p>\n<h3><span class=\"a-text-bold\">Delicato per le mani<\/span><\/h3>\n<p>Durante la creazione di queste scale, abbiamo considerato i difetti dei nostri concorrenti. I bestseller come first alert e kidde hanno molte lamentele sul fatto che quando usano le loro scale i pioli tagliano le mani degli utenti perch\u00e9 i pioli di alluminio sono affilati. Ne abbiamo tenuto conto e le nostre scale non hanno spigoli vivi e sono sicure per l&#8217;uso da parte di adulti e bambini.<\/p>\n<p>&nbsp;<\/p>\n<p><img decoding=\"async\" class=\"a-spacing-mini\" src=\"https:\/\/m.media-amazon.com\/images\/S\/aplus-media\/sc\/27f9c708-c858-49c0-96f7-815dd0fa4f9a.__CR0,0,1000,1000_PT0_SX300_V1___.jpg\" alt=\"Wide application\" data-src=\"https:\/\/m.media-amazon.com\/images\/S\/aplus-media\/sc\/27f9c708-c858-49c0-96f7-815dd0fa4f9a.__CR0,0,1000,1000_PT0_SX300_V1___.jpg\" data- title=\"\"><\/p>\n<h3><span class=\"a-text-bold\">Cinghie integrali<\/span><\/h3>\n<p>Anche in questo caso, confrontando le nostre scale con i concorrenti, va notato che, a differenza di altre, dall&#8217;estremit\u00e0 superiore a quella inferiore le nostre scale sono costituite da un unico pezzo di cinghia che pu\u00f2 resistere a pi\u00f9 di una 44 libbre (!) Grazie a una speciale tecnologia brevettata. Mentre le scale a nastro dei concorrenti sono cucite a pezzi, il che a nostro avviso \u00e8 inaffidabile.<\/p>\n<p><img decoding=\"async\" src=\"https:\/\/m.media-amazon.com\/images\/S\/aplus-media-library-service-media\/3e3631ef-bf95-4934-bd5d-2881c8d8d8c7.__CR0,0,300,300_PT0_SX300_V1___.jpg\" alt=\"For window or balcony\" title=\"\"><\/p>\n<p>Viene fornito con un set di bulloni di ancoraggio da arrampicata, 2 piastre di sospensione e 2 bulloni di espansione. Bulloni e rondelle piatte sono inclusi.<\/p>\n<p><img decoding=\"async\" class=\"a-spacing-mini\" src=\"https:\/\/m.media-amazon.com\/images\/S\/aplus-media\/sc\/42cab632-a2d0-40fd-a2dd-280d531bf010.__CR282,0,1000,1000_PT0_SX300_V1___.jpg\" alt=\"For window or balcony\" data-src=\"https:\/\/m.media-amazon.com\/images\/S\/aplus-media\/sc\/42cab632-a2d0-40fd-a2dd-280d531bf010.__CR282,0,1000,1000_PT0_SX300_V1___.jpg\" data- title=\"\"><\/p>\n<h3><span class=\"a-text-bold\">Stabilizzatori<\/span><\/h3>\n<p>I pioli delle nostre scale sono dotati di stabilizzatori che consentono alle scale di non aderire saldamente al muro ma di rimanere salde contro di esso e quindi facilitare notevolmente la discesa dal secondo o terzo piano.<\/p>\n<h3><span class=\"a-text-bold\">Pioli antiscivolo<\/span><\/h3>\n<p>Uno speciale disegno sulla superficie dei pioli rende la discesa dall&#8217;appartamento antiscivolo con qualsiasi tempo.<\/p>\n<p><img decoding=\"async\" class=\"a-spacing-mini\" src=\"https:\/\/m.media-amazon.com\/images\/S\/aplus-media\/sc\/8b1ba6ce-d84f-4314-b98a-95d063fc3e5e.__CR500,0,1000,1000_PT0_SX300_V1___.jpg\" alt=\"For window or balcony\" data-src=\"https:\/\/m.media-amazon.com\/images\/S\/aplus-media\/sc\/8b1ba6ce-d84f-4314-b98a-95d063fc3e5e.__CR500,0,1000,1000_PT0_SX300_V1___.jpg\" data- title=\"\"><\/p>\n<h3><span class=\"a-text-bold\">Resistente alle intemperie<\/span><\/h3>\n<p>La speciale vernice verniciata a polvere protegge i pioli dalla ruggine e la fettuccia in poliestere \u00e8 altamente resistente all&#8217;acqua o alla neve, quindi le nostre scale antincendio sono resistenti agli agenti atmosferici.<\/p>\n<h3><span class=\"a-text-bold\">Riutilizzabile<\/span><\/h3>\n<p>Le nostre scale sono riutilizzabili, a differenza di quelle della concorrenza. Con una corretta conservazione, possono durare per anni!<\/p>\n<p><img decoding=\"async\" src=\"https:\/\/m.media-amazon.com\/images\/S\/aplus-media-library-service-media\/9565f831-9888-4144-a36f-5e092ddb895b.__CR0,0,300,300_PT0_SX300_V1___.jpg\" alt=\"carabiners\" title=\"\"><\/p>\n<h3><span class=\"a-text-bold\">Moschettoni pesanti<\/span><\/h3>\n<p>Le scalette includono moschettoni cromati con carico di rottura 11KN.<\/p>\n<p><img decoding=\"async\" class=\"\" src=\"https:\/\/m.media-amazon.com\/images\/S\/aplus-media\/sc\/55dfe070-7172-4b34-b379-6ab49b743dd1.__CR226,0,1000,1000_PT0_SX300_V1___.jpg\" alt=\"Variation of 2 sizes\" data-src=\"https:\/\/m.media-amazon.com\/images\/S\/aplus-media\/sc\/55dfe070-7172-4b34-b379-6ab49b743dd1.__CR226,0,1000,1000_PT0_SX300_V1___.jpg\" data- title=\"\"><\/p>\n<h3>Certificato<\/h3>\n<p>Le nostre scale, a differenza di tutte le altre simili sul mercato, sono certificate secondo lo standard di qualit\u00e0 EN 131. \u00c8 meglio affidare la propria vita a un prodotto che ha superato tutti i test necessari, piuttosto che a un articolo leggermente pi\u00f9 economico, fatto chiss\u00e0 con quali materiali.<\/p>\n<p><img loading=\"lazy\" decoding=\"async\" class=\"alignnone  wp-image-5206\" src=\"https:\/\/isopllc.com\/it\/wp-content\/uploads\/sites\/8\/2025\/04\/Italy.jpg\" alt=\"Certificato Scala Antincendio\" width=\"309\" height=\"309\" title=\"\" srcset=\"https:\/\/isopllc.com\/it\/wp-content\/uploads\/sites\/8\/2025\/04\/Italy.jpg 1080w, https:\/\/isopllc.com\/it\/wp-content\/uploads\/sites\/8\/2025\/04\/Italy-150x150.jpg 150w, https:\/\/isopllc.com\/it\/wp-content\/uploads\/sites\/8\/2025\/04\/Italy-768x768.jpg 768w, https:\/\/isopllc.com\/it\/wp-content\/uploads\/sites\/8\/2025\/04\/Italy-1000x1000.jpg 1000w, https:\/\/isopllc.com\/it\/wp-content\/uploads\/sites\/8\/2025\/04\/Italy-416x416.jpg 416w, https:\/\/isopllc.com\/it\/wp-content\/uploads\/sites\/8\/2025\/04\/Italy-100x100.jpg 100w\" sizes=\"auto, (max-width: 309px) 100vw, 309px\" \/><\/p>\n<h3><span class=\"a-text-bold\">Azienda di scala professionale<\/span><\/h3>\n<p>Ti consigliamo di acquistare le scale da un&#8217;azienda specializzata in scale, poich\u00e9 si tratta di un prodotto di sicurezza.<\/p>\n<p>E ISOP \u00e8 una delle poche aziende che offre un&#8217;ampia selezione di diverse scale dal proprio stabilimento di produzione.<\/p>\n<p><img decoding=\"async\" src=\"https:\/\/m.media-amazon.com\/images\/S\/aplus-media-library-service-media\/0c3c254d-684e-4313-bc9f-ae4b4b7e7ee7.__CR0,0,300,300_PT0_SX300_V1___.jpg\" alt=\"professional ladder\" title=\"\"><\/p>\n<p>&nbsp;<\/p>\n<p>Disponibile anche nella versione da <a href=\"https:\/\/isopllc.com\/it\/product\/scala-antincendio-a-parete-3-piani-7-5-m\/\"><strong>3 piani.<\/strong><\/a><\/p>\n<p>&nbsp;<\/p>\n<p>&nbsp;<\/p>\n<p>&nbsp;<\/p>\n","protected":false},"excerpt":{"rendered":"<p id=\"title\" class=\"a-size-large a-spacing-none\" style=\"text-align: center\"><span id=\"productTitle\" class=\"a-size-large product-title-word-break\">Scale Antincendio ISOP 4 m | Scale a Scomparsa per Case a 2 Piani | Compatto e Portatile | Scala di Corda per Calconi e Finestre di Fuga in Custodia di Alluminio<\/span><\/p>\n<p style=\"text-align: center\">CONSEGNA GRATUITA IN 3-7 GIORNI<\/p>\n<h4 style=\"text-align: center\"><strong>ACQUISTALO SU<\/strong><\/h4>\n<p style=\"text-align: center\"><a href=\"https:\/\/www.amazon.it\/dp\/B09G1PV5RS?ref=myi_title_dp\"><img loading=\"lazy\" decoding=\"async\" class=\"wp-image-1040 size-full aligncenter\" src=\"https:\/\/rightfoodonly.com\/wp-content\/uploads\/amazon-button9.png\" alt=\"\" width=\"160\" height=\"59\" \/><\/a><\/p>\n","protected":false},"featured_media":4527,"comment_status":"open","ping_status":"closed","template":"","meta":[],"product_brand":[],"product_cat":[177,179,184],"product_tag":[135,136,102,46],"class_list":{"0":"post-4526","1":"product","2":"type-product","3":"status-publish","4":"has-post-thumbnail","6":"product_cat-scale-a-muro","7":"product_cat-scale-di-fuga-con-supporti","8":"product_cat-scale-di-fuga-per-1-piano","9":"product_tag-calconi","10":"product_tag-finestre-di-fuga","11":"product_tag-scala-di-corda","12":"product_tag-sicurezza","14":"first","15":"instock","16":"shipping-taxable","17":"purchasable","18":"product-type-simple"},"_links":{"self":[{"href":"https:\/\/isopllc.com\/it\/wp-json\/wp\/v2\/product\/4526","targetHints":{"allow":["GET"]}}],"collection":[{"href":"https:\/\/isopllc.com\/it\/wp-json\/wp\/v2\/product"}],"about":[{"href":"https:\/\/isopllc.com\/it\/wp-json\/wp\/v2\/types\/product"}],"replies":[{"embeddable":true,"href":"https:\/\/isopllc.com\/it\/wp-json\/wp\/v2\/comments?post=4526"}],"wp:featuredmedia":[{"embeddable":true,"href":"https:\/\/isopllc.com\/it\/wp-json\/wp\/v2\/media\/4527"}],"wp:attachment":[{"href":"https:\/\/isopllc.com\/it\/wp-json\/wp\/v2\/media?parent=4526"}],"wp:term":[{"taxonomy":"product_brand","embeddable":true,"href":"https:\/\/isopllc.com\/it\/wp-json\/wp\/v2\/product_brand?post=4526"},{"taxonomy":"product_cat","embeddable":true,"href":"https:\/\/isopllc.com\/it\/wp-json\/wp\/v2\/product_cat?post=4526"},{"taxonomy":"product_tag","embeddable":true,"href":"https:\/\/isopllc.com\/it\/wp-json\/wp\/v2\/product_tag?post=4526"}],"curies":[{"name":"wp","href":"https:\/\/api.w.org\/{rel}","templated":true}]}}