{"id":4639,"date":"2023-01-17T16:53:28","date_gmt":"2023-01-17T16:53:28","guid":{"rendered":"https:\/\/isopllc.com\/it\/?post_type=product&#038;p=4639"},"modified":"2025-06-30T17:49:39","modified_gmt":"2025-06-30T17:49:39","slug":"coperta-antincendio-120180-cm","status":"publish","type":"product","link":"https:\/\/isopllc.com\/it\/product\/coperta-antincendio-120180-cm\/","title":{"rendered":"Coperta antincendio 120*180 cm"},"content":{"rendered":"<div class=\"celwidget aplus-module premium-module-3-four-column-images aplus-premium\" data-csa-c-id=\"5x7ui9-ius50c-ssm1r8-66oj1i\" data-cel-widget=\"aplus-premium-module-3-four-column-images\">\n<div class=\"a-section a-spacing-none premium-aplus premium-aplus-module-3 aplus-container-1\">\n<h1 id=\"title\" class=\"a-size-large a-spacing-none\">Coperta antincendio 120*180 cm \u2013 Coperta ignifuga in fibra di vetro \u2013 Coperta di emergenza resistente \u2013 Coperta di sopravvivenza di grado A \u2013 Coperta antincendio \u2013 Coperta di pronto soccorso \u2013 Coperta di salvataggio per la casa<\/h1>\n<\/div>\n<\/div>\n<div class=\"celwidget aplus-module premium-module-4-two-column-images aplus-premium\" data-csa-c-id=\"15yl7x-eio1n0-m9lh6n-socwzs\" data-cel-widget=\"aplus-premium-module-4-two-column-images\">\n<div class=\"a-section a-spacing-none premium-aplus premium-aplus-module-4 aplus-container-1\">\n<div class=\"a-section a-spacing-none premium-aplus-two-column\">\n<div class=\"a-section a-spacing-none premium-aplus-column\">\n<div class=\"a-section a-spacing-none column-description\">\n<div class=\"celwidget aplus-module premium-module-1-image-text aplus-premium\" data-csa-c-id=\"x545br-jvgu92-1elkrx-n14gmb\" data-cel-widget=\"aplus-premium-module-1-image-text\">\n<div class=\"a-section a-spacing-none premium-aplus premium-aplus-module-1 aplus-container-1\">\n<div class=\"a-section a-spacing-none aplus-display-table\">\n<div class=\"a-section a-spacing-none aplus-module-section aplus-display-table-cell aplus-image-section\"><img decoding=\"async\" class=\"\" src=\"https:\/\/m.media-amazon.com\/images\/S\/aplus-media-library-service-media\/20c4d590-e1df-47d5-9b6d-1700e574bf3f.__CR0,0,800,600_PT0_SX800_V1___.jpg\" alt=\"Fibreglass Fire Retardant Blanket\" data-src=\"https:\/\/m.media-amazon.com\/images\/S\/aplus-media-library-service-media\/20c4d590-e1df-47d5-9b6d-1700e574bf3f.__CR0,0,800,600_PT0_SX800_V1___.jpg\" data- title=\"\"><\/div>\n<div class=\"a-section a-spacing-none aplus-module-section aplus-display-table-cell aplus-text-section-right\">\n<h1 class=\"aplus-h1 aplus-module-1-heading a-text-bold\">Coperta di sopravvivenza di grado A \u2013 Antincendio \u2013 Pronto soccorso \u2013 Coperta di salvataggio<\/h1>\n<p>La coperta di emergenza ISOP per la sopravvivenza spegne il fuoco in pochi secondi. La custodia rossa \u00e8 progettata per essere appesa all&#8217;occhiello con la custodia che si apre verso il basso, in modo da poter afferrare e tirare rapidamente le due cinghie, aprire la coperta e aprire la coperta di pronto soccorso per coprire la fonte di fuoco finch\u00e9 non soffoca e spegne il fuoco<\/p>\n<p>Apprezziamo prenderci cura gli uni degli altri e rimanere in contatto con il cuore pulsante della nostra comunit\u00e0.<\/p>\n<\/div>\n<\/div>\n<\/div>\n<\/div>\n<div class=\"celwidget aplus-module premium-module-4-two-column-images aplus-premium\" data-csa-c-id=\"rtlj53-bjgtoh-kpqsj4-jiaqb8\" data-cel-widget=\"aplus-premium-module-4-two-column-images\">\n<div class=\"a-section a-spacing-none premium-aplus premium-aplus-module-4 aplus-container-1\">\n<div class=\"a-section a-spacing-none premium-aplus-two-column\">\n<div class=\"a-section a-spacing-none premium-aplus-column\">\n<div class=\"a-section a-spacing-none {'column-image'}\"><img decoding=\"async\" class=\"\" src=\"https:\/\/m.media-amazon.com\/images\/S\/aplus-media-library-service-media\/f75da90f-6d87-4348-8303-ca326e370061.__CR0,0,650,350_PT0_SX650_V1___.jpg\" alt=\"Fibreglass Fire Retardant Blanket\" data-src=\"https:\/\/m.media-amazon.com\/images\/S\/aplus-media-library-service-media\/f75da90f-6d87-4348-8303-ca326e370061.__CR0,0,650,350_PT0_SX650_V1___.jpg\" data- title=\"\"><\/div>\n<div class=\"a-section a-spacing-none column-description\"><\/div>\n<\/div>\n<\/div>\n<\/div>\n<\/div>\n<div class=\"celwidget aplus-module premium-module-15-text aplus-premium\" data-csa-c-id=\"bnb6tm-tysnie-sthwlh-4mqwnf\" data-cel-widget=\"aplus-premium-module-15-text\">\n<div class=\"a-section a-spacing-none premium-aplus premium-aplus-module-15\">\n<div class=\"a-section a-spacing-none\">\n<p>La coperta di salvataggio funge da scudo protettivo. Queste coperte possono essere utilizzate per spegnere piccoli incendi allarmanti dal calore e aiutare nella prevenzione degli incendi domestici, soffocandoli di ossigeno. Puoi usarlo per spegnere piccoli fuochi che possono sfuggire al controllo nella griglia all&#8217;aperto, fal\u00f2, fessure, tende con prese vicine, in caso di cortocircuito elettrico in casa e in cucina. Avvolgilo intorno a te e scappa il prima possibile.<\/p>\n<p>Costruzione in fibra di vetro durevole e pesante. Le nostre coperte antincendio di grado A sono realizzate in fibra di vetro per impieghi gravosi, un materiale che attenua le fiamme e si distingue per le sue propriet\u00e0 di resistenza alla temperatura. La fibra di vetro \u00e8 ignifuga e soddisfa lo standard EN-1869: 1997 per la soppressione del fuoco. Se risiedi in una cabina remota, funge da estintore, considerando che il volontario impiegherebbe del tempo per rispondere alle chiamate di soccorso.<\/p>\n<div class=\"celwidget aplus-module premium-module-4-two-column-images aplus-premium\" data-csa-c-id=\"1qsvnq-s2pplf-150y0h-f4ki8g\">\n<div class=\"a-section a-spacing-none premium-aplus premium-aplus-module-4 aplus-container-1\">\n<div class=\"a-section a-spacing-none premium-aplus-two-column\">\n<div class=\"a-section a-spacing-none premium-aplus-column\">\n<div class=\"a-section a-spacing-none {'column-image'}\"><img decoding=\"async\" class=\"\" src=\"https:\/\/m.media-amazon.com\/images\/S\/aplus-media-library-service-media\/b821e742-bf50-4e90-a57f-90c4944a5825.__CR0,0,650,350_PT0_SX650_V1___.jpg\" alt=\"Fibreglass Fire Retardant Blanket\" data-src=\"https:\/\/m.media-amazon.com\/images\/S\/aplus-media-library-service-media\/b821e742-bf50-4e90-a57f-90c4944a5825.__CR0,0,650,350_PT0_SX650_V1___.jpg\" data- title=\"\"><\/div>\n<div class=\"a-section a-spacing-none column-description\"><\/div>\n<\/div>\n<\/div>\n<\/div>\n<\/div>\n<div class=\"celwidget aplus-module premium-module-15-text aplus-premium\" data-csa-c-id=\"hojorg-jhrtya-jrvofx-evbfdk\">\n<div class=\"a-section a-spacing-none premium-aplus premium-aplus-module-15\">\n<div class=\"a-section a-spacing-none\">\n<p>Non aspettare che si verifichino emergenze, apri la nostra attrezzatura di soccorso, senti l&#8217;alta qualit\u00e0, familiarizza con il prodotto e insegna ai minori come gestirlo, se da soli.<\/p>\n<p>Regalalo come regalo di inaugurazione della casa, che \u00e8 pratico, premuroso e un investimento una tantum. Fino al momento in cui non raggiungi il punto allertato dal tuo rilevatore di incendio, per lo pi\u00f9 le fiamme sono gi\u00e0 alte. In quei punti l&#8217;applicazione di alternative come le coperte antincendio \u00e8 un modo pi\u00f9 semplice ed efficace per schierarsi contro qualsiasi dimensione di focolaio di incendio, dove le emozioni e l&#8217;ansia saranno alte.<\/p>\n<p>Oltre alle coperte antincendio, il marchio ISOP offre un vasto assortimento di scale antincendio, scale di salvataggio e set di sicurezza antincendio.<\/p>\n<\/div>\n<\/div>\n<\/div>\n<p class=\"description\">\n<\/div>\n<\/div>\n<\/div>\n<\/div>\n<\/div>\n<\/div>\n<\/div>\n<\/div>\n","protected":false},"excerpt":{"rendered":"<p id=\"title\" class=\"a-size-large a-spacing-none\" style=\"text-align: center;\">Coperta antincendio 120*180 cm \u2013 Coperta ignifuga in fibra di vetro \u2013 Coperta di emergenza resistente \u2013 Coperta di sopravvivenza di grado A \u2013 Coperta antincendio \u2013 Coperta di primo soccorso \u2013 Coperta di salvataggio per la casa<\/p>\n<p style=\"text-align: center;\">CONSEGNA GRATUITA ENTRO 3-7 GIORNI<\/p>\n<h4 style=\"text-align: center;\"><strong>ACQUISTA SU<\/strong><\/h4>\n<p><a href=\"https:\/\/www.amazon.it\/dp\/B0BLLNJXKH?ref=myi_title_dp\"><img loading=\"lazy\" decoding=\"async\" class=\"aligncenter wp-image-1040 size-full\" src=\"https:\/\/isopllc.com\/it\/wp-content\/uploads\/sites\/8\/2020\/01\/amazon-button9.png\" alt=\"\" width=\"160\" height=\"59\" \/><\/a><\/p>\n","protected":false},"featured_media":4640,"comment_status":"open","ping_status":"closed","template":"","meta":[],"product_brand":[],"product_cat":[172,170],"product_tag":[45,47,46],"class_list":{"0":"post-4639","1":"product","2":"type-product","3":"status-publish","4":"has-post-thumbnail","6":"product_cat-coperta-di-emergenza","7":"product_cat-set-di-salvataggio-e-sopravvivenza","8":"product_tag-coperta-antincendio","9":"product_tag-emergenza","10":"product_tag-sicurezza","12":"first","13":"instock","14":"shipping-taxable","15":"purchasable","16":"product-type-simple"},"_links":{"self":[{"href":"https:\/\/isopllc.com\/it\/wp-json\/wp\/v2\/product\/4639","targetHints":{"allow":["GET"]}}],"collection":[{"href":"https:\/\/isopllc.com\/it\/wp-json\/wp\/v2\/product"}],"about":[{"href":"https:\/\/isopllc.com\/it\/wp-json\/wp\/v2\/types\/product"}],"replies":[{"embeddable":true,"href":"https:\/\/isopllc.com\/it\/wp-json\/wp\/v2\/comments?post=4639"}],"wp:featuredmedia":[{"embeddable":true,"href":"https:\/\/isopllc.com\/it\/wp-json\/wp\/v2\/media\/4640"}],"wp:attachment":[{"href":"https:\/\/isopllc.com\/it\/wp-json\/wp\/v2\/media?parent=4639"}],"wp:term":[{"taxonomy":"product_brand","embeddable":true,"href":"https:\/\/isopllc.com\/it\/wp-json\/wp\/v2\/product_brand?post=4639"},{"taxonomy":"product_cat","embeddable":true,"href":"https:\/\/isopllc.com\/it\/wp-json\/wp\/v2\/product_cat?post=4639"},{"taxonomy":"product_tag","embeddable":true,"href":"https:\/\/isopllc.com\/it\/wp-json\/wp\/v2\/product_tag?post=4639"}],"curies":[{"name":"wp","href":"https:\/\/api.w.org\/{rel}","templated":true}]}}