{"id":4670,"date":"2023-01-27T15:54:46","date_gmt":"2023-01-27T15:54:46","guid":{"rendered":"https:\/\/isopllc.com\/it\/?post_type=product&#038;p=4670"},"modified":"2025-06-30T17:49:03","modified_gmt":"2025-06-30T17:49:03","slug":"stufa-da-viaggio-e-tazza-da-caffe-pieghevole","status":"publish","type":"product","link":"https:\/\/isopllc.com\/it\/product\/stufa-da-viaggio-e-tazza-da-caffe-pieghevole\/","title":{"rendered":"Stufa da viaggio e tazza da caff\u00e8 pieghevole"},"content":{"rendered":"<div class=\"celwidget aplus-module premium-module-3-four-column-images aplus-premium\" data-csa-c-id=\"5x7ui9-ius50c-ssm1r8-66oj1i\" data-cel-widget=\"aplus-premium-module-3-four-column-images\">\n<h1 class=\"a-section a-spacing-none premium-aplus premium-aplus-module-3 aplus-container-1\">Stufa a zaino e tazza da caff\u00e8 pieghevole &#8211; Fornello da campeggio portatile &#8211; Piccolo fornello singolo per tanica di carburante &#8211; Mini caldaia tascabile per escursioni e cucina a gas &#8211; Compatibile con 4 tipi comuni di combustibili per fornelli da campeggio<\/h1>\n<\/div>\n<div class=\"celwidget aplus-module premium-module-4-two-column-images aplus-premium\" data-csa-c-id=\"c2v7oo-xov140-stsvaj-fyaclr\" data-cel-widget=\"aplus-premium-module-4-two-column-images\">\n<div class=\"a-section a-spacing-none premium-aplus premium-aplus-module-4 aplus-container-1\">\n<div class=\"a-section a-spacing-none premium-aplus-two-column\">\n<div class=\"a-section a-spacing-none premium-aplus-column\">\n<div class=\"a-section a-spacing-none {'column-image'}\"><img decoding=\"async\" class=\"\" src=\"https:\/\/m.media-amazon.com\/images\/S\/aplus-media-library-service-media\/b2d9490f-a40f-4e8c-8db4-e99a05f9a2bc.__CR59,18,657,354_PT0_SX650_V1___.jpg\" alt=\"Small Stove Single Burner for Fuel Canister\" data-src=\"https:\/\/m.media-amazon.com\/images\/S\/aplus-media-library-service-media\/b2d9490f-a40f-4e8c-8db4-e99a05f9a2bc.__CR59,18,657,354_PT0_SX650_V1___.jpg\" data- title=\"\"><\/div>\n<div class=\"a-section a-spacing-none column-heading\"><\/div>\n<div class=\"a-section a-spacing-none column-description\">\n<p class=\"aplus-p3\">Il fornello compatto Primus di ISOP \u00e8 perfetto per i viaggi o il campeggio. Capita spesso quando stando in montagna o nella natura desideri una tazza di t\u00e8 o caff\u00e8 caldo, con il nostro mini fornello e una tazza ti verr\u00e0 fornita.<\/p>\n<\/div>\n<\/div>\n<div class=\"a-section a-spacing-none premium-aplus-column\">\n<div class=\"a-section a-spacing-none {'column-image'}\"><img decoding=\"async\" class=\"\" src=\"https:\/\/m.media-amazon.com\/images\/S\/aplus-media-library-service-media\/faa31d46-35b8-4347-b136-6915e89a2bdb.__CR0,0,650,350_PT0_SX650_V1___.jpg\" alt=\"Collapsible Cup for Travel - Silicone Camping Mug\" data-src=\"https:\/\/m.media-amazon.com\/images\/S\/aplus-media-library-service-media\/faa31d46-35b8-4347-b136-6915e89a2bdb.__CR0,0,650,350_PT0_SX650_V1___.jpg\" data- title=\"\"><\/div>\n<div class=\"a-section a-spacing-none column-heading\"><\/div>\n<div class=\"a-section a-spacing-none column-description\">\n<p class=\"aplus-p3\">La tazza pieghevole per viaggiare \u00e8 realizzata in silicone alimentare, che \u00e8 abbastanza sicuro da usare senza additivi nocivi. Niente plastica, niente sostanze chimiche strane e niente che non vuoi nel tuo corpo. Solo tu e la tua bevanda preferita.<\/p>\n<\/div>\n<\/div>\n<\/div>\n<\/div>\n<\/div>\n<div class=\"celwidget aplus-module premium-module-4-two-column-images aplus-premium\" data-csa-c-id=\"x4ph9p-q838io-prcyjw-2cnwk\" data-cel-widget=\"aplus-premium-module-4-two-column-images\">\n<div class=\"a-section a-spacing-none premium-aplus premium-aplus-module-4 aplus-container-1\">\n<div class=\"a-section a-spacing-none premium-aplus-two-column\">\n<div class=\"a-section a-spacing-none premium-aplus-column\">\n<div class=\"a-section a-spacing-none {'column-image'}\"><img decoding=\"async\" class=\"\" src=\"https:\/\/m.media-amazon.com\/images\/S\/aplus-media-library-service-media\/9a39e5ee-03de-46e9-8a9a-72cdfe8e652c.__CR0,0,650,350_PT0_SX650_V1___.jpg\" alt=\"Camping Stove\" data-src=\"https:\/\/m.media-amazon.com\/images\/S\/aplus-media-library-service-media\/9a39e5ee-03de-46e9-8a9a-72cdfe8e652c.__CR0,0,650,350_PT0_SX650_V1___.jpg\" data- title=\"\"><\/div>\n<div class=\"a-section a-spacing-none column-heading\"><\/div>\n<div class=\"a-section a-spacing-none column-description\">\n<p class=\"aplus-p3\">Anche stando seduti sulla veranda di casa o in giardino e sentendoti come un caff\u00e8 o un t\u00e8 caldo non devi correre a casa e stare accanto al bollitore finch\u00e9 non bolle, con l&#8217;aiuto della nostra stufa Primus puoi preparare il t\u00e8 direttamente sul punto.<\/p>\n<\/div>\n<\/div>\n<div class=\"a-section a-spacing-none premium-aplus-column\">\n<div class=\"a-section a-spacing-none {'column-image'}\"><img decoding=\"async\" class=\"\" src=\"https:\/\/m.media-amazon.com\/images\/S\/aplus-media-library-service-media\/2089eee2-c4f6-43a7-b0b4-ec4f2f557636.__CR0,69,750,404_PT0_SX650_V1___.jpg\" alt=\"fuel mini stove\" data-src=\"https:\/\/m.media-amazon.com\/images\/S\/aplus-media-library-service-media\/2089eee2-c4f6-43a7-b0b4-ec4f2f557636.__CR0,69,750,404_PT0_SX650_V1___.jpg\" data- title=\"\"><\/div>\n<div class=\"a-section a-spacing-none column-heading\"><\/div>\n<div class=\"a-section a-spacing-none column-description\">\n<p>\u00c8 compatto, leggero, pieghevole e molto resistente. Essenzialmente eterno. In uno zaino da trekking non occupa quasi spazio ed \u00e8 indispensabile per qualsiasi kit di sopravvivenza!<\/p>\n<p>Il serbatoio del gas non \u00e8 incluso.<\/p>\n<\/div>\n<\/div>\n<\/div>\n<\/div>\n<\/div>\n","protected":false},"excerpt":{"rendered":"<p id=\"reconcile-item-title\" class=\"text-weight-bold\" style=\"text-align: center;\">Stufa a zaino e tazza da caff\u00e8 pieghevole &#8211; Fornello da campeggio portatile &#8211; Piccolo fornello singolo per tanica di carburante &#8211; Mini caldaia tascabile per escursioni e cucina a gas &#8211; Compatibile con 4 tipi comuni di combustibili per fornelli da campeggio<\/p>\n<p style=\"text-align: center;\">CONSEGNA GRATUITA ENTRO 3-7 GIORNI<\/p>\n<h4 style=\"text-align: center;\"><strong>ACQUISTA SU<\/strong><\/h4>\n<p><a href=\"https:\/\/www.amazon.it\/dp\/B0BNQJ4CVJ?ref=myi_title_dp\"><img loading=\"lazy\" decoding=\"async\" class=\"aligncenter wp-image-1040 size-full\" src=\"https:\/\/isopllc.com\/it\/wp-content\/uploads\/sites\/8\/2020\/01\/amazon-button9.png\" alt=\"\" width=\"160\" height=\"59\" \/><\/a><\/p>\n<p style=\"text-align: center;\">\n","protected":false},"featured_media":4671,"comment_status":"open","ping_status":"closed","template":"","meta":[],"product_brand":[],"product_cat":[170],"product_tag":[155,154,161,162],"class_list":{"0":"post-4670","1":"product","2":"type-product","3":"status-publish","4":"has-post-thumbnail","6":"product_cat-set-di-salvataggio-e-sopravvivenza","7":"product_tag-attrezzatura-outdoor","8":"product_tag-campeggio","9":"product_tag-stufa-da-viaggio","10":"product_tag-tazza-da-caffe-pieghevole","12":"first","13":"instock","14":"shipping-taxable","15":"purchasable","16":"product-type-simple"},"_links":{"self":[{"href":"https:\/\/isopllc.com\/it\/wp-json\/wp\/v2\/product\/4670","targetHints":{"allow":["GET"]}}],"collection":[{"href":"https:\/\/isopllc.com\/it\/wp-json\/wp\/v2\/product"}],"about":[{"href":"https:\/\/isopllc.com\/it\/wp-json\/wp\/v2\/types\/product"}],"replies":[{"embeddable":true,"href":"https:\/\/isopllc.com\/it\/wp-json\/wp\/v2\/comments?post=4670"}],"wp:featuredmedia":[{"embeddable":true,"href":"https:\/\/isopllc.com\/it\/wp-json\/wp\/v2\/media\/4671"}],"wp:attachment":[{"href":"https:\/\/isopllc.com\/it\/wp-json\/wp\/v2\/media?parent=4670"}],"wp:term":[{"taxonomy":"product_brand","embeddable":true,"href":"https:\/\/isopllc.com\/it\/wp-json\/wp\/v2\/product_brand?post=4670"},{"taxonomy":"product_cat","embeddable":true,"href":"https:\/\/isopllc.com\/it\/wp-json\/wp\/v2\/product_cat?post=4670"},{"taxonomy":"product_tag","embeddable":true,"href":"https:\/\/isopllc.com\/it\/wp-json\/wp\/v2\/product_tag?post=4670"}],"curies":[{"name":"wp","href":"https:\/\/api.w.org\/{rel}","templated":true}]}}