{"id":4681,"date":"2023-01-27T15:59:33","date_gmt":"2023-01-27T15:59:33","guid":{"rendered":"https:\/\/isopllc.com\/it\/?post_type=product&#038;p=4681"},"modified":"2025-06-30T17:47:54","modified_gmt":"2025-06-30T17:47:54","slug":"set-fornello-da-campeggio-isop-e-tazza-da-viaggio","status":"publish","type":"product","link":"https:\/\/isopllc.com\/it\/product\/set-fornello-da-campeggio-isop-e-tazza-da-viaggio\/","title":{"rendered":"Set fornello da campeggio ISOP e tazza da viaggio"},"content":{"rendered":"<h1 class=\"a-section a-spacing-none premium-aplus premium-aplus-module-3 aplus-container-1\">ISOP Set fornello da campeggio e tazza da viaggio &#8211; Mini fornello portatile da viaggio &#8211; Fornello da campeggio\/trekking\/backpacking a prova di perdite &#8211; Fornello ad alcool in acciaio inossidabile e tazza pieghevole da viaggio &#8211; Tazza da campeggio in silicone<\/h1>\n<div class=\"celwidget aplus-module premium-module-4-two-column-images aplus-premium\" data-csa-c-id=\"sdy05b-vrb5mv-3tmwc5-k338fj\">\n<div class=\"a-section a-spacing-none premium-aplus premium-aplus-module-4 aplus-container-1\">\n<div class=\"a-section a-spacing-none premium-aplus-two-column\">\n<div class=\"a-section a-spacing-none premium-aplus-column\">\n<div class=\"a-section a-spacing-none {'column-image'}\"><img decoding=\"async\" class=\"\" src=\"https:\/\/m.media-amazon.com\/images\/S\/aplus-media-library-service-media\/9bc7ce8d-f977-4807-9523-6a597f759391.__CR0,0,650,350_PT0_SX650_V1___.jpg\" alt=\"Camping Stove &amp; Travel Mug Set - Mini Portable Stove Travel Coffee Mug\" data-src=\"https:\/\/m.media-amazon.com\/images\/S\/aplus-media-library-service-media\/9bc7ce8d-f977-4807-9523-6a597f759391.__CR0,0,650,350_PT0_SX650_V1___.jpg\" data- title=\"\"><\/div>\n<div class=\"a-section a-spacing-none column-heading\"><\/div>\n<div class=\"a-section a-spacing-none column-description\">\n<p class=\"aplus-p3\">Il bruciatore da campeggio robusto e stabile \u00e8 realizzato in resistente acciaio inossidabile. L&#8217;alcool viene versato nel serbatoio centrale del mini fornello da campeggio e poi acceso. I vapori fuoriescono da un anello di piccoli fori per creare un bel fuoco uniforme. Spegnere rimettendo delicatamente il tappo sopra le fiamme e soffocandole.<\/p>\n<\/div>\n<\/div>\n<div class=\"a-section a-spacing-none premium-aplus-column\">\n<div class=\"a-section a-spacing-none {'column-image'}\"><img decoding=\"async\" class=\"\" src=\"https:\/\/m.media-amazon.com\/images\/S\/aplus-media-library-service-media\/faa31d46-35b8-4347-b136-6915e89a2bdb.__CR0,0,650,350_PT0_SX650_V1___.jpg\" alt=\"Collapsible Cup for Travel - Silicone Camping Mug\" data-src=\"https:\/\/m.media-amazon.com\/images\/S\/aplus-media-library-service-media\/faa31d46-35b8-4347-b136-6915e89a2bdb.__CR0,0,650,350_PT0_SX650_V1___.jpg\" data- title=\"\"><\/div>\n<div><\/div>\n<div class=\"a-section a-spacing-none column-heading\">La tazza pieghevole per viaggiare \u00e8 realizzata in silicone alimentare, che \u00e8 abbastanza sicuro da usare senza additivi nocivi. Niente plastica, niente sostanze chimiche strane e niente che non vuoi nel tuo corpo. Solo tu e la tua bevanda preferita.<\/div>\n<div><\/div>\n<\/div>\n<\/div>\n<\/div>\n<\/div>\n<div class=\"celwidget aplus-module premium-module-4-two-column-images aplus-premium\" data-csa-c-id=\"e5hmvm-44h78t-crc2qp-99d5vq\">\n<div class=\"a-section a-spacing-none premium-aplus premium-aplus-module-4 aplus-container-1\">\n<div class=\"a-section a-spacing-none premium-aplus-two-column\">\n<div class=\"a-section a-spacing-none premium-aplus-column\">\n<div class=\"a-section a-spacing-none {'column-image'}\"><img decoding=\"async\" class=\"\" src=\"https:\/\/m.media-amazon.com\/images\/S\/aplus-media-library-service-media\/b07733d2-7a18-4f2b-8ebc-2c79dfd37612.__CR0,0,650,350_PT0_SX650_V1___.jpg\" alt=\"Camping Stove &amp; Travel Mug Set - Mini Portable Stove Travel Coffee Mug\" data-src=\"https:\/\/m.media-amazon.com\/images\/S\/aplus-media-library-service-media\/b07733d2-7a18-4f2b-8ebc-2c79dfd37612.__CR0,0,650,350_PT0_SX650_V1___.jpg\" data- title=\"\"><\/div>\n<div class=\"a-section a-spacing-none column-heading\"><\/div>\n<div class=\"a-section a-spacing-none column-description\">\n<p class=\"aplus-p3\">Puoi grigliare ovunque e in qualsiasi momento all&#8217;aperto utilizzando questo mini fornello da campeggio a controllo della temperatura variabile. La maniglia pieghevole sul regolatore di fiamma aiuta a controllare e mantenere la temperatura in base alle proprie esigenze. La tazza da caff\u00e8 per microonde lo rende perfetto per un caff\u00e8 freddo o un t\u00e8 caldo durante queste avventure.<\/p>\n<\/div>\n<\/div>\n<div class=\"a-section a-spacing-none premium-aplus-column\">\n<div class=\"a-section a-spacing-none {'column-image'}\"><img decoding=\"async\" class=\"\" src=\"https:\/\/m.media-amazon.com\/images\/S\/aplus-media-library-service-media\/1564a539-8573-458e-bd63-ed68d7c76394.__CR0,0,650,350_PT0_SX650_V1___.jpg\" alt=\"Camping Stove &amp; Travel Mug Set - Mini Portable Stove Travel Coffee Mug\" data-src=\"https:\/\/m.media-amazon.com\/images\/S\/aplus-media-library-service-media\/1564a539-8573-458e-bd63-ed68d7c76394.__CR0,0,650,350_PT0_SX650_V1___.jpg\" data- title=\"\"><\/div>\n<div class=\"a-section a-spacing-none column-heading\"><\/div>\n<div class=\"a-section a-spacing-none column-description\">\n<p class=\"aplus-p3\">Questa stufa di emergenza \u00e8 uno strumento di base che pu\u00f2 rivelarsi molto prezioso in qualsiasi emergenza. Viaggia con il nostro set di fornelli da esterno portatile e leggero per goderti i brividi invernali in montagna. Adatto per il campeggio, l&#8217;escursionismo, il picnic, il barbecue, la sopravvivenza all&#8217;aperto, i viaggi su strada, la vita in furgone e l&#8217;avventura.<\/p>\n<\/div>\n<\/div>\n<\/div>\n<\/div>\n<\/div>\n","protected":false},"excerpt":{"rendered":"<p id=\"title\" class=\"a-size-large a-spacing-none\" style=\"text-align: center;\">ISOP Set fornello da campeggio e tazza da viaggio &#8211; Mini fornello portatile da viaggio &#8211; Fornello da campeggio\/trekking\/backpacking a prova di perdite &#8211; Fornello ad alcool in acciaio inossidabile e tazza pieghevole da viaggio &#8211; Tazza da campeggio in silicone<\/p>\n<p style=\"text-align: center;\">CONSEGNA GRATUITA ENTRO 3-7 GIORNI<\/p>\n<h4 style=\"text-align: center;\"><strong>ACQUISTA SU<\/strong><\/h4>\n<p><a href=\"https:\/\/www.amazon.it\/dp\/B0BNQJ1H8P?ref=myi_title_dp&amp;th=1\"><img loading=\"lazy\" decoding=\"async\" class=\"aligncenter wp-image-1040 size-full\" src=\"https:\/\/isopllc.com\/it\/wp-content\/uploads\/sites\/8\/2020\/01\/amazon-button9.png\" alt=\"\" width=\"160\" height=\"59\" \/><\/a><\/p>\n","protected":false},"featured_media":4682,"comment_status":"open","ping_status":"closed","template":"","meta":[],"product_brand":[],"product_cat":[170],"product_tag":[155,154,36,152,153],"class_list":{"0":"post-4681","1":"product","2":"type-product","3":"status-publish","4":"has-post-thumbnail","6":"product_cat-set-di-salvataggio-e-sopravvivenza","7":"product_tag-attrezzatura-outdoor","8":"product_tag-campeggio","9":"product_tag-isop","10":"product_tag-set-fornello-da-campeggio","11":"product_tag-tazza-da-viaggio","13":"first","14":"instock","15":"shipping-taxable","16":"purchasable","17":"product-type-simple"},"_links":{"self":[{"href":"https:\/\/isopllc.com\/it\/wp-json\/wp\/v2\/product\/4681","targetHints":{"allow":["GET"]}}],"collection":[{"href":"https:\/\/isopllc.com\/it\/wp-json\/wp\/v2\/product"}],"about":[{"href":"https:\/\/isopllc.com\/it\/wp-json\/wp\/v2\/types\/product"}],"replies":[{"embeddable":true,"href":"https:\/\/isopllc.com\/it\/wp-json\/wp\/v2\/comments?post=4681"}],"wp:featuredmedia":[{"embeddable":true,"href":"https:\/\/isopllc.com\/it\/wp-json\/wp\/v2\/media\/4682"}],"wp:attachment":[{"href":"https:\/\/isopllc.com\/it\/wp-json\/wp\/v2\/media?parent=4681"}],"wp:term":[{"taxonomy":"product_brand","embeddable":true,"href":"https:\/\/isopllc.com\/it\/wp-json\/wp\/v2\/product_brand?post=4681"},{"taxonomy":"product_cat","embeddable":true,"href":"https:\/\/isopllc.com\/it\/wp-json\/wp\/v2\/product_cat?post=4681"},{"taxonomy":"product_tag","embeddable":true,"href":"https:\/\/isopllc.com\/it\/wp-json\/wp\/v2\/product_tag?post=4681"}],"curies":[{"name":"wp","href":"https:\/\/api.w.org\/{rel}","templated":true}]}}