{"id":4699,"date":"2023-02-22T16:36:47","date_gmt":"2023-02-22T16:36:47","guid":{"rendered":"https:\/\/isopllc.com\/it\/?post_type=product&#038;p=4699"},"modified":"2025-06-30T17:47:42","modified_gmt":"2025-06-30T17:47:42","slug":"piccolo-kit-di-pronto-soccorso-220-pz","status":"publish","type":"product","link":"https:\/\/isopllc.com\/it\/product\/piccolo-kit-di-pronto-soccorso-220-pz\/","title":{"rendered":"Piccolo kit di pronto soccorso 220 PZ"},"content":{"rendered":"<h1 id=\"title\" class=\"a-size-large a-spacing-none\"><span id=\"productTitle\" class=\"a-size-large product-title-word-break\">Piccolo kit di pronto soccorso |220 PZ Forniture mediche essenziali per traumi di emergenza| Confezionato in una scatola impermeabile rossa | Perfetto per auto, casa, ufficio, viaggi, campeggio<\/span><\/h1>\n<p><img loading=\"lazy\" decoding=\"async\" class=\"alignnone size-full wp-image-4700\" src=\"https:\/\/isopllc.com\/it\/wp-content\/uploads\/sites\/8\/2023\/02\/first-aid-kit-1.jpg\" alt=\"\" width=\"800\" height=\"600\" title=\"\"><\/p>\n<h2>Kit medico essenziale per traumi<\/h2>\n<p>\u00c8 importante disporre delle forniture giuste in modo da poter rispondere in modo rapido ed efficace in caso di emergenza. Il nostro kit ti fornisce gli strumenti necessari per curare lesioni e malattie minori, nonch\u00e9 forniture mediche di base per situazioni pi\u00f9 gravi. Avendo a portata di mano un kit di pronto soccorso, puoi assicurarti di essere preparato per qualsiasi emergenza medica. Inoltre, disporre di un kit di forniture mediche per traumi di emergenza offre tranquillit\u00e0 sapendo che sei in grado di rispondere se necessario.<\/p>\n<p><img loading=\"lazy\" decoding=\"async\" class=\"alignnone size-full wp-image-4701\" src=\"https:\/\/isopllc.com\/it\/wp-content\/uploads\/sites\/8\/2023\/02\/first-aid-kit-2.jpg\" alt=\"\" width=\"800\" height=\"600\" title=\"\"><\/p>\n<h2>Durevole e impermeabile<\/h2>\n<p>Il kit di pronto soccorso ISOP \u00e8 una scelta eccellente per coloro che sono spesso in viaggio. Se stai facendo un&#8217;escursione, un campeggio o un viaggio, un kit di pronto soccorso compatto \u00e8 essenziale per assicurarti di avere le scorte necessarie per curare ferite e malattie minori.<\/p>\n<p>L&#8217;impermeabile protegger\u00e0 il contenuto dall&#8217;umidit\u00e0, mantenendolo al sicuro in qualsiasi condizione atmosferica. Questo ti dar\u00e0 la tranquillit\u00e0 di goderti appieno le attivit\u00e0 all&#8217;aperto o i viaggi senza doversi preoccupare delle forniture di primo soccorso.<\/p>\n<p><img loading=\"lazy\" decoding=\"async\" class=\"alignnone size-full wp-image-4702\" src=\"https:\/\/isopllc.com\/it\/wp-content\/uploads\/sites\/8\/2023\/02\/first-aid-kit-3.jpg\" alt=\"\" width=\"800\" height=\"600\" title=\"\"><\/p>\n<h2>Ideale per varie occasioni<\/h2>\n<p>Le dimensioni compatte e la versatilit\u00e0 di questo mini kit di pronto soccorso lo rendono un&#8217;ottima scelta per una variet\u00e0 di occasioni. Che tu sia a casa, in ufficio, in viaggio o nella natura, questo kit fornisce le forniture essenziali di cui hai bisogno. Questo lo rende un ottimo investimento per chiunque cerchi una soluzione comoda e portatile per le proprie esigenze di primo soccorso. Con la sua capacit\u00e0 di essere utilizzato in una variet\u00e0 di ambienti diversi, questo mini kit di pronto soccorso \u00e8 davvero la scelta ideale per le tue esigenze mediche in movimento.<\/p>\n<p><img loading=\"lazy\" decoding=\"async\" class=\"alignnone size-full wp-image-4703\" src=\"https:\/\/isopllc.com\/it\/wp-content\/uploads\/sites\/8\/2023\/02\/first-aid-kit-4.jpg\" alt=\"\" width=\"800\" height=\"600\" title=\"\"><\/p>\n<h2>Proteggi i tuoi cari<\/h2>\n<p>Questo \u00e8 importante, poich\u00e9 avere un piccolo kit di pronto soccorso prontamente disponibile pu\u00f2 fornire tranquillit\u00e0 e garantire che tu e i tuoi cari siate preparati per eventuali emergenze minori che potrebbero sorgere.<\/p>\n<p>Il design compatto e portatile di questo kit lo rende facile da portare con te, cos\u00ec puoi averlo a portata di mano ogni volta che ne hai bisogno. Mantenendo i tuoi cari al sicuro e protetti con il piccolo kit di pronto soccorso, puoi sentirti sicuro e preparato per qualsiasi situazione.<\/p>\n","protected":false},"excerpt":{"rendered":"<p id=\"title\" class=\"a-size-large a-spacing-none\" style=\"text-align: center;\">Piccolo kit di pronto soccorso |220 PZ Forniture mediche essenziali per traumi di emergenza| Confezionato in una scatola impermeabile rossa | Perfetto per auto, casa, ufficio, viaggi, campeggio<\/p>\n<p style=\"text-align: center;\">CONSEGNA GRATUITA ENTRO 3-7 GIORNI<\/p>\n<h4 style=\"text-align: center;\"><strong>ACQUISTA SU<\/strong><\/h4>\n<p><a href=\"https:\/\/www.amazon.it\/dp\/B0BNKH4GP4?ref=myi_title_dp\"><img loading=\"lazy\" decoding=\"async\" class=\"aligncenter wp-image-1040 size-full\" src=\"https:\/\/isopllc.com\/it\/wp-content\/uploads\/sites\/8\/2020\/01\/amazon-button9.png\" alt=\"\" width=\"160\" height=\"59\" \/><\/a><\/p>\n","protected":false},"featured_media":4708,"comment_status":"open","ping_status":"closed","template":"","meta":[],"product_brand":[],"product_cat":[170],"product_tag":[47,122,63,46],"class_list":{"0":"post-4699","1":"product","2":"type-product","3":"status-publish","4":"has-post-thumbnail","6":"product_cat-set-di-salvataggio-e-sopravvivenza","7":"product_tag-emergenza","8":"product_tag-kit-di-pronto-soccorso","9":"product_tag-piccolo","10":"product_tag-sicurezza","12":"first","13":"instock","14":"shipping-taxable","15":"purchasable","16":"product-type-simple"},"_links":{"self":[{"href":"https:\/\/isopllc.com\/it\/wp-json\/wp\/v2\/product\/4699","targetHints":{"allow":["GET"]}}],"collection":[{"href":"https:\/\/isopllc.com\/it\/wp-json\/wp\/v2\/product"}],"about":[{"href":"https:\/\/isopllc.com\/it\/wp-json\/wp\/v2\/types\/product"}],"replies":[{"embeddable":true,"href":"https:\/\/isopllc.com\/it\/wp-json\/wp\/v2\/comments?post=4699"}],"wp:featuredmedia":[{"embeddable":true,"href":"https:\/\/isopllc.com\/it\/wp-json\/wp\/v2\/media\/4708"}],"wp:attachment":[{"href":"https:\/\/isopllc.com\/it\/wp-json\/wp\/v2\/media?parent=4699"}],"wp:term":[{"taxonomy":"product_brand","embeddable":true,"href":"https:\/\/isopllc.com\/it\/wp-json\/wp\/v2\/product_brand?post=4699"},{"taxonomy":"product_cat","embeddable":true,"href":"https:\/\/isopllc.com\/it\/wp-json\/wp\/v2\/product_cat?post=4699"},{"taxonomy":"product_tag","embeddable":true,"href":"https:\/\/isopllc.com\/it\/wp-json\/wp\/v2\/product_tag?post=4699"}],"curies":[{"name":"wp","href":"https:\/\/api.w.org\/{rel}","templated":true}]}}