{"id":4833,"date":"2023-09-23T15:57:48","date_gmt":"2023-09-23T15:57:48","guid":{"rendered":"https:\/\/isopllc.com\/it\/?post_type=product&#038;p=4833"},"modified":"2025-06-30T17:43:41","modified_gmt":"2025-06-30T17:43:41","slug":"stazione-di-evacuazione-antincendio-grande","status":"publish","type":"product","link":"https:\/\/isopllc.com\/it\/product\/stazione-di-evacuazione-antincendio-grande\/","title":{"rendered":"Stazione di evacuazione antincendio Grande | Defibrillatore DAE"},"content":{"rendered":"<h1 id=\"title\" class=\"a-size-large a-spacing-none\">Stazione di evacuazione antincendio Grande &#8211; Scatola rossa per materiale antincendio &#8211; con ganci per coperta antincendio ed estintori &#8211; 36 * 29 * 17 cm &#8211; Armadio a parete<\/h1>\n<p><img loading=\"lazy\" decoding=\"async\" class=\"alignnone wp-image-5043\" src=\"https:\/\/isopllc.com\/usa\/wp-content\/uploads\/sites\/4\/2023\/06\/71dmxhPEm7L._AC_SL1500_.jpg\" alt=\"\" width=\"413\" height=\"397\" title=\"\"><\/p>\n<div class=\"a-section a-spacing-none premium-aplus-15-heading\">\n<h1 class=\"premium-aplus-15-heading-text a-text-bold\">Perch\u00e9 crediamo sia meglio acquistare un box di accesso per scala di emergenza?<\/h1>\n<\/div>\n<div class=\"a-section a-spacing-none\">\n<p>Per diverse ragioni!<\/p>\n<p>1. Fissando la scatola al muro (sotto la finestra o sul balcone) con gli ancoraggi, puoi immediatamente fissare la scala agli anelli di ancoraggio poi in caso di emergenza semplicemente getterai la scala fuori dalla finestra e inizierai immediatamente a scendere senza perdere secondi preziosi nella confusione cercando dove attaccare la scala.<\/p>\n<p>2. Puoi fissare la scatola sia all&#8217;interno che all&#8217;esterno della casa. All&#8217;esterno il vantaggio \u00e8 che non occupa spazio in casa e non rovina il design della stanza, ma allo stesso tempo \u00e8 abbastanza accessibile se fissata accanto ad una finestra o su un balcone.<\/p>\n<p>3. \u00c8 comodo anche dall&#8217;interno della casa, perch\u00e9 \u00e8 sempre a portata di mano e questo importante oggetto salvavita \u00e8 in vista per non perdere tempo a cercarlo durante un incendio.<\/p>\n<p>4. A nostro avviso \u00e8 molto sicuro fissare le scale agli ancoraggi di arrampicata all&#8217;interno della scatola, poich\u00e9 possono resistere a 25 KN rispetto a qualsiasi altra cosa in casa, compreso il telaio della finestra o le sbarre del balcone.<\/p>\n<p><img loading=\"lazy\" decoding=\"async\" class=\"alignnone wp-image-5044\" src=\"https:\/\/isopllc.com\/usa\/wp-content\/uploads\/sites\/4\/2023\/06\/e08f082b-1e10-499b-8698-78d3a32260a7.__CR00800600_PT0_SX800_V1___.jpg\" alt=\"\" width=\"405\" height=\"304\" title=\"\"><\/p>\n<h1 class=\"aplus-h1 aplus-module-1-heading a-text-bold\">La stazione di emergenza antincendio unica conserva tutte le forniture di emergenza in un unico posto<\/h1>\n<ul class=\"a-unordered-list a-vertical\">\n<li>Scatola rossa in alluminio con porta magnetica in vetro per scala antincendio 36*29*17 cm<\/li>\n<li>Hardware per l&#8217;installazione (ancoraggi di montaggio 25KN)<\/li>\n<li>Ganci per estintore e coperta antincendio (sui lati della scatola)<\/li>\n<\/ul>\n<p><img loading=\"lazy\" decoding=\"async\" class=\"alignnone wp-image-5045\" src=\"https:\/\/isopllc.com\/usa\/wp-content\/uploads\/sites\/4\/2023\/06\/cb120de2-f0e0-46e6-9ca4-ca80dc32f1e5.__CR00800600_PT0_SX800_V1___.jpg\" alt=\"\" width=\"418\" height=\"313\" title=\"\"><\/p>\n<h1 class=\"aplus-h1 aplus-module-1-heading a-text-bold\">Scatola in alluminio per interni ed esterni per scale antincendio, estintore o coperta antincendio<\/h1>\n<ul class=\"a-unordered-list a-vertical\">\n<li>Design compatto<\/li>\n<li>Costruzione in ferro resistente<\/li>\n<li>Vetro acrilico (che \u00e8 pi\u00f9 sicuro del vetro standard durante le emergenze)<\/li>\n<li>Si monta facilmente su una parete<\/li>\n<li>Facile da trovare quando necessario<\/li>\n<\/ul>\n<p><img loading=\"lazy\" decoding=\"async\" class=\"alignnone wp-image-5046\" src=\"https:\/\/isopllc.com\/usa\/wp-content\/uploads\/sites\/4\/2023\/06\/30d1215a-a397-4e25-a9a6-f4f6b8fc8a0a.__CR00800600_PT0_SX800_V1___.jpg\" alt=\"\" width=\"425\" height=\"319\" title=\"\"><\/p>\n<h1 class=\"aplus-h1 aplus-module-1-heading a-text-bold\">Armadio scala antincendio in ferro<\/h1>\n<p>Mantiene l&#8217;estintore o la scala di fuga facilmente accessibili in caso di emergenza.<\/p>\n<p>Grazie alle sue dimensioni compatte &#8211; 36x29x17 cm | Con una struttura sottile e resistente di 0,04 pollici, questo armadio \u00e8 ideale per appartamenti, condomini e piccole imprese e fornisce un luogo sicuro per l&#8217;archiviazione a lungo termine.<\/p>\n<p><img loading=\"lazy\" decoding=\"async\" class=\"alignnone wp-image-5047\" src=\"https:\/\/isopllc.com\/usa\/wp-content\/uploads\/sites\/4\/2023\/06\/6d581a96-7d79-4318-ace2-7057cd2fcdb0.__CR00800600_PT0_SX800_V1___.jpg\" alt=\"\" width=\"443\" height=\"332\" title=\"\"><\/p>\n<h1 class=\"aplus-h1 aplus-module-1-heading a-text-bold\">Stazione dei vigili del fuoco<\/h1>\n<p class=\"aplus-p2 aplus-module-1-description\">In caso di incendio improvviso in casa o in ufficio, fornisce un luogo designato per l&#8217;estintore o la scala tenendolo vicino e pronto quando \u00e8 pi\u00f9 necessario.<\/p>\n<p><img loading=\"lazy\" decoding=\"async\" class=\"alignnone wp-image-4545\" src=\"https:\/\/isopllc.com\/usa\/wp-content\/uploads\/sites\/4\/2021\/12\/Built-In-Fire-Escape-Ladder-2-Story-13ft-Retractable-Ladders-Fire-Ladder-for-Homes-Include-Aluminum-Box-Snap-Hooks-and-2-Anchors-Set6.jpg\" alt=\"\" width=\"427\" height=\"427\" title=\"\"><\/p>\n<h1 class=\"aplus-h1 aplus-module-1-heading a-text-bold\">Ancoraggio professionale su corda superiore<\/h1>\n<p>Set di bulloni di ancoraggio per arrampicata, include 2 piastre di sospensione e 2 bulloni ad espansione, dadi per bulloni e rondelle piatte. Piastre di aggancio per punto di ancoraggio permanente.<\/p>\n<p>Il set consente di fissare la scatola al muro. Non solo sorreggono il box, ma anche gli occhielli di aggancio predisposti per due moschettoni permettono di agganciarvi una scala di corda per scendere da una finestra.<\/p>\n<\/div>\n","protected":false},"excerpt":{"rendered":"[embed]https:\/\/youtu.be\/j3StYC79Au4[\/embed]\n<p id=\"title\" class=\"a-size-large a-spacing-none\" style=\"text-align: center;\">Stazione di evacuazione antincendio Grande &#8211; Scatola rossa per materiale antincendio &#8211; con ganci per coperta antincendio ed estintori &#8211; 36 * 29 * 17 cm &#8211; Armadio a parete<\/p>\n<p style=\"text-align: center;\">CONSEGNA GRATUITA ENTRO 3-7 GIORNI<\/p>\n<h4 style=\"text-align: center;\"><strong>ACQUISTA SU<\/strong><\/h4>\n<p><a href=\"https:\/\/www.amazon.it\/dp\/B0BZYJ6FX6\/ref=sr_1_1?__mk_it_IT=%C3%85M%C3%85%C5%BD%C3%95%C3%91&amp;crid=RJZAU2563DIJ&amp;dib=eyJ2IjoiMSJ9.niIpVrBf0k5m8N5DLIzG2A.CR0Ms2JlZasl8W9P9I6Du8caBMNwYgLcLNqlPBcj1cI&amp;dib_tag=se&amp;keywords=Stazione+di+Evacuazione+Antincendio+Scatola+per+Scala+antincendio&amp;qid=1739954820&amp;s=kitchen&amp;sprefix=b0bzyj6fx6%2Ckitchen%2C364&amp;sr=1-1&amp;th=1\"><img loading=\"lazy\" decoding=\"async\" class=\"aligncenter wp-image-1040 size-full\" src=\"https:\/\/isopllc.com\/it\/wp-content\/uploads\/sites\/8\/2020\/01\/amazon-button9.png\" alt=\"\" width=\"160\" height=\"59\" \/><\/a><\/p>\n","protected":false},"featured_media":4845,"comment_status":"open","ping_status":"closed","template":"","meta":[],"product_brand":[],"product_cat":[176],"product_tag":[33,41,48,160],"class_list":{"0":"post-4833","1":"product","2":"type-product","3":"status-publish","4":"has-post-thumbnail","6":"product_cat-scatola-di-stoccaggio-per-scale-di-fuga","7":"product_tag-attrezzatura-di-sicurezza","8":"product_tag-defibrillatore-dae","9":"product_tag-grande","10":"product_tag-stazione-di-evacuazione-antincendio","12":"first","13":"instock","14":"shipping-taxable","15":"purchasable","16":"product-type-simple"},"_links":{"self":[{"href":"https:\/\/isopllc.com\/it\/wp-json\/wp\/v2\/product\/4833","targetHints":{"allow":["GET"]}}],"collection":[{"href":"https:\/\/isopllc.com\/it\/wp-json\/wp\/v2\/product"}],"about":[{"href":"https:\/\/isopllc.com\/it\/wp-json\/wp\/v2\/types\/product"}],"replies":[{"embeddable":true,"href":"https:\/\/isopllc.com\/it\/wp-json\/wp\/v2\/comments?post=4833"}],"wp:featuredmedia":[{"embeddable":true,"href":"https:\/\/isopllc.com\/it\/wp-json\/wp\/v2\/media\/4845"}],"wp:attachment":[{"href":"https:\/\/isopllc.com\/it\/wp-json\/wp\/v2\/media?parent=4833"}],"wp:term":[{"taxonomy":"product_brand","embeddable":true,"href":"https:\/\/isopllc.com\/it\/wp-json\/wp\/v2\/product_brand?post=4833"},{"taxonomy":"product_cat","embeddable":true,"href":"https:\/\/isopllc.com\/it\/wp-json\/wp\/v2\/product_cat?post=4833"},{"taxonomy":"product_tag","embeddable":true,"href":"https:\/\/isopllc.com\/it\/wp-json\/wp\/v2\/product_tag?post=4833"}],"curies":[{"name":"wp","href":"https:\/\/api.w.org\/{rel}","templated":true}]}}