{"id":4849,"date":"2023-09-23T16:14:36","date_gmt":"2023-09-23T16:14:36","guid":{"rendered":"https:\/\/isopllc.com\/it\/?post_type=product&#038;p=4849"},"modified":"2025-06-30T17:43:15","modified_gmt":"2025-06-30T17:43:15","slug":"scala-antincendio-a-2-piani-4-m-con-armadietto","status":"publish","type":"product","link":"https:\/\/isopllc.com\/it\/product\/scala-antincendio-a-2-piani-4-m-con-armadietto\/","title":{"rendered":"Scala Antincendio a 2 Piani 4 m Con Armadietto"},"content":{"rendered":"<h1 id=\"title\" class=\"a-size-large a-spacing-none\">Scala Antincendio a 2 Piani 4 m Con Armadietto &#8211; Scala Antincendio a Parete Per Casa &#8211; Inclusa Scala a Due Piani e Coperta Antincendio<\/h1>\n<p><img loading=\"lazy\" decoding=\"async\" class=\"alignnone wp-image-4991\" src=\"https:\/\/isopllc.com\/it\/wp-content\/uploads\/sites\/8\/2023\/09\/attachable-fire-escape-ladder.jpg\" alt=\"attachable fire escape ladder\" width=\"390\" height=\"390\" title=\"\" srcset=\"https:\/\/isopllc.com\/it\/wp-content\/uploads\/sites\/8\/2023\/09\/attachable-fire-escape-ladder.jpg 1080w, https:\/\/isopllc.com\/it\/wp-content\/uploads\/sites\/8\/2023\/09\/attachable-fire-escape-ladder-150x150.jpg 150w, https:\/\/isopllc.com\/it\/wp-content\/uploads\/sites\/8\/2023\/09\/attachable-fire-escape-ladder-768x768.jpg 768w, https:\/\/isopllc.com\/it\/wp-content\/uploads\/sites\/8\/2023\/09\/attachable-fire-escape-ladder-1000x1000.jpg 1000w, https:\/\/isopllc.com\/it\/wp-content\/uploads\/sites\/8\/2023\/09\/attachable-fire-escape-ladder-416x416.jpg 416w, https:\/\/isopllc.com\/it\/wp-content\/uploads\/sites\/8\/2023\/09\/attachable-fire-escape-ladder-100x100.jpg 100w\" sizes=\"auto, (max-width: 390px) 100vw, 390px\" \/><\/p>\n<p>La stazione di evacuazione di emergenza unica conserva tutte le forniture di emergenza antincendio in un unico posto (estintore non incluso)<\/p>\n<p>&nbsp;<\/p>\n<ul class=\"a-unordered-list a-vertical\">\n<li>Scatola rossa ad alta visibilit\u00e0 con porta magnetica<\/li>\n<li>Scala antincendio 4m<\/li>\n<li>Hardware incluso per l&#8217;installazione (ancoraggi di montaggio)<\/li>\n<li>Montaggio per estintore<\/li>\n<\/ul>\n<p><img loading=\"lazy\" decoding=\"async\" class=\"alignnone wp-image-5052\" src=\"https:\/\/isopllc.com\/usa\/wp-content\/uploads\/sites\/4\/2023\/06\/51vVQaI3XKL._AC_.jpg\" alt=\"\" width=\"374\" height=\"232\" title=\"\"><\/p>\n<h3 class=\"a-spacing-mini\">Perch\u00e9 crediamo sia meglio acquistare una scala antincendio in una scatola di alluminio? Per diverse ragioni!<\/h3>\n<p>1. Fissando la scatola al muro (sotto la finestra o sul balcone) con gli ancoraggi, puoi immediatamente fissare la scala agli anelli di ancoraggio poi in caso di emergenza semplicemente getterai la scala fuori dalla finestra e inizierai immediatamente a scendere senza perdere secondi preziosi nella confusione cercando dove attaccare la scala.<\/p>\n<p>2. Puoi fissare la scatola sia all&#8217;interno che all&#8217;esterno della casa. All&#8217;esterno il vantaggio \u00e8 che non occupa spazio in casa e non rovina il design della stanza, ma allo stesso tempo \u00e8 abbastanza accessibile se fissata accanto ad una finestra o su un balcone.<\/p>\n<p>3. \u00c8 comodo anche dall&#8217;interno della casa, perch\u00e9 \u00e8 sempre a portata di mano e questo importante oggetto salvavita \u00e8 in vista per non perdere tempo a cercarlo durante un incendio.<\/p>\n<p>4. A nostro avviso \u00e8 molto sicuro fissare le scale agli ancoraggi di arrampicata all&#8217;interno della scatola, poich\u00e9 possono resistere a 25 KN rispetto a qualsiasi altra cosa in casa, compreso il telaio della finestra o le sbarre del balcone.<\/p>\n<h4>Perch\u00e9 scegliere le nostre scale antincendio<\/h4>\n<p><img loading=\"lazy\" decoding=\"async\" class=\"alignnone wp-image-5049\" src=\"https:\/\/isopllc.com\/usa\/wp-content\/uploads\/sites\/4\/2023\/06\/111.jpg\" alt=\"\" width=\"335\" height=\"251\" title=\"\"><\/p>\n<p>L&#8217;armadietto universale per scale antincendio in alluminio mantiene la scala di fuga facilmente accessibile in caso di emergenza.<\/p>\n<p>Grazie alle sue dimensioni compatte e alla struttura resistente, questo armadio \u00e8 ideale per appartamenti, condomini e piccole imprese e fornisce un luogo sicuro per lo stoccaggio a lungo termine.<\/p>\n<p><img decoding=\"async\" class=\"a-spacing-mini\" style=\"font-weight: 600\" src=\"https:\/\/m.media-amazon.com\/images\/S\/aplus-media-library-service-media\/94e0f1b0-d713-4663-a172-3e35c4090aaa.__CR0,0,1000,1000_PT0_SX300_V1___.jpg\" alt=\"Gentle to hands\" data-src=\"https:\/\/m.media-amazon.com\/images\/S\/aplus-media-library-service-media\/94e0f1b0-d713-4663-a172-3e35c4090aaa.__CR0,0,1000,1000_PT0_SX300_V1___.jpg\" data- title=\"\"><\/p>\n<div class=\"aplus-module-wrapper apm-fixed-width\">\n<div class=\"apm-spacing apm-fixed-width\">\n<div class=\"celwidget aplus-module module-9 aplus-standard\" data-csa-c-id=\"emkbnl-11vq23-1incdi-lfo9yf\" data-cel-widget=\"aplus-module-9\">\n<div class=\"aplus-module-wrapper apm-fixed-width\">\n<div class=\"apm-spacing apm-fixed-width\">\n<div id=\"aplus_feature_div\" class=\"celwidget\" data-feature-name=\"aplus\" data-csa-c-type=\"widget\" data-csa-c-content-id=\"aplus\" data-csa-c-slot-id=\"aplus_feature_div\" data-csa-c-asin=\"\" data-csa-c-is-in-initial-active-row=\"false\" data-csa-c-id=\"ebpnh7-v23cw7-lv803-rp18f9\" data-cel-widget=\"aplus_feature_div\">\n<div id=\"aplus\" class=\"a-section a-spacing-large bucket\">\n<div class=\"aplus-v2 desktop celwidget\" data-csa-c-id=\"322z1i-fsajov-ud7fia-k0knjv\" data-cel-widget=\"aplus\">\n<div class=\"celwidget aplus-module module-9 aplus-standard\" data-csa-c-id=\"e5nyxf-jpncv6-ubo24v-ozeiyw\" data-cel-widget=\"aplus-module-9\">\n<div class=\"aplus-module-wrapper apm-fixed-width\">\n<div class=\"apm-spacing apm-fixed-width\">\n<h3>Delicato per le mani<\/h3>\n<p>Durante la creazione di queste scale, abbiamo considerato i difetti dei nostri concorrenti. Gli altri si lamentano molto del fatto che quando usano le loro scale i pioli tagliano le mani degli utenti perch\u00e9 i pioli di alluminio sono taglienti. Ne abbiamo tenuto conto e le nostre scale non hanno spigoli vivi e sono sicure per l&#8217;uso sia da parte di adulti che da bambini.<\/p>\n<p><img decoding=\"async\" class=\"a-spacing-mini\" style=\"font-weight: 600\" src=\"https:\/\/m.media-amazon.com\/images\/S\/aplus-media\/sc\/27f9c708-c858-49c0-96f7-815dd0fa4f9a.__CR0,0,1000,1000_PT0_SX300_V1___.jpg\" alt=\"Wide application\" data-src=\"https:\/\/m.media-amazon.com\/images\/S\/aplus-media\/sc\/27f9c708-c858-49c0-96f7-815dd0fa4f9a.__CR0,0,1000,1000_PT0_SX300_V1___.jpg\" data- title=\"\"><\/p>\n<h3>Cinghie integrali<\/h3>\n<p>Ancora una volta, confrontando le nostre scale con quelle della concorrenza, va notato che, a differenza di altre, dall&#8217;estremit\u00e0 superiore a quella inferiore le nostre scale sono costituite da un unico pezzo di cinghia in tessuto che pu\u00f2 resistere fino a 1200 libbre (!) Grazie ad una speciale tecnologia brevettata. Mentre le scale in tessuto della concorrenza sono cucite a pezzi, il che a nostro avviso non \u00e8 affidabile.<\/p>\n<p><img decoding=\"async\" class=\"a-spacing-mini\" style=\"font-weight: 600\" src=\"https:\/\/m.media-amazon.com\/images\/S\/aplus-media-library-service-media\/3e3631ef-bf95-4934-bd5d-2881c8d8d8c7.__CR0,0,300,300_PT0_SX300_V1___.jpg\" alt=\"Climbing anchor bolts set\" data-src=\"https:\/\/m.media-amazon.com\/images\/S\/aplus-media-library-service-media\/3e3631ef-bf95-4934-bd5d-2881c8d8d8c7.__CR0,0,300,300_PT0_SX300_V1___.jpg\" data- title=\"\"><\/p>\n<\/div>\n<div>Viene fornito con un set di bulloni di ancoraggio per arrampicata, 2 piastre di sospensione e 2 bulloni di espansione. Bulloni, dadi e rondelle piatte sono inclusi.<\/div>\n<div><\/div>\n<div><img decoding=\"async\" class=\"a-spacing-mini\" style=\"font-weight: 600\" src=\"https:\/\/m.media-amazon.com\/images\/S\/aplus-media\/sc\/42cab632-a2d0-40fd-a2dd-280d531bf010.__CR282,0,1000,1000_PT0_SX300_V1___.jpg\" alt=\"For window or balcony\" data-src=\"https:\/\/m.media-amazon.com\/images\/S\/aplus-media\/sc\/42cab632-a2d0-40fd-a2dd-280d531bf010.__CR282,0,1000,1000_PT0_SX300_V1___.jpg\" data- title=\"\"><\/div>\n<\/div>\n<\/div>\n<div><\/div>\n<div class=\"celwidget aplus-module module-9 aplus-standard\" data-csa-c-id=\"e5nyxf-jpncv6-ubo24v-ozeiyw\" data-cel-widget=\"aplus-module-9\">\n<h3>Stabilizzatori<\/h3>\n<p>I pioli delle nostre scale sono dotati di stabilizzatori che permettono alle scale di non aderire saldamente al muro ma di rimanere robuste ad esso e quindi facilitare notevolmente la discesa dal secondo o terzo piano.<\/p>\n<h4><img decoding=\"async\" class=\"a-spacing-mini\" style=\"font-weight: 600\" src=\"https:\/\/m.media-amazon.com\/images\/S\/aplus-media\/sc\/8b1ba6ce-d84f-4314-b98a-95d063fc3e5e.__CR500,0,1000,1000_PT0_SX300_V1___.jpg\" alt=\"For window or balcony\" data-src=\"https:\/\/m.media-amazon.com\/images\/S\/aplus-media\/sc\/8b1ba6ce-d84f-4314-b98a-95d063fc3e5e.__CR500,0,1000,1000_PT0_SX300_V1___.jpg\" data- title=\"\">Pioli antiscivolo<\/h4>\n<p>Uno speciale disegno sulla superficie dei pioli rende la discesa dall&#8217;appartamento antiscivolo con qualsiasi condizione atmosferica.<\/p>\n<h4>Riutilizzabile<\/h4>\n<p>Le nostre scale sono riutilizzabili, inoltre possono essere facilmente riparate, a differenza delle altre che devono essere smaltite. Con una corretta conservazione, possono durare per anni!<\/p>\n<p><img loading=\"lazy\" decoding=\"async\" class=\"alignnone wp-image-4293\" src=\"https:\/\/isopllc.com\/usa\/wp-content\/uploads\/sites\/4\/2020\/12\/91R3KSmpDgL._AC_SL1500_.jpg\" alt=\"\" width=\"307\" height=\"230\" title=\"\"><\/p>\n<\/div>\n<h4>Moschettoni pesanti<\/h4>\n<p>Le scale includono moschettoni cromati con resistenza alla rottura 11KN.<\/p>\n<p>&nbsp;<\/p>\n<\/div>\n<\/div>\n<div>\n<p><img decoding=\"async\" class=\"a-spacing-mini\" style=\"font-weight: 600\" src=\"https:\/\/m.media-amazon.com\/images\/S\/aplus-media-library-service-media\/c3b3fb51-597d-4234-91a3-95fb43b58226.__CR0,0,300,300_PT0_SX300_V1___.jpg\" alt=\"ladder\" data-src=\"https:\/\/m.media-amazon.com\/images\/S\/aplus-media-library-service-media\/c3b3fb51-597d-4234-91a3-95fb43b58226.__CR0,0,300,300_PT0_SX300_V1___.jpg\" data- title=\"\"><\/p>\n<\/div>\n<h3>Resistente alle intemperie<\/h3>\n<p>La speciale vernice verniciata a polvere protegge i pioli dalla ruggine e la cinghia in poliestere \u00e8 altamente resistente all&#8217;acqua o alla neve, quindi le nostre scale antincendio sono resistenti agli agenti atmosferici.<\/p>\n<p><img decoding=\"async\" src=\"https:\/\/m.media-amazon.com\/images\/S\/aplus-media-library-service-media\/0c3c254d-684e-4313-bc9f-ae4b4b7e7ee7.__CR0,0,300,300_PT0_SX300_V1___.jpg\" alt=\"professional ladder\" title=\"\"><\/p>\n<h3>Certificato<\/h3>\n<p>Le nostre scale, a differenza di tutte le altre simili sul mercato, sono certificate secondo lo standard di qualit\u00e0 EN 131. \u00c8 meglio affidare la propria vita a un prodotto che ha superato tutti i test necessari, piuttosto che a un articolo leggermente pi\u00f9 economico, fatto chiss\u00e0 con quali materiali.<\/p>\n<p><img loading=\"lazy\" decoding=\"async\" class=\"alignnone  wp-image-5206\" src=\"https:\/\/isopllc.com\/it\/wp-content\/uploads\/sites\/8\/2025\/04\/Italy.jpg\" alt=\"Certificato Scala Antincendio a 2 Piani\" width=\"299\" height=\"299\" title=\"\" srcset=\"https:\/\/isopllc.com\/it\/wp-content\/uploads\/sites\/8\/2025\/04\/Italy.jpg 1080w, https:\/\/isopllc.com\/it\/wp-content\/uploads\/sites\/8\/2025\/04\/Italy-150x150.jpg 150w, https:\/\/isopllc.com\/it\/wp-content\/uploads\/sites\/8\/2025\/04\/Italy-768x768.jpg 768w, https:\/\/isopllc.com\/it\/wp-content\/uploads\/sites\/8\/2025\/04\/Italy-1000x1000.jpg 1000w, https:\/\/isopllc.com\/it\/wp-content\/uploads\/sites\/8\/2025\/04\/Italy-416x416.jpg 416w, https:\/\/isopllc.com\/it\/wp-content\/uploads\/sites\/8\/2025\/04\/Italy-100x100.jpg 100w\" sizes=\"auto, (max-width: 299px) 100vw, 299px\" \/><\/p>\n<h3>Azienda di scale professionali<\/h3>\n<p>Ti consigliamo di acquistare scale da un&#8217;azienda specializzata in scale, poich\u00e9 si tratta di un prodotto di sicurezza.<\/p>\n<p>E ISOP \u00e8 una delle poche aziende che offre un&#8217;ampia selezione di scale diverse dal proprio impianto di produzione.<\/p>\n<p>Disponibile anche nella versione da <a href=\"https:\/\/isopllc.com\/it\/product\/scala-di-corda-per-fuga-antincendio-8-m-in-scatola-rossa\/\"><strong>3 piani.<\/strong><\/a><\/p>\n<\/div>\n<\/div>\n<\/div>\n<\/div>\n<\/div>\n<\/div>\n","protected":false},"excerpt":{"rendered":"[embed]https:\/\/youtu.be\/TNwTSGuDttM[\/embed]\n<p id=\"title\" class=\"a-size-large a-spacing-none\" style=\"text-align: center\">Scala Antincendio a 2 Piani 4 m Con Armadietto &#8211; Scala Antincendio a Parete Per Casa &#8211; Inclusa Scala a Due Piani e Coperta Antincendio<\/p>\n<p style=\"text-align: center\">CONSEGNA GRATUITA ENTRO 3-7 GIORNI<\/p>\n<h4 style=\"text-align: center\"><strong>ACQUISTA SU<\/strong><\/h4>\n<p><a href=\"https:\/\/www.amazon.it\/dp\/B0BZYHQJG2\/ref=sr_1_2?__mk_it_IT=%C3%85M%C3%85%C5%BD%C3%95%C3%91&amp;crid=S95W94OYTGZ4&amp;dib=eyJ2IjoiMSJ9.oJULxJHooIHsVbWhYOujUg.BrtG_UkAm3023V59iVZvs-7UVvCdIuFEUJI64rfjJyM&amp;dib_tag=se&amp;keywords=Scala%2BAntincendio%2Ba%2B2%2BPiani%2BCon%2BArmadietto%2BScala%2BPieghevole%2Ba%2BParete%2BPer%2BCasa%2Bo%2BUfficio&amp;qid=1739955005&amp;s=kitchen&amp;sprefix=b0bzyhqjg2%2Ckitchen%2C366&amp;sr=1-2&amp;th=1\"><img loading=\"lazy\" decoding=\"async\" class=\"aligncenter wp-image-1040 size-full\" src=\"https:\/\/isopllc.com\/it\/wp-content\/uploads\/sites\/8\/2020\/01\/amazon-button9.png\" alt=\"\" width=\"160\" height=\"59\" \/><\/a><\/p>\n","protected":false},"featured_media":4991,"comment_status":"open","ping_status":"closed","template":"","meta":[],"product_brand":[],"product_cat":[177,179,183],"product_tag":[96,34,33,39],"class_list":{"0":"post-4849","1":"product","2":"type-product","3":"status-publish","4":"has-post-thumbnail","6":"product_cat-scale-a-muro","7":"product_cat-scale-di-fuga-con-supporti","8":"product_cat-scale-di-fuga-per-2-piani","9":"product_tag-2-piani","10":"product_tag-armadietto","11":"product_tag-attrezzatura-di-sicurezza","12":"product_tag-scala-antincendio","14":"first","15":"instock","16":"shipping-taxable","17":"purchasable","18":"product-type-simple"},"_links":{"self":[{"href":"https:\/\/isopllc.com\/it\/wp-json\/wp\/v2\/product\/4849","targetHints":{"allow":["GET"]}}],"collection":[{"href":"https:\/\/isopllc.com\/it\/wp-json\/wp\/v2\/product"}],"about":[{"href":"https:\/\/isopllc.com\/it\/wp-json\/wp\/v2\/types\/product"}],"replies":[{"embeddable":true,"href":"https:\/\/isopllc.com\/it\/wp-json\/wp\/v2\/comments?post=4849"}],"wp:featuredmedia":[{"embeddable":true,"href":"https:\/\/isopllc.com\/it\/wp-json\/wp\/v2\/media\/4991"}],"wp:attachment":[{"href":"https:\/\/isopllc.com\/it\/wp-json\/wp\/v2\/media?parent=4849"}],"wp:term":[{"taxonomy":"product_brand","embeddable":true,"href":"https:\/\/isopllc.com\/it\/wp-json\/wp\/v2\/product_brand?post=4849"},{"taxonomy":"product_cat","embeddable":true,"href":"https:\/\/isopllc.com\/it\/wp-json\/wp\/v2\/product_cat?post=4849"},{"taxonomy":"product_tag","embeddable":true,"href":"https:\/\/isopllc.com\/it\/wp-json\/wp\/v2\/product_tag?post=4849"}],"curies":[{"name":"wp","href":"https:\/\/api.w.org\/{rel}","templated":true}]}}