{"id":4877,"date":"2023-12-06T01:18:16","date_gmt":"2023-12-06T01:18:16","guid":{"rendered":"https:\/\/isopllc.com\/it\/?post_type=product&#038;p=4877"},"modified":"2025-06-30T17:42:35","modified_gmt":"2025-06-30T17:42:35","slug":"isop-cintura-con-tasca-nascosta-per-soldi-travel","status":"publish","type":"product","link":"https:\/\/isopllc.com\/it\/product\/isop-cintura-con-tasca-nascosta-per-soldi-travel\/","title":{"rendered":"ISOP Cintura con Tasca Nascosta per Soldi Travel"},"content":{"rendered":"<h1 id=\"title\" class=\"a-size-large a-spacing-none\">ISOP Cintura con Tasca Nascosta per Soldi Travel | Strumenti di Sopravvivenza definitivi Inclusi | Cintura Nera di Sicurezza &#8211; Contanti | Portafoglio Sicuro con Protezione antifurto<\/h1>\n<p>La cintura in nylon presenta 4 tasche con zip di dimensioni 11 cm, dove abbiamo inserito una carta-sabre, una sega a filo, una bussola, una coperta termica, una salviettina antisettica e c&#8217;\u00e8 anche spazio sufficiente per i tuoi soldi e persino le carte di credito. In caso di una rapina, le tue carte e il denaro rimarranno al sicuro, e gli strumenti di sopravvivenza potrebbero salvarti la vita in situazioni di emergenza come smarrirsi durante un&#8217;escursione, incendi o terremoti.<\/p>\n<p>Di solito, durante una catastrofe, non avrai il tempo di prendere uno zaino di sopravvivenza appositamente preparato o un kit di pronto soccorso, ma la tua cintura \u00e8 quasi sempre con te, giusto? Quindi sarai gi\u00e0 armato per situazioni di emergenza del genere. La cintura \u00e8 particolarmente consigliata da portare con te durante i viaggi, le escursioni, l&#8217;arrampicata e tutti i tipi di avventure all&#8217;aperto. Questa cintura pu\u00f2 anche essere utilizzata come laccio emostatico.<\/p>\n<p><img loading=\"lazy\" decoding=\"async\" class=\"alignnone size-full wp-image-5230\" src=\"https:\/\/isopllc.com\/usa\/wp-content\/uploads\/sites\/4\/2023\/12\/travel-belt1-1.jpg\" alt=\"travel belt\" width=\"300\" height=\"300\" title=\"\"><\/p>\n<p><strong>Sicurezza:<\/strong> Una cintura con tasche \u00e8 progettata per essere indossata vicino al corpo, offrendo un modo discreto e sicuro per trasportare oggetti di valore come contanti, passaporti e carte di credito. Ci\u00f2 riduce il rischio di borseggi, specialmente in zone affollate o turistiche.<\/p>\n<p><strong>Comodit\u00e0 a mani libere:<\/strong> A differenza dei portafogli o delle borse tradizionali, una cintura con tasche consente ai viaggiatori di avere le mani libere. Questo \u00e8 particolarmente utile durante la navigazione negli aeroporti, nelle strade affollate o nell&#8217;assolvimento di varie attivit\u00e0 senza la necessit\u00e0 di tenere costantemente in mano gli effetti personali.<\/p>\n<p><strong>Stoccaggio nascosto:<\/strong> Il design sottile di una cintura con tasche consente uno stoccaggio nascosto sotto i vestiti, aggiungendo uno strato extra di sicurezza. \u00c8 meno evidente rispetto al trasporto di un portafoglio tradizionale, rendendolo pi\u00f9 difficile da identificare e prendere di mira per i potenziali ladri.<\/p>\n<p><img loading=\"lazy\" decoding=\"async\" class=\"alignnone size-full wp-image-5231\" src=\"https:\/\/isopllc.com\/usa\/wp-content\/uploads\/sites\/4\/2023\/12\/travel-belt1-2.jpg\" alt=\"Travel belt\" width=\"300\" height=\"300\" title=\"\"><\/p>\n<p><strong>Organizzazione:<\/strong> Molte cinture con tasche sono dotate di scomparti multipli e tasche con zip, offrendo uno stoccaggio organizzato per oggetti diversi. Ci\u00f2 aiuta i viaggiatori a mantenere i loro elementi essenziali, come contanti, carte e documenti, ordinatamente separati e facilmente accessibili.<\/p>\n<p><strong>Comode da indossare:<\/strong> Le cinture con tasche sono tipicamente realizzate con materiali leggeri e traspiranti, rendendole comode da indossare per periodi prolungati. Questo \u00e8 particolarmente importante per i viaggiatori che esplorano nuove destinazioni e possono essere in movimento per lunghi periodi.<\/p>\n<p><strong>Versatilit\u00e0:<\/strong> Le cinture con tasche sono versatili e possono essere indossate in vari modi: intorno alla vita, sotto i vestiti o persino attraverso il petto. Questa adattabilit\u00e0 consente ai viaggiatori di scegliere lo stile che si adatta alle loro preferenze in termini di comfort e sicurezza.<\/p>\n<p><img loading=\"lazy\" decoding=\"async\" class=\"alignnone size-full wp-image-5232\" src=\"https:\/\/isopllc.com\/usa\/wp-content\/uploads\/sites\/4\/2023\/12\/travel-belt1-3.jpg\" alt=\"Travel Belt\" width=\"300\" height=\"300\" title=\"\"><\/p>\n<div class=\"celwidget aplus-module premium-module-4-two-column-images aplus-premium\" data-csa-c-id=\"15yl7x-eio1n0-m9lh6n-socwzs\" data-cel-widget=\"aplus-premium-module-4-two-column-images\">\n<div class=\"a-section a-spacing-none premium-aplus premium-aplus-module-4 aplus-container-1\">\n<div class=\"a-section a-spacing-none premium-aplus-two-column\">\n<div class=\"a-section a-spacing-none premium-aplus-column\">\n<div class=\"a-section a-spacing-none column-description\">\n<div class=\"celwidget aplus-module module-9 aplus-standard\">\n<div class=\"aplus-module-wrapper\">\n<div class=\"\">\n<p><strong>Design ideato per i viaggi:<\/strong> Molte cinture con tasche sono progettate pensando ai viaggi, con tecnologia di blocco RFID per proteggersi dal furto elettronico, materiali durevoli e cinghie regolabili per adattarsi a diverse taglie del corpo.<\/p>\n<p><strong>Accesso rapido:<\/strong> Con gli oggetti conservati in una cintura con tasche, i viaggiatori possono accedere rapidamente ed facilmente agli elementi essenziali senza dover cercare in una borsa. Questo \u00e8 particolarmente vantaggioso quando si passa attraverso la sicurezza dell&#8217;aeroporto o si effettuano transazioni veloci.<\/p>\n<p><strong>Serenit\u00e0:<\/strong> Indossare una cintura con tasche pu\u00f2 fornire ai viaggiatori una tranquillit\u00e0, sapendo che i loro documenti importanti e oggetti di valore sono conservati in modo sicuro e comodo. Ci\u00f2 migliora l&#8217;esperienza di viaggio generale riducendo lo stress legato al controllo delle proprie cose.<\/p>\n<p><strong>Stile discreto:<\/strong> Le cinture con tasche sono progettate per essere discrete e si integrano perfettamente con l&#8217;abbigliamento. Questo design a basso profilo consente ai viaggiatori di mantenere un&#8217;aspetto elegante e poco appariscente mentre hanno i loro elementi essenziali a portata di mano.<\/p>\n<p>In generale, una cintura con tasche \u00e8 un accessorio pratico e sicuro che migliora l&#8217;esperienza di viaggio fornendo un modo conveniente e organizzato per trasportare oggetti importanti, riducendo al minimo il rischio di furto.<\/p>\n<\/div>\n<\/div>\n<\/div>\n<\/div>\n<\/div>\n<\/div>\n<\/div>\n<\/div>\n","protected":false},"excerpt":{"rendered":"[embed]https:\/\/youtu.be\/MbvxJIqg8cE[\/embed]\n<p id=\"title\" class=\"a-size-large a-spacing-none\" style=\"text-align: center;\">ISOP Cintura con Tasca Nascosta per Soldi Travel | Strumenti di Sopravvivenza definitivi Inclusi | Cintura Nera di Sicurezza &#8211; Contanti | Portafoglio Sicuro con Protezione antifurto<\/p>\n<p style=\"text-align: center;\">CONSEGNA GRATUITA ENTRO 3-7 GIORNI<\/p>\n<h4 style=\"text-align: center;\"><strong>ACQUISTA SU<\/strong><\/h4>\n<p><a href=\"https:\/\/www.amazon.it\/dp\/B0CFH3W3Y8?ref=myi_title_dp\"><img loading=\"lazy\" decoding=\"async\" class=\"aligncenter wp-image-1040 size-full\" src=\"https:\/\/isopllc.com\/it\/wp-content\/uploads\/sites\/8\/2020\/01\/amazon-button9.png\" alt=\"\" width=\"160\" height=\"59\" \/><\/a><\/p>\n","protected":false},"featured_media":4878,"comment_status":"open","ping_status":"closed","template":"","meta":[],"product_brand":[],"product_cat":[170],"product_tag":[33,70,36,72,71,73],"class_list":{"0":"post-4877","1":"product","2":"type-product","3":"status-publish","4":"has-post-thumbnail","6":"product_cat-set-di-salvataggio-e-sopravvivenza","7":"product_tag-attrezzatura-di-sicurezza","8":"product_tag-cintura","9":"product_tag-isop","10":"product_tag-soldi","11":"product_tag-tasca-nascosta","12":"product_tag-travel","14":"first","15":"instock","16":"shipping-taxable","17":"purchasable","18":"product-type-simple"},"_links":{"self":[{"href":"https:\/\/isopllc.com\/it\/wp-json\/wp\/v2\/product\/4877","targetHints":{"allow":["GET"]}}],"collection":[{"href":"https:\/\/isopllc.com\/it\/wp-json\/wp\/v2\/product"}],"about":[{"href":"https:\/\/isopllc.com\/it\/wp-json\/wp\/v2\/types\/product"}],"replies":[{"embeddable":true,"href":"https:\/\/isopllc.com\/it\/wp-json\/wp\/v2\/comments?post=4877"}],"wp:featuredmedia":[{"embeddable":true,"href":"https:\/\/isopllc.com\/it\/wp-json\/wp\/v2\/media\/4878"}],"wp:attachment":[{"href":"https:\/\/isopllc.com\/it\/wp-json\/wp\/v2\/media?parent=4877"}],"wp:term":[{"taxonomy":"product_brand","embeddable":true,"href":"https:\/\/isopllc.com\/it\/wp-json\/wp\/v2\/product_brand?post=4877"},{"taxonomy":"product_cat","embeddable":true,"href":"https:\/\/isopllc.com\/it\/wp-json\/wp\/v2\/product_cat?post=4877"},{"taxonomy":"product_tag","embeddable":true,"href":"https:\/\/isopllc.com\/it\/wp-json\/wp\/v2\/product_tag?post=4877"}],"curies":[{"name":"wp","href":"https:\/\/api.w.org\/{rel}","templated":true}]}}