{"id":4929,"date":"2024-01-28T05:48:33","date_gmt":"2024-01-28T05:48:33","guid":{"rendered":"https:\/\/isopllc.com\/it\/?post_type=product&#038;p=4929"},"modified":"2025-06-30T17:41:10","modified_gmt":"2025-06-30T17:41:10","slug":"staffa-per-estintore-da-3-kg-confezione-da-10","status":"publish","type":"product","link":"https:\/\/isopllc.com\/it\/product\/staffa-per-estintore-da-3-kg-confezione-da-10\/","title":{"rendered":"Staffa per Estintore da 3 kg Confezione da 10"},"content":{"rendered":"<h1 id=\"title\" class=\"a-size-large a-spacing-none\"><span id=\"productTitle\" class=\"a-size-large product-title-word-break\">Staffa per Estintore da 3 kg Confezione da 10|Staffa di montaggio per estintore per casa, ristorante o ufficio|Supporto per estintore per carichi pesanti con hardware di montaggio<\/span><\/h1>\n<p><img loading=\"lazy\" decoding=\"async\" class=\"alignnone wp-image-5282 entered lazyloaded\" title=\"Staffa estintore da 5 libbre, confezione da 10 10\" src=\"https:\/\/isopllc.com\/usa\/wp-content\/uploads\/sites\/4\/2024\/01\/51mPe55XfnL._AC_1.jpg\" sizes=\"auto, (max-width: 527px) 100vw, 527px\" srcset=\"https:\/\/isopllc.com\/usa\/wp-content\/uploads\/sites\/4\/2024\/01\/51mPe55XfnL._AC_1.jpg 650w, https:\/\/isopllc.com\/usa\/wp-content\/uploads\/sites\/4\/2024\/01\/51mPe55XfnL._AC_1-416x224.jpg 416w\" alt=\"Staffa per montaggio a parete dell'estintore\" width=\"527\" height=\"284\" data-lazy-srcset=\"https:\/\/isopllc.com\/usa\/wp-content\/uploads\/sites\/4\/2024\/01\/51mPe55XfnL._AC_1.jpg 650w, https:\/\/isopllc.com\/usa\/wp-content\/uploads\/sites\/4\/2024\/01\/51mPe55XfnL._AC_1-416x224.jpg 416w\" data-lazy-sizes=\"(max-width: 527px) 100vw, 527px\" data-lazy-src=\"https:\/\/isopllc.com\/usa\/wp-content\/uploads\/sites\/4\/2024\/01\/51mPe55XfnL._AC_1.jpg\" data-ll-status=\"loaded\" \/><\/p>\n<h1 class=\"aplus-h3 a-text-bold\">Gancio da parete universale per estintore<\/h1>\n<p>Le nostre staffe universali per estintore garantiscono la sicurezza della tua casa e della tua cucina fornendo compatibilit\u00e0 con un&#8217;ampia gamma di estintori: estintori piccoli, grandi, ad acqua ricaricabile, a CO2 o di classe K, il nostro supporto a parete \u00e8 la soluzione perfetta per la tua casa, ufficio o cucina.<\/p>\n<p><img loading=\"lazy\" decoding=\"async\" class=\"alignnone wp-image-5283 entered lazyloaded\" title=\"Staffa estintore da 5 libbre, confezione da 10 11\" src=\"https:\/\/isopllc.com\/usa\/wp-content\/uploads\/sites\/4\/2024\/01\/51mPe55XfnL._AC_2.jpg\" sizes=\"auto, (max-width: 537px) 100vw, 537px\" srcset=\"https:\/\/isopllc.com\/usa\/wp-content\/uploads\/sites\/4\/2024\/01\/51mPe55XfnL._AC_2.jpg 650w, https:\/\/isopllc.com\/usa\/wp-content\/uploads\/sites\/4\/2024\/01\/51mPe55XfnL._AC_2-416x224.jpg 416w\" alt=\"Staffe per estintore\" width=\"537\" height=\"289\" data-lazy-srcset=\"https:\/\/isopllc.com\/usa\/wp-content\/uploads\/sites\/4\/2024\/01\/51mPe55XfnL._AC_2.jpg 650w, https:\/\/isopllc.com\/usa\/wp-content\/uploads\/sites\/4\/2024\/01\/51mPe55XfnL._AC_2-416x224.jpg 416w\" data-lazy-sizes=\"(max-width: 537px) 100vw, 537px\" data-lazy-src=\"https:\/\/isopllc.com\/usa\/wp-content\/uploads\/sites\/4\/2024\/01\/51mPe55XfnL._AC_2.jpg\" data-ll-status=\"loaded\" \/><\/p>\n<h1 class=\"aplus-h3 a-text-bold\">Compatto e facile da installare<\/h1>\n<p class=\"aplus-p3\">Il gancio da parete universale per estintore in acciaio resistente |\u00a0Staffa di montaggio |\u00a0Il gancio \u00e8 progettato specificatamente per sostenere in modo sicuro estintori fino a 6 kg.<\/p>\n<p class=\"aplus-p3\">\u00c8 dotato di supporto estintore alto con compatibilit\u00e0 universale per tutti gli estintori con asole sul corpo valvola.<\/p>\n<p><img loading=\"lazy\" decoding=\"async\" class=\"alignnone wp-image-5284 entered lazyloaded\" title=\"Staffa estintore da 5 libbre, confezione da 10 12\" src=\"https:\/\/isopllc.com\/usa\/wp-content\/uploads\/sites\/4\/2024\/01\/51mPe55XfnL._AC_3.jpg\" sizes=\"auto, (max-width: 526px) 100vw, 526px\" srcset=\"https:\/\/isopllc.com\/usa\/wp-content\/uploads\/sites\/4\/2024\/01\/51mPe55XfnL._AC_3.jpg 650w, https:\/\/isopllc.com\/usa\/wp-content\/uploads\/sites\/4\/2024\/01\/51mPe55XfnL._AC_3-416x224.jpg 416w\" alt=\"Staffe per estintore\" width=\"526\" height=\"283\" data-lazy-srcset=\"https:\/\/isopllc.com\/usa\/wp-content\/uploads\/sites\/4\/2024\/01\/51mPe55XfnL._AC_3.jpg 650w, https:\/\/isopllc.com\/usa\/wp-content\/uploads\/sites\/4\/2024\/01\/51mPe55XfnL._AC_3-416x224.jpg 416w\" data-lazy-sizes=\"(max-width: 526px) 100vw, 526px\" data-lazy-src=\"https:\/\/isopllc.com\/usa\/wp-content\/uploads\/sites\/4\/2024\/01\/51mPe55XfnL._AC_3.jpg\" data-ll-status=\"loaded\" \/><\/p>\n<h1 class=\"aplus-h3 a-text-bold\">Convenientemente montato<\/h1>\n<p class=\"aplus-p3\">Con il nostro gancio da parete universale per estintore, supporto, staffa e gancio, puoi montare comodamente i tuoi estintori esattamente dove ne hai bisogno.<\/p>\n<p class=\"aplus-p3\">Questo \u00e8 l&#8217;ideale per scuole, edifici per uffici e fabbriche.<\/p>\n<p class=\"aplus-p3\">La struttura in acciaio verniciato a polvere garantisce durata e longevit\u00e0.<\/p>\n<p><img loading=\"lazy\" decoding=\"async\" class=\"alignnone wp-image-5285 entered lazyloaded\" title=\"Staffa estintore da 5 libbre, confezione da 10 13\" src=\"https:\/\/isopllc.com\/usa\/wp-content\/uploads\/sites\/4\/2024\/01\/51mPe55XfnL._AC_4.jpg\" sizes=\"auto, (max-width: 525px) 100vw, 525px\" srcset=\"https:\/\/isopllc.com\/usa\/wp-content\/uploads\/sites\/4\/2024\/01\/51mPe55XfnL._AC_4.jpg 650w, https:\/\/isopllc.com\/usa\/wp-content\/uploads\/sites\/4\/2024\/01\/51mPe55XfnL._AC_4-416x224.jpg 416w\" alt=\"Staffe per estintore\" width=\"525\" height=\"283\" data-lazy-srcset=\"https:\/\/isopllc.com\/usa\/wp-content\/uploads\/sites\/4\/2024\/01\/51mPe55XfnL._AC_4.jpg 650w, https:\/\/isopllc.com\/usa\/wp-content\/uploads\/sites\/4\/2024\/01\/51mPe55XfnL._AC_4-416x224.jpg 416w\" data-lazy-sizes=\"(max-width: 525px) 100vw, 525px\" data-lazy-src=\"https:\/\/isopllc.com\/usa\/wp-content\/uploads\/sites\/4\/2024\/01\/51mPe55XfnL._AC_4.jpg\" data-ll-status=\"loaded\" \/><\/p>\n<h1 class=\"aplus-h3 a-text-bold\">La confezione include<\/h1>\n<div class=\"a-section a-spacing-none column-description\">\n<p class=\"aplus-p3\">10 supporti per estintore<\/p>\n<p class=\"aplus-p3\">10 viti<\/p>\n<p class=\"aplus-p3\">10 rondelle in ferro dolce<\/p>\n<p class=\"aplus-p3\">1 manuale di installazione<\/p>\n<p class=\"aplus-p3\"><strong><span class=\"a-text-bold\">Si prega di notare che gli estintori sono venduti separatamente.<\/span><\/strong><\/p>\n<p class=\"description\">Quando si tratta di sicurezza, ogni secondo conta.\u00a0Ecco perch\u00e9 siamo orgogliosi di presentare le nostre 10 unit\u00e0 di montaggio per estintore, progettate per mantenere la casa o la cucina preparata per le emergenze.\u00a0Le nostre staffe universali per il montaggio a parete degli estintori sono la soluzione perfetta per esigenze di grandi dimensioni, garantendo la disponibilit\u00e0 dell&#8217;attrezzatura necessaria per mantenere sicurezza e protezione in pi\u00f9 luoghi.<\/p>\n<p class=\"description\">Realizzate pensando alla durabilit\u00e0 e alla facilit\u00e0 d&#8217;uso, le nostre staffe per estintori offrono una soluzione di montaggio sicura e affidabile per i tuoi estintori.\u00a0Il design elegante e versatile consente un&#8217;installazione rapida e comoda, rendendolo ideale sia per ambienti residenziali che commerciali.\u00a0Con questi supporti puoi garantire che i tuoi estintori siano facilmente accessibili in caso di emergenza, garantendo tranquillit\u00e0 a te e ai tuoi cari.<\/p>\n<p class=\"description\">I ganci per estintori ISOP sono realizzati con materiali di alta qualit\u00e0 e forniscono una soluzione robusta e duratura per proteggere le vostre attrezzature di sicurezza antincendio.\u00a0Il design universale garantisce la compatibilit\u00e0 con vari modelli di estintori, offrendo un&#8217;opzione di montaggio versatile per le vostre esigenze specifiche.\u00a0Che tu stia cercando di arredare la tua casa, cucina, garage o posto di lavoro, i nostri portaestintori sfusi forniscono una soluzione economica ed efficiente per mantenere la sicurezza in pi\u00f9 luoghi.<\/p>\n<p class=\"description\">Investendo nei supporti per estintori ISOP, stai compiendo un passo proattivo verso la salvaguardia della tua propriet\u00e0 e delle persone al suo interno.\u00a0Non aspettare che si verifichi un&#8217;emergenza: proteggi i tuoi estintori oggi stesso con le nostre affidabili e pratiche staffe per il montaggio a parete.\u00a0Con le nostre opzioni in grandi quantit\u00e0, puoi equipaggiare in modo efficiente pi\u00f9 aree con le misure di sicurezza essenziali di cui hanno bisogno.<\/p>\n<p class=\"description\">Ordina ora e fai il primo passo verso la creazione di un ambiente pi\u00f9 sicuro per la tua casa, cucina o posto di lavoro.\u00a0Affidati al nostro set di 10 ganci per estintore per fornire la sicurezza e l&#8217;accessibilit\u00e0 di cui hai bisogno quando \u00e8 pi\u00f9 importante.<\/p>\n<\/div>\n","protected":false},"excerpt":{"rendered":"<p id=\"title\" class=\"a-size-large a-spacing-none\" style=\"text-align: center;\"><span id=\"productTitle\" class=\"a-size-large product-title-word-break\">Staffa per Estintore da 3 kg Confezione da 10|Staffa di montaggio per estintore per casa, ristorante o ufficio|Supporto per estintore per carichi pesanti con hardware di montaggio<\/span><\/p>\n<p style=\"text-align: center;\">CONSEGNA GRATUITA ENTRO 3-7 GIORNI<\/p>\n<h4 style=\"text-align: center;\"><strong>ACQUISTA SU<\/strong><\/h4>\n<p><a href=\"https:\/\/www.amazon.it\/estintore-confezione-montaggio-ristorante-Supporto\/dp\/B0CN18L66P\/ref=sr_1_1?__mk_it_IT=%C3%85M%C3%85%C5%BD%C3%95%C3%91&amp;crid=MROACSDF6ZIQ&amp;keywords=B0CN18L66P&amp;qid=1706420744&amp;s=industrial&amp;sprefix=b0cn18l66p%2Cindustrial%2C202&amp;sr=1-1\"><img loading=\"lazy\" decoding=\"async\" class=\"aligncenter wp-image-1040 size-full\" src=\"https:\/\/isopllc.com\/it\/wp-content\/uploads\/sites\/8\/2020\/01\/amazon-button9.png\" alt=\"\" width=\"160\" height=\"59\" \/><\/a><\/p>\n","protected":false},"featured_media":4918,"comment_status":"open","ping_status":"closed","template":"","meta":[],"product_brand":[],"product_cat":[169],"product_tag":[158,33,159,157],"class_list":{"0":"post-4929","1":"product","2":"type-product","3":"status-publish","4":"has-post-thumbnail","6":"product_cat-supporti-per-estintori","7":"product_tag-3-kg","8":"product_tag-attrezzatura-di-sicurezza","9":"product_tag-confezione-da-10","10":"product_tag-staffa-per-estintore","12":"first","13":"instock","14":"shipping-taxable","15":"purchasable","16":"product-type-simple"},"_links":{"self":[{"href":"https:\/\/isopllc.com\/it\/wp-json\/wp\/v2\/product\/4929","targetHints":{"allow":["GET"]}}],"collection":[{"href":"https:\/\/isopllc.com\/it\/wp-json\/wp\/v2\/product"}],"about":[{"href":"https:\/\/isopllc.com\/it\/wp-json\/wp\/v2\/types\/product"}],"replies":[{"embeddable":true,"href":"https:\/\/isopllc.com\/it\/wp-json\/wp\/v2\/comments?post=4929"}],"wp:featuredmedia":[{"embeddable":true,"href":"https:\/\/isopllc.com\/it\/wp-json\/wp\/v2\/media\/4918"}],"wp:attachment":[{"href":"https:\/\/isopllc.com\/it\/wp-json\/wp\/v2\/media?parent=4929"}],"wp:term":[{"taxonomy":"product_brand","embeddable":true,"href":"https:\/\/isopllc.com\/it\/wp-json\/wp\/v2\/product_brand?post=4929"},{"taxonomy":"product_cat","embeddable":true,"href":"https:\/\/isopllc.com\/it\/wp-json\/wp\/v2\/product_cat?post=4929"},{"taxonomy":"product_tag","embeddable":true,"href":"https:\/\/isopllc.com\/it\/wp-json\/wp\/v2\/product_tag?post=4929"}],"curies":[{"name":"wp","href":"https:\/\/api.w.org\/{rel}","templated":true}]}}