{"id":4965,"date":"2024-05-23T15:48:35","date_gmt":"2024-05-23T15:48:35","guid":{"rendered":"https:\/\/isopllc.com\/it\/?post_type=product&#038;p=4965"},"modified":"2025-06-30T17:39:35","modified_gmt":"2025-06-30T17:39:35","slug":"scala-antincendio-a-parete-3-piani-7-5-m","status":"publish","type":"product","link":"https:\/\/isopllc.com\/it\/product\/scala-antincendio-a-parete-3-piani-7-5-m\/","title":{"rendered":"Scala Antincendio a Parete 3 piani 8 m &#8211; Scala di Emergenza"},"content":{"rendered":"<h1 id=\"title\" class=\"a-size-large a-spacing-none\">Scala Antincendio a Parete 3 piani 7.5 m | Scala di Emergenza per Case con Scatola di Alluminio e Set di Ancoraggio per Arrampicata<\/h1>\n<h3 class=\"a-spacing-small\">Perch\u00e9 scegliere le nostre scale antincendio?<\/h3>\n<p><img loading=\"lazy\" decoding=\"async\" class=\"alignnone size-full wp-image-4968\" src=\"https:\/\/isopllc.com\/it\/wp-content\/uploads\/sites\/8\/2024\/05\/7d18ef1f-96f1-4564-9da3-55a08c331107.__CR0010001000_PT0_SX300_V1___.jpg\" alt=\"alubox\" width=\"300\" height=\"300\" title=\"\" srcset=\"https:\/\/isopllc.com\/it\/wp-content\/uploads\/sites\/8\/2024\/05\/7d18ef1f-96f1-4564-9da3-55a08c331107.__CR0010001000_PT0_SX300_V1___.jpg 300w, https:\/\/isopllc.com\/it\/wp-content\/uploads\/sites\/8\/2024\/05\/7d18ef1f-96f1-4564-9da3-55a08c331107.__CR0010001000_PT0_SX300_V1___-150x150.jpg 150w, https:\/\/isopllc.com\/it\/wp-content\/uploads\/sites\/8\/2024\/05\/7d18ef1f-96f1-4564-9da3-55a08c331107.__CR0010001000_PT0_SX300_V1___-100x100.jpg 100w\" sizes=\"auto, (max-width: 300px) 100vw, 300px\" \/><\/p>\n<p>L&#8217;armadio per scale antincendio in ferro mantiene la scala di fuga facilmente accessibile in caso di emergenza.<\/p>\n<p>Grazie alle sue dimensioni compatte &#8211; (33&#215;43 cm, 1 mm di spessore) e alla struttura resistente, questo armadio \u00e8 ideale per appartamenti, condomini e piccole imprese e offre un luogo sicuro e protetto per l&#8217;archiviazione a lungo termine.<\/p>\n<p><img decoding=\"async\" class=\"a-spacing-mini\" src=\"https:\/\/m.media-amazon.com\/images\/S\/aplus-media\/sc\/d4cc9639-a61a-4b3c-b1c6-a62967c917dd.__CR145,0,1000,1000_PT0_SX300_V1___.jpg\" alt=\"Anti Slip Rungs\" data-src=\"https:\/\/m.media-amazon.com\/images\/S\/aplus-media\/sc\/d4cc9639-a61a-4b3c-b1c6-a62967c917dd.__CR145,0,1000,1000_PT0_SX300_V1___.jpg\" data- title=\"\"><\/p>\n<h3><span class=\"a-text-bold\">Delicato per le mani<\/span><\/h3>\n<p>Durante la creazione di queste scale, abbiamo considerato i difetti dei nostri concorrenti. I bestseller come first alert e kidde hanno molte lamentele sul fatto che quando usano le loro scale i pioli tagliano le mani degli utenti perch\u00e9 i pioli di alluminio sono affilati. Ne abbiamo tenuto conto e le nostre scale non hanno spigoli vivi e sono sicure per l&#8217;uso da parte di adulti e bambini.<\/p>\n<p>&nbsp;<\/p>\n<p><img decoding=\"async\" class=\"a-spacing-mini\" src=\"https:\/\/m.media-amazon.com\/images\/S\/aplus-media\/sc\/27f9c708-c858-49c0-96f7-815dd0fa4f9a.__CR0,0,1000,1000_PT0_SX300_V1___.jpg\" alt=\"Wide application\" data-src=\"https:\/\/m.media-amazon.com\/images\/S\/aplus-media\/sc\/27f9c708-c858-49c0-96f7-815dd0fa4f9a.__CR0,0,1000,1000_PT0_SX300_V1___.jpg\" data- title=\"\"><\/p>\n<h3><span class=\"a-text-bold\">Cinghie integrali<\/span><\/h3>\n<p>Anche in questo caso, confrontando le nostre scale con i concorrenti, va notato che, a differenza di altre, dall&#8217;estremit\u00e0 superiore a quella inferiore le nostre scale sono costituite da un unico pezzo di cinghia che pu\u00f2 resistere a pi\u00f9 di una 44 libbre (!) Grazie a una speciale tecnologia brevettata. Mentre le scale a nastro dei concorrenti sono cucite a pezzi, il che a nostro avviso \u00e8 inaffidabile.<\/p>\n<p><img decoding=\"async\" src=\"https:\/\/m.media-amazon.com\/images\/S\/aplus-media-library-service-media\/3e3631ef-bf95-4934-bd5d-2881c8d8d8c7.__CR0,0,300,300_PT0_SX300_V1___.jpg\" alt=\"For window or balcony\" title=\"\"><\/p>\n<p>Viene fornito con un set di bulloni di ancoraggio da arrampicata, 2 piastre di sospensione e 2 bulloni di espansione. Bulloni e rondelle piatte sono inclusi.<\/p>\n<p><img decoding=\"async\" class=\"a-spacing-mini\" src=\"https:\/\/m.media-amazon.com\/images\/S\/aplus-media\/sc\/42cab632-a2d0-40fd-a2dd-280d531bf010.__CR282,0,1000,1000_PT0_SX300_V1___.jpg\" alt=\"For window or balcony\" data-src=\"https:\/\/m.media-amazon.com\/images\/S\/aplus-media\/sc\/42cab632-a2d0-40fd-a2dd-280d531bf010.__CR282,0,1000,1000_PT0_SX300_V1___.jpg\" data- title=\"\"><\/p>\n<h3><span class=\"a-text-bold\">Stabilizzatori<\/span><\/h3>\n<p>I pioli delle nostre scale sono dotati di stabilizzatori che consentono alle scale di non aderire saldamente al muro ma di rimanere salde contro di esso e quindi facilitare notevolmente la discesa dal secondo o terzo piano.<\/p>\n<h3><span class=\"a-text-bold\">Pioli antiscivolo<\/span><\/h3>\n<p>Uno speciale disegno sulla superficie dei pioli rende la discesa dall&#8217;appartamento antiscivolo con qualsiasi tempo.<\/p>\n<p><img decoding=\"async\" class=\"a-spacing-mini\" src=\"https:\/\/m.media-amazon.com\/images\/S\/aplus-media\/sc\/8b1ba6ce-d84f-4314-b98a-95d063fc3e5e.__CR500,0,1000,1000_PT0_SX300_V1___.jpg\" alt=\"For window or balcony\" data-src=\"https:\/\/m.media-amazon.com\/images\/S\/aplus-media\/sc\/8b1ba6ce-d84f-4314-b98a-95d063fc3e5e.__CR500,0,1000,1000_PT0_SX300_V1___.jpg\" data- title=\"\"><\/p>\n<h3><span class=\"a-text-bold\">Resistente alle intemperie<\/span><\/h3>\n<p>La speciale vernice verniciata a polvere protegge i pioli dalla ruggine e la fettuccia in poliestere \u00e8 altamente resistente all&#8217;acqua o alla neve, quindi le nostre scale antincendio sono resistenti agli agenti atmosferici.<\/p>\n<h3><span class=\"a-text-bold\">Riutilizzabile<\/span><\/h3>\n<p>Le nostre scale sono riutilizzabili, a differenza di quelle della concorrenza. Con una corretta conservazione, possono durare per anni!<\/p>\n<p><img decoding=\"async\" src=\"https:\/\/m.media-amazon.com\/images\/S\/aplus-media-library-service-media\/9565f831-9888-4144-a36f-5e092ddb895b.__CR0,0,300,300_PT0_SX300_V1___.jpg\" alt=\"carabiners\" title=\"\"><\/p>\n<h3><span class=\"a-text-bold\">Moschettoni pesanti<\/span><\/h3>\n<p>Le scalette includono moschettoni cromati con carico di rottura 11KN.<\/p>\n<p><img decoding=\"async\" class=\"\" src=\"https:\/\/m.media-amazon.com\/images\/S\/aplus-media\/sc\/55dfe070-7172-4b34-b379-6ab49b743dd1.__CR226,0,1000,1000_PT0_SX300_V1___.jpg\" alt=\"Variation of 2 sizes\" data-src=\"https:\/\/m.media-amazon.com\/images\/S\/aplus-media\/sc\/55dfe070-7172-4b34-b379-6ab49b743dd1.__CR226,0,1000,1000_PT0_SX300_V1___.jpg\" data- title=\"\"><\/p>\n<h3>Certificato<\/h3>\n<p>Le nostre scale, a differenza di tutte le altre simili sul mercato, sono certificate secondo lo standard di qualit\u00e0 EN 131. \u00c8 meglio affidare la propria vita a un prodotto che ha superato tutti i test necessari, piuttosto che a un articolo leggermente pi\u00f9 economico, fatto chiss\u00e0 con quali materiali.<\/p>\n<p><img loading=\"lazy\" decoding=\"async\" class=\"alignnone  wp-image-5206\" src=\"https:\/\/isopllc.com\/it\/wp-content\/uploads\/sites\/8\/2025\/04\/Italy.jpg\" alt=\"Certificato Scala Antincendio\" width=\"309\" height=\"309\" title=\"\" srcset=\"https:\/\/isopllc.com\/it\/wp-content\/uploads\/sites\/8\/2025\/04\/Italy.jpg 1080w, https:\/\/isopllc.com\/it\/wp-content\/uploads\/sites\/8\/2025\/04\/Italy-150x150.jpg 150w, https:\/\/isopllc.com\/it\/wp-content\/uploads\/sites\/8\/2025\/04\/Italy-768x768.jpg 768w, https:\/\/isopllc.com\/it\/wp-content\/uploads\/sites\/8\/2025\/04\/Italy-1000x1000.jpg 1000w, https:\/\/isopllc.com\/it\/wp-content\/uploads\/sites\/8\/2025\/04\/Italy-416x416.jpg 416w, https:\/\/isopllc.com\/it\/wp-content\/uploads\/sites\/8\/2025\/04\/Italy-100x100.jpg 100w\" sizes=\"auto, (max-width: 309px) 100vw, 309px\" \/><\/p>\n<h3><span class=\"a-text-bold\">Azienda di scala professionale<\/span><\/h3>\n<p>Ti consigliamo di acquistare le scale da un&#8217;azienda specializzata in scale, poich\u00e9 si tratta di un prodotto di sicurezza.<\/p>\n<p><img decoding=\"async\" src=\"https:\/\/m.media-amazon.com\/images\/S\/aplus-media-library-service-media\/0c3c254d-684e-4313-bc9f-ae4b4b7e7ee7.__CR0,0,300,300_PT0_SX300_V1___.jpg\" alt=\"professional ladder\" title=\"\"><\/p>\n<p>E ISOP \u00e8 una delle poche aziende che offre un&#8217;ampia selezione di diverse scale dal proprio stabilimento di produzione.<\/p>\n<p><img loading=\"lazy\" decoding=\"async\" class=\"alignnone wp-image-4951\" src=\"https:\/\/isopllc.com\/it\/wp-content\/uploads\/sites\/8\/2023\/09\/Scala-di-fuga-di-emergenza.png\" alt=\"Scala di fuga di emergenza\" width=\"302\" height=\"302\" title=\"\" srcset=\"https:\/\/isopllc.com\/it\/wp-content\/uploads\/sites\/8\/2023\/09\/Scala-di-fuga-di-emergenza.png 1080w, https:\/\/isopllc.com\/it\/wp-content\/uploads\/sites\/8\/2023\/09\/Scala-di-fuga-di-emergenza-150x150.png 150w, https:\/\/isopllc.com\/it\/wp-content\/uploads\/sites\/8\/2023\/09\/Scala-di-fuga-di-emergenza-768x768.png 768w, https:\/\/isopllc.com\/it\/wp-content\/uploads\/sites\/8\/2023\/09\/Scala-di-fuga-di-emergenza-1000x1000.png 1000w, https:\/\/isopllc.com\/it\/wp-content\/uploads\/sites\/8\/2023\/09\/Scala-di-fuga-di-emergenza-416x416.png 416w, https:\/\/isopllc.com\/it\/wp-content\/uploads\/sites\/8\/2023\/09\/Scala-di-fuga-di-emergenza-100x100.png 100w\" sizes=\"auto, (max-width: 302px) 100vw, 302px\" \/><\/p>\n<p>Le nostre scale sono presenti in tutte le classifiche affidabili e sono classificate tra le prime 5 secondo questi editori.<\/p>\n<p>Disponibile anche nella versione da <a href=\"https:\/\/isopllc.com\/it\/product\/scale-antincendio-isop-4-m-scale-a-scomparsa-per-case-a-2-piani-compatto-e-portatile-scala-di-corda-per-calconi-e-finestre-di-fuga-in-custodia-di-alluminio\/\"><strong>2 piani.<\/strong><\/a><\/p>\n<p>&nbsp;<\/p>\n<p>&nbsp;<\/p>\n","protected":false},"excerpt":{"rendered":"<p id=\"title\" class=\"a-size-large a-spacing-none\" style=\"text-align: center\">Scala Antincendio a Parete 3 piani 7.5 m | Scala di Emergenza per Case con Scatola di Alluminio e Set di Ancoraggio per Arrampicata<\/p>\n<p style=\"text-align: center\">CONSEGNA GRATUITA IN 3-7 GIORNI<\/p>\n<h4 style=\"text-align: center\"><strong>ACQUISTALO SU<\/strong><\/h4>\n<p style=\"text-align: center\"><a href=\"https:\/\/www.amazon.it\/dp\/B0CZWFYMY4\/ref=sr_1_1?__mk_it_IT=%C3%85M%C3%85%C5%BD%C3%95%C3%91&amp;crid=IXFOHE5E69G9&amp;dib=eyJ2IjoiMSJ9.gO_QdEmKOtmzyBaSx4v2fQ.uqKrp6UK5nmq_L0ra9-Z1z8EmrivJaeZc905Pq4FO4w&amp;dib_tag=se&amp;keywords=Scala%20Antincendio%20a%20Parete%203%20piani%20Scala%20di%20Emergenza%20per%20Case%20con%20Scatola%20di%20Alluminio%20e%20Set%20di%20Ferramenta%20di%20Montaggio%20per%20Arrampicata&amp;qid=1739952392&amp;s=kitchen&amp;sprefix=b09zld2rgf%2Ckitchen%2C387&amp;sr=1-1&amp;th=1\"><img loading=\"lazy\" decoding=\"async\" class=\"aligncenter wp-image-1040 size-full\" src=\"https:\/\/isopllc.com\/it\/wp-content\/uploads\/sites\/8\/2020\/01\/amazon-button9.png\" alt=\"\" width=\"160\" height=\"59\" \/><\/a><\/p>\n","protected":false},"featured_media":4967,"comment_status":"open","ping_status":"closed","template":"","meta":[],"product_brand":[],"product_cat":[177,179,182],"product_tag":[98,128,33,127],"class_list":{"0":"post-4965","1":"product","2":"type-product","3":"status-publish","4":"has-post-thumbnail","6":"product_cat-scale-a-muro","7":"product_cat-scale-di-fuga-con-supporti","8":"product_cat-scale-di-fuga-per-3-piani","9":"product_tag-3-piani","10":"product_tag-7-5-m","11":"product_tag-attrezzatura-di-sicurezza","12":"product_tag-scala-antincendio-a-parete","14":"first","15":"instock","16":"shipping-taxable","17":"purchasable","18":"product-type-simple"},"_links":{"self":[{"href":"https:\/\/isopllc.com\/it\/wp-json\/wp\/v2\/product\/4965","targetHints":{"allow":["GET"]}}],"collection":[{"href":"https:\/\/isopllc.com\/it\/wp-json\/wp\/v2\/product"}],"about":[{"href":"https:\/\/isopllc.com\/it\/wp-json\/wp\/v2\/types\/product"}],"replies":[{"embeddable":true,"href":"https:\/\/isopllc.com\/it\/wp-json\/wp\/v2\/comments?post=4965"}],"wp:featuredmedia":[{"embeddable":true,"href":"https:\/\/isopllc.com\/it\/wp-json\/wp\/v2\/media\/4967"}],"wp:attachment":[{"href":"https:\/\/isopllc.com\/it\/wp-json\/wp\/v2\/media?parent=4965"}],"wp:term":[{"taxonomy":"product_brand","embeddable":true,"href":"https:\/\/isopllc.com\/it\/wp-json\/wp\/v2\/product_brand?post=4965"},{"taxonomy":"product_cat","embeddable":true,"href":"https:\/\/isopllc.com\/it\/wp-json\/wp\/v2\/product_cat?post=4965"},{"taxonomy":"product_tag","embeddable":true,"href":"https:\/\/isopllc.com\/it\/wp-json\/wp\/v2\/product_tag?post=4965"}],"curies":[{"name":"wp","href":"https:\/\/api.w.org\/{rel}","templated":true}]}}