{"id":5010,"date":"2024-08-07T14:51:18","date_gmt":"2024-08-07T14:51:18","guid":{"rendered":"https:\/\/isopllc.com\/it\/?post_type=product&#038;p=5010"},"modified":"2025-06-30T17:20:35","modified_gmt":"2025-06-30T17:20:35","slug":"isop-scala-pieghevole-a-2-gradini-in-alluminio","status":"publish","type":"product","link":"https:\/\/isopllc.com\/it\/product\/isop-scala-pieghevole-a-2-gradini-in-alluminio\/","title":{"rendered":"ISOP Scala Pieghevole a 2 Gradini in Alluminio"},"content":{"rendered":"<h1 id=\"title\" class=\"a-size-large a-spacing-none\">ISOP Scala Pieghevole a 2 Gradini in Alluminio | Scala Pieghevole Bianca a Due Gradini | Gradini antiscivolo | Durevole Leggera e Compatta | Scala a Gradini per Garage o Ufficio<\/h1>\n<div class=\"celwidget aplus-module premium-module-4-two-column-images aplus-premium\" data-csa-c-id=\"15yl7x-eio1n0-m9lh6n-socwzs\" data-cel-widget=\"aplus-premium-module-4-two-column-images\">\n<div class=\"a-section a-spacing-none premium-aplus premium-aplus-module-4 aplus-container-1\">\n<div class=\"a-section a-spacing-none premium-aplus-two-column\">\n<div class=\"a-section a-spacing-none premium-aplus-column\">\n<div class=\"a-section a-spacing-none column-description\">\n<div class=\"celwidget aplus-module module-9 aplus-standard\">\n<div class=\"aplus-module-wrapper\">\n<div class=\"\"><\/div>\n<\/div>\n<\/div>\n<div class=\"celwidget aplus-module module-9 aplus-standard\">\n<div class=\"aplus-module-wrapper\">\n<div class=\"\">\n<p class=\"a-text-center\"><img loading=\"lazy\" decoding=\"async\" class=\"alignnone size-full wp-image-5022\" src=\"https:\/\/isopllc.com\/it\/wp-content\/uploads\/sites\/8\/2024\/08\/stepp-ladder-2-steps-1.jpg\" alt=\"ISOP Scala Pieghevole\" width=\"300\" height=\"300\" title=\"\" srcset=\"https:\/\/isopllc.com\/it\/wp-content\/uploads\/sites\/8\/2024\/08\/stepp-ladder-2-steps-1.jpg 300w, https:\/\/isopllc.com\/it\/wp-content\/uploads\/sites\/8\/2024\/08\/stepp-ladder-2-steps-1-150x150.jpg 150w, https:\/\/isopllc.com\/it\/wp-content\/uploads\/sites\/8\/2024\/08\/stepp-ladder-2-steps-1-100x100.jpg 100w\" sizes=\"auto, (max-width: 300px) 100vw, 300px\" \/><\/p>\n<p class=\"a-spacing-base\">La scala pieghevole ISOP a 2 gradini \u00e8 l&#8217;aggiunta perfetta a qualsiasi casa, garage o ufficio. Questa scala pieghevole bianca \u00e8 realizzata in alluminio di alta qualit\u00e0, rendendola durevole, leggera e compatta per una facile conservazione e trasporto. Con i gradini antiscivolo, puoi sentirti sicuro e protetto mentre usi questa scala a due gradini.<\/p>\n<p>&nbsp;<\/p>\n<p class=\"a-text-center\"><img loading=\"lazy\" decoding=\"async\" class=\"alignnone size-full wp-image-5021\" src=\"https:\/\/isopllc.com\/it\/wp-content\/uploads\/sites\/8\/2024\/08\/stepp-ladder-2-steps-2.jpg\" alt=\"ISOP Scala Pieghevole\" width=\"300\" height=\"300\" title=\"\" srcset=\"https:\/\/isopllc.com\/it\/wp-content\/uploads\/sites\/8\/2024\/08\/stepp-ladder-2-steps-2.jpg 300w, https:\/\/isopllc.com\/it\/wp-content\/uploads\/sites\/8\/2024\/08\/stepp-ladder-2-steps-2-150x150.jpg 150w, https:\/\/isopllc.com\/it\/wp-content\/uploads\/sites\/8\/2024\/08\/stepp-ladder-2-steps-2-100x100.jpg 100w\" sizes=\"auto, (max-width: 300px) 100vw, 300px\" \/><\/p>\n<p class=\"a-spacing-base\">La robusta costruzione garantisce stabilit\u00e0 e sicurezza mentre raggiungi oggetti sugli scaffali alti, cambi le lampadine o completi le mansioni domestiche. Questa scala \u00e8 progettata per la comodit\u00e0 e facilit\u00e0 d&#8217;uso, con un semplice meccanismo di piegatura che consente un&#8217;installazione e una rimozione rapide e facili. La dimensione compatta la rende ideale per spazi ridotti e facile da riporre quando non in uso.<\/p>\n<p>&nbsp;<\/p>\n<p class=\"a-text-center\"><img loading=\"lazy\" decoding=\"async\" class=\"alignnone size-full wp-image-5020\" src=\"https:\/\/isopllc.com\/it\/wp-content\/uploads\/sites\/8\/2024\/08\/stepp-ladder-2-steps-3.jpeg\" alt=\"ISOP Scala Pieghevole\" width=\"300\" height=\"300\" title=\"\" srcset=\"https:\/\/isopllc.com\/it\/wp-content\/uploads\/sites\/8\/2024\/08\/stepp-ladder-2-steps-3.jpeg 300w, https:\/\/isopllc.com\/it\/wp-content\/uploads\/sites\/8\/2024\/08\/stepp-ladder-2-steps-3-150x150.jpeg 150w, https:\/\/isopllc.com\/it\/wp-content\/uploads\/sites\/8\/2024\/08\/stepp-ladder-2-steps-3-100x100.jpeg 100w\" sizes=\"auto, (max-width: 300px) 100vw, 300px\" \/><\/p>\n<p class=\"a-spacing-base\">Che tu abbia bisogno di una scala affidabile per le attivit\u00e0 quotidiane in casa o di un&#8217;opzione portatile per progetti in movimento, la scala pieghevole ISOP a 2 gradini \u00e8 una soluzione versatile e pratica. Migliora la tua casa o il tuo spazio di lavoro con questa scala funzionale e stilosa oggi stesso.<\/p>\n<\/div>\n<\/div>\n<\/div>\n<\/div>\n<\/div>\n<\/div>\n<\/div>\n<\/div>\n","protected":false},"excerpt":{"rendered":"<p id=\"title\" class=\"a-size-large a-spacing-none\" style=\"text-align: center;\">ISOP Scala Pieghevole a 2 Gradini in Alluminio | Scala Pieghevole Bianca a Due Gradini | Gradini antiscivolo | Durevole Leggera e Compatta | Scala a Gradini per Garage o Ufficio<\/p>\n<p style=\"text-align: center;\">CONSEGNA GRATUITA ENTRO 3-7 GIORNI<\/p>\n<h4 style=\"text-align: center;\"><strong>ACQUISTA SU<\/strong><\/h4>\n<p><a href=\"https:\/\/www.amazon.it\/dp\/B0D4HMFYKP\/ref=sr_1_1?__mk_it_IT=%C3%85M%C3%85%C5%BD%C3%95%C3%91&amp;dib=eyJ2IjoiMSJ9.cxBCZWYlEki35yUaJz-1Pw.o8N81xcmhmy5oNureLWcTTnQYCsh_o3VjK_6xQQIOL8&amp;dib_tag=se&amp;keywords=ISOP%20Scala%20Pieghevole&amp;qid=1723042704&amp;s=kitchen&amp;sr=1-1\"><img loading=\"lazy\" decoding=\"async\" class=\"aligncenter wp-image-1040 size-full\" src=\"https:\/\/isopllc.com\/it\/wp-content\/uploads\/sites\/8\/2020\/01\/amazon-button9.png\" alt=\"\" width=\"160\" height=\"59\" \/><\/a><\/p>\n","protected":false},"featured_media":5023,"comment_status":"open","ping_status":"closed","template":"","meta":[],"product_brand":[],"product_cat":[171],"product_tag":[116,117,33,36,115],"class_list":{"0":"post-5010","1":"product","2":"type-product","3":"status-publish","4":"has-post-thumbnail","6":"product_cat-scale-a-pioli","7":"product_tag-2-gradini","8":"product_tag-alluminio","9":"product_tag-attrezzatura-di-sicurezza","10":"product_tag-isop","11":"product_tag-scala-pieghevole","13":"first","14":"instock","15":"shipping-taxable","16":"purchasable","17":"product-type-simple"},"_links":{"self":[{"href":"https:\/\/isopllc.com\/it\/wp-json\/wp\/v2\/product\/5010","targetHints":{"allow":["GET"]}}],"collection":[{"href":"https:\/\/isopllc.com\/it\/wp-json\/wp\/v2\/product"}],"about":[{"href":"https:\/\/isopllc.com\/it\/wp-json\/wp\/v2\/types\/product"}],"replies":[{"embeddable":true,"href":"https:\/\/isopllc.com\/it\/wp-json\/wp\/v2\/comments?post=5010"}],"wp:featuredmedia":[{"embeddable":true,"href":"https:\/\/isopllc.com\/it\/wp-json\/wp\/v2\/media\/5023"}],"wp:attachment":[{"href":"https:\/\/isopllc.com\/it\/wp-json\/wp\/v2\/media?parent=5010"}],"wp:term":[{"taxonomy":"product_brand","embeddable":true,"href":"https:\/\/isopllc.com\/it\/wp-json\/wp\/v2\/product_brand?post=5010"},{"taxonomy":"product_cat","embeddable":true,"href":"https:\/\/isopllc.com\/it\/wp-json\/wp\/v2\/product_cat?post=5010"},{"taxonomy":"product_tag","embeddable":true,"href":"https:\/\/isopllc.com\/it\/wp-json\/wp\/v2\/product_tag?post=5010"}],"curies":[{"name":"wp","href":"https:\/\/api.w.org\/{rel}","templated":true}]}}