{"id":5028,"date":"2024-08-07T15:02:25","date_gmt":"2024-08-07T15:02:25","guid":{"rendered":"https:\/\/isopllc.com\/it\/?post_type=product&#038;p=5028"},"modified":"2025-06-30T17:20:26","modified_gmt":"2025-06-30T17:20:26","slug":"scala-isop-a-3-gradini-bianca","status":"publish","type":"product","link":"https:\/\/isopllc.com\/it\/product\/scala-isop-a-3-gradini-bianca\/","title":{"rendered":"Scala ISOP a 3 gradini Bianca"},"content":{"rendered":"<h1 id=\"title\" class=\"a-size-large a-spacing-none\">Scala ISOP a 3 gradini Bianca | Scala pieghevole | Ampia Pedana Antiscivolo | Scala resistente da 220 kg | Leggera Portatile Compatta &#8211; Scala a 3 gradini<\/h1>\n<div class=\"celwidget aplus-module premium-module-4-two-column-images aplus-premium\" data-csa-c-id=\"15yl7x-eio1n0-m9lh6n-socwzs\" data-cel-widget=\"aplus-premium-module-4-two-column-images\">\n<div class=\"a-section a-spacing-none premium-aplus premium-aplus-module-4 aplus-container-1\">\n<div class=\"a-section a-spacing-none premium-aplus-two-column\">\n<div class=\"a-section a-spacing-none premium-aplus-column\">\n<div class=\"a-section a-spacing-none column-description\">\n<div class=\"celwidget aplus-module module-9 aplus-standard\">\n<div class=\"aplus-module-wrapper\"><\/div>\n<\/div>\n<div class=\"celwidget aplus-module module-9 aplus-standard\">\n<div class=\"aplus-module-wrapper\">\n<div class=\"\">\n<div class=\"celwidget aplus-module module-9 aplus-standard\">\n<div class=\"aplus-module-wrapper\">\n<div class=\"\"><img loading=\"lazy\" decoding=\"async\" class=\"alignnone size-full wp-image-5013\" src=\"https:\/\/isopllc.com\/it\/wp-content\/uploads\/sites\/8\/2024\/08\/stepp-ladder-3-steps-6.jpeg\" alt=\"ISOP Scala Pieghevole\" width=\"300\" height=\"300\" title=\"\" srcset=\"https:\/\/isopllc.com\/it\/wp-content\/uploads\/sites\/8\/2024\/08\/stepp-ladder-3-steps-6.jpeg 300w, https:\/\/isopllc.com\/it\/wp-content\/uploads\/sites\/8\/2024\/08\/stepp-ladder-3-steps-6-150x150.jpeg 150w, https:\/\/isopllc.com\/it\/wp-content\/uploads\/sites\/8\/2024\/08\/stepp-ladder-3-steps-6-100x100.jpeg 100w\" sizes=\"auto, (max-width: 300px) 100vw, 300px\" \/><\/div>\n<\/div>\n<\/div>\n<div class=\"celwidget aplus-module module-9 aplus-standard\">\n<div class=\"aplus-module-wrapper\">\n<div class=\"\">\n<p class=\"a-text-center\">\n<p class=\"a-spacing-base\">Presentiamo la Scala Pieghevole Bianca a 3 Passi, l&#8217;ideale per tutte le tue esigenze quotidiane. Questa scala in alluminio affidabile e versatile \u00e8 progettata per rendere la tua vita pi\u00f9 facile. Con una sensazione solida e stabile, puoi salire con fiducia sapendo di essere al sicuro. La costruzione leggera in alluminio la rende facile da trasportare, mentre i gradini larghi assicurano una presa sicura, anche durante un uso prolungato.<\/p>\n<p>&nbsp;<\/p>\n<p class=\"a-text-center\"><img loading=\"lazy\" decoding=\"async\" class=\"alignnone size-full wp-image-5012\" src=\"https:\/\/isopllc.com\/it\/wp-content\/uploads\/sites\/8\/2024\/08\/stepp-ladder-3-steps-7.jpg\" alt=\"ISOP Scala Pieghevole\" width=\"300\" height=\"300\" title=\"\" srcset=\"https:\/\/isopllc.com\/it\/wp-content\/uploads\/sites\/8\/2024\/08\/stepp-ladder-3-steps-7.jpg 300w, https:\/\/isopllc.com\/it\/wp-content\/uploads\/sites\/8\/2024\/08\/stepp-ladder-3-steps-7-150x150.jpg 150w, https:\/\/isopllc.com\/it\/wp-content\/uploads\/sites\/8\/2024\/08\/stepp-ladder-3-steps-7-100x100.jpg 100w\" sizes=\"auto, (max-width: 300px) 100vw, 300px\" \/><\/p>\n<p class=\"a-spacing-base\">La scala si apre senza sforzo e si blocca saldamente in posizione aperta, e quando hai finito, si piega in modo compatto per una facile conservazione. Perfetta per raggiungere mensole alte o accedere a spazi di stoccaggio, questa scala \u00e8 un must-have per ogni appassionato di fai-da-te o chiunque abbia bisogno di una scala affidabile per i lavori domestici.<\/p>\n<p>&nbsp;<\/p>\n<p class=\"a-text-center\"><img loading=\"lazy\" decoding=\"async\" class=\"alignnone size-full wp-image-5011\" src=\"https:\/\/isopllc.com\/it\/wp-content\/uploads\/sites\/8\/2024\/08\/stepp-ladder-3-steps-8.jpg\" alt=\"ISOP Scala Pieghevole\" width=\"300\" height=\"300\" title=\"\" srcset=\"https:\/\/isopllc.com\/it\/wp-content\/uploads\/sites\/8\/2024\/08\/stepp-ladder-3-steps-8.jpg 300w, https:\/\/isopllc.com\/it\/wp-content\/uploads\/sites\/8\/2024\/08\/stepp-ladder-3-steps-8-150x150.jpg 150w, https:\/\/isopllc.com\/it\/wp-content\/uploads\/sites\/8\/2024\/08\/stepp-ladder-3-steps-8-100x100.jpg 100w\" sizes=\"auto, (max-width: 300px) 100vw, 300px\" \/><\/p>\n<p class=\"a-spacing-base\">Non accontentarti di meno del meglio. Investi in questa scala di alta qualit\u00e0 e sperimenta la differenza tu stesso. D\u00ec addio a scale instabili e inaffidabili e da il benvenuto alla comodit\u00e0 e alla tranquillit\u00e0. Prendi in mano questa scala in alluminio a 3 passi oggi stesso e porta i tuoi progetti di miglioramento domestico a nuovi livelli.<\/p>\n<\/div>\n<\/div>\n<\/div>\n<\/div>\n<\/div>\n<\/div>\n<\/div>\n<\/div>\n<\/div>\n<\/div>\n<\/div>\n","protected":false},"excerpt":{"rendered":"<p id=\"title\" class=\"a-size-large a-spacing-none\" style=\"text-align: center;\">Scala ISOP a 3 gradini Bianca | Scala pieghevole | Ampia Pedana Antiscivolo | Scala resistente da 220 kg | Leggera Portatile Compatta &#8211; Scala a 3 gradini<\/p>\n<p style=\"text-align: center;\">CONSEGNA GRATUITA ENTRO 3-7 GIORNI<\/p>\n<h4 style=\"text-align: center;\"><strong>ACQUISTA SU<\/strong><\/h4>\n<p><a href=\"https:\/\/www.amazon.it\/dp\/B0D4HL355J\/ref=sr_1_1?__mk_it_IT=%C3%85M%C3%85%C5%BD%C3%95%C3%91&amp;crid=XV09LD6Q7IFY&amp;dib=eyJ2IjoiMSJ9.nLZSBaRI4DrAjV6Zi0RaJQ.vs8BSkYGWkqCBTtvLksqltnvSM5UWTyKfZ16TfoUZgk&amp;dib_tag=se&amp;keywords=Scala%20pieghevole&amp;qid=1723043207&amp;s=kitchen&amp;sprefix=b0d4hl355j%2Ckitchen%2C308&amp;sr=1-1&amp;th=1\"><img loading=\"lazy\" decoding=\"async\" class=\"aligncenter wp-image-1040 size-full\" src=\"https:\/\/isopllc.com\/it\/wp-content\/uploads\/sites\/8\/2020\/01\/amazon-button9.png\" alt=\"\" width=\"160\" height=\"59\" \/><\/a><\/p>\n","protected":false},"featured_media":5019,"comment_status":"open","ping_status":"closed","template":"","meta":[],"product_brand":[],"product_cat":[171],"product_tag":[144,33,145,36,143],"class_list":{"0":"post-5028","1":"product","2":"type-product","3":"status-publish","4":"has-post-thumbnail","6":"product_cat-scale-a-pioli","7":"product_tag-3-gradini","8":"product_tag-attrezzatura-di-sicurezza","9":"product_tag-bianca","10":"product_tag-isop","11":"product_tag-scala","13":"first","14":"instock","15":"shipping-taxable","16":"purchasable","17":"product-type-simple"},"_links":{"self":[{"href":"https:\/\/isopllc.com\/it\/wp-json\/wp\/v2\/product\/5028","targetHints":{"allow":["GET"]}}],"collection":[{"href":"https:\/\/isopllc.com\/it\/wp-json\/wp\/v2\/product"}],"about":[{"href":"https:\/\/isopllc.com\/it\/wp-json\/wp\/v2\/types\/product"}],"replies":[{"embeddable":true,"href":"https:\/\/isopllc.com\/it\/wp-json\/wp\/v2\/comments?post=5028"}],"wp:featuredmedia":[{"embeddable":true,"href":"https:\/\/isopllc.com\/it\/wp-json\/wp\/v2\/media\/5019"}],"wp:attachment":[{"href":"https:\/\/isopllc.com\/it\/wp-json\/wp\/v2\/media?parent=5028"}],"wp:term":[{"taxonomy":"product_brand","embeddable":true,"href":"https:\/\/isopllc.com\/it\/wp-json\/wp\/v2\/product_brand?post=5028"},{"taxonomy":"product_cat","embeddable":true,"href":"https:\/\/isopllc.com\/it\/wp-json\/wp\/v2\/product_cat?post=5028"},{"taxonomy":"product_tag","embeddable":true,"href":"https:\/\/isopllc.com\/it\/wp-json\/wp\/v2\/product_tag?post=5028"}],"curies":[{"name":"wp","href":"https:\/\/api.w.org\/{rel}","templated":true}]}}