{"id":5125,"date":"2025-04-13T14:05:13","date_gmt":"2025-04-13T14:05:13","guid":{"rendered":"https:\/\/isopllc.com\/it\/?post_type=product&#038;p=5125"},"modified":"2025-06-30T17:19:16","modified_gmt":"2025-06-30T17:19:16","slug":"scala-di-emergenza-per-fuga-4-piani-10m","status":"publish","type":"product","link":"https:\/\/isopllc.com\/it\/product\/scala-di-emergenza-per-fuga-4-piani-10m\/","title":{"rendered":"Scala di Emergenza per Fuga 4 Piani 10m"},"content":{"rendered":"<div class=\"celwidget aplus-module module-4 aplus-standard\" data-csa-c-id=\"6mnb1z-9dwrl2-ic24uv-jd1phn\" data-cel-widget=\"aplus-module-4\">\n<div class=\"a-expander-collapsed-height a-row a-expander-container a-expander-partial-collapse-container\" aria-live=\"polite\" data-a-expander-name=\"aplus-module-expander\" data-a-expander-collapsed-height=\"700\">\n<div class=\"a-expander-content a-expander-partial-collapse-content\" aria-expanded=\"false\">\n<div class=\"aplus-module-wrapper apm-fixed-width\">\n<div class=\"apm-spacing\">\n<div class=\"apm-floatleft apm-fixed-width\">\n<div id=\"title_feature_div\" class=\"celwidget\" data-feature-name=\"title\" data-csa-c-id=\"m5t5xw-wzxd1-od319-pyb58o\" data-cel-widget=\"title_feature_div\">\n<div id=\"titleSection\" class=\"a-section a-spacing-none\">\n<div id=\"title_feature_div\" class=\"celwidget\" data-feature-name=\"title\" data-csa-c-id=\"m5t5xw-wzxd1-od319-pyb58o\" data-cel-widget=\"title_feature_div\">\n<div id=\"titleSection\" class=\"a-section a-spacing-none\">\n<h2 id=\"title\" class=\"a-size-large a-spacing-none\"><span id=\"productTitle\" class=\"a-size-large product-title-word-break\">Scala di Emergenza per Fuga 4 Piani 10m | Scala di Fuga Riutilizzabile | Ganci a Scatto Inclusi &#8211; Leggera e Resistente Fino a 200 kg | Scala di Evacuazione di Emergenza | Scala per Arrampicata<\/span><\/h2>\n<h3>Scala di Emergenza per Fuga 4 Piani 10m<\/h3>\n<p>In caso di emergenza, ogni secondo \u00e8 importante. Che si tratti di incendio, fumo, terremoto o altro incidente imprevedibile, la normale via di fuga attraverso le scale pu\u00f2 essere rapidamente bloccata. In queste situazioni, una scala di emergenza pu\u00f2 fare la differenza. La nostra Scala di Emergenza per Fuga 4 Piani 10m \u00e8 stata progettata appositamente per l&#8217;uso in edifici fino a quattro piani e offre un&#8217;opzione di salvataggio rapida, sicura e affidabile.<\/p>\n<\/div>\n<\/div>\n<\/div>\n<\/div>\n<\/div>\n<\/div>\n<\/div>\n<\/div>\n<\/div>\n<\/div>\n<div class=\"celwidget aplus-module module-9 aplus-standard\" data-csa-c-id=\"kgh8ns-6rdhac-l4uce3-redgno\" data-cel-widget=\"aplus-module-9\">\n<div class=\"a-expander-collapsed-height a-row a-expander-container a-expander-partial-collapse-container\" aria-live=\"polite\" data-a-expander-name=\"aplus-module-expander\" data-a-expander-collapsed-height=\"700\">\n<div class=\"a-expander-content a-expander-partial-collapse-content\" aria-expanded=\"false\">\n<div class=\"aplus-module-wrapper apm-fixed-width\">\n<div class=\"apm-spacing apm-fixed-width\">\n<div class=\"celwidget aplus-module module-9 aplus-standard\" style=\"text-align: left;\" data-csa-c-id=\"6rrkxj-o9oo3p-2dk8kw-v8mrts\" data-cel-widget=\"aplus-module-9\">\n<div class=\"a-expander-collapsed-height a-row a-expander-container a-expander-partial-collapse-container\" aria-live=\"polite\" data-a-expander-name=\"aplus-module-expander\" data-a-expander-collapsed-height=\"700\">\n<div class=\"a-expander-content a-expander-partial-collapse-content\" aria-expanded=\"false\">\n<div class=\"aplus-module-wrapper apm-fixed-width\">\n<div class=\"apm-spacing apm-fixed-width\"><\/div>\n<\/div>\n<\/div>\n<\/div>\n<\/div>\n<div class=\"celwidget aplus-module module-2 aplus-standard\" data-csa-c-id=\"czdp8c-vpt42n-ub22e6-8qlfjz\" data-cel-widget=\"aplus-module-2\">\n<div class=\"a-expander-collapsed-height a-row a-expander-container a-expander-partial-collapse-container\" aria-live=\"polite\" data-a-expander-name=\"aplus-module-expander\" data-a-expander-collapsed-height=\"700\">\n<div class=\"a-expander-content a-expander-partial-collapse-content\" aria-expanded=\"false\">\n<div class=\"aplus-module-wrapper apm-floatnone apm-fixed-width\">\n<div class=\"apm-sidemodule apm-spacing\">\n<div class=\"apm-sidemodule-textright\">\n<div class=\"celwidget aplus-module module-4 aplus-standard\" data-csa-c-id=\"gg9cbu-vw36sy-6l6pq3-83tomo\" data-cel-widget=\"aplus-module-4\">\n<div class=\"a-expander-collapsed-height a-row a-expander-container a-expander-partial-collapse-container\" aria-live=\"polite\" data-a-expander-name=\"aplus-module-expander\" data-a-expander-collapsed-height=\"700\">\n<div class=\"a-expander-content a-expander-partial-collapse-content\" aria-expanded=\"false\">\n<div class=\"aplus-module-wrapper apm-fixed-width\">\n<div class=\"apm-spacing\">\n<div class=\"apm-floatleft apm-fixed-width\">\n<h3 class=\"a-spacing-small\">12 Motivi per Cui Dovresti Sceglierci<\/h3>\n<p><img decoding=\"async\" class=\"\" src=\"https:\/\/m.media-amazon.com\/images\/S\/aplus-media\/sc\/0484a226-8be6-4965-8b8a-062de5498c97.__CR0,0,600,600_PT0_SX220_V1___.jpg\" alt=\"Light Weight\" data-src=\"https:\/\/m.media-amazon.com\/images\/S\/aplus-media\/sc\/0484a226-8be6-4965-8b8a-062de5498c97.__CR0,0,600,600_PT0_SX220_V1___.jpg\" data- title=\"\"><\/p>\n<h4 class=\"a-spacing-mini\">Leggero<\/h4>\n<p class=\"a-size-small\">Questa \u00e8 la scala pi\u00f9 leggera sul mercato. Il peso di una scala da 3 m \u00e8 di solo 1 kg.<\/p>\n<p><img decoding=\"async\" class=\"\" style=\"font-weight: 600;\" src=\"https:\/\/m.media-amazon.com\/images\/S\/aplus-media\/sc\/74a6e3c1-c8e9-4370-82e8-2ece837c08f7.__CR0,0,1000,1000_PT0_SX220_V1___.jpg\" alt=\"Strong and Stable\" data-src=\"https:\/\/m.media-amazon.com\/images\/S\/aplus-media\/sc\/74a6e3c1-c8e9-4370-82e8-2ece837c08f7.__CR0,0,1000,1000_PT0_SX220_V1___.jpg\" data- title=\"\"><\/p>\n<h4 class=\"a-spacing-mini\">Forte e Stabile<\/h4>\n<p>Elevata capacit\u00e0 di carico &#8211; fino a 200 kg<br \/>\nLa scala a corda \u00e8 progettata per una portata massima di 200 kg. Ci\u00f2 significa che pu\u00f2 essere facilmente utilizzata da persone con attrezzature o da pi\u00f9 persone che scendono contemporaneamente. La robustezza della lavorazione conferisce all&#8217;utente una sensazione di sicurezza durante la discesa, anche nei momenti pi\u00f9 concitati.<\/p>\n<p>Uno dei principali vantaggi della nostra Scala di Emergenza per Fuga 4 Piani \u00e8 che le cinghie principali in nylon sono in un unico pezzo dal basso verso l&#8217;alto e non sono costituite da parti cucite, come nel caso della scala a pioli. Anche i materiali utilizzati per i pioli, come la fibra di vetro e la fibra di basalto, rendono questa scala a imbracatura molto pi\u00f9 stabile delle scale in alluminio usa e getta.<\/p>\n<p><img decoding=\"async\" class=\"\" src=\"https:\/\/m.media-amazon.com\/images\/S\/aplus-media\/sc\/a31e0885-9da9-4fe2-a571-e1558cab0393.__CR0,0,600,600_PT0_SX220_V1___.jpg\" alt=\"Tangle free\" data-src=\"https:\/\/m.media-amazon.com\/images\/S\/aplus-media\/sc\/a31e0885-9da9-4fe2-a571-e1558cab0393.__CR0,0,600,600_PT0_SX220_V1___.jpg\" data- title=\"\"><\/p>\n<h4 class=\"a-spacing-mini\">Senza Grovigli<\/h4>\n<p class=\"a-size-small\">Le nostre scale in tessuto possono essere semplicemente riposte nella custodia dopo l&#8217;uso.<\/p>\n<p class=\"a-size-small\">Nessun groviglio durante il montaggio.<\/p>\n<div class=\"apm-spacing\"><\/div>\n<\/div>\n<div><img loading=\"lazy\" decoding=\"async\" class=\"alignnone wp-image-5051\" src=\"https:\/\/isopllc.com\/it\/wp-content\/uploads\/sites\/8\/2021\/07\/Black-ladder-dimencions.jpg\" alt=\"Scala di Emergenza\" width=\"227\" height=\"227\" title=\"\" srcset=\"https:\/\/isopllc.com\/it\/wp-content\/uploads\/sites\/8\/2021\/07\/Black-ladder-dimencions.jpg 800w, https:\/\/isopllc.com\/it\/wp-content\/uploads\/sites\/8\/2021\/07\/Black-ladder-dimencions-150x150.jpg 150w, https:\/\/isopllc.com\/it\/wp-content\/uploads\/sites\/8\/2021\/07\/Black-ladder-dimencions-768x768.jpg 768w, https:\/\/isopllc.com\/it\/wp-content\/uploads\/sites\/8\/2021\/07\/Black-ladder-dimencions-416x416.jpg 416w, https:\/\/isopllc.com\/it\/wp-content\/uploads\/sites\/8\/2021\/07\/Black-ladder-dimencions-100x100.jpg 100w\" sizes=\"auto, (max-width: 227px) 100vw, 227px\" \/><\/div>\n<\/div>\n<\/div>\n<div>\n<h4 class=\"a-spacing-mini\">Lunghezza<\/h4>\n<p class=\"a-size-small\">Le nostre scale in tessuto possono essere collegate tra loro per una lunghezza maggiore.<\/p>\n<p><img decoding=\"async\" class=\"\" style=\"font-weight: 600;\" src=\"https:\/\/m.media-amazon.com\/images\/S\/aplus-media\/sc\/6625ab17-5247-415b-a353-7a0e3ca2bb1d.__CR0,0,1000,1000_PT0_SX220_V1___.jpg\" alt=\"Weather Resistant\" data-src=\"https:\/\/m.media-amazon.com\/images\/S\/aplus-media\/sc\/6625ab17-5247-415b-a353-7a0e3ca2bb1d.__CR0,0,1000,1000_PT0_SX220_V1___.jpg\" data- title=\"\"><\/p>\n<h4 class=\"a-spacing-mini\">Resistente Agli Agenti Atmosferici<\/h4>\n<p class=\"a-size-small\">La Scala di Emergenza per Fuga 4 Piani \u00e8 realizzata in resistente corda di nylon in combinazione con robusti pioli in metallo che mantengono la loro forma e funzionalit\u00e0 anche con un uso frequente e in diverse condizioni atmosferiche. Il materiale utilizzato \u00e8 resistente ai raggi UV, idrorepellente e antiruggine. Grazie alla sua riutilizzabilit\u00e0, questa scala \u00e8 adatta sia alle abitazioni private che alle aziende, alle scuole o agli hotel.<\/p>\n<\/div>\n<p><img decoding=\"async\" class=\"\" src=\"https:\/\/m.media-amazon.com\/images\/S\/aplus-media\/sc\/b1929708-9dad-44c2-a6ed-070474464c51.__CR0,0,1000,1000_PT0_SX220_V1___.jpg\" alt=\"Compact\" data-src=\"https:\/\/m.media-amazon.com\/images\/S\/aplus-media\/sc\/b1929708-9dad-44c2-a6ed-070474464c51.__CR0,0,1000,1000_PT0_SX220_V1___.jpg\" data- title=\"\"><\/p>\n<h4 class=\"a-spacing-mini\">Compatto<\/h4>\n<p class=\"a-size-small\">Non puoi immaginare scale pi\u00f9 compatte. L&#8217;intera scala sta nel palmo della tua mano. Non occupano molto spazio, possono essere riposti ovunque, ad es. B. sotto il letto in camera da letto, sul balcone e sul tetto.<\/p>\n<p><img decoding=\"async\" class=\"\" src=\"https:\/\/m.media-amazon.com\/images\/S\/aplus-media\/sc\/91d8e70e-82c2-457c-9c48-019a2fbff56a.__CR1282,342,714,714_PT0_SX220_V1___.png\" alt=\"Multifunctionality\" data-src=\"https:\/\/m.media-amazon.com\/images\/S\/aplus-media\/sc\/91d8e70e-82c2-457c-9c48-019a2fbff56a.__CR1282,342,714,714_PT0_SX220_V1___.png\" data- title=\"\"><\/p>\n<h4 class=\"a-spacing-mini\">Pioli Antiscivolo<\/h4>\n<p class=\"a-size-small\">\u00c8 noto che il materiale della cintura \u00e8 molto meno scivoloso di qualsiasi altro materiale duro come alluminio, metallo o plastica.<\/p>\n<\/div>\n<\/div>\n<\/div>\n<div class=\"celwidget aplus-module module-4 aplus-standard\" data-csa-c-id=\"fb0323-27v7tp-yosk85-aqy2ey\" data-cel-widget=\"aplus-module-4\">\n<div class=\"a-expander-collapsed-height a-row a-expander-container a-expander-partial-collapse-container\" aria-live=\"polite\" data-a-expander-name=\"aplus-module-expander\" data-a-expander-collapsed-height=\"700\">\n<div class=\"a-expander-content a-expander-partial-collapse-content\" aria-expanded=\"false\">\n<div class=\"aplus-module-wrapper apm-fixed-width\">\n<div class=\"apm-spacing\">\n<div class=\"apm-floatleft apm-fixed-width\">\n<div class=\"apm-spacing\"><img decoding=\"async\" class=\"\" src=\"https:\/\/m.media-amazon.com\/images\/S\/aplus-media\/sc\/88500a1b-9a49-4721-a955-87e6a78287e3.__CR0,0,1000,1000_PT0_SX220_V1___.jpg\" alt=\"Multifunctionality\" data-src=\"https:\/\/m.media-amazon.com\/images\/S\/aplus-media\/sc\/88500a1b-9a49-4721-a955-87e6a78287e3.__CR0,0,1000,1000_PT0_SX220_V1___.jpg\" data- title=\"\"><\/div>\n<\/div>\n<div><\/div>\n<\/div>\n<\/div>\n<div>\n<h4 class=\"a-spacing-mini\">Multiuso<\/h4>\n<p class=\"a-size-small\">La scala in fettuccia <a href=\"https:\/\/isopllc.com\/\">ISOP<\/a> pu\u00f2 essere utilizzata come scala antincendio, per le emergenze, per i bambini nel parco giochi o per una casa sull&#8217;albero, per le scuole, gli uffici, le officine o le case di villeggiatura, e rappresenta un&#8217;utile aggiunta alle attrezzature di sicurezza esistenti. \u00c8 una scala ideale per yacht, navi e barche. Super leggera, super resistente; la resistenza all&#8217;acqua la rende insostituibile su qualsiasi barca a vela.<\/p>\n<p class=\"a-size-small\">Inoltre, si \u00e8 scoperto dal feedback dei nostri clienti, questa scala \u00e8 ottima per pozzi o grotte.<\/p>\n<p><img decoding=\"async\" class=\"\" src=\"https:\/\/m.media-amazon.com\/images\/S\/aplus-media\/sc\/0ce14b90-f644-4e71-9958-a603ab85be7a.__CR0,0,800,800_PT0_SX220_V1___.jpg\" alt=\"Carabiners\" data-src=\"https:\/\/m.media-amazon.com\/images\/S\/aplus-media\/sc\/0ce14b90-f644-4e71-9958-a603ab85be7a.__CR0,0,800,800_PT0_SX220_V1___.jpg\" data- title=\"\"><\/p>\n<h4 class=\"a-spacing-mini\">Moschettone<\/h4>\n<p class=\"a-size-small\">Inclusi moschettoni professionali 11k cromati.<\/p>\n<p><img decoding=\"async\" class=\"\" src=\"https:\/\/m.media-amazon.com\/images\/S\/aplus-media\/sc\/91fd5669-769f-4880-a4f6-2c1fa7823109.__CR130,0,720,720_PT0_SX220_V1___.png\" alt=\"Waterproof Bag\" data-src=\"https:\/\/m.media-amazon.com\/images\/S\/aplus-media\/sc\/91fd5669-769f-4880-a4f6-2c1fa7823109.__CR130,0,720,720_PT0_SX220_V1___.png\" data- title=\"\"><\/p>\n<h4 class=\"a-spacing-mini\">Borsa Impermeabile<\/h4>\n<p class=\"a-size-small\">La borsa da spiaggia fresca \u00e8 inclusa nel set.<\/p>\n<p><img decoding=\"async\" class=\"\" src=\"https:\/\/m.media-amazon.com\/images\/S\/aplus-media\/sc\/664e5e7c-23b5-4ddb-9d57-cd43c1d86ba2.__CR0,0,1000,1000_PT0_SX220_V1___.jpg\" alt=\"Extremely Affordable\" data-src=\"https:\/\/m.media-amazon.com\/images\/S\/aplus-media\/sc\/664e5e7c-23b5-4ddb-9d57-cd43c1d86ba2.__CR0,0,1000,1000_PT0_SX220_V1___.jpg\" data- title=\"\"><\/p>\n<h4 class=\"a-spacing-mini\">Estremamente Conveniente<\/h4>\n<p class=\"a-size-small\">Questi sono pi\u00f9 economici dei loro omologhi.<\/p>\n<h4>La vostra assicurazione di sicurezza in caso di emergenza<\/h4>\n<p>Questa Scala di Emergenza per Fuga 4 Piani \u00e8 un valido investimento per la vostra sicurezza personale e per quella dei vostri familiari, colleghi o ospiti. \u00c8 affidabile, stabile, facile da usare e riutilizzabile. Nei momenti critici, consente una rapida evacuazione e pu\u00f2 salvare vite umane.<\/p>\n<p>A casa, in ufficio o in viaggio: con questa Scala di Emergenza per Fuga 4 Piani sarete pronti ad affrontare le emergenze.<\/p>\n<p>Contenuto della fornitura:<\/p>\n<p>1x scala di emergenza, lunghezza 10 m<\/p>\n<p>2x moschettoni<\/p>\n<p>1x borsa di stoccaggio<\/p>\n<p>1x manuale d&#8217;uso (multilingue)<\/p>\n<\/div>\n<\/div>\n<\/div>\n<\/div>\n<\/div>\n<\/div>\n<\/div>\n<\/div>\n<\/div>\n<\/div>\n<\/div>\n<\/div>\n<\/div>\n<\/div>\n<\/div>\n","protected":false},"excerpt":{"rendered":"[embed]https:\/\/youtu.be\/M3s4I9tKHbs[\/embed]\n<p id=\"title\" class=\"a-size-large a-spacing-none\" style=\"text-align: center;\"><span id=\"productTitle\" class=\"a-size-large product-title-word-break\">Scala di Emergenza per Fuga 4 Piani 10m | Scala di Fuga Riutilizzabile | Ganci a Scatto Inclusi &#8211; Leggera e Resistente Fino a 200 kg | Scala di Evacuazione di Emergenza | Scala per Arrampicata<\/span><\/p>\n<p style=\"text-align: center;\"><span style=\"vertical-align: inherit;\">CONSEGNA GRATUITA ENTRO 3-7 GIORNI<\/span><\/p>\n<h4 style=\"text-align: center;\"><strong><span style=\"vertical-align: inherit;\">ACQUISTA SU<\/span><\/strong><\/h4>\n<p style=\"text-align: center;\"><a href=\"https:\/\/www.amazon.it\/dp\/B0D9VR2VNX\/ref=sr_1_1?__mk_it_IT=%C3%85M%C3%85%C5%BD%C3%95%C3%91&amp;crid=W69TFGFMUK3X&amp;dib=eyJ2IjoiMSJ9.veqsWJ_gH0fhZNEr0PazUw.KAVfyBK31giJFGXuxCTuYu72rnDx5qeEdoens-2sfKE&amp;dib_tag=se&amp;keywords=Scala%2Bdi%2BEmergenza%2Bper%2BFuga%2B4%2BPiani&amp;qid=1744553098&amp;s=kitchen&amp;sprefix=b08nzm8v7z%2Ckitchen%2C205&amp;sr=1-1&amp;th=1\"><img loading=\"lazy\" decoding=\"async\" class=\"aligncenter wp-image-1040 size-full\" src=\"https:\/\/isopllc.com\/it\/wp-content\/uploads\/sites\/8\/2020\/01\/amazon-button9.png\" alt=\"\" width=\"160\" height=\"59\" \/><\/a><\/p>\n<p>&nbsp;<\/p>\n","protected":false},"featured_media":5126,"comment_status":"open","ping_status":"closed","template":"","meta":[],"product_brand":[],"product_cat":[181,178],"product_tag":[95,36,146],"class_list":{"0":"post-5125","1":"product","2":"type-product","3":"status-publish","4":"has-post-thumbnail","6":"product_cat-scale-di-fuga-per-4-piani","7":"product_cat-scale-di-soccorso-antincendio","8":"product_tag-attrezzatura-per-parchi-giochi","9":"product_tag-isop","10":"product_tag-scala-per-bambini","12":"first","13":"instock","14":"shipping-taxable","15":"purchasable","16":"product-type-simple"},"_links":{"self":[{"href":"https:\/\/isopllc.com\/it\/wp-json\/wp\/v2\/product\/5125","targetHints":{"allow":["GET"]}}],"collection":[{"href":"https:\/\/isopllc.com\/it\/wp-json\/wp\/v2\/product"}],"about":[{"href":"https:\/\/isopllc.com\/it\/wp-json\/wp\/v2\/types\/product"}],"replies":[{"embeddable":true,"href":"https:\/\/isopllc.com\/it\/wp-json\/wp\/v2\/comments?post=5125"}],"wp:featuredmedia":[{"embeddable":true,"href":"https:\/\/isopllc.com\/it\/wp-json\/wp\/v2\/media\/5126"}],"wp:attachment":[{"href":"https:\/\/isopllc.com\/it\/wp-json\/wp\/v2\/media?parent=5125"}],"wp:term":[{"taxonomy":"product_brand","embeddable":true,"href":"https:\/\/isopllc.com\/it\/wp-json\/wp\/v2\/product_brand?post=5125"},{"taxonomy":"product_cat","embeddable":true,"href":"https:\/\/isopllc.com\/it\/wp-json\/wp\/v2\/product_cat?post=5125"},{"taxonomy":"product_tag","embeddable":true,"href":"https:\/\/isopllc.com\/it\/wp-json\/wp\/v2\/product_tag?post=5125"}],"curies":[{"name":"wp","href":"https:\/\/api.w.org\/{rel}","templated":true}]}}