{"id":5130,"date":"2025-04-13T14:42:45","date_gmt":"2025-04-13T14:42:45","guid":{"rendered":"https:\/\/isopllc.com\/it\/?post_type=product&#038;p=5130"},"modified":"2025-06-30T17:18:36","modified_gmt":"2025-06-30T17:18:36","slug":"scala-di-fuga-antincendio-permanente-4m","status":"publish","type":"product","link":"https:\/\/isopllc.com\/it\/product\/scala-di-fuga-antincendio-permanente-4m\/","title":{"rendered":"Scala di fuga antincendio permanente 4m"},"content":{"rendered":"<h1 id=\"title\" class=\"a-size-large a-spacing-none\"><span id=\"productTitle\" class=\"a-size-large product-title-word-break\">Scala di fuga antincendio permanente a due piani 4m | Scale per uscita, finestra o soffitta | Scale appesa per emergenze incendiarie, sicurezza domestica | Scala esterna per evacuazione<\/span><\/h1>\n<div class=\"celwidget aplus-module module-9 aplus-standard\">\n<div class=\"aplus-module-wrapper\">\n<div class=\"\">\n<h3 class=\"a-spacing-small\">Presentiamo alla vostra attenzione una scala di emergenza permanente unica a due piani di <a href=\"https:\/\/isopllc.com\/\">ISOP<\/a> che affronta diversi problemi riscontrati in quasi tutte le scale di emergenza disponibili sul mercato!<\/h3>\n<p><img loading=\"lazy\" decoding=\"async\" class=\" wp-image-5133\" src=\"https:\/\/isopllc.com\/it\/wp-content\/uploads\/sites\/8\/2025\/04\/wall-mounted-ladder7.jpg\" alt=\"Scala di fuga antincendio permanente\" width=\"313\" height=\"313\" title=\"\" srcset=\"https:\/\/isopllc.com\/it\/wp-content\/uploads\/sites\/8\/2025\/04\/wall-mounted-ladder7.jpg 500w, https:\/\/isopllc.com\/it\/wp-content\/uploads\/sites\/8\/2025\/04\/wall-mounted-ladder7-150x150.jpg 150w, https:\/\/isopllc.com\/it\/wp-content\/uploads\/sites\/8\/2025\/04\/wall-mounted-ladder7-416x416.jpg 416w, https:\/\/isopllc.com\/it\/wp-content\/uploads\/sites\/8\/2025\/04\/wall-mounted-ladder7-100x100.jpg 100w\" sizes=\"auto, (max-width: 313px) 100vw, 313px\" \/><\/p>\n<p class=\"a-spacing-base\">Velocit\u00e0 e semplicit\u00e0 Scala di fuga antincendio permanente a due piani \u00e8 permanentemente fissata al muro, sia all&#8217;interno che all&#8217;esterno dell&#8217;appartamento, ed \u00e8 sempre pronta per l&#8217;uso. La nostra scala di emergenza si srotola con un solo movimento di mano in appena 1 secondo! Nessun&#8217;altra scala di emergenza sul mercato offre un accesso cos\u00ec immediato per uscire da una stanza in fiamme. Tutte le altre scale di emergenza devono essere estratte da una borsa o una scatola, fissate saldamente a qualcosa, lanciate fuori dalla finestra, e solo allora pu\u00f2 cominciare la discesa-il tutto mentre ci si trova nel fumo, nel panico e, possibilmente, nel buio completo.<\/p>\n<p>&nbsp;<\/p>\n<p class=\"a-text-center\"><img loading=\"lazy\" decoding=\"async\" class=\"alignnone wp-image-4894\" src=\"https:\/\/isopllc.com\/it\/wp-content\/uploads\/sites\/8\/2023\/12\/wall-rungs-10_2.jpg\" alt=\"\" width=\"312\" height=\"290\" title=\"\" srcset=\"https:\/\/isopllc.com\/it\/wp-content\/uploads\/sites\/8\/2023\/12\/wall-rungs-10_2.jpg 900w, https:\/\/isopllc.com\/it\/wp-content\/uploads\/sites\/8\/2023\/12\/wall-rungs-10_2-768x714.jpg 768w, https:\/\/isopllc.com\/it\/wp-content\/uploads\/sites\/8\/2023\/12\/wall-rungs-10_2-416x387.jpg 416w\" sizes=\"auto, (max-width: 312px) 100vw, 312px\" \/><\/p>\n<p class=\"a-spacing-base\">Stabilit\u00e0 \u00c8 eccezionalmente stabile grazie alle supporti che impediscono di essere troppo vicina al muro, rendendola stabile come una scala in metallo montata in modo permanente. Non oscilla in tutte le direzioni come una tipica scala in corda economica. Risparmio di spazio Non occupa spazio all&#8217;interno dell&#8217;appartamento poich\u00e9 pu\u00f2 essere montata sulla parete esterna sotto una finestra o un balcone.<\/p>\n<p>&nbsp;<\/p>\n<p class=\"a-text-center\"><img loading=\"lazy\" decoding=\"async\" class=\"alignnone size-full wp-image-5134\" src=\"https:\/\/isopllc.com\/it\/wp-content\/uploads\/sites\/8\/2025\/04\/wall-mounted-ladder9.jpeg\" alt=\"\" width=\"300\" height=\"300\" title=\"\" srcset=\"https:\/\/isopllc.com\/it\/wp-content\/uploads\/sites\/8\/2025\/04\/wall-mounted-ladder9.jpeg 300w, https:\/\/isopllc.com\/it\/wp-content\/uploads\/sites\/8\/2025\/04\/wall-mounted-ladder9-150x150.jpeg 150w, https:\/\/isopllc.com\/it\/wp-content\/uploads\/sites\/8\/2025\/04\/wall-mounted-ladder9-100x100.jpeg 100w\" sizes=\"auto, (max-width: 300px) 100vw, 300px\" \/><\/p>\n<p class=\"a-spacing-base\">Impermeabile Realizzata interamente in materiali impermeabili, non fallir\u00e0 come le altre scale di emergenza dei concorrenti. Riutilizzabile La scala sospesa \u00e8 progettata per usi multipli, poich\u00e9 tutti i materiali sono super resistenti e testati per la forza. Antifurto Dopo essere scesi dalla scala di emergenza a due piani, \u00e8 possibile ritirarla nuovamente verso l&#8217;alto, impedendo ai ladri di usarla.<\/p>\n<p>&nbsp;<\/p>\n<\/div>\n<\/div>\n<\/div>\n<div class=\"celwidget aplus-module module-9 aplus-standard\">\n<div class=\"aplus-module-wrapper\">\n<div class=\"\">\n<p class=\"a-text-center\"><img decoding=\"async\" class=\"a-spacing-mini\" src=\"https:\/\/m.media-amazon.com\/images\/S\/aplus-media-library-service-media\/c4bc4c42-e6a5-406b-be6c-1d0376ef1a60.__CR0,0,1080,1080_PT0_SX300_V1___.png\" alt=\"Scala di emergenza\" data-src=\"https:\/\/m.media-amazon.com\/images\/S\/aplus-media-library-service-media\/c4bc4c42-e6a5-406b-be6c-1d0376ef1a60.__CR0,0,1080,1080_PT0_SX300_V1___.png\" data- title=\"\"><\/p>\n<p class=\"a-spacing-base\">Le Scala di fuga antincendio permanente a due piani sono impermeabili e resistenti alle intemperie, eccezionalmente stabili con supporti, e possono sostenere fino a 460 libbre. La scala di fuga montata a parete \u00e8 fissata al muro, con solo il primo gradino bloccato, mentre il resto si srotola facilmente e pu\u00f2 essere ritirato. Questo consente di utilizzarla senza perdere preziosi secondi durante un&#8217;emergenza incendio.<\/p>\n<p>&nbsp;<\/p>\n<p class=\"a-text-center\"><img loading=\"lazy\" decoding=\"async\" class=\"alignnone wp-image-5123\" src=\"https:\/\/isopllc.com\/it\/wp-content\/uploads\/sites\/8\/2025\/03\/wall-mounted-ladder4-1.jpg\" alt=\"Rendi la Tua Casa Ignifuga\" width=\"310\" height=\"310\" title=\"\" srcset=\"https:\/\/isopllc.com\/it\/wp-content\/uploads\/sites\/8\/2025\/03\/wall-mounted-ladder4-1.jpg 1200w, https:\/\/isopllc.com\/it\/wp-content\/uploads\/sites\/8\/2025\/03\/wall-mounted-ladder4-1-150x150.jpg 150w, https:\/\/isopllc.com\/it\/wp-content\/uploads\/sites\/8\/2025\/03\/wall-mounted-ladder4-1-768x768.jpg 768w, https:\/\/isopllc.com\/it\/wp-content\/uploads\/sites\/8\/2025\/03\/wall-mounted-ladder4-1-1000x1000.jpg 1000w, https:\/\/isopllc.com\/it\/wp-content\/uploads\/sites\/8\/2025\/03\/wall-mounted-ladder4-1-416x416.jpg 416w, https:\/\/isopllc.com\/it\/wp-content\/uploads\/sites\/8\/2025\/03\/wall-mounted-ladder4-1-100x100.jpg 100w\" sizes=\"auto, (max-width: 310px) 100vw, 310px\" \/><\/p>\n<p class=\"a-spacing-base\">Essendo universale, puoi utilizzare questa Scala di fuga antincendio permanente ovunque, sia in un pozzo, su un tetto, in un bunker o in edifici a pi\u00f9 piani. A differenza di altre scale permanenti per emergenze antincendio, queste non possono essere utilizzate dai ladri; basta ritirarle una volta scesi. Tutte le parti della scala esterna sono realizzate in materiali antiruggine come l&#8217;acciaio inossidabile, e il tessuto \u00e8 realizzato in un raro materiale idrorepellente.<\/p>\n<p>&nbsp;<\/p>\n<p class=\"a-text-center\"><img loading=\"lazy\" decoding=\"async\" class=\"alignnone size-full wp-image-5135\" src=\"https:\/\/isopllc.com\/it\/wp-content\/uploads\/sites\/8\/2025\/04\/wall-mounted-ladder10.jpeg\" alt=\"\" width=\"300\" height=\"300\" title=\"\" srcset=\"https:\/\/isopllc.com\/it\/wp-content\/uploads\/sites\/8\/2025\/04\/wall-mounted-ladder10.jpeg 300w, https:\/\/isopllc.com\/it\/wp-content\/uploads\/sites\/8\/2025\/04\/wall-mounted-ladder10-150x150.jpeg 150w, https:\/\/isopllc.com\/it\/wp-content\/uploads\/sites\/8\/2025\/04\/wall-mounted-ladder10-100x100.jpeg 100w\" sizes=\"auto, (max-width: 300px) 100vw, 300px\" \/><\/p>\n<p class=\"a-spacing-base\">Istruzioni per l&#8217;applicazione:<\/p>\n<p class=\"a-spacing-base\">1) Fissa il primo gradino a una parete esterna sotto la finestra (o opzionalmente a una parete interna).<\/p>\n<p class=\"a-spacing-base\">2) Durante l&#8217;uso, srotola il coprigiunzione di sicurezza e lancia la scala verso il basso.<\/p>\n<p class=\"a-spacing-base\">3) Usando entrambe le mani sui gradini, scendi lentamente.<\/p>\n<p>&nbsp;<\/p>\n<\/div>\n<\/div>\n<\/div>\n<div class=\"celwidget aplus-module module-9 aplus-standard\">\n<div class=\"aplus-module-wrapper\">\n<div class=\"\">\n<p class=\"a-text-center\"><img loading=\"lazy\" decoding=\"async\" class=\"alignnone size-full wp-image-5132\" src=\"https:\/\/isopllc.com\/it\/wp-content\/uploads\/sites\/8\/2025\/04\/wall-mounted-ladder11.jpeg\" alt=\"scale di emergenza\" width=\"300\" height=\"300\" title=\"\" srcset=\"https:\/\/isopllc.com\/it\/wp-content\/uploads\/sites\/8\/2025\/04\/wall-mounted-ladder11.jpeg 300w, https:\/\/isopllc.com\/it\/wp-content\/uploads\/sites\/8\/2025\/04\/wall-mounted-ladder11-150x150.jpeg 150w, https:\/\/isopllc.com\/it\/wp-content\/uploads\/sites\/8\/2025\/04\/wall-mounted-ladder11-100x100.jpeg 100w\" sizes=\"auto, (max-width: 300px) 100vw, 300px\" \/><\/p>\n<p class=\"a-spacing-base\">Le Scala di fuga antincendio permanente 4m montate a parete sono senza nodi, compatte, riutilizzabili, disponibili in diverse lunghezze, leggere, adatte sia per esterni che per interni, multifunzionali e durevoli. La scelta migliore per la sicurezza antincendio della tua famiglia. Le scale permanentemente fissate per l&#8217;uscita sono una caratteristica di sicurezza critica progettata per fornire un mezzo affidabile e accessibile per l&#8217;evacuazione durante le emergenze incendiarie. Sono fissate saldamente a una struttura, assicurando che siano sempre pronte all&#8217;uso.<\/p>\n<p>&nbsp;<\/p>\n<p class=\"a-text-center\"><img loading=\"lazy\" decoding=\"async\" class=\"alignnone size-full wp-image-5131\" src=\"https:\/\/isopllc.com\/it\/wp-content\/uploads\/sites\/8\/2025\/04\/wall-mounted-ladder12.jpeg\" alt=\"Scale per uscita\" width=\"300\" height=\"300\" title=\"\" srcset=\"https:\/\/isopllc.com\/it\/wp-content\/uploads\/sites\/8\/2025\/04\/wall-mounted-ladder12.jpeg 300w, https:\/\/isopllc.com\/it\/wp-content\/uploads\/sites\/8\/2025\/04\/wall-mounted-ladder12-150x150.jpeg 150w, https:\/\/isopllc.com\/it\/wp-content\/uploads\/sites\/8\/2025\/04\/wall-mounted-ladder12-100x100.jpeg 100w\" sizes=\"auto, (max-width: 300px) 100vw, 300px\" \/><\/p>\n<p class=\"a-spacing-base\">Utilizzo residenziale: Fornisce un&#8217;uscita di emergenza per le abitazioni, specialmente negli edifici a pi\u00f9 piani.<\/p>\n<p class=\"a-spacing-base\">Edifici commerciali: Assicura la conformit\u00e0 ai codici di sicurezza antincendio e facilita l&#8217;evacuazione sicura per dipendenti e visitatori.<\/p>\n<p><img loading=\"lazy\" decoding=\"async\" class=\"alignnone  wp-image-5206\" src=\"https:\/\/isopllc.com\/it\/wp-content\/uploads\/sites\/8\/2025\/04\/Italy.jpg\" alt=\"Certificato Scala di fuga da esterno montata 3 piani\" width=\"318\" height=\"318\" title=\"\" srcset=\"https:\/\/isopllc.com\/it\/wp-content\/uploads\/sites\/8\/2025\/04\/Italy.jpg 1080w, https:\/\/isopllc.com\/it\/wp-content\/uploads\/sites\/8\/2025\/04\/Italy-150x150.jpg 150w, https:\/\/isopllc.com\/it\/wp-content\/uploads\/sites\/8\/2025\/04\/Italy-768x768.jpg 768w, https:\/\/isopllc.com\/it\/wp-content\/uploads\/sites\/8\/2025\/04\/Italy-1000x1000.jpg 1000w, https:\/\/isopllc.com\/it\/wp-content\/uploads\/sites\/8\/2025\/04\/Italy-416x416.jpg 416w, https:\/\/isopllc.com\/it\/wp-content\/uploads\/sites\/8\/2025\/04\/Italy-100x100.jpg 100w\" sizes=\"auto, (max-width: 318px) 100vw, 318px\" \/><\/p>\n<p>Certificato<\/p>\n<p>Le nostre scale, a differenza di tutte le altre simili sul mercato, sono certificate secondo lo standard di qualit\u00e0 EN 131. \u00c8 meglio affidare la propria vita a un prodotto che ha superato tutti i test necessari, piuttosto che a un articolo leggermente pi\u00f9 economico, fatto chiss\u00e0 con quali materiali.<\/p>\n<p class=\"a-text-center\"><img loading=\"lazy\" decoding=\"async\" class=\"alignnone wp-image-4951\" src=\"https:\/\/isopllc.com\/it\/wp-content\/uploads\/sites\/8\/2023\/09\/Scala-di-fuga-di-emergenza.png\" alt=\"Scale di Emergenza\" width=\"321\" height=\"321\" title=\"\" srcset=\"https:\/\/isopllc.com\/it\/wp-content\/uploads\/sites\/8\/2023\/09\/Scala-di-fuga-di-emergenza.png 1080w, https:\/\/isopllc.com\/it\/wp-content\/uploads\/sites\/8\/2023\/09\/Scala-di-fuga-di-emergenza-150x150.png 150w, https:\/\/isopllc.com\/it\/wp-content\/uploads\/sites\/8\/2023\/09\/Scala-di-fuga-di-emergenza-768x768.png 768w, https:\/\/isopllc.com\/it\/wp-content\/uploads\/sites\/8\/2023\/09\/Scala-di-fuga-di-emergenza-1000x1000.png 1000w, https:\/\/isopllc.com\/it\/wp-content\/uploads\/sites\/8\/2023\/09\/Scala-di-fuga-di-emergenza-416x416.png 416w, https:\/\/isopllc.com\/it\/wp-content\/uploads\/sites\/8\/2023\/09\/Scala-di-fuga-di-emergenza-100x100.png 100w\" sizes=\"auto, (max-width: 321px) 100vw, 321px\" \/><\/p>\n<p class=\"a-spacing-base\">Siti industriali: Offre vie di fuga rapide in fabbriche, magazzini o ambienti simili. Ospedali e scuole: Fornisce una via di evacuazione sicura per le popolazioni vulnerabili, come pazienti e studenti.<\/p>\n<p class=\"a-spacing-base\">Hotel e grattacieli: Fondamentali per garantire la sicurezza degli ospiti e dei residenti in caso di emergenze.<\/p>\n<p>Disponibile anche nella versione da <a href=\"https:\/\/isopllc.com\/it\/product\/scala-di-fuga-da-esterno-montata-3-piani-8m\/\"><strong>8 m.<\/strong><\/a><\/p>\n<\/div>\n<\/div>\n<\/div>\n","protected":false},"excerpt":{"rendered":"[embed]https:\/\/youtu.be\/7Ojk0fAWS5Y?si=FPgZu1wdWNQD5krM[\/embed]\n<p id=\"title\" class=\"a-size-large a-spacing-none\" style=\"text-align: center\"><span id=\"productTitle\" class=\"a-size-large product-title-word-break\">Scala di fuga antincendio permanente a due piani 4m | Scale per uscita, finestra o soffitta | Scale appesa per emergenze incendiarie, sicurezza domestica | Scala esterna per evacuazione<\/span><\/p>\n<p style=\"text-align: center\">CONSEGNA GRATUITA ENTRO 3-7 GIORNI<\/p>\n<h4 style=\"text-align: center\"><strong>ACQUISTA SU<\/strong><\/h4>\n<p><a href=\"https:\/\/www.amazon.it\/dp\/B0CH62R67X\/ref=sr_1_1?__mk_it_IT=%C3%85M%C3%85%C5%BD%C3%95%C3%91&amp;crid=2B7H2FPO6EQK3&amp;dib=eyJ2IjoiMSJ9.191ItmHAGn9TkE4cBu6Vag.lFUaLNLpA-lrkOPv0Lkbs_FDOhTzYiMPOHO3_9n2msg&amp;dib_tag=se&amp;keywords=Pioli+da+parete+fai+da+te+set+pioli+ignifughi&amp;qid=1744554971&amp;s=kitchen&amp;sprefix=b0ch62r67x%2Ckitchen%2C366&amp;sr=1-1&amp;th=1\"><img loading=\"lazy\" decoding=\"async\" class=\"aligncenter wp-image-1040 size-full\" src=\"https:\/\/isopllc.com\/it\/wp-content\/uploads\/sites\/8\/2020\/01\/amazon-button9.png\" alt=\"\" width=\"160\" height=\"59\" \/><\/a><\/p>\n","protected":false},"featured_media":5133,"comment_status":"open","ping_status":"closed","template":"","meta":[],"product_brand":[],"product_cat":[177,179,184],"product_tag":[123],"class_list":{"0":"post-5130","1":"product","2":"type-product","3":"status-publish","4":"has-post-thumbnail","6":"product_cat-scale-a-muro","7":"product_cat-scale-di-fuga-con-supporti","8":"product_cat-scale-di-fuga-per-1-piano","9":"product_tag-pioli-per-pareti","11":"first","12":"instock","13":"shipping-taxable","14":"purchasable","15":"product-type-simple"},"_links":{"self":[{"href":"https:\/\/isopllc.com\/it\/wp-json\/wp\/v2\/product\/5130","targetHints":{"allow":["GET"]}}],"collection":[{"href":"https:\/\/isopllc.com\/it\/wp-json\/wp\/v2\/product"}],"about":[{"href":"https:\/\/isopllc.com\/it\/wp-json\/wp\/v2\/types\/product"}],"replies":[{"embeddable":true,"href":"https:\/\/isopllc.com\/it\/wp-json\/wp\/v2\/comments?post=5130"}],"wp:featuredmedia":[{"embeddable":true,"href":"https:\/\/isopllc.com\/it\/wp-json\/wp\/v2\/media\/5133"}],"wp:attachment":[{"href":"https:\/\/isopllc.com\/it\/wp-json\/wp\/v2\/media?parent=5130"}],"wp:term":[{"taxonomy":"product_brand","embeddable":true,"href":"https:\/\/isopllc.com\/it\/wp-json\/wp\/v2\/product_brand?post=5130"},{"taxonomy":"product_cat","embeddable":true,"href":"https:\/\/isopllc.com\/it\/wp-json\/wp\/v2\/product_cat?post=5130"},{"taxonomy":"product_tag","embeddable":true,"href":"https:\/\/isopllc.com\/it\/wp-json\/wp\/v2\/product_tag?post=5130"}],"curies":[{"name":"wp","href":"https:\/\/api.w.org\/{rel}","templated":true}]}}