{"id":1296,"date":"2020-01-30T06:31:07","date_gmt":"2020-01-30T06:31:07","guid":{"rendered":"https:\/\/rightfoodonly.com\/?post_type=product&#038;p=1296"},"modified":"2025-07-07T06:16:54","modified_gmt":"2025-07-07T06:16:54","slug":"brandevacuatie-inrichting-tot-35-kg","status":"publish","type":"product","link":"https:\/\/isopllc.com\/nl\/product\/brandevacuatie-inrichting-tot-35-kg\/","title":{"rendered":"Brandevacuatie Zak voor Kinderen of Huisdieren tot 35 kg"},"content":{"rendered":"<div class=\"celwidget aplus-module module-1\" data-cel-widget=\"aplus-module-1\">\n<div class=\"a-expander-collapsed-height a-row a-expander-container a-expander-partial-collapse-container\" data-a-expander-name=\"aplus-module-expander\" data-a-expander-collapsed-height=\"700\">\n<div class=\"a-expander-content a-expander-partial-collapse-content\">\n<div class=\"aplus-module-wrapper apm-fixed-width\">\n<div class=\"apm-spacing apm-wrap\">\n<div class=\"apm-floatleft apm-wrap\">\n<h2 style=\"text-align: center\"><span id=\"productTitle\" class=\"a-size-large product-title-word-break\">Brandevacuatie Zak voor Kinderen of Huisdieren tot 35 kg &#8211; Vluchttas voor Noodgevallen Door Ramen of Balkontouw 15 m Inclusief Karabijnhaak (Medium)<\/span><\/h2>\n<div class=\"apm-leftimage\"><img decoding=\"async\" class=\"a-spacing-mini alignleft\" src=\"https:\/\/m.media-amazon.com\/images\/S\/aplus-media\/sc\/12937edf-a97d-4a60-bf54-3b50b9ed8d44.__CR0,0,300,400_PT0_SX300_V1___.jpg\" alt=\"firebag 1\" data-src=\"https:\/\/m.media-amazon.com\/images\/S\/aplus-media\/sc\/12937edf-a97d-4a60-bf54-3b50b9ed8d44.__CR0,0,300,400_PT0_SX300_V1___.jpg\" data- title=\"\"><\/div>\n<div class=\"apm-rightthirdcol\">\n<div class=\"apm-rightthirdcol-inner\">\n<h3 class=\"a-spacing-mini\">Zorg ervoor dat uw kleine engel veilig blijft voor het geval er brand uitbreekt!<\/h3>\n<h4 class=\"a-spacing-mini a-color-secondary a-text-italic\">Presentatie van het ultieme brandevacuatie-apparaat voor kinderen of huisdieren, aangeboden door ISOP!<\/h4>\n<p class=\"a-spacing-base\">Woon je op de 5e verdieping en maak je je zorgen over de veiligheid van je kinderen in geval van brand?<\/p>\n<p class=\"a-spacing-base\">Zou u beter slapen als u weet dat uw kind of huisdier veilig snel buiten het gebouw kan ontsnappen?<\/p>\n<p class=\"a-spacing-base\">Deze brandtraptas is gemaakt in de vorm van een rugzak, dus in geval van nood kunt u er een baby of een huisdier in plaatsen, zet hem gewoon op en ren naar buiten of laat hem met een zwaar touw uit een raam zakken.<\/p>\n<h3 class=\"a-spacing-base\"><span class=\"a-text-bold\">Breng uw kind in 3 stappen van gevaar naar veiligheid!<\/span><\/h3>\n<div class=\"amp-centerthirdcol-listbox\">\n<div class=\"a-box a-spacing-small a-color-alternate-background apm-listbox amp-centerthirdcol-listbox\">\n<div class=\"a-box-inner\">\n<ul class=\"a-unordered-list a-vertical\">\n<li><span class=\"a-list-item\"><span class=\"a-size-base\">Vouw het nooduitgangsapparaat voor brand open<\/span><\/span><\/li>\n<li><span class=\"a-list-item\"><span class=\"a-size-base\">Leg er een kussen in en uw kind of huisdier erop<\/span><\/span><\/li>\n<li><span class=\"a-list-item\"><span class=\"a-size-base\">Laat de tas met zijn kostbare inhoud van de buitenkant van het gebouw naar de grond zakken<\/span><\/span><\/li>\n<\/ul>\n<\/div>\n<\/div>\n<\/div>\n<div class=\"amp-centerthirdcol-listbox\">\n<div class=\"apm-listbox amp-centerthirdcol-listbox a-box a-color-alternate-background a-spacing-small\">\n<div class=\"a-box-inner\">\n<p>&nbsp;<\/p>\n<p>&nbsp;<\/p>\n<p><img loading=\"lazy\" decoding=\"async\" class=\"size-medium wp-image-1297 alignleft\" src=\"https:\/\/isopllc.com\/usa\/wp-content\/uploads\/sites\/4\/2020\/01\/1-copy-225x300.jpg\" alt=\"\" width=\"225\" height=\"300\" title=\"\"><\/p>\n<h3 class=\"a-color-secondary\">Het maakt niet uit of je op de 1e of de 5e verdieping woont, je kind zal veilig op de grond komen, weg van levensbedreigend vuur en verstikkende rook.<\/h3>\n<p class=\"a-spacing-small a-size-small a-color-secondary\">U hoeft niet meer te slapen over de veiligheid van uw kleine engel!<\/p>\n<p class=\"a-spacing-small a-size-small a-color-secondary\">Bij ISOP bieden we u al lang het beste op het gebied van brandtrapapparatuur. Onze brandladderladders, brandzakken hebben ons het vertrouwen van onze waardevolle klanten opgeleverd.<\/p>\n<h4 class=\"a-spacing-small a-size-small a-color-secondary\"><span class=\"a-text-bold\">Waarom kiezen voor ISOP Fire Emergency Escape Bag?<\/span><\/h4>\n<div class=\"a-box a-spacing-small a-color-alternate-background apm-listbox\">\n<div class=\"a-box-inner\">\n<ul class=\"a-unordered-list a-vertical\">\n<li><span class=\"a-list-item\"><span class=\"a-size-base\">Komt met het 15 m GRATIS heavy-duty touw<\/span><\/span><\/li>\n<li><span class=\"a-list-item\"><span class=\"a-size-base\">Ideaal voor woningen tot de 5e verdieping<\/span><\/span><\/li>\n<li><span class=\"a-list-item\"><span class=\"a-size-base\">Grote PVC-gecoate mesh voorkant voor een betere luchtstroom<\/span><\/span><\/li>\n<li><span class=\"a-list-item\"><span class=\"a-size-base\">Makkelijk op te bergen in het handige opbergzakje<\/span><\/span><\/li>\n<li><span class=\"a-list-item\"><span class=\"a-size-base\">Vul uw Emergency Tools Kit aan!<\/span><\/span><\/li>\n<li><span class=\"a-list-item\"><span class=\"a-size-base\">Aanbevolen voor kinderen tot 34 kg.<\/span><\/span><\/li>\n<li><span class=\"a-list-item\"><span class=\"a-size-base\">Gebruik op eigen risico.<\/span><\/span><\/li>\n<\/ul>\n<\/div>\n<\/div>\n<div class=\"apm-listbox a-box a-color-alternate-background a-spacing-small\">\n<div class=\"a-box-inner\">\n<ul class=\"a-unordered-list a-vertical a-spacing-none\">\n<li><span class=\"a-list-item\">Afmetingen : 45\/48\/25 cm<\/span><\/li>\n<\/ul>\n<\/div>\n<\/div>\n<\/div>\n<\/div>\n<\/div>\n<div class=\"amp-centerthirdcol-listbox\">\n<div class=\"apm-listbox amp-centerthirdcol-listbox a-box a-color-alternate-background a-spacing-small\">\n<div class=\"a-box-inner\">\n<p>Ook verkrijgbaar in <a href=\"https:\/\/isopllc.com\/nl\/product\/noodvluchtzak-voor-kinderen-huisdieren\/\"><strong>grote maat.<\/strong><\/a><\/p>\n<\/div>\n<\/div>\n<\/div>\n<\/div>\n<\/div>\n<\/div>\n<\/div>\n<\/div>\n<\/div>\n<\/div>\n<\/div>\n","protected":false},"excerpt":{"rendered":"[embed]https:\/\/youtu.be\/Q73wu0pg3KE[\/embed]\n<p id=\"title\" class=\"a-size-large a-spacing-none\" style=\"text-align: center\"><span id=\"productTitle\" class=\"a-size-large product-title-word-break\">Brand Ontsnappen Zak voor Kinderen of Huisdieren tot 35 kg &#8211; Vluchttas voor Noodgevallen Door Ramen of Balkontouw 15 m Inclusief Karabijnhaak (Medium)<\/span><\/p>\n<p style=\"text-align: center\">GRATIS BEZORGING BINNEN 3-7 DAGEN<\/p>\n<h4 style=\"text-align: center\"><strong>KOOP HET OP<\/strong><\/h4>\n<p><a href=\"http:\/\/amazon.nl\/Brand-Ontsnappen-voor-Kinderen-Huisdieren\/dp\/B07RQH4NNR\/ref=sr_1_1?__mk_nl_NL=\u00c5M\u00c5\u017d\u00d5\u00d1&amp;dchild=1&amp;keywords=brandtrap%20voor%20huisdieren&amp;qid=1607245685&amp;sr=8-1\"><img loading=\"lazy\" decoding=\"async\" class=\"wp-image-1040 size-full aligncenter\" src=\"https:\/\/rightfoodonly.com\/wp-content\/uploads\/amazon-button9.png\" alt=\"\" width=\"160\" height=\"59\" \/><\/a><\/p>\n<p>&nbsp;<\/p>\n","protected":false},"featured_media":4255,"comment_status":"open","ping_status":"closed","template":"","meta":[],"product_brand":[],"product_cat":[184],"product_tag":[44,46,45,32],"class_list":{"0":"post-1296","1":"product","2":"type-product","3":"status-publish","4":"has-post-thumbnail","6":"product_cat-brandtrap-voor-huisdieren","7":"product_tag-brand-ontsnappen-zak","8":"product_tag-huisdieren","9":"product_tag-kinderen","10":"product_tag-veiligheidsuitrusting","12":"first","13":"instock","14":"shipping-taxable","15":"purchasable","16":"product-type-variable"},"_links":{"self":[{"href":"https:\/\/isopllc.com\/nl\/wp-json\/wp\/v2\/product\/1296","targetHints":{"allow":["GET"]}}],"collection":[{"href":"https:\/\/isopllc.com\/nl\/wp-json\/wp\/v2\/product"}],"about":[{"href":"https:\/\/isopllc.com\/nl\/wp-json\/wp\/v2\/types\/product"}],"replies":[{"embeddable":true,"href":"https:\/\/isopllc.com\/nl\/wp-json\/wp\/v2\/comments?post=1296"}],"wp:featuredmedia":[{"embeddable":true,"href":"https:\/\/isopllc.com\/nl\/wp-json\/wp\/v2\/media\/4255"}],"wp:attachment":[{"href":"https:\/\/isopllc.com\/nl\/wp-json\/wp\/v2\/media?parent=1296"}],"wp:term":[{"taxonomy":"product_brand","embeddable":true,"href":"https:\/\/isopllc.com\/nl\/wp-json\/wp\/v2\/product_brand?post=1296"},{"taxonomy":"product_cat","embeddable":true,"href":"https:\/\/isopllc.com\/nl\/wp-json\/wp\/v2\/product_cat?post=1296"},{"taxonomy":"product_tag","embeddable":true,"href":"https:\/\/isopllc.com\/nl\/wp-json\/wp\/v2\/product_tag?post=1296"}],"curies":[{"name":"wp","href":"https:\/\/api.w.org\/{rel}","templated":true}]}}