{"id":5423,"date":"2025-08-04T19:00:49","date_gmt":"2025-08-04T19:00:49","guid":{"rendered":"https:\/\/isopllc.com\/nl\/?post_type=product&#038;p=5423"},"modified":"2025-11-16T16:15:37","modified_gmt":"2025-11-16T16:15:37","slug":"brandblusserhoes-kleine-maat-pak-van-6-beschermhoes","status":"publish","type":"product","link":"https:\/\/isopllc.com\/nl\/product\/brandblusserhoes-kleine-maat-pak-van-6-beschermhoes\/","title":{"rendered":"Brandblusserhoes Kleine Maat Pak Van 6 | Beschermhoes"},"content":{"rendered":"<h2 data-start=\"0\" data-end=\"172\">Brandblusserhoes Grote Maat Set Van 6 &#8211; Stof-, Krasbeschermhoes &#8211; Transparante Mouw Voor Brandblusser &#8211; Waterdichte Weerbestendige Beschermhoes &#8211; Voor Blussers Tot 20 Lbs<\/h2>\n<p data-start=\"174\" data-end=\"386\">Bescherm uw Brandblusserhoes met deze set van 6 grote transparante hoezen. Waterdicht, stofdicht en weerbestendig, de brandblusserhoes past op blussers tot 20 lbs en zorgt voor langdurige, betrouwbare bescherming.<\/p>\n<ul>\n<li data-start=\"388\" data-end=\"1129\">Zware Bescherming: Gemaakt van dik, slijtvast en waterdicht PVC, is deze brandblusserhoes gebouwd om zware omstandigheden te weerstaan. Of het nu wordt gebruikt in industri\u00eble, commerci\u00eble of residenti\u00eble omgevingen, het biedt langdurige duurzaamheid en betrouwbare bescherming.<\/li>\n<li data-start=\"388\" data-end=\"1129\">Hoogzichtbaar Ontwerp: Ontworpen in een heldere noodrode kleur, met een reflecterende veiligheidsstrip, zwarte opdruk en zwarte rand voor maximale zichtbaarheid tijdens noodgevallen of stroomuitval.<\/li>\n<li data-start=\"388\" data-end=\"1129\">Universele Pasvorm En Maten: Verkrijgbaar in zowel kleine als grote maten om verschillende blussermodellen te accommoderen. Deze specifieke aanbieding is ontworpen voor brandblussers van 1 tot 2 kg (tot 5 lbs), ideaal voor thuis, kantoor of voertuiggebruik.<\/li>\n<li data-start=\"388\" data-end=\"1129\">Groot Inspectievenster: Uitgerust met een groot, transparant venster, maakt deze hoes snelle en eenvoudige visuele controles mogelijk van de manometer en het type blusser\u2014zodat uw apparatuur altijd voldoet, zichtbaar blijft en inspectieklaar is zonder de brandblusserhoes te hoeven verwijderen.<\/li>\n<\/ul>\n<p><img loading=\"lazy\" decoding=\"async\" class=\"alignnone wp-image-5412\" src=\"https:\/\/isopllc.com\/nl\/wp-content\/uploads\/sites\/9\/2025\/08\/Extinguisher-hold.jpg\" alt=\"Waterdichte brandblusserhoes\" width=\"390\" height=\"318\" title=\"\" srcset=\"https:\/\/isopllc.com\/nl\/wp-content\/uploads\/sites\/9\/2025\/08\/Extinguisher-hold.jpg 1500w, https:\/\/isopllc.com\/nl\/wp-content\/uploads\/sites\/9\/2025\/08\/Extinguisher-hold-768x627.jpg 768w, https:\/\/isopllc.com\/nl\/wp-content\/uploads\/sites\/9\/2025\/08\/Extinguisher-hold-1000x816.jpg 1000w, https:\/\/isopllc.com\/nl\/wp-content\/uploads\/sites\/9\/2025\/08\/Extinguisher-hold-416x339.jpg 416w\" sizes=\"auto, (max-width: 390px) 100vw, 390px\" \/><\/p>\n<h4 data-start=\"0\" data-end=\"24\">Eenvoudige Installatie<\/h4>\n<p data-start=\"26\" data-end=\"416\">Sluiting met klittenband (Velcro) zorgt voor een veilige en gereedschapsvrije bevestiging. De beschermhoes is licht van gewicht en opvouwbaar, waardoor deze eenvoudig op te bergen of mee te nemen is voor gebruik onderweg. Perfect voor gebruik in kantoren, magazijnen, fabrieken, voertuigen, openbare gebouwen en noodkits voor thuis, en biedt betrouwbare bescherming in diverse omgevingen.<\/p>\n<p data-start=\"418\" data-end=\"467\"><img loading=\"lazy\" decoding=\"async\" class=\"alignnone wp-image-5418\" src=\"https:\/\/isopllc.com\/nl\/wp-content\/uploads\/sites\/9\/2025\/08\/Fire-extinguisher-cover.jpg\" alt=\"\" width=\"395\" height=\"380\" title=\"\" srcset=\"https:\/\/isopllc.com\/nl\/wp-content\/uploads\/sites\/9\/2025\/08\/Fire-extinguisher-cover.jpg 679w, https:\/\/isopllc.com\/nl\/wp-content\/uploads\/sites\/9\/2025\/08\/Fire-extinguisher-cover-416x401.jpg 416w\" sizes=\"auto, (max-width: 395px) 100vw, 395px\" \/><\/p>\n<h4 data-start=\"418\" data-end=\"467\">Favoriet Bij Klanten &amp; Hoogst Beoordeelde Keuze<\/h4>\n<p data-start=\"469\" data-end=\"831\">Geprezen door gebruikers om zijn uitzonderlijke kwaliteit, gebruiksgemak en langdurige duurzaamheid, is deze brandblusserhoes een favoriete keuze geworden voor zowel professionals als dagelijkse gebruikers. Het is een ideale oplossing voor groothandelaars, eerstehulpverleners, veiligheidsexperts en iedereen die behoefte heeft aan betrouwbare noodbescherming.<\/p>\n<p data-start=\"833\" data-end=\"1074\" data-is-last-node=\"\" data-is-only-node=\"\">Of u nu op zoek bent naar de beste brandblusserhoes bij u in de buurt, een kosteneffectieve maar stevige beschermer, of een betrouwbare waterdichte hoes voor noodgevallen, deze zware beschermhoes levert consistente prestaties en gemoedsrust.<\/p>\n<p data-start=\"833\" data-end=\"1074\" data-is-last-node=\"\" data-is-only-node=\"\"><img loading=\"lazy\" decoding=\"async\" class=\"alignnone wp-image-5417\" src=\"https:\/\/isopllc.com\/nl\/wp-content\/uploads\/sites\/9\/2025\/08\/Fire-extinguisher-cover-small.jpg\" alt=\"hoogzichtbare brandblusserhoes\" width=\"342\" height=\"451\" title=\"\" srcset=\"https:\/\/isopllc.com\/nl\/wp-content\/uploads\/sites\/9\/2025\/08\/Fire-extinguisher-cover-small.jpg 679w, https:\/\/isopllc.com\/nl\/wp-content\/uploads\/sites\/9\/2025\/08\/Fire-extinguisher-cover-small-416x549.jpg 416w\" sizes=\"auto, (max-width: 342px) 100vw, 342px\" \/><\/p>\n<p data-start=\"0\" data-end=\"410\">Zorg dat uw brandblussers altijd klaar en goed beschermd zijn met deze set van 6 stevige brandblusserhoezen. Ontworpen voor blussers tot 10 lbs (1\u20132 kg) bieden ze betrouwbare bescherming tegen stof, vuil, krassen, UV-straling en vocht \u2013 zowel binnen als buiten. Ideaal voor commerci\u00eble, industri\u00eble en residenti\u00eble omgevingen, met een combinatie van praktische bruikbaarheid en een professionele uitstraling.<\/p>\n<p data-start=\"412\" data-end=\"902\">Elke hoes is gemaakt van dik, slijtvast en waterdicht PVC dat bestand is tegen zware omstandigheden. Ontworpen voor langdurig gebruik, geschikt voor drukbezochte locaties zoals fabrieken, magazijnen, openbare gebouwen, garages of bouwplaatsen, maar ook voor veiligheidspakketten thuis. De felrode kleur met reflecterende veiligheidsstrip en zwarte opdruk zorgt voor uitstekende zichtbaarheid tijdens noodgevallen. Het opvallende ontwerp verhoogt de herkenbaarheid, zelfs bij weinig licht.<\/p>\n<p data-start=\"904\" data-end=\"1430\"><img loading=\"lazy\" decoding=\"async\" class=\"alignnone wp-image-5414\" src=\"https:\/\/isopllc.com\/nl\/wp-content\/uploads\/sites\/9\/2025\/08\/Fire-extinguisher-cover-details.jpg\" alt=\"PVC brandblusserhoes\" width=\"359\" height=\"359\" title=\"\" srcset=\"https:\/\/isopllc.com\/nl\/wp-content\/uploads\/sites\/9\/2025\/08\/Fire-extinguisher-cover-details.jpg 1500w, https:\/\/isopllc.com\/nl\/wp-content\/uploads\/sites\/9\/2025\/08\/Fire-extinguisher-cover-details-150x150.jpg 150w, https:\/\/isopllc.com\/nl\/wp-content\/uploads\/sites\/9\/2025\/08\/Fire-extinguisher-cover-details-768x768.jpg 768w, https:\/\/isopllc.com\/nl\/wp-content\/uploads\/sites\/9\/2025\/08\/Fire-extinguisher-cover-details-1000x1000.jpg 1000w, https:\/\/isopllc.com\/nl\/wp-content\/uploads\/sites\/9\/2025\/08\/Fire-extinguisher-cover-details-416x416.jpg 416w, https:\/\/isopllc.com\/nl\/wp-content\/uploads\/sites\/9\/2025\/08\/Fire-extinguisher-cover-details-100x100.jpg 100w\" sizes=\"auto, (max-width: 359px) 100vw, 359px\" \/><\/p>\n<p data-start=\"904\" data-end=\"1430\">Het grote transparante venster aan de voorkant maakt snelle visuele controle van de drukmeter en het type brandblusser mogelijk zonder de hoes te verwijderen, zodat u altijd voorbereid bent en voldoet aan de veiligheidsvoorschriften. Deze set is voor de kleine maat, geschikt voor brandblussers tot 5 lbs. Het haak-en-lus (Velcro) sluitingssysteem zorgt voor een stevige en veilige pasvorm, terwijl het snelle verwijdering in noodgevallen mogelijk maakt. Lichtgewicht en opvouwbaar, gemakkelijk op te bergen of te vervoeren.<\/p>\n<article class=\"text-token-text-primary w-full focus:outline-none scroll-mt-[calc(var(--header-height)+min(200px,max(70px,20svh)))]\" dir=\"auto\" data-testid=\"conversation-turn-16\" data-scroll-anchor=\"true\" data-turn=\"assistant\">\n<div class=\"text-base my-auto mx-auto pb-10 [--thread-content-margin:--spacing(4)] @[37rem]:[--thread-content-margin:--spacing(6)] @[72rem]:[--thread-content-margin:--spacing(16)] px-(--thread-content-margin)\">\n<div class=\"[--thread-content-max-width:32rem] @[34rem]:[--thread-content-max-width:40rem] @[64rem]:[--thread-content-max-width:48rem] mx-auto max-w-(--thread-content-max-width) flex-1 group\/turn-messages focus-visible:outline-hidden relative flex w-full min-w-0 flex-col agent-turn\">\n<div class=\"flex max-w-full flex-col grow\">\n<div class=\"min-h-8 text-message relative flex w-full flex-col items-end gap-2 text-start break-words whitespace-normal [.text-message+&amp;]:mt-5\" dir=\"auto\" data-message-author-role=\"assistant\" data-message-id=\"b7bcf998-3ce2-47b8-a9c7-11a97acb0601\" data-message-model-slug=\"gpt-4o\">\n<div class=\"flex w-full flex-col gap-1 empty:hidden first:pt-[3px]\">\n<div class=\"markdown prose dark:prose-invert w-full break-words light\">\n<p data-start=\"1432\" data-end=\"1850\" data-is-last-node=\"\" data-is-only-node=\"\">Perfect voor gebruik in huizen, kantoren, scholen, hotels, voertuigen en openbare ruimtes. Deze hoezen bieden gemoedsrust doordat ze uw apparatuur beschermd en duidelijk zichtbaar houden. Deze hoog gewaardeerde brandblusserhoezen zijn de voorkeurskeuze van veiligheidsprofessionals, hulpdiensten en bedrijven. Duurzaam, weerbestendig en eenvoudig te gebruiken \u2013 een waardevolle investering in veiligheid en naleving.<\/p>\n<\/div>\n<\/div>\n<\/div>\n<\/div>\n<\/div>\n<\/div>\n<\/article>\n","protected":false},"excerpt":{"rendered":"[embed]https:\/\/www.youtube.com\/watch?v=CPDSmMW-vhw[\/embed]\n<p data-start=\"174\" data-end=\"386\">Bescherm uw brandblussers met deze set van 6 grote transparante hoezen. Waterdicht, stofdicht en weerbestendig, de brandblusserhoes past op blussers tot 20 lbs en zorgt voor langdurige, betrouwbare bescherming.<\/p>\n<ul>\n<li data-start=\"388\" data-end=\"1129\">Zware Bescherming: Gemaakt van dik, slijtvast en waterdicht PVC, is deze brandblusserhoes gebouwd om zware omstandigheden te weerstaan. Of het nu wordt gebruikt in industri\u00eble, commerci\u00eble of residenti\u00eble omgevingen, het biedt langdurige duurzaamheid en betrouwbare bescherming.<\/li>\n<li data-start=\"388\" data-end=\"1129\">Hoogzichtbaar Ontwerp: Ontworpen in een heldere noodrode kleur, met een reflecterende veiligheidsstrip, zwarte opdruk en zwarte rand voor maximale zichtbaarheid tijdens noodgevallen of stroomuitval.<\/li>\n<li data-start=\"388\" data-end=\"1129\">Universele Pasvorm En Maten: Verkrijgbaar in zowel kleine als grote maten om verschillende blussermodellen te accommoderen. Deze specifieke aanbieding is ontworpen voor brandblussers van 1 tot 2 kg (tot 5 lbs), ideaal voor thuis, kantoor of voertuiggebruik.<\/li>\n<li data-start=\"388\" data-end=\"1129\">Groot Inspectievenster: Uitgerust met een groot, transparant venster, maakt deze hoes snelle en eenvoudige visuele controles mogelijk van de manometer en het type blusser\u2014zodat uw apparatuur altijd voldoet, zichtbaar blijft en inspectieklaar is zonder de brandblusserhoes te hoeven verwijderen.<\/li>\n<\/ul>\n","protected":false},"featured_media":5415,"comment_status":"open","ping_status":"closed","template":"","meta":[],"product_brand":[],"product_cat":[180],"product_tag":[],"class_list":{"0":"post-5423","1":"product","2":"type-product","3":"status-publish","4":"has-post-thumbnail","6":"product_cat-brandblusserhouders","8":"first","9":"instock","10":"shipping-taxable","11":"product-type-simple"},"_links":{"self":[{"href":"https:\/\/isopllc.com\/nl\/wp-json\/wp\/v2\/product\/5423","targetHints":{"allow":["GET"]}}],"collection":[{"href":"https:\/\/isopllc.com\/nl\/wp-json\/wp\/v2\/product"}],"about":[{"href":"https:\/\/isopllc.com\/nl\/wp-json\/wp\/v2\/types\/product"}],"replies":[{"embeddable":true,"href":"https:\/\/isopllc.com\/nl\/wp-json\/wp\/v2\/comments?post=5423"}],"wp:featuredmedia":[{"embeddable":true,"href":"https:\/\/isopllc.com\/nl\/wp-json\/wp\/v2\/media\/5415"}],"wp:attachment":[{"href":"https:\/\/isopllc.com\/nl\/wp-json\/wp\/v2\/media?parent=5423"}],"wp:term":[{"taxonomy":"product_brand","embeddable":true,"href":"https:\/\/isopllc.com\/nl\/wp-json\/wp\/v2\/product_brand?post=5423"},{"taxonomy":"product_cat","embeddable":true,"href":"https:\/\/isopllc.com\/nl\/wp-json\/wp\/v2\/product_cat?post=5423"},{"taxonomy":"product_tag","embeddable":true,"href":"https:\/\/isopllc.com\/nl\/wp-json\/wp\/v2\/product_tag?post=5423"}],"curies":[{"name":"wp","href":"https:\/\/api.w.org\/{rel}","templated":true}]}}