{"id":5072,"date":"2023-06-23T16:39:33","date_gmt":"2023-06-23T16:39:33","guid":{"rendered":"https:\/\/isopllc.com\/usa\/?page_id=5072"},"modified":"2024-01-12T02:51:36","modified_gmt":"2024-01-12T02:51:36","slug":"refund-privacy-policy","status":"publish","type":"page","link":"https:\/\/isopllc.com\/no\/refund-privacy-policy\/","title":{"rendered":"Politikk"},"content":{"rendered":"\n<p><strong><a href=\"https:\/\/isopllc-com.translate.goog\/uk\/policy\/?_x_tr_sl=en&amp;_x_tr_tl=no&amp;_x_tr_hl=en-US&amp;_x_tr_pto=wapp#Return-and-Refund-Policy\" target=\"_blank\" rel=\"noopener\">Retur og refusjon<\/a><\/strong><\/p>\n\n\n\n<p><strong><a href=\"#Privacy-Policy\" data-type=\"internal\" data-id=\"#Privacy-Policy\"><strong><a href=\"https:\/\/isopllc-com.translate.goog\/uk\/policy\/?_x_tr_sl=en&amp;_x_tr_tl=no&amp;_x_tr_hl=en-US&amp;_x_tr_pto=wapp#Privacy%20Policy\" target=\"_blank\" rel=\"noopener\">Personvernerkl\u00e6ring<\/a><\/strong><\/a><\/strong><\/p>\n\n\n\n<h3 class=\"wp-block-heading\" id=\"Return-and-Refund-Policy\"><strong>Retur og refusjon<\/strong><\/h3>\n\n\n\n<p>Vi har en 30-dagers retur- og refusjonspolicy, som betyr at du har 30 dager p\u00e5 deg til \u00e5 be om retur.&nbsp;For \u00e5 starte en retur kan du kontakte oss p\u00e5&nbsp;&nbsp;<a href=\"https:\/\/isopllc-com.translate.goog\/?_x_tr_sl=en&amp;_x_tr_tl=no&amp;_x_tr_hl=en-US&amp;_x_tr_pto=wapp\" target=\"_blank\" rel=\"noopener\">isopllc@gmail.com<\/a>&nbsp;&nbsp;eller gjennom kontakt oss-skjemaet.&nbsp;S\u00f8rg for at du returnerer en ny vare som ikke er brukt.<\/p>\n\n\n\n<h4 class=\"wp-block-heading\"><strong>Skader og problemer<\/strong>&nbsp;<\/h4>\n\n\n\n<p>Vennligst inspiser bestillingen din ved mottak og kontakt oss umiddelbart hvis varen er defekt, skadet eller hvis du mottar feil vare, slik at vi kan vurdere problemet og rette det opp.<\/p>\n\n\n\n<h4 class=\"wp-block-heading\"><strong>Refusjoner<\/strong>&nbsp;<\/h4>\n\n\n\n<p>Vi vil varsle deg n\u00e5r vi har mottatt returen, du vil automatisk bli refundert p\u00e5 den opprinnelige betalingsm\u00e5ten.&nbsp;Husk at det kan ta litt tid f\u00f8r banken eller kredittkortselskapet ogs\u00e5 behandler og posterer refusjonen.<\/p>\n\n\n\n<p><\/p>\n\n\n\n<h3 class=\"wp-block-heading\" id=\"Privacy-Policy\"><strong>Personvernerkl\u00e6ring<\/strong><\/h3>\n\n\n\n<h4 class=\"wp-block-heading\">Hvilke personopplysninger vi samler inn og hvorfor vi samler inn dem<\/h4>\n\n\n\n<h4 class=\"wp-block-heading\"><strong>Kommentarer<\/strong><\/h4>\n\n\n\n<p>N\u00e5r bes\u00f8kende legger igjen kommentarer p\u00e5 nettstedet, samler vi inn dataene som vises i kommentarskjemaet, og ogs\u00e5 bes\u00f8kendes IP-adresse og nettleserbrukeragentstreng for \u00e5 hjelpe til med \u00e5 oppdage spam.<\/p>\n\n\n\n<h4 class=\"wp-block-heading\"><strong>Informasjonskapsler<\/strong><\/h4>\n\n\n\n<p>Hvis du legger igjen en kommentar p\u00e5 nettstedet v\u00e5rt, kan du velge \u00e5 lagre navnet ditt, e-postadressen og nettstedet ditt i informasjonskapsler.&nbsp;Disse er for enkelhets skyld, slik at du ikke trenger \u00e5 fylle ut opplysningene dine p\u00e5 nytt n\u00e5r du legger igjen en kommentar.&nbsp;Disse informasjonskapslene vil vare i ett \u00e5r.<\/p>\n\n\n\n<p>Hvis du bes\u00f8ker v\u00e5r p\u00e5loggingsside, vil vi sette en midlertidig informasjonskapsel for \u00e5 avgj\u00f8re om nettleseren din godtar informasjonskapsler.&nbsp;Denne informasjonskapselen inneholder ingen personlige data og blir forkastet n\u00e5r du lukker nettleseren din.<\/p>\n\n\n\n<p>N\u00e5r du logger inn, vil vi ogs\u00e5 sette opp flere informasjonskapsler for \u00e5 lagre p\u00e5loggingsinformasjonen og skjermvisningsvalgene dine.&nbsp;Innloggingsinformasjonskapsler varer i to dager, og informasjonskapsler for skjermalternativer varer i ett \u00e5r.&nbsp;Hvis du velger &#8220;Husk meg&#8221;, vil p\u00e5loggingen vedvare i to uker.&nbsp;Hvis du logger ut av kontoen din, vil informasjonskapslene for p\u00e5logging bli fjernet.<\/p>\n\n\n\n<h4 class=\"wp-block-heading\"><strong>Innebygd innhold fra andre nettsteder<\/strong><\/h4>\n\n\n\n<p>Artikler p\u00e5 dette nettstedet kan inneholde innebygd innhold (f.eks. videoer, bilder, artikler osv.).&nbsp;Innebygd innhold fra andre nettsteder oppf\u00f8rer seg p\u00e5 n\u00f8yaktig samme m\u00e5te som om den bes\u00f8kende har bes\u00f8kt den andre nettsiden.<\/p>\n\n\n\n<p>Disse nettstedene kan samle inn data om deg, bruke informasjonskapsler, bygge inn ytterligere tredjepartssporing og overv\u00e5ke interaksjonen din med det innebygde innholdet, inkludert sporing av interaksjonen din med det innebygde innholdet hvis du har en konto og er logget inn p\u00e5 det nettstedet.<\/p>\n\n\n\n<h3 class=\"wp-block-heading\"><strong>Hvor lenge vi beholder dataene dine<\/strong><\/h3>\n\n\n\n<p>Hvis du legger igjen en kommentar, beholdes kommentaren og dens metadata p\u00e5 ubestemt tid.&nbsp;Dette er slik at vi kan gjenkjenne og godkjenne eventuelle oppf\u00f8lgingskommentarer automatisk i stedet for \u00e5 holde dem i en modereringsk\u00f8.<\/p>\n\n\n\n<p>For brukere som registrerer seg p\u00e5 nettstedet v\u00e5rt (hvis noen), lagrer vi ogs\u00e5 personopplysningene de oppgir i brukerprofilen deres.&nbsp;Alle brukere kan se, redigere eller slette sin personlige informasjon n\u00e5r som helst (bortsett fra at de ikke kan endre brukernavnet sitt).&nbsp;Nettstedsadministratorer kan ogs\u00e5 se og redigere denne informasjonen.<\/p>\n\n\n\n<h4 class=\"wp-block-heading\"><strong>Hvilke rettigheter du har over dataene dine<\/strong><\/h4>\n\n\n\n<p>Hvis du har en konto p\u00e5 dette nettstedet, eller har lagt igjen kommentarer, kan du be om \u00e5 motta en eksportert fil med personopplysningene vi har om deg, inkludert data du har gitt oss.&nbsp;Du kan ogs\u00e5 be om at vi sletter alle personopplysninger vi har om deg.&nbsp;Dette inkluderer ikke data vi er forpliktet til \u00e5 beholde for administrative, juridiske eller sikkerhetsmessige form\u00e5l.<\/p>\n","protected":false},"excerpt":{"rendered":"<p>Retur og refusjon Personvernerkl\u00e6ring Retur og refusjon Vi har en 30-dagers retur- og refusjonspolicy, som betyr at du har 30 dager p\u00e5 deg til \u00e5 be om retur.&nbsp;For \u00e5 starte en retur kan du kontakte oss p\u00e5&nbsp;&nbsp;isopllc@gmail.com&nbsp;&nbsp;eller gjennom kontakt oss-skjemaet.&nbsp;S\u00f8rg for at du returnerer en ny vare som ikke er brukt. Skader og problemer&nbsp; Vennligst<br \/><a href=\"https:\/\/isopllc.com\/no\/refund-privacy-policy\/\">Read more&#8230;<\/a><\/p>\n","protected":false},"author":7,"featured_media":0,"parent":0,"menu_order":0,"comment_status":"closed","ping_status":"closed","template":"","meta":{"footnotes":""},"class_list":["post-5072","page","type-page","status-publish","hentry"],"_links":{"self":[{"href":"https:\/\/isopllc.com\/no\/wp-json\/wp\/v2\/pages\/5072","targetHints":{"allow":["GET"]}}],"collection":[{"href":"https:\/\/isopllc.com\/no\/wp-json\/wp\/v2\/pages"}],"about":[{"href":"https:\/\/isopllc.com\/no\/wp-json\/wp\/v2\/types\/page"}],"author":[{"embeddable":true,"href":"https:\/\/isopllc.com\/no\/wp-json\/wp\/v2\/users\/7"}],"replies":[{"embeddable":true,"href":"https:\/\/isopllc.com\/no\/wp-json\/wp\/v2\/comments?post=5072"}],"version-history":[{"count":0,"href":"https:\/\/isopllc.com\/no\/wp-json\/wp\/v2\/pages\/5072\/revisions"}],"wp:attachment":[{"href":"https:\/\/isopllc.com\/no\/wp-json\/wp\/v2\/media?parent=5072"}],"curies":[{"name":"wp","href":"https:\/\/api.w.org\/{rel}","templated":true}]}}